{"id":124830,"date":"2024-06-26T23:17:18","date_gmt":"2024-06-26T21:17:18","guid":{"rendered":"https:\/\/bike-express.ch\/de\/produit\/hsd-p5i-performance-545wh-ne-wh1013b-1\/"},"modified":"2025-11-17T19:41:05","modified_gmt":"2025-11-17T18:41:05","slug":"hsd-p5i-performance-545wh-ne-wh1013b-1","status":"publish","type":"product","link":"https:\/\/bike-express.ch\/de\/produit\/hsd-p5i-performance-545wh-ne-wh1013b-1\/","title":{"rendered":"HSD P5i Performance, 545Wh, Nexus 5 Bosch Smart System, Satin Schwarz"},"content":{"rendered":"<p>HSD P5i Performance, 545Wh, Nexus 5 Bosch Smart System, Satin Schwarz<br \/>\n Das HSD P5i ist ein leicht zu handhabendes, kompaktes E-Cargo-Bike, das mit dem Bosch Smart System und dem Gates-Riemenantrieb ausgestattet ist und eine angenehme Fahrt mit oder ohne Gep\u00e4ck erm\u00f6glicht.<\/p>\n","protected":false},"excerpt":{"rendered":"<p>HSD P5i Performance, 545Wh, Nexus 5 Bosch Smart System, Satin Schwarz Das HSD P5i ist ein leicht zu handhabendes, kompaktes E-Cargo-Bike, das mit dem Bosch Smart System und dem Gates-Riemenantrieb ausgestattet ist und eine angenehme Fahrt mit oder ohne Gep\u00e4ck erm\u00f6glicht.<\/p>\n","protected":false},"featured_media":354388,"template":"","meta":[],"product_brand":[],"product_cat":[11837,11847,116892],"product_tag":[],"class_list":{"0":"post-124830","1":"product","2":"type-product","3":"status-publish","4":"has-post-thumbnail","6":"product_cat-fahrrad-fahrr-fahrraeder-de","7":"product_cat-fahrrad-fahrradteile-de","8":"product_cat-hsd","10":"first","11":"instock","12":"taxable","13":"shipping-taxable","14":"purchasable","15":"product-type-simple"},"yoast_head":"<!-- This site is optimized with the Yoast SEO plugin v27.1.1 - https:\/\/yoast.com\/product\/yoast-seo-wordpress\/ -->\n<title>HSD P5i Performance, 545Wh, Nexus 5 Bosch Smart System, Satin Schwarz - Bike Express<\/title>\n<meta name=\"robots\" content=\"index,follow\" \/>\n<link rel=\"canonical\" href=\"https:\/\/bike-express.ch\/de\/produit\/hsd-p5i-performance-545wh-ne-wh1013b-1\/\" \/>\n<meta property=\"og:locale\" content=\"de_DE\" \/>\n<meta property=\"og:type\" content=\"article\" \/>\n<meta property=\"og:title\" content=\"HSD P5i Performance, 545Wh, Nexus 5 Bosch Smart System, Satin Schwarz - Bike Express\" \/>\n<meta property=\"og:description\" content=\"HSD P5i Performance, 545Wh, Nexus 5 Bosch Smart System, Satin Schwarz Das HSD P5i ist ein leicht zu handhabendes, kompaktes E-Cargo-Bike, das mit dem Bosch Smart System und dem Gates-Riemenantrieb ausgestattet ist und eine angenehme Fahrt mit oder ohne Gep\u00e4ck erm\u00f6glicht.\" \/>\n<meta property=\"og:url\" content=\"https:\/\/bike-express.ch\/de\/produit\/hsd-p5i-performance-545wh-ne-wh1013b-1\/\" \/>\n<meta property=\"og:site_name\" content=\"Bike Express\" \/>\n<meta property=\"article:modified_time\" content=\"2025-11-17T18:41:05+00:00\" \/>\n<meta property=\"og:image\" content=\"https:\/\/bike-express.ch\/wp-content\/uploads\/2025\/04\/WH1013B-1.jpg\" \/>\n\t<meta property=\"og:image:width\" content=\"800\" \/>\n\t<meta property=\"og:image:height\" content=\"533\" \/>\n\t<meta property=\"og:image:type\" content=\"image\/jpeg\" \/>\n<meta name=\"twitter:card\" content=\"summary_large_image\" \/>\n<script type=\"application\/ld+json\" class=\"yoast-schema-graph\">{\"@context\":\"https:\/\/schema.org\",\"@graph\":[{\"@type\":\"WebPage\",\"@id\":\"https:\/\/bike-express.ch\/de\/produit\/hsd-p5i-performance-545wh-ne-wh1013b-1\/\",\"url\":\"https:\/\/bike-express.ch\/de\/produit\/hsd-p5i-performance-545wh-ne-wh1013b-1\/\",\"name\":\"HSD P5i Performance, 545Wh, Nexus 5 Bosch Smart System, Satin Schwarz - Bike Express\",\"isPartOf\":{\"@id\":\"https:\/\/bike-express.ch\/de\/#website\"},\"primaryImageOfPage\":{\"@id\":\"https:\/\/bike-express.ch\/de\/produit\/hsd-p5i-performance-545wh-ne-wh1013b-1\/#primaryimage\"},\"image\":{\"@id\":\"https:\/\/bike-express.ch\/de\/produit\/hsd-p5i-performance-545wh-ne-wh1013b-1\/#primaryimage\"},\"thumbnailUrl\":\"https:\/\/bike-express.ch\/wp-content\/uploads\/2025\/04\/WH1013B-1.jpg\",\"datePublished\":\"2024-06-26T21:17:18+00:00\",\"dateModified\":\"2025-11-17T18:41:05+00:00\",\"breadcrumb\":{\"@id\":\"https:\/\/bike-express.ch\/de\/produit\/hsd-p5i-performance-545wh-ne-wh1013b-1\/#breadcrumb\"},\"inLanguage\":\"de\",\"potentialAction\":[{\"@type\":\"ReadAction\",\"target\":[\"https:\/\/bike-express.ch\/de\/produit\/hsd-p5i-performance-545wh-ne-wh1013b-1\/\"]}]},{\"@type\":\"ImageObject\",\"inLanguage\":\"de\",\"@id\":\"https:\/\/bike-express.ch\/de\/produit\/hsd-p5i-performance-545wh-ne-wh1013b-1\/#primaryimage\",\"url\":\"https:\/\/bike-express.ch\/wp-content\/uploads\/2025\/04\/WH1013B-1.jpg\",\"contentUrl\":\"https:\/\/bike-express.ch\/wp-content\/uploads\/2025\/04\/WH1013B-1.jpg\",\"width\":800,\"height\":533},{\"@type\":\"BreadcrumbList\",\"@id\":\"https:\/\/bike-express.ch\/de\/produit\/hsd-p5i-performance-545wh-ne-wh1013b-1\/#breadcrumb\",\"itemListElement\":[{\"@type\":\"ListItem\",\"position\":1,\"name\":\"Accueil\",\"item\":\"https:\/\/bike-express.ch\/de\/\"},{\"@type\":\"ListItem\",\"position\":2,\"name\":\"Unsere Produkte\",\"item\":\"https:\/\/bike-express.ch\/de\/unsere-produkte\/\"},{\"@type\":\"ListItem\",\"position\":3,\"name\":\"Fahrr\u00e4der\",\"item\":\"https:\/\/bike-express.ch\/de\/categorie-produit\/fahrrad-fahrrader-de\/\"},{\"@type\":\"ListItem\",\"position\":4,\"name\":\"Fahrr\u00e4der\",\"item\":\"https:\/\/bike-express.ch\/de\/categorie-produit\/fahrrad-fahrrader-de\/fahrrad-fahrr-fahrraeder-de\/\"},{\"@type\":\"ListItem\",\"position\":5,\"name\":\"HSD P5i Performance, 545Wh, Nexus 5 Bosch Smart System, Satin Schwarz\"}]},{\"@type\":\"WebSite\",\"@id\":\"https:\/\/bike-express.ch\/de\/#website\",\"url\":\"https:\/\/bike-express.ch\/de\/\",\"name\":\"Bike Express\",\"description\":\"Num\u00e9ro 1 des pi\u00e8ces de v\u00e9los en Suisse\",\"potentialAction\":[{\"@type\":\"SearchAction\",\"target\":{\"@type\":\"EntryPoint\",\"urlTemplate\":\"https:\/\/bike-express.ch\/de\/?s={search_term_string}\"},\"query-input\":{\"@type\":\"PropertyValueSpecification\",\"valueRequired\":true,\"valueName\":\"search_term_string\"}}],\"inLanguage\":\"de\"}]}<\/script>\n<!-- \/ Yoast SEO plugin. -->","yoast_head_json":{"title":"HSD P5i Performance, 545Wh, Nexus 5 Bosch Smart System, Satin Schwarz - Bike Express","robots":{"index,follow":"index,follow"},"canonical":"https:\/\/bike-express.ch\/de\/produit\/hsd-p5i-performance-545wh-ne-wh1013b-1\/","og_locale":"de_DE","og_type":"article","og_title":"HSD P5i Performance, 545Wh, Nexus 5 Bosch Smart System, Satin Schwarz - Bike Express","og_description":"HSD P5i Performance, 545Wh, Nexus 5 Bosch Smart System, Satin Schwarz Das HSD P5i ist ein leicht zu handhabendes, kompaktes E-Cargo-Bike, das mit dem Bosch Smart System und dem Gates-Riemenantrieb ausgestattet ist und eine angenehme Fahrt mit oder ohne Gep\u00e4ck erm\u00f6glicht.","og_url":"https:\/\/bike-express.ch\/de\/produit\/hsd-p5i-performance-545wh-ne-wh1013b-1\/","og_site_name":"Bike Express","article_modified_time":"2025-11-17T18:41:05+00:00","og_image":[{"width":800,"height":533,"url":"https:\/\/bike-express.ch\/wp-content\/uploads\/2025\/04\/WH1013B-1.jpg","type":"image\/jpeg"}],"twitter_card":"summary_large_image","schema":{"@context":"https:\/\/schema.org","@graph":[{"@type":"WebPage","@id":"https:\/\/bike-express.ch\/de\/produit\/hsd-p5i-performance-545wh-ne-wh1013b-1\/","url":"https:\/\/bike-express.ch\/de\/produit\/hsd-p5i-performance-545wh-ne-wh1013b-1\/","name":"HSD P5i Performance, 545Wh, Nexus 5 Bosch Smart System, Satin Schwarz - Bike Express","isPartOf":{"@id":"https:\/\/bike-express.ch\/de\/#website"},"primaryImageOfPage":{"@id":"https:\/\/bike-express.ch\/de\/produit\/hsd-p5i-performance-545wh-ne-wh1013b-1\/#primaryimage"},"image":{"@id":"https:\/\/bike-express.ch\/de\/produit\/hsd-p5i-performance-545wh-ne-wh1013b-1\/#primaryimage"},"thumbnailUrl":"https:\/\/bike-express.ch\/wp-content\/uploads\/2025\/04\/WH1013B-1.jpg","datePublished":"2024-06-26T21:17:18+00:00","dateModified":"2025-11-17T18:41:05+00:00","breadcrumb":{"@id":"https:\/\/bike-express.ch\/de\/produit\/hsd-p5i-performance-545wh-ne-wh1013b-1\/#breadcrumb"},"inLanguage":"de","potentialAction":[{"@type":"ReadAction","target":["https:\/\/bike-express.ch\/de\/produit\/hsd-p5i-performance-545wh-ne-wh1013b-1\/"]}]},{"@type":"ImageObject","inLanguage":"de","@id":"https:\/\/bike-express.ch\/de\/produit\/hsd-p5i-performance-545wh-ne-wh1013b-1\/#primaryimage","url":"https:\/\/bike-express.ch\/wp-content\/uploads\/2025\/04\/WH1013B-1.jpg","contentUrl":"https:\/\/bike-express.ch\/wp-content\/uploads\/2025\/04\/WH1013B-1.jpg","width":800,"height":533},{"@type":"BreadcrumbList","@id":"https:\/\/bike-express.ch\/de\/produit\/hsd-p5i-performance-545wh-ne-wh1013b-1\/#breadcrumb","itemListElement":[{"@type":"ListItem","position":1,"name":"Accueil","item":"https:\/\/bike-express.ch\/de\/"},{"@type":"ListItem","position":2,"name":"Unsere Produkte","item":"https:\/\/bike-express.ch\/de\/unsere-produkte\/"},{"@type":"ListItem","position":3,"name":"Fahrr\u00e4der","item":"https:\/\/bike-express.ch\/de\/categorie-produit\/fahrrad-fahrrader-de\/"},{"@type":"ListItem","position":4,"name":"Fahrr\u00e4der","item":"https:\/\/bike-express.ch\/de\/categorie-produit\/fahrrad-fahrrader-de\/fahrrad-fahrr-fahrraeder-de\/"},{"@type":"ListItem","position":5,"name":"HSD P5i Performance, 545Wh, Nexus 5 Bosch Smart System, Satin Schwarz"}]},{"@type":"WebSite","@id":"https:\/\/bike-express.ch\/de\/#website","url":"https:\/\/bike-express.ch\/de\/","name":"Bike Express","description":"Num\u00e9ro 1 des pi\u00e8ces de v\u00e9los en Suisse","potentialAction":[{"@type":"SearchAction","target":{"@type":"EntryPoint","urlTemplate":"https:\/\/bike-express.ch\/de\/?s={search_term_string}"},"query-input":{"@type":"PropertyValueSpecification","valueRequired":true,"valueName":"search_term_string"}}],"inLanguage":"de"}]}},"_links":{"self":[{"href":"https:\/\/bike-express.ch\/de\/wp-json\/wp\/v2\/product\/124830","targetHints":{"allow":["GET"]}}],"collection":[{"href":"https:\/\/bike-express.ch\/de\/wp-json\/wp\/v2\/product"}],"about":[{"href":"https:\/\/bike-express.ch\/de\/wp-json\/wp\/v2\/types\/product"}],"wp:featuredmedia":[{"embeddable":true,"href":"https:\/\/bike-express.ch\/de\/wp-json\/wp\/v2\/media\/354388"}],"wp:attachment":[{"href":"https:\/\/bike-express.ch\/de\/wp-json\/wp\/v2\/media?parent=124830"}],"wp:term":[{"taxonomy":"product_brand","embeddable":true,"href":"https:\/\/bike-express.ch\/de\/wp-json\/wp\/v2\/product_brand?post=124830"},{"taxonomy":"product_cat","embeddable":true,"href":"https:\/\/bike-express.ch\/de\/wp-json\/wp\/v2\/product_cat?post=124830"},{"taxonomy":"product_tag","embeddable":true,"href":"https:\/\/bike-express.ch\/de\/wp-json\/wp\/v2\/product_tag?post=124830"}],"curies":[{"name":"wp","href":"https:\/\/api.w.org\/{rel}","templated":true}]}}