{"id":132068,"date":"2024-06-26T23:43:23","date_gmt":"2024-06-26T21:43:23","guid":{"rendered":""},"modified":"2024-06-26T23:43:23","modified_gmt":"2024-06-26T21:43:23","slug":"tcs-al-max-flow-presta-valve-4-h9055p","status":"publish","type":"product","link":"https:\/\/bike-express.ch\/de\/produit\/tcs-al-max-flow-presta-valve-4-h9055p\/","title":{"rendered":"TCS AL Max-Flow Presta Valve 44mm 2 Pcs"},"content":{"rendered":"<p>TCS AL Max-Flow Presta Valve 44mm 2 Pcs<\/p>\n","protected":false},"excerpt":{"rendered":"<p>TCS AL Max-Flow Presta Valve 44mm 2 Pcs<\/p>\n","protected":false},"featured_media":234626,"template":"","meta":[],"product_brand":[118188],"product_cat":[11847,11901,117457],"product_tag":[],"class_list":{"0":"post-132068","1":"product","2":"type-product","3":"status-publish","4":"has-post-thumbnail","6":"product_brand-wtb","7":"product_cat-fahrrad-fahrradteile-de","8":"product_cat-fahrrad-fahrr-schutzbleche-de","9":"product_cat-tubeless-accessoires","11":"first","12":"instock","13":"taxable","14":"shipping-taxable","15":"purchasable","16":"product-type-simple"},"yoast_head":"<!-- This site is optimized with the Yoast SEO plugin v27.1.1 - https:\/\/yoast.com\/product\/yoast-seo-wordpress\/ -->\n<title>TCS AL Max-Flow Presta Valve 44mm 2 Pcs - Bike Express<\/title>\n<meta name=\"robots\" content=\"index,follow\" \/>\n<link rel=\"canonical\" href=\"https:\/\/bike-express.ch\/de\/produit\/tcs-al-max-flow-presta-valve-4-h9055p\/\" \/>\n<meta property=\"og:locale\" content=\"de_DE\" \/>\n<meta property=\"og:type\" content=\"article\" \/>\n<meta property=\"og:title\" content=\"TCS AL Max-Flow Presta Valve 44mm 2 Pcs - Bike Express\" \/>\n<meta property=\"og:description\" content=\"TCS AL Max-Flow Presta Valve 44mm 2 Pcs\" \/>\n<meta property=\"og:url\" content=\"https:\/\/bike-express.ch\/de\/produit\/tcs-al-max-flow-presta-valve-4-h9055p\/\" \/>\n<meta property=\"og:site_name\" content=\"Bike Express\" \/>\n<meta name=\"twitter:card\" content=\"summary_large_image\" \/>\n<script type=\"application\/ld+json\" class=\"yoast-schema-graph\">{\"@context\":\"https:\/\/schema.org\",\"@graph\":[{\"@type\":\"WebPage\",\"@id\":\"https:\/\/bike-express.ch\/de\/produit\/tcs-al-max-flow-presta-valve-4-h9055p\/\",\"url\":\"https:\/\/bike-express.ch\/de\/produit\/tcs-al-max-flow-presta-valve-4-h9055p\/\",\"name\":\"TCS AL Max-Flow Presta Valve 44mm 2 Pcs - Bike Express\",\"isPartOf\":{\"@id\":\"https:\/\/bike-express.ch\/de\/#website\"},\"primaryImageOfPage\":{\"@id\":\"https:\/\/bike-express.ch\/de\/produit\/tcs-al-max-flow-presta-valve-4-h9055p\/#primaryimage\"},\"image\":{\"@id\":\"https:\/\/bike-express.ch\/de\/produit\/tcs-al-max-flow-presta-valve-4-h9055p\/#primaryimage\"},\"thumbnailUrl\":\"https:\/\/bike-express.ch\/wp-content\/uploads\/2024\/08\/H9055P.jpg\",\"datePublished\":\"2024-06-26T21:43:23+00:00\",\"breadcrumb\":{\"@id\":\"https:\/\/bike-express.ch\/de\/produit\/tcs-al-max-flow-presta-valve-4-h9055p\/#breadcrumb\"},\"inLanguage\":\"de\",\"potentialAction\":[{\"@type\":\"ReadAction\",\"target\":[\"https:\/\/bike-express.ch\/de\/produit\/tcs-al-max-flow-presta-valve-4-h9055p\/\"]}]},{\"@type\":\"ImageObject\",\"inLanguage\":\"de\",\"@id\":\"https:\/\/bike-express.ch\/de\/produit\/tcs-al-max-flow-presta-valve-4-h9055p\/#primaryimage\",\"url\":\"https:\/\/bike-express.ch\/wp-content\/uploads\/2024\/08\/H9055P.jpg\",\"contentUrl\":\"https:\/\/bike-express.ch\/wp-content\/uploads\/2024\/08\/H9055P.jpg\",\"width\":800,\"height\":533},{\"@type\":\"BreadcrumbList\",\"@id\":\"https:\/\/bike-express.ch\/de\/produit\/tcs-al-max-flow-presta-valve-4-h9055p\/#breadcrumb\",\"itemListElement\":[{\"@type\":\"ListItem\",\"position\":1,\"name\":\"Accueil\",\"item\":\"https:\/\/bike-express.ch\/de\/\"},{\"@type\":\"ListItem\",\"position\":2,\"name\":\"Unsere Produkte\",\"item\":\"https:\/\/bike-express.ch\/de\/unsere-produkte\/\"},{\"@type\":\"ListItem\",\"position\":3,\"name\":\"Fahrradteile\",\"item\":\"https:\/\/bike-express.ch\/de\/categorie-produit\/fahrrad-fahrradteile-de\/\"},{\"@type\":\"ListItem\",\"position\":4,\"name\":\"Reifen &amp; Schl\u00e4uche\",\"item\":\"https:\/\/bike-express.ch\/de\/categorie-produit\/fahrrad-fahrradteile-de\/fahrrad-fahrr-reifen-schlauche-de\/\"},{\"@type\":\"ListItem\",\"position\":5,\"name\":\"Schlauchlos\",\"item\":\"https:\/\/bike-express.ch\/de\/categorie-produit\/fahrrad-fahrradteile-de\/fahrrad-fahrr-reifen-schlauche-de\/schlauchlos-de\/\"},{\"@type\":\"ListItem\",\"position\":6,\"name\":\"TCS AL Max-Flow Presta Valve 44mm 2 Pcs\"}]},{\"@type\":\"WebSite\",\"@id\":\"https:\/\/bike-express.ch\/de\/#website\",\"url\":\"https:\/\/bike-express.ch\/de\/\",\"name\":\"Bike Express\",\"description\":\"Num\u00e9ro 1 des pi\u00e8ces de v\u00e9los en Suisse\",\"potentialAction\":[{\"@type\":\"SearchAction\",\"target\":{\"@type\":\"EntryPoint\",\"urlTemplate\":\"https:\/\/bike-express.ch\/de\/?s={search_term_string}\"},\"query-input\":{\"@type\":\"PropertyValueSpecification\",\"valueRequired\":true,\"valueName\":\"search_term_string\"}}],\"inLanguage\":\"de\"}]}<\/script>\n<!-- \/ Yoast SEO plugin. -->","yoast_head_json":{"title":"TCS AL Max-Flow Presta Valve 44mm 2 Pcs - Bike Express","robots":{"index,follow":"index,follow"},"canonical":"https:\/\/bike-express.ch\/de\/produit\/tcs-al-max-flow-presta-valve-4-h9055p\/","og_locale":"de_DE","og_type":"article","og_title":"TCS AL Max-Flow Presta Valve 44mm 2 Pcs - Bike Express","og_description":"TCS AL Max-Flow Presta Valve 44mm 2 Pcs","og_url":"https:\/\/bike-express.ch\/de\/produit\/tcs-al-max-flow-presta-valve-4-h9055p\/","og_site_name":"Bike Express","twitter_card":"summary_large_image","schema":{"@context":"https:\/\/schema.org","@graph":[{"@type":"WebPage","@id":"https:\/\/bike-express.ch\/de\/produit\/tcs-al-max-flow-presta-valve-4-h9055p\/","url":"https:\/\/bike-express.ch\/de\/produit\/tcs-al-max-flow-presta-valve-4-h9055p\/","name":"TCS AL Max-Flow Presta Valve 44mm 2 Pcs - Bike Express","isPartOf":{"@id":"https:\/\/bike-express.ch\/de\/#website"},"primaryImageOfPage":{"@id":"https:\/\/bike-express.ch\/de\/produit\/tcs-al-max-flow-presta-valve-4-h9055p\/#primaryimage"},"image":{"@id":"https:\/\/bike-express.ch\/de\/produit\/tcs-al-max-flow-presta-valve-4-h9055p\/#primaryimage"},"thumbnailUrl":"https:\/\/bike-express.ch\/wp-content\/uploads\/2024\/08\/H9055P.jpg","datePublished":"2024-06-26T21:43:23+00:00","breadcrumb":{"@id":"https:\/\/bike-express.ch\/de\/produit\/tcs-al-max-flow-presta-valve-4-h9055p\/#breadcrumb"},"inLanguage":"de","potentialAction":[{"@type":"ReadAction","target":["https:\/\/bike-express.ch\/de\/produit\/tcs-al-max-flow-presta-valve-4-h9055p\/"]}]},{"@type":"ImageObject","inLanguage":"de","@id":"https:\/\/bike-express.ch\/de\/produit\/tcs-al-max-flow-presta-valve-4-h9055p\/#primaryimage","url":"https:\/\/bike-express.ch\/wp-content\/uploads\/2024\/08\/H9055P.jpg","contentUrl":"https:\/\/bike-express.ch\/wp-content\/uploads\/2024\/08\/H9055P.jpg","width":800,"height":533},{"@type":"BreadcrumbList","@id":"https:\/\/bike-express.ch\/de\/produit\/tcs-al-max-flow-presta-valve-4-h9055p\/#breadcrumb","itemListElement":[{"@type":"ListItem","position":1,"name":"Accueil","item":"https:\/\/bike-express.ch\/de\/"},{"@type":"ListItem","position":2,"name":"Unsere Produkte","item":"https:\/\/bike-express.ch\/de\/unsere-produkte\/"},{"@type":"ListItem","position":3,"name":"Fahrradteile","item":"https:\/\/bike-express.ch\/de\/categorie-produit\/fahrrad-fahrradteile-de\/"},{"@type":"ListItem","position":4,"name":"Reifen &amp; Schl\u00e4uche","item":"https:\/\/bike-express.ch\/de\/categorie-produit\/fahrrad-fahrradteile-de\/fahrrad-fahrr-reifen-schlauche-de\/"},{"@type":"ListItem","position":5,"name":"Schlauchlos","item":"https:\/\/bike-express.ch\/de\/categorie-produit\/fahrrad-fahrradteile-de\/fahrrad-fahrr-reifen-schlauche-de\/schlauchlos-de\/"},{"@type":"ListItem","position":6,"name":"TCS AL Max-Flow Presta Valve 44mm 2 Pcs"}]},{"@type":"WebSite","@id":"https:\/\/bike-express.ch\/de\/#website","url":"https:\/\/bike-express.ch\/de\/","name":"Bike Express","description":"Num\u00e9ro 1 des pi\u00e8ces de v\u00e9los en Suisse","potentialAction":[{"@type":"SearchAction","target":{"@type":"EntryPoint","urlTemplate":"https:\/\/bike-express.ch\/de\/?s={search_term_string}"},"query-input":{"@type":"PropertyValueSpecification","valueRequired":true,"valueName":"search_term_string"}}],"inLanguage":"de"}]}},"_links":{"self":[{"href":"https:\/\/bike-express.ch\/de\/wp-json\/wp\/v2\/product\/132068","targetHints":{"allow":["GET"]}}],"collection":[{"href":"https:\/\/bike-express.ch\/de\/wp-json\/wp\/v2\/product"}],"about":[{"href":"https:\/\/bike-express.ch\/de\/wp-json\/wp\/v2\/types\/product"}],"wp:featuredmedia":[{"embeddable":true,"href":"https:\/\/bike-express.ch\/de\/wp-json\/wp\/v2\/media\/234626"}],"wp:attachment":[{"href":"https:\/\/bike-express.ch\/de\/wp-json\/wp\/v2\/media?parent=132068"}],"wp:term":[{"taxonomy":"product_brand","embeddable":true,"href":"https:\/\/bike-express.ch\/de\/wp-json\/wp\/v2\/product_brand?post=132068"},{"taxonomy":"product_cat","embeddable":true,"href":"https:\/\/bike-express.ch\/de\/wp-json\/wp\/v2\/product_cat?post=132068"},{"taxonomy":"product_tag","embeddable":true,"href":"https:\/\/bike-express.ch\/de\/wp-json\/wp\/v2\/product_tag?post=132068"}],"curies":[{"name":"wp","href":"https:\/\/api.w.org\/{rel}","templated":true}]}}