{"id":282690,"date":"2024-08-23T19:13:21","date_gmt":"2024-08-23T17:13:21","guid":{"rendered":"https:\/\/bike-express.ch\/produit\/nbd-s5i-performance-500wh-bro-wh1002l-1\/"},"modified":"2024-11-19T11:52:42","modified_gmt":"2024-11-19T10:52:42","slug":"nbd-s5i-performance-500wh-bro-wh1002l-1-2","status":"publish","type":"product","link":"https:\/\/bike-express.ch\/de\/produit\/nbd-s5i-performance-500wh-bro-wh1002l-1-2\/","title":{"rendered":"NBD S5i Performance 500Wh, bronze Shimano Nexus 5"},"content":{"rendered":"<p>NBD S5i Performance 500Wh, bronze Shimano Nexus 5<\/p>\n<p>Smiles for Miles<\/p>\n<p>Klein in der Gr\u00f6sse, aber gross im L\u00e4cheln, ist das NBD ein einfach zu fahrendes E-Bike mit extrem niedrigem Durchsteig, das bequem und einladend ist &#8211; genau wie Ihr Wunschrad sein sollte. Egal, ob Sie ein erfahrener Fahrer sind oder gerade \u00fcber Ihr erstes E-Bike nachdenken, und egal, ob Sie schnell einkaufen gehen oder sich mit Ihrem Kind auf ein neues Abenteuer begeben, das NBD wird Ihnen ein L\u00e4cheln ins Gesicht zaubern.<\/p>\n<p>Bedienungsanleitung<\/p>\n<p>Tipp:<br \/>\nWenn Sie einen Kindersitz montieren m\u00f6chten, montieren Sie das ABUS B\u00fcgelschloss an der Gabel, ansonsten l\u00e4sst sich das Schloss nicht mehr bedienen.<\/p>\n","protected":false},"excerpt":{"rendered":"<p>NBD S5i Performance 500Wh, bronze Shimano Nexus 5 Smiles for Miles Klein in der Gr\u00f6sse, aber gross im L\u00e4cheln, ist das NBD ein einfach zu fahrendes E-Bike mit extrem niedrigem Durchsteig, das bequem und einladend ist &#8211; genau wie Ihr Wunschrad sein sollte. Egal, ob Sie ein erfahrener Fahrer sind oder gerade \u00fcber Ihr erstes [&#8230;]\n","protected":false},"featured_media":196511,"template":"","meta":[],"product_brand":[],"product_cat":[11847,116895],"product_tag":[],"class_list":{"0":"post-282690","1":"product","2":"type-product","3":"status-publish","4":"has-post-thumbnail","6":"product_cat-fahrrad-fahrradteile-de","7":"product_cat-nbd","9":"first","10":"instock","11":"taxable","12":"shipping-taxable","13":"purchasable","14":"product-type-simple"},"yoast_head":"<!-- This site is optimized with the Yoast SEO plugin v27.1.1 - https:\/\/yoast.com\/product\/yoast-seo-wordpress\/ -->\n<title>NBD S5i Performance 500Wh, bronze Shimano Nexus 5 - Bike Express<\/title>\n<meta name=\"robots\" content=\"index,follow\" \/>\n<link rel=\"canonical\" href=\"https:\/\/bike-express.ch\/de\/produit\/nbd-s5i-performance-500wh-bro-wh1002l-1-2\/\" \/>\n<meta property=\"og:locale\" content=\"de_DE\" \/>\n<meta property=\"og:type\" content=\"article\" \/>\n<meta property=\"og:title\" content=\"NBD S5i Performance 500Wh, bronze Shimano Nexus 5 - Bike Express\" \/>\n<meta property=\"og:description\" content=\"NBD S5i Performance 500Wh, bronze Shimano Nexus 5 Smiles for Miles Klein in der Gr\u00f6sse, aber gross im L\u00e4cheln, ist das NBD ein einfach zu fahrendes E-Bike mit extrem niedrigem Durchsteig, das bequem und einladend ist &#8211; genau wie Ihr Wunschrad sein sollte. Egal, ob Sie ein erfahrener Fahrer sind oder gerade \u00fcber Ihr erstes [...]\" \/>\n<meta property=\"og:url\" content=\"https:\/\/bike-express.ch\/de\/produit\/nbd-s5i-performance-500wh-bro-wh1002l-1-2\/\" \/>\n<meta property=\"og:site_name\" content=\"Bike Express\" \/>\n<meta property=\"article:modified_time\" content=\"2024-11-19T10:52:42+00:00\" \/>\n<meta property=\"og:image\" content=\"https:\/\/bike-express.ch\/wp-content\/uploads\/2024\/08\/WH1002L-1.jpg\" \/>\n\t<meta property=\"og:image:width\" content=\"1920\" \/>\n\t<meta property=\"og:image:height\" content=\"1280\" \/>\n\t<meta property=\"og:image:type\" content=\"image\/jpeg\" \/>\n<meta name=\"twitter:card\" content=\"summary_large_image\" \/>\n<meta name=\"twitter:label1\" content=\"Gesch\u00e4tzte Lesezeit\" \/>\n\t<meta name=\"twitter:data1\" content=\"1\u00a0Minute\" \/>\n<script type=\"application\/ld+json\" class=\"yoast-schema-graph\">{\"@context\":\"https:\/\/schema.org\",\"@graph\":[{\"@type\":\"WebPage\",\"@id\":\"https:\/\/bike-express.ch\/de\/produit\/nbd-s5i-performance-500wh-bro-wh1002l-1-2\/\",\"url\":\"https:\/\/bike-express.ch\/de\/produit\/nbd-s5i-performance-500wh-bro-wh1002l-1-2\/\",\"name\":\"NBD S5i Performance 500Wh, bronze Shimano Nexus 5 - Bike Express\",\"isPartOf\":{\"@id\":\"https:\/\/bike-express.ch\/de\/#website\"},\"primaryImageOfPage\":{\"@id\":\"https:\/\/bike-express.ch\/de\/produit\/nbd-s5i-performance-500wh-bro-wh1002l-1-2\/#primaryimage\"},\"image\":{\"@id\":\"https:\/\/bike-express.ch\/de\/produit\/nbd-s5i-performance-500wh-bro-wh1002l-1-2\/#primaryimage\"},\"thumbnailUrl\":\"https:\/\/bike-express.ch\/wp-content\/uploads\/2024\/08\/WH1002L-1.jpg\",\"datePublished\":\"2024-08-23T17:13:21+00:00\",\"dateModified\":\"2024-11-19T10:52:42+00:00\",\"breadcrumb\":{\"@id\":\"https:\/\/bike-express.ch\/de\/produit\/nbd-s5i-performance-500wh-bro-wh1002l-1-2\/#breadcrumb\"},\"inLanguage\":\"de\",\"potentialAction\":[{\"@type\":\"ReadAction\",\"target\":[\"https:\/\/bike-express.ch\/de\/produit\/nbd-s5i-performance-500wh-bro-wh1002l-1-2\/\"]}]},{\"@type\":\"ImageObject\",\"inLanguage\":\"de\",\"@id\":\"https:\/\/bike-express.ch\/de\/produit\/nbd-s5i-performance-500wh-bro-wh1002l-1-2\/#primaryimage\",\"url\":\"https:\/\/bike-express.ch\/wp-content\/uploads\/2024\/08\/WH1002L-1.jpg\",\"contentUrl\":\"https:\/\/bike-express.ch\/wp-content\/uploads\/2024\/08\/WH1002L-1.jpg\",\"width\":1920,\"height\":1280},{\"@type\":\"BreadcrumbList\",\"@id\":\"https:\/\/bike-express.ch\/de\/produit\/nbd-s5i-performance-500wh-bro-wh1002l-1-2\/#breadcrumb\",\"itemListElement\":[{\"@type\":\"ListItem\",\"position\":1,\"name\":\"Accueil\",\"item\":\"https:\/\/bike-express.ch\/de\/\"},{\"@type\":\"ListItem\",\"position\":2,\"name\":\"Unsere Produkte\",\"item\":\"https:\/\/bike-express.ch\/de\/unsere-produkte\/\"},{\"@type\":\"ListItem\",\"position\":3,\"name\":\"Fahrr\u00e4der\",\"item\":\"https:\/\/bike-express.ch\/de\/categorie-produit\/fahrrad-fahrrader-de\/\"},{\"@type\":\"ListItem\",\"position\":4,\"name\":\"E-Bikes\",\"item\":\"https:\/\/bike-express.ch\/de\/categorie-produit\/fahrrad-fahrrader-de\/fahrrad-fahrr-e-bikes-de\/\"},{\"@type\":\"ListItem\",\"position\":5,\"name\":\"E-Bikes City\/Trekking 25 km\/h\",\"item\":\"https:\/\/bike-express.ch\/de\/categorie-produit\/fahrrad-fahrrader-de\/fahrrad-fahrr-e-bikes-de\/fahrrad-e-bik-e-bikes-city-trekking-25-km-h-de\/\"},{\"@type\":\"ListItem\",\"position\":6,\"name\":\"NBD S5i Performance 500Wh, bronze Shimano Nexus 5\"}]},{\"@type\":\"WebSite\",\"@id\":\"https:\/\/bike-express.ch\/de\/#website\",\"url\":\"https:\/\/bike-express.ch\/de\/\",\"name\":\"Bike Express\",\"description\":\"Num\u00e9ro 1 des pi\u00e8ces de v\u00e9los en Suisse\",\"potentialAction\":[{\"@type\":\"SearchAction\",\"target\":{\"@type\":\"EntryPoint\",\"urlTemplate\":\"https:\/\/bike-express.ch\/de\/?s={search_term_string}\"},\"query-input\":{\"@type\":\"PropertyValueSpecification\",\"valueRequired\":true,\"valueName\":\"search_term_string\"}}],\"inLanguage\":\"de\"}]}<\/script>\n<!-- \/ Yoast SEO plugin. -->","yoast_head_json":{"title":"NBD S5i Performance 500Wh, bronze Shimano Nexus 5 - Bike Express","robots":{"index,follow":"index,follow"},"canonical":"https:\/\/bike-express.ch\/de\/produit\/nbd-s5i-performance-500wh-bro-wh1002l-1-2\/","og_locale":"de_DE","og_type":"article","og_title":"NBD S5i Performance 500Wh, bronze Shimano Nexus 5 - Bike Express","og_description":"NBD S5i Performance 500Wh, bronze Shimano Nexus 5 Smiles for Miles Klein in der Gr\u00f6sse, aber gross im L\u00e4cheln, ist das NBD ein einfach zu fahrendes E-Bike mit extrem niedrigem Durchsteig, das bequem und einladend ist &#8211; genau wie Ihr Wunschrad sein sollte. Egal, ob Sie ein erfahrener Fahrer sind oder gerade \u00fcber Ihr erstes [...]","og_url":"https:\/\/bike-express.ch\/de\/produit\/nbd-s5i-performance-500wh-bro-wh1002l-1-2\/","og_site_name":"Bike Express","article_modified_time":"2024-11-19T10:52:42+00:00","og_image":[{"width":1920,"height":1280,"url":"https:\/\/bike-express.ch\/wp-content\/uploads\/2024\/08\/WH1002L-1.jpg","type":"image\/jpeg"}],"twitter_card":"summary_large_image","twitter_misc":{"Gesch\u00e4tzte Lesezeit":"1\u00a0Minute"},"schema":{"@context":"https:\/\/schema.org","@graph":[{"@type":"WebPage","@id":"https:\/\/bike-express.ch\/de\/produit\/nbd-s5i-performance-500wh-bro-wh1002l-1-2\/","url":"https:\/\/bike-express.ch\/de\/produit\/nbd-s5i-performance-500wh-bro-wh1002l-1-2\/","name":"NBD S5i Performance 500Wh, bronze Shimano Nexus 5 - Bike Express","isPartOf":{"@id":"https:\/\/bike-express.ch\/de\/#website"},"primaryImageOfPage":{"@id":"https:\/\/bike-express.ch\/de\/produit\/nbd-s5i-performance-500wh-bro-wh1002l-1-2\/#primaryimage"},"image":{"@id":"https:\/\/bike-express.ch\/de\/produit\/nbd-s5i-performance-500wh-bro-wh1002l-1-2\/#primaryimage"},"thumbnailUrl":"https:\/\/bike-express.ch\/wp-content\/uploads\/2024\/08\/WH1002L-1.jpg","datePublished":"2024-08-23T17:13:21+00:00","dateModified":"2024-11-19T10:52:42+00:00","breadcrumb":{"@id":"https:\/\/bike-express.ch\/de\/produit\/nbd-s5i-performance-500wh-bro-wh1002l-1-2\/#breadcrumb"},"inLanguage":"de","potentialAction":[{"@type":"ReadAction","target":["https:\/\/bike-express.ch\/de\/produit\/nbd-s5i-performance-500wh-bro-wh1002l-1-2\/"]}]},{"@type":"ImageObject","inLanguage":"de","@id":"https:\/\/bike-express.ch\/de\/produit\/nbd-s5i-performance-500wh-bro-wh1002l-1-2\/#primaryimage","url":"https:\/\/bike-express.ch\/wp-content\/uploads\/2024\/08\/WH1002L-1.jpg","contentUrl":"https:\/\/bike-express.ch\/wp-content\/uploads\/2024\/08\/WH1002L-1.jpg","width":1920,"height":1280},{"@type":"BreadcrumbList","@id":"https:\/\/bike-express.ch\/de\/produit\/nbd-s5i-performance-500wh-bro-wh1002l-1-2\/#breadcrumb","itemListElement":[{"@type":"ListItem","position":1,"name":"Accueil","item":"https:\/\/bike-express.ch\/de\/"},{"@type":"ListItem","position":2,"name":"Unsere Produkte","item":"https:\/\/bike-express.ch\/de\/unsere-produkte\/"},{"@type":"ListItem","position":3,"name":"Fahrr\u00e4der","item":"https:\/\/bike-express.ch\/de\/categorie-produit\/fahrrad-fahrrader-de\/"},{"@type":"ListItem","position":4,"name":"E-Bikes","item":"https:\/\/bike-express.ch\/de\/categorie-produit\/fahrrad-fahrrader-de\/fahrrad-fahrr-e-bikes-de\/"},{"@type":"ListItem","position":5,"name":"E-Bikes City\/Trekking 25 km\/h","item":"https:\/\/bike-express.ch\/de\/categorie-produit\/fahrrad-fahrrader-de\/fahrrad-fahrr-e-bikes-de\/fahrrad-e-bik-e-bikes-city-trekking-25-km-h-de\/"},{"@type":"ListItem","position":6,"name":"NBD S5i Performance 500Wh, bronze Shimano Nexus 5"}]},{"@type":"WebSite","@id":"https:\/\/bike-express.ch\/de\/#website","url":"https:\/\/bike-express.ch\/de\/","name":"Bike Express","description":"Num\u00e9ro 1 des pi\u00e8ces de v\u00e9los en Suisse","potentialAction":[{"@type":"SearchAction","target":{"@type":"EntryPoint","urlTemplate":"https:\/\/bike-express.ch\/de\/?s={search_term_string}"},"query-input":{"@type":"PropertyValueSpecification","valueRequired":true,"valueName":"search_term_string"}}],"inLanguage":"de"}]}},"_links":{"self":[{"href":"https:\/\/bike-express.ch\/de\/wp-json\/wp\/v2\/product\/282690","targetHints":{"allow":["GET"]}}],"collection":[{"href":"https:\/\/bike-express.ch\/de\/wp-json\/wp\/v2\/product"}],"about":[{"href":"https:\/\/bike-express.ch\/de\/wp-json\/wp\/v2\/types\/product"}],"wp:featuredmedia":[{"embeddable":true,"href":"https:\/\/bike-express.ch\/de\/wp-json\/wp\/v2\/media\/196511"}],"wp:attachment":[{"href":"https:\/\/bike-express.ch\/de\/wp-json\/wp\/v2\/media?parent=282690"}],"wp:term":[{"taxonomy":"product_brand","embeddable":true,"href":"https:\/\/bike-express.ch\/de\/wp-json\/wp\/v2\/product_brand?post=282690"},{"taxonomy":"product_cat","embeddable":true,"href":"https:\/\/bike-express.ch\/de\/wp-json\/wp\/v2\/product_cat?post=282690"},{"taxonomy":"product_tag","embeddable":true,"href":"https:\/\/bike-express.ch\/de\/wp-json\/wp\/v2\/product_tag?post=282690"}],"curies":[{"name":"wp","href":"https:\/\/api.w.org\/{rel}","templated":true}]}}