{"id":300402,"date":"2024-08-24T05:48:18","date_gmt":"2024-08-24T03:48:18","guid":{"rendered":"https:\/\/bike-express.ch\/produit\/regenjacke-stormshield-3-0-sch-h8283d\/"},"modified":"2024-11-28T10:06:52","modified_gmt":"2024-11-28T09:06:52","slug":"regenjacke-stormshield-3-0-sch-h8283d-2","status":"publish","type":"product","link":"https:\/\/bike-express.ch\/de\/produit\/regenjacke-stormshield-3-0-sch-h8283d-2\/","title":{"rendered":"Regenjacke Stormshield 3.0 schwarz Gr.S wasserdicht, atmungsaktiv, Stretch"},"content":{"rendered":"<p>Regenjacke Stormshield 3.0 schwarz Gr.S wasserdicht, atmungsaktiv, Stretch<\/p>\n","protected":false},"excerpt":{"rendered":"<p>Regenjacke Stormshield 3.0 schwarz Gr.S wasserdicht, atmungsaktiv, Stretch<\/p>\n","protected":false},"featured_media":300403,"template":"","meta":[],"product_brand":[118187],"product_cat":[12092,11847,117268,116169],"product_tag":[],"class_list":{"0":"post-300402","1":"product","2":"type-product","3":"status-publish","4":"has-post-thumbnail","6":"product_brand-bbb","7":"product_cat-fahrrad-bekleidung-ausrustung-de","8":"product_cat-fahrrad-fahrradteile-de","9":"product_cat-pluie-vent","10":"product_cat-vetements-et-equipements","12":"first","13":"instock","14":"taxable","15":"shipping-taxable","16":"purchasable","17":"product-type-simple"},"yoast_head":"<!-- This site is optimized with the Yoast SEO plugin v27.1.1 - https:\/\/yoast.com\/product\/yoast-seo-wordpress\/ -->\n<title>Regenjacke Stormshield 3.0 schwarz Gr.S wasserdicht, atmungsaktiv, Stretch - Bike Express<\/title>\n<meta name=\"robots\" content=\"index,follow\" \/>\n<link rel=\"canonical\" href=\"https:\/\/bike-express.ch\/de\/produit\/regenjacke-stormshield-3-0-sch-h8283d-2\/\" \/>\n<meta property=\"og:locale\" content=\"de_DE\" \/>\n<meta property=\"og:type\" content=\"article\" \/>\n<meta property=\"og:title\" content=\"Regenjacke Stormshield 3.0 schwarz Gr.S wasserdicht, atmungsaktiv, Stretch - Bike Express\" \/>\n<meta property=\"og:description\" content=\"Regenjacke Stormshield 3.0 schwarz Gr.S wasserdicht, atmungsaktiv, Stretch\" \/>\n<meta property=\"og:url\" content=\"https:\/\/bike-express.ch\/de\/produit\/regenjacke-stormshield-3-0-sch-h8283d-2\/\" \/>\n<meta property=\"og:site_name\" content=\"Bike Express\" \/>\n<meta property=\"article:modified_time\" content=\"2024-11-28T09:06:52+00:00\" \/>\n<meta property=\"og:image\" content=\"https:\/\/bike-express.ch\/wp-content\/uploads\/2024\/08\/H8283D.jpg\" \/>\n\t<meta property=\"og:image:width\" content=\"1920\" \/>\n\t<meta property=\"og:image:height\" content=\"1920\" \/>\n\t<meta property=\"og:image:type\" content=\"image\/jpeg\" \/>\n<meta name=\"twitter:card\" content=\"summary_large_image\" \/>\n<script type=\"application\/ld+json\" class=\"yoast-schema-graph\">{\"@context\":\"https:\/\/schema.org\",\"@graph\":[{\"@type\":\"WebPage\",\"@id\":\"https:\/\/bike-express.ch\/de\/produit\/regenjacke-stormshield-3-0-sch-h8283d-2\/\",\"url\":\"https:\/\/bike-express.ch\/de\/produit\/regenjacke-stormshield-3-0-sch-h8283d-2\/\",\"name\":\"Regenjacke Stormshield 3.0 schwarz Gr.S wasserdicht, atmungsaktiv, Stretch - Bike Express\",\"isPartOf\":{\"@id\":\"https:\/\/bike-express.ch\/de\/#website\"},\"primaryImageOfPage\":{\"@id\":\"https:\/\/bike-express.ch\/de\/produit\/regenjacke-stormshield-3-0-sch-h8283d-2\/#primaryimage\"},\"image\":{\"@id\":\"https:\/\/bike-express.ch\/de\/produit\/regenjacke-stormshield-3-0-sch-h8283d-2\/#primaryimage\"},\"thumbnailUrl\":\"https:\/\/bike-express.ch\/wp-content\/uploads\/2024\/08\/H8283D.jpg\",\"datePublished\":\"2024-08-24T03:48:18+00:00\",\"dateModified\":\"2024-11-28T09:06:52+00:00\",\"breadcrumb\":{\"@id\":\"https:\/\/bike-express.ch\/de\/produit\/regenjacke-stormshield-3-0-sch-h8283d-2\/#breadcrumb\"},\"inLanguage\":\"de\",\"potentialAction\":[{\"@type\":\"ReadAction\",\"target\":[\"https:\/\/bike-express.ch\/de\/produit\/regenjacke-stormshield-3-0-sch-h8283d-2\/\"]}]},{\"@type\":\"ImageObject\",\"inLanguage\":\"de\",\"@id\":\"https:\/\/bike-express.ch\/de\/produit\/regenjacke-stormshield-3-0-sch-h8283d-2\/#primaryimage\",\"url\":\"https:\/\/bike-express.ch\/wp-content\/uploads\/2024\/08\/H8283D.jpg\",\"contentUrl\":\"https:\/\/bike-express.ch\/wp-content\/uploads\/2024\/08\/H8283D.jpg\",\"width\":1920,\"height\":1920},{\"@type\":\"BreadcrumbList\",\"@id\":\"https:\/\/bike-express.ch\/de\/produit\/regenjacke-stormshield-3-0-sch-h8283d-2\/#breadcrumb\",\"itemListElement\":[{\"@type\":\"ListItem\",\"position\":1,\"name\":\"Accueil\",\"item\":\"https:\/\/bike-express.ch\/de\/\"},{\"@type\":\"ListItem\",\"position\":2,\"name\":\"Unsere Produkte\",\"item\":\"https:\/\/bike-express.ch\/de\/unsere-produkte\/\"},{\"@type\":\"ListItem\",\"position\":3,\"name\":\"Bekleidung &amp; Ausr\u00fcstung\",\"item\":\"https:\/\/bike-express.ch\/de\/categorie-produit\/fahrrad-bekleidung-ausrustung-de\/\"},{\"@type\":\"ListItem\",\"position\":4,\"name\":\"Bekleidung\",\"item\":\"https:\/\/bike-express.ch\/de\/categorie-produit\/fahrrad-bekleidung-ausrustung-de\/fahrrad-bekle-bekleidung-de\/\"},{\"@type\":\"ListItem\",\"position\":5,\"name\":\"L\u00e4ssig\",\"item\":\"https:\/\/bike-express.ch\/de\/categorie-produit\/fahrrad-bekleidung-ausrustung-de\/fahrrad-bekle-bekleidung-de\/fahrrad-bekle-laessig-de\/\"},{\"@type\":\"ListItem\",\"position\":6,\"name\":\"Jacken\",\"item\":\"https:\/\/bike-express.ch\/de\/categorie-produit\/fahrrad-bekleidung-ausrustung-de\/fahrrad-bekle-bekleidung-de\/fahrrad-bekle-laessig-de\/fahrrad-casua-jacken-de\/\"},{\"@type\":\"ListItem\",\"position\":7,\"name\":\"Regenjacke Stormshield 3.0 schwarz Gr.S wasserdicht, atmungsaktiv, Stretch\"}]},{\"@type\":\"WebSite\",\"@id\":\"https:\/\/bike-express.ch\/de\/#website\",\"url\":\"https:\/\/bike-express.ch\/de\/\",\"name\":\"Bike Express\",\"description\":\"Num\u00e9ro 1 des pi\u00e8ces de v\u00e9los en Suisse\",\"potentialAction\":[{\"@type\":\"SearchAction\",\"target\":{\"@type\":\"EntryPoint\",\"urlTemplate\":\"https:\/\/bike-express.ch\/de\/?s={search_term_string}\"},\"query-input\":{\"@type\":\"PropertyValueSpecification\",\"valueRequired\":true,\"valueName\":\"search_term_string\"}}],\"inLanguage\":\"de\"}]}<\/script>\n<!-- \/ Yoast SEO plugin. -->","yoast_head_json":{"title":"Regenjacke Stormshield 3.0 schwarz Gr.S wasserdicht, atmungsaktiv, Stretch - Bike Express","robots":{"index,follow":"index,follow"},"canonical":"https:\/\/bike-express.ch\/de\/produit\/regenjacke-stormshield-3-0-sch-h8283d-2\/","og_locale":"de_DE","og_type":"article","og_title":"Regenjacke Stormshield 3.0 schwarz Gr.S wasserdicht, atmungsaktiv, Stretch - Bike Express","og_description":"Regenjacke Stormshield 3.0 schwarz Gr.S wasserdicht, atmungsaktiv, Stretch","og_url":"https:\/\/bike-express.ch\/de\/produit\/regenjacke-stormshield-3-0-sch-h8283d-2\/","og_site_name":"Bike Express","article_modified_time":"2024-11-28T09:06:52+00:00","og_image":[{"width":1920,"height":1920,"url":"https:\/\/bike-express.ch\/wp-content\/uploads\/2024\/08\/H8283D.jpg","type":"image\/jpeg"}],"twitter_card":"summary_large_image","schema":{"@context":"https:\/\/schema.org","@graph":[{"@type":"WebPage","@id":"https:\/\/bike-express.ch\/de\/produit\/regenjacke-stormshield-3-0-sch-h8283d-2\/","url":"https:\/\/bike-express.ch\/de\/produit\/regenjacke-stormshield-3-0-sch-h8283d-2\/","name":"Regenjacke Stormshield 3.0 schwarz Gr.S wasserdicht, atmungsaktiv, Stretch - Bike Express","isPartOf":{"@id":"https:\/\/bike-express.ch\/de\/#website"},"primaryImageOfPage":{"@id":"https:\/\/bike-express.ch\/de\/produit\/regenjacke-stormshield-3-0-sch-h8283d-2\/#primaryimage"},"image":{"@id":"https:\/\/bike-express.ch\/de\/produit\/regenjacke-stormshield-3-0-sch-h8283d-2\/#primaryimage"},"thumbnailUrl":"https:\/\/bike-express.ch\/wp-content\/uploads\/2024\/08\/H8283D.jpg","datePublished":"2024-08-24T03:48:18+00:00","dateModified":"2024-11-28T09:06:52+00:00","breadcrumb":{"@id":"https:\/\/bike-express.ch\/de\/produit\/regenjacke-stormshield-3-0-sch-h8283d-2\/#breadcrumb"},"inLanguage":"de","potentialAction":[{"@type":"ReadAction","target":["https:\/\/bike-express.ch\/de\/produit\/regenjacke-stormshield-3-0-sch-h8283d-2\/"]}]},{"@type":"ImageObject","inLanguage":"de","@id":"https:\/\/bike-express.ch\/de\/produit\/regenjacke-stormshield-3-0-sch-h8283d-2\/#primaryimage","url":"https:\/\/bike-express.ch\/wp-content\/uploads\/2024\/08\/H8283D.jpg","contentUrl":"https:\/\/bike-express.ch\/wp-content\/uploads\/2024\/08\/H8283D.jpg","width":1920,"height":1920},{"@type":"BreadcrumbList","@id":"https:\/\/bike-express.ch\/de\/produit\/regenjacke-stormshield-3-0-sch-h8283d-2\/#breadcrumb","itemListElement":[{"@type":"ListItem","position":1,"name":"Accueil","item":"https:\/\/bike-express.ch\/de\/"},{"@type":"ListItem","position":2,"name":"Unsere Produkte","item":"https:\/\/bike-express.ch\/de\/unsere-produkte\/"},{"@type":"ListItem","position":3,"name":"Bekleidung &amp; Ausr\u00fcstung","item":"https:\/\/bike-express.ch\/de\/categorie-produit\/fahrrad-bekleidung-ausrustung-de\/"},{"@type":"ListItem","position":4,"name":"Bekleidung","item":"https:\/\/bike-express.ch\/de\/categorie-produit\/fahrrad-bekleidung-ausrustung-de\/fahrrad-bekle-bekleidung-de\/"},{"@type":"ListItem","position":5,"name":"L\u00e4ssig","item":"https:\/\/bike-express.ch\/de\/categorie-produit\/fahrrad-bekleidung-ausrustung-de\/fahrrad-bekle-bekleidung-de\/fahrrad-bekle-laessig-de\/"},{"@type":"ListItem","position":6,"name":"Jacken","item":"https:\/\/bike-express.ch\/de\/categorie-produit\/fahrrad-bekleidung-ausrustung-de\/fahrrad-bekle-bekleidung-de\/fahrrad-bekle-laessig-de\/fahrrad-casua-jacken-de\/"},{"@type":"ListItem","position":7,"name":"Regenjacke Stormshield 3.0 schwarz Gr.S wasserdicht, atmungsaktiv, Stretch"}]},{"@type":"WebSite","@id":"https:\/\/bike-express.ch\/de\/#website","url":"https:\/\/bike-express.ch\/de\/","name":"Bike Express","description":"Num\u00e9ro 1 des pi\u00e8ces de v\u00e9los en Suisse","potentialAction":[{"@type":"SearchAction","target":{"@type":"EntryPoint","urlTemplate":"https:\/\/bike-express.ch\/de\/?s={search_term_string}"},"query-input":{"@type":"PropertyValueSpecification","valueRequired":true,"valueName":"search_term_string"}}],"inLanguage":"de"}]}},"_links":{"self":[{"href":"https:\/\/bike-express.ch\/de\/wp-json\/wp\/v2\/product\/300402","targetHints":{"allow":["GET"]}}],"collection":[{"href":"https:\/\/bike-express.ch\/de\/wp-json\/wp\/v2\/product"}],"about":[{"href":"https:\/\/bike-express.ch\/de\/wp-json\/wp\/v2\/types\/product"}],"wp:featuredmedia":[{"embeddable":true,"href":"https:\/\/bike-express.ch\/de\/wp-json\/wp\/v2\/media\/300403"}],"wp:attachment":[{"href":"https:\/\/bike-express.ch\/de\/wp-json\/wp\/v2\/media?parent=300402"}],"wp:term":[{"taxonomy":"product_brand","embeddable":true,"href":"https:\/\/bike-express.ch\/de\/wp-json\/wp\/v2\/product_brand?post=300402"},{"taxonomy":"product_cat","embeddable":true,"href":"https:\/\/bike-express.ch\/de\/wp-json\/wp\/v2\/product_cat?post=300402"},{"taxonomy":"product_tag","embeddable":true,"href":"https:\/\/bike-express.ch\/de\/wp-json\/wp\/v2\/product_tag?post=300402"}],"curies":[{"name":"wp","href":"https:\/\/api.w.org\/{rel}","templated":true}]}}