{"id":301099,"date":"2024-08-24T06:21:50","date_gmt":"2024-08-24T04:21:50","guid":{"rendered":"https:\/\/bike-express.ch\/produit\/montagepaste-biopaste-50ml-we-h8285i\/"},"modified":"2024-11-19T09:48:50","modified_gmt":"2024-11-19T08:48:50","slug":"montagepaste-biopaste-50ml-we-h8285i-2","status":"publish","type":"product","link":"https:\/\/bike-express.ch\/de\/produit\/montagepaste-biopaste-50ml-we-h8285i-2\/","title":{"rendered":"Montagepaste BioPaste 50ml, weiss"},"content":{"rendered":"<p>Montagepaste BioPaste 50ml, weiss<\/p>\n<p>&#8211; Universelle Montagepaste zum Montieren und Sch\u00fctzen von<br \/>\nFahrradteilen.<br \/>\n&#8211; Verhindert Quietschen und sch\u00fctzt Schraubverbindungen.<br \/>\n&#8211; Sch\u00fctzt vor Korrosion und Feuchtigkeit f\u00fcr eine lang anhaltende Leistung.<br \/>\n&#8211; Verhindert das Zusammenkleben von Fahrradteilen aus verschiedenen Metallen.<br \/>\n-100% pflanzliche Inhaltsstoffe<br \/>\n-100% biologisch abbaubar innerhalb von 28 Tagen<br \/>\n-100% CO2-neutrale Produktionsanlage<br \/>\n-100% recycelte PET-Verpackung<br \/>\n-100% frei von Mikroplastik<br \/>\n-100% frei von fossilen Rohstoffen<\/p>\n","protected":false},"excerpt":{"rendered":"<p>Montagepaste BioPaste 50ml, weiss &#8211; Universelle Montagepaste zum Montieren und Sch\u00fctzen von Fahrradteilen. &#8211; Verhindert Quietschen und sch\u00fctzt Schraubverbindungen. &#8211; Sch\u00fctzt vor Korrosion und Feuchtigkeit f\u00fcr eine lang anhaltende Leistung. &#8211; Verhindert das Zusammenkleben von Fahrradteilen aus verschiedenen Metallen. -100% pflanzliche Inhaltsstoffe -100% biologisch abbaubar innerhalb von 28 Tagen -100% CO2-neutrale Produktionsanlage -100% recycelte PET-Verpackung [&#8230;]\n","protected":false},"featured_media":301100,"template":"","meta":[],"product_brand":[],"product_cat":[11847,12086,12044],"product_tag":[],"class_list":{"0":"post-301099","1":"product","2":"type-product","3":"status-publish","4":"has-post-thumbnail","6":"product_cat-fahrrad-fahrradteile-de","7":"product_cat-fahrrad-sport-handyhalterungen-de","8":"product_cat-fahrrad-fahrr-reinigung-de","10":"first","11":"instock","12":"taxable","13":"shipping-taxable","14":"purchasable","15":"product-type-simple"},"yoast_head":"<!-- This site is optimized with the Yoast SEO plugin v27.1.1 - https:\/\/yoast.com\/product\/yoast-seo-wordpress\/ -->\n<title>Montagepaste BioPaste 50ml, weiss - Bike Express<\/title>\n<meta name=\"robots\" content=\"index,follow\" \/>\n<link rel=\"canonical\" href=\"https:\/\/bike-express.ch\/de\/produit\/montagepaste-biopaste-50ml-we-h8285i-2\/\" \/>\n<meta property=\"og:locale\" content=\"de_DE\" \/>\n<meta property=\"og:type\" content=\"article\" \/>\n<meta property=\"og:title\" content=\"Montagepaste BioPaste 50ml, weiss - Bike Express\" \/>\n<meta property=\"og:description\" content=\"Montagepaste BioPaste 50ml, weiss &#8211; Universelle Montagepaste zum Montieren und Sch\u00fctzen von Fahrradteilen. &#8211; Verhindert Quietschen und sch\u00fctzt Schraubverbindungen. &#8211; Sch\u00fctzt vor Korrosion und Feuchtigkeit f\u00fcr eine lang anhaltende Leistung. &#8211; Verhindert das Zusammenkleben von Fahrradteilen aus verschiedenen Metallen. -100% pflanzliche Inhaltsstoffe -100% biologisch abbaubar innerhalb von 28 Tagen -100% CO2-neutrale Produktionsanlage -100% recycelte PET-Verpackung [...]\" \/>\n<meta property=\"og:url\" content=\"https:\/\/bike-express.ch\/de\/produit\/montagepaste-biopaste-50ml-we-h8285i-2\/\" \/>\n<meta property=\"og:site_name\" content=\"Bike Express\" \/>\n<meta property=\"article:modified_time\" content=\"2024-11-19T08:48:50+00:00\" \/>\n<meta property=\"og:image\" content=\"https:\/\/bike-express.ch\/wp-content\/uploads\/2024\/08\/H8285I.jpg\" \/>\n\t<meta property=\"og:image:width\" content=\"589\" \/>\n\t<meta property=\"og:image:height\" content=\"570\" \/>\n\t<meta property=\"og:image:type\" content=\"image\/jpeg\" \/>\n<meta name=\"twitter:card\" content=\"summary_large_image\" \/>\n<script type=\"application\/ld+json\" class=\"yoast-schema-graph\">{\"@context\":\"https:\/\/schema.org\",\"@graph\":[{\"@type\":\"WebPage\",\"@id\":\"https:\/\/bike-express.ch\/de\/produit\/montagepaste-biopaste-50ml-we-h8285i-2\/\",\"url\":\"https:\/\/bike-express.ch\/de\/produit\/montagepaste-biopaste-50ml-we-h8285i-2\/\",\"name\":\"Montagepaste BioPaste 50ml, weiss - Bike Express\",\"isPartOf\":{\"@id\":\"https:\/\/bike-express.ch\/de\/#website\"},\"primaryImageOfPage\":{\"@id\":\"https:\/\/bike-express.ch\/de\/produit\/montagepaste-biopaste-50ml-we-h8285i-2\/#primaryimage\"},\"image\":{\"@id\":\"https:\/\/bike-express.ch\/de\/produit\/montagepaste-biopaste-50ml-we-h8285i-2\/#primaryimage\"},\"thumbnailUrl\":\"https:\/\/bike-express.ch\/wp-content\/uploads\/2024\/08\/H8285I.jpg\",\"datePublished\":\"2024-08-24T04:21:50+00:00\",\"dateModified\":\"2024-11-19T08:48:50+00:00\",\"breadcrumb\":{\"@id\":\"https:\/\/bike-express.ch\/de\/produit\/montagepaste-biopaste-50ml-we-h8285i-2\/#breadcrumb\"},\"inLanguage\":\"de\",\"potentialAction\":[{\"@type\":\"ReadAction\",\"target\":[\"https:\/\/bike-express.ch\/de\/produit\/montagepaste-biopaste-50ml-we-h8285i-2\/\"]}]},{\"@type\":\"ImageObject\",\"inLanguage\":\"de\",\"@id\":\"https:\/\/bike-express.ch\/de\/produit\/montagepaste-biopaste-50ml-we-h8285i-2\/#primaryimage\",\"url\":\"https:\/\/bike-express.ch\/wp-content\/uploads\/2024\/08\/H8285I.jpg\",\"contentUrl\":\"https:\/\/bike-express.ch\/wp-content\/uploads\/2024\/08\/H8285I.jpg\",\"width\":589,\"height\":570},{\"@type\":\"BreadcrumbList\",\"@id\":\"https:\/\/bike-express.ch\/de\/produit\/montagepaste-biopaste-50ml-we-h8285i-2\/#breadcrumb\",\"itemListElement\":[{\"@type\":\"ListItem\",\"position\":1,\"name\":\"Accueil\",\"item\":\"https:\/\/bike-express.ch\/de\/\"},{\"@type\":\"ListItem\",\"position\":2,\"name\":\"Unsere Produkte\",\"item\":\"https:\/\/bike-express.ch\/de\/unsere-produkte\/\"},{\"@type\":\"ListItem\",\"position\":3,\"name\":\"Zubeh\u00f6r\",\"item\":\"https:\/\/bike-express.ch\/de\/categorie-produit\/fahrrad-zubehor-de\/\"},{\"@type\":\"ListItem\",\"position\":4,\"name\":\"Montagepaste BioPaste 50ml, weiss\"}]},{\"@type\":\"WebSite\",\"@id\":\"https:\/\/bike-express.ch\/de\/#website\",\"url\":\"https:\/\/bike-express.ch\/de\/\",\"name\":\"Bike Express\",\"description\":\"Num\u00e9ro 1 des pi\u00e8ces de v\u00e9los en Suisse\",\"potentialAction\":[{\"@type\":\"SearchAction\",\"target\":{\"@type\":\"EntryPoint\",\"urlTemplate\":\"https:\/\/bike-express.ch\/de\/?s={search_term_string}\"},\"query-input\":{\"@type\":\"PropertyValueSpecification\",\"valueRequired\":true,\"valueName\":\"search_term_string\"}}],\"inLanguage\":\"de\"}]}<\/script>\n<!-- \/ Yoast SEO plugin. -->","yoast_head_json":{"title":"Montagepaste BioPaste 50ml, weiss - Bike Express","robots":{"index,follow":"index,follow"},"canonical":"https:\/\/bike-express.ch\/de\/produit\/montagepaste-biopaste-50ml-we-h8285i-2\/","og_locale":"de_DE","og_type":"article","og_title":"Montagepaste BioPaste 50ml, weiss - Bike Express","og_description":"Montagepaste BioPaste 50ml, weiss &#8211; Universelle Montagepaste zum Montieren und Sch\u00fctzen von Fahrradteilen. &#8211; Verhindert Quietschen und sch\u00fctzt Schraubverbindungen. &#8211; Sch\u00fctzt vor Korrosion und Feuchtigkeit f\u00fcr eine lang anhaltende Leistung. &#8211; Verhindert das Zusammenkleben von Fahrradteilen aus verschiedenen Metallen. -100% pflanzliche Inhaltsstoffe -100% biologisch abbaubar innerhalb von 28 Tagen -100% CO2-neutrale Produktionsanlage -100% recycelte PET-Verpackung [...]","og_url":"https:\/\/bike-express.ch\/de\/produit\/montagepaste-biopaste-50ml-we-h8285i-2\/","og_site_name":"Bike Express","article_modified_time":"2024-11-19T08:48:50+00:00","og_image":[{"width":589,"height":570,"url":"https:\/\/bike-express.ch\/wp-content\/uploads\/2024\/08\/H8285I.jpg","type":"image\/jpeg"}],"twitter_card":"summary_large_image","schema":{"@context":"https:\/\/schema.org","@graph":[{"@type":"WebPage","@id":"https:\/\/bike-express.ch\/de\/produit\/montagepaste-biopaste-50ml-we-h8285i-2\/","url":"https:\/\/bike-express.ch\/de\/produit\/montagepaste-biopaste-50ml-we-h8285i-2\/","name":"Montagepaste BioPaste 50ml, weiss - Bike Express","isPartOf":{"@id":"https:\/\/bike-express.ch\/de\/#website"},"primaryImageOfPage":{"@id":"https:\/\/bike-express.ch\/de\/produit\/montagepaste-biopaste-50ml-we-h8285i-2\/#primaryimage"},"image":{"@id":"https:\/\/bike-express.ch\/de\/produit\/montagepaste-biopaste-50ml-we-h8285i-2\/#primaryimage"},"thumbnailUrl":"https:\/\/bike-express.ch\/wp-content\/uploads\/2024\/08\/H8285I.jpg","datePublished":"2024-08-24T04:21:50+00:00","dateModified":"2024-11-19T08:48:50+00:00","breadcrumb":{"@id":"https:\/\/bike-express.ch\/de\/produit\/montagepaste-biopaste-50ml-we-h8285i-2\/#breadcrumb"},"inLanguage":"de","potentialAction":[{"@type":"ReadAction","target":["https:\/\/bike-express.ch\/de\/produit\/montagepaste-biopaste-50ml-we-h8285i-2\/"]}]},{"@type":"ImageObject","inLanguage":"de","@id":"https:\/\/bike-express.ch\/de\/produit\/montagepaste-biopaste-50ml-we-h8285i-2\/#primaryimage","url":"https:\/\/bike-express.ch\/wp-content\/uploads\/2024\/08\/H8285I.jpg","contentUrl":"https:\/\/bike-express.ch\/wp-content\/uploads\/2024\/08\/H8285I.jpg","width":589,"height":570},{"@type":"BreadcrumbList","@id":"https:\/\/bike-express.ch\/de\/produit\/montagepaste-biopaste-50ml-we-h8285i-2\/#breadcrumb","itemListElement":[{"@type":"ListItem","position":1,"name":"Accueil","item":"https:\/\/bike-express.ch\/de\/"},{"@type":"ListItem","position":2,"name":"Unsere Produkte","item":"https:\/\/bike-express.ch\/de\/unsere-produkte\/"},{"@type":"ListItem","position":3,"name":"Zubeh\u00f6r","item":"https:\/\/bike-express.ch\/de\/categorie-produit\/fahrrad-zubehor-de\/"},{"@type":"ListItem","position":4,"name":"Montagepaste BioPaste 50ml, weiss"}]},{"@type":"WebSite","@id":"https:\/\/bike-express.ch\/de\/#website","url":"https:\/\/bike-express.ch\/de\/","name":"Bike Express","description":"Num\u00e9ro 1 des pi\u00e8ces de v\u00e9los en Suisse","potentialAction":[{"@type":"SearchAction","target":{"@type":"EntryPoint","urlTemplate":"https:\/\/bike-express.ch\/de\/?s={search_term_string}"},"query-input":{"@type":"PropertyValueSpecification","valueRequired":true,"valueName":"search_term_string"}}],"inLanguage":"de"}]}},"_links":{"self":[{"href":"https:\/\/bike-express.ch\/de\/wp-json\/wp\/v2\/product\/301099","targetHints":{"allow":["GET"]}}],"collection":[{"href":"https:\/\/bike-express.ch\/de\/wp-json\/wp\/v2\/product"}],"about":[{"href":"https:\/\/bike-express.ch\/de\/wp-json\/wp\/v2\/types\/product"}],"wp:featuredmedia":[{"embeddable":true,"href":"https:\/\/bike-express.ch\/de\/wp-json\/wp\/v2\/media\/301100"}],"wp:attachment":[{"href":"https:\/\/bike-express.ch\/de\/wp-json\/wp\/v2\/media?parent=301099"}],"wp:term":[{"taxonomy":"product_brand","embeddable":true,"href":"https:\/\/bike-express.ch\/de\/wp-json\/wp\/v2\/product_brand?post=301099"},{"taxonomy":"product_cat","embeddable":true,"href":"https:\/\/bike-express.ch\/de\/wp-json\/wp\/v2\/product_cat?post=301099"},{"taxonomy":"product_tag","embeddable":true,"href":"https:\/\/bike-express.ch\/de\/wp-json\/wp\/v2\/product_tag?post=301099"}],"curies":[{"name":"wp","href":"https:\/\/api.w.org\/{rel}","templated":true}]}}