{"id":301179,"date":"2024-08-24T06:22:51","date_gmt":"2024-08-24T04:22:51","guid":{"rendered":"https:\/\/bike-express.ch\/produit\/kettenzange-re-link-offnen-s-h8285c\/"},"modified":"2024-11-25T16:33:30","modified_gmt":"2024-11-25T15:33:30","slug":"kettenzange-re-link-offnen-s-h8285c-2","status":"publish","type":"product","link":"https:\/\/bike-express.ch\/de\/produit\/kettenzange-re-link-offnen-s-h8285c-2\/","title":{"rendered":"Kettenzange Re-Link, \u00f6ffnen\/schliessen einh\u00e4ndig"},"content":{"rendered":"<p>Kettenzange Re-Link, \u00f6ffnen\/schliessen einh\u00e4ndig<\/p>\n<p>&#8211; Dual-Funktionswerkzeug zum \u00f6ffnen und schlie\u00dfen der Kettenglieder mit der gleichen Bewegung.<br \/>\n&#8211; Ergonomisches Design mit 90-Grad-Biegung f\u00fcr bequeme Handhabung.<br \/>\n&#8211; Robuste Konstruktion aus extra geh\u00e4rtetem Stahl.<br \/>\n&#8211; Umweltfreundliche Griffe aus GRS-zertifiziertem recyceltem Kunststoff.<\/p>\n","protected":false},"excerpt":{"rendered":"<p>Kettenzange Re-Link, \u00f6ffnen\/schliessen einh\u00e4ndig &#8211; Dual-Funktionswerkzeug zum \u00f6ffnen und schlie\u00dfen der Kettenglieder mit der gleichen Bewegung. &#8211; Ergonomisches Design mit 90-Grad-Biegung f\u00fcr bequeme Handhabung. &#8211; Robuste Konstruktion aus extra geh\u00e4rtetem Stahl. &#8211; Umweltfreundliche Griffe aus GRS-zertifiziertem recyceltem Kunststoff.<\/p>\n","protected":false},"featured_media":301180,"template":"","meta":[],"product_brand":[],"product_cat":[11847,11998,11857],"product_tag":[],"class_list":{"0":"post-301179","1":"product","2":"type-product","3":"status-publish","4":"has-post-thumbnail","6":"product_cat-fahrrad-fahrradteile-de","7":"product_cat-fahrrad-zubeh-pumpen-de","8":"product_cat-fahrrad-antri-schaltung-de","10":"first","11":"instock","12":"taxable","13":"shipping-taxable","14":"purchasable","15":"product-type-simple"},"yoast_head":"<!-- This site is optimized with the Yoast SEO plugin v27.1.1 - https:\/\/yoast.com\/product\/yoast-seo-wordpress\/ -->\n<title>Kettenzange Re-Link, \u00f6ffnen\/schliessen einh\u00e4ndig - Bike Express<\/title>\n<meta name=\"robots\" content=\"index,follow\" \/>\n<link rel=\"canonical\" href=\"https:\/\/bike-express.ch\/de\/produit\/kettenzange-re-link-offnen-s-h8285c-2\/\" \/>\n<meta property=\"og:locale\" content=\"de_DE\" \/>\n<meta property=\"og:type\" content=\"article\" \/>\n<meta property=\"og:title\" content=\"Kettenzange Re-Link, \u00f6ffnen\/schliessen einh\u00e4ndig - Bike Express\" \/>\n<meta property=\"og:description\" content=\"Kettenzange Re-Link, \u00f6ffnen\/schliessen einh\u00e4ndig &#8211; Dual-Funktionswerkzeug zum \u00f6ffnen und schlie\u00dfen der Kettenglieder mit der gleichen Bewegung. &#8211; Ergonomisches Design mit 90-Grad-Biegung f\u00fcr bequeme Handhabung. &#8211; Robuste Konstruktion aus extra geh\u00e4rtetem Stahl. &#8211; Umweltfreundliche Griffe aus GRS-zertifiziertem recyceltem Kunststoff.\" \/>\n<meta property=\"og:url\" content=\"https:\/\/bike-express.ch\/de\/produit\/kettenzange-re-link-offnen-s-h8285c-2\/\" \/>\n<meta property=\"og:site_name\" content=\"Bike Express\" \/>\n<meta property=\"article:modified_time\" content=\"2024-11-25T15:33:30+00:00\" \/>\n<meta property=\"og:image\" content=\"https:\/\/bike-express.ch\/wp-content\/uploads\/2024\/08\/H8285C.jpg\" \/>\n\t<meta property=\"og:image:width\" content=\"800\" \/>\n\t<meta property=\"og:image:height\" content=\"684\" \/>\n\t<meta property=\"og:image:type\" content=\"image\/jpeg\" \/>\n<meta name=\"twitter:card\" content=\"summary_large_image\" \/>\n<script type=\"application\/ld+json\" class=\"yoast-schema-graph\">{\"@context\":\"https:\/\/schema.org\",\"@graph\":[{\"@type\":\"WebPage\",\"@id\":\"https:\/\/bike-express.ch\/de\/produit\/kettenzange-re-link-offnen-s-h8285c-2\/\",\"url\":\"https:\/\/bike-express.ch\/de\/produit\/kettenzange-re-link-offnen-s-h8285c-2\/\",\"name\":\"Kettenzange Re-Link, \u00f6ffnen\/schliessen einh\u00e4ndig - Bike Express\",\"isPartOf\":{\"@id\":\"https:\/\/bike-express.ch\/de\/#website\"},\"primaryImageOfPage\":{\"@id\":\"https:\/\/bike-express.ch\/de\/produit\/kettenzange-re-link-offnen-s-h8285c-2\/#primaryimage\"},\"image\":{\"@id\":\"https:\/\/bike-express.ch\/de\/produit\/kettenzange-re-link-offnen-s-h8285c-2\/#primaryimage\"},\"thumbnailUrl\":\"https:\/\/bike-express.ch\/wp-content\/uploads\/2024\/08\/H8285C.jpg\",\"datePublished\":\"2024-08-24T04:22:51+00:00\",\"dateModified\":\"2024-11-25T15:33:30+00:00\",\"breadcrumb\":{\"@id\":\"https:\/\/bike-express.ch\/de\/produit\/kettenzange-re-link-offnen-s-h8285c-2\/#breadcrumb\"},\"inLanguage\":\"de\",\"potentialAction\":[{\"@type\":\"ReadAction\",\"target\":[\"https:\/\/bike-express.ch\/de\/produit\/kettenzange-re-link-offnen-s-h8285c-2\/\"]}]},{\"@type\":\"ImageObject\",\"inLanguage\":\"de\",\"@id\":\"https:\/\/bike-express.ch\/de\/produit\/kettenzange-re-link-offnen-s-h8285c-2\/#primaryimage\",\"url\":\"https:\/\/bike-express.ch\/wp-content\/uploads\/2024\/08\/H8285C.jpg\",\"contentUrl\":\"https:\/\/bike-express.ch\/wp-content\/uploads\/2024\/08\/H8285C.jpg\",\"width\":800,\"height\":684},{\"@type\":\"BreadcrumbList\",\"@id\":\"https:\/\/bike-express.ch\/de\/produit\/kettenzange-re-link-offnen-s-h8285c-2\/#breadcrumb\",\"itemListElement\":[{\"@type\":\"ListItem\",\"position\":1,\"name\":\"Accueil\",\"item\":\"https:\/\/bike-express.ch\/de\/\"},{\"@type\":\"ListItem\",\"position\":2,\"name\":\"Unsere Produkte\",\"item\":\"https:\/\/bike-express.ch\/de\/unsere-produkte\/\"},{\"@type\":\"ListItem\",\"position\":3,\"name\":\"Werkstatt &amp; Wartung\",\"item\":\"https:\/\/bike-express.ch\/de\/categorie-produit\/fahrrad-werkstatt-wartung-de\/\"},{\"@type\":\"ListItem\",\"position\":4,\"name\":\"Werkzeug\",\"item\":\"https:\/\/bike-express.ch\/de\/categorie-produit\/fahrrad-werkstatt-wartung-de\/fahrrad-werks-werkzeug-de\/\"},{\"@type\":\"ListItem\",\"position\":5,\"name\":\"Kettenzange Re-Link, \u00f6ffnen\/schliessen einh\u00e4ndig\"}]},{\"@type\":\"WebSite\",\"@id\":\"https:\/\/bike-express.ch\/de\/#website\",\"url\":\"https:\/\/bike-express.ch\/de\/\",\"name\":\"Bike Express\",\"description\":\"Num\u00e9ro 1 des pi\u00e8ces de v\u00e9los en Suisse\",\"potentialAction\":[{\"@type\":\"SearchAction\",\"target\":{\"@type\":\"EntryPoint\",\"urlTemplate\":\"https:\/\/bike-express.ch\/de\/?s={search_term_string}\"},\"query-input\":{\"@type\":\"PropertyValueSpecification\",\"valueRequired\":true,\"valueName\":\"search_term_string\"}}],\"inLanguage\":\"de\"}]}<\/script>\n<!-- \/ Yoast SEO plugin. -->","yoast_head_json":{"title":"Kettenzange Re-Link, \u00f6ffnen\/schliessen einh\u00e4ndig - Bike Express","robots":{"index,follow":"index,follow"},"canonical":"https:\/\/bike-express.ch\/de\/produit\/kettenzange-re-link-offnen-s-h8285c-2\/","og_locale":"de_DE","og_type":"article","og_title":"Kettenzange Re-Link, \u00f6ffnen\/schliessen einh\u00e4ndig - Bike Express","og_description":"Kettenzange Re-Link, \u00f6ffnen\/schliessen einh\u00e4ndig &#8211; Dual-Funktionswerkzeug zum \u00f6ffnen und schlie\u00dfen der Kettenglieder mit der gleichen Bewegung. &#8211; Ergonomisches Design mit 90-Grad-Biegung f\u00fcr bequeme Handhabung. &#8211; Robuste Konstruktion aus extra geh\u00e4rtetem Stahl. &#8211; Umweltfreundliche Griffe aus GRS-zertifiziertem recyceltem Kunststoff.","og_url":"https:\/\/bike-express.ch\/de\/produit\/kettenzange-re-link-offnen-s-h8285c-2\/","og_site_name":"Bike Express","article_modified_time":"2024-11-25T15:33:30+00:00","og_image":[{"width":800,"height":684,"url":"https:\/\/bike-express.ch\/wp-content\/uploads\/2024\/08\/H8285C.jpg","type":"image\/jpeg"}],"twitter_card":"summary_large_image","schema":{"@context":"https:\/\/schema.org","@graph":[{"@type":"WebPage","@id":"https:\/\/bike-express.ch\/de\/produit\/kettenzange-re-link-offnen-s-h8285c-2\/","url":"https:\/\/bike-express.ch\/de\/produit\/kettenzange-re-link-offnen-s-h8285c-2\/","name":"Kettenzange Re-Link, \u00f6ffnen\/schliessen einh\u00e4ndig - Bike Express","isPartOf":{"@id":"https:\/\/bike-express.ch\/de\/#website"},"primaryImageOfPage":{"@id":"https:\/\/bike-express.ch\/de\/produit\/kettenzange-re-link-offnen-s-h8285c-2\/#primaryimage"},"image":{"@id":"https:\/\/bike-express.ch\/de\/produit\/kettenzange-re-link-offnen-s-h8285c-2\/#primaryimage"},"thumbnailUrl":"https:\/\/bike-express.ch\/wp-content\/uploads\/2024\/08\/H8285C.jpg","datePublished":"2024-08-24T04:22:51+00:00","dateModified":"2024-11-25T15:33:30+00:00","breadcrumb":{"@id":"https:\/\/bike-express.ch\/de\/produit\/kettenzange-re-link-offnen-s-h8285c-2\/#breadcrumb"},"inLanguage":"de","potentialAction":[{"@type":"ReadAction","target":["https:\/\/bike-express.ch\/de\/produit\/kettenzange-re-link-offnen-s-h8285c-2\/"]}]},{"@type":"ImageObject","inLanguage":"de","@id":"https:\/\/bike-express.ch\/de\/produit\/kettenzange-re-link-offnen-s-h8285c-2\/#primaryimage","url":"https:\/\/bike-express.ch\/wp-content\/uploads\/2024\/08\/H8285C.jpg","contentUrl":"https:\/\/bike-express.ch\/wp-content\/uploads\/2024\/08\/H8285C.jpg","width":800,"height":684},{"@type":"BreadcrumbList","@id":"https:\/\/bike-express.ch\/de\/produit\/kettenzange-re-link-offnen-s-h8285c-2\/#breadcrumb","itemListElement":[{"@type":"ListItem","position":1,"name":"Accueil","item":"https:\/\/bike-express.ch\/de\/"},{"@type":"ListItem","position":2,"name":"Unsere Produkte","item":"https:\/\/bike-express.ch\/de\/unsere-produkte\/"},{"@type":"ListItem","position":3,"name":"Werkstatt &amp; Wartung","item":"https:\/\/bike-express.ch\/de\/categorie-produit\/fahrrad-werkstatt-wartung-de\/"},{"@type":"ListItem","position":4,"name":"Werkzeug","item":"https:\/\/bike-express.ch\/de\/categorie-produit\/fahrrad-werkstatt-wartung-de\/fahrrad-werks-werkzeug-de\/"},{"@type":"ListItem","position":5,"name":"Kettenzange Re-Link, \u00f6ffnen\/schliessen einh\u00e4ndig"}]},{"@type":"WebSite","@id":"https:\/\/bike-express.ch\/de\/#website","url":"https:\/\/bike-express.ch\/de\/","name":"Bike Express","description":"Num\u00e9ro 1 des pi\u00e8ces de v\u00e9los en Suisse","potentialAction":[{"@type":"SearchAction","target":{"@type":"EntryPoint","urlTemplate":"https:\/\/bike-express.ch\/de\/?s={search_term_string}"},"query-input":{"@type":"PropertyValueSpecification","valueRequired":true,"valueName":"search_term_string"}}],"inLanguage":"de"}]}},"_links":{"self":[{"href":"https:\/\/bike-express.ch\/de\/wp-json\/wp\/v2\/product\/301179","targetHints":{"allow":["GET"]}}],"collection":[{"href":"https:\/\/bike-express.ch\/de\/wp-json\/wp\/v2\/product"}],"about":[{"href":"https:\/\/bike-express.ch\/de\/wp-json\/wp\/v2\/types\/product"}],"wp:featuredmedia":[{"embeddable":true,"href":"https:\/\/bike-express.ch\/de\/wp-json\/wp\/v2\/media\/301180"}],"wp:attachment":[{"href":"https:\/\/bike-express.ch\/de\/wp-json\/wp\/v2\/media?parent=301179"}],"wp:term":[{"taxonomy":"product_brand","embeddable":true,"href":"https:\/\/bike-express.ch\/de\/wp-json\/wp\/v2\/product_brand?post=301179"},{"taxonomy":"product_cat","embeddable":true,"href":"https:\/\/bike-express.ch\/de\/wp-json\/wp\/v2\/product_cat?post=301179"},{"taxonomy":"product_tag","embeddable":true,"href":"https:\/\/bike-express.ch\/de\/wp-json\/wp\/v2\/product_tag?post=301179"}],"curies":[{"name":"wp","href":"https:\/\/api.w.org\/{rel}","templated":true}]}}