{"id":301469,"date":"2024-08-24T06:27:17","date_gmt":"2024-08-24T04:27:17","guid":{"rendered":"https:\/\/bike-express.ch\/produit\/vyron-mds-v-3-100-mm-hub-o-h8796o\/"},"modified":"2024-11-26T10:28:10","modified_gmt":"2024-11-26T09:28:10","slug":"vyron-mds-v-3-100-mm-hub-o-h8796o-2","status":"publish","type":"product","link":"https:\/\/bike-express.ch\/de\/produit\/vyron-mds-v-3-100-mm-hub-o-h8796o-2\/","title":{"rendered":"VYRON MDS-V.3 , 100 mm Hub, \u00d8 30,9 mm inkl. Remote (VE = 1 St\u00fcck)"},"content":{"rendered":"<p>VYRON MDS-V.3 , 100 mm Hub, \u00d8 30,9 mm inkl. Remote (VE = 1 St\u00fcck)<br \/>\n<b>Die dritte Evolutionsstufe der VYRON wurde von Grund auf neu entwickelt und setzt hinsichtlich Bedienlogik, Widerstandsf\u00e4higkeit und Schnelligkeit neue Ma\u00dfst\u00e4be.<\/b> <b>Fahren statt Fummeln. Ohne Kabel. Ohne Aufladen. <\/b> <b>Kontrolle per Tastendruck. Besonders schnelle Absenkung.<\/b> <b>100% Wasserdicht. 100% verl\u00e4sslich.<\/b> <b>Vier Hubvarianten plus Traveloption.<\/b><br \/>\nL\u00e4nge: 396 mm Mindesteinstecktiefe: 120 mm Sitzposition: 0 mm Setback Gewicht Sattelst\u00fctze (ohne Batterie): 685 g Gewicht Remote (ohne Batterie): 40 g Batterie: austauschbar | CR2 in Sattelst\u00fctze, CR2032 in Remote Batterielaufzeit: ca. ein Jahr im Einsatz Fernbedienung: Wireless Remote Control Montage: kompatibel mit einzelner Klemmschelle, MAGURA Shiftmix &amp; SRAM Matchmaker Dichtigkeit: IP67 Zertifizierung (staubdicht und Schutz vor zeitweiligem Untertauchen) <b>Lieferumfang<\/b><br \/>\n1 VYRON MDS-V.3 Sattelst\u00fctze 1 Remote Bedienungsanleitung<\/p>\n","protected":false},"excerpt":{"rendered":"<p>VYRON MDS-V.3 , 100 mm Hub, \u00d8 30,9 mm inkl. Remote (VE = 1 St\u00fcck) Die dritte Evolutionsstufe der VYRON wurde von Grund auf neu entwickelt und setzt hinsichtlich Bedienlogik, Widerstandsf\u00e4higkeit und Schnelligkeit neue Ma\u00dfst\u00e4be. Fahren statt Fummeln. Ohne Kabel. Ohne Aufladen. Kontrolle per Tastendruck. Besonders schnelle Absenkung. 100% Wasserdicht. 100% verl\u00e4sslich. Vier Hubvarianten plus [&#8230;]\n","protected":false},"featured_media":301470,"template":"","meta":[],"product_brand":[],"product_cat":[11847,11972,11973],"product_tag":[],"class_list":{"0":"post-301469","1":"product","2":"type-product","3":"status-publish","4":"has-post-thumbnail","6":"product_cat-fahrrad-fahrradteile-de","7":"product_cat-fahrrad-fahrr-sattelstutzen-de","8":"product_cat-fahrrad-satte-sattelstutzen-de","10":"first","11":"instock","12":"taxable","13":"shipping-taxable","14":"purchasable","15":"product-type-simple"},"yoast_head":"<!-- This site is optimized with the Yoast SEO plugin v27.1.1 - https:\/\/yoast.com\/product\/yoast-seo-wordpress\/ -->\n<title>VYRON MDS-V.3 , 100 mm Hub, \u00d8 30,9 mm inkl. Remote (VE = 1 St\u00fcck) - Bike Express<\/title>\n<meta name=\"robots\" content=\"index,follow\" \/>\n<link rel=\"canonical\" href=\"https:\/\/bike-express.ch\/de\/produit\/vyron-mds-v-3-100-mm-hub-o-h8796o-2\/\" \/>\n<meta property=\"og:locale\" content=\"de_DE\" \/>\n<meta property=\"og:type\" content=\"article\" \/>\n<meta property=\"og:title\" content=\"VYRON MDS-V.3 , 100 mm Hub, \u00d8 30,9 mm inkl. Remote (VE = 1 St\u00fcck) - Bike Express\" \/>\n<meta property=\"og:description\" content=\"VYRON MDS-V.3 , 100 mm Hub, \u00d8 30,9 mm inkl. Remote (VE = 1 St\u00fcck) Die dritte Evolutionsstufe der VYRON wurde von Grund auf neu entwickelt und setzt hinsichtlich Bedienlogik, Widerstandsf\u00e4higkeit und Schnelligkeit neue Ma\u00dfst\u00e4be. Fahren statt Fummeln. Ohne Kabel. Ohne Aufladen. Kontrolle per Tastendruck. Besonders schnelle Absenkung. 100% Wasserdicht. 100% verl\u00e4sslich. Vier Hubvarianten plus [...]\" \/>\n<meta property=\"og:url\" content=\"https:\/\/bike-express.ch\/de\/produit\/vyron-mds-v-3-100-mm-hub-o-h8796o-2\/\" \/>\n<meta property=\"og:site_name\" content=\"Bike Express\" \/>\n<meta property=\"article:modified_time\" content=\"2024-11-26T09:28:10+00:00\" \/>\n<meta property=\"og:image\" content=\"https:\/\/bike-express.ch\/wp-content\/uploads\/2024\/08\/H8796O.jpg\" \/>\n\t<meta property=\"og:image:width\" content=\"913\" \/>\n\t<meta property=\"og:image:height\" content=\"1920\" \/>\n\t<meta property=\"og:image:type\" content=\"image\/jpeg\" \/>\n<meta name=\"twitter:card\" content=\"summary_large_image\" \/>\n<meta name=\"twitter:label1\" content=\"Gesch\u00e4tzte Lesezeit\" \/>\n\t<meta name=\"twitter:data1\" content=\"1\u00a0Minute\" \/>\n<script type=\"application\/ld+json\" class=\"yoast-schema-graph\">{\"@context\":\"https:\/\/schema.org\",\"@graph\":[{\"@type\":\"WebPage\",\"@id\":\"https:\/\/bike-express.ch\/de\/produit\/vyron-mds-v-3-100-mm-hub-o-h8796o-2\/\",\"url\":\"https:\/\/bike-express.ch\/de\/produit\/vyron-mds-v-3-100-mm-hub-o-h8796o-2\/\",\"name\":\"VYRON MDS-V.3 , 100 mm Hub, \u00d8 30,9 mm inkl. Remote (VE = 1 St\u00fcck) - Bike Express\",\"isPartOf\":{\"@id\":\"https:\/\/bike-express.ch\/de\/#website\"},\"primaryImageOfPage\":{\"@id\":\"https:\/\/bike-express.ch\/de\/produit\/vyron-mds-v-3-100-mm-hub-o-h8796o-2\/#primaryimage\"},\"image\":{\"@id\":\"https:\/\/bike-express.ch\/de\/produit\/vyron-mds-v-3-100-mm-hub-o-h8796o-2\/#primaryimage\"},\"thumbnailUrl\":\"https:\/\/bike-express.ch\/wp-content\/uploads\/2024\/08\/H8796O.jpg\",\"datePublished\":\"2024-08-24T04:27:17+00:00\",\"dateModified\":\"2024-11-26T09:28:10+00:00\",\"breadcrumb\":{\"@id\":\"https:\/\/bike-express.ch\/de\/produit\/vyron-mds-v-3-100-mm-hub-o-h8796o-2\/#breadcrumb\"},\"inLanguage\":\"de\",\"potentialAction\":[{\"@type\":\"ReadAction\",\"target\":[\"https:\/\/bike-express.ch\/de\/produit\/vyron-mds-v-3-100-mm-hub-o-h8796o-2\/\"]}]},{\"@type\":\"ImageObject\",\"inLanguage\":\"de\",\"@id\":\"https:\/\/bike-express.ch\/de\/produit\/vyron-mds-v-3-100-mm-hub-o-h8796o-2\/#primaryimage\",\"url\":\"https:\/\/bike-express.ch\/wp-content\/uploads\/2024\/08\/H8796O.jpg\",\"contentUrl\":\"https:\/\/bike-express.ch\/wp-content\/uploads\/2024\/08\/H8796O.jpg\",\"width\":913,\"height\":1920},{\"@type\":\"BreadcrumbList\",\"@id\":\"https:\/\/bike-express.ch\/de\/produit\/vyron-mds-v-3-100-mm-hub-o-h8796o-2\/#breadcrumb\",\"itemListElement\":[{\"@type\":\"ListItem\",\"position\":1,\"name\":\"Accueil\",\"item\":\"https:\/\/bike-express.ch\/de\/\"},{\"@type\":\"ListItem\",\"position\":2,\"name\":\"Unsere Produkte\",\"item\":\"https:\/\/bike-express.ch\/de\/unsere-produkte\/\"},{\"@type\":\"ListItem\",\"position\":3,\"name\":\"Fahrradteile\",\"item\":\"https:\/\/bike-express.ch\/de\/categorie-produit\/fahrrad-fahrradteile-de\/\"},{\"@type\":\"ListItem\",\"position\":4,\"name\":\"Sattelst\u00fctzen\",\"item\":\"https:\/\/bike-express.ch\/de\/categorie-produit\/fahrrad-fahrradteile-de\/fahrrad-fahrr-sattelstutzen-de\/\"},{\"@type\":\"ListItem\",\"position\":5,\"name\":\"Sattelst\u00fctzen\",\"item\":\"https:\/\/bike-express.ch\/de\/categorie-produit\/fahrrad-fahrradteile-de\/fahrrad-fahrr-sattelstutzen-de\/fahrrad-satte-sattelstutzen-de\/\"},{\"@type\":\"ListItem\",\"position\":6,\"name\":\"VYRON MDS-V.3 , 100 mm Hub, \u00d8 30,9 mm inkl. Remote (VE = 1 St\u00fcck)\"}]},{\"@type\":\"WebSite\",\"@id\":\"https:\/\/bike-express.ch\/de\/#website\",\"url\":\"https:\/\/bike-express.ch\/de\/\",\"name\":\"Bike Express\",\"description\":\"Num\u00e9ro 1 des pi\u00e8ces de v\u00e9los en Suisse\",\"potentialAction\":[{\"@type\":\"SearchAction\",\"target\":{\"@type\":\"EntryPoint\",\"urlTemplate\":\"https:\/\/bike-express.ch\/de\/?s={search_term_string}\"},\"query-input\":{\"@type\":\"PropertyValueSpecification\",\"valueRequired\":true,\"valueName\":\"search_term_string\"}}],\"inLanguage\":\"de\"}]}<\/script>\n<!-- \/ Yoast SEO plugin. -->","yoast_head_json":{"title":"VYRON MDS-V.3 , 100 mm Hub, \u00d8 30,9 mm inkl. Remote (VE = 1 St\u00fcck) - Bike Express","robots":{"index,follow":"index,follow"},"canonical":"https:\/\/bike-express.ch\/de\/produit\/vyron-mds-v-3-100-mm-hub-o-h8796o-2\/","og_locale":"de_DE","og_type":"article","og_title":"VYRON MDS-V.3 , 100 mm Hub, \u00d8 30,9 mm inkl. Remote (VE = 1 St\u00fcck) - Bike Express","og_description":"VYRON MDS-V.3 , 100 mm Hub, \u00d8 30,9 mm inkl. Remote (VE = 1 St\u00fcck) Die dritte Evolutionsstufe der VYRON wurde von Grund auf neu entwickelt und setzt hinsichtlich Bedienlogik, Widerstandsf\u00e4higkeit und Schnelligkeit neue Ma\u00dfst\u00e4be. Fahren statt Fummeln. Ohne Kabel. Ohne Aufladen. Kontrolle per Tastendruck. Besonders schnelle Absenkung. 100% Wasserdicht. 100% verl\u00e4sslich. Vier Hubvarianten plus [...]","og_url":"https:\/\/bike-express.ch\/de\/produit\/vyron-mds-v-3-100-mm-hub-o-h8796o-2\/","og_site_name":"Bike Express","article_modified_time":"2024-11-26T09:28:10+00:00","og_image":[{"width":913,"height":1920,"url":"https:\/\/bike-express.ch\/wp-content\/uploads\/2024\/08\/H8796O.jpg","type":"image\/jpeg"}],"twitter_card":"summary_large_image","twitter_misc":{"Gesch\u00e4tzte Lesezeit":"1\u00a0Minute"},"schema":{"@context":"https:\/\/schema.org","@graph":[{"@type":"WebPage","@id":"https:\/\/bike-express.ch\/de\/produit\/vyron-mds-v-3-100-mm-hub-o-h8796o-2\/","url":"https:\/\/bike-express.ch\/de\/produit\/vyron-mds-v-3-100-mm-hub-o-h8796o-2\/","name":"VYRON MDS-V.3 , 100 mm Hub, \u00d8 30,9 mm inkl. Remote (VE = 1 St\u00fcck) - Bike Express","isPartOf":{"@id":"https:\/\/bike-express.ch\/de\/#website"},"primaryImageOfPage":{"@id":"https:\/\/bike-express.ch\/de\/produit\/vyron-mds-v-3-100-mm-hub-o-h8796o-2\/#primaryimage"},"image":{"@id":"https:\/\/bike-express.ch\/de\/produit\/vyron-mds-v-3-100-mm-hub-o-h8796o-2\/#primaryimage"},"thumbnailUrl":"https:\/\/bike-express.ch\/wp-content\/uploads\/2024\/08\/H8796O.jpg","datePublished":"2024-08-24T04:27:17+00:00","dateModified":"2024-11-26T09:28:10+00:00","breadcrumb":{"@id":"https:\/\/bike-express.ch\/de\/produit\/vyron-mds-v-3-100-mm-hub-o-h8796o-2\/#breadcrumb"},"inLanguage":"de","potentialAction":[{"@type":"ReadAction","target":["https:\/\/bike-express.ch\/de\/produit\/vyron-mds-v-3-100-mm-hub-o-h8796o-2\/"]}]},{"@type":"ImageObject","inLanguage":"de","@id":"https:\/\/bike-express.ch\/de\/produit\/vyron-mds-v-3-100-mm-hub-o-h8796o-2\/#primaryimage","url":"https:\/\/bike-express.ch\/wp-content\/uploads\/2024\/08\/H8796O.jpg","contentUrl":"https:\/\/bike-express.ch\/wp-content\/uploads\/2024\/08\/H8796O.jpg","width":913,"height":1920},{"@type":"BreadcrumbList","@id":"https:\/\/bike-express.ch\/de\/produit\/vyron-mds-v-3-100-mm-hub-o-h8796o-2\/#breadcrumb","itemListElement":[{"@type":"ListItem","position":1,"name":"Accueil","item":"https:\/\/bike-express.ch\/de\/"},{"@type":"ListItem","position":2,"name":"Unsere Produkte","item":"https:\/\/bike-express.ch\/de\/unsere-produkte\/"},{"@type":"ListItem","position":3,"name":"Fahrradteile","item":"https:\/\/bike-express.ch\/de\/categorie-produit\/fahrrad-fahrradteile-de\/"},{"@type":"ListItem","position":4,"name":"Sattelst\u00fctzen","item":"https:\/\/bike-express.ch\/de\/categorie-produit\/fahrrad-fahrradteile-de\/fahrrad-fahrr-sattelstutzen-de\/"},{"@type":"ListItem","position":5,"name":"Sattelst\u00fctzen","item":"https:\/\/bike-express.ch\/de\/categorie-produit\/fahrrad-fahrradteile-de\/fahrrad-fahrr-sattelstutzen-de\/fahrrad-satte-sattelstutzen-de\/"},{"@type":"ListItem","position":6,"name":"VYRON MDS-V.3 , 100 mm Hub, \u00d8 30,9 mm inkl. Remote (VE = 1 St\u00fcck)"}]},{"@type":"WebSite","@id":"https:\/\/bike-express.ch\/de\/#website","url":"https:\/\/bike-express.ch\/de\/","name":"Bike Express","description":"Num\u00e9ro 1 des pi\u00e8ces de v\u00e9los en Suisse","potentialAction":[{"@type":"SearchAction","target":{"@type":"EntryPoint","urlTemplate":"https:\/\/bike-express.ch\/de\/?s={search_term_string}"},"query-input":{"@type":"PropertyValueSpecification","valueRequired":true,"valueName":"search_term_string"}}],"inLanguage":"de"}]}},"_links":{"self":[{"href":"https:\/\/bike-express.ch\/de\/wp-json\/wp\/v2\/product\/301469","targetHints":{"allow":["GET"]}}],"collection":[{"href":"https:\/\/bike-express.ch\/de\/wp-json\/wp\/v2\/product"}],"about":[{"href":"https:\/\/bike-express.ch\/de\/wp-json\/wp\/v2\/types\/product"}],"wp:featuredmedia":[{"embeddable":true,"href":"https:\/\/bike-express.ch\/de\/wp-json\/wp\/v2\/media\/301470"}],"wp:attachment":[{"href":"https:\/\/bike-express.ch\/de\/wp-json\/wp\/v2\/media?parent=301469"}],"wp:term":[{"taxonomy":"product_brand","embeddable":true,"href":"https:\/\/bike-express.ch\/de\/wp-json\/wp\/v2\/product_brand?post=301469"},{"taxonomy":"product_cat","embeddable":true,"href":"https:\/\/bike-express.ch\/de\/wp-json\/wp\/v2\/product_cat?post=301469"},{"taxonomy":"product_tag","embeddable":true,"href":"https:\/\/bike-express.ch\/de\/wp-json\/wp\/v2\/product_tag?post=301469"}],"curies":[{"name":"wp","href":"https:\/\/api.w.org\/{rel}","templated":true}]}}