{"id":30546,"date":"2022-01-31T12:16:45","date_gmt":"2022-01-31T11:16:45","guid":{"rendered":"https:\/\/test1.bike-express.ch\/new\/produit\/hinterradnabe-sram-900-28h-6-l-d7523o\/"},"modified":"2024-08-22T04:32:28","modified_gmt":"2024-08-22T02:32:28","slug":"hinterradnabe-sram-900-28h-6-l-d7523o","status":"publish","type":"product","link":"https:\/\/bike-express.ch\/de\/produit\/hinterradnabe-sram-900-28h-6-l-d7523o\/","title":{"rendered":"Hinterradnabe SRAM 900 28H 6-Loch XD-Bod QR \/ 12x142mm"},"content":{"rendered":"<p>Hinterradnabe SRAM 900 28H 6-Loch XD-Bod QR \/ 12x142mm<\/p>\n","protected":false},"excerpt":{"rendered":"<p>Hinterradnabe SRAM 900 28H 6-Loch XD-Bod QR \/ 12x142mm<\/p>\n","protected":false},"featured_media":269151,"template":"","meta":[],"product_brand":[118198],"product_cat":[117064,11847],"product_tag":[],"class_list":{"0":"post-30546","1":"product","2":"type-product","3":"status-publish","4":"has-post-thumbnail","6":"product_brand-sram","7":"product_cat-117064","8":"product_cat-fahrrad-fahrradteile-de","10":"first","11":"instock","12":"taxable","13":"shipping-taxable","14":"purchasable","15":"product-type-simple"},"yoast_head":"<!-- This site is optimized with the Yoast SEO plugin v27.1.1 - https:\/\/yoast.com\/product\/yoast-seo-wordpress\/ -->\n<title>Hinterradnabe SRAM 900 28H 6-Loch XD-Bod QR \/ 12x142mm - Bike Express<\/title>\n<meta name=\"robots\" content=\"index,follow\" \/>\n<link rel=\"canonical\" href=\"https:\/\/bike-express.ch\/de\/produit\/hinterradnabe-sram-900-28h-6-l-d7523o\/\" \/>\n<meta property=\"og:locale\" content=\"de_DE\" \/>\n<meta property=\"og:type\" content=\"article\" \/>\n<meta property=\"og:title\" content=\"Hinterradnabe SRAM 900 28H 6-Loch XD-Bod QR \/ 12x142mm - Bike Express\" \/>\n<meta property=\"og:description\" content=\"Hinterradnabe SRAM 900 28H 6-Loch XD-Bod QR \/ 12x142mm\" \/>\n<meta property=\"og:url\" content=\"https:\/\/bike-express.ch\/de\/produit\/hinterradnabe-sram-900-28h-6-l-d7523o\/\" \/>\n<meta property=\"og:site_name\" content=\"Bike Express\" \/>\n<meta property=\"article:modified_time\" content=\"2024-08-22T02:32:28+00:00\" \/>\n<meta property=\"og:image\" content=\"https:\/\/bike-express.ch\/wp-content\/uploads\/2022\/02\/D7523O.jpg\" \/>\n\t<meta property=\"og:image:width\" content=\"591\" \/>\n\t<meta property=\"og:image:height\" content=\"300\" \/>\n\t<meta property=\"og:image:type\" content=\"image\/jpeg\" \/>\n<meta name=\"twitter:card\" content=\"summary_large_image\" \/>\n<script type=\"application\/ld+json\" class=\"yoast-schema-graph\">{\"@context\":\"https:\/\/schema.org\",\"@graph\":[{\"@type\":\"WebPage\",\"@id\":\"https:\/\/bike-express.ch\/de\/produit\/hinterradnabe-sram-900-28h-6-l-d7523o\/\",\"url\":\"https:\/\/bike-express.ch\/de\/produit\/hinterradnabe-sram-900-28h-6-l-d7523o\/\",\"name\":\"Hinterradnabe SRAM 900 28H 6-Loch XD-Bod QR \/ 12x142mm - Bike Express\",\"isPartOf\":{\"@id\":\"https:\/\/bike-express.ch\/de\/#website\"},\"primaryImageOfPage\":{\"@id\":\"https:\/\/bike-express.ch\/de\/produit\/hinterradnabe-sram-900-28h-6-l-d7523o\/#primaryimage\"},\"image\":{\"@id\":\"https:\/\/bike-express.ch\/de\/produit\/hinterradnabe-sram-900-28h-6-l-d7523o\/#primaryimage\"},\"thumbnailUrl\":\"https:\/\/bike-express.ch\/wp-content\/uploads\/2024\/08\/D7523O.jpg\",\"datePublished\":\"2022-01-31T11:16:45+00:00\",\"dateModified\":\"2024-08-22T02:32:28+00:00\",\"breadcrumb\":{\"@id\":\"https:\/\/bike-express.ch\/de\/produit\/hinterradnabe-sram-900-28h-6-l-d7523o\/#breadcrumb\"},\"inLanguage\":\"de\",\"potentialAction\":[{\"@type\":\"ReadAction\",\"target\":[\"https:\/\/bike-express.ch\/de\/produit\/hinterradnabe-sram-900-28h-6-l-d7523o\/\"]}]},{\"@type\":\"ImageObject\",\"inLanguage\":\"de\",\"@id\":\"https:\/\/bike-express.ch\/de\/produit\/hinterradnabe-sram-900-28h-6-l-d7523o\/#primaryimage\",\"url\":\"https:\/\/bike-express.ch\/wp-content\/uploads\/2024\/08\/D7523O.jpg\",\"contentUrl\":\"https:\/\/bike-express.ch\/wp-content\/uploads\/2024\/08\/D7523O.jpg\",\"width\":591,\"height\":300},{\"@type\":\"BreadcrumbList\",\"@id\":\"https:\/\/bike-express.ch\/de\/produit\/hinterradnabe-sram-900-28h-6-l-d7523o\/#breadcrumb\",\"itemListElement\":[{\"@type\":\"ListItem\",\"position\":1,\"name\":\"Accueil\",\"item\":\"https:\/\/bike-express.ch\/de\/\"},{\"@type\":\"ListItem\",\"position\":2,\"name\":\"Unsere Produkte\",\"item\":\"https:\/\/bike-express.ch\/de\/unsere-produkte\/\"},{\"@type\":\"ListItem\",\"position\":3,\"name\":\"Fahrradteile\",\"item\":\"https:\/\/bike-express.ch\/de\/categorie-produit\/fahrrad-fahrradteile-de\/\"},{\"@type\":\"ListItem\",\"position\":4,\"name\":\"Laufr\u00e4der\",\"item\":\"https:\/\/bike-express.ch\/de\/categorie-produit\/fahrrad-fahrradteile-de\/fahrrad-fahrr-laufrader-de\/\"},{\"@type\":\"ListItem\",\"position\":5,\"name\":\"Naben\",\"item\":\"https:\/\/bike-express.ch\/de\/categorie-produit\/fahrrad-fahrradteile-de\/fahrrad-fahrr-laufrader-de\/fahrrad-laufr-naben-de\/\"},{\"@type\":\"ListItem\",\"position\":6,\"name\":\"Hinterradnabe SRAM 900 28H 6-Loch XD-Bod QR \/ 12x142mm\"}]},{\"@type\":\"WebSite\",\"@id\":\"https:\/\/bike-express.ch\/de\/#website\",\"url\":\"https:\/\/bike-express.ch\/de\/\",\"name\":\"Bike Express\",\"description\":\"Num\u00e9ro 1 des pi\u00e8ces de v\u00e9los en Suisse\",\"potentialAction\":[{\"@type\":\"SearchAction\",\"target\":{\"@type\":\"EntryPoint\",\"urlTemplate\":\"https:\/\/bike-express.ch\/de\/?s={search_term_string}\"},\"query-input\":{\"@type\":\"PropertyValueSpecification\",\"valueRequired\":true,\"valueName\":\"search_term_string\"}}],\"inLanguage\":\"de\"}]}<\/script>\n<!-- \/ Yoast SEO plugin. -->","yoast_head_json":{"title":"Hinterradnabe SRAM 900 28H 6-Loch XD-Bod QR \/ 12x142mm - Bike Express","robots":{"index,follow":"index,follow"},"canonical":"https:\/\/bike-express.ch\/de\/produit\/hinterradnabe-sram-900-28h-6-l-d7523o\/","og_locale":"de_DE","og_type":"article","og_title":"Hinterradnabe SRAM 900 28H 6-Loch XD-Bod QR \/ 12x142mm - Bike Express","og_description":"Hinterradnabe SRAM 900 28H 6-Loch XD-Bod QR \/ 12x142mm","og_url":"https:\/\/bike-express.ch\/de\/produit\/hinterradnabe-sram-900-28h-6-l-d7523o\/","og_site_name":"Bike Express","article_modified_time":"2024-08-22T02:32:28+00:00","og_image":[{"width":591,"height":300,"url":"https:\/\/bike-express.ch\/wp-content\/uploads\/2022\/02\/D7523O.jpg","type":"image\/jpeg"}],"twitter_card":"summary_large_image","schema":{"@context":"https:\/\/schema.org","@graph":[{"@type":"WebPage","@id":"https:\/\/bike-express.ch\/de\/produit\/hinterradnabe-sram-900-28h-6-l-d7523o\/","url":"https:\/\/bike-express.ch\/de\/produit\/hinterradnabe-sram-900-28h-6-l-d7523o\/","name":"Hinterradnabe SRAM 900 28H 6-Loch XD-Bod QR \/ 12x142mm - Bike Express","isPartOf":{"@id":"https:\/\/bike-express.ch\/de\/#website"},"primaryImageOfPage":{"@id":"https:\/\/bike-express.ch\/de\/produit\/hinterradnabe-sram-900-28h-6-l-d7523o\/#primaryimage"},"image":{"@id":"https:\/\/bike-express.ch\/de\/produit\/hinterradnabe-sram-900-28h-6-l-d7523o\/#primaryimage"},"thumbnailUrl":"https:\/\/bike-express.ch\/wp-content\/uploads\/2024\/08\/D7523O.jpg","datePublished":"2022-01-31T11:16:45+00:00","dateModified":"2024-08-22T02:32:28+00:00","breadcrumb":{"@id":"https:\/\/bike-express.ch\/de\/produit\/hinterradnabe-sram-900-28h-6-l-d7523o\/#breadcrumb"},"inLanguage":"de","potentialAction":[{"@type":"ReadAction","target":["https:\/\/bike-express.ch\/de\/produit\/hinterradnabe-sram-900-28h-6-l-d7523o\/"]}]},{"@type":"ImageObject","inLanguage":"de","@id":"https:\/\/bike-express.ch\/de\/produit\/hinterradnabe-sram-900-28h-6-l-d7523o\/#primaryimage","url":"https:\/\/bike-express.ch\/wp-content\/uploads\/2024\/08\/D7523O.jpg","contentUrl":"https:\/\/bike-express.ch\/wp-content\/uploads\/2024\/08\/D7523O.jpg","width":591,"height":300},{"@type":"BreadcrumbList","@id":"https:\/\/bike-express.ch\/de\/produit\/hinterradnabe-sram-900-28h-6-l-d7523o\/#breadcrumb","itemListElement":[{"@type":"ListItem","position":1,"name":"Accueil","item":"https:\/\/bike-express.ch\/de\/"},{"@type":"ListItem","position":2,"name":"Unsere Produkte","item":"https:\/\/bike-express.ch\/de\/unsere-produkte\/"},{"@type":"ListItem","position":3,"name":"Fahrradteile","item":"https:\/\/bike-express.ch\/de\/categorie-produit\/fahrrad-fahrradteile-de\/"},{"@type":"ListItem","position":4,"name":"Laufr\u00e4der","item":"https:\/\/bike-express.ch\/de\/categorie-produit\/fahrrad-fahrradteile-de\/fahrrad-fahrr-laufrader-de\/"},{"@type":"ListItem","position":5,"name":"Naben","item":"https:\/\/bike-express.ch\/de\/categorie-produit\/fahrrad-fahrradteile-de\/fahrrad-fahrr-laufrader-de\/fahrrad-laufr-naben-de\/"},{"@type":"ListItem","position":6,"name":"Hinterradnabe SRAM 900 28H 6-Loch XD-Bod QR \/ 12x142mm"}]},{"@type":"WebSite","@id":"https:\/\/bike-express.ch\/de\/#website","url":"https:\/\/bike-express.ch\/de\/","name":"Bike Express","description":"Num\u00e9ro 1 des pi\u00e8ces de v\u00e9los en Suisse","potentialAction":[{"@type":"SearchAction","target":{"@type":"EntryPoint","urlTemplate":"https:\/\/bike-express.ch\/de\/?s={search_term_string}"},"query-input":{"@type":"PropertyValueSpecification","valueRequired":true,"valueName":"search_term_string"}}],"inLanguage":"de"}]}},"_links":{"self":[{"href":"https:\/\/bike-express.ch\/de\/wp-json\/wp\/v2\/product\/30546","targetHints":{"allow":["GET"]}}],"collection":[{"href":"https:\/\/bike-express.ch\/de\/wp-json\/wp\/v2\/product"}],"about":[{"href":"https:\/\/bike-express.ch\/de\/wp-json\/wp\/v2\/types\/product"}],"wp:featuredmedia":[{"embeddable":true,"href":"https:\/\/bike-express.ch\/de\/wp-json\/wp\/v2\/media\/269151"}],"wp:attachment":[{"href":"https:\/\/bike-express.ch\/de\/wp-json\/wp\/v2\/media?parent=30546"}],"wp:term":[{"taxonomy":"product_brand","embeddable":true,"href":"https:\/\/bike-express.ch\/de\/wp-json\/wp\/v2\/product_brand?post=30546"},{"taxonomy":"product_cat","embeddable":true,"href":"https:\/\/bike-express.ch\/de\/wp-json\/wp\/v2\/product_cat?post=30546"},{"taxonomy":"product_tag","embeddable":true,"href":"https:\/\/bike-express.ch\/de\/wp-json\/wp\/v2\/product_tag?post=30546"}],"curies":[{"name":"wp","href":"https:\/\/api.w.org\/{rel}","templated":true}]}}