{"id":31338,"date":"2022-01-31T12:22:06","date_gmt":"2022-01-31T11:22:06","guid":{"rendered":"https:\/\/test1.bike-express.ch\/new\/produit\/x9-x7-r-a-gear-indicator-len-d7257d\/"},"modified":"2025-01-23T09:33:51","modified_gmt":"2025-01-23T08:33:51","slug":"x9-x7-r-a-gear-indicator-len-d7257d","status":"publish","type":"product","link":"https:\/\/bike-express.ch\/de\/produit\/x9-x7-r-a-gear-indicator-len-d7257d\/","title":{"rendered":"X9\/X7\/R\/A GEAR INDICATOR \/ LENS 8SPD,L\/R SRAM"},"content":{"rendered":"<p>X9\/X7\/R\/A GEAR INDICATOR \/ LENS 8SPD,L\/R SRAM<br \/>\nSRAM\u00ae Trigger Ganganzeige Kit<br \/>\n&#8211; Passend zu: 06 X.9 \/ 07-08 X.7 \/ Rocket \/ Attack \/ 07 SX5 \/ X5<\/p>\n","protected":false},"excerpt":{"rendered":"<p>X9\/X7\/R\/A GEAR INDICATOR \/ LENS 8SPD,L\/R SRAM SRAM\u00ae Trigger Ganganzeige Kit &#8211; Passend zu: 06 X.9 \/ 07-08 X.7 \/ Rocket \/ Attack \/ 07 SX5 \/ X5<\/p>\n","protected":false},"featured_media":285282,"template":"","meta":[],"product_brand":[118198],"product_cat":[11847,117095],"product_tag":[],"class_list":{"0":"post-31338","1":"product","2":"type-product","3":"status-publish","4":"has-post-thumbnail","6":"product_brand-sram","7":"product_cat-fahrrad-fahrradteile-de","8":"product_cat-trigger-shifters-mtb","10":"first","11":"instock","12":"taxable","13":"shipping-taxable","14":"purchasable","15":"product-type-simple"},"yoast_head":"<!-- This site is optimized with the Yoast SEO plugin v27.1.1 - https:\/\/yoast.com\/product\/yoast-seo-wordpress\/ -->\n<title>X9\/X7\/R\/A GEAR INDICATOR \/ LENS 8SPD,L\/R SRAM - Bike Express<\/title>\n<meta name=\"robots\" content=\"index,follow\" \/>\n<link rel=\"canonical\" href=\"https:\/\/bike-express.ch\/de\/produit\/x9-x7-r-a-gear-indicator-len-d7257d\/\" \/>\n<meta property=\"og:locale\" content=\"de_DE\" \/>\n<meta property=\"og:type\" content=\"article\" \/>\n<meta property=\"og:title\" content=\"X9\/X7\/R\/A GEAR INDICATOR \/ LENS 8SPD,L\/R SRAM - Bike Express\" \/>\n<meta property=\"og:description\" content=\"X9\/X7\/R\/A GEAR INDICATOR \/ LENS 8SPD,L\/R SRAM SRAM\u00ae Trigger Ganganzeige Kit &#8211; Passend zu: 06 X.9 \/ 07-08 X.7 \/ Rocket \/ Attack \/ 07 SX5 \/ X5\" \/>\n<meta property=\"og:url\" content=\"https:\/\/bike-express.ch\/de\/produit\/x9-x7-r-a-gear-indicator-len-d7257d\/\" \/>\n<meta property=\"og:site_name\" content=\"Bike Express\" \/>\n<meta property=\"article:modified_time\" content=\"2025-01-23T08:33:51+00:00\" \/>\n<meta property=\"og:image\" content=\"https:\/\/bike-express.ch\/wp-content\/uploads\/2024\/08\/D7257D.jpg\" \/>\n\t<meta property=\"og:image:width\" content=\"590\" \/>\n\t<meta property=\"og:image:height\" content=\"480\" \/>\n\t<meta property=\"og:image:type\" content=\"image\/jpeg\" \/>\n<meta name=\"twitter:card\" content=\"summary_large_image\" \/>\n<script type=\"application\/ld+json\" class=\"yoast-schema-graph\">{\"@context\":\"https:\/\/schema.org\",\"@graph\":[{\"@type\":\"WebPage\",\"@id\":\"https:\/\/bike-express.ch\/de\/produit\/x9-x7-r-a-gear-indicator-len-d7257d\/\",\"url\":\"https:\/\/bike-express.ch\/de\/produit\/x9-x7-r-a-gear-indicator-len-d7257d\/\",\"name\":\"X9\/X7\/R\/A GEAR INDICATOR \/ LENS 8SPD,L\/R SRAM - Bike Express\",\"isPartOf\":{\"@id\":\"https:\/\/bike-express.ch\/de\/#website\"},\"primaryImageOfPage\":{\"@id\":\"https:\/\/bike-express.ch\/de\/produit\/x9-x7-r-a-gear-indicator-len-d7257d\/#primaryimage\"},\"image\":{\"@id\":\"https:\/\/bike-express.ch\/de\/produit\/x9-x7-r-a-gear-indicator-len-d7257d\/#primaryimage\"},\"thumbnailUrl\":\"https:\/\/bike-express.ch\/wp-content\/uploads\/2024\/08\/D7257D.jpg\",\"datePublished\":\"2022-01-31T11:22:06+00:00\",\"dateModified\":\"2025-01-23T08:33:51+00:00\",\"breadcrumb\":{\"@id\":\"https:\/\/bike-express.ch\/de\/produit\/x9-x7-r-a-gear-indicator-len-d7257d\/#breadcrumb\"},\"inLanguage\":\"de\",\"potentialAction\":[{\"@type\":\"ReadAction\",\"target\":[\"https:\/\/bike-express.ch\/de\/produit\/x9-x7-r-a-gear-indicator-len-d7257d\/\"]}]},{\"@type\":\"ImageObject\",\"inLanguage\":\"de\",\"@id\":\"https:\/\/bike-express.ch\/de\/produit\/x9-x7-r-a-gear-indicator-len-d7257d\/#primaryimage\",\"url\":\"https:\/\/bike-express.ch\/wp-content\/uploads\/2024\/08\/D7257D.jpg\",\"contentUrl\":\"https:\/\/bike-express.ch\/wp-content\/uploads\/2024\/08\/D7257D.jpg\",\"width\":590,\"height\":480},{\"@type\":\"BreadcrumbList\",\"@id\":\"https:\/\/bike-express.ch\/de\/produit\/x9-x7-r-a-gear-indicator-len-d7257d\/#breadcrumb\",\"itemListElement\":[{\"@type\":\"ListItem\",\"position\":1,\"name\":\"Accueil\",\"item\":\"https:\/\/bike-express.ch\/de\/\"},{\"@type\":\"ListItem\",\"position\":2,\"name\":\"Unsere Produkte\",\"item\":\"https:\/\/bike-express.ch\/de\/unsere-produkte\/\"},{\"@type\":\"ListItem\",\"position\":3,\"name\":\"Fahrradteile\",\"item\":\"https:\/\/bike-express.ch\/de\/categorie-produit\/fahrrad-fahrradteile-de\/\"},{\"@type\":\"ListItem\",\"position\":4,\"name\":\"Federung\",\"item\":\"https:\/\/bike-express.ch\/de\/categorie-produit\/fahrrad-fahrradteile-de\/fahrrad-fahrr-federung-de\/\"},{\"@type\":\"ListItem\",\"position\":5,\"name\":\"Aufh\u00e4ngungszubeh\u00f6r\",\"item\":\"https:\/\/bike-express.ch\/de\/categorie-produit\/fahrrad-fahrradteile-de\/fahrrad-fahrr-federung-de\/aufhangungszubehor-de\/\"},{\"@type\":\"ListItem\",\"position\":6,\"name\":\"X9\/X7\/R\/A GEAR INDICATOR \/ LENS 8SPD,L\/R SRAM\"}]},{\"@type\":\"WebSite\",\"@id\":\"https:\/\/bike-express.ch\/de\/#website\",\"url\":\"https:\/\/bike-express.ch\/de\/\",\"name\":\"Bike Express\",\"description\":\"Num\u00e9ro 1 des pi\u00e8ces de v\u00e9los en Suisse\",\"potentialAction\":[{\"@type\":\"SearchAction\",\"target\":{\"@type\":\"EntryPoint\",\"urlTemplate\":\"https:\/\/bike-express.ch\/de\/?s={search_term_string}\"},\"query-input\":{\"@type\":\"PropertyValueSpecification\",\"valueRequired\":true,\"valueName\":\"search_term_string\"}}],\"inLanguage\":\"de\"}]}<\/script>\n<!-- \/ Yoast SEO plugin. -->","yoast_head_json":{"title":"X9\/X7\/R\/A GEAR INDICATOR \/ LENS 8SPD,L\/R SRAM - Bike Express","robots":{"index,follow":"index,follow"},"canonical":"https:\/\/bike-express.ch\/de\/produit\/x9-x7-r-a-gear-indicator-len-d7257d\/","og_locale":"de_DE","og_type":"article","og_title":"X9\/X7\/R\/A GEAR INDICATOR \/ LENS 8SPD,L\/R SRAM - Bike Express","og_description":"X9\/X7\/R\/A GEAR INDICATOR \/ LENS 8SPD,L\/R SRAM SRAM\u00ae Trigger Ganganzeige Kit &#8211; Passend zu: 06 X.9 \/ 07-08 X.7 \/ Rocket \/ Attack \/ 07 SX5 \/ X5","og_url":"https:\/\/bike-express.ch\/de\/produit\/x9-x7-r-a-gear-indicator-len-d7257d\/","og_site_name":"Bike Express","article_modified_time":"2025-01-23T08:33:51+00:00","og_image":[{"width":590,"height":480,"url":"https:\/\/bike-express.ch\/wp-content\/uploads\/2024\/08\/D7257D.jpg","type":"image\/jpeg"}],"twitter_card":"summary_large_image","schema":{"@context":"https:\/\/schema.org","@graph":[{"@type":"WebPage","@id":"https:\/\/bike-express.ch\/de\/produit\/x9-x7-r-a-gear-indicator-len-d7257d\/","url":"https:\/\/bike-express.ch\/de\/produit\/x9-x7-r-a-gear-indicator-len-d7257d\/","name":"X9\/X7\/R\/A GEAR INDICATOR \/ LENS 8SPD,L\/R SRAM - Bike Express","isPartOf":{"@id":"https:\/\/bike-express.ch\/de\/#website"},"primaryImageOfPage":{"@id":"https:\/\/bike-express.ch\/de\/produit\/x9-x7-r-a-gear-indicator-len-d7257d\/#primaryimage"},"image":{"@id":"https:\/\/bike-express.ch\/de\/produit\/x9-x7-r-a-gear-indicator-len-d7257d\/#primaryimage"},"thumbnailUrl":"https:\/\/bike-express.ch\/wp-content\/uploads\/2024\/08\/D7257D.jpg","datePublished":"2022-01-31T11:22:06+00:00","dateModified":"2025-01-23T08:33:51+00:00","breadcrumb":{"@id":"https:\/\/bike-express.ch\/de\/produit\/x9-x7-r-a-gear-indicator-len-d7257d\/#breadcrumb"},"inLanguage":"de","potentialAction":[{"@type":"ReadAction","target":["https:\/\/bike-express.ch\/de\/produit\/x9-x7-r-a-gear-indicator-len-d7257d\/"]}]},{"@type":"ImageObject","inLanguage":"de","@id":"https:\/\/bike-express.ch\/de\/produit\/x9-x7-r-a-gear-indicator-len-d7257d\/#primaryimage","url":"https:\/\/bike-express.ch\/wp-content\/uploads\/2024\/08\/D7257D.jpg","contentUrl":"https:\/\/bike-express.ch\/wp-content\/uploads\/2024\/08\/D7257D.jpg","width":590,"height":480},{"@type":"BreadcrumbList","@id":"https:\/\/bike-express.ch\/de\/produit\/x9-x7-r-a-gear-indicator-len-d7257d\/#breadcrumb","itemListElement":[{"@type":"ListItem","position":1,"name":"Accueil","item":"https:\/\/bike-express.ch\/de\/"},{"@type":"ListItem","position":2,"name":"Unsere Produkte","item":"https:\/\/bike-express.ch\/de\/unsere-produkte\/"},{"@type":"ListItem","position":3,"name":"Fahrradteile","item":"https:\/\/bike-express.ch\/de\/categorie-produit\/fahrrad-fahrradteile-de\/"},{"@type":"ListItem","position":4,"name":"Federung","item":"https:\/\/bike-express.ch\/de\/categorie-produit\/fahrrad-fahrradteile-de\/fahrrad-fahrr-federung-de\/"},{"@type":"ListItem","position":5,"name":"Aufh\u00e4ngungszubeh\u00f6r","item":"https:\/\/bike-express.ch\/de\/categorie-produit\/fahrrad-fahrradteile-de\/fahrrad-fahrr-federung-de\/aufhangungszubehor-de\/"},{"@type":"ListItem","position":6,"name":"X9\/X7\/R\/A GEAR INDICATOR \/ LENS 8SPD,L\/R SRAM"}]},{"@type":"WebSite","@id":"https:\/\/bike-express.ch\/de\/#website","url":"https:\/\/bike-express.ch\/de\/","name":"Bike Express","description":"Num\u00e9ro 1 des pi\u00e8ces de v\u00e9los en Suisse","potentialAction":[{"@type":"SearchAction","target":{"@type":"EntryPoint","urlTemplate":"https:\/\/bike-express.ch\/de\/?s={search_term_string}"},"query-input":{"@type":"PropertyValueSpecification","valueRequired":true,"valueName":"search_term_string"}}],"inLanguage":"de"}]}},"_links":{"self":[{"href":"https:\/\/bike-express.ch\/de\/wp-json\/wp\/v2\/product\/31338","targetHints":{"allow":["GET"]}}],"collection":[{"href":"https:\/\/bike-express.ch\/de\/wp-json\/wp\/v2\/product"}],"about":[{"href":"https:\/\/bike-express.ch\/de\/wp-json\/wp\/v2\/types\/product"}],"wp:featuredmedia":[{"embeddable":true,"href":"https:\/\/bike-express.ch\/de\/wp-json\/wp\/v2\/media\/285282"}],"wp:attachment":[{"href":"https:\/\/bike-express.ch\/de\/wp-json\/wp\/v2\/media?parent=31338"}],"wp:term":[{"taxonomy":"product_brand","embeddable":true,"href":"https:\/\/bike-express.ch\/de\/wp-json\/wp\/v2\/product_brand?post=31338"},{"taxonomy":"product_cat","embeddable":true,"href":"https:\/\/bike-express.ch\/de\/wp-json\/wp\/v2\/product_cat?post=31338"},{"taxonomy":"product_tag","embeddable":true,"href":"https:\/\/bike-express.ch\/de\/wp-json\/wp\/v2\/product_tag?post=31338"}],"curies":[{"name":"wp","href":"https:\/\/api.w.org\/{rel}","templated":true}]}}