{"id":31926,"date":"2022-01-31T12:25:43","date_gmt":"2022-01-31T11:25:43","guid":{"rendered":"https:\/\/test1.bike-express.ch\/new\/produit\/elixir-lever-blade-kit-al-grey-d1693p\/"},"modified":"2025-01-22T16:14:50","modified_gmt":"2025-01-22T15:14:50","slug":"elixir-lever-blade-kit-al-grey-d1693p","status":"publish","type":"product","link":"https:\/\/bike-express.ch\/de\/produit\/elixir-lever-blade-kit-al-grey-d1693p\/","title":{"rendered":"ELIXIR LEVER BLADE KIT AL GREY AVID"},"content":{"rendered":"<p>ELIXIR LEVER BLADE KIT AL GREY AVID<\/p>\n","protected":false},"excerpt":{"rendered":"<p>ELIXIR LEVER BLADE KIT AL GREY AVID<\/p>\n","protected":false},"featured_media":285737,"template":"","meta":[],"product_brand":[118201],"product_cat":[117101,11847],"product_tag":[],"class_list":{"0":"post-31926","1":"product","2":"type-product","3":"status-publish","4":"has-post-thumbnail","6":"product_brand-avid","7":"product_cat-brake-levers-mtb","8":"product_cat-fahrrad-fahrradteile-de","10":"first","11":"instock","12":"taxable","13":"shipping-taxable","14":"purchasable","15":"product-type-simple"},"yoast_head":"<!-- This site is optimized with the Yoast SEO plugin v27.1.1 - https:\/\/yoast.com\/product\/yoast-seo-wordpress\/ -->\n<title>ELIXIR LEVER BLADE KIT AL GREY AVID - Bike Express<\/title>\n<meta name=\"robots\" content=\"index,follow\" \/>\n<link rel=\"canonical\" href=\"https:\/\/bike-express.ch\/de\/produit\/elixir-lever-blade-kit-al-grey-d1693p\/\" \/>\n<meta property=\"og:locale\" content=\"de_DE\" \/>\n<meta property=\"og:type\" content=\"article\" \/>\n<meta property=\"og:title\" content=\"ELIXIR LEVER BLADE KIT AL GREY AVID - Bike Express\" \/>\n<meta property=\"og:description\" content=\"ELIXIR LEVER BLADE KIT AL GREY AVID\" \/>\n<meta property=\"og:url\" content=\"https:\/\/bike-express.ch\/de\/produit\/elixir-lever-blade-kit-al-grey-d1693p\/\" \/>\n<meta property=\"og:site_name\" content=\"Bike Express\" \/>\n<meta property=\"article:modified_time\" content=\"2025-01-22T15:14:50+00:00\" \/>\n<meta property=\"og:image\" content=\"https:\/\/bike-express.ch\/wp-content\/uploads\/2024\/08\/D1693P.jpg\" \/>\n\t<meta property=\"og:image:width\" content=\"231\" \/>\n\t<meta property=\"og:image:height\" content=\"218\" \/>\n\t<meta property=\"og:image:type\" content=\"image\/jpeg\" \/>\n<meta name=\"twitter:card\" content=\"summary_large_image\" \/>\n<script type=\"application\/ld+json\" class=\"yoast-schema-graph\">{\"@context\":\"https:\/\/schema.org\",\"@graph\":[{\"@type\":\"WebPage\",\"@id\":\"https:\/\/bike-express.ch\/de\/produit\/elixir-lever-blade-kit-al-grey-d1693p\/\",\"url\":\"https:\/\/bike-express.ch\/de\/produit\/elixir-lever-blade-kit-al-grey-d1693p\/\",\"name\":\"ELIXIR LEVER BLADE KIT AL GREY AVID - Bike Express\",\"isPartOf\":{\"@id\":\"https:\/\/bike-express.ch\/de\/#website\"},\"primaryImageOfPage\":{\"@id\":\"https:\/\/bike-express.ch\/de\/produit\/elixir-lever-blade-kit-al-grey-d1693p\/#primaryimage\"},\"image\":{\"@id\":\"https:\/\/bike-express.ch\/de\/produit\/elixir-lever-blade-kit-al-grey-d1693p\/#primaryimage\"},\"thumbnailUrl\":\"https:\/\/bike-express.ch\/wp-content\/uploads\/2024\/08\/D1693P.jpg\",\"datePublished\":\"2022-01-31T11:25:43+00:00\",\"dateModified\":\"2025-01-22T15:14:50+00:00\",\"breadcrumb\":{\"@id\":\"https:\/\/bike-express.ch\/de\/produit\/elixir-lever-blade-kit-al-grey-d1693p\/#breadcrumb\"},\"inLanguage\":\"de\",\"potentialAction\":[{\"@type\":\"ReadAction\",\"target\":[\"https:\/\/bike-express.ch\/de\/produit\/elixir-lever-blade-kit-al-grey-d1693p\/\"]}]},{\"@type\":\"ImageObject\",\"inLanguage\":\"de\",\"@id\":\"https:\/\/bike-express.ch\/de\/produit\/elixir-lever-blade-kit-al-grey-d1693p\/#primaryimage\",\"url\":\"https:\/\/bike-express.ch\/wp-content\/uploads\/2024\/08\/D1693P.jpg\",\"contentUrl\":\"https:\/\/bike-express.ch\/wp-content\/uploads\/2024\/08\/D1693P.jpg\",\"width\":231,\"height\":218},{\"@type\":\"BreadcrumbList\",\"@id\":\"https:\/\/bike-express.ch\/de\/produit\/elixir-lever-blade-kit-al-grey-d1693p\/#breadcrumb\",\"itemListElement\":[{\"@type\":\"ListItem\",\"position\":1,\"name\":\"Accueil\",\"item\":\"https:\/\/bike-express.ch\/de\/\"},{\"@type\":\"ListItem\",\"position\":2,\"name\":\"Unsere Produkte\",\"item\":\"https:\/\/bike-express.ch\/de\/unsere-produkte\/\"},{\"@type\":\"ListItem\",\"position\":3,\"name\":\"Fahrradteile\",\"item\":\"https:\/\/bike-express.ch\/de\/categorie-produit\/fahrrad-fahrradteile-de\/\"},{\"@type\":\"ListItem\",\"position\":4,\"name\":\"Bremsen\",\"item\":\"https:\/\/bike-express.ch\/de\/categorie-produit\/fahrrad-fahrradteile-de\/fahrrad-fahrr-bremsen-de\/\"},{\"@type\":\"ListItem\",\"position\":5,\"name\":\"Bremsen\",\"item\":\"https:\/\/bike-express.ch\/de\/categorie-produit\/fahrrad-fahrradteile-de\/fahrrad-fahrr-bremsen-de\/fahrrad-brems-bremsen-de\/\"},{\"@type\":\"ListItem\",\"position\":6,\"name\":\"Zubeh\u00f6rbremsen\",\"item\":\"https:\/\/bike-express.ch\/de\/categorie-produit\/fahrrad-fahrradteile-de\/fahrrad-fahrr-bremsen-de\/fahrrad-brems-bremsen-de\/zubehorbremsen-de\/\"},{\"@type\":\"ListItem\",\"position\":7,\"name\":\"ELIXIR LEVER BLADE KIT AL GREY AVID\"}]},{\"@type\":\"WebSite\",\"@id\":\"https:\/\/bike-express.ch\/de\/#website\",\"url\":\"https:\/\/bike-express.ch\/de\/\",\"name\":\"Bike Express\",\"description\":\"Num\u00e9ro 1 des pi\u00e8ces de v\u00e9los en Suisse\",\"potentialAction\":[{\"@type\":\"SearchAction\",\"target\":{\"@type\":\"EntryPoint\",\"urlTemplate\":\"https:\/\/bike-express.ch\/de\/?s={search_term_string}\"},\"query-input\":{\"@type\":\"PropertyValueSpecification\",\"valueRequired\":true,\"valueName\":\"search_term_string\"}}],\"inLanguage\":\"de\"}]}<\/script>\n<!-- \/ Yoast SEO plugin. -->","yoast_head_json":{"title":"ELIXIR LEVER BLADE KIT AL GREY AVID - Bike Express","robots":{"index,follow":"index,follow"},"canonical":"https:\/\/bike-express.ch\/de\/produit\/elixir-lever-blade-kit-al-grey-d1693p\/","og_locale":"de_DE","og_type":"article","og_title":"ELIXIR LEVER BLADE KIT AL GREY AVID - Bike Express","og_description":"ELIXIR LEVER BLADE KIT AL GREY AVID","og_url":"https:\/\/bike-express.ch\/de\/produit\/elixir-lever-blade-kit-al-grey-d1693p\/","og_site_name":"Bike Express","article_modified_time":"2025-01-22T15:14:50+00:00","og_image":[{"width":231,"height":218,"url":"https:\/\/bike-express.ch\/wp-content\/uploads\/2024\/08\/D1693P.jpg","type":"image\/jpeg"}],"twitter_card":"summary_large_image","schema":{"@context":"https:\/\/schema.org","@graph":[{"@type":"WebPage","@id":"https:\/\/bike-express.ch\/de\/produit\/elixir-lever-blade-kit-al-grey-d1693p\/","url":"https:\/\/bike-express.ch\/de\/produit\/elixir-lever-blade-kit-al-grey-d1693p\/","name":"ELIXIR LEVER BLADE KIT AL GREY AVID - Bike Express","isPartOf":{"@id":"https:\/\/bike-express.ch\/de\/#website"},"primaryImageOfPage":{"@id":"https:\/\/bike-express.ch\/de\/produit\/elixir-lever-blade-kit-al-grey-d1693p\/#primaryimage"},"image":{"@id":"https:\/\/bike-express.ch\/de\/produit\/elixir-lever-blade-kit-al-grey-d1693p\/#primaryimage"},"thumbnailUrl":"https:\/\/bike-express.ch\/wp-content\/uploads\/2024\/08\/D1693P.jpg","datePublished":"2022-01-31T11:25:43+00:00","dateModified":"2025-01-22T15:14:50+00:00","breadcrumb":{"@id":"https:\/\/bike-express.ch\/de\/produit\/elixir-lever-blade-kit-al-grey-d1693p\/#breadcrumb"},"inLanguage":"de","potentialAction":[{"@type":"ReadAction","target":["https:\/\/bike-express.ch\/de\/produit\/elixir-lever-blade-kit-al-grey-d1693p\/"]}]},{"@type":"ImageObject","inLanguage":"de","@id":"https:\/\/bike-express.ch\/de\/produit\/elixir-lever-blade-kit-al-grey-d1693p\/#primaryimage","url":"https:\/\/bike-express.ch\/wp-content\/uploads\/2024\/08\/D1693P.jpg","contentUrl":"https:\/\/bike-express.ch\/wp-content\/uploads\/2024\/08\/D1693P.jpg","width":231,"height":218},{"@type":"BreadcrumbList","@id":"https:\/\/bike-express.ch\/de\/produit\/elixir-lever-blade-kit-al-grey-d1693p\/#breadcrumb","itemListElement":[{"@type":"ListItem","position":1,"name":"Accueil","item":"https:\/\/bike-express.ch\/de\/"},{"@type":"ListItem","position":2,"name":"Unsere Produkte","item":"https:\/\/bike-express.ch\/de\/unsere-produkte\/"},{"@type":"ListItem","position":3,"name":"Fahrradteile","item":"https:\/\/bike-express.ch\/de\/categorie-produit\/fahrrad-fahrradteile-de\/"},{"@type":"ListItem","position":4,"name":"Bremsen","item":"https:\/\/bike-express.ch\/de\/categorie-produit\/fahrrad-fahrradteile-de\/fahrrad-fahrr-bremsen-de\/"},{"@type":"ListItem","position":5,"name":"Bremsen","item":"https:\/\/bike-express.ch\/de\/categorie-produit\/fahrrad-fahrradteile-de\/fahrrad-fahrr-bremsen-de\/fahrrad-brems-bremsen-de\/"},{"@type":"ListItem","position":6,"name":"Zubeh\u00f6rbremsen","item":"https:\/\/bike-express.ch\/de\/categorie-produit\/fahrrad-fahrradteile-de\/fahrrad-fahrr-bremsen-de\/fahrrad-brems-bremsen-de\/zubehorbremsen-de\/"},{"@type":"ListItem","position":7,"name":"ELIXIR LEVER BLADE KIT AL GREY AVID"}]},{"@type":"WebSite","@id":"https:\/\/bike-express.ch\/de\/#website","url":"https:\/\/bike-express.ch\/de\/","name":"Bike Express","description":"Num\u00e9ro 1 des pi\u00e8ces de v\u00e9los en Suisse","potentialAction":[{"@type":"SearchAction","target":{"@type":"EntryPoint","urlTemplate":"https:\/\/bike-express.ch\/de\/?s={search_term_string}"},"query-input":{"@type":"PropertyValueSpecification","valueRequired":true,"valueName":"search_term_string"}}],"inLanguage":"de"}]}},"_links":{"self":[{"href":"https:\/\/bike-express.ch\/de\/wp-json\/wp\/v2\/product\/31926","targetHints":{"allow":["GET"]}}],"collection":[{"href":"https:\/\/bike-express.ch\/de\/wp-json\/wp\/v2\/product"}],"about":[{"href":"https:\/\/bike-express.ch\/de\/wp-json\/wp\/v2\/types\/product"}],"wp:featuredmedia":[{"embeddable":true,"href":"https:\/\/bike-express.ch\/de\/wp-json\/wp\/v2\/media\/285737"}],"wp:attachment":[{"href":"https:\/\/bike-express.ch\/de\/wp-json\/wp\/v2\/media?parent=31926"}],"wp:term":[{"taxonomy":"product_brand","embeddable":true,"href":"https:\/\/bike-express.ch\/de\/wp-json\/wp\/v2\/product_brand?post=31926"},{"taxonomy":"product_cat","embeddable":true,"href":"https:\/\/bike-express.ch\/de\/wp-json\/wp\/v2\/product_cat?post=31926"},{"taxonomy":"product_tag","embeddable":true,"href":"https:\/\/bike-express.ch\/de\/wp-json\/wp\/v2\/product_tag?post=31926"}],"curies":[{"name":"wp","href":"https:\/\/api.w.org\/{rel}","templated":true}]}}