{"id":322481,"date":"2024-08-24T21:08:37","date_gmt":"2024-08-24T19:08:37","guid":{"rendered":"https:\/\/bike-express.ch\/produit\/kettenrad-minitrial-e-20-x2130h\/"},"modified":"2025-01-07T09:52:12","modified_gmt":"2025-01-07T08:52:12","slug":"kettenrad-minitrial-e-20-x2130h-2","status":"publish","type":"product","link":"https:\/\/bike-express.ch\/de\/produit\/kettenrad-minitrial-e-20-x2130h-2\/","title":{"rendered":"KETTENRAD MINITRIAL E 20"},"content":{"rendered":"<p>KETTENRAD MINITRIAL E 20<\/p>\n","protected":false},"excerpt":{"rendered":"<p>KETTENRAD MINITRIAL E 20<\/p>\n","protected":false},"featured_media":322482,"template":"","meta":[],"product_brand":[],"product_cat":[11850,11847,11857],"product_tag":[],"class_list":{"0":"post-322481","1":"product","2":"type-product","3":"status-publish","4":"has-post-thumbnail","6":"product_cat-fahrrad-fahrr-antrieb-de","7":"product_cat-fahrrad-fahrradteile-de","8":"product_cat-fahrrad-antri-schaltung-de","10":"first","11":"instock","12":"taxable","13":"shipping-taxable","14":"purchasable","15":"product-type-simple"},"yoast_head":"<!-- This site is optimized with the Yoast SEO plugin v27.1.1 - https:\/\/yoast.com\/product\/yoast-seo-wordpress\/ -->\n<title>KETTENRAD MINITRIAL E 20 - Bike Express<\/title>\n<meta name=\"robots\" content=\"index,follow\" \/>\n<link rel=\"canonical\" href=\"https:\/\/bike-express.ch\/de\/produit\/kettenrad-minitrial-e-20-x2130h-2\/\" \/>\n<meta property=\"og:locale\" content=\"de_DE\" \/>\n<meta property=\"og:type\" content=\"article\" \/>\n<meta property=\"og:title\" content=\"KETTENRAD MINITRIAL E 20 - Bike Express\" \/>\n<meta property=\"og:description\" content=\"KETTENRAD MINITRIAL E 20\" \/>\n<meta property=\"og:url\" content=\"https:\/\/bike-express.ch\/de\/produit\/kettenrad-minitrial-e-20-x2130h-2\/\" \/>\n<meta property=\"og:site_name\" content=\"Bike Express\" \/>\n<meta property=\"article:modified_time\" content=\"2025-01-07T08:52:12+00:00\" \/>\n<meta property=\"og:image\" content=\"https:\/\/bike-express.ch\/wp-content\/uploads\/2024\/08\/X2130H.jpg\" \/>\n\t<meta property=\"og:image:width\" content=\"800\" \/>\n\t<meta property=\"og:image:height\" content=\"763\" \/>\n\t<meta property=\"og:image:type\" content=\"image\/jpeg\" \/>\n<meta name=\"twitter:card\" content=\"summary_large_image\" \/>\n<script type=\"application\/ld+json\" class=\"yoast-schema-graph\">{\"@context\":\"https:\/\/schema.org\",\"@graph\":[{\"@type\":\"WebPage\",\"@id\":\"https:\/\/bike-express.ch\/de\/produit\/kettenrad-minitrial-e-20-x2130h-2\/\",\"url\":\"https:\/\/bike-express.ch\/de\/produit\/kettenrad-minitrial-e-20-x2130h-2\/\",\"name\":\"KETTENRAD MINITRIAL E 20 - Bike Express\",\"isPartOf\":{\"@id\":\"https:\/\/bike-express.ch\/de\/#website\"},\"primaryImageOfPage\":{\"@id\":\"https:\/\/bike-express.ch\/de\/produit\/kettenrad-minitrial-e-20-x2130h-2\/#primaryimage\"},\"image\":{\"@id\":\"https:\/\/bike-express.ch\/de\/produit\/kettenrad-minitrial-e-20-x2130h-2\/#primaryimage\"},\"thumbnailUrl\":\"https:\/\/bike-express.ch\/wp-content\/uploads\/2024\/08\/X2130H.jpg\",\"datePublished\":\"2024-08-24T19:08:37+00:00\",\"dateModified\":\"2025-01-07T08:52:12+00:00\",\"breadcrumb\":{\"@id\":\"https:\/\/bike-express.ch\/de\/produit\/kettenrad-minitrial-e-20-x2130h-2\/#breadcrumb\"},\"inLanguage\":\"de\",\"potentialAction\":[{\"@type\":\"ReadAction\",\"target\":[\"https:\/\/bike-express.ch\/de\/produit\/kettenrad-minitrial-e-20-x2130h-2\/\"]}]},{\"@type\":\"ImageObject\",\"inLanguage\":\"de\",\"@id\":\"https:\/\/bike-express.ch\/de\/produit\/kettenrad-minitrial-e-20-x2130h-2\/#primaryimage\",\"url\":\"https:\/\/bike-express.ch\/wp-content\/uploads\/2024\/08\/X2130H.jpg\",\"contentUrl\":\"https:\/\/bike-express.ch\/wp-content\/uploads\/2024\/08\/X2130H.jpg\",\"width\":800,\"height\":763},{\"@type\":\"BreadcrumbList\",\"@id\":\"https:\/\/bike-express.ch\/de\/produit\/kettenrad-minitrial-e-20-x2130h-2\/#breadcrumb\",\"itemListElement\":[{\"@type\":\"ListItem\",\"position\":1,\"name\":\"Accueil\",\"item\":\"https:\/\/bike-express.ch\/de\/\"},{\"@type\":\"ListItem\",\"position\":2,\"name\":\"Unsere Produkte\",\"item\":\"https:\/\/bike-express.ch\/de\/unsere-produkte\/\"},{\"@type\":\"ListItem\",\"position\":3,\"name\":\"Fahrradteile\",\"item\":\"https:\/\/bike-express.ch\/de\/categorie-produit\/fahrrad-fahrradteile-de\/\"},{\"@type\":\"ListItem\",\"position\":4,\"name\":\"Antrieb\",\"item\":\"https:\/\/bike-express.ch\/de\/categorie-produit\/fahrrad-fahrradteile-de\/fahrrad-fahrr-antrieb-de\/\"},{\"@type\":\"ListItem\",\"position\":5,\"name\":\"Schaltung\",\"item\":\"https:\/\/bike-express.ch\/de\/categorie-produit\/fahrrad-fahrradteile-de\/fahrrad-fahrr-antrieb-de\/fahrrad-antri-schaltung-de\/\"},{\"@type\":\"ListItem\",\"position\":6,\"name\":\"Kettenr\u00e4der und Kettenrads\u00e4tze\",\"item\":\"https:\/\/bike-express.ch\/de\/categorie-produit\/fahrrad-fahrradteile-de\/fahrrad-fahrr-antrieb-de\/fahrrad-antri-schaltung-de\/kettenrader-und-kettenradsatze-de\/\"},{\"@type\":\"ListItem\",\"position\":7,\"name\":\"KETTENRAD MINITRIAL E 20\"}]},{\"@type\":\"WebSite\",\"@id\":\"https:\/\/bike-express.ch\/de\/#website\",\"url\":\"https:\/\/bike-express.ch\/de\/\",\"name\":\"Bike Express\",\"description\":\"Num\u00e9ro 1 des pi\u00e8ces de v\u00e9los en Suisse\",\"potentialAction\":[{\"@type\":\"SearchAction\",\"target\":{\"@type\":\"EntryPoint\",\"urlTemplate\":\"https:\/\/bike-express.ch\/de\/?s={search_term_string}\"},\"query-input\":{\"@type\":\"PropertyValueSpecification\",\"valueRequired\":true,\"valueName\":\"search_term_string\"}}],\"inLanguage\":\"de\"}]}<\/script>\n<!-- \/ Yoast SEO plugin. -->","yoast_head_json":{"title":"KETTENRAD MINITRIAL E 20 - Bike Express","robots":{"index,follow":"index,follow"},"canonical":"https:\/\/bike-express.ch\/de\/produit\/kettenrad-minitrial-e-20-x2130h-2\/","og_locale":"de_DE","og_type":"article","og_title":"KETTENRAD MINITRIAL E 20 - Bike Express","og_description":"KETTENRAD MINITRIAL E 20","og_url":"https:\/\/bike-express.ch\/de\/produit\/kettenrad-minitrial-e-20-x2130h-2\/","og_site_name":"Bike Express","article_modified_time":"2025-01-07T08:52:12+00:00","og_image":[{"width":800,"height":763,"url":"https:\/\/bike-express.ch\/wp-content\/uploads\/2024\/08\/X2130H.jpg","type":"image\/jpeg"}],"twitter_card":"summary_large_image","schema":{"@context":"https:\/\/schema.org","@graph":[{"@type":"WebPage","@id":"https:\/\/bike-express.ch\/de\/produit\/kettenrad-minitrial-e-20-x2130h-2\/","url":"https:\/\/bike-express.ch\/de\/produit\/kettenrad-minitrial-e-20-x2130h-2\/","name":"KETTENRAD MINITRIAL E 20 - Bike Express","isPartOf":{"@id":"https:\/\/bike-express.ch\/de\/#website"},"primaryImageOfPage":{"@id":"https:\/\/bike-express.ch\/de\/produit\/kettenrad-minitrial-e-20-x2130h-2\/#primaryimage"},"image":{"@id":"https:\/\/bike-express.ch\/de\/produit\/kettenrad-minitrial-e-20-x2130h-2\/#primaryimage"},"thumbnailUrl":"https:\/\/bike-express.ch\/wp-content\/uploads\/2024\/08\/X2130H.jpg","datePublished":"2024-08-24T19:08:37+00:00","dateModified":"2025-01-07T08:52:12+00:00","breadcrumb":{"@id":"https:\/\/bike-express.ch\/de\/produit\/kettenrad-minitrial-e-20-x2130h-2\/#breadcrumb"},"inLanguage":"de","potentialAction":[{"@type":"ReadAction","target":["https:\/\/bike-express.ch\/de\/produit\/kettenrad-minitrial-e-20-x2130h-2\/"]}]},{"@type":"ImageObject","inLanguage":"de","@id":"https:\/\/bike-express.ch\/de\/produit\/kettenrad-minitrial-e-20-x2130h-2\/#primaryimage","url":"https:\/\/bike-express.ch\/wp-content\/uploads\/2024\/08\/X2130H.jpg","contentUrl":"https:\/\/bike-express.ch\/wp-content\/uploads\/2024\/08\/X2130H.jpg","width":800,"height":763},{"@type":"BreadcrumbList","@id":"https:\/\/bike-express.ch\/de\/produit\/kettenrad-minitrial-e-20-x2130h-2\/#breadcrumb","itemListElement":[{"@type":"ListItem","position":1,"name":"Accueil","item":"https:\/\/bike-express.ch\/de\/"},{"@type":"ListItem","position":2,"name":"Unsere Produkte","item":"https:\/\/bike-express.ch\/de\/unsere-produkte\/"},{"@type":"ListItem","position":3,"name":"Fahrradteile","item":"https:\/\/bike-express.ch\/de\/categorie-produit\/fahrrad-fahrradteile-de\/"},{"@type":"ListItem","position":4,"name":"Antrieb","item":"https:\/\/bike-express.ch\/de\/categorie-produit\/fahrrad-fahrradteile-de\/fahrrad-fahrr-antrieb-de\/"},{"@type":"ListItem","position":5,"name":"Schaltung","item":"https:\/\/bike-express.ch\/de\/categorie-produit\/fahrrad-fahrradteile-de\/fahrrad-fahrr-antrieb-de\/fahrrad-antri-schaltung-de\/"},{"@type":"ListItem","position":6,"name":"Kettenr\u00e4der und Kettenrads\u00e4tze","item":"https:\/\/bike-express.ch\/de\/categorie-produit\/fahrrad-fahrradteile-de\/fahrrad-fahrr-antrieb-de\/fahrrad-antri-schaltung-de\/kettenrader-und-kettenradsatze-de\/"},{"@type":"ListItem","position":7,"name":"KETTENRAD MINITRIAL E 20"}]},{"@type":"WebSite","@id":"https:\/\/bike-express.ch\/de\/#website","url":"https:\/\/bike-express.ch\/de\/","name":"Bike Express","description":"Num\u00e9ro 1 des pi\u00e8ces de v\u00e9los en Suisse","potentialAction":[{"@type":"SearchAction","target":{"@type":"EntryPoint","urlTemplate":"https:\/\/bike-express.ch\/de\/?s={search_term_string}"},"query-input":{"@type":"PropertyValueSpecification","valueRequired":true,"valueName":"search_term_string"}}],"inLanguage":"de"}]}},"_links":{"self":[{"href":"https:\/\/bike-express.ch\/de\/wp-json\/wp\/v2\/product\/322481","targetHints":{"allow":["GET"]}}],"collection":[{"href":"https:\/\/bike-express.ch\/de\/wp-json\/wp\/v2\/product"}],"about":[{"href":"https:\/\/bike-express.ch\/de\/wp-json\/wp\/v2\/types\/product"}],"wp:featuredmedia":[{"embeddable":true,"href":"https:\/\/bike-express.ch\/de\/wp-json\/wp\/v2\/media\/322482"}],"wp:attachment":[{"href":"https:\/\/bike-express.ch\/de\/wp-json\/wp\/v2\/media?parent=322481"}],"wp:term":[{"taxonomy":"product_brand","embeddable":true,"href":"https:\/\/bike-express.ch\/de\/wp-json\/wp\/v2\/product_brand?post=322481"},{"taxonomy":"product_cat","embeddable":true,"href":"https:\/\/bike-express.ch\/de\/wp-json\/wp\/v2\/product_cat?post=322481"},{"taxonomy":"product_tag","embeddable":true,"href":"https:\/\/bike-express.ch\/de\/wp-json\/wp\/v2\/product_tag?post=322481"}],"curies":[{"name":"wp","href":"https:\/\/api.w.org\/{rel}","templated":true}]}}