{"id":329870,"date":"2024-08-27T22:47:01","date_gmt":"2024-08-27T20:47:01","guid":{"rendered":"https:\/\/bike-express.ch\/produit\/pro-lenker-o22-2mm-h9-5-b2-h9041k\/"},"modified":"2024-12-03T16:15:40","modified_gmt":"2024-12-03T15:15:40","slug":"pro-lenker-o22-2mm-h9-5-b2-h9041k-2","status":"publish","type":"product","link":"https:\/\/bike-express.ch\/de\/produit\/pro-lenker-o22-2mm-h9-5-b2-h9041k-2\/","title":{"rendered":"PRO Lenker \u00d822.2mm H=9.5&#8242; B=29.5&#8242; schwrz 4-teilig, CrMo, nahtlose Rohre"},"content":{"rendered":"<p>PRO Lenker \u00d822.2mm H=9.5&#8242; B=29.5&#8242; schwrz 4-teilig, CrMo, nahtlose Rohre<\/p>\n","protected":false},"excerpt":{"rendered":"<p>PRO Lenker \u00d822.2mm H=9.5&#8242; B=29.5&#8242; schwrz 4-teilig, CrMo, nahtlose Rohre<\/p>\n","protected":false},"featured_media":329871,"template":"","meta":[],"product_brand":[118212],"product_cat":[11847,116278],"product_tag":[],"class_list":{"0":"post-329870","1":"product","2":"type-product","3":"status-publish","4":"has-post-thumbnail","6":"product_brand-salt","7":"product_cat-fahrrad-fahrradteile-de","8":"product_cat-guidons","10":"first","11":"instock","12":"taxable","13":"shipping-taxable","14":"purchasable","15":"product-type-simple"},"yoast_head":"<!-- This site is optimized with the Yoast SEO plugin v27.1.1 - https:\/\/yoast.com\/product\/yoast-seo-wordpress\/ -->\n<title>PRO Lenker \u00d822.2mm H=9.5&#039; B=29.5&#039; schwrz 4-teilig, CrMo, nahtlose Rohre - Bike Express<\/title>\n<meta name=\"robots\" content=\"index,follow\" \/>\n<link rel=\"canonical\" href=\"https:\/\/bike-express.ch\/de\/produit\/pro-lenker-o22-2mm-h9-5-b2-h9041k-2\/\" \/>\n<meta property=\"og:locale\" content=\"de_DE\" \/>\n<meta property=\"og:type\" content=\"article\" \/>\n<meta property=\"og:title\" content=\"PRO Lenker \u00d822.2mm H=9.5&#039; B=29.5&#039; schwrz 4-teilig, CrMo, nahtlose Rohre - Bike Express\" \/>\n<meta property=\"og:description\" content=\"PRO Lenker \u00d822.2mm H=9.5&#8242; B=29.5&#8242; schwrz 4-teilig, CrMo, nahtlose Rohre\" \/>\n<meta property=\"og:url\" content=\"https:\/\/bike-express.ch\/de\/produit\/pro-lenker-o22-2mm-h9-5-b2-h9041k-2\/\" \/>\n<meta property=\"og:site_name\" content=\"Bike Express\" \/>\n<meta property=\"article:modified_time\" content=\"2024-12-03T15:15:40+00:00\" \/>\n<meta property=\"og:image\" content=\"https:\/\/bike-express.ch\/wp-content\/uploads\/2024\/08\/H9041K.jpg\" \/>\n\t<meta property=\"og:image:width\" content=\"1920\" \/>\n\t<meta property=\"og:image:height\" content=\"1280\" \/>\n\t<meta property=\"og:image:type\" content=\"image\/jpeg\" \/>\n<meta name=\"twitter:card\" content=\"summary_large_image\" \/>\n<script type=\"application\/ld+json\" class=\"yoast-schema-graph\">{\"@context\":\"https:\/\/schema.org\",\"@graph\":[{\"@type\":\"WebPage\",\"@id\":\"https:\/\/bike-express.ch\/de\/produit\/pro-lenker-o22-2mm-h9-5-b2-h9041k-2\/\",\"url\":\"https:\/\/bike-express.ch\/de\/produit\/pro-lenker-o22-2mm-h9-5-b2-h9041k-2\/\",\"name\":\"PRO Lenker \u00d822.2mm H=9.5' B=29.5' schwrz 4-teilig, CrMo, nahtlose Rohre - Bike Express\",\"isPartOf\":{\"@id\":\"https:\/\/bike-express.ch\/de\/#website\"},\"primaryImageOfPage\":{\"@id\":\"https:\/\/bike-express.ch\/de\/produit\/pro-lenker-o22-2mm-h9-5-b2-h9041k-2\/#primaryimage\"},\"image\":{\"@id\":\"https:\/\/bike-express.ch\/de\/produit\/pro-lenker-o22-2mm-h9-5-b2-h9041k-2\/#primaryimage\"},\"thumbnailUrl\":\"https:\/\/bike-express.ch\/wp-content\/uploads\/2024\/08\/H9041K.jpg\",\"datePublished\":\"2024-08-27T20:47:01+00:00\",\"dateModified\":\"2024-12-03T15:15:40+00:00\",\"breadcrumb\":{\"@id\":\"https:\/\/bike-express.ch\/de\/produit\/pro-lenker-o22-2mm-h9-5-b2-h9041k-2\/#breadcrumb\"},\"inLanguage\":\"de\",\"potentialAction\":[{\"@type\":\"ReadAction\",\"target\":[\"https:\/\/bike-express.ch\/de\/produit\/pro-lenker-o22-2mm-h9-5-b2-h9041k-2\/\"]}]},{\"@type\":\"ImageObject\",\"inLanguage\":\"de\",\"@id\":\"https:\/\/bike-express.ch\/de\/produit\/pro-lenker-o22-2mm-h9-5-b2-h9041k-2\/#primaryimage\",\"url\":\"https:\/\/bike-express.ch\/wp-content\/uploads\/2024\/08\/H9041K.jpg\",\"contentUrl\":\"https:\/\/bike-express.ch\/wp-content\/uploads\/2024\/08\/H9041K.jpg\",\"width\":1920,\"height\":1280},{\"@type\":\"BreadcrumbList\",\"@id\":\"https:\/\/bike-express.ch\/de\/produit\/pro-lenker-o22-2mm-h9-5-b2-h9041k-2\/#breadcrumb\",\"itemListElement\":[{\"@type\":\"ListItem\",\"position\":1,\"name\":\"Accueil\",\"item\":\"https:\/\/bike-express.ch\/de\/\"},{\"@type\":\"ListItem\",\"position\":2,\"name\":\"Unsere Produkte\",\"item\":\"https:\/\/bike-express.ch\/de\/unsere-produkte\/\"},{\"@type\":\"ListItem\",\"position\":3,\"name\":\"Fahrradteile\",\"item\":\"https:\/\/bike-express.ch\/de\/categorie-produit\/fahrrad-fahrradteile-de\/\"},{\"@type\":\"ListItem\",\"position\":4,\"name\":\"Lenker\",\"item\":\"https:\/\/bike-express.ch\/de\/categorie-produit\/fahrrad-fahrradteile-de\/lenker-de\/\"},{\"@type\":\"ListItem\",\"position\":5,\"name\":\"PRO Lenker \u00d822.2mm H=9.5&#8242; B=29.5&#8242; schwrz 4-teilig, CrMo, nahtlose Rohre\"}]},{\"@type\":\"WebSite\",\"@id\":\"https:\/\/bike-express.ch\/de\/#website\",\"url\":\"https:\/\/bike-express.ch\/de\/\",\"name\":\"Bike Express\",\"description\":\"Num\u00e9ro 1 des pi\u00e8ces de v\u00e9los en Suisse\",\"potentialAction\":[{\"@type\":\"SearchAction\",\"target\":{\"@type\":\"EntryPoint\",\"urlTemplate\":\"https:\/\/bike-express.ch\/de\/?s={search_term_string}\"},\"query-input\":{\"@type\":\"PropertyValueSpecification\",\"valueRequired\":true,\"valueName\":\"search_term_string\"}}],\"inLanguage\":\"de\"}]}<\/script>\n<!-- \/ Yoast SEO plugin. -->","yoast_head_json":{"title":"PRO Lenker \u00d822.2mm H=9.5' B=29.5' schwrz 4-teilig, CrMo, nahtlose Rohre - Bike Express","robots":{"index,follow":"index,follow"},"canonical":"https:\/\/bike-express.ch\/de\/produit\/pro-lenker-o22-2mm-h9-5-b2-h9041k-2\/","og_locale":"de_DE","og_type":"article","og_title":"PRO Lenker \u00d822.2mm H=9.5' B=29.5' schwrz 4-teilig, CrMo, nahtlose Rohre - Bike Express","og_description":"PRO Lenker \u00d822.2mm H=9.5&#8242; B=29.5&#8242; schwrz 4-teilig, CrMo, nahtlose Rohre","og_url":"https:\/\/bike-express.ch\/de\/produit\/pro-lenker-o22-2mm-h9-5-b2-h9041k-2\/","og_site_name":"Bike Express","article_modified_time":"2024-12-03T15:15:40+00:00","og_image":[{"width":1920,"height":1280,"url":"https:\/\/bike-express.ch\/wp-content\/uploads\/2024\/08\/H9041K.jpg","type":"image\/jpeg"}],"twitter_card":"summary_large_image","schema":{"@context":"https:\/\/schema.org","@graph":[{"@type":"WebPage","@id":"https:\/\/bike-express.ch\/de\/produit\/pro-lenker-o22-2mm-h9-5-b2-h9041k-2\/","url":"https:\/\/bike-express.ch\/de\/produit\/pro-lenker-o22-2mm-h9-5-b2-h9041k-2\/","name":"PRO Lenker \u00d822.2mm H=9.5' B=29.5' schwrz 4-teilig, CrMo, nahtlose Rohre - Bike Express","isPartOf":{"@id":"https:\/\/bike-express.ch\/de\/#website"},"primaryImageOfPage":{"@id":"https:\/\/bike-express.ch\/de\/produit\/pro-lenker-o22-2mm-h9-5-b2-h9041k-2\/#primaryimage"},"image":{"@id":"https:\/\/bike-express.ch\/de\/produit\/pro-lenker-o22-2mm-h9-5-b2-h9041k-2\/#primaryimage"},"thumbnailUrl":"https:\/\/bike-express.ch\/wp-content\/uploads\/2024\/08\/H9041K.jpg","datePublished":"2024-08-27T20:47:01+00:00","dateModified":"2024-12-03T15:15:40+00:00","breadcrumb":{"@id":"https:\/\/bike-express.ch\/de\/produit\/pro-lenker-o22-2mm-h9-5-b2-h9041k-2\/#breadcrumb"},"inLanguage":"de","potentialAction":[{"@type":"ReadAction","target":["https:\/\/bike-express.ch\/de\/produit\/pro-lenker-o22-2mm-h9-5-b2-h9041k-2\/"]}]},{"@type":"ImageObject","inLanguage":"de","@id":"https:\/\/bike-express.ch\/de\/produit\/pro-lenker-o22-2mm-h9-5-b2-h9041k-2\/#primaryimage","url":"https:\/\/bike-express.ch\/wp-content\/uploads\/2024\/08\/H9041K.jpg","contentUrl":"https:\/\/bike-express.ch\/wp-content\/uploads\/2024\/08\/H9041K.jpg","width":1920,"height":1280},{"@type":"BreadcrumbList","@id":"https:\/\/bike-express.ch\/de\/produit\/pro-lenker-o22-2mm-h9-5-b2-h9041k-2\/#breadcrumb","itemListElement":[{"@type":"ListItem","position":1,"name":"Accueil","item":"https:\/\/bike-express.ch\/de\/"},{"@type":"ListItem","position":2,"name":"Unsere Produkte","item":"https:\/\/bike-express.ch\/de\/unsere-produkte\/"},{"@type":"ListItem","position":3,"name":"Fahrradteile","item":"https:\/\/bike-express.ch\/de\/categorie-produit\/fahrrad-fahrradteile-de\/"},{"@type":"ListItem","position":4,"name":"Lenker","item":"https:\/\/bike-express.ch\/de\/categorie-produit\/fahrrad-fahrradteile-de\/lenker-de\/"},{"@type":"ListItem","position":5,"name":"PRO Lenker \u00d822.2mm H=9.5&#8242; B=29.5&#8242; schwrz 4-teilig, CrMo, nahtlose Rohre"}]},{"@type":"WebSite","@id":"https:\/\/bike-express.ch\/de\/#website","url":"https:\/\/bike-express.ch\/de\/","name":"Bike Express","description":"Num\u00e9ro 1 des pi\u00e8ces de v\u00e9los en Suisse","potentialAction":[{"@type":"SearchAction","target":{"@type":"EntryPoint","urlTemplate":"https:\/\/bike-express.ch\/de\/?s={search_term_string}"},"query-input":{"@type":"PropertyValueSpecification","valueRequired":true,"valueName":"search_term_string"}}],"inLanguage":"de"}]}},"_links":{"self":[{"href":"https:\/\/bike-express.ch\/de\/wp-json\/wp\/v2\/product\/329870","targetHints":{"allow":["GET"]}}],"collection":[{"href":"https:\/\/bike-express.ch\/de\/wp-json\/wp\/v2\/product"}],"about":[{"href":"https:\/\/bike-express.ch\/de\/wp-json\/wp\/v2\/types\/product"}],"wp:featuredmedia":[{"embeddable":true,"href":"https:\/\/bike-express.ch\/de\/wp-json\/wp\/v2\/media\/329871"}],"wp:attachment":[{"href":"https:\/\/bike-express.ch\/de\/wp-json\/wp\/v2\/media?parent=329870"}],"wp:term":[{"taxonomy":"product_brand","embeddable":true,"href":"https:\/\/bike-express.ch\/de\/wp-json\/wp\/v2\/product_brand?post=329870"},{"taxonomy":"product_cat","embeddable":true,"href":"https:\/\/bike-express.ch\/de\/wp-json\/wp\/v2\/product_cat?post=329870"},{"taxonomy":"product_tag","embeddable":true,"href":"https:\/\/bike-express.ch\/de\/wp-json\/wp\/v2\/product_tag?post=329870"}],"curies":[{"name":"wp","href":"https:\/\/api.w.org\/{rel}","templated":true}]}}