{"id":330014,"date":"2024-08-27T22:49:12","date_gmt":"2024-08-27T20:49:12","guid":{"rendered":"https:\/\/bike-express.ch\/produit\/vorbau-junior-topload-o22-2x4-h9040t\/"},"modified":"2024-12-10T13:45:05","modified_gmt":"2024-12-10T12:45:05","slug":"vorbau-junior-topload-o22-2x4-h9040t-2","status":"publish","type":"product","link":"https:\/\/bike-express.ch\/de\/produit\/vorbau-junior-topload-o22-2x4-h9040t-2\/","title":{"rendered":"Vorbau JUNIOR TopLoad \u00d822.2x40mm x 1&#8242; ideal f\u00fcr 16&#8242;-18&#8242; BMX, 246g, schwarz"},"content":{"rendered":"<p>Vorbau JUNIOR TopLoad \u00d822.2x40mm x 1&#8242; ideal f\u00fcr 16&#8242;-18&#8242; BMX, 246g, schwarz<\/p>\n","protected":false},"excerpt":{"rendered":"<p>Vorbau JUNIOR TopLoad \u00d822.2x40mm x 1&#8242; ideal f\u00fcr 16&#8242;-18&#8242; BMX, 246g, schwarz<\/p>\n","protected":false},"featured_media":330015,"template":"","meta":[],"product_brand":[],"product_cat":[11847,11972],"product_tag":[],"class_list":{"0":"post-330014","1":"product","2":"type-product","3":"status-publish","4":"has-post-thumbnail","6":"product_cat-fahrrad-fahrradteile-de","7":"product_cat-fahrrad-fahrr-sattelstutzen-de","9":"first","10":"instock","11":"taxable","12":"shipping-taxable","13":"purchasable","14":"product-type-simple"},"yoast_head":"<!-- This site is optimized with the Yoast SEO plugin v27.1.1 - https:\/\/yoast.com\/product\/yoast-seo-wordpress\/ -->\n<title>Vorbau JUNIOR TopLoad \u00d822.2x40mm x 1&#039; ideal f\u00fcr 16&#039;-18&#039; BMX, 246g, schwarz - Bike Express<\/title>\n<meta name=\"robots\" content=\"index,follow\" \/>\n<link rel=\"canonical\" href=\"https:\/\/bike-express.ch\/de\/produit\/vorbau-junior-topload-o22-2x4-h9040t-2\/\" \/>\n<meta property=\"og:locale\" content=\"de_DE\" \/>\n<meta property=\"og:type\" content=\"article\" \/>\n<meta property=\"og:title\" content=\"Vorbau JUNIOR TopLoad \u00d822.2x40mm x 1&#039; ideal f\u00fcr 16&#039;-18&#039; BMX, 246g, schwarz - Bike Express\" \/>\n<meta property=\"og:description\" content=\"Vorbau JUNIOR TopLoad \u00d822.2x40mm x 1&#8242; ideal f\u00fcr 16&#8242;-18&#8242; BMX, 246g, schwarz\" \/>\n<meta property=\"og:url\" content=\"https:\/\/bike-express.ch\/de\/produit\/vorbau-junior-topload-o22-2x4-h9040t-2\/\" \/>\n<meta property=\"og:site_name\" content=\"Bike Express\" \/>\n<meta property=\"article:modified_time\" content=\"2024-12-10T12:45:05+00:00\" \/>\n<meta property=\"og:image\" content=\"https:\/\/bike-express.ch\/wp-content\/uploads\/2024\/08\/H9040T.jpg\" \/>\n\t<meta property=\"og:image:width\" content=\"1920\" \/>\n\t<meta property=\"og:image:height\" content=\"1280\" \/>\n\t<meta property=\"og:image:type\" content=\"image\/jpeg\" \/>\n<meta name=\"twitter:card\" content=\"summary_large_image\" \/>\n<script type=\"application\/ld+json\" class=\"yoast-schema-graph\">{\"@context\":\"https:\/\/schema.org\",\"@graph\":[{\"@type\":\"WebPage\",\"@id\":\"https:\/\/bike-express.ch\/de\/produit\/vorbau-junior-topload-o22-2x4-h9040t-2\/\",\"url\":\"https:\/\/bike-express.ch\/de\/produit\/vorbau-junior-topload-o22-2x4-h9040t-2\/\",\"name\":\"Vorbau JUNIOR TopLoad \u00d822.2x40mm x 1' ideal f\u00fcr 16'-18' BMX, 246g, schwarz - Bike Express\",\"isPartOf\":{\"@id\":\"https:\/\/bike-express.ch\/de\/#website\"},\"primaryImageOfPage\":{\"@id\":\"https:\/\/bike-express.ch\/de\/produit\/vorbau-junior-topload-o22-2x4-h9040t-2\/#primaryimage\"},\"image\":{\"@id\":\"https:\/\/bike-express.ch\/de\/produit\/vorbau-junior-topload-o22-2x4-h9040t-2\/#primaryimage\"},\"thumbnailUrl\":\"https:\/\/bike-express.ch\/wp-content\/uploads\/2024\/08\/H9040T.jpg\",\"datePublished\":\"2024-08-27T20:49:12+00:00\",\"dateModified\":\"2024-12-10T12:45:05+00:00\",\"breadcrumb\":{\"@id\":\"https:\/\/bike-express.ch\/de\/produit\/vorbau-junior-topload-o22-2x4-h9040t-2\/#breadcrumb\"},\"inLanguage\":\"de\",\"potentialAction\":[{\"@type\":\"ReadAction\",\"target\":[\"https:\/\/bike-express.ch\/de\/produit\/vorbau-junior-topload-o22-2x4-h9040t-2\/\"]}]},{\"@type\":\"ImageObject\",\"inLanguage\":\"de\",\"@id\":\"https:\/\/bike-express.ch\/de\/produit\/vorbau-junior-topload-o22-2x4-h9040t-2\/#primaryimage\",\"url\":\"https:\/\/bike-express.ch\/wp-content\/uploads\/2024\/08\/H9040T.jpg\",\"contentUrl\":\"https:\/\/bike-express.ch\/wp-content\/uploads\/2024\/08\/H9040T.jpg\",\"width\":1920,\"height\":1280},{\"@type\":\"BreadcrumbList\",\"@id\":\"https:\/\/bike-express.ch\/de\/produit\/vorbau-junior-topload-o22-2x4-h9040t-2\/#breadcrumb\",\"itemListElement\":[{\"@type\":\"ListItem\",\"position\":1,\"name\":\"Accueil\",\"item\":\"https:\/\/bike-express.ch\/de\/\"},{\"@type\":\"ListItem\",\"position\":2,\"name\":\"Unsere Produkte\",\"item\":\"https:\/\/bike-express.ch\/de\/unsere-produkte\/\"},{\"@type\":\"ListItem\",\"position\":3,\"name\":\"Fahrradteile\",\"item\":\"https:\/\/bike-express.ch\/de\/categorie-produit\/fahrrad-fahrradteile-de\/\"},{\"@type\":\"ListItem\",\"position\":4,\"name\":\"Cockpit\",\"item\":\"https:\/\/bike-express.ch\/de\/categorie-produit\/fahrrad-fahrradteile-de\/fahrrad-fahrr-cockpit-de\/\"},{\"@type\":\"ListItem\",\"position\":5,\"name\":\"Vorbauten\",\"item\":\"https:\/\/bike-express.ch\/de\/categorie-produit\/fahrrad-fahrradteile-de\/fahrrad-fahrr-cockpit-de\/fahrrad-cockp-vorbauten-de\/\"},{\"@type\":\"ListItem\",\"position\":6,\"name\":\"Vorbau JUNIOR TopLoad \u00d822.2x40mm x 1&#8242; ideal f\u00fcr 16&#8242;-18&#8242; BMX, 246g, schwarz\"}]},{\"@type\":\"WebSite\",\"@id\":\"https:\/\/bike-express.ch\/de\/#website\",\"url\":\"https:\/\/bike-express.ch\/de\/\",\"name\":\"Bike Express\",\"description\":\"Num\u00e9ro 1 des pi\u00e8ces de v\u00e9los en Suisse\",\"potentialAction\":[{\"@type\":\"SearchAction\",\"target\":{\"@type\":\"EntryPoint\",\"urlTemplate\":\"https:\/\/bike-express.ch\/de\/?s={search_term_string}\"},\"query-input\":{\"@type\":\"PropertyValueSpecification\",\"valueRequired\":true,\"valueName\":\"search_term_string\"}}],\"inLanguage\":\"de\"}]}<\/script>\n<!-- \/ Yoast SEO plugin. -->","yoast_head_json":{"title":"Vorbau JUNIOR TopLoad \u00d822.2x40mm x 1' ideal f\u00fcr 16'-18' BMX, 246g, schwarz - Bike Express","robots":{"index,follow":"index,follow"},"canonical":"https:\/\/bike-express.ch\/de\/produit\/vorbau-junior-topload-o22-2x4-h9040t-2\/","og_locale":"de_DE","og_type":"article","og_title":"Vorbau JUNIOR TopLoad \u00d822.2x40mm x 1' ideal f\u00fcr 16'-18' BMX, 246g, schwarz - Bike Express","og_description":"Vorbau JUNIOR TopLoad \u00d822.2x40mm x 1&#8242; ideal f\u00fcr 16&#8242;-18&#8242; BMX, 246g, schwarz","og_url":"https:\/\/bike-express.ch\/de\/produit\/vorbau-junior-topload-o22-2x4-h9040t-2\/","og_site_name":"Bike Express","article_modified_time":"2024-12-10T12:45:05+00:00","og_image":[{"width":1920,"height":1280,"url":"https:\/\/bike-express.ch\/wp-content\/uploads\/2024\/08\/H9040T.jpg","type":"image\/jpeg"}],"twitter_card":"summary_large_image","schema":{"@context":"https:\/\/schema.org","@graph":[{"@type":"WebPage","@id":"https:\/\/bike-express.ch\/de\/produit\/vorbau-junior-topload-o22-2x4-h9040t-2\/","url":"https:\/\/bike-express.ch\/de\/produit\/vorbau-junior-topload-o22-2x4-h9040t-2\/","name":"Vorbau JUNIOR TopLoad \u00d822.2x40mm x 1' ideal f\u00fcr 16'-18' BMX, 246g, schwarz - Bike Express","isPartOf":{"@id":"https:\/\/bike-express.ch\/de\/#website"},"primaryImageOfPage":{"@id":"https:\/\/bike-express.ch\/de\/produit\/vorbau-junior-topload-o22-2x4-h9040t-2\/#primaryimage"},"image":{"@id":"https:\/\/bike-express.ch\/de\/produit\/vorbau-junior-topload-o22-2x4-h9040t-2\/#primaryimage"},"thumbnailUrl":"https:\/\/bike-express.ch\/wp-content\/uploads\/2024\/08\/H9040T.jpg","datePublished":"2024-08-27T20:49:12+00:00","dateModified":"2024-12-10T12:45:05+00:00","breadcrumb":{"@id":"https:\/\/bike-express.ch\/de\/produit\/vorbau-junior-topload-o22-2x4-h9040t-2\/#breadcrumb"},"inLanguage":"de","potentialAction":[{"@type":"ReadAction","target":["https:\/\/bike-express.ch\/de\/produit\/vorbau-junior-topload-o22-2x4-h9040t-2\/"]}]},{"@type":"ImageObject","inLanguage":"de","@id":"https:\/\/bike-express.ch\/de\/produit\/vorbau-junior-topload-o22-2x4-h9040t-2\/#primaryimage","url":"https:\/\/bike-express.ch\/wp-content\/uploads\/2024\/08\/H9040T.jpg","contentUrl":"https:\/\/bike-express.ch\/wp-content\/uploads\/2024\/08\/H9040T.jpg","width":1920,"height":1280},{"@type":"BreadcrumbList","@id":"https:\/\/bike-express.ch\/de\/produit\/vorbau-junior-topload-o22-2x4-h9040t-2\/#breadcrumb","itemListElement":[{"@type":"ListItem","position":1,"name":"Accueil","item":"https:\/\/bike-express.ch\/de\/"},{"@type":"ListItem","position":2,"name":"Unsere Produkte","item":"https:\/\/bike-express.ch\/de\/unsere-produkte\/"},{"@type":"ListItem","position":3,"name":"Fahrradteile","item":"https:\/\/bike-express.ch\/de\/categorie-produit\/fahrrad-fahrradteile-de\/"},{"@type":"ListItem","position":4,"name":"Cockpit","item":"https:\/\/bike-express.ch\/de\/categorie-produit\/fahrrad-fahrradteile-de\/fahrrad-fahrr-cockpit-de\/"},{"@type":"ListItem","position":5,"name":"Vorbauten","item":"https:\/\/bike-express.ch\/de\/categorie-produit\/fahrrad-fahrradteile-de\/fahrrad-fahrr-cockpit-de\/fahrrad-cockp-vorbauten-de\/"},{"@type":"ListItem","position":6,"name":"Vorbau JUNIOR TopLoad \u00d822.2x40mm x 1&#8242; ideal f\u00fcr 16&#8242;-18&#8242; BMX, 246g, schwarz"}]},{"@type":"WebSite","@id":"https:\/\/bike-express.ch\/de\/#website","url":"https:\/\/bike-express.ch\/de\/","name":"Bike Express","description":"Num\u00e9ro 1 des pi\u00e8ces de v\u00e9los en Suisse","potentialAction":[{"@type":"SearchAction","target":{"@type":"EntryPoint","urlTemplate":"https:\/\/bike-express.ch\/de\/?s={search_term_string}"},"query-input":{"@type":"PropertyValueSpecification","valueRequired":true,"valueName":"search_term_string"}}],"inLanguage":"de"}]}},"_links":{"self":[{"href":"https:\/\/bike-express.ch\/de\/wp-json\/wp\/v2\/product\/330014","targetHints":{"allow":["GET"]}}],"collection":[{"href":"https:\/\/bike-express.ch\/de\/wp-json\/wp\/v2\/product"}],"about":[{"href":"https:\/\/bike-express.ch\/de\/wp-json\/wp\/v2\/types\/product"}],"wp:featuredmedia":[{"embeddable":true,"href":"https:\/\/bike-express.ch\/de\/wp-json\/wp\/v2\/media\/330015"}],"wp:attachment":[{"href":"https:\/\/bike-express.ch\/de\/wp-json\/wp\/v2\/media?parent=330014"}],"wp:term":[{"taxonomy":"product_brand","embeddable":true,"href":"https:\/\/bike-express.ch\/de\/wp-json\/wp\/v2\/product_brand?post=330014"},{"taxonomy":"product_cat","embeddable":true,"href":"https:\/\/bike-express.ch\/de\/wp-json\/wp\/v2\/product_cat?post=330014"},{"taxonomy":"product_tag","embeddable":true,"href":"https:\/\/bike-express.ch\/de\/wp-json\/wp\/v2\/product_tag?post=330014"}],"curies":[{"name":"wp","href":"https:\/\/api.w.org\/{rel}","templated":true}]}}