{"id":331280,"date":"2024-08-27T22:57:33","date_gmt":"2024-08-27T20:57:33","guid":{"rendered":"https:\/\/bike-express.ch\/produit\/duostand-gen-3-stabiler-sta-h9409j\/"},"modified":"2024-12-19T09:51:07","modified_gmt":"2024-12-19T08:51:07","slug":"duostand-gen-3-stabiler-sta-h9409j-2","status":"publish","type":"product","link":"https:\/\/bike-express.ch\/de\/produit\/duostand-gen-3-stabiler-sta-h9409j-2\/","title":{"rendered":"DuoStand  (Gen 3) Stabiler St\u00e4nder f\u00fcr HSD, Quick Haul und Short Haul"},"content":{"rendered":"<p>DuoStand (Gen 3) Stabiler St\u00e4nder f\u00fcr HSD, Quick Haul und Short Haul<br \/>\nDer DuoStand ist ein stabiler, h\u00f6henverstellbarer Zweibein-St\u00e4nder, der auf mehrere Tern-Fahrr\u00e4der passt. Das breite zweibeinige Design bietet zus\u00e4tzliche Stabilit\u00e4t beim Be- und Entladen eines Passagiers oder der Ladung oder beim Parken auf unebenem Gel\u00e4nde. Gummif\u00fcsse erh\u00f6hen die Stabilit\u00e4t noch weiter und schonen den Boden, w\u00e4hrend die verstellbare Beine auf unterschiedliche Reifenbreiten (z.B. Winterreifen) anpassbar sind.<\/p>\n<p>Kompatible Fahrr\u00e4der: HSD ; Quick Haul und Short Haul<\/p>\n<p>*DuoStand HSD Kit (Artikel Nr. H9004P) f\u00fcr die Installation auf dem HSD der ersten Baureihe erforderlich<\/p>\n<p>Merkmale:<br \/>\n\u0095\u00a0\u00a0\u00a0\u00a0\u00a0\u00a0\u00a0\u00a0Bietet zus\u00e4tzliche Stabilit\u00e4t beim Be- und Entladen von Fracht oder einem Kind<br \/>\n\u0095\u00a0\u00a0\u00a0\u00a0\u00a0\u00a0\u00a0\u00a060 kg Tragf\u00e4higkeit (einschlie\u00dflich Fahrradgewicht) \u0096 getestet von EFBE mit benutzerdefiniertem Protokoll<br \/>\n\u0095\u00a0\u00a0\u00a0\u00a0\u00a0\u00a0\u00a0\u00a0Enden mit breiten Gummikappen helfen DuoStand, auf unebenen Oberfl\u00e4chen Halt zu finden und verhindern Bodenkratzer beim Parken in Innenr\u00e4umen<br \/>\n\u0095\u00a0\u00a0\u00a0\u00a0\u00a0\u00a0\u00a0\u00a0Verstellbare Beine halten den St\u00e4nder betriebsbereit, wenn Reifen unterschiedlicher Gr\u00f6\u00dfe, z. B. Winterreifen, montiert werden<br \/>\n\u0095\u00a0\u00a0\u00a0\u00a0\u00a0\u00a0\u00a0\u00a0Robuste Stahlkonstruktion mit korrosionsbest\u00e4ndiger Beschichtung Befestigungsmaterial aus Edelstahl<\/p>\n","protected":false},"excerpt":{"rendered":"<p>DuoStand (Gen 3) Stabiler St\u00e4nder f\u00fcr HSD, Quick Haul und Short Haul Der DuoStand ist ein stabiler, h\u00f6henverstellbarer Zweibein-St\u00e4nder, der auf mehrere Tern-Fahrr\u00e4der passt. Das breite zweibeinige Design bietet zus\u00e4tzliche Stabilit\u00e4t beim Be- und Entladen eines Passagiers oder der Ladung oder beim Parken auf unebenem Gel\u00e4nde. Gummif\u00fcsse erh\u00f6hen die Stabilit\u00e4t noch weiter und schonen den [&#8230;]\n","protected":false},"featured_media":331281,"template":"","meta":[],"product_brand":[],"product_cat":[11907,11847,11910],"product_tag":[],"class_list":{"0":"post-331280","1":"product","2":"type-product","3":"status-publish","4":"has-post-thumbnail","6":"product_cat-fahrrad-fahrr-fahrradstander-de","7":"product_cat-fahrrad-fahrradteile-de","8":"product_cat-fahrrad-fahrr-mittelbaustander-de","10":"first","11":"instock","12":"taxable","13":"shipping-taxable","14":"purchasable","15":"product-type-simple"},"yoast_head":"<!-- This site is optimized with the Yoast SEO plugin v27.1.1 - https:\/\/yoast.com\/product\/yoast-seo-wordpress\/ -->\n<title>DuoStand (Gen 3) Stabiler St\u00e4nder f\u00fcr HSD, Quick Haul und Short Haul - Bike Express<\/title>\n<meta name=\"robots\" content=\"index,follow\" \/>\n<link rel=\"canonical\" href=\"https:\/\/bike-express.ch\/de\/produit\/duostand-gen-3-stabiler-sta-h9409j-2\/\" \/>\n<meta property=\"og:locale\" content=\"de_DE\" \/>\n<meta property=\"og:type\" content=\"article\" \/>\n<meta property=\"og:title\" content=\"DuoStand (Gen 3) Stabiler St\u00e4nder f\u00fcr HSD, Quick Haul und Short Haul - Bike Express\" \/>\n<meta property=\"og:description\" content=\"DuoStand (Gen 3) Stabiler St\u00e4nder f\u00fcr HSD, Quick Haul und Short Haul Der DuoStand ist ein stabiler, h\u00f6henverstellbarer Zweibein-St\u00e4nder, der auf mehrere Tern-Fahrr\u00e4der passt. Das breite zweibeinige Design bietet zus\u00e4tzliche Stabilit\u00e4t beim Be- und Entladen eines Passagiers oder der Ladung oder beim Parken auf unebenem Gel\u00e4nde. Gummif\u00fcsse erh\u00f6hen die Stabilit\u00e4t noch weiter und schonen den [...]\" \/>\n<meta property=\"og:url\" content=\"https:\/\/bike-express.ch\/de\/produit\/duostand-gen-3-stabiler-sta-h9409j-2\/\" \/>\n<meta property=\"og:site_name\" content=\"Bike Express\" \/>\n<meta property=\"article:modified_time\" content=\"2024-12-19T08:51:07+00:00\" \/>\n<meta property=\"og:image\" content=\"https:\/\/bike-express.ch\/wp-content\/uploads\/2024\/08\/H9409J.jpg\" \/>\n\t<meta property=\"og:image:width\" content=\"800\" \/>\n\t<meta property=\"og:image:height\" content=\"533\" \/>\n\t<meta property=\"og:image:type\" content=\"image\/jpeg\" \/>\n<meta name=\"twitter:card\" content=\"summary_large_image\" \/>\n<meta name=\"twitter:label1\" content=\"Gesch\u00e4tzte Lesezeit\" \/>\n\t<meta name=\"twitter:data1\" content=\"1\u00a0Minute\" \/>\n<script type=\"application\/ld+json\" class=\"yoast-schema-graph\">{\"@context\":\"https:\/\/schema.org\",\"@graph\":[{\"@type\":\"WebPage\",\"@id\":\"https:\/\/bike-express.ch\/de\/produit\/duostand-gen-3-stabiler-sta-h9409j-2\/\",\"url\":\"https:\/\/bike-express.ch\/de\/produit\/duostand-gen-3-stabiler-sta-h9409j-2\/\",\"name\":\"DuoStand (Gen 3) Stabiler St\u00e4nder f\u00fcr HSD, Quick Haul und Short Haul - Bike Express\",\"isPartOf\":{\"@id\":\"https:\/\/bike-express.ch\/de\/#website\"},\"primaryImageOfPage\":{\"@id\":\"https:\/\/bike-express.ch\/de\/produit\/duostand-gen-3-stabiler-sta-h9409j-2\/#primaryimage\"},\"image\":{\"@id\":\"https:\/\/bike-express.ch\/de\/produit\/duostand-gen-3-stabiler-sta-h9409j-2\/#primaryimage\"},\"thumbnailUrl\":\"https:\/\/bike-express.ch\/wp-content\/uploads\/2024\/08\/H9409J.jpg\",\"datePublished\":\"2024-08-27T20:57:33+00:00\",\"dateModified\":\"2024-12-19T08:51:07+00:00\",\"breadcrumb\":{\"@id\":\"https:\/\/bike-express.ch\/de\/produit\/duostand-gen-3-stabiler-sta-h9409j-2\/#breadcrumb\"},\"inLanguage\":\"de\",\"potentialAction\":[{\"@type\":\"ReadAction\",\"target\":[\"https:\/\/bike-express.ch\/de\/produit\/duostand-gen-3-stabiler-sta-h9409j-2\/\"]}]},{\"@type\":\"ImageObject\",\"inLanguage\":\"de\",\"@id\":\"https:\/\/bike-express.ch\/de\/produit\/duostand-gen-3-stabiler-sta-h9409j-2\/#primaryimage\",\"url\":\"https:\/\/bike-express.ch\/wp-content\/uploads\/2024\/08\/H9409J.jpg\",\"contentUrl\":\"https:\/\/bike-express.ch\/wp-content\/uploads\/2024\/08\/H9409J.jpg\",\"width\":800,\"height\":533},{\"@type\":\"BreadcrumbList\",\"@id\":\"https:\/\/bike-express.ch\/de\/produit\/duostand-gen-3-stabiler-sta-h9409j-2\/#breadcrumb\",\"itemListElement\":[{\"@type\":\"ListItem\",\"position\":1,\"name\":\"Accueil\",\"item\":\"https:\/\/bike-express.ch\/de\/\"},{\"@type\":\"ListItem\",\"position\":2,\"name\":\"Unsere Produkte\",\"item\":\"https:\/\/bike-express.ch\/de\/unsere-produkte\/\"},{\"@type\":\"ListItem\",\"position\":3,\"name\":\"Fahrradteile\",\"item\":\"https:\/\/bike-express.ch\/de\/categorie-produit\/fahrrad-fahrradteile-de\/\"},{\"@type\":\"ListItem\",\"position\":4,\"name\":\"Fahrradst\u00e4nder\",\"item\":\"https:\/\/bike-express.ch\/de\/categorie-produit\/fahrrad-fahrradteile-de\/fahrrad-fahrr-fahrradstander-de\/\"},{\"@type\":\"ListItem\",\"position\":5,\"name\":\"Mittelbaust\u00e4nder\",\"item\":\"https:\/\/bike-express.ch\/de\/categorie-produit\/fahrrad-fahrradteile-de\/fahrrad-fahrr-fahrradstander-de\/fahrrad-fahrr-mittelbaustander-de\/\"},{\"@type\":\"ListItem\",\"position\":6,\"name\":\"DuoStand (Gen 3) Stabiler St\u00e4nder f\u00fcr HSD, Quick Haul und Short Haul\"}]},{\"@type\":\"WebSite\",\"@id\":\"https:\/\/bike-express.ch\/de\/#website\",\"url\":\"https:\/\/bike-express.ch\/de\/\",\"name\":\"Bike Express\",\"description\":\"Num\u00e9ro 1 des pi\u00e8ces de v\u00e9los en Suisse\",\"potentialAction\":[{\"@type\":\"SearchAction\",\"target\":{\"@type\":\"EntryPoint\",\"urlTemplate\":\"https:\/\/bike-express.ch\/de\/?s={search_term_string}\"},\"query-input\":{\"@type\":\"PropertyValueSpecification\",\"valueRequired\":true,\"valueName\":\"search_term_string\"}}],\"inLanguage\":\"de\"}]}<\/script>\n<!-- \/ Yoast SEO plugin. -->","yoast_head_json":{"title":"DuoStand (Gen 3) Stabiler St\u00e4nder f\u00fcr HSD, Quick Haul und Short Haul - Bike Express","robots":{"index,follow":"index,follow"},"canonical":"https:\/\/bike-express.ch\/de\/produit\/duostand-gen-3-stabiler-sta-h9409j-2\/","og_locale":"de_DE","og_type":"article","og_title":"DuoStand (Gen 3) Stabiler St\u00e4nder f\u00fcr HSD, Quick Haul und Short Haul - Bike Express","og_description":"DuoStand (Gen 3) Stabiler St\u00e4nder f\u00fcr HSD, Quick Haul und Short Haul Der DuoStand ist ein stabiler, h\u00f6henverstellbarer Zweibein-St\u00e4nder, der auf mehrere Tern-Fahrr\u00e4der passt. Das breite zweibeinige Design bietet zus\u00e4tzliche Stabilit\u00e4t beim Be- und Entladen eines Passagiers oder der Ladung oder beim Parken auf unebenem Gel\u00e4nde. Gummif\u00fcsse erh\u00f6hen die Stabilit\u00e4t noch weiter und schonen den [...]","og_url":"https:\/\/bike-express.ch\/de\/produit\/duostand-gen-3-stabiler-sta-h9409j-2\/","og_site_name":"Bike Express","article_modified_time":"2024-12-19T08:51:07+00:00","og_image":[{"width":800,"height":533,"url":"https:\/\/bike-express.ch\/wp-content\/uploads\/2024\/08\/H9409J.jpg","type":"image\/jpeg"}],"twitter_card":"summary_large_image","twitter_misc":{"Gesch\u00e4tzte Lesezeit":"1\u00a0Minute"},"schema":{"@context":"https:\/\/schema.org","@graph":[{"@type":"WebPage","@id":"https:\/\/bike-express.ch\/de\/produit\/duostand-gen-3-stabiler-sta-h9409j-2\/","url":"https:\/\/bike-express.ch\/de\/produit\/duostand-gen-3-stabiler-sta-h9409j-2\/","name":"DuoStand (Gen 3) Stabiler St\u00e4nder f\u00fcr HSD, Quick Haul und Short Haul - Bike Express","isPartOf":{"@id":"https:\/\/bike-express.ch\/de\/#website"},"primaryImageOfPage":{"@id":"https:\/\/bike-express.ch\/de\/produit\/duostand-gen-3-stabiler-sta-h9409j-2\/#primaryimage"},"image":{"@id":"https:\/\/bike-express.ch\/de\/produit\/duostand-gen-3-stabiler-sta-h9409j-2\/#primaryimage"},"thumbnailUrl":"https:\/\/bike-express.ch\/wp-content\/uploads\/2024\/08\/H9409J.jpg","datePublished":"2024-08-27T20:57:33+00:00","dateModified":"2024-12-19T08:51:07+00:00","breadcrumb":{"@id":"https:\/\/bike-express.ch\/de\/produit\/duostand-gen-3-stabiler-sta-h9409j-2\/#breadcrumb"},"inLanguage":"de","potentialAction":[{"@type":"ReadAction","target":["https:\/\/bike-express.ch\/de\/produit\/duostand-gen-3-stabiler-sta-h9409j-2\/"]}]},{"@type":"ImageObject","inLanguage":"de","@id":"https:\/\/bike-express.ch\/de\/produit\/duostand-gen-3-stabiler-sta-h9409j-2\/#primaryimage","url":"https:\/\/bike-express.ch\/wp-content\/uploads\/2024\/08\/H9409J.jpg","contentUrl":"https:\/\/bike-express.ch\/wp-content\/uploads\/2024\/08\/H9409J.jpg","width":800,"height":533},{"@type":"BreadcrumbList","@id":"https:\/\/bike-express.ch\/de\/produit\/duostand-gen-3-stabiler-sta-h9409j-2\/#breadcrumb","itemListElement":[{"@type":"ListItem","position":1,"name":"Accueil","item":"https:\/\/bike-express.ch\/de\/"},{"@type":"ListItem","position":2,"name":"Unsere Produkte","item":"https:\/\/bike-express.ch\/de\/unsere-produkte\/"},{"@type":"ListItem","position":3,"name":"Fahrradteile","item":"https:\/\/bike-express.ch\/de\/categorie-produit\/fahrrad-fahrradteile-de\/"},{"@type":"ListItem","position":4,"name":"Fahrradst\u00e4nder","item":"https:\/\/bike-express.ch\/de\/categorie-produit\/fahrrad-fahrradteile-de\/fahrrad-fahrr-fahrradstander-de\/"},{"@type":"ListItem","position":5,"name":"Mittelbaust\u00e4nder","item":"https:\/\/bike-express.ch\/de\/categorie-produit\/fahrrad-fahrradteile-de\/fahrrad-fahrr-fahrradstander-de\/fahrrad-fahrr-mittelbaustander-de\/"},{"@type":"ListItem","position":6,"name":"DuoStand (Gen 3) Stabiler St\u00e4nder f\u00fcr HSD, Quick Haul und Short Haul"}]},{"@type":"WebSite","@id":"https:\/\/bike-express.ch\/de\/#website","url":"https:\/\/bike-express.ch\/de\/","name":"Bike Express","description":"Num\u00e9ro 1 des pi\u00e8ces de v\u00e9los en Suisse","potentialAction":[{"@type":"SearchAction","target":{"@type":"EntryPoint","urlTemplate":"https:\/\/bike-express.ch\/de\/?s={search_term_string}"},"query-input":{"@type":"PropertyValueSpecification","valueRequired":true,"valueName":"search_term_string"}}],"inLanguage":"de"}]}},"_links":{"self":[{"href":"https:\/\/bike-express.ch\/de\/wp-json\/wp\/v2\/product\/331280","targetHints":{"allow":["GET"]}}],"collection":[{"href":"https:\/\/bike-express.ch\/de\/wp-json\/wp\/v2\/product"}],"about":[{"href":"https:\/\/bike-express.ch\/de\/wp-json\/wp\/v2\/types\/product"}],"wp:featuredmedia":[{"embeddable":true,"href":"https:\/\/bike-express.ch\/de\/wp-json\/wp\/v2\/media\/331281"}],"wp:attachment":[{"href":"https:\/\/bike-express.ch\/de\/wp-json\/wp\/v2\/media?parent=331280"}],"wp:term":[{"taxonomy":"product_brand","embeddable":true,"href":"https:\/\/bike-express.ch\/de\/wp-json\/wp\/v2\/product_brand?post=331280"},{"taxonomy":"product_cat","embeddable":true,"href":"https:\/\/bike-express.ch\/de\/wp-json\/wp\/v2\/product_cat?post=331280"},{"taxonomy":"product_tag","embeddable":true,"href":"https:\/\/bike-express.ch\/de\/wp-json\/wp\/v2\/product_tag?post=331280"}],"curies":[{"name":"wp","href":"https:\/\/api.w.org\/{rel}","templated":true}]}}