{"id":331714,"date":"2024-08-27T23:01:16","date_gmt":"2024-08-27T21:01:16","guid":{"rendered":"https:\/\/bike-express.ch\/produit\/teleskop-sattestutze-34-9x28-h9009v\/"},"modified":"2025-01-06T16:10:04","modified_gmt":"2025-01-06T15:10:04","slug":"teleskop-sattestutze-34-9x28-h9009v-2","status":"publish","type":"product","link":"https:\/\/bike-express.ch\/de\/produit\/teleskop-sattestutze-34-9x28-h9009v-2\/","title":{"rendered":"Teleskop Sattest\u00fctze, 34.9x285mm nur unteres Teil"},"content":{"rendered":"<p>Teleskop Sattest\u00fctze, 34.9x285mm nur unteres Teil<br \/>\nKompatible Velos:<br \/>\nGSD R14 MY21, GSD S00 MY19, GSD S00 MY20, GSD S00 MY21, GSD S10 MY18, GSD S10 MY19, GSD S10 MY20, GSD S10 MY21, HSD P9 MY20, HSD P9 MY21, HSD S8i MY20, HSD S8i MY21, HSD S+ MY20, HSD S+ MY21, Vektron P7i MY19, Vektron P7i MY20, Vektron P7i MY21, Vektron P9 MY18, Vektron P9 MY19, Vektron P9 MY20, Vektron Q9 MY19, Vektron Q9 MY20, Vektron Q9 MY21, Vektron S10 MY19, Vektron S10 MY20, Vektron S10 MY21<\/p>\n","protected":false},"excerpt":{"rendered":"<p>Teleskop Sattest\u00fctze, 34.9x285mm nur unteres Teil Kompatible Velos: GSD R14 MY21, GSD S00 MY19, GSD S00 MY20, GSD S00 MY21, GSD S10 MY18, GSD S10 MY19, GSD S10 MY20, GSD S10 MY21, HSD P9 MY20, HSD P9 MY21, HSD S8i MY20, HSD S8i MY21, HSD S+ MY20, HSD S+ MY21, Vektron P7i MY19, Vektron P7i [&#8230;]\n","protected":false},"featured_media":331715,"template":"","meta":[],"product_brand":[],"product_cat":[11847,11972,11973],"product_tag":[],"class_list":{"0":"post-331714","1":"product","2":"type-product","3":"status-publish","4":"has-post-thumbnail","6":"product_cat-fahrrad-fahrradteile-de","7":"product_cat-fahrrad-fahrr-sattelstutzen-de","8":"product_cat-fahrrad-satte-sattelstutzen-de","10":"first","11":"instock","12":"taxable","13":"shipping-taxable","14":"purchasable","15":"product-type-simple"},"yoast_head":"<!-- This site is optimized with the Yoast SEO plugin v27.1.1 - https:\/\/yoast.com\/product\/yoast-seo-wordpress\/ -->\n<title>Teleskop Sattest\u00fctze, 34.9x285mm nur unteres Teil - Bike Express<\/title>\n<meta name=\"robots\" content=\"index,follow\" \/>\n<link rel=\"canonical\" href=\"https:\/\/bike-express.ch\/de\/produit\/teleskop-sattestutze-34-9x28-h9009v-2\/\" \/>\n<meta property=\"og:locale\" content=\"de_DE\" \/>\n<meta property=\"og:type\" content=\"article\" \/>\n<meta property=\"og:title\" content=\"Teleskop Sattest\u00fctze, 34.9x285mm nur unteres Teil - Bike Express\" \/>\n<meta property=\"og:description\" content=\"Teleskop Sattest\u00fctze, 34.9x285mm nur unteres Teil Kompatible Velos: GSD R14 MY21, GSD S00 MY19, GSD S00 MY20, GSD S00 MY21, GSD S10 MY18, GSD S10 MY19, GSD S10 MY20, GSD S10 MY21, HSD P9 MY20, HSD P9 MY21, HSD S8i MY20, HSD S8i MY21, HSD S+ MY20, HSD S+ MY21, Vektron P7i MY19, Vektron P7i [...]\" \/>\n<meta property=\"og:url\" content=\"https:\/\/bike-express.ch\/de\/produit\/teleskop-sattestutze-34-9x28-h9009v-2\/\" \/>\n<meta property=\"og:site_name\" content=\"Bike Express\" \/>\n<meta property=\"article:modified_time\" content=\"2025-01-06T15:10:04+00:00\" \/>\n<meta property=\"og:image\" content=\"https:\/\/bike-express.ch\/wp-content\/uploads\/2024\/08\/H9009V.jpg\" \/>\n\t<meta property=\"og:image:width\" content=\"1920\" \/>\n\t<meta property=\"og:image:height\" content=\"1920\" \/>\n\t<meta property=\"og:image:type\" content=\"image\/jpeg\" \/>\n<meta name=\"twitter:card\" content=\"summary_large_image\" \/>\n<script type=\"application\/ld+json\" class=\"yoast-schema-graph\">{\"@context\":\"https:\/\/schema.org\",\"@graph\":[{\"@type\":\"WebPage\",\"@id\":\"https:\/\/bike-express.ch\/de\/produit\/teleskop-sattestutze-34-9x28-h9009v-2\/\",\"url\":\"https:\/\/bike-express.ch\/de\/produit\/teleskop-sattestutze-34-9x28-h9009v-2\/\",\"name\":\"Teleskop Sattest\u00fctze, 34.9x285mm nur unteres Teil - Bike Express\",\"isPartOf\":{\"@id\":\"https:\/\/bike-express.ch\/de\/#website\"},\"primaryImageOfPage\":{\"@id\":\"https:\/\/bike-express.ch\/de\/produit\/teleskop-sattestutze-34-9x28-h9009v-2\/#primaryimage\"},\"image\":{\"@id\":\"https:\/\/bike-express.ch\/de\/produit\/teleskop-sattestutze-34-9x28-h9009v-2\/#primaryimage\"},\"thumbnailUrl\":\"https:\/\/bike-express.ch\/wp-content\/uploads\/2024\/08\/H9009V.jpg\",\"datePublished\":\"2024-08-27T21:01:16+00:00\",\"dateModified\":\"2025-01-06T15:10:04+00:00\",\"breadcrumb\":{\"@id\":\"https:\/\/bike-express.ch\/de\/produit\/teleskop-sattestutze-34-9x28-h9009v-2\/#breadcrumb\"},\"inLanguage\":\"de\",\"potentialAction\":[{\"@type\":\"ReadAction\",\"target\":[\"https:\/\/bike-express.ch\/de\/produit\/teleskop-sattestutze-34-9x28-h9009v-2\/\"]}]},{\"@type\":\"ImageObject\",\"inLanguage\":\"de\",\"@id\":\"https:\/\/bike-express.ch\/de\/produit\/teleskop-sattestutze-34-9x28-h9009v-2\/#primaryimage\",\"url\":\"https:\/\/bike-express.ch\/wp-content\/uploads\/2024\/08\/H9009V.jpg\",\"contentUrl\":\"https:\/\/bike-express.ch\/wp-content\/uploads\/2024\/08\/H9009V.jpg\",\"width\":1920,\"height\":1920},{\"@type\":\"BreadcrumbList\",\"@id\":\"https:\/\/bike-express.ch\/de\/produit\/teleskop-sattestutze-34-9x28-h9009v-2\/#breadcrumb\",\"itemListElement\":[{\"@type\":\"ListItem\",\"position\":1,\"name\":\"Accueil\",\"item\":\"https:\/\/bike-express.ch\/de\/\"},{\"@type\":\"ListItem\",\"position\":2,\"name\":\"Unsere Produkte\",\"item\":\"https:\/\/bike-express.ch\/de\/unsere-produkte\/\"},{\"@type\":\"ListItem\",\"position\":3,\"name\":\"Fahrradteile\",\"item\":\"https:\/\/bike-express.ch\/de\/categorie-produit\/fahrrad-fahrradteile-de\/\"},{\"@type\":\"ListItem\",\"position\":4,\"name\":\"Sattelst\u00fctzen\",\"item\":\"https:\/\/bike-express.ch\/de\/categorie-produit\/fahrrad-fahrradteile-de\/fahrrad-fahrr-sattelstutzen-de\/\"},{\"@type\":\"ListItem\",\"position\":5,\"name\":\"Sattelst\u00fctzen\",\"item\":\"https:\/\/bike-express.ch\/de\/categorie-produit\/fahrrad-fahrradteile-de\/fahrrad-fahrr-sattelstutzen-de\/fahrrad-satte-sattelstutzen-de\/\"},{\"@type\":\"ListItem\",\"position\":6,\"name\":\"Teleskop Sattest\u00fctze, 34.9x285mm nur unteres Teil\"}]},{\"@type\":\"WebSite\",\"@id\":\"https:\/\/bike-express.ch\/de\/#website\",\"url\":\"https:\/\/bike-express.ch\/de\/\",\"name\":\"Bike Express\",\"description\":\"Num\u00e9ro 1 des pi\u00e8ces de v\u00e9los en Suisse\",\"potentialAction\":[{\"@type\":\"SearchAction\",\"target\":{\"@type\":\"EntryPoint\",\"urlTemplate\":\"https:\/\/bike-express.ch\/de\/?s={search_term_string}\"},\"query-input\":{\"@type\":\"PropertyValueSpecification\",\"valueRequired\":true,\"valueName\":\"search_term_string\"}}],\"inLanguage\":\"de\"}]}<\/script>\n<!-- \/ Yoast SEO plugin. -->","yoast_head_json":{"title":"Teleskop Sattest\u00fctze, 34.9x285mm nur unteres Teil - Bike Express","robots":{"index,follow":"index,follow"},"canonical":"https:\/\/bike-express.ch\/de\/produit\/teleskop-sattestutze-34-9x28-h9009v-2\/","og_locale":"de_DE","og_type":"article","og_title":"Teleskop Sattest\u00fctze, 34.9x285mm nur unteres Teil - Bike Express","og_description":"Teleskop Sattest\u00fctze, 34.9x285mm nur unteres Teil Kompatible Velos: GSD R14 MY21, GSD S00 MY19, GSD S00 MY20, GSD S00 MY21, GSD S10 MY18, GSD S10 MY19, GSD S10 MY20, GSD S10 MY21, HSD P9 MY20, HSD P9 MY21, HSD S8i MY20, HSD S8i MY21, HSD S+ MY20, HSD S+ MY21, Vektron P7i MY19, Vektron P7i [...]","og_url":"https:\/\/bike-express.ch\/de\/produit\/teleskop-sattestutze-34-9x28-h9009v-2\/","og_site_name":"Bike Express","article_modified_time":"2025-01-06T15:10:04+00:00","og_image":[{"width":1920,"height":1920,"url":"https:\/\/bike-express.ch\/wp-content\/uploads\/2024\/08\/H9009V.jpg","type":"image\/jpeg"}],"twitter_card":"summary_large_image","schema":{"@context":"https:\/\/schema.org","@graph":[{"@type":"WebPage","@id":"https:\/\/bike-express.ch\/de\/produit\/teleskop-sattestutze-34-9x28-h9009v-2\/","url":"https:\/\/bike-express.ch\/de\/produit\/teleskop-sattestutze-34-9x28-h9009v-2\/","name":"Teleskop Sattest\u00fctze, 34.9x285mm nur unteres Teil - Bike Express","isPartOf":{"@id":"https:\/\/bike-express.ch\/de\/#website"},"primaryImageOfPage":{"@id":"https:\/\/bike-express.ch\/de\/produit\/teleskop-sattestutze-34-9x28-h9009v-2\/#primaryimage"},"image":{"@id":"https:\/\/bike-express.ch\/de\/produit\/teleskop-sattestutze-34-9x28-h9009v-2\/#primaryimage"},"thumbnailUrl":"https:\/\/bike-express.ch\/wp-content\/uploads\/2024\/08\/H9009V.jpg","datePublished":"2024-08-27T21:01:16+00:00","dateModified":"2025-01-06T15:10:04+00:00","breadcrumb":{"@id":"https:\/\/bike-express.ch\/de\/produit\/teleskop-sattestutze-34-9x28-h9009v-2\/#breadcrumb"},"inLanguage":"de","potentialAction":[{"@type":"ReadAction","target":["https:\/\/bike-express.ch\/de\/produit\/teleskop-sattestutze-34-9x28-h9009v-2\/"]}]},{"@type":"ImageObject","inLanguage":"de","@id":"https:\/\/bike-express.ch\/de\/produit\/teleskop-sattestutze-34-9x28-h9009v-2\/#primaryimage","url":"https:\/\/bike-express.ch\/wp-content\/uploads\/2024\/08\/H9009V.jpg","contentUrl":"https:\/\/bike-express.ch\/wp-content\/uploads\/2024\/08\/H9009V.jpg","width":1920,"height":1920},{"@type":"BreadcrumbList","@id":"https:\/\/bike-express.ch\/de\/produit\/teleskop-sattestutze-34-9x28-h9009v-2\/#breadcrumb","itemListElement":[{"@type":"ListItem","position":1,"name":"Accueil","item":"https:\/\/bike-express.ch\/de\/"},{"@type":"ListItem","position":2,"name":"Unsere Produkte","item":"https:\/\/bike-express.ch\/de\/unsere-produkte\/"},{"@type":"ListItem","position":3,"name":"Fahrradteile","item":"https:\/\/bike-express.ch\/de\/categorie-produit\/fahrrad-fahrradteile-de\/"},{"@type":"ListItem","position":4,"name":"Sattelst\u00fctzen","item":"https:\/\/bike-express.ch\/de\/categorie-produit\/fahrrad-fahrradteile-de\/fahrrad-fahrr-sattelstutzen-de\/"},{"@type":"ListItem","position":5,"name":"Sattelst\u00fctzen","item":"https:\/\/bike-express.ch\/de\/categorie-produit\/fahrrad-fahrradteile-de\/fahrrad-fahrr-sattelstutzen-de\/fahrrad-satte-sattelstutzen-de\/"},{"@type":"ListItem","position":6,"name":"Teleskop Sattest\u00fctze, 34.9x285mm nur unteres Teil"}]},{"@type":"WebSite","@id":"https:\/\/bike-express.ch\/de\/#website","url":"https:\/\/bike-express.ch\/de\/","name":"Bike Express","description":"Num\u00e9ro 1 des pi\u00e8ces de v\u00e9los en Suisse","potentialAction":[{"@type":"SearchAction","target":{"@type":"EntryPoint","urlTemplate":"https:\/\/bike-express.ch\/de\/?s={search_term_string}"},"query-input":{"@type":"PropertyValueSpecification","valueRequired":true,"valueName":"search_term_string"}}],"inLanguage":"de"}]}},"_links":{"self":[{"href":"https:\/\/bike-express.ch\/de\/wp-json\/wp\/v2\/product\/331714","targetHints":{"allow":["GET"]}}],"collection":[{"href":"https:\/\/bike-express.ch\/de\/wp-json\/wp\/v2\/product"}],"about":[{"href":"https:\/\/bike-express.ch\/de\/wp-json\/wp\/v2\/types\/product"}],"wp:featuredmedia":[{"embeddable":true,"href":"https:\/\/bike-express.ch\/de\/wp-json\/wp\/v2\/media\/331715"}],"wp:attachment":[{"href":"https:\/\/bike-express.ch\/de\/wp-json\/wp\/v2\/media?parent=331714"}],"wp:term":[{"taxonomy":"product_brand","embeddable":true,"href":"https:\/\/bike-express.ch\/de\/wp-json\/wp\/v2\/product_brand?post=331714"},{"taxonomy":"product_cat","embeddable":true,"href":"https:\/\/bike-express.ch\/de\/wp-json\/wp\/v2\/product_cat?post=331714"},{"taxonomy":"product_tag","embeddable":true,"href":"https:\/\/bike-express.ch\/de\/wp-json\/wp\/v2\/product_tag?post=331714"}],"curies":[{"name":"wp","href":"https:\/\/api.w.org\/{rel}","templated":true}]}}