{"id":331725,"date":"2024-08-27T23:01:22","date_gmt":"2024-08-27T21:01:22","guid":{"rendered":"https:\/\/bike-express.ch\/produit\/sattelschnellspanner-syntace-h9404l\/"},"modified":"2024-12-02T09:58:57","modified_gmt":"2024-12-02T08:58:57","slug":"sattelschnellspanner-syntace-h9404l-2","status":"publish","type":"product","link":"https:\/\/bike-express.ch\/de\/produit\/sattelschnellspanner-syntace-h9404l-2\/","title":{"rendered":"Sattelschnellspanner, Syntace, 38mm schwarz anodisiert"},"content":{"rendered":"<p>Sattelschnellspanner, Syntace, 38mm schwarz anodisiert<br \/>\nKompatible Modelle:<br \/>\nEclipse X20 MY13, Eclipse X20 MY14, Eclipse X20 MY15, Eclipse X22 MY16, Eclipse X22 MY17, Eclipse X22 MY18, Verge P10 MY17, Verge P10 MY18, Verge P10 MY19, Verge P20 MY14, Verge P20 MY15, Verge P20 MY16, Verge P9 MY14, Verge P9 MY15, Verge P9 MY16, Verge S8i MY16, Verge S8i MY17, Verge S8i MY18, Verge S8i MY19, Verge X10 MY12, Verge X10 MY13, Verge X10 MY14, Verge X10 MY15, Verge X10 MY16, Verge X10 MY17, Verge X11 MY17, Verge X11 MY18, Verge X11 MY19, Verge X18 MY15, Verge X18 MY16, Verge X18 MY17, Verge X20 MY12, Verge X20 MY13, Verge X20 MY14, Verge X20 MY15, Verge X20 MY16, Verge X20 MY17, Verge X30h MY12, Verge X30h MY13, Verge X30h MY14, Verge X30h MY15<\/p>\n","protected":false},"excerpt":{"rendered":"<p>Sattelschnellspanner, Syntace, 38mm schwarz anodisiert Kompatible Modelle: Eclipse X20 MY13, Eclipse X20 MY14, Eclipse X20 MY15, Eclipse X22 MY16, Eclipse X22 MY17, Eclipse X22 MY18, Verge P10 MY17, Verge P10 MY18, Verge P10 MY19, Verge P20 MY14, Verge P20 MY15, Verge P20 MY16, Verge P9 MY14, Verge P9 MY15, Verge P9 MY16, Verge S8i MY16, [&#8230;]\n","protected":false},"featured_media":331726,"template":"","meta":[],"product_brand":[],"product_cat":[11847,11972],"product_tag":[],"class_list":{"0":"post-331725","1":"product","2":"type-product","3":"status-publish","4":"has-post-thumbnail","6":"product_cat-fahrrad-fahrradteile-de","7":"product_cat-fahrrad-fahrr-sattelstutzen-de","9":"first","10":"instock","11":"taxable","12":"shipping-taxable","13":"purchasable","14":"product-type-simple"},"yoast_head":"<!-- This site is optimized with the Yoast SEO plugin v27.1.1 - https:\/\/yoast.com\/product\/yoast-seo-wordpress\/ -->\n<title>Sattelschnellspanner, Syntace, 38mm schwarz anodisiert - Bike Express<\/title>\n<meta name=\"robots\" content=\"index,follow\" \/>\n<link rel=\"canonical\" href=\"https:\/\/bike-express.ch\/de\/produit\/sattelschnellspanner-syntace-h9404l-2\/\" \/>\n<meta property=\"og:locale\" content=\"de_DE\" \/>\n<meta property=\"og:type\" content=\"article\" \/>\n<meta property=\"og:title\" content=\"Sattelschnellspanner, Syntace, 38mm schwarz anodisiert - Bike Express\" \/>\n<meta property=\"og:description\" content=\"Sattelschnellspanner, Syntace, 38mm schwarz anodisiert Kompatible Modelle: Eclipse X20 MY13, Eclipse X20 MY14, Eclipse X20 MY15, Eclipse X22 MY16, Eclipse X22 MY17, Eclipse X22 MY18, Verge P10 MY17, Verge P10 MY18, Verge P10 MY19, Verge P20 MY14, Verge P20 MY15, Verge P20 MY16, Verge P9 MY14, Verge P9 MY15, Verge P9 MY16, Verge S8i MY16, [...]\" \/>\n<meta property=\"og:url\" content=\"https:\/\/bike-express.ch\/de\/produit\/sattelschnellspanner-syntace-h9404l-2\/\" \/>\n<meta property=\"og:site_name\" content=\"Bike Express\" \/>\n<meta property=\"article:modified_time\" content=\"2024-12-02T08:58:57+00:00\" \/>\n<meta property=\"og:image\" content=\"https:\/\/bike-express.ch\/wp-content\/uploads\/2024\/08\/H9404L.jpg\" \/>\n\t<meta property=\"og:image:width\" content=\"800\" \/>\n\t<meta property=\"og:image:height\" content=\"533\" \/>\n\t<meta property=\"og:image:type\" content=\"image\/jpeg\" \/>\n<meta name=\"twitter:card\" content=\"summary_large_image\" \/>\n<meta name=\"twitter:label1\" content=\"Gesch\u00e4tzte Lesezeit\" \/>\n\t<meta name=\"twitter:data1\" content=\"1\u00a0Minute\" \/>\n<script type=\"application\/ld+json\" class=\"yoast-schema-graph\">{\"@context\":\"https:\/\/schema.org\",\"@graph\":[{\"@type\":\"WebPage\",\"@id\":\"https:\/\/bike-express.ch\/de\/produit\/sattelschnellspanner-syntace-h9404l-2\/\",\"url\":\"https:\/\/bike-express.ch\/de\/produit\/sattelschnellspanner-syntace-h9404l-2\/\",\"name\":\"Sattelschnellspanner, Syntace, 38mm schwarz anodisiert - Bike Express\",\"isPartOf\":{\"@id\":\"https:\/\/bike-express.ch\/de\/#website\"},\"primaryImageOfPage\":{\"@id\":\"https:\/\/bike-express.ch\/de\/produit\/sattelschnellspanner-syntace-h9404l-2\/#primaryimage\"},\"image\":{\"@id\":\"https:\/\/bike-express.ch\/de\/produit\/sattelschnellspanner-syntace-h9404l-2\/#primaryimage\"},\"thumbnailUrl\":\"https:\/\/bike-express.ch\/wp-content\/uploads\/2024\/08\/H9404L.jpg\",\"datePublished\":\"2024-08-27T21:01:22+00:00\",\"dateModified\":\"2024-12-02T08:58:57+00:00\",\"breadcrumb\":{\"@id\":\"https:\/\/bike-express.ch\/de\/produit\/sattelschnellspanner-syntace-h9404l-2\/#breadcrumb\"},\"inLanguage\":\"de\",\"potentialAction\":[{\"@type\":\"ReadAction\",\"target\":[\"https:\/\/bike-express.ch\/de\/produit\/sattelschnellspanner-syntace-h9404l-2\/\"]}]},{\"@type\":\"ImageObject\",\"inLanguage\":\"de\",\"@id\":\"https:\/\/bike-express.ch\/de\/produit\/sattelschnellspanner-syntace-h9404l-2\/#primaryimage\",\"url\":\"https:\/\/bike-express.ch\/wp-content\/uploads\/2024\/08\/H9404L.jpg\",\"contentUrl\":\"https:\/\/bike-express.ch\/wp-content\/uploads\/2024\/08\/H9404L.jpg\",\"width\":800,\"height\":533},{\"@type\":\"BreadcrumbList\",\"@id\":\"https:\/\/bike-express.ch\/de\/produit\/sattelschnellspanner-syntace-h9404l-2\/#breadcrumb\",\"itemListElement\":[{\"@type\":\"ListItem\",\"position\":1,\"name\":\"Accueil\",\"item\":\"https:\/\/bike-express.ch\/de\/\"},{\"@type\":\"ListItem\",\"position\":2,\"name\":\"Unsere Produkte\",\"item\":\"https:\/\/bike-express.ch\/de\/unsere-produkte\/\"},{\"@type\":\"ListItem\",\"position\":3,\"name\":\"Fahrradteile\",\"item\":\"https:\/\/bike-express.ch\/de\/categorie-produit\/fahrrad-fahrradteile-de\/\"},{\"@type\":\"ListItem\",\"position\":4,\"name\":\"S\u00e4ttel\",\"item\":\"https:\/\/bike-express.ch\/de\/categorie-produit\/fahrrad-fahrradteile-de\/fahrrad-fahrr-sattel-de\/\"},{\"@type\":\"ListItem\",\"position\":5,\"name\":\"Zubeh\u00f6r S\u00e4ttel\",\"item\":\"https:\/\/bike-express.ch\/de\/categorie-produit\/zubehor-sattel-de\/\"},{\"@type\":\"ListItem\",\"position\":6,\"name\":\"Sattelschnellspanner, Syntace, 38mm schwarz anodisiert\"}]},{\"@type\":\"WebSite\",\"@id\":\"https:\/\/bike-express.ch\/de\/#website\",\"url\":\"https:\/\/bike-express.ch\/de\/\",\"name\":\"Bike Express\",\"description\":\"Num\u00e9ro 1 des pi\u00e8ces de v\u00e9los en Suisse\",\"potentialAction\":[{\"@type\":\"SearchAction\",\"target\":{\"@type\":\"EntryPoint\",\"urlTemplate\":\"https:\/\/bike-express.ch\/de\/?s={search_term_string}\"},\"query-input\":{\"@type\":\"PropertyValueSpecification\",\"valueRequired\":true,\"valueName\":\"search_term_string\"}}],\"inLanguage\":\"de\"}]}<\/script>\n<!-- \/ Yoast SEO plugin. -->","yoast_head_json":{"title":"Sattelschnellspanner, Syntace, 38mm schwarz anodisiert - Bike Express","robots":{"index,follow":"index,follow"},"canonical":"https:\/\/bike-express.ch\/de\/produit\/sattelschnellspanner-syntace-h9404l-2\/","og_locale":"de_DE","og_type":"article","og_title":"Sattelschnellspanner, Syntace, 38mm schwarz anodisiert - Bike Express","og_description":"Sattelschnellspanner, Syntace, 38mm schwarz anodisiert Kompatible Modelle: Eclipse X20 MY13, Eclipse X20 MY14, Eclipse X20 MY15, Eclipse X22 MY16, Eclipse X22 MY17, Eclipse X22 MY18, Verge P10 MY17, Verge P10 MY18, Verge P10 MY19, Verge P20 MY14, Verge P20 MY15, Verge P20 MY16, Verge P9 MY14, Verge P9 MY15, Verge P9 MY16, Verge S8i MY16, [...]","og_url":"https:\/\/bike-express.ch\/de\/produit\/sattelschnellspanner-syntace-h9404l-2\/","og_site_name":"Bike Express","article_modified_time":"2024-12-02T08:58:57+00:00","og_image":[{"width":800,"height":533,"url":"https:\/\/bike-express.ch\/wp-content\/uploads\/2024\/08\/H9404L.jpg","type":"image\/jpeg"}],"twitter_card":"summary_large_image","twitter_misc":{"Gesch\u00e4tzte Lesezeit":"1\u00a0Minute"},"schema":{"@context":"https:\/\/schema.org","@graph":[{"@type":"WebPage","@id":"https:\/\/bike-express.ch\/de\/produit\/sattelschnellspanner-syntace-h9404l-2\/","url":"https:\/\/bike-express.ch\/de\/produit\/sattelschnellspanner-syntace-h9404l-2\/","name":"Sattelschnellspanner, Syntace, 38mm schwarz anodisiert - Bike Express","isPartOf":{"@id":"https:\/\/bike-express.ch\/de\/#website"},"primaryImageOfPage":{"@id":"https:\/\/bike-express.ch\/de\/produit\/sattelschnellspanner-syntace-h9404l-2\/#primaryimage"},"image":{"@id":"https:\/\/bike-express.ch\/de\/produit\/sattelschnellspanner-syntace-h9404l-2\/#primaryimage"},"thumbnailUrl":"https:\/\/bike-express.ch\/wp-content\/uploads\/2024\/08\/H9404L.jpg","datePublished":"2024-08-27T21:01:22+00:00","dateModified":"2024-12-02T08:58:57+00:00","breadcrumb":{"@id":"https:\/\/bike-express.ch\/de\/produit\/sattelschnellspanner-syntace-h9404l-2\/#breadcrumb"},"inLanguage":"de","potentialAction":[{"@type":"ReadAction","target":["https:\/\/bike-express.ch\/de\/produit\/sattelschnellspanner-syntace-h9404l-2\/"]}]},{"@type":"ImageObject","inLanguage":"de","@id":"https:\/\/bike-express.ch\/de\/produit\/sattelschnellspanner-syntace-h9404l-2\/#primaryimage","url":"https:\/\/bike-express.ch\/wp-content\/uploads\/2024\/08\/H9404L.jpg","contentUrl":"https:\/\/bike-express.ch\/wp-content\/uploads\/2024\/08\/H9404L.jpg","width":800,"height":533},{"@type":"BreadcrumbList","@id":"https:\/\/bike-express.ch\/de\/produit\/sattelschnellspanner-syntace-h9404l-2\/#breadcrumb","itemListElement":[{"@type":"ListItem","position":1,"name":"Accueil","item":"https:\/\/bike-express.ch\/de\/"},{"@type":"ListItem","position":2,"name":"Unsere Produkte","item":"https:\/\/bike-express.ch\/de\/unsere-produkte\/"},{"@type":"ListItem","position":3,"name":"Fahrradteile","item":"https:\/\/bike-express.ch\/de\/categorie-produit\/fahrrad-fahrradteile-de\/"},{"@type":"ListItem","position":4,"name":"S\u00e4ttel","item":"https:\/\/bike-express.ch\/de\/categorie-produit\/fahrrad-fahrradteile-de\/fahrrad-fahrr-sattel-de\/"},{"@type":"ListItem","position":5,"name":"Zubeh\u00f6r S\u00e4ttel","item":"https:\/\/bike-express.ch\/de\/categorie-produit\/zubehor-sattel-de\/"},{"@type":"ListItem","position":6,"name":"Sattelschnellspanner, Syntace, 38mm schwarz anodisiert"}]},{"@type":"WebSite","@id":"https:\/\/bike-express.ch\/de\/#website","url":"https:\/\/bike-express.ch\/de\/","name":"Bike Express","description":"Num\u00e9ro 1 des pi\u00e8ces de v\u00e9los en Suisse","potentialAction":[{"@type":"SearchAction","target":{"@type":"EntryPoint","urlTemplate":"https:\/\/bike-express.ch\/de\/?s={search_term_string}"},"query-input":{"@type":"PropertyValueSpecification","valueRequired":true,"valueName":"search_term_string"}}],"inLanguage":"de"}]}},"_links":{"self":[{"href":"https:\/\/bike-express.ch\/de\/wp-json\/wp\/v2\/product\/331725","targetHints":{"allow":["GET"]}}],"collection":[{"href":"https:\/\/bike-express.ch\/de\/wp-json\/wp\/v2\/product"}],"about":[{"href":"https:\/\/bike-express.ch\/de\/wp-json\/wp\/v2\/types\/product"}],"wp:featuredmedia":[{"embeddable":true,"href":"https:\/\/bike-express.ch\/de\/wp-json\/wp\/v2\/media\/331726"}],"wp:attachment":[{"href":"https:\/\/bike-express.ch\/de\/wp-json\/wp\/v2\/media?parent=331725"}],"wp:term":[{"taxonomy":"product_brand","embeddable":true,"href":"https:\/\/bike-express.ch\/de\/wp-json\/wp\/v2\/product_brand?post=331725"},{"taxonomy":"product_cat","embeddable":true,"href":"https:\/\/bike-express.ch\/de\/wp-json\/wp\/v2\/product_cat?post=331725"},{"taxonomy":"product_tag","embeddable":true,"href":"https:\/\/bike-express.ch\/de\/wp-json\/wp\/v2\/product_tag?post=331725"}],"curies":[{"name":"wp","href":"https:\/\/api.w.org\/{rel}","templated":true}]}}