{"id":331796,"date":"2024-08-27T23:02:12","date_gmt":"2024-08-27T21:02:12","guid":{"rendered":"https:\/\/bike-express.ch\/produit\/gleitlager-fur-lenkerstutze-h9407d\/"},"modified":"2024-12-20T10:43:35","modified_gmt":"2024-12-20T09:43:35","slug":"gleitlager-fur-lenkerstutze-h9407d-2","status":"publish","type":"product","link":"https:\/\/bike-express.ch\/de\/produit\/gleitlager-fur-lenkerstutze-h9407d-2\/","title":{"rendered":"Gleitlager f\u00fcr Lenkerst\u00fctze Physis, FBL 2.0, OCL, IGUS IGLIDUR"},"content":{"rendered":"<p>Gleitlager f\u00fcr Lenkerst\u00fctze Physis, FBL 2.0, OCL, IGUS IGLIDUR<br \/>\nIGUS IGLIDUR<\/p>\n","protected":false},"excerpt":{"rendered":"<p>Gleitlager f\u00fcr Lenkerst\u00fctze Physis, FBL 2.0, OCL, IGUS IGLIDUR IGUS IGLIDUR<\/p>\n","protected":false},"featured_media":331797,"template":"","meta":[],"product_brand":[],"product_cat":[11847,11997,12049],"product_tag":[],"class_list":{"0":"post-331796","1":"product","2":"type-product","3":"status-publish","4":"has-post-thumbnail","6":"product_cat-fahrrad-fahrradteile-de","7":"product_cat-fahrrad-fahrr-lenkerkorbe-de","8":"product_cat-fahrrad-werks-werkzeug-de","10":"first","11":"instock","12":"taxable","13":"shipping-taxable","14":"purchasable","15":"product-type-simple"},"yoast_head":"<!-- This site is optimized with the Yoast SEO plugin v27.1.1 - https:\/\/yoast.com\/product\/yoast-seo-wordpress\/ -->\n<title>Gleitlager f\u00fcr Lenkerst\u00fctze Physis, FBL 2.0, OCL, IGUS IGLIDUR - Bike Express<\/title>\n<meta name=\"robots\" content=\"index,follow\" \/>\n<link rel=\"canonical\" href=\"https:\/\/bike-express.ch\/de\/produit\/gleitlager-fur-lenkerstutze-h9407d-2\/\" \/>\n<meta property=\"og:locale\" content=\"de_DE\" \/>\n<meta property=\"og:type\" content=\"article\" \/>\n<meta property=\"og:title\" content=\"Gleitlager f\u00fcr Lenkerst\u00fctze Physis, FBL 2.0, OCL, IGUS IGLIDUR - Bike Express\" \/>\n<meta property=\"og:description\" content=\"Gleitlager f\u00fcr Lenkerst\u00fctze Physis, FBL 2.0, OCL, IGUS IGLIDUR IGUS IGLIDUR\" \/>\n<meta property=\"og:url\" content=\"https:\/\/bike-express.ch\/de\/produit\/gleitlager-fur-lenkerstutze-h9407d-2\/\" \/>\n<meta property=\"og:site_name\" content=\"Bike Express\" \/>\n<meta property=\"article:modified_time\" content=\"2024-12-20T09:43:35+00:00\" \/>\n<meta property=\"og:image\" content=\"https:\/\/bike-express.ch\/wp-content\/uploads\/2024\/08\/H9407D.jpg\" \/>\n\t<meta property=\"og:image:width\" content=\"1802\" \/>\n\t<meta property=\"og:image:height\" content=\"1200\" \/>\n\t<meta property=\"og:image:type\" content=\"image\/jpeg\" \/>\n<meta name=\"twitter:card\" content=\"summary_large_image\" \/>\n<script type=\"application\/ld+json\" class=\"yoast-schema-graph\">{\"@context\":\"https:\/\/schema.org\",\"@graph\":[{\"@type\":\"WebPage\",\"@id\":\"https:\/\/bike-express.ch\/de\/produit\/gleitlager-fur-lenkerstutze-h9407d-2\/\",\"url\":\"https:\/\/bike-express.ch\/de\/produit\/gleitlager-fur-lenkerstutze-h9407d-2\/\",\"name\":\"Gleitlager f\u00fcr Lenkerst\u00fctze Physis, FBL 2.0, OCL, IGUS IGLIDUR - Bike Express\",\"isPartOf\":{\"@id\":\"https:\/\/bike-express.ch\/de\/#website\"},\"primaryImageOfPage\":{\"@id\":\"https:\/\/bike-express.ch\/de\/produit\/gleitlager-fur-lenkerstutze-h9407d-2\/#primaryimage\"},\"image\":{\"@id\":\"https:\/\/bike-express.ch\/de\/produit\/gleitlager-fur-lenkerstutze-h9407d-2\/#primaryimage\"},\"thumbnailUrl\":\"https:\/\/bike-express.ch\/wp-content\/uploads\/2024\/08\/H9407D.jpg\",\"datePublished\":\"2024-08-27T21:02:12+00:00\",\"dateModified\":\"2024-12-20T09:43:35+00:00\",\"breadcrumb\":{\"@id\":\"https:\/\/bike-express.ch\/de\/produit\/gleitlager-fur-lenkerstutze-h9407d-2\/#breadcrumb\"},\"inLanguage\":\"de\",\"potentialAction\":[{\"@type\":\"ReadAction\",\"target\":[\"https:\/\/bike-express.ch\/de\/produit\/gleitlager-fur-lenkerstutze-h9407d-2\/\"]}]},{\"@type\":\"ImageObject\",\"inLanguage\":\"de\",\"@id\":\"https:\/\/bike-express.ch\/de\/produit\/gleitlager-fur-lenkerstutze-h9407d-2\/#primaryimage\",\"url\":\"https:\/\/bike-express.ch\/wp-content\/uploads\/2024\/08\/H9407D.jpg\",\"contentUrl\":\"https:\/\/bike-express.ch\/wp-content\/uploads\/2024\/08\/H9407D.jpg\",\"width\":1802,\"height\":1200},{\"@type\":\"BreadcrumbList\",\"@id\":\"https:\/\/bike-express.ch\/de\/produit\/gleitlager-fur-lenkerstutze-h9407d-2\/#breadcrumb\",\"itemListElement\":[{\"@type\":\"ListItem\",\"position\":1,\"name\":\"Accueil\",\"item\":\"https:\/\/bike-express.ch\/de\/\"},{\"@type\":\"ListItem\",\"position\":2,\"name\":\"Unsere Produkte\",\"item\":\"https:\/\/bike-express.ch\/de\/unsere-produkte\/\"},{\"@type\":\"ListItem\",\"position\":3,\"name\":\"Fahrradteile\",\"item\":\"https:\/\/bike-express.ch\/de\/categorie-produit\/fahrrad-fahrradteile-de\/\"},{\"@type\":\"ListItem\",\"position\":4,\"name\":\"Gleitlager f\u00fcr Lenkerst\u00fctze Physis, FBL 2.0, OCL, IGUS IGLIDUR\"}]},{\"@type\":\"WebSite\",\"@id\":\"https:\/\/bike-express.ch\/de\/#website\",\"url\":\"https:\/\/bike-express.ch\/de\/\",\"name\":\"Bike Express\",\"description\":\"Num\u00e9ro 1 des pi\u00e8ces de v\u00e9los en Suisse\",\"potentialAction\":[{\"@type\":\"SearchAction\",\"target\":{\"@type\":\"EntryPoint\",\"urlTemplate\":\"https:\/\/bike-express.ch\/de\/?s={search_term_string}\"},\"query-input\":{\"@type\":\"PropertyValueSpecification\",\"valueRequired\":true,\"valueName\":\"search_term_string\"}}],\"inLanguage\":\"de\"}]}<\/script>\n<!-- \/ Yoast SEO plugin. -->","yoast_head_json":{"title":"Gleitlager f\u00fcr Lenkerst\u00fctze Physis, FBL 2.0, OCL, IGUS IGLIDUR - Bike Express","robots":{"index,follow":"index,follow"},"canonical":"https:\/\/bike-express.ch\/de\/produit\/gleitlager-fur-lenkerstutze-h9407d-2\/","og_locale":"de_DE","og_type":"article","og_title":"Gleitlager f\u00fcr Lenkerst\u00fctze Physis, FBL 2.0, OCL, IGUS IGLIDUR - Bike Express","og_description":"Gleitlager f\u00fcr Lenkerst\u00fctze Physis, FBL 2.0, OCL, IGUS IGLIDUR IGUS IGLIDUR","og_url":"https:\/\/bike-express.ch\/de\/produit\/gleitlager-fur-lenkerstutze-h9407d-2\/","og_site_name":"Bike Express","article_modified_time":"2024-12-20T09:43:35+00:00","og_image":[{"width":1802,"height":1200,"url":"https:\/\/bike-express.ch\/wp-content\/uploads\/2024\/08\/H9407D.jpg","type":"image\/jpeg"}],"twitter_card":"summary_large_image","schema":{"@context":"https:\/\/schema.org","@graph":[{"@type":"WebPage","@id":"https:\/\/bike-express.ch\/de\/produit\/gleitlager-fur-lenkerstutze-h9407d-2\/","url":"https:\/\/bike-express.ch\/de\/produit\/gleitlager-fur-lenkerstutze-h9407d-2\/","name":"Gleitlager f\u00fcr Lenkerst\u00fctze Physis, FBL 2.0, OCL, IGUS IGLIDUR - Bike Express","isPartOf":{"@id":"https:\/\/bike-express.ch\/de\/#website"},"primaryImageOfPage":{"@id":"https:\/\/bike-express.ch\/de\/produit\/gleitlager-fur-lenkerstutze-h9407d-2\/#primaryimage"},"image":{"@id":"https:\/\/bike-express.ch\/de\/produit\/gleitlager-fur-lenkerstutze-h9407d-2\/#primaryimage"},"thumbnailUrl":"https:\/\/bike-express.ch\/wp-content\/uploads\/2024\/08\/H9407D.jpg","datePublished":"2024-08-27T21:02:12+00:00","dateModified":"2024-12-20T09:43:35+00:00","breadcrumb":{"@id":"https:\/\/bike-express.ch\/de\/produit\/gleitlager-fur-lenkerstutze-h9407d-2\/#breadcrumb"},"inLanguage":"de","potentialAction":[{"@type":"ReadAction","target":["https:\/\/bike-express.ch\/de\/produit\/gleitlager-fur-lenkerstutze-h9407d-2\/"]}]},{"@type":"ImageObject","inLanguage":"de","@id":"https:\/\/bike-express.ch\/de\/produit\/gleitlager-fur-lenkerstutze-h9407d-2\/#primaryimage","url":"https:\/\/bike-express.ch\/wp-content\/uploads\/2024\/08\/H9407D.jpg","contentUrl":"https:\/\/bike-express.ch\/wp-content\/uploads\/2024\/08\/H9407D.jpg","width":1802,"height":1200},{"@type":"BreadcrumbList","@id":"https:\/\/bike-express.ch\/de\/produit\/gleitlager-fur-lenkerstutze-h9407d-2\/#breadcrumb","itemListElement":[{"@type":"ListItem","position":1,"name":"Accueil","item":"https:\/\/bike-express.ch\/de\/"},{"@type":"ListItem","position":2,"name":"Unsere Produkte","item":"https:\/\/bike-express.ch\/de\/unsere-produkte\/"},{"@type":"ListItem","position":3,"name":"Fahrradteile","item":"https:\/\/bike-express.ch\/de\/categorie-produit\/fahrrad-fahrradteile-de\/"},{"@type":"ListItem","position":4,"name":"Gleitlager f\u00fcr Lenkerst\u00fctze Physis, FBL 2.0, OCL, IGUS IGLIDUR"}]},{"@type":"WebSite","@id":"https:\/\/bike-express.ch\/de\/#website","url":"https:\/\/bike-express.ch\/de\/","name":"Bike Express","description":"Num\u00e9ro 1 des pi\u00e8ces de v\u00e9los en Suisse","potentialAction":[{"@type":"SearchAction","target":{"@type":"EntryPoint","urlTemplate":"https:\/\/bike-express.ch\/de\/?s={search_term_string}"},"query-input":{"@type":"PropertyValueSpecification","valueRequired":true,"valueName":"search_term_string"}}],"inLanguage":"de"}]}},"_links":{"self":[{"href":"https:\/\/bike-express.ch\/de\/wp-json\/wp\/v2\/product\/331796","targetHints":{"allow":["GET"]}}],"collection":[{"href":"https:\/\/bike-express.ch\/de\/wp-json\/wp\/v2\/product"}],"about":[{"href":"https:\/\/bike-express.ch\/de\/wp-json\/wp\/v2\/types\/product"}],"wp:featuredmedia":[{"embeddable":true,"href":"https:\/\/bike-express.ch\/de\/wp-json\/wp\/v2\/media\/331797"}],"wp:attachment":[{"href":"https:\/\/bike-express.ch\/de\/wp-json\/wp\/v2\/media?parent=331796"}],"wp:term":[{"taxonomy":"product_brand","embeddable":true,"href":"https:\/\/bike-express.ch\/de\/wp-json\/wp\/v2\/product_brand?post=331796"},{"taxonomy":"product_cat","embeddable":true,"href":"https:\/\/bike-express.ch\/de\/wp-json\/wp\/v2\/product_cat?post=331796"},{"taxonomy":"product_tag","embeddable":true,"href":"https:\/\/bike-express.ch\/de\/wp-json\/wp\/v2\/product_tag?post=331796"}],"curies":[{"name":"wp","href":"https:\/\/api.w.org\/{rel}","templated":true}]}}