{"id":331824,"date":"2024-08-27T23:02:27","date_gmt":"2024-08-27T21:02:27","guid":{"rendered":"https:\/\/bike-express.ch\/produit\/stander-fur-vektron-u-verge-h9409d\/"},"modified":"2024-12-18T14:31:37","modified_gmt":"2024-12-18T13:31:37","slug":"stander-fur-vektron-u-verge-h9409d-2","status":"publish","type":"product","link":"https:\/\/bike-express.ch\/de\/produit\/stander-fur-vektron-u-verge-h9409d-2\/","title":{"rendered":"St\u00e4nder f\u00fcr Vektron u. Verge Pletscher Design 200-250mm verstellbar"},"content":{"rendered":"<p>St\u00e4nder f\u00fcr Vektron u. Verge Pletscher Design 200-250mm verstellbar<br \/>\nPletscher Design 200-250mm verstellbar<br \/>\nKompatible Velos:<br \/>\nVektron D8 MY18, Vektron D8 MY19, Vektron D8 MY20, Vektron D8 MY21, Vektron S10 MY17, Vektron S10 MY18, Verge P10 MY17, Verge P10 MY18, Verge P10 MY19, Verge P10 MY20, Verge P10 MY21, Verge X11 MY17, Verge X11 MY18, Verge X11 MY19, Verge X11 MY20, Verge X11 MY21<\/p>\n","protected":false},"excerpt":{"rendered":"<p>St\u00e4nder f\u00fcr Vektron u. Verge Pletscher Design 200-250mm verstellbar Pletscher Design 200-250mm verstellbar Kompatible Velos: Vektron D8 MY18, Vektron D8 MY19, Vektron D8 MY20, Vektron D8 MY21, Vektron S10 MY17, Vektron S10 MY18, Verge P10 MY17, Verge P10 MY18, Verge P10 MY19, Verge P10 MY20, Verge P10 MY21, Verge X11 MY17, Verge X11 MY18, Verge [&#8230;]\n","protected":false},"featured_media":331825,"template":"","meta":[],"product_brand":[],"product_cat":[11907,11847,11909,12049],"product_tag":[],"class_list":{"0":"post-331824","1":"product","2":"type-product","3":"status-publish","4":"has-post-thumbnail","6":"product_cat-fahrrad-fahrr-fahrradstander-de","7":"product_cat-fahrrad-fahrradteile-de","8":"product_cat-fahrrad-fahrr-hinterbaustander-de","9":"product_cat-fahrrad-werks-werkzeug-de","11":"first","12":"instock","13":"taxable","14":"shipping-taxable","15":"purchasable","16":"product-type-simple"},"yoast_head":"<!-- This site is optimized with the Yoast SEO plugin v27.1.1 - https:\/\/yoast.com\/product\/yoast-seo-wordpress\/ -->\n<title>St\u00e4nder f\u00fcr Vektron u. Verge Pletscher Design 200-250mm verstellbar - Bike Express<\/title>\n<meta name=\"robots\" content=\"index,follow\" \/>\n<link rel=\"canonical\" href=\"https:\/\/bike-express.ch\/de\/produit\/stander-fur-vektron-u-verge-h9409d-2\/\" \/>\n<meta property=\"og:locale\" content=\"de_DE\" \/>\n<meta property=\"og:type\" content=\"article\" \/>\n<meta property=\"og:title\" content=\"St\u00e4nder f\u00fcr Vektron u. Verge Pletscher Design 200-250mm verstellbar - Bike Express\" \/>\n<meta property=\"og:description\" content=\"St\u00e4nder f\u00fcr Vektron u. Verge Pletscher Design 200-250mm verstellbar Pletscher Design 200-250mm verstellbar Kompatible Velos: Vektron D8 MY18, Vektron D8 MY19, Vektron D8 MY20, Vektron D8 MY21, Vektron S10 MY17, Vektron S10 MY18, Verge P10 MY17, Verge P10 MY18, Verge P10 MY19, Verge P10 MY20, Verge P10 MY21, Verge X11 MY17, Verge X11 MY18, Verge [...]\" \/>\n<meta property=\"og:url\" content=\"https:\/\/bike-express.ch\/de\/produit\/stander-fur-vektron-u-verge-h9409d-2\/\" \/>\n<meta property=\"og:site_name\" content=\"Bike Express\" \/>\n<meta property=\"article:modified_time\" content=\"2024-12-18T13:31:37+00:00\" \/>\n<meta property=\"og:image\" content=\"https:\/\/bike-express.ch\/wp-content\/uploads\/2024\/08\/H9409D.jpg\" \/>\n\t<meta property=\"og:image:width\" content=\"1802\" \/>\n\t<meta property=\"og:image:height\" content=\"1200\" \/>\n\t<meta property=\"og:image:type\" content=\"image\/jpeg\" \/>\n<meta name=\"twitter:card\" content=\"summary_large_image\" \/>\n<script type=\"application\/ld+json\" class=\"yoast-schema-graph\">{\"@context\":\"https:\/\/schema.org\",\"@graph\":[{\"@type\":\"WebPage\",\"@id\":\"https:\/\/bike-express.ch\/de\/produit\/stander-fur-vektron-u-verge-h9409d-2\/\",\"url\":\"https:\/\/bike-express.ch\/de\/produit\/stander-fur-vektron-u-verge-h9409d-2\/\",\"name\":\"St\u00e4nder f\u00fcr Vektron u. Verge Pletscher Design 200-250mm verstellbar - Bike Express\",\"isPartOf\":{\"@id\":\"https:\/\/bike-express.ch\/de\/#website\"},\"primaryImageOfPage\":{\"@id\":\"https:\/\/bike-express.ch\/de\/produit\/stander-fur-vektron-u-verge-h9409d-2\/#primaryimage\"},\"image\":{\"@id\":\"https:\/\/bike-express.ch\/de\/produit\/stander-fur-vektron-u-verge-h9409d-2\/#primaryimage\"},\"thumbnailUrl\":\"https:\/\/bike-express.ch\/wp-content\/uploads\/2024\/08\/H9409D.jpg\",\"datePublished\":\"2024-08-27T21:02:27+00:00\",\"dateModified\":\"2024-12-18T13:31:37+00:00\",\"breadcrumb\":{\"@id\":\"https:\/\/bike-express.ch\/de\/produit\/stander-fur-vektron-u-verge-h9409d-2\/#breadcrumb\"},\"inLanguage\":\"de\",\"potentialAction\":[{\"@type\":\"ReadAction\",\"target\":[\"https:\/\/bike-express.ch\/de\/produit\/stander-fur-vektron-u-verge-h9409d-2\/\"]}]},{\"@type\":\"ImageObject\",\"inLanguage\":\"de\",\"@id\":\"https:\/\/bike-express.ch\/de\/produit\/stander-fur-vektron-u-verge-h9409d-2\/#primaryimage\",\"url\":\"https:\/\/bike-express.ch\/wp-content\/uploads\/2024\/08\/H9409D.jpg\",\"contentUrl\":\"https:\/\/bike-express.ch\/wp-content\/uploads\/2024\/08\/H9409D.jpg\",\"width\":1802,\"height\":1200},{\"@type\":\"BreadcrumbList\",\"@id\":\"https:\/\/bike-express.ch\/de\/produit\/stander-fur-vektron-u-verge-h9409d-2\/#breadcrumb\",\"itemListElement\":[{\"@type\":\"ListItem\",\"position\":1,\"name\":\"Accueil\",\"item\":\"https:\/\/bike-express.ch\/de\/\"},{\"@type\":\"ListItem\",\"position\":2,\"name\":\"Unsere Produkte\",\"item\":\"https:\/\/bike-express.ch\/de\/unsere-produkte\/\"},{\"@type\":\"ListItem\",\"position\":3,\"name\":\"Fahrradteile\",\"item\":\"https:\/\/bike-express.ch\/de\/categorie-produit\/fahrrad-fahrradteile-de\/\"},{\"@type\":\"ListItem\",\"position\":4,\"name\":\"Fahrradst\u00e4nder\",\"item\":\"https:\/\/bike-express.ch\/de\/categorie-produit\/fahrrad-fahrradteile-de\/fahrrad-fahrr-fahrradstander-de\/\"},{\"@type\":\"ListItem\",\"position\":5,\"name\":\"Hinterbaust\u00e4nder\",\"item\":\"https:\/\/bike-express.ch\/de\/categorie-produit\/fahrrad-fahrradteile-de\/fahrrad-fahrr-fahrradstander-de\/fahrrad-fahrr-hinterbaustander-de\/\"},{\"@type\":\"ListItem\",\"position\":6,\"name\":\"St\u00e4nder f\u00fcr Vektron u. Verge Pletscher Design 200-250mm verstellbar\"}]},{\"@type\":\"WebSite\",\"@id\":\"https:\/\/bike-express.ch\/de\/#website\",\"url\":\"https:\/\/bike-express.ch\/de\/\",\"name\":\"Bike Express\",\"description\":\"Num\u00e9ro 1 des pi\u00e8ces de v\u00e9los en Suisse\",\"potentialAction\":[{\"@type\":\"SearchAction\",\"target\":{\"@type\":\"EntryPoint\",\"urlTemplate\":\"https:\/\/bike-express.ch\/de\/?s={search_term_string}\"},\"query-input\":{\"@type\":\"PropertyValueSpecification\",\"valueRequired\":true,\"valueName\":\"search_term_string\"}}],\"inLanguage\":\"de\"}]}<\/script>\n<!-- \/ Yoast SEO plugin. -->","yoast_head_json":{"title":"St\u00e4nder f\u00fcr Vektron u. Verge Pletscher Design 200-250mm verstellbar - Bike Express","robots":{"index,follow":"index,follow"},"canonical":"https:\/\/bike-express.ch\/de\/produit\/stander-fur-vektron-u-verge-h9409d-2\/","og_locale":"de_DE","og_type":"article","og_title":"St\u00e4nder f\u00fcr Vektron u. Verge Pletscher Design 200-250mm verstellbar - Bike Express","og_description":"St\u00e4nder f\u00fcr Vektron u. Verge Pletscher Design 200-250mm verstellbar Pletscher Design 200-250mm verstellbar Kompatible Velos: Vektron D8 MY18, Vektron D8 MY19, Vektron D8 MY20, Vektron D8 MY21, Vektron S10 MY17, Vektron S10 MY18, Verge P10 MY17, Verge P10 MY18, Verge P10 MY19, Verge P10 MY20, Verge P10 MY21, Verge X11 MY17, Verge X11 MY18, Verge [...]","og_url":"https:\/\/bike-express.ch\/de\/produit\/stander-fur-vektron-u-verge-h9409d-2\/","og_site_name":"Bike Express","article_modified_time":"2024-12-18T13:31:37+00:00","og_image":[{"width":1802,"height":1200,"url":"https:\/\/bike-express.ch\/wp-content\/uploads\/2024\/08\/H9409D.jpg","type":"image\/jpeg"}],"twitter_card":"summary_large_image","schema":{"@context":"https:\/\/schema.org","@graph":[{"@type":"WebPage","@id":"https:\/\/bike-express.ch\/de\/produit\/stander-fur-vektron-u-verge-h9409d-2\/","url":"https:\/\/bike-express.ch\/de\/produit\/stander-fur-vektron-u-verge-h9409d-2\/","name":"St\u00e4nder f\u00fcr Vektron u. Verge Pletscher Design 200-250mm verstellbar - Bike Express","isPartOf":{"@id":"https:\/\/bike-express.ch\/de\/#website"},"primaryImageOfPage":{"@id":"https:\/\/bike-express.ch\/de\/produit\/stander-fur-vektron-u-verge-h9409d-2\/#primaryimage"},"image":{"@id":"https:\/\/bike-express.ch\/de\/produit\/stander-fur-vektron-u-verge-h9409d-2\/#primaryimage"},"thumbnailUrl":"https:\/\/bike-express.ch\/wp-content\/uploads\/2024\/08\/H9409D.jpg","datePublished":"2024-08-27T21:02:27+00:00","dateModified":"2024-12-18T13:31:37+00:00","breadcrumb":{"@id":"https:\/\/bike-express.ch\/de\/produit\/stander-fur-vektron-u-verge-h9409d-2\/#breadcrumb"},"inLanguage":"de","potentialAction":[{"@type":"ReadAction","target":["https:\/\/bike-express.ch\/de\/produit\/stander-fur-vektron-u-verge-h9409d-2\/"]}]},{"@type":"ImageObject","inLanguage":"de","@id":"https:\/\/bike-express.ch\/de\/produit\/stander-fur-vektron-u-verge-h9409d-2\/#primaryimage","url":"https:\/\/bike-express.ch\/wp-content\/uploads\/2024\/08\/H9409D.jpg","contentUrl":"https:\/\/bike-express.ch\/wp-content\/uploads\/2024\/08\/H9409D.jpg","width":1802,"height":1200},{"@type":"BreadcrumbList","@id":"https:\/\/bike-express.ch\/de\/produit\/stander-fur-vektron-u-verge-h9409d-2\/#breadcrumb","itemListElement":[{"@type":"ListItem","position":1,"name":"Accueil","item":"https:\/\/bike-express.ch\/de\/"},{"@type":"ListItem","position":2,"name":"Unsere Produkte","item":"https:\/\/bike-express.ch\/de\/unsere-produkte\/"},{"@type":"ListItem","position":3,"name":"Fahrradteile","item":"https:\/\/bike-express.ch\/de\/categorie-produit\/fahrrad-fahrradteile-de\/"},{"@type":"ListItem","position":4,"name":"Fahrradst\u00e4nder","item":"https:\/\/bike-express.ch\/de\/categorie-produit\/fahrrad-fahrradteile-de\/fahrrad-fahrr-fahrradstander-de\/"},{"@type":"ListItem","position":5,"name":"Hinterbaust\u00e4nder","item":"https:\/\/bike-express.ch\/de\/categorie-produit\/fahrrad-fahrradteile-de\/fahrrad-fahrr-fahrradstander-de\/fahrrad-fahrr-hinterbaustander-de\/"},{"@type":"ListItem","position":6,"name":"St\u00e4nder f\u00fcr Vektron u. Verge Pletscher Design 200-250mm verstellbar"}]},{"@type":"WebSite","@id":"https:\/\/bike-express.ch\/de\/#website","url":"https:\/\/bike-express.ch\/de\/","name":"Bike Express","description":"Num\u00e9ro 1 des pi\u00e8ces de v\u00e9los en Suisse","potentialAction":[{"@type":"SearchAction","target":{"@type":"EntryPoint","urlTemplate":"https:\/\/bike-express.ch\/de\/?s={search_term_string}"},"query-input":{"@type":"PropertyValueSpecification","valueRequired":true,"valueName":"search_term_string"}}],"inLanguage":"de"}]}},"_links":{"self":[{"href":"https:\/\/bike-express.ch\/de\/wp-json\/wp\/v2\/product\/331824","targetHints":{"allow":["GET"]}}],"collection":[{"href":"https:\/\/bike-express.ch\/de\/wp-json\/wp\/v2\/product"}],"about":[{"href":"https:\/\/bike-express.ch\/de\/wp-json\/wp\/v2\/types\/product"}],"wp:featuredmedia":[{"embeddable":true,"href":"https:\/\/bike-express.ch\/de\/wp-json\/wp\/v2\/media\/331825"}],"wp:attachment":[{"href":"https:\/\/bike-express.ch\/de\/wp-json\/wp\/v2\/media?parent=331824"}],"wp:term":[{"taxonomy":"product_brand","embeddable":true,"href":"https:\/\/bike-express.ch\/de\/wp-json\/wp\/v2\/product_brand?post=331824"},{"taxonomy":"product_cat","embeddable":true,"href":"https:\/\/bike-express.ch\/de\/wp-json\/wp\/v2\/product_cat?post=331824"},{"taxonomy":"product_tag","embeddable":true,"href":"https:\/\/bike-express.ch\/de\/wp-json\/wp\/v2\/product_tag?post=331824"}],"curies":[{"name":"wp","href":"https:\/\/api.w.org\/{rel}","templated":true}]}}