{"id":346402,"date":"2025-04-09T14:40:10","date_gmt":"2025-04-09T12:40:10","guid":{"rendered":"https:\/\/bike-express.ch\/?post_type=product&#038;p=346402"},"modified":"2025-04-09T14:40:10","modified_gmt":"2025-04-09T12:40:10","slug":"vulpine-45-x-700-tcs-light-fast-rolling-120tpi-dual-dna-sg-tire","status":"publish","type":"product","link":"https:\/\/bike-express.ch\/de\/produit\/vulpine-45-x-700-tcs-light-fast-rolling-120tpi-dual-dna-sg-tire\/","title":{"rendered":"Vulpine 45 x 700 TCS Light\/Fast Rolling 120tpi Dual DNA SG tire"},"content":{"rendered":"<p>Vulpine 45 x 700 TCS Light\/Fast Rolling 120tpi Dual DNA SG tire<br \/>\nUSAGE, Gravel<br \/>\nBedingungen: Pavement, Hardpack, Dirt, Gravel<br \/>\nVulpine ist die neueste rennorientierte Erg\u00e4nzung der beliebten Gravel-Reifen von WTB. Eng beieinander liegende Mittelstollen bilden eine nahezu ununterbrochene Mittellinie, die den Rollwiderstand minimieren. Der Rest der Lauffl\u00e4che ist mit kurzen Stollen versetzt. Sie steigern die Effizienz, minimieren die Gefahr von Reifenpannen und bieten vorhersehbare Traktion in Kurven. Vulpine priorisiert absolute Effizienz ohne Einbu\u00dfen bei der Traktion beim Klettern oder Bremsen. Er ist der perfekte Reifen f\u00fcr Gravel-Racer oder f\u00fcr Alltagsfahrer, die einen effizienten Reifen suchen, der bei unterschiedlichsten Untergr\u00fcnden wie Asphalt, Hardpack und Schotter hervorragend funktioniert. Erh\u00e4ltlich in den Breiten 36, 40 und 45.<\/p>\n","protected":false},"excerpt":{"rendered":"<p>Vulpine 45 x 700 TCS Light\/Fast Rolling 120tpi Dual DNA SG tire USAGE, Gravel Bedingungen: Pavement, Hardpack, Dirt, Gravel Vulpine ist die neueste rennorientierte Erg\u00e4nzung der beliebten Gravel-Reifen von WTB. Eng beieinander liegende Mittelstollen bilden eine nahezu ununterbrochene Mittellinie, die den Rollwiderstand minimieren. Der Rest der Lauffl\u00e4che ist mit kurzen Stollen versetzt. Sie steigern die [&#8230;]\n","protected":false},"featured_media":346403,"template":"","meta":[],"product_brand":[118188],"product_cat":[117450,11847,11945,11886],"product_tag":[],"class_list":{"0":"post-346402","1":"product","2":"type-product","3":"status-publish","4":"has-post-thumbnail","6":"product_brand-wtb","7":"product_cat-700c","8":"product_cat-fahrrad-fahrradteile-de","9":"product_cat-fahrrad-laufr-gravel-de","10":"product_cat-fahrrad-fahrr-reifen-schlauche-de","12":"first","13":"instock","14":"taxable","15":"shipping-taxable","16":"purchasable","17":"product-type-simple"},"yoast_head":"<!-- This site is optimized with the Yoast SEO plugin v27.1.1 - https:\/\/yoast.com\/product\/yoast-seo-wordpress\/ -->\n<title>Vulpine 45 x 700 TCS Light\/Fast Rolling 120tpi Dual DNA SG tire - Bike Express<\/title>\n<meta name=\"robots\" content=\"index,follow\" \/>\n<link rel=\"canonical\" href=\"https:\/\/bike-express.ch\/de\/produit\/vulpine-45-x-700-tcs-light-fast-rolling-120tpi-dual-dna-sg-tire\/\" \/>\n<meta property=\"og:locale\" content=\"de_DE\" \/>\n<meta property=\"og:type\" content=\"article\" \/>\n<meta property=\"og:title\" content=\"Vulpine 45 x 700 TCS Light\/Fast Rolling 120tpi Dual DNA SG tire - Bike Express\" \/>\n<meta property=\"og:description\" content=\"Vulpine 45 x 700 TCS Light\/Fast Rolling 120tpi Dual DNA SG tire USAGE, Gravel Bedingungen: Pavement, Hardpack, Dirt, Gravel Vulpine ist die neueste rennorientierte Erg\u00e4nzung der beliebten Gravel-Reifen von WTB. Eng beieinander liegende Mittelstollen bilden eine nahezu ununterbrochene Mittellinie, die den Rollwiderstand minimieren. Der Rest der Lauffl\u00e4che ist mit kurzen Stollen versetzt. Sie steigern die [...]\" \/>\n<meta property=\"og:url\" content=\"https:\/\/bike-express.ch\/de\/produit\/vulpine-45-x-700-tcs-light-fast-rolling-120tpi-dual-dna-sg-tire\/\" \/>\n<meta property=\"og:site_name\" content=\"Bike Express\" \/>\n<meta property=\"og:image\" content=\"https:\/\/bike-express.ch\/wp-content\/uploads\/2025\/03\/H1207J.jpg\" \/>\n\t<meta property=\"og:image:width\" content=\"800\" \/>\n\t<meta property=\"og:image:height\" content=\"533\" \/>\n\t<meta property=\"og:image:type\" content=\"image\/jpeg\" \/>\n<meta name=\"twitter:card\" content=\"summary_large_image\" \/>\n<meta name=\"twitter:label1\" content=\"Gesch\u00e4tzte Lesezeit\" \/>\n\t<meta name=\"twitter:data1\" content=\"1\u00a0Minute\" \/>\n<script type=\"application\/ld+json\" class=\"yoast-schema-graph\">{\"@context\":\"https:\/\/schema.org\",\"@graph\":[{\"@type\":\"WebPage\",\"@id\":\"https:\/\/bike-express.ch\/de\/produit\/vulpine-45-x-700-tcs-light-fast-rolling-120tpi-dual-dna-sg-tire\/\",\"url\":\"https:\/\/bike-express.ch\/de\/produit\/vulpine-45-x-700-tcs-light-fast-rolling-120tpi-dual-dna-sg-tire\/\",\"name\":\"Vulpine 45 x 700 TCS Light\/Fast Rolling 120tpi Dual DNA SG tire - Bike Express\",\"isPartOf\":{\"@id\":\"https:\/\/bike-express.ch\/de\/#website\"},\"primaryImageOfPage\":{\"@id\":\"https:\/\/bike-express.ch\/de\/produit\/vulpine-45-x-700-tcs-light-fast-rolling-120tpi-dual-dna-sg-tire\/#primaryimage\"},\"image\":{\"@id\":\"https:\/\/bike-express.ch\/de\/produit\/vulpine-45-x-700-tcs-light-fast-rolling-120tpi-dual-dna-sg-tire\/#primaryimage\"},\"thumbnailUrl\":\"https:\/\/bike-express.ch\/wp-content\/uploads\/2025\/03\/H1207J.jpg\",\"datePublished\":\"2025-04-09T12:40:10+00:00\",\"breadcrumb\":{\"@id\":\"https:\/\/bike-express.ch\/de\/produit\/vulpine-45-x-700-tcs-light-fast-rolling-120tpi-dual-dna-sg-tire\/#breadcrumb\"},\"inLanguage\":\"de\",\"potentialAction\":[{\"@type\":\"ReadAction\",\"target\":[\"https:\/\/bike-express.ch\/de\/produit\/vulpine-45-x-700-tcs-light-fast-rolling-120tpi-dual-dna-sg-tire\/\"]}]},{\"@type\":\"ImageObject\",\"inLanguage\":\"de\",\"@id\":\"https:\/\/bike-express.ch\/de\/produit\/vulpine-45-x-700-tcs-light-fast-rolling-120tpi-dual-dna-sg-tire\/#primaryimage\",\"url\":\"https:\/\/bike-express.ch\/wp-content\/uploads\/2025\/03\/H1207J.jpg\",\"contentUrl\":\"https:\/\/bike-express.ch\/wp-content\/uploads\/2025\/03\/H1207J.jpg\",\"width\":800,\"height\":533},{\"@type\":\"BreadcrumbList\",\"@id\":\"https:\/\/bike-express.ch\/de\/produit\/vulpine-45-x-700-tcs-light-fast-rolling-120tpi-dual-dna-sg-tire\/#breadcrumb\",\"itemListElement\":[{\"@type\":\"ListItem\",\"position\":1,\"name\":\"Accueil\",\"item\":\"https:\/\/bike-express.ch\/de\/\"},{\"@type\":\"ListItem\",\"position\":2,\"name\":\"Unsere Produkte\",\"item\":\"https:\/\/bike-express.ch\/de\/unsere-produkte\/\"},{\"@type\":\"ListItem\",\"position\":3,\"name\":\"Fahrradteile\",\"item\":\"https:\/\/bike-express.ch\/de\/categorie-produit\/fahrrad-fahrradteile-de\/\"},{\"@type\":\"ListItem\",\"position\":4,\"name\":\"Reifen &amp; Schl\u00e4uche\",\"item\":\"https:\/\/bike-express.ch\/de\/categorie-produit\/fahrrad-fahrradteile-de\/fahrrad-fahrr-reifen-schlauche-de\/\"},{\"@type\":\"ListItem\",\"position\":5,\"name\":\"Reifen\",\"item\":\"https:\/\/bike-express.ch\/de\/categorie-produit\/fahrrad-fahrradteile-de\/fahrrad-fahrr-reifen-schlauche-de\/fahrrad-reife-reifen-de\/\"},{\"@type\":\"ListItem\",\"position\":6,\"name\":\"Vulpine 45 x 700 TCS Light\/Fast Rolling 120tpi Dual DNA SG tire\"}]},{\"@type\":\"WebSite\",\"@id\":\"https:\/\/bike-express.ch\/de\/#website\",\"url\":\"https:\/\/bike-express.ch\/de\/\",\"name\":\"Bike Express\",\"description\":\"Num\u00e9ro 1 des pi\u00e8ces de v\u00e9los en Suisse\",\"potentialAction\":[{\"@type\":\"SearchAction\",\"target\":{\"@type\":\"EntryPoint\",\"urlTemplate\":\"https:\/\/bike-express.ch\/de\/?s={search_term_string}\"},\"query-input\":{\"@type\":\"PropertyValueSpecification\",\"valueRequired\":true,\"valueName\":\"search_term_string\"}}],\"inLanguage\":\"de\"}]}<\/script>\n<!-- \/ Yoast SEO plugin. -->","yoast_head_json":{"title":"Vulpine 45 x 700 TCS Light\/Fast Rolling 120tpi Dual DNA SG tire - Bike Express","robots":{"index,follow":"index,follow"},"canonical":"https:\/\/bike-express.ch\/de\/produit\/vulpine-45-x-700-tcs-light-fast-rolling-120tpi-dual-dna-sg-tire\/","og_locale":"de_DE","og_type":"article","og_title":"Vulpine 45 x 700 TCS Light\/Fast Rolling 120tpi Dual DNA SG tire - Bike Express","og_description":"Vulpine 45 x 700 TCS Light\/Fast Rolling 120tpi Dual DNA SG tire USAGE, Gravel Bedingungen: Pavement, Hardpack, Dirt, Gravel Vulpine ist die neueste rennorientierte Erg\u00e4nzung der beliebten Gravel-Reifen von WTB. Eng beieinander liegende Mittelstollen bilden eine nahezu ununterbrochene Mittellinie, die den Rollwiderstand minimieren. Der Rest der Lauffl\u00e4che ist mit kurzen Stollen versetzt. Sie steigern die [...]","og_url":"https:\/\/bike-express.ch\/de\/produit\/vulpine-45-x-700-tcs-light-fast-rolling-120tpi-dual-dna-sg-tire\/","og_site_name":"Bike Express","og_image":[{"width":800,"height":533,"url":"https:\/\/bike-express.ch\/wp-content\/uploads\/2025\/03\/H1207J.jpg","type":"image\/jpeg"}],"twitter_card":"summary_large_image","twitter_misc":{"Gesch\u00e4tzte Lesezeit":"1\u00a0Minute"},"schema":{"@context":"https:\/\/schema.org","@graph":[{"@type":"WebPage","@id":"https:\/\/bike-express.ch\/de\/produit\/vulpine-45-x-700-tcs-light-fast-rolling-120tpi-dual-dna-sg-tire\/","url":"https:\/\/bike-express.ch\/de\/produit\/vulpine-45-x-700-tcs-light-fast-rolling-120tpi-dual-dna-sg-tire\/","name":"Vulpine 45 x 700 TCS Light\/Fast Rolling 120tpi Dual DNA SG tire - Bike Express","isPartOf":{"@id":"https:\/\/bike-express.ch\/de\/#website"},"primaryImageOfPage":{"@id":"https:\/\/bike-express.ch\/de\/produit\/vulpine-45-x-700-tcs-light-fast-rolling-120tpi-dual-dna-sg-tire\/#primaryimage"},"image":{"@id":"https:\/\/bike-express.ch\/de\/produit\/vulpine-45-x-700-tcs-light-fast-rolling-120tpi-dual-dna-sg-tire\/#primaryimage"},"thumbnailUrl":"https:\/\/bike-express.ch\/wp-content\/uploads\/2025\/03\/H1207J.jpg","datePublished":"2025-04-09T12:40:10+00:00","breadcrumb":{"@id":"https:\/\/bike-express.ch\/de\/produit\/vulpine-45-x-700-tcs-light-fast-rolling-120tpi-dual-dna-sg-tire\/#breadcrumb"},"inLanguage":"de","potentialAction":[{"@type":"ReadAction","target":["https:\/\/bike-express.ch\/de\/produit\/vulpine-45-x-700-tcs-light-fast-rolling-120tpi-dual-dna-sg-tire\/"]}]},{"@type":"ImageObject","inLanguage":"de","@id":"https:\/\/bike-express.ch\/de\/produit\/vulpine-45-x-700-tcs-light-fast-rolling-120tpi-dual-dna-sg-tire\/#primaryimage","url":"https:\/\/bike-express.ch\/wp-content\/uploads\/2025\/03\/H1207J.jpg","contentUrl":"https:\/\/bike-express.ch\/wp-content\/uploads\/2025\/03\/H1207J.jpg","width":800,"height":533},{"@type":"BreadcrumbList","@id":"https:\/\/bike-express.ch\/de\/produit\/vulpine-45-x-700-tcs-light-fast-rolling-120tpi-dual-dna-sg-tire\/#breadcrumb","itemListElement":[{"@type":"ListItem","position":1,"name":"Accueil","item":"https:\/\/bike-express.ch\/de\/"},{"@type":"ListItem","position":2,"name":"Unsere Produkte","item":"https:\/\/bike-express.ch\/de\/unsere-produkte\/"},{"@type":"ListItem","position":3,"name":"Fahrradteile","item":"https:\/\/bike-express.ch\/de\/categorie-produit\/fahrrad-fahrradteile-de\/"},{"@type":"ListItem","position":4,"name":"Reifen &amp; Schl\u00e4uche","item":"https:\/\/bike-express.ch\/de\/categorie-produit\/fahrrad-fahrradteile-de\/fahrrad-fahrr-reifen-schlauche-de\/"},{"@type":"ListItem","position":5,"name":"Reifen","item":"https:\/\/bike-express.ch\/de\/categorie-produit\/fahrrad-fahrradteile-de\/fahrrad-fahrr-reifen-schlauche-de\/fahrrad-reife-reifen-de\/"},{"@type":"ListItem","position":6,"name":"Vulpine 45 x 700 TCS Light\/Fast Rolling 120tpi Dual DNA SG tire"}]},{"@type":"WebSite","@id":"https:\/\/bike-express.ch\/de\/#website","url":"https:\/\/bike-express.ch\/de\/","name":"Bike Express","description":"Num\u00e9ro 1 des pi\u00e8ces de v\u00e9los en Suisse","potentialAction":[{"@type":"SearchAction","target":{"@type":"EntryPoint","urlTemplate":"https:\/\/bike-express.ch\/de\/?s={search_term_string}"},"query-input":{"@type":"PropertyValueSpecification","valueRequired":true,"valueName":"search_term_string"}}],"inLanguage":"de"}]}},"_links":{"self":[{"href":"https:\/\/bike-express.ch\/de\/wp-json\/wp\/v2\/product\/346402","targetHints":{"allow":["GET"]}}],"collection":[{"href":"https:\/\/bike-express.ch\/de\/wp-json\/wp\/v2\/product"}],"about":[{"href":"https:\/\/bike-express.ch\/de\/wp-json\/wp\/v2\/types\/product"}],"wp:featuredmedia":[{"embeddable":true,"href":"https:\/\/bike-express.ch\/de\/wp-json\/wp\/v2\/media\/346403"}],"wp:attachment":[{"href":"https:\/\/bike-express.ch\/de\/wp-json\/wp\/v2\/media?parent=346402"}],"wp:term":[{"taxonomy":"product_brand","embeddable":true,"href":"https:\/\/bike-express.ch\/de\/wp-json\/wp\/v2\/product_brand?post=346402"},{"taxonomy":"product_cat","embeddable":true,"href":"https:\/\/bike-express.ch\/de\/wp-json\/wp\/v2\/product_cat?post=346402"},{"taxonomy":"product_tag","embeddable":true,"href":"https:\/\/bike-express.ch\/de\/wp-json\/wp\/v2\/product_tag?post=346402"}],"curies":[{"name":"wp","href":"https:\/\/api.w.org\/{rel}","templated":true}]}}