{"id":346450,"date":"2025-04-10T10:25:20","date_gmt":"2025-04-10T08:25:20","guid":{"rendered":"https:\/\/bike-express.ch\/?post_type=product&#038;p=346450"},"modified":"2025-04-10T10:25:21","modified_gmt":"2025-04-10T08:25:21","slug":"riddler-37-x-700-tcs-light-fast-rolling-60tpi-dual-dna-sg-tire-tan","status":"publish","type":"product","link":"https:\/\/bike-express.ch\/de\/produit\/riddler-37-x-700-tcs-light-fast-rolling-60tpi-dual-dna-sg-tire-tan\/","title":{"rendered":"Riddler 37 x 700 TCS Light\/Fast Rolling 60tpi Dual DNA SG tire (tan)"},"content":{"rendered":"<p>Riddler 37 x 700 TCS Light\/Fast Rolling 60tpi Dual DNA SG tire (tan)<br \/>\nEinsatzbereich: Gravel, Cyclocross<br \/>\nBedingungen: Pavement, Hardpack, Dirt, Gravel<br \/>\nDer Riddler wurde f\u00fcr Top-Geschwindigkeit bei einer Vielzahl von Bedingungen entwickelt. Er bietet schnelle Effizienz f\u00fcr Fahrer die Traktion zu sch\u00e4tzen wissen, aber dennoch Wert auf geringen Rollwiderstand legen. Der Riddler ist sowohl auf der lokalen Cyclocross-Strecke als auch auf einsamen Gravelstrassen zu Hause.<\/p>\n","protected":false},"excerpt":{"rendered":"<p>Riddler 37 x 700 TCS Light\/Fast Rolling 60tpi Dual DNA SG tire (tan) Einsatzbereich: Gravel, Cyclocross Bedingungen: Pavement, Hardpack, Dirt, Gravel Der Riddler wurde f\u00fcr Top-Geschwindigkeit bei einer Vielzahl von Bedingungen entwickelt. Er bietet schnelle Effizienz f\u00fcr Fahrer die Traktion zu sch\u00e4tzen wissen, aber dennoch Wert auf geringen Rollwiderstand legen. Der Riddler ist sowohl auf [&#8230;]\n","protected":false},"featured_media":346451,"template":"","meta":[],"product_brand":[118188],"product_cat":[117450,11847,11945,11886],"product_tag":[],"class_list":{"0":"post-346450","1":"product","2":"type-product","3":"status-publish","4":"has-post-thumbnail","6":"product_brand-wtb","7":"product_cat-700c","8":"product_cat-fahrrad-fahrradteile-de","9":"product_cat-fahrrad-laufr-gravel-de","10":"product_cat-fahrrad-fahrr-reifen-schlauche-de","12":"first","13":"instock","14":"taxable","15":"shipping-taxable","16":"purchasable","17":"product-type-simple"},"yoast_head":"<!-- This site is optimized with the Yoast SEO plugin v27.1.1 - https:\/\/yoast.com\/product\/yoast-seo-wordpress\/ -->\n<title>Riddler 37 x 700 TCS Light\/Fast Rolling 60tpi Dual DNA SG tire (tan) - Bike Express<\/title>\n<meta name=\"robots\" content=\"index,follow\" \/>\n<link rel=\"canonical\" href=\"https:\/\/bike-express.ch\/de\/produit\/riddler-37-x-700-tcs-light-fast-rolling-60tpi-dual-dna-sg-tire-tan\/\" \/>\n<meta property=\"og:locale\" content=\"de_DE\" \/>\n<meta property=\"og:type\" content=\"article\" \/>\n<meta property=\"og:title\" content=\"Riddler 37 x 700 TCS Light\/Fast Rolling 60tpi Dual DNA SG tire (tan) - Bike Express\" \/>\n<meta property=\"og:description\" content=\"Riddler 37 x 700 TCS Light\/Fast Rolling 60tpi Dual DNA SG tire (tan) Einsatzbereich: Gravel, Cyclocross Bedingungen: Pavement, Hardpack, Dirt, Gravel Der Riddler wurde f\u00fcr Top-Geschwindigkeit bei einer Vielzahl von Bedingungen entwickelt. Er bietet schnelle Effizienz f\u00fcr Fahrer die Traktion zu sch\u00e4tzen wissen, aber dennoch Wert auf geringen Rollwiderstand legen. Der Riddler ist sowohl auf [...]\" \/>\n<meta property=\"og:url\" content=\"https:\/\/bike-express.ch\/de\/produit\/riddler-37-x-700-tcs-light-fast-rolling-60tpi-dual-dna-sg-tire-tan\/\" \/>\n<meta property=\"og:site_name\" content=\"Bike Express\" \/>\n<meta property=\"article:modified_time\" content=\"2025-04-10T08:25:21+00:00\" \/>\n<meta property=\"og:image\" content=\"https:\/\/bike-express.ch\/wp-content\/uploads\/2025\/03\/H1208H.jpg\" \/>\n\t<meta property=\"og:image:width\" content=\"800\" \/>\n\t<meta property=\"og:image:height\" content=\"533\" \/>\n\t<meta property=\"og:image:type\" content=\"image\/jpeg\" \/>\n<meta name=\"twitter:card\" content=\"summary_large_image\" \/>\n<script type=\"application\/ld+json\" class=\"yoast-schema-graph\">{\"@context\":\"https:\/\/schema.org\",\"@graph\":[{\"@type\":\"WebPage\",\"@id\":\"https:\/\/bike-express.ch\/de\/produit\/riddler-37-x-700-tcs-light-fast-rolling-60tpi-dual-dna-sg-tire-tan\/\",\"url\":\"https:\/\/bike-express.ch\/de\/produit\/riddler-37-x-700-tcs-light-fast-rolling-60tpi-dual-dna-sg-tire-tan\/\",\"name\":\"Riddler 37 x 700 TCS Light\/Fast Rolling 60tpi Dual DNA SG tire (tan) - Bike Express\",\"isPartOf\":{\"@id\":\"https:\/\/bike-express.ch\/de\/#website\"},\"primaryImageOfPage\":{\"@id\":\"https:\/\/bike-express.ch\/de\/produit\/riddler-37-x-700-tcs-light-fast-rolling-60tpi-dual-dna-sg-tire-tan\/#primaryimage\"},\"image\":{\"@id\":\"https:\/\/bike-express.ch\/de\/produit\/riddler-37-x-700-tcs-light-fast-rolling-60tpi-dual-dna-sg-tire-tan\/#primaryimage\"},\"thumbnailUrl\":\"https:\/\/bike-express.ch\/wp-content\/uploads\/2025\/03\/H1208H.jpg\",\"datePublished\":\"2025-04-10T08:25:20+00:00\",\"dateModified\":\"2025-04-10T08:25:21+00:00\",\"breadcrumb\":{\"@id\":\"https:\/\/bike-express.ch\/de\/produit\/riddler-37-x-700-tcs-light-fast-rolling-60tpi-dual-dna-sg-tire-tan\/#breadcrumb\"},\"inLanguage\":\"de\",\"potentialAction\":[{\"@type\":\"ReadAction\",\"target\":[\"https:\/\/bike-express.ch\/de\/produit\/riddler-37-x-700-tcs-light-fast-rolling-60tpi-dual-dna-sg-tire-tan\/\"]}]},{\"@type\":\"ImageObject\",\"inLanguage\":\"de\",\"@id\":\"https:\/\/bike-express.ch\/de\/produit\/riddler-37-x-700-tcs-light-fast-rolling-60tpi-dual-dna-sg-tire-tan\/#primaryimage\",\"url\":\"https:\/\/bike-express.ch\/wp-content\/uploads\/2025\/03\/H1208H.jpg\",\"contentUrl\":\"https:\/\/bike-express.ch\/wp-content\/uploads\/2025\/03\/H1208H.jpg\",\"width\":800,\"height\":533},{\"@type\":\"BreadcrumbList\",\"@id\":\"https:\/\/bike-express.ch\/de\/produit\/riddler-37-x-700-tcs-light-fast-rolling-60tpi-dual-dna-sg-tire-tan\/#breadcrumb\",\"itemListElement\":[{\"@type\":\"ListItem\",\"position\":1,\"name\":\"Accueil\",\"item\":\"https:\/\/bike-express.ch\/de\/\"},{\"@type\":\"ListItem\",\"position\":2,\"name\":\"Unsere Produkte\",\"item\":\"https:\/\/bike-express.ch\/de\/unsere-produkte\/\"},{\"@type\":\"ListItem\",\"position\":3,\"name\":\"Fahrradteile\",\"item\":\"https:\/\/bike-express.ch\/de\/categorie-produit\/fahrrad-fahrradteile-de\/\"},{\"@type\":\"ListItem\",\"position\":4,\"name\":\"Reifen &amp; Schl\u00e4uche\",\"item\":\"https:\/\/bike-express.ch\/de\/categorie-produit\/fahrrad-fahrradteile-de\/fahrrad-fahrr-reifen-schlauche-de\/\"},{\"@type\":\"ListItem\",\"position\":5,\"name\":\"Reifen\",\"item\":\"https:\/\/bike-express.ch\/de\/categorie-produit\/fahrrad-fahrradteile-de\/fahrrad-fahrr-reifen-schlauche-de\/fahrrad-reife-reifen-de\/\"},{\"@type\":\"ListItem\",\"position\":6,\"name\":\"Riddler 37 x 700 TCS Light\/Fast Rolling 60tpi Dual DNA SG tire (tan)\"}]},{\"@type\":\"WebSite\",\"@id\":\"https:\/\/bike-express.ch\/de\/#website\",\"url\":\"https:\/\/bike-express.ch\/de\/\",\"name\":\"Bike Express\",\"description\":\"Num\u00e9ro 1 des pi\u00e8ces de v\u00e9los en Suisse\",\"potentialAction\":[{\"@type\":\"SearchAction\",\"target\":{\"@type\":\"EntryPoint\",\"urlTemplate\":\"https:\/\/bike-express.ch\/de\/?s={search_term_string}\"},\"query-input\":{\"@type\":\"PropertyValueSpecification\",\"valueRequired\":true,\"valueName\":\"search_term_string\"}}],\"inLanguage\":\"de\"}]}<\/script>\n<!-- \/ Yoast SEO plugin. -->","yoast_head_json":{"title":"Riddler 37 x 700 TCS Light\/Fast Rolling 60tpi Dual DNA SG tire (tan) - Bike Express","robots":{"index,follow":"index,follow"},"canonical":"https:\/\/bike-express.ch\/de\/produit\/riddler-37-x-700-tcs-light-fast-rolling-60tpi-dual-dna-sg-tire-tan\/","og_locale":"de_DE","og_type":"article","og_title":"Riddler 37 x 700 TCS Light\/Fast Rolling 60tpi Dual DNA SG tire (tan) - Bike Express","og_description":"Riddler 37 x 700 TCS Light\/Fast Rolling 60tpi Dual DNA SG tire (tan) Einsatzbereich: Gravel, Cyclocross Bedingungen: Pavement, Hardpack, Dirt, Gravel Der Riddler wurde f\u00fcr Top-Geschwindigkeit bei einer Vielzahl von Bedingungen entwickelt. Er bietet schnelle Effizienz f\u00fcr Fahrer die Traktion zu sch\u00e4tzen wissen, aber dennoch Wert auf geringen Rollwiderstand legen. Der Riddler ist sowohl auf [...]","og_url":"https:\/\/bike-express.ch\/de\/produit\/riddler-37-x-700-tcs-light-fast-rolling-60tpi-dual-dna-sg-tire-tan\/","og_site_name":"Bike Express","article_modified_time":"2025-04-10T08:25:21+00:00","og_image":[{"width":800,"height":533,"url":"https:\/\/bike-express.ch\/wp-content\/uploads\/2025\/03\/H1208H.jpg","type":"image\/jpeg"}],"twitter_card":"summary_large_image","schema":{"@context":"https:\/\/schema.org","@graph":[{"@type":"WebPage","@id":"https:\/\/bike-express.ch\/de\/produit\/riddler-37-x-700-tcs-light-fast-rolling-60tpi-dual-dna-sg-tire-tan\/","url":"https:\/\/bike-express.ch\/de\/produit\/riddler-37-x-700-tcs-light-fast-rolling-60tpi-dual-dna-sg-tire-tan\/","name":"Riddler 37 x 700 TCS Light\/Fast Rolling 60tpi Dual DNA SG tire (tan) - Bike Express","isPartOf":{"@id":"https:\/\/bike-express.ch\/de\/#website"},"primaryImageOfPage":{"@id":"https:\/\/bike-express.ch\/de\/produit\/riddler-37-x-700-tcs-light-fast-rolling-60tpi-dual-dna-sg-tire-tan\/#primaryimage"},"image":{"@id":"https:\/\/bike-express.ch\/de\/produit\/riddler-37-x-700-tcs-light-fast-rolling-60tpi-dual-dna-sg-tire-tan\/#primaryimage"},"thumbnailUrl":"https:\/\/bike-express.ch\/wp-content\/uploads\/2025\/03\/H1208H.jpg","datePublished":"2025-04-10T08:25:20+00:00","dateModified":"2025-04-10T08:25:21+00:00","breadcrumb":{"@id":"https:\/\/bike-express.ch\/de\/produit\/riddler-37-x-700-tcs-light-fast-rolling-60tpi-dual-dna-sg-tire-tan\/#breadcrumb"},"inLanguage":"de","potentialAction":[{"@type":"ReadAction","target":["https:\/\/bike-express.ch\/de\/produit\/riddler-37-x-700-tcs-light-fast-rolling-60tpi-dual-dna-sg-tire-tan\/"]}]},{"@type":"ImageObject","inLanguage":"de","@id":"https:\/\/bike-express.ch\/de\/produit\/riddler-37-x-700-tcs-light-fast-rolling-60tpi-dual-dna-sg-tire-tan\/#primaryimage","url":"https:\/\/bike-express.ch\/wp-content\/uploads\/2025\/03\/H1208H.jpg","contentUrl":"https:\/\/bike-express.ch\/wp-content\/uploads\/2025\/03\/H1208H.jpg","width":800,"height":533},{"@type":"BreadcrumbList","@id":"https:\/\/bike-express.ch\/de\/produit\/riddler-37-x-700-tcs-light-fast-rolling-60tpi-dual-dna-sg-tire-tan\/#breadcrumb","itemListElement":[{"@type":"ListItem","position":1,"name":"Accueil","item":"https:\/\/bike-express.ch\/de\/"},{"@type":"ListItem","position":2,"name":"Unsere Produkte","item":"https:\/\/bike-express.ch\/de\/unsere-produkte\/"},{"@type":"ListItem","position":3,"name":"Fahrradteile","item":"https:\/\/bike-express.ch\/de\/categorie-produit\/fahrrad-fahrradteile-de\/"},{"@type":"ListItem","position":4,"name":"Reifen &amp; Schl\u00e4uche","item":"https:\/\/bike-express.ch\/de\/categorie-produit\/fahrrad-fahrradteile-de\/fahrrad-fahrr-reifen-schlauche-de\/"},{"@type":"ListItem","position":5,"name":"Reifen","item":"https:\/\/bike-express.ch\/de\/categorie-produit\/fahrrad-fahrradteile-de\/fahrrad-fahrr-reifen-schlauche-de\/fahrrad-reife-reifen-de\/"},{"@type":"ListItem","position":6,"name":"Riddler 37 x 700 TCS Light\/Fast Rolling 60tpi Dual DNA SG tire (tan)"}]},{"@type":"WebSite","@id":"https:\/\/bike-express.ch\/de\/#website","url":"https:\/\/bike-express.ch\/de\/","name":"Bike Express","description":"Num\u00e9ro 1 des pi\u00e8ces de v\u00e9los en Suisse","potentialAction":[{"@type":"SearchAction","target":{"@type":"EntryPoint","urlTemplate":"https:\/\/bike-express.ch\/de\/?s={search_term_string}"},"query-input":{"@type":"PropertyValueSpecification","valueRequired":true,"valueName":"search_term_string"}}],"inLanguage":"de"}]}},"_links":{"self":[{"href":"https:\/\/bike-express.ch\/de\/wp-json\/wp\/v2\/product\/346450","targetHints":{"allow":["GET"]}}],"collection":[{"href":"https:\/\/bike-express.ch\/de\/wp-json\/wp\/v2\/product"}],"about":[{"href":"https:\/\/bike-express.ch\/de\/wp-json\/wp\/v2\/types\/product"}],"wp:featuredmedia":[{"embeddable":true,"href":"https:\/\/bike-express.ch\/de\/wp-json\/wp\/v2\/media\/346451"}],"wp:attachment":[{"href":"https:\/\/bike-express.ch\/de\/wp-json\/wp\/v2\/media?parent=346450"}],"wp:term":[{"taxonomy":"product_brand","embeddable":true,"href":"https:\/\/bike-express.ch\/de\/wp-json\/wp\/v2\/product_brand?post=346450"},{"taxonomy":"product_cat","embeddable":true,"href":"https:\/\/bike-express.ch\/de\/wp-json\/wp\/v2\/product_cat?post=346450"},{"taxonomy":"product_tag","embeddable":true,"href":"https:\/\/bike-express.ch\/de\/wp-json\/wp\/v2\/product_tag?post=346450"}],"curies":[{"name":"wp","href":"https:\/\/api.w.org\/{rel}","templated":true}]}}