{"id":37360,"date":"2022-01-31T14:59:25","date_gmt":"2022-01-31T13:59:25","guid":{"rendered":"https:\/\/test1.bike-express.ch\/new\/produit\/fullviewhc-glas-rot-rahmen-sch-h8277r\/"},"modified":"2024-08-22T10:15:27","modified_gmt":"2024-08-22T08:15:27","slug":"fullviewhc-glas-rot-rahmen-sch-h8277r","status":"publish","type":"product","link":"https:\/\/bike-express.ch\/de\/produit\/fullviewhc-glas-rot-rahmen-sch-h8277r\/","title":{"rendered":"Verre FullViewHC rouge\/cadre noir mat Verre \u00e0 haut contraste (miroir)"},"content":{"rendered":"<p>Verre FullViewHC rouge\/cadre noir mat Verre \u00e0 haut contraste (miroir)<br \/>\n &#8211; Livr\u00e9 avec trois verres : HC, jaune et transparent (cat. 3\/1\/0)<br \/>\n &#8211; Avec les verres MLC High Contrast, vous voyez le monde comme jamais auparavant.<br \/>\n &#8211; Grand verre torique pour un champ de vision sans compromis<br \/>\n &#8211; Protection UV \u00e0 100%, avec traitement anti-bu\u00e9e pour une vision claire dans toutes les conditions.<br \/>\n &#8211; Le rev\u00eatement ol\u00e9ophobe hydrofuge sur la face ext\u00e9rieure du verre prot\u00e8ge contre<br \/>\n &#8211; le prot\u00e8ge de toutes sortes de choses<br \/>\n &#8211; Fabriqu\u00e9 en grilamide incassable de haute qualit\u00e9<br \/>\n &#8211; Pont de nez caoutchout\u00e9 r\u00e9glable et extr\u00e9mit\u00e9s des branches en caoutchouc pour un ajustement optimal<\/p>\n","protected":false},"excerpt":{"rendered":"<p>Verre FullViewHC rouge\/cadre noir mat Verre \u00e0 haut contraste (miroir) &#8211; Livr\u00e9 avec trois verres : HC, jaune et transparent (cat. 3\/1\/0) &#8211; Avec les verres MLC High Contrast, vous voyez le monde comme jamais auparavant. &#8211; Grand verre torique pour un champ de vision sans compromis &#8211; Protection UV \u00e0 100%, avec traitement anti-bu\u00e9e [&#8230;]\n","protected":false},"featured_media":270458,"template":"","meta":[],"product_brand":[118187],"product_cat":[12092,12137,12130,11847,118072,117254,116169],"product_tag":[],"class_list":{"0":"post-37360","1":"product","2":"type-product","3":"status-publish","4":"has-post-thumbnail","6":"product_brand-bbb","7":"product_cat-fahrrad-bekleidung-ausrustung-de","8":"product_cat-fahrrad-brill-brillen-de","9":"product_cat-fahrrad-bekle-brillen-goggles-de","10":"product_cat-fahrrad-fahrradteile-de","11":"product_cat-lunettes-futchs","12":"product_cat-lunettes-de-sport","13":"product_cat-vetements-et-equipements","15":"first","16":"instock","17":"taxable","18":"shipping-taxable","19":"purchasable","20":"product-type-simple"},"yoast_head":"<!-- This site is optimized with the Yoast SEO plugin v27.1.1 - https:\/\/yoast.com\/product\/yoast-seo-wordpress\/ -->\n<title>Verre FullViewHC rouge\/cadre noir mat Verre \u00e0 haut contraste (miroir) - Bike Express<\/title>\n<meta name=\"robots\" content=\"index,follow\" \/>\n<link rel=\"canonical\" href=\"https:\/\/bike-express.ch\/de\/produit\/fullviewhc-glas-rot-rahmen-sch-h8277r\/\" \/>\n<meta property=\"og:locale\" content=\"de_DE\" \/>\n<meta property=\"og:type\" content=\"article\" \/>\n<meta property=\"og:title\" content=\"Verre FullViewHC rouge\/cadre noir mat Verre \u00e0 haut contraste (miroir) - Bike Express\" \/>\n<meta property=\"og:description\" content=\"Verre FullViewHC rouge\/cadre noir mat Verre \u00e0 haut contraste (miroir) &#8211; Livr\u00e9 avec trois verres : HC, jaune et transparent (cat. 3\/1\/0) &#8211; Avec les verres MLC High Contrast, vous voyez le monde comme jamais auparavant. &#8211; Grand verre torique pour un champ de vision sans compromis &#8211; Protection UV \u00e0 100%, avec traitement anti-bu\u00e9e [...]\" \/>\n<meta property=\"og:url\" content=\"https:\/\/bike-express.ch\/de\/produit\/fullviewhc-glas-rot-rahmen-sch-h8277r\/\" \/>\n<meta property=\"og:site_name\" content=\"Bike Express\" \/>\n<meta property=\"article:modified_time\" content=\"2024-08-22T08:15:27+00:00\" \/>\n<meta property=\"og:image\" content=\"https:\/\/bike-express.ch\/wp-content\/uploads\/2022\/02\/H8277R.jpg\" \/>\n\t<meta property=\"og:image:width\" content=\"800\" \/>\n\t<meta property=\"og:image:height\" content=\"800\" \/>\n\t<meta property=\"og:image:type\" content=\"image\/jpeg\" \/>\n<meta name=\"twitter:card\" content=\"summary_large_image\" \/>\n<meta name=\"twitter:label1\" content=\"Gesch\u00e4tzte Lesezeit\" \/>\n\t<meta name=\"twitter:data1\" content=\"1\u00a0Minute\" \/>\n<script type=\"application\/ld+json\" class=\"yoast-schema-graph\">{\"@context\":\"https:\/\/schema.org\",\"@graph\":[{\"@type\":\"WebPage\",\"@id\":\"https:\/\/bike-express.ch\/de\/produit\/fullviewhc-glas-rot-rahmen-sch-h8277r\/\",\"url\":\"https:\/\/bike-express.ch\/de\/produit\/fullviewhc-glas-rot-rahmen-sch-h8277r\/\",\"name\":\"Verre FullViewHC rouge\/cadre noir mat Verre \u00e0 haut contraste (miroir) - Bike Express\",\"isPartOf\":{\"@id\":\"https:\/\/bike-express.ch\/de\/#website\"},\"primaryImageOfPage\":{\"@id\":\"https:\/\/bike-express.ch\/de\/produit\/fullviewhc-glas-rot-rahmen-sch-h8277r\/#primaryimage\"},\"image\":{\"@id\":\"https:\/\/bike-express.ch\/de\/produit\/fullviewhc-glas-rot-rahmen-sch-h8277r\/#primaryimage\"},\"thumbnailUrl\":\"https:\/\/bike-express.ch\/wp-content\/uploads\/2024\/08\/H8277R.jpg\",\"datePublished\":\"2022-01-31T13:59:25+00:00\",\"dateModified\":\"2024-08-22T08:15:27+00:00\",\"breadcrumb\":{\"@id\":\"https:\/\/bike-express.ch\/de\/produit\/fullviewhc-glas-rot-rahmen-sch-h8277r\/#breadcrumb\"},\"inLanguage\":\"de\",\"potentialAction\":[{\"@type\":\"ReadAction\",\"target\":[\"https:\/\/bike-express.ch\/de\/produit\/fullviewhc-glas-rot-rahmen-sch-h8277r\/\"]}]},{\"@type\":\"ImageObject\",\"inLanguage\":\"de\",\"@id\":\"https:\/\/bike-express.ch\/de\/produit\/fullviewhc-glas-rot-rahmen-sch-h8277r\/#primaryimage\",\"url\":\"https:\/\/bike-express.ch\/wp-content\/uploads\/2024\/08\/H8277R.jpg\",\"contentUrl\":\"https:\/\/bike-express.ch\/wp-content\/uploads\/2024\/08\/H8277R.jpg\",\"width\":800,\"height\":800},{\"@type\":\"BreadcrumbList\",\"@id\":\"https:\/\/bike-express.ch\/de\/produit\/fullviewhc-glas-rot-rahmen-sch-h8277r\/#breadcrumb\",\"itemListElement\":[{\"@type\":\"ListItem\",\"position\":1,\"name\":\"Accueil\",\"item\":\"https:\/\/bike-express.ch\/de\/\"},{\"@type\":\"ListItem\",\"position\":2,\"name\":\"Unsere Produkte\",\"item\":\"https:\/\/bike-express.ch\/de\/unsere-produkte\/\"},{\"@type\":\"ListItem\",\"position\":3,\"name\":\"Bekleidung &amp; Ausr\u00fcstung\",\"item\":\"https:\/\/bike-express.ch\/de\/categorie-produit\/fahrrad-bekleidung-ausrustung-de\/\"},{\"@type\":\"ListItem\",\"position\":4,\"name\":\"Brillen\/Goggles\",\"item\":\"https:\/\/bike-express.ch\/de\/categorie-produit\/fahrrad-bekleidung-ausrustung-de\/fahrrad-bekle-brillen-goggles-de\/\"},{\"@type\":\"ListItem\",\"position\":5,\"name\":\"Verre FullViewHC rouge\/cadre noir mat Verre \u00e0 haut contraste (miroir)\"}]},{\"@type\":\"WebSite\",\"@id\":\"https:\/\/bike-express.ch\/de\/#website\",\"url\":\"https:\/\/bike-express.ch\/de\/\",\"name\":\"Bike Express\",\"description\":\"Num\u00e9ro 1 des pi\u00e8ces de v\u00e9los en Suisse\",\"potentialAction\":[{\"@type\":\"SearchAction\",\"target\":{\"@type\":\"EntryPoint\",\"urlTemplate\":\"https:\/\/bike-express.ch\/de\/?s={search_term_string}\"},\"query-input\":{\"@type\":\"PropertyValueSpecification\",\"valueRequired\":true,\"valueName\":\"search_term_string\"}}],\"inLanguage\":\"de\"}]}<\/script>\n<!-- \/ Yoast SEO plugin. -->","yoast_head_json":{"title":"Verre FullViewHC rouge\/cadre noir mat Verre \u00e0 haut contraste (miroir) - Bike Express","robots":{"index,follow":"index,follow"},"canonical":"https:\/\/bike-express.ch\/de\/produit\/fullviewhc-glas-rot-rahmen-sch-h8277r\/","og_locale":"de_DE","og_type":"article","og_title":"Verre FullViewHC rouge\/cadre noir mat Verre \u00e0 haut contraste (miroir) - Bike Express","og_description":"Verre FullViewHC rouge\/cadre noir mat Verre \u00e0 haut contraste (miroir) &#8211; Livr\u00e9 avec trois verres : HC, jaune et transparent (cat. 3\/1\/0) &#8211; Avec les verres MLC High Contrast, vous voyez le monde comme jamais auparavant. &#8211; Grand verre torique pour un champ de vision sans compromis &#8211; Protection UV \u00e0 100%, avec traitement anti-bu\u00e9e [...]","og_url":"https:\/\/bike-express.ch\/de\/produit\/fullviewhc-glas-rot-rahmen-sch-h8277r\/","og_site_name":"Bike Express","article_modified_time":"2024-08-22T08:15:27+00:00","og_image":[{"width":800,"height":800,"url":"https:\/\/bike-express.ch\/wp-content\/uploads\/2022\/02\/H8277R.jpg","type":"image\/jpeg"}],"twitter_card":"summary_large_image","twitter_misc":{"Gesch\u00e4tzte Lesezeit":"1\u00a0Minute"},"schema":{"@context":"https:\/\/schema.org","@graph":[{"@type":"WebPage","@id":"https:\/\/bike-express.ch\/de\/produit\/fullviewhc-glas-rot-rahmen-sch-h8277r\/","url":"https:\/\/bike-express.ch\/de\/produit\/fullviewhc-glas-rot-rahmen-sch-h8277r\/","name":"Verre FullViewHC rouge\/cadre noir mat Verre \u00e0 haut contraste (miroir) - Bike Express","isPartOf":{"@id":"https:\/\/bike-express.ch\/de\/#website"},"primaryImageOfPage":{"@id":"https:\/\/bike-express.ch\/de\/produit\/fullviewhc-glas-rot-rahmen-sch-h8277r\/#primaryimage"},"image":{"@id":"https:\/\/bike-express.ch\/de\/produit\/fullviewhc-glas-rot-rahmen-sch-h8277r\/#primaryimage"},"thumbnailUrl":"https:\/\/bike-express.ch\/wp-content\/uploads\/2024\/08\/H8277R.jpg","datePublished":"2022-01-31T13:59:25+00:00","dateModified":"2024-08-22T08:15:27+00:00","breadcrumb":{"@id":"https:\/\/bike-express.ch\/de\/produit\/fullviewhc-glas-rot-rahmen-sch-h8277r\/#breadcrumb"},"inLanguage":"de","potentialAction":[{"@type":"ReadAction","target":["https:\/\/bike-express.ch\/de\/produit\/fullviewhc-glas-rot-rahmen-sch-h8277r\/"]}]},{"@type":"ImageObject","inLanguage":"de","@id":"https:\/\/bike-express.ch\/de\/produit\/fullviewhc-glas-rot-rahmen-sch-h8277r\/#primaryimage","url":"https:\/\/bike-express.ch\/wp-content\/uploads\/2024\/08\/H8277R.jpg","contentUrl":"https:\/\/bike-express.ch\/wp-content\/uploads\/2024\/08\/H8277R.jpg","width":800,"height":800},{"@type":"BreadcrumbList","@id":"https:\/\/bike-express.ch\/de\/produit\/fullviewhc-glas-rot-rahmen-sch-h8277r\/#breadcrumb","itemListElement":[{"@type":"ListItem","position":1,"name":"Accueil","item":"https:\/\/bike-express.ch\/de\/"},{"@type":"ListItem","position":2,"name":"Unsere Produkte","item":"https:\/\/bike-express.ch\/de\/unsere-produkte\/"},{"@type":"ListItem","position":3,"name":"Bekleidung &amp; Ausr\u00fcstung","item":"https:\/\/bike-express.ch\/de\/categorie-produit\/fahrrad-bekleidung-ausrustung-de\/"},{"@type":"ListItem","position":4,"name":"Brillen\/Goggles","item":"https:\/\/bike-express.ch\/de\/categorie-produit\/fahrrad-bekleidung-ausrustung-de\/fahrrad-bekle-brillen-goggles-de\/"},{"@type":"ListItem","position":5,"name":"Verre FullViewHC rouge\/cadre noir mat Verre \u00e0 haut contraste (miroir)"}]},{"@type":"WebSite","@id":"https:\/\/bike-express.ch\/de\/#website","url":"https:\/\/bike-express.ch\/de\/","name":"Bike Express","description":"Num\u00e9ro 1 des pi\u00e8ces de v\u00e9los en Suisse","potentialAction":[{"@type":"SearchAction","target":{"@type":"EntryPoint","urlTemplate":"https:\/\/bike-express.ch\/de\/?s={search_term_string}"},"query-input":{"@type":"PropertyValueSpecification","valueRequired":true,"valueName":"search_term_string"}}],"inLanguage":"de"}]}},"_links":{"self":[{"href":"https:\/\/bike-express.ch\/de\/wp-json\/wp\/v2\/product\/37360","targetHints":{"allow":["GET"]}}],"collection":[{"href":"https:\/\/bike-express.ch\/de\/wp-json\/wp\/v2\/product"}],"about":[{"href":"https:\/\/bike-express.ch\/de\/wp-json\/wp\/v2\/types\/product"}],"wp:featuredmedia":[{"embeddable":true,"href":"https:\/\/bike-express.ch\/de\/wp-json\/wp\/v2\/media\/270458"}],"wp:attachment":[{"href":"https:\/\/bike-express.ch\/de\/wp-json\/wp\/v2\/media?parent=37360"}],"wp:term":[{"taxonomy":"product_brand","embeddable":true,"href":"https:\/\/bike-express.ch\/de\/wp-json\/wp\/v2\/product_brand?post=37360"},{"taxonomy":"product_cat","embeddable":true,"href":"https:\/\/bike-express.ch\/de\/wp-json\/wp\/v2\/product_cat?post=37360"},{"taxonomy":"product_tag","embeddable":true,"href":"https:\/\/bike-express.ch\/de\/wp-json\/wp\/v2\/product_tag?post=37360"}],"curies":[{"name":"wp","href":"https:\/\/api.w.org\/{rel}","templated":true}]}}