{"id":37366,"date":"2022-01-31T14:59:30","date_gmt":"2022-01-31T13:59:30","guid":{"rendered":"https:\/\/test1.bike-express.ch\/new\/produit\/chester-glas-mlc-blau-rahmen-s-h8277k\/"},"modified":"2024-08-22T10:15:46","modified_gmt":"2024-08-22T08:15:46","slug":"chester-glas-mlc-blau-rahmen-s-h8277k","status":"publish","type":"product","link":"https:\/\/bike-express.ch\/de\/produit\/chester-glas-mlc-blau-rahmen-s-h8277k\/","title":{"rendered":"Chester verre MLC bleu\/cadre noir mat"},"content":{"rendered":"<p>Chester verre MLC bleu\/cadre noir mat<br \/>\n &#8211; Design Hidden-Fullframe avec verres Toric grand format<br \/>\n &#8211; Avec traitement int\u00e9gral MLC pour une meilleure optique, protection UV \u00e0 100%.<br \/>\n &#8211; Fabriqu\u00e9es en Grilamid incassable de haute qualit\u00e9<br \/>\n &#8211; Partie nasale caoutchout\u00e9e r\u00e9glable<br \/>\n &#8211; Extr\u00e9mit\u00e9s des branches en caoutchouc pour une tenue optimale<\/p>\n","protected":false},"excerpt":{"rendered":"<p>Chester verre MLC bleu\/cadre noir mat &#8211; Design Hidden-Fullframe avec verres Toric grand format &#8211; Avec traitement int\u00e9gral MLC pour une meilleure optique, protection UV \u00e0 100%. &#8211; Fabriqu\u00e9es en Grilamid incassable de haute qualit\u00e9 &#8211; Partie nasale caoutchout\u00e9e r\u00e9glable &#8211; Extr\u00e9mit\u00e9s des branches en caoutchouc pour une tenue optimale<\/p>\n","protected":false},"featured_media":270476,"template":"","meta":[],"product_brand":[118187],"product_cat":[12092,12137,12130,11847,118072,117254,116169],"product_tag":[],"class_list":{"0":"post-37366","1":"product","2":"type-product","3":"status-publish","4":"has-post-thumbnail","6":"product_brand-bbb","7":"product_cat-fahrrad-bekleidung-ausrustung-de","8":"product_cat-fahrrad-brill-brillen-de","9":"product_cat-fahrrad-bekle-brillen-goggles-de","10":"product_cat-fahrrad-fahrradteile-de","11":"product_cat-lunettes-futchs","12":"product_cat-lunettes-de-sport","13":"product_cat-vetements-et-equipements","15":"first","16":"instock","17":"taxable","18":"shipping-taxable","19":"purchasable","20":"product-type-simple"},"yoast_head":"<!-- This site is optimized with the Yoast SEO plugin v27.1.1 - https:\/\/yoast.com\/product\/yoast-seo-wordpress\/ -->\n<title>Chester verre MLC bleu\/cadre noir mat - Bike Express<\/title>\n<meta name=\"robots\" content=\"index,follow\" \/>\n<link rel=\"canonical\" href=\"https:\/\/bike-express.ch\/de\/produit\/chester-glas-mlc-blau-rahmen-s-h8277k\/\" \/>\n<meta property=\"og:locale\" content=\"de_DE\" \/>\n<meta property=\"og:type\" content=\"article\" \/>\n<meta property=\"og:title\" content=\"Chester verre MLC bleu\/cadre noir mat - Bike Express\" \/>\n<meta property=\"og:description\" content=\"Chester verre MLC bleu\/cadre noir mat &#8211; Design Hidden-Fullframe avec verres Toric grand format &#8211; Avec traitement int\u00e9gral MLC pour une meilleure optique, protection UV \u00e0 100%. &#8211; Fabriqu\u00e9es en Grilamid incassable de haute qualit\u00e9 &#8211; Partie nasale caoutchout\u00e9e r\u00e9glable &#8211; Extr\u00e9mit\u00e9s des branches en caoutchouc pour une tenue optimale\" \/>\n<meta property=\"og:url\" content=\"https:\/\/bike-express.ch\/de\/produit\/chester-glas-mlc-blau-rahmen-s-h8277k\/\" \/>\n<meta property=\"og:site_name\" content=\"Bike Express\" \/>\n<meta property=\"article:modified_time\" content=\"2024-08-22T08:15:46+00:00\" \/>\n<meta property=\"og:image\" content=\"https:\/\/bike-express.ch\/wp-content\/uploads\/2022\/02\/H8277K.jpg\" \/>\n\t<meta property=\"og:image:width\" content=\"800\" \/>\n\t<meta property=\"og:image:height\" content=\"800\" \/>\n\t<meta property=\"og:image:type\" content=\"image\/jpeg\" \/>\n<meta name=\"twitter:card\" content=\"summary_large_image\" \/>\n<script type=\"application\/ld+json\" class=\"yoast-schema-graph\">{\"@context\":\"https:\/\/schema.org\",\"@graph\":[{\"@type\":\"WebPage\",\"@id\":\"https:\/\/bike-express.ch\/de\/produit\/chester-glas-mlc-blau-rahmen-s-h8277k\/\",\"url\":\"https:\/\/bike-express.ch\/de\/produit\/chester-glas-mlc-blau-rahmen-s-h8277k\/\",\"name\":\"Chester verre MLC bleu\/cadre noir mat - Bike Express\",\"isPartOf\":{\"@id\":\"https:\/\/bike-express.ch\/de\/#website\"},\"primaryImageOfPage\":{\"@id\":\"https:\/\/bike-express.ch\/de\/produit\/chester-glas-mlc-blau-rahmen-s-h8277k\/#primaryimage\"},\"image\":{\"@id\":\"https:\/\/bike-express.ch\/de\/produit\/chester-glas-mlc-blau-rahmen-s-h8277k\/#primaryimage\"},\"thumbnailUrl\":\"https:\/\/bike-express.ch\/wp-content\/uploads\/2024\/08\/H8277K.jpg\",\"datePublished\":\"2022-01-31T13:59:30+00:00\",\"dateModified\":\"2024-08-22T08:15:46+00:00\",\"breadcrumb\":{\"@id\":\"https:\/\/bike-express.ch\/de\/produit\/chester-glas-mlc-blau-rahmen-s-h8277k\/#breadcrumb\"},\"inLanguage\":\"de\",\"potentialAction\":[{\"@type\":\"ReadAction\",\"target\":[\"https:\/\/bike-express.ch\/de\/produit\/chester-glas-mlc-blau-rahmen-s-h8277k\/\"]}]},{\"@type\":\"ImageObject\",\"inLanguage\":\"de\",\"@id\":\"https:\/\/bike-express.ch\/de\/produit\/chester-glas-mlc-blau-rahmen-s-h8277k\/#primaryimage\",\"url\":\"https:\/\/bike-express.ch\/wp-content\/uploads\/2024\/08\/H8277K.jpg\",\"contentUrl\":\"https:\/\/bike-express.ch\/wp-content\/uploads\/2024\/08\/H8277K.jpg\",\"width\":800,\"height\":800},{\"@type\":\"BreadcrumbList\",\"@id\":\"https:\/\/bike-express.ch\/de\/produit\/chester-glas-mlc-blau-rahmen-s-h8277k\/#breadcrumb\",\"itemListElement\":[{\"@type\":\"ListItem\",\"position\":1,\"name\":\"Accueil\",\"item\":\"https:\/\/bike-express.ch\/de\/\"},{\"@type\":\"ListItem\",\"position\":2,\"name\":\"Unsere Produkte\",\"item\":\"https:\/\/bike-express.ch\/de\/unsere-produkte\/\"},{\"@type\":\"ListItem\",\"position\":3,\"name\":\"Bekleidung &amp; Ausr\u00fcstung\",\"item\":\"https:\/\/bike-express.ch\/de\/categorie-produit\/fahrrad-bekleidung-ausrustung-de\/\"},{\"@type\":\"ListItem\",\"position\":4,\"name\":\"Brillen\/Goggles\",\"item\":\"https:\/\/bike-express.ch\/de\/categorie-produit\/fahrrad-bekleidung-ausrustung-de\/fahrrad-bekle-brillen-goggles-de\/\"},{\"@type\":\"ListItem\",\"position\":5,\"name\":\"Chester verre MLC bleu\/cadre noir mat\"}]},{\"@type\":\"WebSite\",\"@id\":\"https:\/\/bike-express.ch\/de\/#website\",\"url\":\"https:\/\/bike-express.ch\/de\/\",\"name\":\"Bike Express\",\"description\":\"Num\u00e9ro 1 des pi\u00e8ces de v\u00e9los en Suisse\",\"potentialAction\":[{\"@type\":\"SearchAction\",\"target\":{\"@type\":\"EntryPoint\",\"urlTemplate\":\"https:\/\/bike-express.ch\/de\/?s={search_term_string}\"},\"query-input\":{\"@type\":\"PropertyValueSpecification\",\"valueRequired\":true,\"valueName\":\"search_term_string\"}}],\"inLanguage\":\"de\"}]}<\/script>\n<!-- \/ Yoast SEO plugin. -->","yoast_head_json":{"title":"Chester verre MLC bleu\/cadre noir mat - Bike Express","robots":{"index,follow":"index,follow"},"canonical":"https:\/\/bike-express.ch\/de\/produit\/chester-glas-mlc-blau-rahmen-s-h8277k\/","og_locale":"de_DE","og_type":"article","og_title":"Chester verre MLC bleu\/cadre noir mat - Bike Express","og_description":"Chester verre MLC bleu\/cadre noir mat &#8211; Design Hidden-Fullframe avec verres Toric grand format &#8211; Avec traitement int\u00e9gral MLC pour une meilleure optique, protection UV \u00e0 100%. &#8211; Fabriqu\u00e9es en Grilamid incassable de haute qualit\u00e9 &#8211; Partie nasale caoutchout\u00e9e r\u00e9glable &#8211; Extr\u00e9mit\u00e9s des branches en caoutchouc pour une tenue optimale","og_url":"https:\/\/bike-express.ch\/de\/produit\/chester-glas-mlc-blau-rahmen-s-h8277k\/","og_site_name":"Bike Express","article_modified_time":"2024-08-22T08:15:46+00:00","og_image":[{"width":800,"height":800,"url":"https:\/\/bike-express.ch\/wp-content\/uploads\/2022\/02\/H8277K.jpg","type":"image\/jpeg"}],"twitter_card":"summary_large_image","schema":{"@context":"https:\/\/schema.org","@graph":[{"@type":"WebPage","@id":"https:\/\/bike-express.ch\/de\/produit\/chester-glas-mlc-blau-rahmen-s-h8277k\/","url":"https:\/\/bike-express.ch\/de\/produit\/chester-glas-mlc-blau-rahmen-s-h8277k\/","name":"Chester verre MLC bleu\/cadre noir mat - Bike Express","isPartOf":{"@id":"https:\/\/bike-express.ch\/de\/#website"},"primaryImageOfPage":{"@id":"https:\/\/bike-express.ch\/de\/produit\/chester-glas-mlc-blau-rahmen-s-h8277k\/#primaryimage"},"image":{"@id":"https:\/\/bike-express.ch\/de\/produit\/chester-glas-mlc-blau-rahmen-s-h8277k\/#primaryimage"},"thumbnailUrl":"https:\/\/bike-express.ch\/wp-content\/uploads\/2024\/08\/H8277K.jpg","datePublished":"2022-01-31T13:59:30+00:00","dateModified":"2024-08-22T08:15:46+00:00","breadcrumb":{"@id":"https:\/\/bike-express.ch\/de\/produit\/chester-glas-mlc-blau-rahmen-s-h8277k\/#breadcrumb"},"inLanguage":"de","potentialAction":[{"@type":"ReadAction","target":["https:\/\/bike-express.ch\/de\/produit\/chester-glas-mlc-blau-rahmen-s-h8277k\/"]}]},{"@type":"ImageObject","inLanguage":"de","@id":"https:\/\/bike-express.ch\/de\/produit\/chester-glas-mlc-blau-rahmen-s-h8277k\/#primaryimage","url":"https:\/\/bike-express.ch\/wp-content\/uploads\/2024\/08\/H8277K.jpg","contentUrl":"https:\/\/bike-express.ch\/wp-content\/uploads\/2024\/08\/H8277K.jpg","width":800,"height":800},{"@type":"BreadcrumbList","@id":"https:\/\/bike-express.ch\/de\/produit\/chester-glas-mlc-blau-rahmen-s-h8277k\/#breadcrumb","itemListElement":[{"@type":"ListItem","position":1,"name":"Accueil","item":"https:\/\/bike-express.ch\/de\/"},{"@type":"ListItem","position":2,"name":"Unsere Produkte","item":"https:\/\/bike-express.ch\/de\/unsere-produkte\/"},{"@type":"ListItem","position":3,"name":"Bekleidung &amp; Ausr\u00fcstung","item":"https:\/\/bike-express.ch\/de\/categorie-produit\/fahrrad-bekleidung-ausrustung-de\/"},{"@type":"ListItem","position":4,"name":"Brillen\/Goggles","item":"https:\/\/bike-express.ch\/de\/categorie-produit\/fahrrad-bekleidung-ausrustung-de\/fahrrad-bekle-brillen-goggles-de\/"},{"@type":"ListItem","position":5,"name":"Chester verre MLC bleu\/cadre noir mat"}]},{"@type":"WebSite","@id":"https:\/\/bike-express.ch\/de\/#website","url":"https:\/\/bike-express.ch\/de\/","name":"Bike Express","description":"Num\u00e9ro 1 des pi\u00e8ces de v\u00e9los en Suisse","potentialAction":[{"@type":"SearchAction","target":{"@type":"EntryPoint","urlTemplate":"https:\/\/bike-express.ch\/de\/?s={search_term_string}"},"query-input":{"@type":"PropertyValueSpecification","valueRequired":true,"valueName":"search_term_string"}}],"inLanguage":"de"}]}},"_links":{"self":[{"href":"https:\/\/bike-express.ch\/de\/wp-json\/wp\/v2\/product\/37366","targetHints":{"allow":["GET"]}}],"collection":[{"href":"https:\/\/bike-express.ch\/de\/wp-json\/wp\/v2\/product"}],"about":[{"href":"https:\/\/bike-express.ch\/de\/wp-json\/wp\/v2\/types\/product"}],"wp:featuredmedia":[{"embeddable":true,"href":"https:\/\/bike-express.ch\/de\/wp-json\/wp\/v2\/media\/270476"}],"wp:attachment":[{"href":"https:\/\/bike-express.ch\/de\/wp-json\/wp\/v2\/media?parent=37366"}],"wp:term":[{"taxonomy":"product_brand","embeddable":true,"href":"https:\/\/bike-express.ch\/de\/wp-json\/wp\/v2\/product_brand?post=37366"},{"taxonomy":"product_cat","embeddable":true,"href":"https:\/\/bike-express.ch\/de\/wp-json\/wp\/v2\/product_cat?post=37366"},{"taxonomy":"product_tag","embeddable":true,"href":"https:\/\/bike-express.ch\/de\/wp-json\/wp\/v2\/product_tag?post=37366"}],"curies":[{"name":"wp","href":"https:\/\/api.w.org\/{rel}","templated":true}]}}