{"id":37552,"date":"2022-01-31T15:02:06","date_gmt":"2022-01-31T14:02:06","guid":{"rendered":"https:\/\/test1.bike-express.ch\/new\/produit\/helmmutze-sommer-als-sonnensc-h8143h\/"},"modified":"2025-01-21T14:43:52","modified_gmt":"2025-01-21T13:43:52","slug":"helmmutze-sommer-als-sonnensc-h8143h","status":"publish","type":"product","link":"https:\/\/bike-express.ch\/de\/produit\/helmmutze-sommer-als-sonnensc-h8143h\/","title":{"rendered":"Casquette d\u2019\u00e9t\u00e9 comme protection solaire \/ absorption d\u2019humidit\u00e9, blanc"},"content":{"rendered":"<p>Casquette d&#8217;\u00e9t\u00e9 comme protection solaire \/ absorption d&#8217;humidit\u00e9, blanc<br \/>\nHaute absorption de l&#8217;humidit\u00e9.tissu l\u00e9ger 100% polyester.excellent confort.<\/p>\n","protected":false},"excerpt":{"rendered":"<p>Casquette d&#8217;\u00e9t\u00e9 comme protection solaire \/ absorption d&#8217;humidit\u00e9, blanc Haute absorption de l&#8217;humidit\u00e9.tissu l\u00e9ger 100% polyester.excellent confort.<\/p>\n","protected":false},"featured_media":271226,"template":"","meta":[],"product_brand":[118187],"product_cat":[12092,117274,11847,116169],"product_tag":[],"class_list":{"0":"post-37552","1":"product","2":"type-product","3":"status-publish","4":"has-post-thumbnail","6":"product_brand-bbb","7":"product_cat-fahrrad-bekleidung-ausrustung-de","8":"product_cat-bonnets-echarpes","9":"product_cat-fahrrad-fahrradteile-de","10":"product_cat-vetements-et-equipements","12":"first","13":"instock","14":"taxable","15":"shipping-taxable","16":"purchasable","17":"product-type-simple"},"yoast_head":"<!-- This site is optimized with the Yoast SEO plugin v27.1.1 - https:\/\/yoast.com\/product\/yoast-seo-wordpress\/ -->\n<title>Casquette d\u2019\u00e9t\u00e9 comme protection solaire \/ absorption d\u2019humidit\u00e9, blanc - Bike Express<\/title>\n<meta name=\"robots\" content=\"index,follow\" \/>\n<link rel=\"canonical\" href=\"https:\/\/bike-express.ch\/de\/produit\/helmmutze-sommer-als-sonnensc-h8143h\/\" \/>\n<meta property=\"og:locale\" content=\"de_DE\" \/>\n<meta property=\"og:type\" content=\"article\" \/>\n<meta property=\"og:title\" content=\"Casquette d\u2019\u00e9t\u00e9 comme protection solaire \/ absorption d\u2019humidit\u00e9, blanc - Bike Express\" \/>\n<meta property=\"og:description\" content=\"Casquette d&#8217;\u00e9t\u00e9 comme protection solaire \/ absorption d&#8217;humidit\u00e9, blanc Haute absorption de l&#8217;humidit\u00e9.tissu l\u00e9ger 100% polyester.excellent confort.\" \/>\n<meta property=\"og:url\" content=\"https:\/\/bike-express.ch\/de\/produit\/helmmutze-sommer-als-sonnensc-h8143h\/\" \/>\n<meta property=\"og:site_name\" content=\"Bike Express\" \/>\n<meta property=\"article:modified_time\" content=\"2025-01-21T13:43:52+00:00\" \/>\n<meta property=\"og:image\" content=\"https:\/\/bike-express.ch\/wp-content\/uploads\/2024\/08\/H8143H.jpg\" \/>\n\t<meta property=\"og:image:width\" content=\"800\" \/>\n\t<meta property=\"og:image:height\" content=\"800\" \/>\n\t<meta property=\"og:image:type\" content=\"image\/jpeg\" \/>\n<meta name=\"twitter:card\" content=\"summary_large_image\" \/>\n<script type=\"application\/ld+json\" class=\"yoast-schema-graph\">{\"@context\":\"https:\/\/schema.org\",\"@graph\":[{\"@type\":\"WebPage\",\"@id\":\"https:\/\/bike-express.ch\/de\/produit\/helmmutze-sommer-als-sonnensc-h8143h\/\",\"url\":\"https:\/\/bike-express.ch\/de\/produit\/helmmutze-sommer-als-sonnensc-h8143h\/\",\"name\":\"Casquette d\u2019\u00e9t\u00e9 comme protection solaire \/ absorption d\u2019humidit\u00e9, blanc - Bike Express\",\"isPartOf\":{\"@id\":\"https:\/\/bike-express.ch\/de\/#website\"},\"primaryImageOfPage\":{\"@id\":\"https:\/\/bike-express.ch\/de\/produit\/helmmutze-sommer-als-sonnensc-h8143h\/#primaryimage\"},\"image\":{\"@id\":\"https:\/\/bike-express.ch\/de\/produit\/helmmutze-sommer-als-sonnensc-h8143h\/#primaryimage\"},\"thumbnailUrl\":\"https:\/\/bike-express.ch\/wp-content\/uploads\/2024\/08\/H8143H.jpg\",\"datePublished\":\"2022-01-31T14:02:06+00:00\",\"dateModified\":\"2025-01-21T13:43:52+00:00\",\"breadcrumb\":{\"@id\":\"https:\/\/bike-express.ch\/de\/produit\/helmmutze-sommer-als-sonnensc-h8143h\/#breadcrumb\"},\"inLanguage\":\"de\",\"potentialAction\":[{\"@type\":\"ReadAction\",\"target\":[\"https:\/\/bike-express.ch\/de\/produit\/helmmutze-sommer-als-sonnensc-h8143h\/\"]}]},{\"@type\":\"ImageObject\",\"inLanguage\":\"de\",\"@id\":\"https:\/\/bike-express.ch\/de\/produit\/helmmutze-sommer-als-sonnensc-h8143h\/#primaryimage\",\"url\":\"https:\/\/bike-express.ch\/wp-content\/uploads\/2024\/08\/H8143H.jpg\",\"contentUrl\":\"https:\/\/bike-express.ch\/wp-content\/uploads\/2024\/08\/H8143H.jpg\",\"width\":800,\"height\":800},{\"@type\":\"BreadcrumbList\",\"@id\":\"https:\/\/bike-express.ch\/de\/produit\/helmmutze-sommer-als-sonnensc-h8143h\/#breadcrumb\",\"itemListElement\":[{\"@type\":\"ListItem\",\"position\":1,\"name\":\"Accueil\",\"item\":\"https:\/\/bike-express.ch\/de\/\"},{\"@type\":\"ListItem\",\"position\":2,\"name\":\"Unsere Produkte\",\"item\":\"https:\/\/bike-express.ch\/de\/unsere-produkte\/\"},{\"@type\":\"ListItem\",\"position\":3,\"name\":\"Bekleidung &amp; Ausr\u00fcstung\",\"item\":\"https:\/\/bike-express.ch\/de\/categorie-produit\/fahrrad-bekleidung-ausrustung-de\/\"},{\"@type\":\"ListItem\",\"position\":4,\"name\":\"Helme\",\"item\":\"https:\/\/bike-express.ch\/de\/categorie-produit\/fahrrad-bekleidung-ausrustung-de\/fahrrad-bekle-helme-de\/\"},{\"@type\":\"ListItem\",\"position\":5,\"name\":\"H\u00fcte\",\"item\":\"https:\/\/bike-express.ch\/de\/categorie-produit\/fahrrad-bekleidung-ausrustung-de\/fahrrad-bekle-helme-de\/hute-de\/\"},{\"@type\":\"ListItem\",\"position\":6,\"name\":\"Casquette d\u2019\u00e9t\u00e9 comme protection solaire \/ absorption d\u2019humidit\u00e9, blanc\"}]},{\"@type\":\"WebSite\",\"@id\":\"https:\/\/bike-express.ch\/de\/#website\",\"url\":\"https:\/\/bike-express.ch\/de\/\",\"name\":\"Bike Express\",\"description\":\"Num\u00e9ro 1 des pi\u00e8ces de v\u00e9los en Suisse\",\"potentialAction\":[{\"@type\":\"SearchAction\",\"target\":{\"@type\":\"EntryPoint\",\"urlTemplate\":\"https:\/\/bike-express.ch\/de\/?s={search_term_string}\"},\"query-input\":{\"@type\":\"PropertyValueSpecification\",\"valueRequired\":true,\"valueName\":\"search_term_string\"}}],\"inLanguage\":\"de\"}]}<\/script>\n<!-- \/ Yoast SEO plugin. -->","yoast_head_json":{"title":"Casquette d\u2019\u00e9t\u00e9 comme protection solaire \/ absorption d\u2019humidit\u00e9, blanc - Bike Express","robots":{"index,follow":"index,follow"},"canonical":"https:\/\/bike-express.ch\/de\/produit\/helmmutze-sommer-als-sonnensc-h8143h\/","og_locale":"de_DE","og_type":"article","og_title":"Casquette d\u2019\u00e9t\u00e9 comme protection solaire \/ absorption d\u2019humidit\u00e9, blanc - Bike Express","og_description":"Casquette d&#8217;\u00e9t\u00e9 comme protection solaire \/ absorption d&#8217;humidit\u00e9, blanc Haute absorption de l&#8217;humidit\u00e9.tissu l\u00e9ger 100% polyester.excellent confort.","og_url":"https:\/\/bike-express.ch\/de\/produit\/helmmutze-sommer-als-sonnensc-h8143h\/","og_site_name":"Bike Express","article_modified_time":"2025-01-21T13:43:52+00:00","og_image":[{"width":800,"height":800,"url":"https:\/\/bike-express.ch\/wp-content\/uploads\/2024\/08\/H8143H.jpg","type":"image\/jpeg"}],"twitter_card":"summary_large_image","schema":{"@context":"https:\/\/schema.org","@graph":[{"@type":"WebPage","@id":"https:\/\/bike-express.ch\/de\/produit\/helmmutze-sommer-als-sonnensc-h8143h\/","url":"https:\/\/bike-express.ch\/de\/produit\/helmmutze-sommer-als-sonnensc-h8143h\/","name":"Casquette d\u2019\u00e9t\u00e9 comme protection solaire \/ absorption d\u2019humidit\u00e9, blanc - Bike Express","isPartOf":{"@id":"https:\/\/bike-express.ch\/de\/#website"},"primaryImageOfPage":{"@id":"https:\/\/bike-express.ch\/de\/produit\/helmmutze-sommer-als-sonnensc-h8143h\/#primaryimage"},"image":{"@id":"https:\/\/bike-express.ch\/de\/produit\/helmmutze-sommer-als-sonnensc-h8143h\/#primaryimage"},"thumbnailUrl":"https:\/\/bike-express.ch\/wp-content\/uploads\/2024\/08\/H8143H.jpg","datePublished":"2022-01-31T14:02:06+00:00","dateModified":"2025-01-21T13:43:52+00:00","breadcrumb":{"@id":"https:\/\/bike-express.ch\/de\/produit\/helmmutze-sommer-als-sonnensc-h8143h\/#breadcrumb"},"inLanguage":"de","potentialAction":[{"@type":"ReadAction","target":["https:\/\/bike-express.ch\/de\/produit\/helmmutze-sommer-als-sonnensc-h8143h\/"]}]},{"@type":"ImageObject","inLanguage":"de","@id":"https:\/\/bike-express.ch\/de\/produit\/helmmutze-sommer-als-sonnensc-h8143h\/#primaryimage","url":"https:\/\/bike-express.ch\/wp-content\/uploads\/2024\/08\/H8143H.jpg","contentUrl":"https:\/\/bike-express.ch\/wp-content\/uploads\/2024\/08\/H8143H.jpg","width":800,"height":800},{"@type":"BreadcrumbList","@id":"https:\/\/bike-express.ch\/de\/produit\/helmmutze-sommer-als-sonnensc-h8143h\/#breadcrumb","itemListElement":[{"@type":"ListItem","position":1,"name":"Accueil","item":"https:\/\/bike-express.ch\/de\/"},{"@type":"ListItem","position":2,"name":"Unsere Produkte","item":"https:\/\/bike-express.ch\/de\/unsere-produkte\/"},{"@type":"ListItem","position":3,"name":"Bekleidung &amp; Ausr\u00fcstung","item":"https:\/\/bike-express.ch\/de\/categorie-produit\/fahrrad-bekleidung-ausrustung-de\/"},{"@type":"ListItem","position":4,"name":"Helme","item":"https:\/\/bike-express.ch\/de\/categorie-produit\/fahrrad-bekleidung-ausrustung-de\/fahrrad-bekle-helme-de\/"},{"@type":"ListItem","position":5,"name":"H\u00fcte","item":"https:\/\/bike-express.ch\/de\/categorie-produit\/fahrrad-bekleidung-ausrustung-de\/fahrrad-bekle-helme-de\/hute-de\/"},{"@type":"ListItem","position":6,"name":"Casquette d\u2019\u00e9t\u00e9 comme protection solaire \/ absorption d\u2019humidit\u00e9, blanc"}]},{"@type":"WebSite","@id":"https:\/\/bike-express.ch\/de\/#website","url":"https:\/\/bike-express.ch\/de\/","name":"Bike Express","description":"Num\u00e9ro 1 des pi\u00e8ces de v\u00e9los en Suisse","potentialAction":[{"@type":"SearchAction","target":{"@type":"EntryPoint","urlTemplate":"https:\/\/bike-express.ch\/de\/?s={search_term_string}"},"query-input":{"@type":"PropertyValueSpecification","valueRequired":true,"valueName":"search_term_string"}}],"inLanguage":"de"}]}},"_links":{"self":[{"href":"https:\/\/bike-express.ch\/de\/wp-json\/wp\/v2\/product\/37552","targetHints":{"allow":["GET"]}}],"collection":[{"href":"https:\/\/bike-express.ch\/de\/wp-json\/wp\/v2\/product"}],"about":[{"href":"https:\/\/bike-express.ch\/de\/wp-json\/wp\/v2\/types\/product"}],"wp:featuredmedia":[{"embeddable":true,"href":"https:\/\/bike-express.ch\/de\/wp-json\/wp\/v2\/media\/271226"}],"wp:attachment":[{"href":"https:\/\/bike-express.ch\/de\/wp-json\/wp\/v2\/media?parent=37552"}],"wp:term":[{"taxonomy":"product_brand","embeddable":true,"href":"https:\/\/bike-express.ch\/de\/wp-json\/wp\/v2\/product_brand?post=37552"},{"taxonomy":"product_cat","embeddable":true,"href":"https:\/\/bike-express.ch\/de\/wp-json\/wp\/v2\/product_cat?post=37552"},{"taxonomy":"product_tag","embeddable":true,"href":"https:\/\/bike-express.ch\/de\/wp-json\/wp\/v2\/product_tag?post=37552"}],"curies":[{"name":"wp","href":"https:\/\/api.w.org\/{rel}","templated":true}]}}