{"id":37558,"date":"2022-01-31T15:02:09","date_gmt":"2022-01-31T14:02:09","guid":{"rendered":"https:\/\/test1.bike-express.ch\/new\/produit\/thermo-cap-farinfrared-fir-gr-h8272y\/"},"modified":"2024-08-22T10:29:39","modified_gmt":"2024-08-22T08:29:39","slug":"thermo-cap-farinfrared-fir-gr-h8272y","status":"publish","type":"product","link":"https:\/\/bike-express.ch\/de\/produit\/thermo-cap-farinfrared-fir-gr-h8272y\/","title":{"rendered":"Casquette Thermo FarInfraRed FIR Gr.M"},"content":{"rendered":"<p>Casquette thermique FarInfraRed FIR taille M<br \/>\n &#8211; Bonnet d&#8217;hiver avec technologie FIR (Far InfraRed) qui garde ta t\u00eate bien au chaud sous le casque.<br \/>\n &#8211; La technologie Far InfraRed maintient le corps particuli\u00e8rement au chaud et confortable gr\u00e2ce \u00e0 un m\u00e9tabolisme et une microcirculation optimis\u00e9s.<br \/>\n &#8211; Excellente \u00e9vacuation de l&#8217;humidit\u00e9 et tissu \u00e0 s\u00e9chage rapide.<br \/>\n &#8211; La fabrication sans couture assure un ajustement confortable<\/p>\n","protected":false},"excerpt":{"rendered":"<p>Casquette thermique FarInfraRed FIR taille M &#8211; Bonnet d&#8217;hiver avec technologie FIR (Far InfraRed) qui garde ta t\u00eate bien au chaud sous le casque. &#8211; La technologie Far InfraRed maintient le corps particuli\u00e8rement au chaud et confortable gr\u00e2ce \u00e0 un m\u00e9tabolisme et une microcirculation optimis\u00e9s. &#8211; Excellente \u00e9vacuation de l&#8217;humidit\u00e9 et tissu \u00e0 s\u00e9chage rapide. [&#8230;]\n","protected":false},"featured_media":271193,"template":"","meta":[],"product_brand":[118187],"product_cat":[12092,117274,11847,116169],"product_tag":[],"class_list":{"0":"post-37558","1":"product","2":"type-product","3":"status-publish","4":"has-post-thumbnail","6":"product_brand-bbb","7":"product_cat-fahrrad-bekleidung-ausrustung-de","8":"product_cat-bonnets-echarpes","9":"product_cat-fahrrad-fahrradteile-de","10":"product_cat-vetements-et-equipements","12":"first","13":"instock","14":"taxable","15":"shipping-taxable","16":"purchasable","17":"product-type-simple"},"yoast_head":"<!-- This site is optimized with the Yoast SEO plugin v27.1.1 - https:\/\/yoast.com\/product\/yoast-seo-wordpress\/ -->\n<title>Casquette Thermo FarInfraRed FIR Gr.M - Bike Express<\/title>\n<meta name=\"robots\" content=\"index,follow\" \/>\n<link rel=\"canonical\" href=\"https:\/\/bike-express.ch\/de\/produit\/thermo-cap-farinfrared-fir-gr-h8272y\/\" \/>\n<meta property=\"og:locale\" content=\"de_DE\" \/>\n<meta property=\"og:type\" content=\"article\" \/>\n<meta property=\"og:title\" content=\"Casquette Thermo FarInfraRed FIR Gr.M - Bike Express\" \/>\n<meta property=\"og:description\" content=\"Casquette thermique FarInfraRed FIR taille M &#8211; Bonnet d&#8217;hiver avec technologie FIR (Far InfraRed) qui garde ta t\u00eate bien au chaud sous le casque. &#8211; La technologie Far InfraRed maintient le corps particuli\u00e8rement au chaud et confortable gr\u00e2ce \u00e0 un m\u00e9tabolisme et une microcirculation optimis\u00e9s. &#8211; Excellente \u00e9vacuation de l&#8217;humidit\u00e9 et tissu \u00e0 s\u00e9chage rapide. [...]\" \/>\n<meta property=\"og:url\" content=\"https:\/\/bike-express.ch\/de\/produit\/thermo-cap-farinfrared-fir-gr-h8272y\/\" \/>\n<meta property=\"og:site_name\" content=\"Bike Express\" \/>\n<meta property=\"article:modified_time\" content=\"2024-08-22T08:29:39+00:00\" \/>\n<meta property=\"og:image\" content=\"https:\/\/bike-express.ch\/wp-content\/uploads\/2022\/02\/H8272Y.jpg\" \/>\n\t<meta property=\"og:image:width\" content=\"800\" \/>\n\t<meta property=\"og:image:height\" content=\"800\" \/>\n\t<meta property=\"og:image:type\" content=\"image\/jpeg\" \/>\n<meta name=\"twitter:card\" content=\"summary_large_image\" \/>\n<script type=\"application\/ld+json\" class=\"yoast-schema-graph\">{\"@context\":\"https:\/\/schema.org\",\"@graph\":[{\"@type\":\"WebPage\",\"@id\":\"https:\/\/bike-express.ch\/de\/produit\/thermo-cap-farinfrared-fir-gr-h8272y\/\",\"url\":\"https:\/\/bike-express.ch\/de\/produit\/thermo-cap-farinfrared-fir-gr-h8272y\/\",\"name\":\"Casquette Thermo FarInfraRed FIR Gr.M - Bike Express\",\"isPartOf\":{\"@id\":\"https:\/\/bike-express.ch\/de\/#website\"},\"primaryImageOfPage\":{\"@id\":\"https:\/\/bike-express.ch\/de\/produit\/thermo-cap-farinfrared-fir-gr-h8272y\/#primaryimage\"},\"image\":{\"@id\":\"https:\/\/bike-express.ch\/de\/produit\/thermo-cap-farinfrared-fir-gr-h8272y\/#primaryimage\"},\"thumbnailUrl\":\"https:\/\/bike-express.ch\/wp-content\/uploads\/2024\/08\/H8272Y.jpg\",\"datePublished\":\"2022-01-31T14:02:09+00:00\",\"dateModified\":\"2024-08-22T08:29:39+00:00\",\"breadcrumb\":{\"@id\":\"https:\/\/bike-express.ch\/de\/produit\/thermo-cap-farinfrared-fir-gr-h8272y\/#breadcrumb\"},\"inLanguage\":\"de\",\"potentialAction\":[{\"@type\":\"ReadAction\",\"target\":[\"https:\/\/bike-express.ch\/de\/produit\/thermo-cap-farinfrared-fir-gr-h8272y\/\"]}]},{\"@type\":\"ImageObject\",\"inLanguage\":\"de\",\"@id\":\"https:\/\/bike-express.ch\/de\/produit\/thermo-cap-farinfrared-fir-gr-h8272y\/#primaryimage\",\"url\":\"https:\/\/bike-express.ch\/wp-content\/uploads\/2024\/08\/H8272Y.jpg\",\"contentUrl\":\"https:\/\/bike-express.ch\/wp-content\/uploads\/2024\/08\/H8272Y.jpg\",\"width\":800,\"height\":800},{\"@type\":\"BreadcrumbList\",\"@id\":\"https:\/\/bike-express.ch\/de\/produit\/thermo-cap-farinfrared-fir-gr-h8272y\/#breadcrumb\",\"itemListElement\":[{\"@type\":\"ListItem\",\"position\":1,\"name\":\"Accueil\",\"item\":\"https:\/\/bike-express.ch\/de\/\"},{\"@type\":\"ListItem\",\"position\":2,\"name\":\"Unsere Produkte\",\"item\":\"https:\/\/bike-express.ch\/de\/unsere-produkte\/\"},{\"@type\":\"ListItem\",\"position\":3,\"name\":\"Bekleidung &amp; Ausr\u00fcstung\",\"item\":\"https:\/\/bike-express.ch\/de\/categorie-produit\/fahrrad-bekleidung-ausrustung-de\/\"},{\"@type\":\"ListItem\",\"position\":4,\"name\":\"Bekleidung\",\"item\":\"https:\/\/bike-express.ch\/de\/categorie-produit\/fahrrad-bekleidung-ausrustung-de\/fahrrad-bekle-bekleidung-de\/\"},{\"@type\":\"ListItem\",\"position\":5,\"name\":\"Casquette Thermo FarInfraRed FIR Gr.M\"}]},{\"@type\":\"WebSite\",\"@id\":\"https:\/\/bike-express.ch\/de\/#website\",\"url\":\"https:\/\/bike-express.ch\/de\/\",\"name\":\"Bike Express\",\"description\":\"Num\u00e9ro 1 des pi\u00e8ces de v\u00e9los en Suisse\",\"potentialAction\":[{\"@type\":\"SearchAction\",\"target\":{\"@type\":\"EntryPoint\",\"urlTemplate\":\"https:\/\/bike-express.ch\/de\/?s={search_term_string}\"},\"query-input\":{\"@type\":\"PropertyValueSpecification\",\"valueRequired\":true,\"valueName\":\"search_term_string\"}}],\"inLanguage\":\"de\"}]}<\/script>\n<!-- \/ Yoast SEO plugin. -->","yoast_head_json":{"title":"Casquette Thermo FarInfraRed FIR Gr.M - Bike Express","robots":{"index,follow":"index,follow"},"canonical":"https:\/\/bike-express.ch\/de\/produit\/thermo-cap-farinfrared-fir-gr-h8272y\/","og_locale":"de_DE","og_type":"article","og_title":"Casquette Thermo FarInfraRed FIR Gr.M - Bike Express","og_description":"Casquette thermique FarInfraRed FIR taille M &#8211; Bonnet d&#8217;hiver avec technologie FIR (Far InfraRed) qui garde ta t\u00eate bien au chaud sous le casque. &#8211; La technologie Far InfraRed maintient le corps particuli\u00e8rement au chaud et confortable gr\u00e2ce \u00e0 un m\u00e9tabolisme et une microcirculation optimis\u00e9s. &#8211; Excellente \u00e9vacuation de l&#8217;humidit\u00e9 et tissu \u00e0 s\u00e9chage rapide. [...]","og_url":"https:\/\/bike-express.ch\/de\/produit\/thermo-cap-farinfrared-fir-gr-h8272y\/","og_site_name":"Bike Express","article_modified_time":"2024-08-22T08:29:39+00:00","og_image":[{"width":800,"height":800,"url":"https:\/\/bike-express.ch\/wp-content\/uploads\/2022\/02\/H8272Y.jpg","type":"image\/jpeg"}],"twitter_card":"summary_large_image","schema":{"@context":"https:\/\/schema.org","@graph":[{"@type":"WebPage","@id":"https:\/\/bike-express.ch\/de\/produit\/thermo-cap-farinfrared-fir-gr-h8272y\/","url":"https:\/\/bike-express.ch\/de\/produit\/thermo-cap-farinfrared-fir-gr-h8272y\/","name":"Casquette Thermo FarInfraRed FIR Gr.M - Bike Express","isPartOf":{"@id":"https:\/\/bike-express.ch\/de\/#website"},"primaryImageOfPage":{"@id":"https:\/\/bike-express.ch\/de\/produit\/thermo-cap-farinfrared-fir-gr-h8272y\/#primaryimage"},"image":{"@id":"https:\/\/bike-express.ch\/de\/produit\/thermo-cap-farinfrared-fir-gr-h8272y\/#primaryimage"},"thumbnailUrl":"https:\/\/bike-express.ch\/wp-content\/uploads\/2024\/08\/H8272Y.jpg","datePublished":"2022-01-31T14:02:09+00:00","dateModified":"2024-08-22T08:29:39+00:00","breadcrumb":{"@id":"https:\/\/bike-express.ch\/de\/produit\/thermo-cap-farinfrared-fir-gr-h8272y\/#breadcrumb"},"inLanguage":"de","potentialAction":[{"@type":"ReadAction","target":["https:\/\/bike-express.ch\/de\/produit\/thermo-cap-farinfrared-fir-gr-h8272y\/"]}]},{"@type":"ImageObject","inLanguage":"de","@id":"https:\/\/bike-express.ch\/de\/produit\/thermo-cap-farinfrared-fir-gr-h8272y\/#primaryimage","url":"https:\/\/bike-express.ch\/wp-content\/uploads\/2024\/08\/H8272Y.jpg","contentUrl":"https:\/\/bike-express.ch\/wp-content\/uploads\/2024\/08\/H8272Y.jpg","width":800,"height":800},{"@type":"BreadcrumbList","@id":"https:\/\/bike-express.ch\/de\/produit\/thermo-cap-farinfrared-fir-gr-h8272y\/#breadcrumb","itemListElement":[{"@type":"ListItem","position":1,"name":"Accueil","item":"https:\/\/bike-express.ch\/de\/"},{"@type":"ListItem","position":2,"name":"Unsere Produkte","item":"https:\/\/bike-express.ch\/de\/unsere-produkte\/"},{"@type":"ListItem","position":3,"name":"Bekleidung &amp; Ausr\u00fcstung","item":"https:\/\/bike-express.ch\/de\/categorie-produit\/fahrrad-bekleidung-ausrustung-de\/"},{"@type":"ListItem","position":4,"name":"Bekleidung","item":"https:\/\/bike-express.ch\/de\/categorie-produit\/fahrrad-bekleidung-ausrustung-de\/fahrrad-bekle-bekleidung-de\/"},{"@type":"ListItem","position":5,"name":"Casquette Thermo FarInfraRed FIR Gr.M"}]},{"@type":"WebSite","@id":"https:\/\/bike-express.ch\/de\/#website","url":"https:\/\/bike-express.ch\/de\/","name":"Bike Express","description":"Num\u00e9ro 1 des pi\u00e8ces de v\u00e9los en Suisse","potentialAction":[{"@type":"SearchAction","target":{"@type":"EntryPoint","urlTemplate":"https:\/\/bike-express.ch\/de\/?s={search_term_string}"},"query-input":{"@type":"PropertyValueSpecification","valueRequired":true,"valueName":"search_term_string"}}],"inLanguage":"de"}]}},"_links":{"self":[{"href":"https:\/\/bike-express.ch\/de\/wp-json\/wp\/v2\/product\/37558","targetHints":{"allow":["GET"]}}],"collection":[{"href":"https:\/\/bike-express.ch\/de\/wp-json\/wp\/v2\/product"}],"about":[{"href":"https:\/\/bike-express.ch\/de\/wp-json\/wp\/v2\/types\/product"}],"wp:featuredmedia":[{"embeddable":true,"href":"https:\/\/bike-express.ch\/de\/wp-json\/wp\/v2\/media\/271193"}],"wp:attachment":[{"href":"https:\/\/bike-express.ch\/de\/wp-json\/wp\/v2\/media?parent=37558"}],"wp:term":[{"taxonomy":"product_brand","embeddable":true,"href":"https:\/\/bike-express.ch\/de\/wp-json\/wp\/v2\/product_brand?post=37558"},{"taxonomy":"product_cat","embeddable":true,"href":"https:\/\/bike-express.ch\/de\/wp-json\/wp\/v2\/product_cat?post=37558"},{"taxonomy":"product_tag","embeddable":true,"href":"https:\/\/bike-express.ch\/de\/wp-json\/wp\/v2\/product_tag?post=37558"}],"curies":[{"name":"wp","href":"https:\/\/api.w.org\/{rel}","templated":true}]}}