{"id":37656,"date":"2022-01-31T15:03:27","date_gmt":"2022-01-31T14:03:27","guid":{"rendered":"https:\/\/test1.bike-express.ch\/new\/produit\/wintersocke-firfeet-schwarz-ro-h8236n\/"},"modified":"2024-08-22T10:31:33","modified_gmt":"2024-08-22T08:31:33","slug":"wintersocke-firfeet-schwarz-ro-h8236n","status":"publish","type":"product","link":"https:\/\/bike-express.ch\/de\/produit\/wintersocke-firfeet-schwarz-ro-h8236n\/","title":{"rendered":"Chaussettes d&#8217;hiver FIRFeet noir-rouge 35-38 Technologie FarInfraRed pour des pieds chauds"},"content":{"rendered":"<p>Chaussettes d&#8217;hiver FIRFeet noir-rouge 35-38 Technologie FarInfraRed pour des pieds chauds<br \/>\n Chaussette anatomique avec technologie Far-InfraRed pour les conditions climatiques froides.Semelle : avec isolation thermique suppl\u00e9mentaire gr\u00e2ce \u00e0 la technologie Far-InfraRed.La technologie Far-InfraRed (FIR) maintient les pieds au chaud et est exceptionnellement confortable en am\u00e9liorant le m\u00e9tabolisme et la microcirculation dans le corps.Construction sans couture au niveau des orteils.Structure ouverte sur le dessus permettant l&#8217;\u00e9vaporation facile de l&#8217;humidit\u00e9 en exc\u00e8s.Zone de flexion flexible \u00e9vitant les plis.<\/p>\n","protected":false},"excerpt":{"rendered":"<p>Chaussettes d&#8217;hiver FIRFeet noir-rouge 35-38 Technologie FarInfraRed pour des pieds chauds Chaussette anatomique avec technologie Far-InfraRed pour les conditions climatiques froides.Semelle : avec isolation thermique suppl\u00e9mentaire gr\u00e2ce \u00e0 la technologie Far-InfraRed.La technologie Far-InfraRed (FIR) maintient les pieds au chaud et est exceptionnellement confortable en am\u00e9liorant le m\u00e9tabolisme et la microcirculation dans le corps.Construction sans couture [&#8230;]\n","protected":false},"featured_media":271301,"template":"","meta":[],"product_brand":[118187],"product_cat":[12092,115614,11847,116169],"product_tag":[],"class_list":{"0":"post-37656","1":"product","2":"type-product","3":"status-publish","4":"has-post-thumbnail","6":"product_brand-bbb","7":"product_cat-fahrrad-bekleidung-ausrustung-de","8":"product_cat-chaussettes","9":"product_cat-fahrrad-fahrradteile-de","10":"product_cat-vetements-et-equipements","12":"first","13":"instock","14":"taxable","15":"shipping-taxable","16":"purchasable","17":"product-type-simple"},"yoast_head":"<!-- This site is optimized with the Yoast SEO plugin v27.1.1 - https:\/\/yoast.com\/product\/yoast-seo-wordpress\/ -->\n<title>Chaussettes d&#8217;hiver FIRFeet noir-rouge 35-38 Technologie FarInfraRed pour des pieds chauds - Bike Express<\/title>\n<meta name=\"robots\" content=\"index,follow\" \/>\n<link rel=\"canonical\" href=\"https:\/\/bike-express.ch\/de\/produit\/wintersocke-firfeet-schwarz-ro-h8236n\/\" \/>\n<meta property=\"og:locale\" content=\"de_DE\" \/>\n<meta property=\"og:type\" content=\"article\" \/>\n<meta property=\"og:title\" content=\"Chaussettes d&#8217;hiver FIRFeet noir-rouge 35-38 Technologie FarInfraRed pour des pieds chauds - Bike Express\" \/>\n<meta property=\"og:description\" content=\"Chaussettes d&#8217;hiver FIRFeet noir-rouge 35-38 Technologie FarInfraRed pour des pieds chauds Chaussette anatomique avec technologie Far-InfraRed pour les conditions climatiques froides.Semelle : avec isolation thermique suppl\u00e9mentaire gr\u00e2ce \u00e0 la technologie Far-InfraRed.La technologie Far-InfraRed (FIR) maintient les pieds au chaud et est exceptionnellement confortable en am\u00e9liorant le m\u00e9tabolisme et la microcirculation dans le corps.Construction sans couture [...]\" \/>\n<meta property=\"og:url\" content=\"https:\/\/bike-express.ch\/de\/produit\/wintersocke-firfeet-schwarz-ro-h8236n\/\" \/>\n<meta property=\"og:site_name\" content=\"Bike Express\" \/>\n<meta property=\"article:modified_time\" content=\"2024-08-22T08:31:33+00:00\" \/>\n<meta property=\"og:image\" content=\"https:\/\/bike-express.ch\/wp-content\/uploads\/2022\/02\/H8236N.jpg\" \/>\n\t<meta property=\"og:image:width\" content=\"800\" \/>\n\t<meta property=\"og:image:height\" content=\"800\" \/>\n\t<meta property=\"og:image:type\" content=\"image\/jpeg\" \/>\n<meta name=\"twitter:card\" content=\"summary_large_image\" \/>\n<script type=\"application\/ld+json\" class=\"yoast-schema-graph\">{\"@context\":\"https:\/\/schema.org\",\"@graph\":[{\"@type\":\"WebPage\",\"@id\":\"https:\/\/bike-express.ch\/de\/produit\/wintersocke-firfeet-schwarz-ro-h8236n\/\",\"url\":\"https:\/\/bike-express.ch\/de\/produit\/wintersocke-firfeet-schwarz-ro-h8236n\/\",\"name\":\"Chaussettes d&#8217;hiver FIRFeet noir-rouge 35-38 Technologie FarInfraRed pour des pieds chauds - Bike Express\",\"isPartOf\":{\"@id\":\"https:\/\/bike-express.ch\/de\/#website\"},\"primaryImageOfPage\":{\"@id\":\"https:\/\/bike-express.ch\/de\/produit\/wintersocke-firfeet-schwarz-ro-h8236n\/#primaryimage\"},\"image\":{\"@id\":\"https:\/\/bike-express.ch\/de\/produit\/wintersocke-firfeet-schwarz-ro-h8236n\/#primaryimage\"},\"thumbnailUrl\":\"https:\/\/bike-express.ch\/wp-content\/uploads\/2024\/08\/H8236N.jpg\",\"datePublished\":\"2022-01-31T14:03:27+00:00\",\"dateModified\":\"2024-08-22T08:31:33+00:00\",\"breadcrumb\":{\"@id\":\"https:\/\/bike-express.ch\/de\/produit\/wintersocke-firfeet-schwarz-ro-h8236n\/#breadcrumb\"},\"inLanguage\":\"de\",\"potentialAction\":[{\"@type\":\"ReadAction\",\"target\":[\"https:\/\/bike-express.ch\/de\/produit\/wintersocke-firfeet-schwarz-ro-h8236n\/\"]}]},{\"@type\":\"ImageObject\",\"inLanguage\":\"de\",\"@id\":\"https:\/\/bike-express.ch\/de\/produit\/wintersocke-firfeet-schwarz-ro-h8236n\/#primaryimage\",\"url\":\"https:\/\/bike-express.ch\/wp-content\/uploads\/2024\/08\/H8236N.jpg\",\"contentUrl\":\"https:\/\/bike-express.ch\/wp-content\/uploads\/2024\/08\/H8236N.jpg\",\"width\":800,\"height\":800},{\"@type\":\"BreadcrumbList\",\"@id\":\"https:\/\/bike-express.ch\/de\/produit\/wintersocke-firfeet-schwarz-ro-h8236n\/#breadcrumb\",\"itemListElement\":[{\"@type\":\"ListItem\",\"position\":1,\"name\":\"Accueil\",\"item\":\"https:\/\/bike-express.ch\/de\/\"},{\"@type\":\"ListItem\",\"position\":2,\"name\":\"Unsere Produkte\",\"item\":\"https:\/\/bike-express.ch\/de\/unsere-produkte\/\"},{\"@type\":\"ListItem\",\"position\":3,\"name\":\"Bekleidung &amp; Ausr\u00fcstung\",\"item\":\"https:\/\/bike-express.ch\/de\/categorie-produit\/fahrrad-bekleidung-ausrustung-de\/\"},{\"@type\":\"ListItem\",\"position\":4,\"name\":\"Bekleidung\",\"item\":\"https:\/\/bike-express.ch\/de\/categorie-produit\/fahrrad-bekleidung-ausrustung-de\/fahrrad-bekle-bekleidung-de\/\"},{\"@type\":\"ListItem\",\"position\":5,\"name\":\"Chaussettes d&#8217;hiver FIRFeet noir-rouge 35-38 Technologie FarInfraRed pour des pieds chauds\"}]},{\"@type\":\"WebSite\",\"@id\":\"https:\/\/bike-express.ch\/de\/#website\",\"url\":\"https:\/\/bike-express.ch\/de\/\",\"name\":\"Bike Express\",\"description\":\"Num\u00e9ro 1 des pi\u00e8ces de v\u00e9los en Suisse\",\"potentialAction\":[{\"@type\":\"SearchAction\",\"target\":{\"@type\":\"EntryPoint\",\"urlTemplate\":\"https:\/\/bike-express.ch\/de\/?s={search_term_string}\"},\"query-input\":{\"@type\":\"PropertyValueSpecification\",\"valueRequired\":true,\"valueName\":\"search_term_string\"}}],\"inLanguage\":\"de\"}]}<\/script>\n<!-- \/ Yoast SEO plugin. -->","yoast_head_json":{"title":"Chaussettes d&#8217;hiver FIRFeet noir-rouge 35-38 Technologie FarInfraRed pour des pieds chauds - Bike Express","robots":{"index,follow":"index,follow"},"canonical":"https:\/\/bike-express.ch\/de\/produit\/wintersocke-firfeet-schwarz-ro-h8236n\/","og_locale":"de_DE","og_type":"article","og_title":"Chaussettes d&#8217;hiver FIRFeet noir-rouge 35-38 Technologie FarInfraRed pour des pieds chauds - Bike Express","og_description":"Chaussettes d&#8217;hiver FIRFeet noir-rouge 35-38 Technologie FarInfraRed pour des pieds chauds Chaussette anatomique avec technologie Far-InfraRed pour les conditions climatiques froides.Semelle : avec isolation thermique suppl\u00e9mentaire gr\u00e2ce \u00e0 la technologie Far-InfraRed.La technologie Far-InfraRed (FIR) maintient les pieds au chaud et est exceptionnellement confortable en am\u00e9liorant le m\u00e9tabolisme et la microcirculation dans le corps.Construction sans couture [...]","og_url":"https:\/\/bike-express.ch\/de\/produit\/wintersocke-firfeet-schwarz-ro-h8236n\/","og_site_name":"Bike Express","article_modified_time":"2024-08-22T08:31:33+00:00","og_image":[{"width":800,"height":800,"url":"https:\/\/bike-express.ch\/wp-content\/uploads\/2022\/02\/H8236N.jpg","type":"image\/jpeg"}],"twitter_card":"summary_large_image","schema":{"@context":"https:\/\/schema.org","@graph":[{"@type":"WebPage","@id":"https:\/\/bike-express.ch\/de\/produit\/wintersocke-firfeet-schwarz-ro-h8236n\/","url":"https:\/\/bike-express.ch\/de\/produit\/wintersocke-firfeet-schwarz-ro-h8236n\/","name":"Chaussettes d&#8217;hiver FIRFeet noir-rouge 35-38 Technologie FarInfraRed pour des pieds chauds - Bike Express","isPartOf":{"@id":"https:\/\/bike-express.ch\/de\/#website"},"primaryImageOfPage":{"@id":"https:\/\/bike-express.ch\/de\/produit\/wintersocke-firfeet-schwarz-ro-h8236n\/#primaryimage"},"image":{"@id":"https:\/\/bike-express.ch\/de\/produit\/wintersocke-firfeet-schwarz-ro-h8236n\/#primaryimage"},"thumbnailUrl":"https:\/\/bike-express.ch\/wp-content\/uploads\/2024\/08\/H8236N.jpg","datePublished":"2022-01-31T14:03:27+00:00","dateModified":"2024-08-22T08:31:33+00:00","breadcrumb":{"@id":"https:\/\/bike-express.ch\/de\/produit\/wintersocke-firfeet-schwarz-ro-h8236n\/#breadcrumb"},"inLanguage":"de","potentialAction":[{"@type":"ReadAction","target":["https:\/\/bike-express.ch\/de\/produit\/wintersocke-firfeet-schwarz-ro-h8236n\/"]}]},{"@type":"ImageObject","inLanguage":"de","@id":"https:\/\/bike-express.ch\/de\/produit\/wintersocke-firfeet-schwarz-ro-h8236n\/#primaryimage","url":"https:\/\/bike-express.ch\/wp-content\/uploads\/2024\/08\/H8236N.jpg","contentUrl":"https:\/\/bike-express.ch\/wp-content\/uploads\/2024\/08\/H8236N.jpg","width":800,"height":800},{"@type":"BreadcrumbList","@id":"https:\/\/bike-express.ch\/de\/produit\/wintersocke-firfeet-schwarz-ro-h8236n\/#breadcrumb","itemListElement":[{"@type":"ListItem","position":1,"name":"Accueil","item":"https:\/\/bike-express.ch\/de\/"},{"@type":"ListItem","position":2,"name":"Unsere Produkte","item":"https:\/\/bike-express.ch\/de\/unsere-produkte\/"},{"@type":"ListItem","position":3,"name":"Bekleidung &amp; Ausr\u00fcstung","item":"https:\/\/bike-express.ch\/de\/categorie-produit\/fahrrad-bekleidung-ausrustung-de\/"},{"@type":"ListItem","position":4,"name":"Bekleidung","item":"https:\/\/bike-express.ch\/de\/categorie-produit\/fahrrad-bekleidung-ausrustung-de\/fahrrad-bekle-bekleidung-de\/"},{"@type":"ListItem","position":5,"name":"Chaussettes d&#8217;hiver FIRFeet noir-rouge 35-38 Technologie FarInfraRed pour des pieds chauds"}]},{"@type":"WebSite","@id":"https:\/\/bike-express.ch\/de\/#website","url":"https:\/\/bike-express.ch\/de\/","name":"Bike Express","description":"Num\u00e9ro 1 des pi\u00e8ces de v\u00e9los en Suisse","potentialAction":[{"@type":"SearchAction","target":{"@type":"EntryPoint","urlTemplate":"https:\/\/bike-express.ch\/de\/?s={search_term_string}"},"query-input":{"@type":"PropertyValueSpecification","valueRequired":true,"valueName":"search_term_string"}}],"inLanguage":"de"}]}},"_links":{"self":[{"href":"https:\/\/bike-express.ch\/de\/wp-json\/wp\/v2\/product\/37656","targetHints":{"allow":["GET"]}}],"collection":[{"href":"https:\/\/bike-express.ch\/de\/wp-json\/wp\/v2\/product"}],"about":[{"href":"https:\/\/bike-express.ch\/de\/wp-json\/wp\/v2\/types\/product"}],"wp:featuredmedia":[{"embeddable":true,"href":"https:\/\/bike-express.ch\/de\/wp-json\/wp\/v2\/media\/271301"}],"wp:attachment":[{"href":"https:\/\/bike-express.ch\/de\/wp-json\/wp\/v2\/media?parent=37656"}],"wp:term":[{"taxonomy":"product_brand","embeddable":true,"href":"https:\/\/bike-express.ch\/de\/wp-json\/wp\/v2\/product_brand?post=37656"},{"taxonomy":"product_cat","embeddable":true,"href":"https:\/\/bike-express.ch\/de\/wp-json\/wp\/v2\/product_cat?post=37656"},{"taxonomy":"product_tag","embeddable":true,"href":"https:\/\/bike-express.ch\/de\/wp-json\/wp\/v2\/product_tag?post=37656"}],"curies":[{"name":"wp","href":"https:\/\/api.w.org\/{rel}","templated":true}]}}