{"id":37666,"date":"2022-01-31T15:03:36","date_gmt":"2022-01-31T14:03:36","guid":{"rendered":"https:\/\/test1.bike-express.ch\/new\/produit\/uberschuhe-arcticduty-gr-41-4-h8279k\/"},"modified":"2024-08-17T13:43:06","modified_gmt":"2024-08-17T11:43:06","slug":"uberschuhe-arcticduty-gr-41-4-h8279k","status":"publish","type":"product","link":"https:\/\/bike-express.ch\/de\/produit\/uberschuhe-arcticduty-gr-41-4-h8279k\/","title":{"rendered":"\u00dcberschuhe ArcticDuty Gr.41\/43"},"content":{"rendered":"<p>\u00dcberschuhe ArcticDuty Gr.41\/43<\/p>\n","protected":false},"excerpt":{"rendered":"<p>\u00dcberschuhe ArcticDuty Gr.41\/43<\/p>\n","protected":false},"featured_media":232807,"template":"","meta":[],"product_brand":[118187],"product_cat":[12092,117265,11847,116169],"product_tag":[],"class_list":{"0":"post-37666","1":"product","2":"type-product","3":"status-publish","4":"has-post-thumbnail","6":"product_brand-bbb","7":"product_cat-fahrrad-bekleidung-ausrustung-de","8":"product_cat-couvre-chaussures","9":"product_cat-fahrrad-fahrradteile-de","10":"product_cat-vetements-et-equipements","12":"first","13":"instock","14":"taxable","15":"shipping-taxable","16":"purchasable","17":"product-type-simple"},"yoast_head":"<!-- This site is optimized with the Yoast SEO plugin v27.1.1 - https:\/\/yoast.com\/product\/yoast-seo-wordpress\/ -->\n<title>\u00dcberschuhe ArcticDuty Gr.41\/43 - Bike Express<\/title>\n<meta name=\"robots\" content=\"index,follow\" \/>\n<link rel=\"canonical\" href=\"https:\/\/bike-express.ch\/de\/produit\/uberschuhe-arcticduty-gr-41-4-h8279k\/\" \/>\n<meta property=\"og:locale\" content=\"de_DE\" \/>\n<meta property=\"og:type\" content=\"article\" \/>\n<meta property=\"og:title\" content=\"\u00dcberschuhe ArcticDuty Gr.41\/43 - Bike Express\" \/>\n<meta property=\"og:description\" content=\"\u00dcberschuhe ArcticDuty Gr.41\/43\" \/>\n<meta property=\"og:url\" content=\"https:\/\/bike-express.ch\/de\/produit\/uberschuhe-arcticduty-gr-41-4-h8279k\/\" \/>\n<meta property=\"og:site_name\" content=\"Bike Express\" \/>\n<meta property=\"article:modified_time\" content=\"2024-08-17T11:43:06+00:00\" \/>\n<meta name=\"twitter:card\" content=\"summary_large_image\" \/>\n<script type=\"application\/ld+json\" class=\"yoast-schema-graph\">{\"@context\":\"https:\/\/schema.org\",\"@graph\":[{\"@type\":\"WebPage\",\"@id\":\"https:\/\/bike-express.ch\/de\/produit\/uberschuhe-arcticduty-gr-41-4-h8279k\/\",\"url\":\"https:\/\/bike-express.ch\/de\/produit\/uberschuhe-arcticduty-gr-41-4-h8279k\/\",\"name\":\"\u00dcberschuhe ArcticDuty Gr.41\/43 - Bike Express\",\"isPartOf\":{\"@id\":\"https:\/\/bike-express.ch\/de\/#website\"},\"primaryImageOfPage\":{\"@id\":\"https:\/\/bike-express.ch\/de\/produit\/uberschuhe-arcticduty-gr-41-4-h8279k\/#primaryimage\"},\"image\":{\"@id\":\"https:\/\/bike-express.ch\/de\/produit\/uberschuhe-arcticduty-gr-41-4-h8279k\/#primaryimage\"},\"thumbnailUrl\":\"https:\/\/bike-express.ch\/wp-content\/uploads\/2024\/08\/H8279K.jpg\",\"datePublished\":\"2022-01-31T14:03:36+00:00\",\"dateModified\":\"2024-08-17T11:43:06+00:00\",\"breadcrumb\":{\"@id\":\"https:\/\/bike-express.ch\/de\/produit\/uberschuhe-arcticduty-gr-41-4-h8279k\/#breadcrumb\"},\"inLanguage\":\"de\",\"potentialAction\":[{\"@type\":\"ReadAction\",\"target\":[\"https:\/\/bike-express.ch\/de\/produit\/uberschuhe-arcticduty-gr-41-4-h8279k\/\"]}]},{\"@type\":\"ImageObject\",\"inLanguage\":\"de\",\"@id\":\"https:\/\/bike-express.ch\/de\/produit\/uberschuhe-arcticduty-gr-41-4-h8279k\/#primaryimage\",\"url\":\"https:\/\/bike-express.ch\/wp-content\/uploads\/2024\/08\/H8279K.jpg\",\"contentUrl\":\"https:\/\/bike-express.ch\/wp-content\/uploads\/2024\/08\/H8279K.jpg\",\"width\":1646,\"height\":1646},{\"@type\":\"BreadcrumbList\",\"@id\":\"https:\/\/bike-express.ch\/de\/produit\/uberschuhe-arcticduty-gr-41-4-h8279k\/#breadcrumb\",\"itemListElement\":[{\"@type\":\"ListItem\",\"position\":1,\"name\":\"Accueil\",\"item\":\"https:\/\/bike-express.ch\/de\/\"},{\"@type\":\"ListItem\",\"position\":2,\"name\":\"Unsere Produkte\",\"item\":\"https:\/\/bike-express.ch\/de\/unsere-produkte\/\"},{\"@type\":\"ListItem\",\"position\":3,\"name\":\"Bekleidung &amp; Ausr\u00fcstung\",\"item\":\"https:\/\/bike-express.ch\/de\/categorie-produit\/fahrrad-bekleidung-ausrustung-de\/\"},{\"@type\":\"ListItem\",\"position\":4,\"name\":\"Bekleidung\",\"item\":\"https:\/\/bike-express.ch\/de\/categorie-produit\/fahrrad-bekleidung-ausrustung-de\/fahrrad-bekle-bekleidung-de\/\"},{\"@type\":\"ListItem\",\"position\":5,\"name\":\"\u00dcberschuhe ArcticDuty Gr.41\/43\"}]},{\"@type\":\"WebSite\",\"@id\":\"https:\/\/bike-express.ch\/de\/#website\",\"url\":\"https:\/\/bike-express.ch\/de\/\",\"name\":\"Bike Express\",\"description\":\"Num\u00e9ro 1 des pi\u00e8ces de v\u00e9los en Suisse\",\"potentialAction\":[{\"@type\":\"SearchAction\",\"target\":{\"@type\":\"EntryPoint\",\"urlTemplate\":\"https:\/\/bike-express.ch\/de\/?s={search_term_string}\"},\"query-input\":{\"@type\":\"PropertyValueSpecification\",\"valueRequired\":true,\"valueName\":\"search_term_string\"}}],\"inLanguage\":\"de\"}]}<\/script>\n<!-- \/ Yoast SEO plugin. -->","yoast_head_json":{"title":"\u00dcberschuhe ArcticDuty Gr.41\/43 - Bike Express","robots":{"index,follow":"index,follow"},"canonical":"https:\/\/bike-express.ch\/de\/produit\/uberschuhe-arcticduty-gr-41-4-h8279k\/","og_locale":"de_DE","og_type":"article","og_title":"\u00dcberschuhe ArcticDuty Gr.41\/43 - Bike Express","og_description":"\u00dcberschuhe ArcticDuty Gr.41\/43","og_url":"https:\/\/bike-express.ch\/de\/produit\/uberschuhe-arcticduty-gr-41-4-h8279k\/","og_site_name":"Bike Express","article_modified_time":"2024-08-17T11:43:06+00:00","twitter_card":"summary_large_image","schema":{"@context":"https:\/\/schema.org","@graph":[{"@type":"WebPage","@id":"https:\/\/bike-express.ch\/de\/produit\/uberschuhe-arcticduty-gr-41-4-h8279k\/","url":"https:\/\/bike-express.ch\/de\/produit\/uberschuhe-arcticduty-gr-41-4-h8279k\/","name":"\u00dcberschuhe ArcticDuty Gr.41\/43 - Bike Express","isPartOf":{"@id":"https:\/\/bike-express.ch\/de\/#website"},"primaryImageOfPage":{"@id":"https:\/\/bike-express.ch\/de\/produit\/uberschuhe-arcticduty-gr-41-4-h8279k\/#primaryimage"},"image":{"@id":"https:\/\/bike-express.ch\/de\/produit\/uberschuhe-arcticduty-gr-41-4-h8279k\/#primaryimage"},"thumbnailUrl":"https:\/\/bike-express.ch\/wp-content\/uploads\/2024\/08\/H8279K.jpg","datePublished":"2022-01-31T14:03:36+00:00","dateModified":"2024-08-17T11:43:06+00:00","breadcrumb":{"@id":"https:\/\/bike-express.ch\/de\/produit\/uberschuhe-arcticduty-gr-41-4-h8279k\/#breadcrumb"},"inLanguage":"de","potentialAction":[{"@type":"ReadAction","target":["https:\/\/bike-express.ch\/de\/produit\/uberschuhe-arcticduty-gr-41-4-h8279k\/"]}]},{"@type":"ImageObject","inLanguage":"de","@id":"https:\/\/bike-express.ch\/de\/produit\/uberschuhe-arcticduty-gr-41-4-h8279k\/#primaryimage","url":"https:\/\/bike-express.ch\/wp-content\/uploads\/2024\/08\/H8279K.jpg","contentUrl":"https:\/\/bike-express.ch\/wp-content\/uploads\/2024\/08\/H8279K.jpg","width":1646,"height":1646},{"@type":"BreadcrumbList","@id":"https:\/\/bike-express.ch\/de\/produit\/uberschuhe-arcticduty-gr-41-4-h8279k\/#breadcrumb","itemListElement":[{"@type":"ListItem","position":1,"name":"Accueil","item":"https:\/\/bike-express.ch\/de\/"},{"@type":"ListItem","position":2,"name":"Unsere Produkte","item":"https:\/\/bike-express.ch\/de\/unsere-produkte\/"},{"@type":"ListItem","position":3,"name":"Bekleidung &amp; Ausr\u00fcstung","item":"https:\/\/bike-express.ch\/de\/categorie-produit\/fahrrad-bekleidung-ausrustung-de\/"},{"@type":"ListItem","position":4,"name":"Bekleidung","item":"https:\/\/bike-express.ch\/de\/categorie-produit\/fahrrad-bekleidung-ausrustung-de\/fahrrad-bekle-bekleidung-de\/"},{"@type":"ListItem","position":5,"name":"\u00dcberschuhe ArcticDuty Gr.41\/43"}]},{"@type":"WebSite","@id":"https:\/\/bike-express.ch\/de\/#website","url":"https:\/\/bike-express.ch\/de\/","name":"Bike Express","description":"Num\u00e9ro 1 des pi\u00e8ces de v\u00e9los en Suisse","potentialAction":[{"@type":"SearchAction","target":{"@type":"EntryPoint","urlTemplate":"https:\/\/bike-express.ch\/de\/?s={search_term_string}"},"query-input":{"@type":"PropertyValueSpecification","valueRequired":true,"valueName":"search_term_string"}}],"inLanguage":"de"}]}},"_links":{"self":[{"href":"https:\/\/bike-express.ch\/de\/wp-json\/wp\/v2\/product\/37666","targetHints":{"allow":["GET"]}}],"collection":[{"href":"https:\/\/bike-express.ch\/de\/wp-json\/wp\/v2\/product"}],"about":[{"href":"https:\/\/bike-express.ch\/de\/wp-json\/wp\/v2\/types\/product"}],"wp:featuredmedia":[{"embeddable":true,"href":"https:\/\/bike-express.ch\/de\/wp-json\/wp\/v2\/media\/232807"}],"wp:attachment":[{"href":"https:\/\/bike-express.ch\/de\/wp-json\/wp\/v2\/media?parent=37666"}],"wp:term":[{"taxonomy":"product_brand","embeddable":true,"href":"https:\/\/bike-express.ch\/de\/wp-json\/wp\/v2\/product_brand?post=37666"},{"taxonomy":"product_cat","embeddable":true,"href":"https:\/\/bike-express.ch\/de\/wp-json\/wp\/v2\/product_cat?post=37666"},{"taxonomy":"product_tag","embeddable":true,"href":"https:\/\/bike-express.ch\/de\/wp-json\/wp\/v2\/product_tag?post=37666"}],"curies":[{"name":"wp","href":"https:\/\/api.w.org\/{rel}","templated":true}]}}