{"id":37672,"date":"2022-01-31T15:03:41","date_gmt":"2022-01-31T14:03:41","guid":{"rendered":"https:\/\/test1.bike-express.ch\/new\/produit\/waterflex-3-0-schwarz-39-40-h8266r\/"},"modified":"2022-08-10T16:42:21","modified_gmt":"2022-08-10T14:42:21","slug":"waterflex-3-0-schwarz-39-40-h8266r","status":"publish","type":"product","link":"https:\/\/bike-express.ch\/de\/produit\/waterflex-3-0-schwarz-39-40-h8266r\/","title":{"rendered":"WaterFlex 3.0 noir 39-40"},"content":{"rendered":"<p>WaterFlex 3.0 noir 39-40<br \/>\n Con\u00e7ue pour offrir la meilleure protection contre la pluie. Mat\u00e9riau WaterFlex, caoutchouc polyur\u00e9thane (PU) \u00e0 l&#8217;ext\u00e9rieur avec microfibre polaire \u00e0 l&#8217;int\u00e9rieur. R\u00e9sistant \u00e0 l&#8217;eau, flexible et durable. Une bande Velcro de 38 mm de large permet d&#8217;utiliser ces couvre-chaussures pour les patins (en ligne). Toutes les coutures sont recouvertes \u00e0 l&#8217;int\u00e9rieur d&#8217;une bande imperm\u00e9able. Deux parties renforc\u00e9es entre la semelle et la fermeture \u00e9clair ainsi qu&#8217;\u00e0 l&#8217;avant. Fermeture \u00e0 glissi\u00e8re YKK de qualit\u00e9 industrielle.<\/p>\n","protected":false},"excerpt":{"rendered":"<p>WaterFlex 3.0 noir 39-40 Con\u00e7ue pour offrir la meilleure protection contre la pluie. Mat\u00e9riau WaterFlex, caoutchouc polyur\u00e9thane (PU) \u00e0 l&#8217;ext\u00e9rieur avec microfibre polaire \u00e0 l&#8217;int\u00e9rieur. R\u00e9sistant \u00e0 l&#8217;eau, flexible et durable. Une bande Velcro de 38 mm de large permet d&#8217;utiliser ces couvre-chaussures pour les patins (en ligne). Toutes les coutures sont recouvertes \u00e0 l&#8217;int\u00e9rieur [&#8230;]\n","protected":false},"featured_media":270780,"template":"","meta":[],"product_brand":[118187],"product_cat":[12092,117265,11847,116169],"product_tag":[],"class_list":{"0":"post-37672","1":"product","2":"type-product","3":"status-publish","4":"has-post-thumbnail","6":"product_brand-bbb","7":"product_cat-fahrrad-bekleidung-ausrustung-de","8":"product_cat-couvre-chaussures","9":"product_cat-fahrrad-fahrradteile-de","10":"product_cat-vetements-et-equipements","12":"first","13":"instock","14":"taxable","15":"shipping-taxable","16":"purchasable","17":"product-type-simple"},"yoast_head":"<!-- This site is optimized with the Yoast SEO plugin v27.1.1 - https:\/\/yoast.com\/product\/yoast-seo-wordpress\/ -->\n<title>WaterFlex 3.0 noir 39-40 - Bike Express<\/title>\n<meta name=\"robots\" content=\"index,follow\" \/>\n<link rel=\"canonical\" href=\"https:\/\/bike-express.ch\/de\/produit\/waterflex-3-0-schwarz-39-40-h8266r\/\" \/>\n<meta property=\"og:locale\" content=\"de_DE\" \/>\n<meta property=\"og:type\" content=\"article\" \/>\n<meta property=\"og:title\" content=\"WaterFlex 3.0 noir 39-40 - Bike Express\" \/>\n<meta property=\"og:description\" content=\"WaterFlex 3.0 noir 39-40 Con\u00e7ue pour offrir la meilleure protection contre la pluie. Mat\u00e9riau WaterFlex, caoutchouc polyur\u00e9thane (PU) \u00e0 l&#8217;ext\u00e9rieur avec microfibre polaire \u00e0 l&#8217;int\u00e9rieur. R\u00e9sistant \u00e0 l&#8217;eau, flexible et durable. Une bande Velcro de 38 mm de large permet d&#8217;utiliser ces couvre-chaussures pour les patins (en ligne). Toutes les coutures sont recouvertes \u00e0 l&#8217;int\u00e9rieur [...]\" \/>\n<meta property=\"og:url\" content=\"https:\/\/bike-express.ch\/de\/produit\/waterflex-3-0-schwarz-39-40-h8266r\/\" \/>\n<meta property=\"og:site_name\" content=\"Bike Express\" \/>\n<meta property=\"article:modified_time\" content=\"2022-08-10T14:42:21+00:00\" \/>\n<meta property=\"og:image\" content=\"https:\/\/bike-express.ch\/wp-content\/uploads\/2022\/02\/H8266Q.jpg\" \/>\n\t<meta property=\"og:image:width\" content=\"800\" \/>\n\t<meta property=\"og:image:height\" content=\"800\" \/>\n\t<meta property=\"og:image:type\" content=\"image\/jpeg\" \/>\n<meta name=\"twitter:card\" content=\"summary_large_image\" \/>\n<script type=\"application\/ld+json\" class=\"yoast-schema-graph\">{\"@context\":\"https:\/\/schema.org\",\"@graph\":[{\"@type\":\"WebPage\",\"@id\":\"https:\/\/bike-express.ch\/de\/produit\/waterflex-3-0-schwarz-39-40-h8266r\/\",\"url\":\"https:\/\/bike-express.ch\/de\/produit\/waterflex-3-0-schwarz-39-40-h8266r\/\",\"name\":\"WaterFlex 3.0 noir 39-40 - Bike Express\",\"isPartOf\":{\"@id\":\"https:\/\/bike-express.ch\/de\/#website\"},\"primaryImageOfPage\":{\"@id\":\"https:\/\/bike-express.ch\/de\/produit\/waterflex-3-0-schwarz-39-40-h8266r\/#primaryimage\"},\"image\":{\"@id\":\"https:\/\/bike-express.ch\/de\/produit\/waterflex-3-0-schwarz-39-40-h8266r\/#primaryimage\"},\"thumbnailUrl\":\"https:\/\/bike-express.ch\/wp-content\/uploads\/2024\/08\/H8266Q.jpg\",\"datePublished\":\"2022-01-31T14:03:41+00:00\",\"dateModified\":\"2022-08-10T14:42:21+00:00\",\"breadcrumb\":{\"@id\":\"https:\/\/bike-express.ch\/de\/produit\/waterflex-3-0-schwarz-39-40-h8266r\/#breadcrumb\"},\"inLanguage\":\"de\",\"potentialAction\":[{\"@type\":\"ReadAction\",\"target\":[\"https:\/\/bike-express.ch\/de\/produit\/waterflex-3-0-schwarz-39-40-h8266r\/\"]}]},{\"@type\":\"ImageObject\",\"inLanguage\":\"de\",\"@id\":\"https:\/\/bike-express.ch\/de\/produit\/waterflex-3-0-schwarz-39-40-h8266r\/#primaryimage\",\"url\":\"https:\/\/bike-express.ch\/wp-content\/uploads\/2024\/08\/H8266Q.jpg\",\"contentUrl\":\"https:\/\/bike-express.ch\/wp-content\/uploads\/2024\/08\/H8266Q.jpg\",\"width\":1920,\"height\":1920},{\"@type\":\"BreadcrumbList\",\"@id\":\"https:\/\/bike-express.ch\/de\/produit\/waterflex-3-0-schwarz-39-40-h8266r\/#breadcrumb\",\"itemListElement\":[{\"@type\":\"ListItem\",\"position\":1,\"name\":\"Accueil\",\"item\":\"https:\/\/bike-express.ch\/de\/\"},{\"@type\":\"ListItem\",\"position\":2,\"name\":\"Unsere Produkte\",\"item\":\"https:\/\/bike-express.ch\/de\/unsere-produkte\/\"},{\"@type\":\"ListItem\",\"position\":3,\"name\":\"Bekleidung &amp; Ausr\u00fcstung\",\"item\":\"https:\/\/bike-express.ch\/de\/categorie-produit\/fahrrad-bekleidung-ausrustung-de\/\"},{\"@type\":\"ListItem\",\"position\":4,\"name\":\"Bekleidung\",\"item\":\"https:\/\/bike-express.ch\/de\/categorie-produit\/fahrrad-bekleidung-ausrustung-de\/fahrrad-bekle-bekleidung-de\/\"},{\"@type\":\"ListItem\",\"position\":5,\"name\":\"WaterFlex 3.0 noir 39-40\"}]},{\"@type\":\"WebSite\",\"@id\":\"https:\/\/bike-express.ch\/de\/#website\",\"url\":\"https:\/\/bike-express.ch\/de\/\",\"name\":\"Bike Express\",\"description\":\"Num\u00e9ro 1 des pi\u00e8ces de v\u00e9los en Suisse\",\"potentialAction\":[{\"@type\":\"SearchAction\",\"target\":{\"@type\":\"EntryPoint\",\"urlTemplate\":\"https:\/\/bike-express.ch\/de\/?s={search_term_string}\"},\"query-input\":{\"@type\":\"PropertyValueSpecification\",\"valueRequired\":true,\"valueName\":\"search_term_string\"}}],\"inLanguage\":\"de\"}]}<\/script>\n<!-- \/ Yoast SEO plugin. -->","yoast_head_json":{"title":"WaterFlex 3.0 noir 39-40 - Bike Express","robots":{"index,follow":"index,follow"},"canonical":"https:\/\/bike-express.ch\/de\/produit\/waterflex-3-0-schwarz-39-40-h8266r\/","og_locale":"de_DE","og_type":"article","og_title":"WaterFlex 3.0 noir 39-40 - Bike Express","og_description":"WaterFlex 3.0 noir 39-40 Con\u00e7ue pour offrir la meilleure protection contre la pluie. Mat\u00e9riau WaterFlex, caoutchouc polyur\u00e9thane (PU) \u00e0 l&#8217;ext\u00e9rieur avec microfibre polaire \u00e0 l&#8217;int\u00e9rieur. R\u00e9sistant \u00e0 l&#8217;eau, flexible et durable. Une bande Velcro de 38 mm de large permet d&#8217;utiliser ces couvre-chaussures pour les patins (en ligne). Toutes les coutures sont recouvertes \u00e0 l&#8217;int\u00e9rieur [...]","og_url":"https:\/\/bike-express.ch\/de\/produit\/waterflex-3-0-schwarz-39-40-h8266r\/","og_site_name":"Bike Express","article_modified_time":"2022-08-10T14:42:21+00:00","og_image":[{"width":800,"height":800,"url":"https:\/\/bike-express.ch\/wp-content\/uploads\/2022\/02\/H8266Q.jpg","type":"image\/jpeg"}],"twitter_card":"summary_large_image","schema":{"@context":"https:\/\/schema.org","@graph":[{"@type":"WebPage","@id":"https:\/\/bike-express.ch\/de\/produit\/waterflex-3-0-schwarz-39-40-h8266r\/","url":"https:\/\/bike-express.ch\/de\/produit\/waterflex-3-0-schwarz-39-40-h8266r\/","name":"WaterFlex 3.0 noir 39-40 - Bike Express","isPartOf":{"@id":"https:\/\/bike-express.ch\/de\/#website"},"primaryImageOfPage":{"@id":"https:\/\/bike-express.ch\/de\/produit\/waterflex-3-0-schwarz-39-40-h8266r\/#primaryimage"},"image":{"@id":"https:\/\/bike-express.ch\/de\/produit\/waterflex-3-0-schwarz-39-40-h8266r\/#primaryimage"},"thumbnailUrl":"https:\/\/bike-express.ch\/wp-content\/uploads\/2024\/08\/H8266Q.jpg","datePublished":"2022-01-31T14:03:41+00:00","dateModified":"2022-08-10T14:42:21+00:00","breadcrumb":{"@id":"https:\/\/bike-express.ch\/de\/produit\/waterflex-3-0-schwarz-39-40-h8266r\/#breadcrumb"},"inLanguage":"de","potentialAction":[{"@type":"ReadAction","target":["https:\/\/bike-express.ch\/de\/produit\/waterflex-3-0-schwarz-39-40-h8266r\/"]}]},{"@type":"ImageObject","inLanguage":"de","@id":"https:\/\/bike-express.ch\/de\/produit\/waterflex-3-0-schwarz-39-40-h8266r\/#primaryimage","url":"https:\/\/bike-express.ch\/wp-content\/uploads\/2024\/08\/H8266Q.jpg","contentUrl":"https:\/\/bike-express.ch\/wp-content\/uploads\/2024\/08\/H8266Q.jpg","width":1920,"height":1920},{"@type":"BreadcrumbList","@id":"https:\/\/bike-express.ch\/de\/produit\/waterflex-3-0-schwarz-39-40-h8266r\/#breadcrumb","itemListElement":[{"@type":"ListItem","position":1,"name":"Accueil","item":"https:\/\/bike-express.ch\/de\/"},{"@type":"ListItem","position":2,"name":"Unsere Produkte","item":"https:\/\/bike-express.ch\/de\/unsere-produkte\/"},{"@type":"ListItem","position":3,"name":"Bekleidung &amp; Ausr\u00fcstung","item":"https:\/\/bike-express.ch\/de\/categorie-produit\/fahrrad-bekleidung-ausrustung-de\/"},{"@type":"ListItem","position":4,"name":"Bekleidung","item":"https:\/\/bike-express.ch\/de\/categorie-produit\/fahrrad-bekleidung-ausrustung-de\/fahrrad-bekle-bekleidung-de\/"},{"@type":"ListItem","position":5,"name":"WaterFlex 3.0 noir 39-40"}]},{"@type":"WebSite","@id":"https:\/\/bike-express.ch\/de\/#website","url":"https:\/\/bike-express.ch\/de\/","name":"Bike Express","description":"Num\u00e9ro 1 des pi\u00e8ces de v\u00e9los en Suisse","potentialAction":[{"@type":"SearchAction","target":{"@type":"EntryPoint","urlTemplate":"https:\/\/bike-express.ch\/de\/?s={search_term_string}"},"query-input":{"@type":"PropertyValueSpecification","valueRequired":true,"valueName":"search_term_string"}}],"inLanguage":"de"}]}},"_links":{"self":[{"href":"https:\/\/bike-express.ch\/de\/wp-json\/wp\/v2\/product\/37672","targetHints":{"allow":["GET"]}}],"collection":[{"href":"https:\/\/bike-express.ch\/de\/wp-json\/wp\/v2\/product"}],"about":[{"href":"https:\/\/bike-express.ch\/de\/wp-json\/wp\/v2\/types\/product"}],"wp:featuredmedia":[{"embeddable":true,"href":"https:\/\/bike-express.ch\/de\/wp-json\/wp\/v2\/media\/270780"}],"wp:attachment":[{"href":"https:\/\/bike-express.ch\/de\/wp-json\/wp\/v2\/media?parent=37672"}],"wp:term":[{"taxonomy":"product_brand","embeddable":true,"href":"https:\/\/bike-express.ch\/de\/wp-json\/wp\/v2\/product_brand?post=37672"},{"taxonomy":"product_cat","embeddable":true,"href":"https:\/\/bike-express.ch\/de\/wp-json\/wp\/v2\/product_cat?post=37672"},{"taxonomy":"product_tag","embeddable":true,"href":"https:\/\/bike-express.ch\/de\/wp-json\/wp\/v2\/product_tag?post=37672"}],"curies":[{"name":"wp","href":"https:\/\/api.w.org\/{rel}","templated":true}]}}