{"id":37756,"date":"2022-01-31T15:04:51","date_gmt":"2022-01-31T14:04:51","guid":{"rendered":"https:\/\/test1.bike-express.ch\/new\/produit\/coldshield-reflective-grau-xl-h8273m\/"},"modified":"2022-08-10T16:41:10","modified_gmt":"2022-08-10T14:41:10","slug":"coldshield-reflective-grau-xl-h8273m","status":"publish","type":"product","link":"https:\/\/bike-express.ch\/de\/produit\/coldshield-reflective-grau-xl-h8273m\/","title":{"rendered":"ColdShield Reflective grau XL"},"content":{"rendered":"<p>ColdShield Reflective gris XL<br \/>\n &#8211; Imperm\u00e9able et coupe-vent<br \/>\n &#8211; Respirant<br \/>\n &#8211; Fermeture velcro souple<br \/>\n &#8211; 10% d&#8217;isolation en halucine<br \/>\n &#8211; Mousse de choc Poron dans la paume de la main<br \/>\n &#8211; Compatibilit\u00e9 avec les \u00e9crans tactiles<br \/>\n &#8211; Tissu ext\u00e9rieur enti\u00e8rement r\u00e9fl\u00e9chissant<\/p>\n","protected":false},"excerpt":{"rendered":"<p>ColdShield Reflective gris XL &#8211; Imperm\u00e9able et coupe-vent &#8211; Respirant &#8211; Fermeture velcro souple &#8211; 10% d&#8217;isolation en halucine &#8211; Mousse de choc Poron dans la paume de la main &#8211; Compatibilit\u00e9 avec les \u00e9crans tactiles &#8211; Tissu ext\u00e9rieur enti\u00e8rement r\u00e9fl\u00e9chissant<\/p>\n","protected":false},"featured_media":270837,"template":"","meta":[],"product_brand":[118187],"product_cat":[12092,116408,11847,116407,116843,117266,116169],"product_tag":[],"class_list":{"0":"post-37756","1":"product","2":"type-product","3":"status-publish","4":"has-post-thumbnail","6":"product_brand-bbb","7":"product_cat-fahrrad-bekleidung-ausrustung-de","8":"product_cat-doigts-longs","9":"product_cat-fahrrad-fahrradteile-de","10":"product_cat-gants-futchs","11":"product_cat-gants","12":"product_cat-gants-dhiver","13":"product_cat-vetements-et-equipements","15":"first","16":"instock","17":"taxable","18":"shipping-taxable","19":"purchasable","20":"product-type-simple"},"yoast_head":"<!-- This site is optimized with the Yoast SEO plugin v27.1.1 - https:\/\/yoast.com\/product\/yoast-seo-wordpress\/ -->\n<title>ColdShield Reflective grau XL - Bike Express<\/title>\n<meta name=\"robots\" content=\"index,follow\" \/>\n<link rel=\"canonical\" href=\"https:\/\/bike-express.ch\/de\/produit\/coldshield-reflective-grau-xl-h8273m\/\" \/>\n<meta property=\"og:locale\" content=\"de_DE\" \/>\n<meta property=\"og:type\" content=\"article\" \/>\n<meta property=\"og:title\" content=\"ColdShield Reflective grau XL - Bike Express\" \/>\n<meta property=\"og:description\" content=\"ColdShield Reflective gris XL &#8211; Imperm\u00e9able et coupe-vent &#8211; Respirant &#8211; Fermeture velcro souple &#8211; 10% d&#8217;isolation en halucine &#8211; Mousse de choc Poron dans la paume de la main &#8211; Compatibilit\u00e9 avec les \u00e9crans tactiles &#8211; Tissu ext\u00e9rieur enti\u00e8rement r\u00e9fl\u00e9chissant\" \/>\n<meta property=\"og:url\" content=\"https:\/\/bike-express.ch\/de\/produit\/coldshield-reflective-grau-xl-h8273m\/\" \/>\n<meta property=\"og:site_name\" content=\"Bike Express\" \/>\n<meta property=\"article:modified_time\" content=\"2022-08-10T14:41:10+00:00\" \/>\n<meta property=\"og:image\" content=\"https:\/\/bike-express.ch\/wp-content\/uploads\/2022\/02\/H8273I.jpg\" \/>\n\t<meta property=\"og:image:width\" content=\"800\" \/>\n\t<meta property=\"og:image:height\" content=\"787\" \/>\n\t<meta property=\"og:image:type\" content=\"image\/jpeg\" \/>\n<meta name=\"twitter:card\" content=\"summary_large_image\" \/>\n<script type=\"application\/ld+json\" class=\"yoast-schema-graph\">{\"@context\":\"https:\/\/schema.org\",\"@graph\":[{\"@type\":\"WebPage\",\"@id\":\"https:\/\/bike-express.ch\/de\/produit\/coldshield-reflective-grau-xl-h8273m\/\",\"url\":\"https:\/\/bike-express.ch\/de\/produit\/coldshield-reflective-grau-xl-h8273m\/\",\"name\":\"ColdShield Reflective grau XL - Bike Express\",\"isPartOf\":{\"@id\":\"https:\/\/bike-express.ch\/de\/#website\"},\"primaryImageOfPage\":{\"@id\":\"https:\/\/bike-express.ch\/de\/produit\/coldshield-reflective-grau-xl-h8273m\/#primaryimage\"},\"image\":{\"@id\":\"https:\/\/bike-express.ch\/de\/produit\/coldshield-reflective-grau-xl-h8273m\/#primaryimage\"},\"thumbnailUrl\":\"https:\/\/bike-express.ch\/wp-content\/uploads\/2024\/08\/H8273I.jpg\",\"datePublished\":\"2022-01-31T14:04:51+00:00\",\"dateModified\":\"2022-08-10T14:41:10+00:00\",\"breadcrumb\":{\"@id\":\"https:\/\/bike-express.ch\/de\/produit\/coldshield-reflective-grau-xl-h8273m\/#breadcrumb\"},\"inLanguage\":\"de\",\"potentialAction\":[{\"@type\":\"ReadAction\",\"target\":[\"https:\/\/bike-express.ch\/de\/produit\/coldshield-reflective-grau-xl-h8273m\/\"]}]},{\"@type\":\"ImageObject\",\"inLanguage\":\"de\",\"@id\":\"https:\/\/bike-express.ch\/de\/produit\/coldshield-reflective-grau-xl-h8273m\/#primaryimage\",\"url\":\"https:\/\/bike-express.ch\/wp-content\/uploads\/2024\/08\/H8273I.jpg\",\"contentUrl\":\"https:\/\/bike-express.ch\/wp-content\/uploads\/2024\/08\/H8273I.jpg\",\"width\":800,\"height\":787},{\"@type\":\"BreadcrumbList\",\"@id\":\"https:\/\/bike-express.ch\/de\/produit\/coldshield-reflective-grau-xl-h8273m\/#breadcrumb\",\"itemListElement\":[{\"@type\":\"ListItem\",\"position\":1,\"name\":\"Accueil\",\"item\":\"https:\/\/bike-express.ch\/de\/\"},{\"@type\":\"ListItem\",\"position\":2,\"name\":\"Unsere Produkte\",\"item\":\"https:\/\/bike-express.ch\/de\/unsere-produkte\/\"},{\"@type\":\"ListItem\",\"position\":3,\"name\":\"Bekleidung &amp; Ausr\u00fcstung\",\"item\":\"https:\/\/bike-express.ch\/de\/categorie-produit\/fahrrad-bekleidung-ausrustung-de\/\"},{\"@type\":\"ListItem\",\"position\":4,\"name\":\"Bekleidung\",\"item\":\"https:\/\/bike-express.ch\/de\/categorie-produit\/fahrrad-bekleidung-ausrustung-de\/fahrrad-bekle-bekleidung-de\/\"},{\"@type\":\"ListItem\",\"position\":5,\"name\":\"ColdShield Reflective grau XL\"}]},{\"@type\":\"WebSite\",\"@id\":\"https:\/\/bike-express.ch\/de\/#website\",\"url\":\"https:\/\/bike-express.ch\/de\/\",\"name\":\"Bike Express\",\"description\":\"Num\u00e9ro 1 des pi\u00e8ces de v\u00e9los en Suisse\",\"potentialAction\":[{\"@type\":\"SearchAction\",\"target\":{\"@type\":\"EntryPoint\",\"urlTemplate\":\"https:\/\/bike-express.ch\/de\/?s={search_term_string}\"},\"query-input\":{\"@type\":\"PropertyValueSpecification\",\"valueRequired\":true,\"valueName\":\"search_term_string\"}}],\"inLanguage\":\"de\"}]}<\/script>\n<!-- \/ Yoast SEO plugin. -->","yoast_head_json":{"title":"ColdShield Reflective grau XL - Bike Express","robots":{"index,follow":"index,follow"},"canonical":"https:\/\/bike-express.ch\/de\/produit\/coldshield-reflective-grau-xl-h8273m\/","og_locale":"de_DE","og_type":"article","og_title":"ColdShield Reflective grau XL - Bike Express","og_description":"ColdShield Reflective gris XL &#8211; Imperm\u00e9able et coupe-vent &#8211; Respirant &#8211; Fermeture velcro souple &#8211; 10% d&#8217;isolation en halucine &#8211; Mousse de choc Poron dans la paume de la main &#8211; Compatibilit\u00e9 avec les \u00e9crans tactiles &#8211; Tissu ext\u00e9rieur enti\u00e8rement r\u00e9fl\u00e9chissant","og_url":"https:\/\/bike-express.ch\/de\/produit\/coldshield-reflective-grau-xl-h8273m\/","og_site_name":"Bike Express","article_modified_time":"2022-08-10T14:41:10+00:00","og_image":[{"width":800,"height":787,"url":"https:\/\/bike-express.ch\/wp-content\/uploads\/2022\/02\/H8273I.jpg","type":"image\/jpeg"}],"twitter_card":"summary_large_image","schema":{"@context":"https:\/\/schema.org","@graph":[{"@type":"WebPage","@id":"https:\/\/bike-express.ch\/de\/produit\/coldshield-reflective-grau-xl-h8273m\/","url":"https:\/\/bike-express.ch\/de\/produit\/coldshield-reflective-grau-xl-h8273m\/","name":"ColdShield Reflective grau XL - Bike Express","isPartOf":{"@id":"https:\/\/bike-express.ch\/de\/#website"},"primaryImageOfPage":{"@id":"https:\/\/bike-express.ch\/de\/produit\/coldshield-reflective-grau-xl-h8273m\/#primaryimage"},"image":{"@id":"https:\/\/bike-express.ch\/de\/produit\/coldshield-reflective-grau-xl-h8273m\/#primaryimage"},"thumbnailUrl":"https:\/\/bike-express.ch\/wp-content\/uploads\/2024\/08\/H8273I.jpg","datePublished":"2022-01-31T14:04:51+00:00","dateModified":"2022-08-10T14:41:10+00:00","breadcrumb":{"@id":"https:\/\/bike-express.ch\/de\/produit\/coldshield-reflective-grau-xl-h8273m\/#breadcrumb"},"inLanguage":"de","potentialAction":[{"@type":"ReadAction","target":["https:\/\/bike-express.ch\/de\/produit\/coldshield-reflective-grau-xl-h8273m\/"]}]},{"@type":"ImageObject","inLanguage":"de","@id":"https:\/\/bike-express.ch\/de\/produit\/coldshield-reflective-grau-xl-h8273m\/#primaryimage","url":"https:\/\/bike-express.ch\/wp-content\/uploads\/2024\/08\/H8273I.jpg","contentUrl":"https:\/\/bike-express.ch\/wp-content\/uploads\/2024\/08\/H8273I.jpg","width":800,"height":787},{"@type":"BreadcrumbList","@id":"https:\/\/bike-express.ch\/de\/produit\/coldshield-reflective-grau-xl-h8273m\/#breadcrumb","itemListElement":[{"@type":"ListItem","position":1,"name":"Accueil","item":"https:\/\/bike-express.ch\/de\/"},{"@type":"ListItem","position":2,"name":"Unsere Produkte","item":"https:\/\/bike-express.ch\/de\/unsere-produkte\/"},{"@type":"ListItem","position":3,"name":"Bekleidung &amp; Ausr\u00fcstung","item":"https:\/\/bike-express.ch\/de\/categorie-produit\/fahrrad-bekleidung-ausrustung-de\/"},{"@type":"ListItem","position":4,"name":"Bekleidung","item":"https:\/\/bike-express.ch\/de\/categorie-produit\/fahrrad-bekleidung-ausrustung-de\/fahrrad-bekle-bekleidung-de\/"},{"@type":"ListItem","position":5,"name":"ColdShield Reflective grau XL"}]},{"@type":"WebSite","@id":"https:\/\/bike-express.ch\/de\/#website","url":"https:\/\/bike-express.ch\/de\/","name":"Bike Express","description":"Num\u00e9ro 1 des pi\u00e8ces de v\u00e9los en Suisse","potentialAction":[{"@type":"SearchAction","target":{"@type":"EntryPoint","urlTemplate":"https:\/\/bike-express.ch\/de\/?s={search_term_string}"},"query-input":{"@type":"PropertyValueSpecification","valueRequired":true,"valueName":"search_term_string"}}],"inLanguage":"de"}]}},"_links":{"self":[{"href":"https:\/\/bike-express.ch\/de\/wp-json\/wp\/v2\/product\/37756","targetHints":{"allow":["GET"]}}],"collection":[{"href":"https:\/\/bike-express.ch\/de\/wp-json\/wp\/v2\/product"}],"about":[{"href":"https:\/\/bike-express.ch\/de\/wp-json\/wp\/v2\/types\/product"}],"wp:featuredmedia":[{"embeddable":true,"href":"https:\/\/bike-express.ch\/de\/wp-json\/wp\/v2\/media\/270837"}],"wp:attachment":[{"href":"https:\/\/bike-express.ch\/de\/wp-json\/wp\/v2\/media?parent=37756"}],"wp:term":[{"taxonomy":"product_brand","embeddable":true,"href":"https:\/\/bike-express.ch\/de\/wp-json\/wp\/v2\/product_brand?post=37756"},{"taxonomy":"product_cat","embeddable":true,"href":"https:\/\/bike-express.ch\/de\/wp-json\/wp\/v2\/product_cat?post=37756"},{"taxonomy":"product_tag","embeddable":true,"href":"https:\/\/bike-express.ch\/de\/wp-json\/wp\/v2\/product_tag?post=37756"}],"curies":[{"name":"wp","href":"https:\/\/api.w.org\/{rel}","templated":true}]}}