{"id":38489,"date":"2022-01-31T15:15:14","date_gmt":"2022-01-31T14:15:14","guid":{"rendered":"https:\/\/test1.bike-express.ch\/new\/produit\/lenkerband-raceribbon-gelb-h6352\/"},"modified":"2024-08-22T10:54:00","modified_gmt":"2024-08-22T08:54:00","slug":"lenkerband-raceribbon-gelb-h6352","status":"publish","type":"product","link":"https:\/\/bike-express.ch\/de\/produit\/lenkerband-raceribbon-gelb-h6352\/","title":{"rendered":"LENKERBAND RACERIBBON GELB"},"content":{"rendered":"<p>LENKERBAND RACERIBBON GELB<br \/>\n Hochwertiger synthetischer Kork sorgt f\u00fcr einen stossd\u00e4mpfenden, sicheren und rutschfesten Halt.<br \/>\n Im Gegensatz zu nat\u00fcrlichem Kork hat synthetischer Kork eine durchgehend einheitliche Qualit\u00e4t ohne Schwachstellen, die bei starker Beanspruchung rei\u00dfen k\u00f6nnten.<br \/>\n Jede Rolle ist lang genug, um Lenker jeder Gr\u00f6\u00dfe vollst\u00e4ndig zu umwickeln.<br \/>\n Wasserfester Kleber.<br \/>\n Das dehnbare Material l\u00e4sst sich gut um den Lenker wickeln.<br \/>\n Inklusive Abschlussband und Endkappen.<br \/>\n Farben: schwarz, blau, Prozess Blau, Magenta, rot, gr\u00fcn, schwarzer Kork, wei\u00dfer Kork, wei\u00df und gelb.<\/p>\n","protected":false},"excerpt":{"rendered":"<p>LENKERBAND RACERIBBON GELB Hochwertiger synthetischer Kork sorgt f\u00fcr einen stossd\u00e4mpfenden, sicheren und rutschfesten Halt. Im Gegensatz zu nat\u00fcrlichem Kork hat synthetischer Kork eine durchgehend einheitliche Qualit\u00e4t ohne Schwachstellen, die bei starker Beanspruchung rei\u00dfen k\u00f6nnten. Jede Rolle ist lang genug, um Lenker jeder Gr\u00f6\u00dfe vollst\u00e4ndig zu umwickeln. Wasserfester Kleber. Das dehnbare Material l\u00e4sst sich gut um [&#8230;]\n","protected":false},"featured_media":272576,"template":"","meta":[],"product_brand":[118187],"product_cat":[11847,117325],"product_tag":[],"class_list":{"0":"post-38489","1":"product","2":"type-product","3":"status-publish","4":"has-post-thumbnail","6":"product_brand-bbb","7":"product_cat-fahrrad-fahrradteile-de","8":"product_cat-guidolines","10":"first","11":"instock","12":"taxable","13":"shipping-taxable","14":"purchasable","15":"product-type-simple"},"yoast_head":"<!-- This site is optimized with the Yoast SEO plugin v27.1.1 - https:\/\/yoast.com\/product\/yoast-seo-wordpress\/ -->\n<title>LENKERBAND RACERIBBON GELB - Bike Express<\/title>\n<meta name=\"robots\" content=\"index,follow\" \/>\n<link rel=\"canonical\" href=\"https:\/\/bike-express.ch\/de\/produit\/lenkerband-raceribbon-gelb-h6352\/\" \/>\n<meta property=\"og:locale\" content=\"de_DE\" \/>\n<meta property=\"og:type\" content=\"article\" \/>\n<meta property=\"og:title\" content=\"LENKERBAND RACERIBBON GELB - Bike Express\" \/>\n<meta property=\"og:description\" content=\"LENKERBAND RACERIBBON GELB Hochwertiger synthetischer Kork sorgt f\u00fcr einen stossd\u00e4mpfenden, sicheren und rutschfesten Halt. Im Gegensatz zu nat\u00fcrlichem Kork hat synthetischer Kork eine durchgehend einheitliche Qualit\u00e4t ohne Schwachstellen, die bei starker Beanspruchung rei\u00dfen k\u00f6nnten. Jede Rolle ist lang genug, um Lenker jeder Gr\u00f6\u00dfe vollst\u00e4ndig zu umwickeln. Wasserfester Kleber. Das dehnbare Material l\u00e4sst sich gut um [...]\" \/>\n<meta property=\"og:url\" content=\"https:\/\/bike-express.ch\/de\/produit\/lenkerband-raceribbon-gelb-h6352\/\" \/>\n<meta property=\"og:site_name\" content=\"Bike Express\" \/>\n<meta property=\"article:modified_time\" content=\"2024-08-22T08:54:00+00:00\" \/>\n<meta property=\"og:image\" content=\"https:\/\/bike-express.ch\/wp-content\/uploads\/2022\/02\/H6352.jpg\" \/>\n\t<meta property=\"og:image:width\" content=\"800\" \/>\n\t<meta property=\"og:image:height\" content=\"800\" \/>\n\t<meta property=\"og:image:type\" content=\"image\/jpeg\" \/>\n<meta name=\"twitter:card\" content=\"summary_large_image\" \/>\n<script type=\"application\/ld+json\" class=\"yoast-schema-graph\">{\"@context\":\"https:\/\/schema.org\",\"@graph\":[{\"@type\":\"WebPage\",\"@id\":\"https:\/\/bike-express.ch\/de\/produit\/lenkerband-raceribbon-gelb-h6352\/\",\"url\":\"https:\/\/bike-express.ch\/de\/produit\/lenkerband-raceribbon-gelb-h6352\/\",\"name\":\"LENKERBAND RACERIBBON GELB - Bike Express\",\"isPartOf\":{\"@id\":\"https:\/\/bike-express.ch\/de\/#website\"},\"primaryImageOfPage\":{\"@id\":\"https:\/\/bike-express.ch\/de\/produit\/lenkerband-raceribbon-gelb-h6352\/#primaryimage\"},\"image\":{\"@id\":\"https:\/\/bike-express.ch\/de\/produit\/lenkerband-raceribbon-gelb-h6352\/#primaryimage\"},\"thumbnailUrl\":\"https:\/\/bike-express.ch\/wp-content\/uploads\/2024\/08\/H6352.jpg\",\"datePublished\":\"2022-01-31T14:15:14+00:00\",\"dateModified\":\"2024-08-22T08:54:00+00:00\",\"breadcrumb\":{\"@id\":\"https:\/\/bike-express.ch\/de\/produit\/lenkerband-raceribbon-gelb-h6352\/#breadcrumb\"},\"inLanguage\":\"de\",\"potentialAction\":[{\"@type\":\"ReadAction\",\"target\":[\"https:\/\/bike-express.ch\/de\/produit\/lenkerband-raceribbon-gelb-h6352\/\"]}]},{\"@type\":\"ImageObject\",\"inLanguage\":\"de\",\"@id\":\"https:\/\/bike-express.ch\/de\/produit\/lenkerband-raceribbon-gelb-h6352\/#primaryimage\",\"url\":\"https:\/\/bike-express.ch\/wp-content\/uploads\/2024\/08\/H6352.jpg\",\"contentUrl\":\"https:\/\/bike-express.ch\/wp-content\/uploads\/2024\/08\/H6352.jpg\",\"width\":800,\"height\":800},{\"@type\":\"BreadcrumbList\",\"@id\":\"https:\/\/bike-express.ch\/de\/produit\/lenkerband-raceribbon-gelb-h6352\/#breadcrumb\",\"itemListElement\":[{\"@type\":\"ListItem\",\"position\":1,\"name\":\"Accueil\",\"item\":\"https:\/\/bike-express.ch\/de\/\"},{\"@type\":\"ListItem\",\"position\":2,\"name\":\"Unsere Produkte\",\"item\":\"https:\/\/bike-express.ch\/de\/unsere-produkte\/\"},{\"@type\":\"ListItem\",\"position\":3,\"name\":\"Fahrradteile\",\"item\":\"https:\/\/bike-express.ch\/de\/categorie-produit\/fahrrad-fahrradteile-de\/\"},{\"@type\":\"ListItem\",\"position\":4,\"name\":\"Cockpit\",\"item\":\"https:\/\/bike-express.ch\/de\/categorie-produit\/fahrrad-fahrradteile-de\/fahrrad-fahrr-cockpit-de\/\"},{\"@type\":\"ListItem\",\"position\":5,\"name\":\"Lenkerb\u00e4nder\",\"item\":\"https:\/\/bike-express.ch\/de\/categorie-produit\/fahrrad-fahrradteile-de\/fahrrad-fahrr-cockpit-de\/fahrrad-cockp-lenkerbander-de\/\"},{\"@type\":\"ListItem\",\"position\":6,\"name\":\"LENKERBAND RACERIBBON GELB\"}]},{\"@type\":\"WebSite\",\"@id\":\"https:\/\/bike-express.ch\/de\/#website\",\"url\":\"https:\/\/bike-express.ch\/de\/\",\"name\":\"Bike Express\",\"description\":\"Num\u00e9ro 1 des pi\u00e8ces de v\u00e9los en Suisse\",\"potentialAction\":[{\"@type\":\"SearchAction\",\"target\":{\"@type\":\"EntryPoint\",\"urlTemplate\":\"https:\/\/bike-express.ch\/de\/?s={search_term_string}\"},\"query-input\":{\"@type\":\"PropertyValueSpecification\",\"valueRequired\":true,\"valueName\":\"search_term_string\"}}],\"inLanguage\":\"de\"}]}<\/script>\n<!-- \/ Yoast SEO plugin. -->","yoast_head_json":{"title":"LENKERBAND RACERIBBON GELB - Bike Express","robots":{"index,follow":"index,follow"},"canonical":"https:\/\/bike-express.ch\/de\/produit\/lenkerband-raceribbon-gelb-h6352\/","og_locale":"de_DE","og_type":"article","og_title":"LENKERBAND RACERIBBON GELB - Bike Express","og_description":"LENKERBAND RACERIBBON GELB Hochwertiger synthetischer Kork sorgt f\u00fcr einen stossd\u00e4mpfenden, sicheren und rutschfesten Halt. Im Gegensatz zu nat\u00fcrlichem Kork hat synthetischer Kork eine durchgehend einheitliche Qualit\u00e4t ohne Schwachstellen, die bei starker Beanspruchung rei\u00dfen k\u00f6nnten. Jede Rolle ist lang genug, um Lenker jeder Gr\u00f6\u00dfe vollst\u00e4ndig zu umwickeln. Wasserfester Kleber. Das dehnbare Material l\u00e4sst sich gut um [...]","og_url":"https:\/\/bike-express.ch\/de\/produit\/lenkerband-raceribbon-gelb-h6352\/","og_site_name":"Bike Express","article_modified_time":"2024-08-22T08:54:00+00:00","og_image":[{"width":800,"height":800,"url":"https:\/\/bike-express.ch\/wp-content\/uploads\/2022\/02\/H6352.jpg","type":"image\/jpeg"}],"twitter_card":"summary_large_image","schema":{"@context":"https:\/\/schema.org","@graph":[{"@type":"WebPage","@id":"https:\/\/bike-express.ch\/de\/produit\/lenkerband-raceribbon-gelb-h6352\/","url":"https:\/\/bike-express.ch\/de\/produit\/lenkerband-raceribbon-gelb-h6352\/","name":"LENKERBAND RACERIBBON GELB - Bike Express","isPartOf":{"@id":"https:\/\/bike-express.ch\/de\/#website"},"primaryImageOfPage":{"@id":"https:\/\/bike-express.ch\/de\/produit\/lenkerband-raceribbon-gelb-h6352\/#primaryimage"},"image":{"@id":"https:\/\/bike-express.ch\/de\/produit\/lenkerband-raceribbon-gelb-h6352\/#primaryimage"},"thumbnailUrl":"https:\/\/bike-express.ch\/wp-content\/uploads\/2024\/08\/H6352.jpg","datePublished":"2022-01-31T14:15:14+00:00","dateModified":"2024-08-22T08:54:00+00:00","breadcrumb":{"@id":"https:\/\/bike-express.ch\/de\/produit\/lenkerband-raceribbon-gelb-h6352\/#breadcrumb"},"inLanguage":"de","potentialAction":[{"@type":"ReadAction","target":["https:\/\/bike-express.ch\/de\/produit\/lenkerband-raceribbon-gelb-h6352\/"]}]},{"@type":"ImageObject","inLanguage":"de","@id":"https:\/\/bike-express.ch\/de\/produit\/lenkerband-raceribbon-gelb-h6352\/#primaryimage","url":"https:\/\/bike-express.ch\/wp-content\/uploads\/2024\/08\/H6352.jpg","contentUrl":"https:\/\/bike-express.ch\/wp-content\/uploads\/2024\/08\/H6352.jpg","width":800,"height":800},{"@type":"BreadcrumbList","@id":"https:\/\/bike-express.ch\/de\/produit\/lenkerband-raceribbon-gelb-h6352\/#breadcrumb","itemListElement":[{"@type":"ListItem","position":1,"name":"Accueil","item":"https:\/\/bike-express.ch\/de\/"},{"@type":"ListItem","position":2,"name":"Unsere Produkte","item":"https:\/\/bike-express.ch\/de\/unsere-produkte\/"},{"@type":"ListItem","position":3,"name":"Fahrradteile","item":"https:\/\/bike-express.ch\/de\/categorie-produit\/fahrrad-fahrradteile-de\/"},{"@type":"ListItem","position":4,"name":"Cockpit","item":"https:\/\/bike-express.ch\/de\/categorie-produit\/fahrrad-fahrradteile-de\/fahrrad-fahrr-cockpit-de\/"},{"@type":"ListItem","position":5,"name":"Lenkerb\u00e4nder","item":"https:\/\/bike-express.ch\/de\/categorie-produit\/fahrrad-fahrradteile-de\/fahrrad-fahrr-cockpit-de\/fahrrad-cockp-lenkerbander-de\/"},{"@type":"ListItem","position":6,"name":"LENKERBAND RACERIBBON GELB"}]},{"@type":"WebSite","@id":"https:\/\/bike-express.ch\/de\/#website","url":"https:\/\/bike-express.ch\/de\/","name":"Bike Express","description":"Num\u00e9ro 1 des pi\u00e8ces de v\u00e9los en Suisse","potentialAction":[{"@type":"SearchAction","target":{"@type":"EntryPoint","urlTemplate":"https:\/\/bike-express.ch\/de\/?s={search_term_string}"},"query-input":{"@type":"PropertyValueSpecification","valueRequired":true,"valueName":"search_term_string"}}],"inLanguage":"de"}]}},"_links":{"self":[{"href":"https:\/\/bike-express.ch\/de\/wp-json\/wp\/v2\/product\/38489","targetHints":{"allow":["GET"]}}],"collection":[{"href":"https:\/\/bike-express.ch\/de\/wp-json\/wp\/v2\/product"}],"about":[{"href":"https:\/\/bike-express.ch\/de\/wp-json\/wp\/v2\/types\/product"}],"wp:featuredmedia":[{"embeddable":true,"href":"https:\/\/bike-express.ch\/de\/wp-json\/wp\/v2\/media\/272576"}],"wp:attachment":[{"href":"https:\/\/bike-express.ch\/de\/wp-json\/wp\/v2\/media?parent=38489"}],"wp:term":[{"taxonomy":"product_brand","embeddable":true,"href":"https:\/\/bike-express.ch\/de\/wp-json\/wp\/v2\/product_brand?post=38489"},{"taxonomy":"product_cat","embeddable":true,"href":"https:\/\/bike-express.ch\/de\/wp-json\/wp\/v2\/product_cat?post=38489"},{"taxonomy":"product_tag","embeddable":true,"href":"https:\/\/bike-express.ch\/de\/wp-json\/wp\/v2\/product_tag?post=38489"}],"curies":[{"name":"wp","href":"https:\/\/api.w.org\/{rel}","templated":true}]}}