{"id":38555,"date":"2022-01-31T15:16:08","date_gmt":"2022-01-31T14:16:08","guid":{"rendered":"https:\/\/test1.bike-express.ch\/new\/produit\/vorbau-roadforce-ii-6-31-h8115l\/"},"modified":"2024-08-22T10:49:37","modified_gmt":"2024-08-22T08:49:37","slug":"vorbau-roadforce-ii-6-31-h8115l","status":"publish","type":"product","link":"https:\/\/bike-express.ch\/de\/produit\/vorbau-roadforce-ii-6-31-h8115l\/","title":{"rendered":"VORBAU ROADFORCE II +\/-6\u00b0 31.8 60MM"},"content":{"rendered":"<p>VORBAU ROADFORCE II +\/-6\u00b0 31.8 60MM<br \/>\n Stabiles 6061 Aluminium.<br \/>\n 3D-geschmiedete, einteilige Konstruktion.<br \/>\n Schwarz auf schwarz Dekor.<br \/>\n F\u00fcr Oversized-Rennradlenker.<br \/>\n Klemmung: 31,8mm.<br \/>\n Neigung: 6 Grad.<br \/>\n L\u00e4ngen: 45, 60, 70, 80, 90, 100, 110, 120 und 130mm.<br \/>\n Gewicht: 162 g.<\/p>\n","protected":false},"excerpt":{"rendered":"<p>VORBAU ROADFORCE II +\/-6\u00b0 31.8 60MM Stabiles 6061 Aluminium. 3D-geschmiedete, einteilige Konstruktion. Schwarz auf schwarz Dekor. F\u00fcr Oversized-Rennradlenker. Klemmung: 31,8mm. Neigung: 6 Grad. L\u00e4ngen: 45, 60, 70, 80, 90, 100, 110, 120 und 130mm. Gewicht: 162 g.<\/p>\n","protected":false},"featured_media":272324,"template":"","meta":[],"product_brand":[118187],"product_cat":[11847,117313],"product_tag":[],"class_list":{"0":"post-38555","1":"product","2":"type-product","3":"status-publish","4":"has-post-thumbnail","6":"product_brand-bbb","7":"product_cat-fahrrad-fahrradteile-de","8":"product_cat-route-o-31-8mm","10":"first","11":"instock","12":"taxable","13":"shipping-taxable","14":"purchasable","15":"product-type-simple"},"yoast_head":"<!-- This site is optimized with the Yoast SEO plugin v27.1.1 - https:\/\/yoast.com\/product\/yoast-seo-wordpress\/ -->\n<title>VORBAU ROADFORCE II +\/-6\u00b0 31.8 60MM - Bike Express<\/title>\n<meta name=\"robots\" content=\"index,follow\" \/>\n<link rel=\"canonical\" href=\"https:\/\/bike-express.ch\/de\/produit\/vorbau-roadforce-ii-6-31-h8115l\/\" \/>\n<meta property=\"og:locale\" content=\"de_DE\" \/>\n<meta property=\"og:type\" content=\"article\" \/>\n<meta property=\"og:title\" content=\"VORBAU ROADFORCE II +\/-6\u00b0 31.8 60MM - Bike Express\" \/>\n<meta property=\"og:description\" content=\"VORBAU ROADFORCE II +\/-6\u00b0 31.8 60MM Stabiles 6061 Aluminium. 3D-geschmiedete, einteilige Konstruktion. Schwarz auf schwarz Dekor. F\u00fcr Oversized-Rennradlenker. Klemmung: 31,8mm. Neigung: 6 Grad. L\u00e4ngen: 45, 60, 70, 80, 90, 100, 110, 120 und 130mm. Gewicht: 162 g.\" \/>\n<meta property=\"og:url\" content=\"https:\/\/bike-express.ch\/de\/produit\/vorbau-roadforce-ii-6-31-h8115l\/\" \/>\n<meta property=\"og:site_name\" content=\"Bike Express\" \/>\n<meta property=\"article:modified_time\" content=\"2024-08-22T08:49:37+00:00\" \/>\n<meta property=\"og:image\" content=\"https:\/\/bike-express.ch\/wp-content\/uploads\/2022\/02\/H8115L.jpg\" \/>\n\t<meta property=\"og:image:width\" content=\"800\" \/>\n\t<meta property=\"og:image:height\" content=\"800\" \/>\n\t<meta property=\"og:image:type\" content=\"image\/jpeg\" \/>\n<meta name=\"twitter:card\" content=\"summary_large_image\" \/>\n<script type=\"application\/ld+json\" class=\"yoast-schema-graph\">{\"@context\":\"https:\/\/schema.org\",\"@graph\":[{\"@type\":\"WebPage\",\"@id\":\"https:\/\/bike-express.ch\/de\/produit\/vorbau-roadforce-ii-6-31-h8115l\/\",\"url\":\"https:\/\/bike-express.ch\/de\/produit\/vorbau-roadforce-ii-6-31-h8115l\/\",\"name\":\"VORBAU ROADFORCE II +\/-6\u00b0 31.8 60MM - Bike Express\",\"isPartOf\":{\"@id\":\"https:\/\/bike-express.ch\/de\/#website\"},\"primaryImageOfPage\":{\"@id\":\"https:\/\/bike-express.ch\/de\/produit\/vorbau-roadforce-ii-6-31-h8115l\/#primaryimage\"},\"image\":{\"@id\":\"https:\/\/bike-express.ch\/de\/produit\/vorbau-roadforce-ii-6-31-h8115l\/#primaryimage\"},\"thumbnailUrl\":\"https:\/\/bike-express.ch\/wp-content\/uploads\/2024\/08\/H8115L.jpg\",\"datePublished\":\"2022-01-31T14:16:08+00:00\",\"dateModified\":\"2024-08-22T08:49:37+00:00\",\"breadcrumb\":{\"@id\":\"https:\/\/bike-express.ch\/de\/produit\/vorbau-roadforce-ii-6-31-h8115l\/#breadcrumb\"},\"inLanguage\":\"de\",\"potentialAction\":[{\"@type\":\"ReadAction\",\"target\":[\"https:\/\/bike-express.ch\/de\/produit\/vorbau-roadforce-ii-6-31-h8115l\/\"]}]},{\"@type\":\"ImageObject\",\"inLanguage\":\"de\",\"@id\":\"https:\/\/bike-express.ch\/de\/produit\/vorbau-roadforce-ii-6-31-h8115l\/#primaryimage\",\"url\":\"https:\/\/bike-express.ch\/wp-content\/uploads\/2024\/08\/H8115L.jpg\",\"contentUrl\":\"https:\/\/bike-express.ch\/wp-content\/uploads\/2024\/08\/H8115L.jpg\",\"width\":800,\"height\":800},{\"@type\":\"BreadcrumbList\",\"@id\":\"https:\/\/bike-express.ch\/de\/produit\/vorbau-roadforce-ii-6-31-h8115l\/#breadcrumb\",\"itemListElement\":[{\"@type\":\"ListItem\",\"position\":1,\"name\":\"Accueil\",\"item\":\"https:\/\/bike-express.ch\/de\/\"},{\"@type\":\"ListItem\",\"position\":2,\"name\":\"Unsere Produkte\",\"item\":\"https:\/\/bike-express.ch\/de\/unsere-produkte\/\"},{\"@type\":\"ListItem\",\"position\":3,\"name\":\"Fahrradteile\",\"item\":\"https:\/\/bike-express.ch\/de\/categorie-produit\/fahrrad-fahrradteile-de\/\"},{\"@type\":\"ListItem\",\"position\":4,\"name\":\"Sattelst\u00fctzen\",\"item\":\"https:\/\/bike-express.ch\/de\/categorie-produit\/fahrrad-fahrradteile-de\/fahrrad-fahrr-sattelstutzen-de\/\"},{\"@type\":\"ListItem\",\"position\":5,\"name\":\"VORBAU ROADFORCE II +\/-6\u00b0 31.8 60MM\"}]},{\"@type\":\"WebSite\",\"@id\":\"https:\/\/bike-express.ch\/de\/#website\",\"url\":\"https:\/\/bike-express.ch\/de\/\",\"name\":\"Bike Express\",\"description\":\"Num\u00e9ro 1 des pi\u00e8ces de v\u00e9los en Suisse\",\"potentialAction\":[{\"@type\":\"SearchAction\",\"target\":{\"@type\":\"EntryPoint\",\"urlTemplate\":\"https:\/\/bike-express.ch\/de\/?s={search_term_string}\"},\"query-input\":{\"@type\":\"PropertyValueSpecification\",\"valueRequired\":true,\"valueName\":\"search_term_string\"}}],\"inLanguage\":\"de\"}]}<\/script>\n<!-- \/ Yoast SEO plugin. -->","yoast_head_json":{"title":"VORBAU ROADFORCE II +\/-6\u00b0 31.8 60MM - Bike Express","robots":{"index,follow":"index,follow"},"canonical":"https:\/\/bike-express.ch\/de\/produit\/vorbau-roadforce-ii-6-31-h8115l\/","og_locale":"de_DE","og_type":"article","og_title":"VORBAU ROADFORCE II +\/-6\u00b0 31.8 60MM - Bike Express","og_description":"VORBAU ROADFORCE II +\/-6\u00b0 31.8 60MM Stabiles 6061 Aluminium. 3D-geschmiedete, einteilige Konstruktion. Schwarz auf schwarz Dekor. F\u00fcr Oversized-Rennradlenker. Klemmung: 31,8mm. Neigung: 6 Grad. L\u00e4ngen: 45, 60, 70, 80, 90, 100, 110, 120 und 130mm. Gewicht: 162 g.","og_url":"https:\/\/bike-express.ch\/de\/produit\/vorbau-roadforce-ii-6-31-h8115l\/","og_site_name":"Bike Express","article_modified_time":"2024-08-22T08:49:37+00:00","og_image":[{"width":800,"height":800,"url":"https:\/\/bike-express.ch\/wp-content\/uploads\/2022\/02\/H8115L.jpg","type":"image\/jpeg"}],"twitter_card":"summary_large_image","schema":{"@context":"https:\/\/schema.org","@graph":[{"@type":"WebPage","@id":"https:\/\/bike-express.ch\/de\/produit\/vorbau-roadforce-ii-6-31-h8115l\/","url":"https:\/\/bike-express.ch\/de\/produit\/vorbau-roadforce-ii-6-31-h8115l\/","name":"VORBAU ROADFORCE II +\/-6\u00b0 31.8 60MM - Bike Express","isPartOf":{"@id":"https:\/\/bike-express.ch\/de\/#website"},"primaryImageOfPage":{"@id":"https:\/\/bike-express.ch\/de\/produit\/vorbau-roadforce-ii-6-31-h8115l\/#primaryimage"},"image":{"@id":"https:\/\/bike-express.ch\/de\/produit\/vorbau-roadforce-ii-6-31-h8115l\/#primaryimage"},"thumbnailUrl":"https:\/\/bike-express.ch\/wp-content\/uploads\/2024\/08\/H8115L.jpg","datePublished":"2022-01-31T14:16:08+00:00","dateModified":"2024-08-22T08:49:37+00:00","breadcrumb":{"@id":"https:\/\/bike-express.ch\/de\/produit\/vorbau-roadforce-ii-6-31-h8115l\/#breadcrumb"},"inLanguage":"de","potentialAction":[{"@type":"ReadAction","target":["https:\/\/bike-express.ch\/de\/produit\/vorbau-roadforce-ii-6-31-h8115l\/"]}]},{"@type":"ImageObject","inLanguage":"de","@id":"https:\/\/bike-express.ch\/de\/produit\/vorbau-roadforce-ii-6-31-h8115l\/#primaryimage","url":"https:\/\/bike-express.ch\/wp-content\/uploads\/2024\/08\/H8115L.jpg","contentUrl":"https:\/\/bike-express.ch\/wp-content\/uploads\/2024\/08\/H8115L.jpg","width":800,"height":800},{"@type":"BreadcrumbList","@id":"https:\/\/bike-express.ch\/de\/produit\/vorbau-roadforce-ii-6-31-h8115l\/#breadcrumb","itemListElement":[{"@type":"ListItem","position":1,"name":"Accueil","item":"https:\/\/bike-express.ch\/de\/"},{"@type":"ListItem","position":2,"name":"Unsere Produkte","item":"https:\/\/bike-express.ch\/de\/unsere-produkte\/"},{"@type":"ListItem","position":3,"name":"Fahrradteile","item":"https:\/\/bike-express.ch\/de\/categorie-produit\/fahrrad-fahrradteile-de\/"},{"@type":"ListItem","position":4,"name":"Sattelst\u00fctzen","item":"https:\/\/bike-express.ch\/de\/categorie-produit\/fahrrad-fahrradteile-de\/fahrrad-fahrr-sattelstutzen-de\/"},{"@type":"ListItem","position":5,"name":"VORBAU ROADFORCE II +\/-6\u00b0 31.8 60MM"}]},{"@type":"WebSite","@id":"https:\/\/bike-express.ch\/de\/#website","url":"https:\/\/bike-express.ch\/de\/","name":"Bike Express","description":"Num\u00e9ro 1 des pi\u00e8ces de v\u00e9los en Suisse","potentialAction":[{"@type":"SearchAction","target":{"@type":"EntryPoint","urlTemplate":"https:\/\/bike-express.ch\/de\/?s={search_term_string}"},"query-input":{"@type":"PropertyValueSpecification","valueRequired":true,"valueName":"search_term_string"}}],"inLanguage":"de"}]}},"_links":{"self":[{"href":"https:\/\/bike-express.ch\/de\/wp-json\/wp\/v2\/product\/38555","targetHints":{"allow":["GET"]}}],"collection":[{"href":"https:\/\/bike-express.ch\/de\/wp-json\/wp\/v2\/product"}],"about":[{"href":"https:\/\/bike-express.ch\/de\/wp-json\/wp\/v2\/types\/product"}],"wp:featuredmedia":[{"embeddable":true,"href":"https:\/\/bike-express.ch\/de\/wp-json\/wp\/v2\/media\/272324"}],"wp:attachment":[{"href":"https:\/\/bike-express.ch\/de\/wp-json\/wp\/v2\/media?parent=38555"}],"wp:term":[{"taxonomy":"product_brand","embeddable":true,"href":"https:\/\/bike-express.ch\/de\/wp-json\/wp\/v2\/product_brand?post=38555"},{"taxonomy":"product_cat","embeddable":true,"href":"https:\/\/bike-express.ch\/de\/wp-json\/wp\/v2\/product_cat?post=38555"},{"taxonomy":"product_tag","embeddable":true,"href":"https:\/\/bike-express.ch\/de\/wp-json\/wp\/v2\/product_tag?post=38555"}],"curies":[{"name":"wp","href":"https:\/\/api.w.org\/{rel}","templated":true}]}}