{"id":38558,"date":"2022-01-31T15:16:11","date_gmt":"2022-01-31T14:16:11","guid":{"rendered":"https:\/\/test1.bike-express.ch\/new\/produit\/vorbau-adj-40-60o-2-h8271i\/"},"modified":"2024-08-22T10:49:46","modified_gmt":"2024-08-22T08:49:46","slug":"vorbau-adj-40-60o-2-h8271i","status":"publish","type":"product","link":"https:\/\/bike-express.ch\/de\/produit\/vorbau-adj-40-60o-2-h8271i\/","title":{"rendered":"Vorbau adj. -40\u00b0 \/ +60\u00b0,\u00d8 25.4 x L 100mm schwarz, direkte Montage auf Gabelschaft"},"content":{"rendered":"<p>Vorbau adj. -40\u00b0 \/ +60\u00b0,\u00d8 25.4 x L 100mm schwarz, direkte Montage auf Gabelschaft<\/p>\n","protected":false},"excerpt":{"rendered":"<p>Vorbau adj. -40\u00b0 \/ +60\u00b0,\u00d8 25.4 x L 100mm schwarz, direkte Montage auf Gabelschaft<\/p>\n","protected":false},"featured_media":272333,"template":"","meta":[],"product_brand":[118187],"product_cat":[117314,11847],"product_tag":[],"class_list":{"0":"post-38558","1":"product","2":"type-product","3":"status-publish","4":"has-post-thumbnail","6":"product_brand-bbb","7":"product_cat-ajustable-o-25-4mm","8":"product_cat-fahrrad-fahrradteile-de","10":"first","11":"instock","12":"taxable","13":"shipping-taxable","14":"purchasable","15":"product-type-simple"},"yoast_head":"<!-- This site is optimized with the Yoast SEO plugin v27.1.1 - https:\/\/yoast.com\/product\/yoast-seo-wordpress\/ -->\n<title>Vorbau adj. -40\u00b0 \/ +60\u00b0,\u00d8 25.4 x L 100mm schwarz, direkte Montage auf Gabelschaft - Bike Express<\/title>\n<meta name=\"robots\" content=\"index,follow\" \/>\n<link rel=\"canonical\" href=\"https:\/\/bike-express.ch\/de\/produit\/vorbau-adj-40-60o-2-h8271i\/\" \/>\n<meta property=\"og:locale\" content=\"de_DE\" \/>\n<meta property=\"og:type\" content=\"article\" \/>\n<meta property=\"og:title\" content=\"Vorbau adj. -40\u00b0 \/ +60\u00b0,\u00d8 25.4 x L 100mm schwarz, direkte Montage auf Gabelschaft - Bike Express\" \/>\n<meta property=\"og:description\" content=\"Vorbau adj. -40\u00b0 \/ +60\u00b0,\u00d8 25.4 x L 100mm schwarz, direkte Montage auf Gabelschaft\" \/>\n<meta property=\"og:url\" content=\"https:\/\/bike-express.ch\/de\/produit\/vorbau-adj-40-60o-2-h8271i\/\" \/>\n<meta property=\"og:site_name\" content=\"Bike Express\" \/>\n<meta property=\"article:modified_time\" content=\"2024-08-22T08:49:46+00:00\" \/>\n<meta property=\"og:image\" content=\"https:\/\/bike-express.ch\/wp-content\/uploads\/2022\/02\/H8271I.jpg\" \/>\n\t<meta property=\"og:image:width\" content=\"527\" \/>\n\t<meta property=\"og:image:height\" content=\"527\" \/>\n\t<meta property=\"og:image:type\" content=\"image\/jpeg\" \/>\n<meta name=\"twitter:card\" content=\"summary_large_image\" \/>\n<script type=\"application\/ld+json\" class=\"yoast-schema-graph\">{\"@context\":\"https:\/\/schema.org\",\"@graph\":[{\"@type\":\"WebPage\",\"@id\":\"https:\/\/bike-express.ch\/de\/produit\/vorbau-adj-40-60o-2-h8271i\/\",\"url\":\"https:\/\/bike-express.ch\/de\/produit\/vorbau-adj-40-60o-2-h8271i\/\",\"name\":\"Vorbau adj. -40\u00b0 \/ +60\u00b0,\u00d8 25.4 x L 100mm schwarz, direkte Montage auf Gabelschaft - Bike Express\",\"isPartOf\":{\"@id\":\"https:\/\/bike-express.ch\/de\/#website\"},\"primaryImageOfPage\":{\"@id\":\"https:\/\/bike-express.ch\/de\/produit\/vorbau-adj-40-60o-2-h8271i\/#primaryimage\"},\"image\":{\"@id\":\"https:\/\/bike-express.ch\/de\/produit\/vorbau-adj-40-60o-2-h8271i\/#primaryimage\"},\"thumbnailUrl\":\"https:\/\/bike-express.ch\/wp-content\/uploads\/2024\/08\/H8271I.jpg\",\"datePublished\":\"2022-01-31T14:16:11+00:00\",\"dateModified\":\"2024-08-22T08:49:46+00:00\",\"breadcrumb\":{\"@id\":\"https:\/\/bike-express.ch\/de\/produit\/vorbau-adj-40-60o-2-h8271i\/#breadcrumb\"},\"inLanguage\":\"de\",\"potentialAction\":[{\"@type\":\"ReadAction\",\"target\":[\"https:\/\/bike-express.ch\/de\/produit\/vorbau-adj-40-60o-2-h8271i\/\"]}]},{\"@type\":\"ImageObject\",\"inLanguage\":\"de\",\"@id\":\"https:\/\/bike-express.ch\/de\/produit\/vorbau-adj-40-60o-2-h8271i\/#primaryimage\",\"url\":\"https:\/\/bike-express.ch\/wp-content\/uploads\/2024\/08\/H8271I.jpg\",\"contentUrl\":\"https:\/\/bike-express.ch\/wp-content\/uploads\/2024\/08\/H8271I.jpg\",\"width\":527,\"height\":527},{\"@type\":\"BreadcrumbList\",\"@id\":\"https:\/\/bike-express.ch\/de\/produit\/vorbau-adj-40-60o-2-h8271i\/#breadcrumb\",\"itemListElement\":[{\"@type\":\"ListItem\",\"position\":1,\"name\":\"Accueil\",\"item\":\"https:\/\/bike-express.ch\/de\/\"},{\"@type\":\"ListItem\",\"position\":2,\"name\":\"Unsere Produkte\",\"item\":\"https:\/\/bike-express.ch\/de\/unsere-produkte\/\"},{\"@type\":\"ListItem\",\"position\":3,\"name\":\"Fahrradteile\",\"item\":\"https:\/\/bike-express.ch\/de\/categorie-produit\/fahrrad-fahrradteile-de\/\"},{\"@type\":\"ListItem\",\"position\":4,\"name\":\"Sattelst\u00fctzen\",\"item\":\"https:\/\/bike-express.ch\/de\/categorie-produit\/fahrrad-fahrradteile-de\/fahrrad-fahrr-sattelstutzen-de\/\"},{\"@type\":\"ListItem\",\"position\":5,\"name\":\"Vorbau adj. -40\u00b0 \/ +60\u00b0,\u00d8 25.4 x L 100mm schwarz, direkte Montage auf Gabelschaft\"}]},{\"@type\":\"WebSite\",\"@id\":\"https:\/\/bike-express.ch\/de\/#website\",\"url\":\"https:\/\/bike-express.ch\/de\/\",\"name\":\"Bike Express\",\"description\":\"Num\u00e9ro 1 des pi\u00e8ces de v\u00e9los en Suisse\",\"potentialAction\":[{\"@type\":\"SearchAction\",\"target\":{\"@type\":\"EntryPoint\",\"urlTemplate\":\"https:\/\/bike-express.ch\/de\/?s={search_term_string}\"},\"query-input\":{\"@type\":\"PropertyValueSpecification\",\"valueRequired\":true,\"valueName\":\"search_term_string\"}}],\"inLanguage\":\"de\"}]}<\/script>\n<!-- \/ Yoast SEO plugin. -->","yoast_head_json":{"title":"Vorbau adj. -40\u00b0 \/ +60\u00b0,\u00d8 25.4 x L 100mm schwarz, direkte Montage auf Gabelschaft - Bike Express","robots":{"index,follow":"index,follow"},"canonical":"https:\/\/bike-express.ch\/de\/produit\/vorbau-adj-40-60o-2-h8271i\/","og_locale":"de_DE","og_type":"article","og_title":"Vorbau adj. -40\u00b0 \/ +60\u00b0,\u00d8 25.4 x L 100mm schwarz, direkte Montage auf Gabelschaft - Bike Express","og_description":"Vorbau adj. -40\u00b0 \/ +60\u00b0,\u00d8 25.4 x L 100mm schwarz, direkte Montage auf Gabelschaft","og_url":"https:\/\/bike-express.ch\/de\/produit\/vorbau-adj-40-60o-2-h8271i\/","og_site_name":"Bike Express","article_modified_time":"2024-08-22T08:49:46+00:00","og_image":[{"width":527,"height":527,"url":"https:\/\/bike-express.ch\/wp-content\/uploads\/2022\/02\/H8271I.jpg","type":"image\/jpeg"}],"twitter_card":"summary_large_image","schema":{"@context":"https:\/\/schema.org","@graph":[{"@type":"WebPage","@id":"https:\/\/bike-express.ch\/de\/produit\/vorbau-adj-40-60o-2-h8271i\/","url":"https:\/\/bike-express.ch\/de\/produit\/vorbau-adj-40-60o-2-h8271i\/","name":"Vorbau adj. -40\u00b0 \/ +60\u00b0,\u00d8 25.4 x L 100mm schwarz, direkte Montage auf Gabelschaft - Bike Express","isPartOf":{"@id":"https:\/\/bike-express.ch\/de\/#website"},"primaryImageOfPage":{"@id":"https:\/\/bike-express.ch\/de\/produit\/vorbau-adj-40-60o-2-h8271i\/#primaryimage"},"image":{"@id":"https:\/\/bike-express.ch\/de\/produit\/vorbau-adj-40-60o-2-h8271i\/#primaryimage"},"thumbnailUrl":"https:\/\/bike-express.ch\/wp-content\/uploads\/2024\/08\/H8271I.jpg","datePublished":"2022-01-31T14:16:11+00:00","dateModified":"2024-08-22T08:49:46+00:00","breadcrumb":{"@id":"https:\/\/bike-express.ch\/de\/produit\/vorbau-adj-40-60o-2-h8271i\/#breadcrumb"},"inLanguage":"de","potentialAction":[{"@type":"ReadAction","target":["https:\/\/bike-express.ch\/de\/produit\/vorbau-adj-40-60o-2-h8271i\/"]}]},{"@type":"ImageObject","inLanguage":"de","@id":"https:\/\/bike-express.ch\/de\/produit\/vorbau-adj-40-60o-2-h8271i\/#primaryimage","url":"https:\/\/bike-express.ch\/wp-content\/uploads\/2024\/08\/H8271I.jpg","contentUrl":"https:\/\/bike-express.ch\/wp-content\/uploads\/2024\/08\/H8271I.jpg","width":527,"height":527},{"@type":"BreadcrumbList","@id":"https:\/\/bike-express.ch\/de\/produit\/vorbau-adj-40-60o-2-h8271i\/#breadcrumb","itemListElement":[{"@type":"ListItem","position":1,"name":"Accueil","item":"https:\/\/bike-express.ch\/de\/"},{"@type":"ListItem","position":2,"name":"Unsere Produkte","item":"https:\/\/bike-express.ch\/de\/unsere-produkte\/"},{"@type":"ListItem","position":3,"name":"Fahrradteile","item":"https:\/\/bike-express.ch\/de\/categorie-produit\/fahrrad-fahrradteile-de\/"},{"@type":"ListItem","position":4,"name":"Sattelst\u00fctzen","item":"https:\/\/bike-express.ch\/de\/categorie-produit\/fahrrad-fahrradteile-de\/fahrrad-fahrr-sattelstutzen-de\/"},{"@type":"ListItem","position":5,"name":"Vorbau adj. -40\u00b0 \/ +60\u00b0,\u00d8 25.4 x L 100mm schwarz, direkte Montage auf Gabelschaft"}]},{"@type":"WebSite","@id":"https:\/\/bike-express.ch\/de\/#website","url":"https:\/\/bike-express.ch\/de\/","name":"Bike Express","description":"Num\u00e9ro 1 des pi\u00e8ces de v\u00e9los en Suisse","potentialAction":[{"@type":"SearchAction","target":{"@type":"EntryPoint","urlTemplate":"https:\/\/bike-express.ch\/de\/?s={search_term_string}"},"query-input":{"@type":"PropertyValueSpecification","valueRequired":true,"valueName":"search_term_string"}}],"inLanguage":"de"}]}},"_links":{"self":[{"href":"https:\/\/bike-express.ch\/de\/wp-json\/wp\/v2\/product\/38558","targetHints":{"allow":["GET"]}}],"collection":[{"href":"https:\/\/bike-express.ch\/de\/wp-json\/wp\/v2\/product"}],"about":[{"href":"https:\/\/bike-express.ch\/de\/wp-json\/wp\/v2\/types\/product"}],"wp:featuredmedia":[{"embeddable":true,"href":"https:\/\/bike-express.ch\/de\/wp-json\/wp\/v2\/media\/272333"}],"wp:attachment":[{"href":"https:\/\/bike-express.ch\/de\/wp-json\/wp\/v2\/media?parent=38558"}],"wp:term":[{"taxonomy":"product_brand","embeddable":true,"href":"https:\/\/bike-express.ch\/de\/wp-json\/wp\/v2\/product_brand?post=38558"},{"taxonomy":"product_cat","embeddable":true,"href":"https:\/\/bike-express.ch\/de\/wp-json\/wp\/v2\/product_cat?post=38558"},{"taxonomy":"product_tag","embeddable":true,"href":"https:\/\/bike-express.ch\/de\/wp-json\/wp\/v2\/product_tag?post=38558"}],"curies":[{"name":"wp","href":"https:\/\/api.w.org\/{rel}","templated":true}]}}