{"id":38638,"date":"2022-01-31T15:17:19","date_gmt":"2022-01-31T14:17:19","guid":{"rendered":"https:\/\/test1.bike-express.ch\/new\/produit\/schlauch-700x20-28c-presta-fv-h8086j\/"},"modified":"2024-08-22T11:11:27","modified_gmt":"2024-08-22T09:11:27","slug":"schlauch-700x20-28c-presta-fv-h8086j","status":"publish","type":"product","link":"https:\/\/bike-express.ch\/de\/produit\/schlauch-700x20-28c-presta-fv-h8086j\/","title":{"rendered":"Tuyau 700&#215;20\/28C Presta Fv 60mmSLight"},"content":{"rendered":"<p>Chambre \u00e0 air 700&#215;20\/28C Presta Fv 60mmSLight<\/p>\n","protected":false},"excerpt":{"rendered":"<p>Chambre \u00e0 air 700&#215;20\/28C Presta Fv 60mmSLight<\/p>\n","protected":false},"featured_media":273578,"template":"","meta":[],"product_brand":[118187],"product_cat":[11847,117383],"product_tag":[],"class_list":{"0":"post-38638","1":"product","2":"type-product","3":"status-publish","4":"has-post-thumbnail","6":"product_brand-bbb","7":"product_cat-fahrrad-fahrradteile-de","8":"product_cat-route-cx","10":"first","11":"instock","12":"taxable","13":"shipping-taxable","14":"purchasable","15":"product-type-simple"},"yoast_head":"<!-- This site is optimized with the Yoast SEO plugin v27.1.1 - https:\/\/yoast.com\/product\/yoast-seo-wordpress\/ -->\n<title>Tuyau 700&#215;20\/28C Presta Fv 60mmSLight - Bike Express<\/title>\n<meta name=\"robots\" content=\"index,follow\" \/>\n<link rel=\"canonical\" href=\"https:\/\/bike-express.ch\/de\/produit\/schlauch-700x20-28c-presta-fv-h8086j\/\" \/>\n<meta property=\"og:locale\" content=\"de_DE\" \/>\n<meta property=\"og:type\" content=\"article\" \/>\n<meta property=\"og:title\" content=\"Tuyau 700&#215;20\/28C Presta Fv 60mmSLight - Bike Express\" \/>\n<meta property=\"og:description\" content=\"Chambre \u00e0 air 700&#215;20\/28C Presta Fv 60mmSLight\" \/>\n<meta property=\"og:url\" content=\"https:\/\/bike-express.ch\/de\/produit\/schlauch-700x20-28c-presta-fv-h8086j\/\" \/>\n<meta property=\"og:site_name\" content=\"Bike Express\" \/>\n<meta property=\"article:modified_time\" content=\"2024-08-22T09:11:27+00:00\" \/>\n<meta property=\"og:image\" content=\"https:\/\/bike-express.ch\/wp-content\/uploads\/2022\/02\/H8086J.jpg\" \/>\n\t<meta property=\"og:image:width\" content=\"800\" \/>\n\t<meta property=\"og:image:height\" content=\"800\" \/>\n\t<meta property=\"og:image:type\" content=\"image\/jpeg\" \/>\n<meta name=\"twitter:card\" content=\"summary_large_image\" \/>\n<script type=\"application\/ld+json\" class=\"yoast-schema-graph\">{\"@context\":\"https:\/\/schema.org\",\"@graph\":[{\"@type\":\"WebPage\",\"@id\":\"https:\/\/bike-express.ch\/de\/produit\/schlauch-700x20-28c-presta-fv-h8086j\/\",\"url\":\"https:\/\/bike-express.ch\/de\/produit\/schlauch-700x20-28c-presta-fv-h8086j\/\",\"name\":\"Tuyau 700&#215;20\/28C Presta Fv 60mmSLight - Bike Express\",\"isPartOf\":{\"@id\":\"https:\/\/bike-express.ch\/de\/#website\"},\"primaryImageOfPage\":{\"@id\":\"https:\/\/bike-express.ch\/de\/produit\/schlauch-700x20-28c-presta-fv-h8086j\/#primaryimage\"},\"image\":{\"@id\":\"https:\/\/bike-express.ch\/de\/produit\/schlauch-700x20-28c-presta-fv-h8086j\/#primaryimage\"},\"thumbnailUrl\":\"https:\/\/bike-express.ch\/wp-content\/uploads\/2024\/08\/H8086J.jpg\",\"datePublished\":\"2022-01-31T14:17:19+00:00\",\"dateModified\":\"2024-08-22T09:11:27+00:00\",\"breadcrumb\":{\"@id\":\"https:\/\/bike-express.ch\/de\/produit\/schlauch-700x20-28c-presta-fv-h8086j\/#breadcrumb\"},\"inLanguage\":\"de\",\"potentialAction\":[{\"@type\":\"ReadAction\",\"target\":[\"https:\/\/bike-express.ch\/de\/produit\/schlauch-700x20-28c-presta-fv-h8086j\/\"]}]},{\"@type\":\"ImageObject\",\"inLanguage\":\"de\",\"@id\":\"https:\/\/bike-express.ch\/de\/produit\/schlauch-700x20-28c-presta-fv-h8086j\/#primaryimage\",\"url\":\"https:\/\/bike-express.ch\/wp-content\/uploads\/2024\/08\/H8086J.jpg\",\"contentUrl\":\"https:\/\/bike-express.ch\/wp-content\/uploads\/2024\/08\/H8086J.jpg\",\"width\":800,\"height\":800},{\"@type\":\"BreadcrumbList\",\"@id\":\"https:\/\/bike-express.ch\/de\/produit\/schlauch-700x20-28c-presta-fv-h8086j\/#breadcrumb\",\"itemListElement\":[{\"@type\":\"ListItem\",\"position\":1,\"name\":\"Accueil\",\"item\":\"https:\/\/bike-express.ch\/de\/\"},{\"@type\":\"ListItem\",\"position\":2,\"name\":\"Unsere Produkte\",\"item\":\"https:\/\/bike-express.ch\/de\/unsere-produkte\/\"},{\"@type\":\"ListItem\",\"position\":3,\"name\":\"Fahrradteile\",\"item\":\"https:\/\/bike-express.ch\/de\/categorie-produit\/fahrrad-fahrradteile-de\/\"},{\"@type\":\"ListItem\",\"position\":4,\"name\":\"Reifen &amp; Schl\u00e4uche\",\"item\":\"https:\/\/bike-express.ch\/de\/categorie-produit\/fahrrad-fahrradteile-de\/fahrrad-fahrr-reifen-schlauche-de\/\"},{\"@type\":\"ListItem\",\"position\":5,\"name\":\"Schl\u00e4uche\",\"item\":\"https:\/\/bike-express.ch\/de\/categorie-produit\/fahrrad-fahrradteile-de\/fahrrad-fahrr-reifen-schlauche-de\/fahrrad-reife-schlauche-de\/\"},{\"@type\":\"ListItem\",\"position\":6,\"name\":\"Tuyau 700&#215;20\/28C Presta Fv 60mmSLight\"}]},{\"@type\":\"WebSite\",\"@id\":\"https:\/\/bike-express.ch\/de\/#website\",\"url\":\"https:\/\/bike-express.ch\/de\/\",\"name\":\"Bike Express\",\"description\":\"Num\u00e9ro 1 des pi\u00e8ces de v\u00e9los en Suisse\",\"potentialAction\":[{\"@type\":\"SearchAction\",\"target\":{\"@type\":\"EntryPoint\",\"urlTemplate\":\"https:\/\/bike-express.ch\/de\/?s={search_term_string}\"},\"query-input\":{\"@type\":\"PropertyValueSpecification\",\"valueRequired\":true,\"valueName\":\"search_term_string\"}}],\"inLanguage\":\"de\"}]}<\/script>\n<!-- \/ Yoast SEO plugin. -->","yoast_head_json":{"title":"Tuyau 700&#215;20\/28C Presta Fv 60mmSLight - Bike Express","robots":{"index,follow":"index,follow"},"canonical":"https:\/\/bike-express.ch\/de\/produit\/schlauch-700x20-28c-presta-fv-h8086j\/","og_locale":"de_DE","og_type":"article","og_title":"Tuyau 700&#215;20\/28C Presta Fv 60mmSLight - Bike Express","og_description":"Chambre \u00e0 air 700&#215;20\/28C Presta Fv 60mmSLight","og_url":"https:\/\/bike-express.ch\/de\/produit\/schlauch-700x20-28c-presta-fv-h8086j\/","og_site_name":"Bike Express","article_modified_time":"2024-08-22T09:11:27+00:00","og_image":[{"width":800,"height":800,"url":"https:\/\/bike-express.ch\/wp-content\/uploads\/2022\/02\/H8086J.jpg","type":"image\/jpeg"}],"twitter_card":"summary_large_image","schema":{"@context":"https:\/\/schema.org","@graph":[{"@type":"WebPage","@id":"https:\/\/bike-express.ch\/de\/produit\/schlauch-700x20-28c-presta-fv-h8086j\/","url":"https:\/\/bike-express.ch\/de\/produit\/schlauch-700x20-28c-presta-fv-h8086j\/","name":"Tuyau 700&#215;20\/28C Presta Fv 60mmSLight - Bike Express","isPartOf":{"@id":"https:\/\/bike-express.ch\/de\/#website"},"primaryImageOfPage":{"@id":"https:\/\/bike-express.ch\/de\/produit\/schlauch-700x20-28c-presta-fv-h8086j\/#primaryimage"},"image":{"@id":"https:\/\/bike-express.ch\/de\/produit\/schlauch-700x20-28c-presta-fv-h8086j\/#primaryimage"},"thumbnailUrl":"https:\/\/bike-express.ch\/wp-content\/uploads\/2024\/08\/H8086J.jpg","datePublished":"2022-01-31T14:17:19+00:00","dateModified":"2024-08-22T09:11:27+00:00","breadcrumb":{"@id":"https:\/\/bike-express.ch\/de\/produit\/schlauch-700x20-28c-presta-fv-h8086j\/#breadcrumb"},"inLanguage":"de","potentialAction":[{"@type":"ReadAction","target":["https:\/\/bike-express.ch\/de\/produit\/schlauch-700x20-28c-presta-fv-h8086j\/"]}]},{"@type":"ImageObject","inLanguage":"de","@id":"https:\/\/bike-express.ch\/de\/produit\/schlauch-700x20-28c-presta-fv-h8086j\/#primaryimage","url":"https:\/\/bike-express.ch\/wp-content\/uploads\/2024\/08\/H8086J.jpg","contentUrl":"https:\/\/bike-express.ch\/wp-content\/uploads\/2024\/08\/H8086J.jpg","width":800,"height":800},{"@type":"BreadcrumbList","@id":"https:\/\/bike-express.ch\/de\/produit\/schlauch-700x20-28c-presta-fv-h8086j\/#breadcrumb","itemListElement":[{"@type":"ListItem","position":1,"name":"Accueil","item":"https:\/\/bike-express.ch\/de\/"},{"@type":"ListItem","position":2,"name":"Unsere Produkte","item":"https:\/\/bike-express.ch\/de\/unsere-produkte\/"},{"@type":"ListItem","position":3,"name":"Fahrradteile","item":"https:\/\/bike-express.ch\/de\/categorie-produit\/fahrrad-fahrradteile-de\/"},{"@type":"ListItem","position":4,"name":"Reifen &amp; Schl\u00e4uche","item":"https:\/\/bike-express.ch\/de\/categorie-produit\/fahrrad-fahrradteile-de\/fahrrad-fahrr-reifen-schlauche-de\/"},{"@type":"ListItem","position":5,"name":"Schl\u00e4uche","item":"https:\/\/bike-express.ch\/de\/categorie-produit\/fahrrad-fahrradteile-de\/fahrrad-fahrr-reifen-schlauche-de\/fahrrad-reife-schlauche-de\/"},{"@type":"ListItem","position":6,"name":"Tuyau 700&#215;20\/28C Presta Fv 60mmSLight"}]},{"@type":"WebSite","@id":"https:\/\/bike-express.ch\/de\/#website","url":"https:\/\/bike-express.ch\/de\/","name":"Bike Express","description":"Num\u00e9ro 1 des pi\u00e8ces de v\u00e9los en Suisse","potentialAction":[{"@type":"SearchAction","target":{"@type":"EntryPoint","urlTemplate":"https:\/\/bike-express.ch\/de\/?s={search_term_string}"},"query-input":{"@type":"PropertyValueSpecification","valueRequired":true,"valueName":"search_term_string"}}],"inLanguage":"de"}]}},"_links":{"self":[{"href":"https:\/\/bike-express.ch\/de\/wp-json\/wp\/v2\/product\/38638","targetHints":{"allow":["GET"]}}],"collection":[{"href":"https:\/\/bike-express.ch\/de\/wp-json\/wp\/v2\/product"}],"about":[{"href":"https:\/\/bike-express.ch\/de\/wp-json\/wp\/v2\/types\/product"}],"wp:featuredmedia":[{"embeddable":true,"href":"https:\/\/bike-express.ch\/de\/wp-json\/wp\/v2\/media\/273578"}],"wp:attachment":[{"href":"https:\/\/bike-express.ch\/de\/wp-json\/wp\/v2\/media?parent=38638"}],"wp:term":[{"taxonomy":"product_brand","embeddable":true,"href":"https:\/\/bike-express.ch\/de\/wp-json\/wp\/v2\/product_brand?post=38638"},{"taxonomy":"product_cat","embeddable":true,"href":"https:\/\/bike-express.ch\/de\/wp-json\/wp\/v2\/product_cat?post=38638"},{"taxonomy":"product_tag","embeddable":true,"href":"https:\/\/bike-express.ch\/de\/wp-json\/wp\/v2\/product_tag?post=38638"}],"curies":[{"name":"wp","href":"https:\/\/api.w.org\/{rel}","templated":true}]}}