{"id":38770,"date":"2022-01-31T15:19:14","date_gmt":"2022-01-31T14:19:14","guid":{"rendered":"https:\/\/test1.bike-express.ch\/new\/produit\/discbelag-avid-code-2011-2014-h8183c\/"},"modified":"2024-08-22T11:01:11","modified_gmt":"2024-08-22T09:01:11","slug":"discbelag-avid-code-2011-2014-h8183c","status":"publish","type":"product","link":"https:\/\/bike-express.ch\/de\/produit\/discbelag-avid-code-2011-2014-h8183c\/","title":{"rendered":"Discbelag Avid Code 2011-2014, CodeR, sinter, 1 Paar"},"content":{"rendered":"<p>Discbelag Avid Code 2011-2014, CodeR, sinter, 1 Paar<br \/>\n Hochleistungsf\u00e4hige Scheibenbremsbel\u00e4ge.<br \/>\n Gesinterte Bel\u00e4ge.<br \/>\n Passend f\u00fcr: Avid Code (2011 &#8211; 2014) und Code R.<br \/>\n Hinweis: Diese Scheibenbremsbel\u00e4ge sind nur f\u00fcr Rotoren aus rostfreiem Stahl geeignet.<\/p>\n","protected":false},"excerpt":{"rendered":"<p>Discbelag Avid Code 2011-2014, CodeR, sinter, 1 Paar Hochleistungsf\u00e4hige Scheibenbremsbel\u00e4ge. Gesinterte Bel\u00e4ge. Passend f\u00fcr: Avid Code (2011 &#8211; 2014) und Code R. Hinweis: Diese Scheibenbremsbel\u00e4ge sind nur f\u00fcr Rotoren aus rostfreiem Stahl geeignet.<\/p>\n","protected":false},"featured_media":272984,"template":"","meta":[],"product_brand":[118187],"product_cat":[11847,117349],"product_tag":[],"class_list":{"0":"post-38770","1":"product","2":"type-product","3":"status-publish","4":"has-post-thumbnail","6":"product_brand-bbb","7":"product_cat-fahrrad-fahrradteile-de","8":"product_cat-sram-avid","10":"first","11":"instock","12":"taxable","13":"shipping-taxable","14":"purchasable","15":"product-type-simple"},"yoast_head":"<!-- This site is optimized with the Yoast SEO plugin v27.1.1 - https:\/\/yoast.com\/product\/yoast-seo-wordpress\/ -->\n<title>Discbelag Avid Code 2011-2014, CodeR, sinter, 1 Paar - Bike Express<\/title>\n<meta name=\"robots\" content=\"index,follow\" \/>\n<link rel=\"canonical\" href=\"https:\/\/bike-express.ch\/de\/produit\/discbelag-avid-code-2011-2014-h8183c\/\" \/>\n<meta property=\"og:locale\" content=\"de_DE\" \/>\n<meta property=\"og:type\" content=\"article\" \/>\n<meta property=\"og:title\" content=\"Discbelag Avid Code 2011-2014, CodeR, sinter, 1 Paar - Bike Express\" \/>\n<meta property=\"og:description\" content=\"Discbelag Avid Code 2011-2014, CodeR, sinter, 1 Paar Hochleistungsf\u00e4hige Scheibenbremsbel\u00e4ge. Gesinterte Bel\u00e4ge. Passend f\u00fcr: Avid Code (2011 &#8211; 2014) und Code R. Hinweis: Diese Scheibenbremsbel\u00e4ge sind nur f\u00fcr Rotoren aus rostfreiem Stahl geeignet.\" \/>\n<meta property=\"og:url\" content=\"https:\/\/bike-express.ch\/de\/produit\/discbelag-avid-code-2011-2014-h8183c\/\" \/>\n<meta property=\"og:site_name\" content=\"Bike Express\" \/>\n<meta property=\"article:modified_time\" content=\"2024-08-22T09:01:11+00:00\" \/>\n<meta property=\"og:image\" content=\"https:\/\/bike-express.ch\/wp-content\/uploads\/2022\/02\/H8183C.jpg\" \/>\n\t<meta property=\"og:image:width\" content=\"800\" \/>\n\t<meta property=\"og:image:height\" content=\"338\" \/>\n\t<meta property=\"og:image:type\" content=\"image\/jpeg\" \/>\n<meta name=\"twitter:card\" content=\"summary_large_image\" \/>\n<script type=\"application\/ld+json\" class=\"yoast-schema-graph\">{\"@context\":\"https:\/\/schema.org\",\"@graph\":[{\"@type\":\"WebPage\",\"@id\":\"https:\/\/bike-express.ch\/de\/produit\/discbelag-avid-code-2011-2014-h8183c\/\",\"url\":\"https:\/\/bike-express.ch\/de\/produit\/discbelag-avid-code-2011-2014-h8183c\/\",\"name\":\"Discbelag Avid Code 2011-2014, CodeR, sinter, 1 Paar - Bike Express\",\"isPartOf\":{\"@id\":\"https:\/\/bike-express.ch\/de\/#website\"},\"primaryImageOfPage\":{\"@id\":\"https:\/\/bike-express.ch\/de\/produit\/discbelag-avid-code-2011-2014-h8183c\/#primaryimage\"},\"image\":{\"@id\":\"https:\/\/bike-express.ch\/de\/produit\/discbelag-avid-code-2011-2014-h8183c\/#primaryimage\"},\"thumbnailUrl\":\"https:\/\/bike-express.ch\/wp-content\/uploads\/2024\/08\/H8183C.jpg\",\"datePublished\":\"2022-01-31T14:19:14+00:00\",\"dateModified\":\"2024-08-22T09:01:11+00:00\",\"breadcrumb\":{\"@id\":\"https:\/\/bike-express.ch\/de\/produit\/discbelag-avid-code-2011-2014-h8183c\/#breadcrumb\"},\"inLanguage\":\"de\",\"potentialAction\":[{\"@type\":\"ReadAction\",\"target\":[\"https:\/\/bike-express.ch\/de\/produit\/discbelag-avid-code-2011-2014-h8183c\/\"]}]},{\"@type\":\"ImageObject\",\"inLanguage\":\"de\",\"@id\":\"https:\/\/bike-express.ch\/de\/produit\/discbelag-avid-code-2011-2014-h8183c\/#primaryimage\",\"url\":\"https:\/\/bike-express.ch\/wp-content\/uploads\/2024\/08\/H8183C.jpg\",\"contentUrl\":\"https:\/\/bike-express.ch\/wp-content\/uploads\/2024\/08\/H8183C.jpg\",\"width\":800,\"height\":338},{\"@type\":\"BreadcrumbList\",\"@id\":\"https:\/\/bike-express.ch\/de\/produit\/discbelag-avid-code-2011-2014-h8183c\/#breadcrumb\",\"itemListElement\":[{\"@type\":\"ListItem\",\"position\":1,\"name\":\"Accueil\",\"item\":\"https:\/\/bike-express.ch\/de\/\"},{\"@type\":\"ListItem\",\"position\":2,\"name\":\"Unsere Produkte\",\"item\":\"https:\/\/bike-express.ch\/de\/unsere-produkte\/\"},{\"@type\":\"ListItem\",\"position\":3,\"name\":\"Fahrradteile\",\"item\":\"https:\/\/bike-express.ch\/de\/categorie-produit\/fahrrad-fahrradteile-de\/\"},{\"@type\":\"ListItem\",\"position\":4,\"name\":\"Bremsen\",\"item\":\"https:\/\/bike-express.ch\/de\/categorie-produit\/fahrrad-fahrradteile-de\/fahrrad-fahrr-bremsen-de\/\"},{\"@type\":\"ListItem\",\"position\":5,\"name\":\"Discbelag Avid Code 2011-2014, CodeR, sinter, 1 Paar\"}]},{\"@type\":\"WebSite\",\"@id\":\"https:\/\/bike-express.ch\/de\/#website\",\"url\":\"https:\/\/bike-express.ch\/de\/\",\"name\":\"Bike Express\",\"description\":\"Num\u00e9ro 1 des pi\u00e8ces de v\u00e9los en Suisse\",\"potentialAction\":[{\"@type\":\"SearchAction\",\"target\":{\"@type\":\"EntryPoint\",\"urlTemplate\":\"https:\/\/bike-express.ch\/de\/?s={search_term_string}\"},\"query-input\":{\"@type\":\"PropertyValueSpecification\",\"valueRequired\":true,\"valueName\":\"search_term_string\"}}],\"inLanguage\":\"de\"}]}<\/script>\n<!-- \/ Yoast SEO plugin. -->","yoast_head_json":{"title":"Discbelag Avid Code 2011-2014, CodeR, sinter, 1 Paar - Bike Express","robots":{"index,follow":"index,follow"},"canonical":"https:\/\/bike-express.ch\/de\/produit\/discbelag-avid-code-2011-2014-h8183c\/","og_locale":"de_DE","og_type":"article","og_title":"Discbelag Avid Code 2011-2014, CodeR, sinter, 1 Paar - Bike Express","og_description":"Discbelag Avid Code 2011-2014, CodeR, sinter, 1 Paar Hochleistungsf\u00e4hige Scheibenbremsbel\u00e4ge. Gesinterte Bel\u00e4ge. Passend f\u00fcr: Avid Code (2011 &#8211; 2014) und Code R. Hinweis: Diese Scheibenbremsbel\u00e4ge sind nur f\u00fcr Rotoren aus rostfreiem Stahl geeignet.","og_url":"https:\/\/bike-express.ch\/de\/produit\/discbelag-avid-code-2011-2014-h8183c\/","og_site_name":"Bike Express","article_modified_time":"2024-08-22T09:01:11+00:00","og_image":[{"width":800,"height":338,"url":"https:\/\/bike-express.ch\/wp-content\/uploads\/2022\/02\/H8183C.jpg","type":"image\/jpeg"}],"twitter_card":"summary_large_image","schema":{"@context":"https:\/\/schema.org","@graph":[{"@type":"WebPage","@id":"https:\/\/bike-express.ch\/de\/produit\/discbelag-avid-code-2011-2014-h8183c\/","url":"https:\/\/bike-express.ch\/de\/produit\/discbelag-avid-code-2011-2014-h8183c\/","name":"Discbelag Avid Code 2011-2014, CodeR, sinter, 1 Paar - Bike Express","isPartOf":{"@id":"https:\/\/bike-express.ch\/de\/#website"},"primaryImageOfPage":{"@id":"https:\/\/bike-express.ch\/de\/produit\/discbelag-avid-code-2011-2014-h8183c\/#primaryimage"},"image":{"@id":"https:\/\/bike-express.ch\/de\/produit\/discbelag-avid-code-2011-2014-h8183c\/#primaryimage"},"thumbnailUrl":"https:\/\/bike-express.ch\/wp-content\/uploads\/2024\/08\/H8183C.jpg","datePublished":"2022-01-31T14:19:14+00:00","dateModified":"2024-08-22T09:01:11+00:00","breadcrumb":{"@id":"https:\/\/bike-express.ch\/de\/produit\/discbelag-avid-code-2011-2014-h8183c\/#breadcrumb"},"inLanguage":"de","potentialAction":[{"@type":"ReadAction","target":["https:\/\/bike-express.ch\/de\/produit\/discbelag-avid-code-2011-2014-h8183c\/"]}]},{"@type":"ImageObject","inLanguage":"de","@id":"https:\/\/bike-express.ch\/de\/produit\/discbelag-avid-code-2011-2014-h8183c\/#primaryimage","url":"https:\/\/bike-express.ch\/wp-content\/uploads\/2024\/08\/H8183C.jpg","contentUrl":"https:\/\/bike-express.ch\/wp-content\/uploads\/2024\/08\/H8183C.jpg","width":800,"height":338},{"@type":"BreadcrumbList","@id":"https:\/\/bike-express.ch\/de\/produit\/discbelag-avid-code-2011-2014-h8183c\/#breadcrumb","itemListElement":[{"@type":"ListItem","position":1,"name":"Accueil","item":"https:\/\/bike-express.ch\/de\/"},{"@type":"ListItem","position":2,"name":"Unsere Produkte","item":"https:\/\/bike-express.ch\/de\/unsere-produkte\/"},{"@type":"ListItem","position":3,"name":"Fahrradteile","item":"https:\/\/bike-express.ch\/de\/categorie-produit\/fahrrad-fahrradteile-de\/"},{"@type":"ListItem","position":4,"name":"Bremsen","item":"https:\/\/bike-express.ch\/de\/categorie-produit\/fahrrad-fahrradteile-de\/fahrrad-fahrr-bremsen-de\/"},{"@type":"ListItem","position":5,"name":"Discbelag Avid Code 2011-2014, CodeR, sinter, 1 Paar"}]},{"@type":"WebSite","@id":"https:\/\/bike-express.ch\/de\/#website","url":"https:\/\/bike-express.ch\/de\/","name":"Bike Express","description":"Num\u00e9ro 1 des pi\u00e8ces de v\u00e9los en Suisse","potentialAction":[{"@type":"SearchAction","target":{"@type":"EntryPoint","urlTemplate":"https:\/\/bike-express.ch\/de\/?s={search_term_string}"},"query-input":{"@type":"PropertyValueSpecification","valueRequired":true,"valueName":"search_term_string"}}],"inLanguage":"de"}]}},"_links":{"self":[{"href":"https:\/\/bike-express.ch\/de\/wp-json\/wp\/v2\/product\/38770","targetHints":{"allow":["GET"]}}],"collection":[{"href":"https:\/\/bike-express.ch\/de\/wp-json\/wp\/v2\/product"}],"about":[{"href":"https:\/\/bike-express.ch\/de\/wp-json\/wp\/v2\/types\/product"}],"wp:featuredmedia":[{"embeddable":true,"href":"https:\/\/bike-express.ch\/de\/wp-json\/wp\/v2\/media\/272984"}],"wp:attachment":[{"href":"https:\/\/bike-express.ch\/de\/wp-json\/wp\/v2\/media?parent=38770"}],"wp:term":[{"taxonomy":"product_brand","embeddable":true,"href":"https:\/\/bike-express.ch\/de\/wp-json\/wp\/v2\/product_brand?post=38770"},{"taxonomy":"product_cat","embeddable":true,"href":"https:\/\/bike-express.ch\/de\/wp-json\/wp\/v2\/product_cat?post=38770"},{"taxonomy":"product_tag","embeddable":true,"href":"https:\/\/bike-express.ch\/de\/wp-json\/wp\/v2\/product_tag?post=38770"}],"curies":[{"name":"wp","href":"https:\/\/api.w.org\/{rel}","templated":true}]}}