{"id":39635,"date":"2022-01-31T15:31:52","date_gmt":"2022-01-31T14:31:52","guid":{"rendered":"https:\/\/test1.bike-express.ch\/new\/produit\/thickslick-2-1-29-comp-tire-h1200h\/"},"modified":"2026-03-10T14:44:18","modified_gmt":"2026-03-10T13:44:18","slug":"thickslick-2-1-29-comp-tire","status":"publish","type":"product","link":"https:\/\/bike-express.ch\/de\/produit\/thickslick-2-1-29-comp-tire\/","title":{"rendered":"ThickSlick 2.1 29&#8242; Comp Tire"},"content":{"rendered":"<p>ThickSlick 2.1 29&#8242; Comp Tire<\/p>\n","protected":false},"excerpt":{"rendered":"<p>ThickSlick 2.1 29&#8242; Comp Tire<\/p>\n","protected":false},"featured_media":89305,"template":"","meta":[],"product_brand":[118188],"product_cat":[117110,11847],"product_tag":[],"class_list":{"0":"post-39635","1":"product","2":"type-product","3":"status-publish","4":"has-post-thumbnail","6":"product_brand-wtb","7":"product_cat-117110","8":"product_cat-fahrrad-fahrradteile-de","10":"first","11":"instock","12":"taxable","13":"shipping-taxable","14":"purchasable","15":"product-type-simple"},"yoast_head":"<!-- This site is optimized with the Yoast SEO plugin v27.1.1 - https:\/\/yoast.com\/product\/yoast-seo-wordpress\/ -->\n<title>ThickSlick 2.1 29&#039; Comp Tire - Bike Express<\/title>\n<meta name=\"robots\" content=\"index,follow\" \/>\n<link rel=\"canonical\" href=\"https:\/\/bike-express.ch\/de\/produit\/thickslick-2-1-29-comp-tire\/\" \/>\n<meta property=\"og:locale\" content=\"de_DE\" \/>\n<meta property=\"og:type\" content=\"article\" \/>\n<meta property=\"og:title\" content=\"ThickSlick 2.1 29&#039; Comp Tire - Bike Express\" \/>\n<meta property=\"og:description\" content=\"ThickSlick 2.1 29&#8242; Comp Tire\" \/>\n<meta property=\"og:url\" content=\"https:\/\/bike-express.ch\/de\/produit\/thickslick-2-1-29-comp-tire\/\" \/>\n<meta property=\"og:site_name\" content=\"Bike Express\" \/>\n<meta property=\"article:modified_time\" content=\"2026-03-10T13:44:18+00:00\" \/>\n<meta property=\"og:image\" content=\"https:\/\/bike-express.ch\/wp-content\/uploads\/2022\/02\/H1200H.jpg\" \/>\n\t<meta property=\"og:image:width\" content=\"800\" \/>\n\t<meta property=\"og:image:height\" content=\"577\" \/>\n\t<meta property=\"og:image:type\" content=\"image\/jpeg\" \/>\n<meta name=\"twitter:card\" content=\"summary_large_image\" \/>\n<script type=\"application\/ld+json\" class=\"yoast-schema-graph\">{\"@context\":\"https:\/\/schema.org\",\"@graph\":[{\"@type\":\"WebPage\",\"@id\":\"https:\/\/bike-express.ch\/de\/produit\/thickslick-2-1-29-comp-tire\/\",\"url\":\"https:\/\/bike-express.ch\/de\/produit\/thickslick-2-1-29-comp-tire\/\",\"name\":\"ThickSlick 2.1 29' Comp Tire - Bike Express\",\"isPartOf\":{\"@id\":\"https:\/\/bike-express.ch\/de\/#website\"},\"primaryImageOfPage\":{\"@id\":\"https:\/\/bike-express.ch\/de\/produit\/thickslick-2-1-29-comp-tire\/#primaryimage\"},\"image\":{\"@id\":\"https:\/\/bike-express.ch\/de\/produit\/thickslick-2-1-29-comp-tire\/#primaryimage\"},\"thumbnailUrl\":\"https:\/\/bike-express.ch\/wp-content\/uploads\/2022\/02\/H1200H.jpg\",\"datePublished\":\"2022-01-31T14:31:52+00:00\",\"dateModified\":\"2026-03-10T13:44:18+00:00\",\"breadcrumb\":{\"@id\":\"https:\/\/bike-express.ch\/de\/produit\/thickslick-2-1-29-comp-tire\/#breadcrumb\"},\"inLanguage\":\"de\",\"potentialAction\":[{\"@type\":\"ReadAction\",\"target\":[\"https:\/\/bike-express.ch\/de\/produit\/thickslick-2-1-29-comp-tire\/\"]}]},{\"@type\":\"ImageObject\",\"inLanguage\":\"de\",\"@id\":\"https:\/\/bike-express.ch\/de\/produit\/thickslick-2-1-29-comp-tire\/#primaryimage\",\"url\":\"https:\/\/bike-express.ch\/wp-content\/uploads\/2022\/02\/H1200H.jpg\",\"contentUrl\":\"https:\/\/bike-express.ch\/wp-content\/uploads\/2022\/02\/H1200H.jpg\",\"width\":800,\"height\":577},{\"@type\":\"BreadcrumbList\",\"@id\":\"https:\/\/bike-express.ch\/de\/produit\/thickslick-2-1-29-comp-tire\/#breadcrumb\",\"itemListElement\":[{\"@type\":\"ListItem\",\"position\":1,\"name\":\"Accueil\",\"item\":\"https:\/\/bike-express.ch\/de\/\"},{\"@type\":\"ListItem\",\"position\":2,\"name\":\"Unsere Produkte\",\"item\":\"https:\/\/bike-express.ch\/de\/unsere-produkte\/\"},{\"@type\":\"ListItem\",\"position\":3,\"name\":\"Fahrradteile\",\"item\":\"https:\/\/bike-express.ch\/de\/categorie-produit\/fahrrad-fahrradteile-de\/\"},{\"@type\":\"ListItem\",\"position\":4,\"name\":\"Reifen &amp; Schl\u00e4uche\",\"item\":\"https:\/\/bike-express.ch\/de\/categorie-produit\/fahrrad-fahrradteile-de\/fahrrad-fahrr-reifen-schlauche-de\/\"},{\"@type\":\"ListItem\",\"position\":5,\"name\":\"Reifen\",\"item\":\"https:\/\/bike-express.ch\/de\/categorie-produit\/fahrrad-fahrradteile-de\/fahrrad-fahrr-reifen-schlauche-de\/fahrrad-reife-reifen-de\/\"},{\"@type\":\"ListItem\",\"position\":6,\"name\":\"ThickSlick 2.1 29&prime; Comp Tire\"}]},{\"@type\":\"WebSite\",\"@id\":\"https:\/\/bike-express.ch\/de\/#website\",\"url\":\"https:\/\/bike-express.ch\/de\/\",\"name\":\"Bike Express\",\"description\":\"Num\u00e9ro 1 des pi\u00e8ces de v\u00e9los en Suisse\",\"potentialAction\":[{\"@type\":\"SearchAction\",\"target\":{\"@type\":\"EntryPoint\",\"urlTemplate\":\"https:\/\/bike-express.ch\/de\/?s={search_term_string}\"},\"query-input\":{\"@type\":\"PropertyValueSpecification\",\"valueRequired\":true,\"valueName\":\"search_term_string\"}}],\"inLanguage\":\"de\"}]}<\/script>\n<!-- \/ Yoast SEO plugin. -->","yoast_head_json":{"title":"ThickSlick 2.1 29' Comp Tire - Bike Express","robots":{"index,follow":"index,follow"},"canonical":"https:\/\/bike-express.ch\/de\/produit\/thickslick-2-1-29-comp-tire\/","og_locale":"de_DE","og_type":"article","og_title":"ThickSlick 2.1 29' Comp Tire - Bike Express","og_description":"ThickSlick 2.1 29&#8242; Comp Tire","og_url":"https:\/\/bike-express.ch\/de\/produit\/thickslick-2-1-29-comp-tire\/","og_site_name":"Bike Express","article_modified_time":"2026-03-10T13:44:18+00:00","og_image":[{"width":800,"height":577,"url":"https:\/\/bike-express.ch\/wp-content\/uploads\/2022\/02\/H1200H.jpg","type":"image\/jpeg"}],"twitter_card":"summary_large_image","schema":{"@context":"https:\/\/schema.org","@graph":[{"@type":"WebPage","@id":"https:\/\/bike-express.ch\/de\/produit\/thickslick-2-1-29-comp-tire\/","url":"https:\/\/bike-express.ch\/de\/produit\/thickslick-2-1-29-comp-tire\/","name":"ThickSlick 2.1 29' Comp Tire - Bike Express","isPartOf":{"@id":"https:\/\/bike-express.ch\/de\/#website"},"primaryImageOfPage":{"@id":"https:\/\/bike-express.ch\/de\/produit\/thickslick-2-1-29-comp-tire\/#primaryimage"},"image":{"@id":"https:\/\/bike-express.ch\/de\/produit\/thickslick-2-1-29-comp-tire\/#primaryimage"},"thumbnailUrl":"https:\/\/bike-express.ch\/wp-content\/uploads\/2022\/02\/H1200H.jpg","datePublished":"2022-01-31T14:31:52+00:00","dateModified":"2026-03-10T13:44:18+00:00","breadcrumb":{"@id":"https:\/\/bike-express.ch\/de\/produit\/thickslick-2-1-29-comp-tire\/#breadcrumb"},"inLanguage":"de","potentialAction":[{"@type":"ReadAction","target":["https:\/\/bike-express.ch\/de\/produit\/thickslick-2-1-29-comp-tire\/"]}]},{"@type":"ImageObject","inLanguage":"de","@id":"https:\/\/bike-express.ch\/de\/produit\/thickslick-2-1-29-comp-tire\/#primaryimage","url":"https:\/\/bike-express.ch\/wp-content\/uploads\/2022\/02\/H1200H.jpg","contentUrl":"https:\/\/bike-express.ch\/wp-content\/uploads\/2022\/02\/H1200H.jpg","width":800,"height":577},{"@type":"BreadcrumbList","@id":"https:\/\/bike-express.ch\/de\/produit\/thickslick-2-1-29-comp-tire\/#breadcrumb","itemListElement":[{"@type":"ListItem","position":1,"name":"Accueil","item":"https:\/\/bike-express.ch\/de\/"},{"@type":"ListItem","position":2,"name":"Unsere Produkte","item":"https:\/\/bike-express.ch\/de\/unsere-produkte\/"},{"@type":"ListItem","position":3,"name":"Fahrradteile","item":"https:\/\/bike-express.ch\/de\/categorie-produit\/fahrrad-fahrradteile-de\/"},{"@type":"ListItem","position":4,"name":"Reifen &amp; Schl\u00e4uche","item":"https:\/\/bike-express.ch\/de\/categorie-produit\/fahrrad-fahrradteile-de\/fahrrad-fahrr-reifen-schlauche-de\/"},{"@type":"ListItem","position":5,"name":"Reifen","item":"https:\/\/bike-express.ch\/de\/categorie-produit\/fahrrad-fahrradteile-de\/fahrrad-fahrr-reifen-schlauche-de\/fahrrad-reife-reifen-de\/"},{"@type":"ListItem","position":6,"name":"ThickSlick 2.1 29&prime; Comp Tire"}]},{"@type":"WebSite","@id":"https:\/\/bike-express.ch\/de\/#website","url":"https:\/\/bike-express.ch\/de\/","name":"Bike Express","description":"Num\u00e9ro 1 des pi\u00e8ces de v\u00e9los en Suisse","potentialAction":[{"@type":"SearchAction","target":{"@type":"EntryPoint","urlTemplate":"https:\/\/bike-express.ch\/de\/?s={search_term_string}"},"query-input":{"@type":"PropertyValueSpecification","valueRequired":true,"valueName":"search_term_string"}}],"inLanguage":"de"}]}},"_links":{"self":[{"href":"https:\/\/bike-express.ch\/de\/wp-json\/wp\/v2\/product\/39635","targetHints":{"allow":["GET"]}}],"collection":[{"href":"https:\/\/bike-express.ch\/de\/wp-json\/wp\/v2\/product"}],"about":[{"href":"https:\/\/bike-express.ch\/de\/wp-json\/wp\/v2\/types\/product"}],"wp:featuredmedia":[{"embeddable":true,"href":"https:\/\/bike-express.ch\/de\/wp-json\/wp\/v2\/media\/89305"}],"wp:attachment":[{"href":"https:\/\/bike-express.ch\/de\/wp-json\/wp\/v2\/media?parent=39635"}],"wp:term":[{"taxonomy":"product_brand","embeddable":true,"href":"https:\/\/bike-express.ch\/de\/wp-json\/wp\/v2\/product_brand?post=39635"},{"taxonomy":"product_cat","embeddable":true,"href":"https:\/\/bike-express.ch\/de\/wp-json\/wp\/v2\/product_cat?post=39635"},{"taxonomy":"product_tag","embeddable":true,"href":"https:\/\/bike-express.ch\/de\/wp-json\/wp\/v2\/product_tag?post=39635"}],"curies":[{"name":"wp","href":"https:\/\/api.w.org\/{rel}","templated":true}]}}