{"id":39705,"date":"2022-01-31T15:32:43","date_gmt":"2022-01-31T14:32:43","guid":{"rendered":"https:\/\/test1.bike-express.ch\/new\/produit\/verdict-2-5-x-29-tcs-light-hi-h1205e\/"},"modified":"2026-03-10T14:44:25","modified_gmt":"2026-03-10T13:44:25","slug":"verdict-2-5-x-29-tcs-light-high-grip-60tpi-tritec-sg2-tire","status":"publish","type":"product","link":"https:\/\/bike-express.ch\/de\/produit\/verdict-2-5-x-29-tcs-light-high-grip-60tpi-tritec-sg2-tire\/","title":{"rendered":"Verdict 2.5 x 29&#8242; TCS Light\/High Grip 60tpi TriTec SG2 tire"},"content":{"rendered":"<p>Verdict 2.5 x 29&#8242; TCS Light\/High Grip 60tpi TriTec SG2 tire<\/p>\n","protected":false},"excerpt":{"rendered":"<p>Verdict 2.5 x 29&#8242; TCS Light\/High Grip 60tpi TriTec SG2 tire<\/p>\n","protected":false},"featured_media":89164,"template":"","meta":[],"product_brand":[118188],"product_cat":[117110,11847],"product_tag":[],"class_list":{"0":"post-39705","1":"product","2":"type-product","3":"status-publish","4":"has-post-thumbnail","6":"product_brand-wtb","7":"product_cat-117110","8":"product_cat-fahrrad-fahrradteile-de","10":"first","11":"instock","12":"taxable","13":"shipping-taxable","14":"purchasable","15":"product-type-simple"},"yoast_head":"<!-- This site is optimized with the Yoast SEO plugin v27.1.1 - https:\/\/yoast.com\/product\/yoast-seo-wordpress\/ -->\n<title>Verdict 2.5 x 29&#039; TCS Light\/High Grip 60tpi TriTec SG2 tire - Bike Express<\/title>\n<meta name=\"robots\" content=\"index,follow\" \/>\n<link rel=\"canonical\" href=\"https:\/\/bike-express.ch\/de\/produit\/verdict-2-5-x-29-tcs-light-high-grip-60tpi-tritec-sg2-tire\/\" \/>\n<meta property=\"og:locale\" content=\"de_DE\" \/>\n<meta property=\"og:type\" content=\"article\" \/>\n<meta property=\"og:title\" content=\"Verdict 2.5 x 29&#039; TCS Light\/High Grip 60tpi TriTec SG2 tire - Bike Express\" \/>\n<meta property=\"og:description\" content=\"Verdict 2.5 x 29&#8242; TCS Light\/High Grip 60tpi TriTec SG2 tire\" \/>\n<meta property=\"og:url\" content=\"https:\/\/bike-express.ch\/de\/produit\/verdict-2-5-x-29-tcs-light-high-grip-60tpi-tritec-sg2-tire\/\" \/>\n<meta property=\"og:site_name\" content=\"Bike Express\" \/>\n<meta property=\"article:modified_time\" content=\"2026-03-10T13:44:25+00:00\" \/>\n<meta property=\"og:image\" content=\"https:\/\/bike-express.ch\/wp-content\/uploads\/2022\/02\/H1205E.jpg\" \/>\n\t<meta property=\"og:image:width\" content=\"800\" \/>\n\t<meta property=\"og:image:height\" content=\"533\" \/>\n\t<meta property=\"og:image:type\" content=\"image\/jpeg\" \/>\n<meta name=\"twitter:card\" content=\"summary_large_image\" \/>\n<script type=\"application\/ld+json\" class=\"yoast-schema-graph\">{\"@context\":\"https:\/\/schema.org\",\"@graph\":[{\"@type\":\"WebPage\",\"@id\":\"https:\/\/bike-express.ch\/de\/produit\/verdict-2-5-x-29-tcs-light-high-grip-60tpi-tritec-sg2-tire\/\",\"url\":\"https:\/\/bike-express.ch\/de\/produit\/verdict-2-5-x-29-tcs-light-high-grip-60tpi-tritec-sg2-tire\/\",\"name\":\"Verdict 2.5 x 29' TCS Light\/High Grip 60tpi TriTec SG2 tire - Bike Express\",\"isPartOf\":{\"@id\":\"https:\/\/bike-express.ch\/de\/#website\"},\"primaryImageOfPage\":{\"@id\":\"https:\/\/bike-express.ch\/de\/produit\/verdict-2-5-x-29-tcs-light-high-grip-60tpi-tritec-sg2-tire\/#primaryimage\"},\"image\":{\"@id\":\"https:\/\/bike-express.ch\/de\/produit\/verdict-2-5-x-29-tcs-light-high-grip-60tpi-tritec-sg2-tire\/#primaryimage\"},\"thumbnailUrl\":\"https:\/\/bike-express.ch\/wp-content\/uploads\/2022\/02\/H1205E.jpg\",\"datePublished\":\"2022-01-31T14:32:43+00:00\",\"dateModified\":\"2026-03-10T13:44:25+00:00\",\"breadcrumb\":{\"@id\":\"https:\/\/bike-express.ch\/de\/produit\/verdict-2-5-x-29-tcs-light-high-grip-60tpi-tritec-sg2-tire\/#breadcrumb\"},\"inLanguage\":\"de\",\"potentialAction\":[{\"@type\":\"ReadAction\",\"target\":[\"https:\/\/bike-express.ch\/de\/produit\/verdict-2-5-x-29-tcs-light-high-grip-60tpi-tritec-sg2-tire\/\"]}]},{\"@type\":\"ImageObject\",\"inLanguage\":\"de\",\"@id\":\"https:\/\/bike-express.ch\/de\/produit\/verdict-2-5-x-29-tcs-light-high-grip-60tpi-tritec-sg2-tire\/#primaryimage\",\"url\":\"https:\/\/bike-express.ch\/wp-content\/uploads\/2022\/02\/H1205E.jpg\",\"contentUrl\":\"https:\/\/bike-express.ch\/wp-content\/uploads\/2022\/02\/H1205E.jpg\",\"width\":800,\"height\":533},{\"@type\":\"BreadcrumbList\",\"@id\":\"https:\/\/bike-express.ch\/de\/produit\/verdict-2-5-x-29-tcs-light-high-grip-60tpi-tritec-sg2-tire\/#breadcrumb\",\"itemListElement\":[{\"@type\":\"ListItem\",\"position\":1,\"name\":\"Accueil\",\"item\":\"https:\/\/bike-express.ch\/de\/\"},{\"@type\":\"ListItem\",\"position\":2,\"name\":\"Unsere Produkte\",\"item\":\"https:\/\/bike-express.ch\/de\/unsere-produkte\/\"},{\"@type\":\"ListItem\",\"position\":3,\"name\":\"Brand\",\"item\":\"https:\/\/bike-express.ch\/categorie-produit\/brand\/\"},{\"@type\":\"ListItem\",\"position\":4,\"name\":\"ROCKSHOX\",\"item\":\"https:\/\/bike-express.ch\/categorie-produit\/brand\/rockshox\/\"},{\"@type\":\"ListItem\",\"position\":5,\"name\":\"Fourches\",\"item\":\"https:\/\/bike-express.ch\/categorie-produit\/brand\/rockshox\/fourches\/\"},{\"@type\":\"ListItem\",\"position\":6,\"name\":\"Reba\",\"item\":\"https:\/\/bike-express.ch\/categorie-produit\/brand\/rockshox\/fourches\/reba\/\"},{\"@type\":\"ListItem\",\"position\":7,\"name\":\"29\",\"item\":\"https:\/\/bike-express.ch\/categorie-produit\/brand\/rockshox\/fourches\/reba\/29\/\"},{\"@type\":\"ListItem\",\"position\":8,\"name\":\"Verdict 2.5 x 29&prime; TCS Light\/High Grip 60tpi TriTec SG2 tire\"}]},{\"@type\":\"WebSite\",\"@id\":\"https:\/\/bike-express.ch\/de\/#website\",\"url\":\"https:\/\/bike-express.ch\/de\/\",\"name\":\"Bike Express\",\"description\":\"Num\u00e9ro 1 des pi\u00e8ces de v\u00e9los en Suisse\",\"potentialAction\":[{\"@type\":\"SearchAction\",\"target\":{\"@type\":\"EntryPoint\",\"urlTemplate\":\"https:\/\/bike-express.ch\/de\/?s={search_term_string}\"},\"query-input\":{\"@type\":\"PropertyValueSpecification\",\"valueRequired\":true,\"valueName\":\"search_term_string\"}}],\"inLanguage\":\"de-DE\"}]}<\/script>\n<!-- \/ Yoast SEO plugin. -->","yoast_head_json":{"title":"Verdict 2.5 x 29' TCS Light\/High Grip 60tpi TriTec SG2 tire - Bike Express","robots":{"index,follow":"index,follow"},"canonical":"https:\/\/bike-express.ch\/de\/produit\/verdict-2-5-x-29-tcs-light-high-grip-60tpi-tritec-sg2-tire\/","og_locale":"de_DE","og_type":"article","og_title":"Verdict 2.5 x 29' TCS Light\/High Grip 60tpi TriTec SG2 tire - Bike Express","og_description":"Verdict 2.5 x 29&#8242; TCS Light\/High Grip 60tpi TriTec SG2 tire","og_url":"https:\/\/bike-express.ch\/de\/produit\/verdict-2-5-x-29-tcs-light-high-grip-60tpi-tritec-sg2-tire\/","og_site_name":"Bike Express","article_modified_time":"2026-03-10T13:44:25+00:00","og_image":[{"width":800,"height":533,"url":"https:\/\/bike-express.ch\/wp-content\/uploads\/2022\/02\/H1205E.jpg","type":"image\/jpeg"}],"twitter_card":"summary_large_image","schema":{"@context":"https:\/\/schema.org","@graph":[{"@type":"WebPage","@id":"https:\/\/bike-express.ch\/de\/produit\/verdict-2-5-x-29-tcs-light-high-grip-60tpi-tritec-sg2-tire\/","url":"https:\/\/bike-express.ch\/de\/produit\/verdict-2-5-x-29-tcs-light-high-grip-60tpi-tritec-sg2-tire\/","name":"Verdict 2.5 x 29' TCS Light\/High Grip 60tpi TriTec SG2 tire - Bike Express","isPartOf":{"@id":"https:\/\/bike-express.ch\/de\/#website"},"primaryImageOfPage":{"@id":"https:\/\/bike-express.ch\/de\/produit\/verdict-2-5-x-29-tcs-light-high-grip-60tpi-tritec-sg2-tire\/#primaryimage"},"image":{"@id":"https:\/\/bike-express.ch\/de\/produit\/verdict-2-5-x-29-tcs-light-high-grip-60tpi-tritec-sg2-tire\/#primaryimage"},"thumbnailUrl":"https:\/\/bike-express.ch\/wp-content\/uploads\/2022\/02\/H1205E.jpg","datePublished":"2022-01-31T14:32:43+00:00","dateModified":"2026-03-10T13:44:25+00:00","breadcrumb":{"@id":"https:\/\/bike-express.ch\/de\/produit\/verdict-2-5-x-29-tcs-light-high-grip-60tpi-tritec-sg2-tire\/#breadcrumb"},"inLanguage":"de-DE","potentialAction":[{"@type":"ReadAction","target":["https:\/\/bike-express.ch\/de\/produit\/verdict-2-5-x-29-tcs-light-high-grip-60tpi-tritec-sg2-tire\/"]}]},{"@type":"ImageObject","inLanguage":"de-DE","@id":"https:\/\/bike-express.ch\/de\/produit\/verdict-2-5-x-29-tcs-light-high-grip-60tpi-tritec-sg2-tire\/#primaryimage","url":"https:\/\/bike-express.ch\/wp-content\/uploads\/2022\/02\/H1205E.jpg","contentUrl":"https:\/\/bike-express.ch\/wp-content\/uploads\/2022\/02\/H1205E.jpg","width":800,"height":533},{"@type":"BreadcrumbList","@id":"https:\/\/bike-express.ch\/de\/produit\/verdict-2-5-x-29-tcs-light-high-grip-60tpi-tritec-sg2-tire\/#breadcrumb","itemListElement":[{"@type":"ListItem","position":1,"name":"Accueil","item":"https:\/\/bike-express.ch\/de\/"},{"@type":"ListItem","position":2,"name":"Unsere Produkte","item":"https:\/\/bike-express.ch\/de\/unsere-produkte\/"},{"@type":"ListItem","position":3,"name":"Brand","item":"https:\/\/bike-express.ch\/categorie-produit\/brand\/"},{"@type":"ListItem","position":4,"name":"ROCKSHOX","item":"https:\/\/bike-express.ch\/categorie-produit\/brand\/rockshox\/"},{"@type":"ListItem","position":5,"name":"Fourches","item":"https:\/\/bike-express.ch\/categorie-produit\/brand\/rockshox\/fourches\/"},{"@type":"ListItem","position":6,"name":"Reba","item":"https:\/\/bike-express.ch\/categorie-produit\/brand\/rockshox\/fourches\/reba\/"},{"@type":"ListItem","position":7,"name":"29","item":"https:\/\/bike-express.ch\/categorie-produit\/brand\/rockshox\/fourches\/reba\/29\/"},{"@type":"ListItem","position":8,"name":"Verdict 2.5 x 29&prime; TCS Light\/High Grip 60tpi TriTec SG2 tire"}]},{"@type":"WebSite","@id":"https:\/\/bike-express.ch\/de\/#website","url":"https:\/\/bike-express.ch\/de\/","name":"Bike Express","description":"Num\u00e9ro 1 des pi\u00e8ces de v\u00e9los en Suisse","potentialAction":[{"@type":"SearchAction","target":{"@type":"EntryPoint","urlTemplate":"https:\/\/bike-express.ch\/de\/?s={search_term_string}"},"query-input":{"@type":"PropertyValueSpecification","valueRequired":true,"valueName":"search_term_string"}}],"inLanguage":"de-DE"}]}},"_links":{"self":[{"href":"https:\/\/bike-express.ch\/de\/wp-json\/wp\/v2\/product\/39705","targetHints":{"allow":["GET"]}}],"collection":[{"href":"https:\/\/bike-express.ch\/de\/wp-json\/wp\/v2\/product"}],"about":[{"href":"https:\/\/bike-express.ch\/de\/wp-json\/wp\/v2\/types\/product"}],"wp:featuredmedia":[{"embeddable":true,"href":"https:\/\/bike-express.ch\/de\/wp-json\/wp\/v2\/media\/89164"}],"wp:attachment":[{"href":"https:\/\/bike-express.ch\/de\/wp-json\/wp\/v2\/media?parent=39705"}],"wp:term":[{"taxonomy":"product_brand","embeddable":true,"href":"https:\/\/bike-express.ch\/de\/wp-json\/wp\/v2\/product_brand?post=39705"},{"taxonomy":"product_cat","embeddable":true,"href":"https:\/\/bike-express.ch\/de\/wp-json\/wp\/v2\/product_cat?post=39705"},{"taxonomy":"product_tag","embeddable":true,"href":"https:\/\/bike-express.ch\/de\/wp-json\/wp\/v2\/product_tag?post=39705"}],"curies":[{"name":"wp","href":"https:\/\/api.w.org\/{rel}","templated":true}]}}