{"id":39785,"date":"2022-01-31T15:33:34","date_gmt":"2022-01-31T14:33:34","guid":{"rendered":"https:\/\/test1.bike-express.ch\/new\/produit\/tcs-rim-tape-40mm-x-11m-roll-h9053s\/"},"modified":"2022-12-08T12:51:58","modified_gmt":"2022-12-08T11:51:58","slug":"tcs-rim-tape-40mm-x-11m-roll-h9053s","status":"publish","type":"product","link":"https:\/\/bike-express.ch\/de\/produit\/tcs-rim-tape-40mm-x-11m-roll-h9053s\/","title":{"rendered":"TCS Rim Tape, 40mm x 11m Roll (for 5  wheels) &#8211; i35"},"content":{"rendered":"<p>TCS Rim Tape, 40mm x 11m Roll (for 5  wheels) &#8211; i35<\/p>\n","protected":false},"excerpt":{"rendered":"<p>TCS Rim Tape, 40mm x 11m Roll (for 5 wheels) &#8211; i35<\/p>\n","protected":false},"featured_media":89044,"template":"","meta":[],"product_brand":[118188],"product_cat":[11847,11901,117457],"product_tag":[],"class_list":{"0":"post-39785","1":"product","2":"type-product","3":"status-publish","4":"has-post-thumbnail","6":"product_brand-wtb","7":"product_cat-fahrrad-fahrradteile-de","8":"product_cat-fahrrad-fahrr-schutzbleche-de","9":"product_cat-tubeless-accessoires","11":"first","12":"instock","13":"taxable","14":"shipping-taxable","15":"purchasable","16":"product-type-simple"},"yoast_head":"<!-- This site is optimized with the Yoast SEO plugin v27.1.1 - https:\/\/yoast.com\/product\/yoast-seo-wordpress\/ -->\n<title>TCS Rim Tape, 40mm x 11m Roll (for 5 wheels) - i35 - Bike Express<\/title>\n<meta name=\"robots\" content=\"index,follow\" \/>\n<link rel=\"canonical\" href=\"https:\/\/bike-express.ch\/de\/produit\/tcs-rim-tape-40mm-x-11m-roll-h9053s\/\" \/>\n<meta property=\"og:locale\" content=\"de_DE\" \/>\n<meta property=\"og:type\" content=\"article\" \/>\n<meta property=\"og:title\" content=\"TCS Rim Tape, 40mm x 11m Roll (for 5 wheels) - i35 - Bike Express\" \/>\n<meta property=\"og:description\" content=\"TCS Rim Tape, 40mm x 11m Roll (for 5 wheels) &#8211; i35\" \/>\n<meta property=\"og:url\" content=\"https:\/\/bike-express.ch\/de\/produit\/tcs-rim-tape-40mm-x-11m-roll-h9053s\/\" \/>\n<meta property=\"og:site_name\" content=\"Bike Express\" \/>\n<meta property=\"article:modified_time\" content=\"2022-12-08T11:51:58+00:00\" \/>\n<meta property=\"og:image\" content=\"https:\/\/bike-express.ch\/wp-content\/uploads\/2022\/02\/H9053S.jpg\" \/>\n\t<meta property=\"og:image:width\" content=\"800\" \/>\n\t<meta property=\"og:image:height\" content=\"800\" \/>\n\t<meta property=\"og:image:type\" content=\"image\/jpeg\" \/>\n<meta name=\"twitter:card\" content=\"summary_large_image\" \/>\n<script type=\"application\/ld+json\" class=\"yoast-schema-graph\">{\"@context\":\"https:\/\/schema.org\",\"@graph\":[{\"@type\":\"WebPage\",\"@id\":\"https:\/\/bike-express.ch\/de\/produit\/tcs-rim-tape-40mm-x-11m-roll-h9053s\/\",\"url\":\"https:\/\/bike-express.ch\/de\/produit\/tcs-rim-tape-40mm-x-11m-roll-h9053s\/\",\"name\":\"TCS Rim Tape, 40mm x 11m Roll (for 5 wheels) - i35 - Bike Express\",\"isPartOf\":{\"@id\":\"https:\/\/bike-express.ch\/de\/#website\"},\"primaryImageOfPage\":{\"@id\":\"https:\/\/bike-express.ch\/de\/produit\/tcs-rim-tape-40mm-x-11m-roll-h9053s\/#primaryimage\"},\"image\":{\"@id\":\"https:\/\/bike-express.ch\/de\/produit\/tcs-rim-tape-40mm-x-11m-roll-h9053s\/#primaryimage\"},\"thumbnailUrl\":\"https:\/\/bike-express.ch\/wp-content\/uploads\/2022\/02\/H9053S.jpg\",\"datePublished\":\"2022-01-31T14:33:34+00:00\",\"dateModified\":\"2022-12-08T11:51:58+00:00\",\"breadcrumb\":{\"@id\":\"https:\/\/bike-express.ch\/de\/produit\/tcs-rim-tape-40mm-x-11m-roll-h9053s\/#breadcrumb\"},\"inLanguage\":\"de\",\"potentialAction\":[{\"@type\":\"ReadAction\",\"target\":[\"https:\/\/bike-express.ch\/de\/produit\/tcs-rim-tape-40mm-x-11m-roll-h9053s\/\"]}]},{\"@type\":\"ImageObject\",\"inLanguage\":\"de\",\"@id\":\"https:\/\/bike-express.ch\/de\/produit\/tcs-rim-tape-40mm-x-11m-roll-h9053s\/#primaryimage\",\"url\":\"https:\/\/bike-express.ch\/wp-content\/uploads\/2022\/02\/H9053S.jpg\",\"contentUrl\":\"https:\/\/bike-express.ch\/wp-content\/uploads\/2022\/02\/H9053S.jpg\",\"width\":800,\"height\":800},{\"@type\":\"BreadcrumbList\",\"@id\":\"https:\/\/bike-express.ch\/de\/produit\/tcs-rim-tape-40mm-x-11m-roll-h9053s\/#breadcrumb\",\"itemListElement\":[{\"@type\":\"ListItem\",\"position\":1,\"name\":\"Accueil\",\"item\":\"https:\/\/bike-express.ch\/de\/\"},{\"@type\":\"ListItem\",\"position\":2,\"name\":\"Unsere Produkte\",\"item\":\"https:\/\/bike-express.ch\/de\/unsere-produkte\/\"},{\"@type\":\"ListItem\",\"position\":3,\"name\":\"Fahrradteile\",\"item\":\"https:\/\/bike-express.ch\/de\/categorie-produit\/fahrrad-fahrradteile-de\/\"},{\"@type\":\"ListItem\",\"position\":4,\"name\":\"Reifen &amp; Schl\u00e4uche\",\"item\":\"https:\/\/bike-express.ch\/de\/categorie-produit\/fahrrad-fahrradteile-de\/fahrrad-fahrr-reifen-schlauche-de\/\"},{\"@type\":\"ListItem\",\"position\":5,\"name\":\"Reparaturmaterial\",\"item\":\"https:\/\/bike-express.ch\/de\/categorie-produit\/fahrrad-fahrradteile-de\/fahrrad-fahrr-reifen-schlauche-de\/fahrrad-reife-reparaturmaterial-de\/\"},{\"@type\":\"ListItem\",\"position\":6,\"name\":\"TCS Rim Tape, 40mm x 11m Roll (for 5 wheels) &#8211; i35\"}]},{\"@type\":\"WebSite\",\"@id\":\"https:\/\/bike-express.ch\/de\/#website\",\"url\":\"https:\/\/bike-express.ch\/de\/\",\"name\":\"Bike Express\",\"description\":\"Num\u00e9ro 1 des pi\u00e8ces de v\u00e9los en Suisse\",\"potentialAction\":[{\"@type\":\"SearchAction\",\"target\":{\"@type\":\"EntryPoint\",\"urlTemplate\":\"https:\/\/bike-express.ch\/de\/?s={search_term_string}\"},\"query-input\":{\"@type\":\"PropertyValueSpecification\",\"valueRequired\":true,\"valueName\":\"search_term_string\"}}],\"inLanguage\":\"de\"}]}<\/script>\n<!-- \/ Yoast SEO plugin. -->","yoast_head_json":{"title":"TCS Rim Tape, 40mm x 11m Roll (for 5 wheels) - i35 - Bike Express","robots":{"index,follow":"index,follow"},"canonical":"https:\/\/bike-express.ch\/de\/produit\/tcs-rim-tape-40mm-x-11m-roll-h9053s\/","og_locale":"de_DE","og_type":"article","og_title":"TCS Rim Tape, 40mm x 11m Roll (for 5 wheels) - i35 - Bike Express","og_description":"TCS Rim Tape, 40mm x 11m Roll (for 5 wheels) &#8211; i35","og_url":"https:\/\/bike-express.ch\/de\/produit\/tcs-rim-tape-40mm-x-11m-roll-h9053s\/","og_site_name":"Bike Express","article_modified_time":"2022-12-08T11:51:58+00:00","og_image":[{"width":800,"height":800,"url":"https:\/\/bike-express.ch\/wp-content\/uploads\/2022\/02\/H9053S.jpg","type":"image\/jpeg"}],"twitter_card":"summary_large_image","schema":{"@context":"https:\/\/schema.org","@graph":[{"@type":"WebPage","@id":"https:\/\/bike-express.ch\/de\/produit\/tcs-rim-tape-40mm-x-11m-roll-h9053s\/","url":"https:\/\/bike-express.ch\/de\/produit\/tcs-rim-tape-40mm-x-11m-roll-h9053s\/","name":"TCS Rim Tape, 40mm x 11m Roll (for 5 wheels) - i35 - Bike Express","isPartOf":{"@id":"https:\/\/bike-express.ch\/de\/#website"},"primaryImageOfPage":{"@id":"https:\/\/bike-express.ch\/de\/produit\/tcs-rim-tape-40mm-x-11m-roll-h9053s\/#primaryimage"},"image":{"@id":"https:\/\/bike-express.ch\/de\/produit\/tcs-rim-tape-40mm-x-11m-roll-h9053s\/#primaryimage"},"thumbnailUrl":"https:\/\/bike-express.ch\/wp-content\/uploads\/2022\/02\/H9053S.jpg","datePublished":"2022-01-31T14:33:34+00:00","dateModified":"2022-12-08T11:51:58+00:00","breadcrumb":{"@id":"https:\/\/bike-express.ch\/de\/produit\/tcs-rim-tape-40mm-x-11m-roll-h9053s\/#breadcrumb"},"inLanguage":"de","potentialAction":[{"@type":"ReadAction","target":["https:\/\/bike-express.ch\/de\/produit\/tcs-rim-tape-40mm-x-11m-roll-h9053s\/"]}]},{"@type":"ImageObject","inLanguage":"de","@id":"https:\/\/bike-express.ch\/de\/produit\/tcs-rim-tape-40mm-x-11m-roll-h9053s\/#primaryimage","url":"https:\/\/bike-express.ch\/wp-content\/uploads\/2022\/02\/H9053S.jpg","contentUrl":"https:\/\/bike-express.ch\/wp-content\/uploads\/2022\/02\/H9053S.jpg","width":800,"height":800},{"@type":"BreadcrumbList","@id":"https:\/\/bike-express.ch\/de\/produit\/tcs-rim-tape-40mm-x-11m-roll-h9053s\/#breadcrumb","itemListElement":[{"@type":"ListItem","position":1,"name":"Accueil","item":"https:\/\/bike-express.ch\/de\/"},{"@type":"ListItem","position":2,"name":"Unsere Produkte","item":"https:\/\/bike-express.ch\/de\/unsere-produkte\/"},{"@type":"ListItem","position":3,"name":"Fahrradteile","item":"https:\/\/bike-express.ch\/de\/categorie-produit\/fahrrad-fahrradteile-de\/"},{"@type":"ListItem","position":4,"name":"Reifen &amp; Schl\u00e4uche","item":"https:\/\/bike-express.ch\/de\/categorie-produit\/fahrrad-fahrradteile-de\/fahrrad-fahrr-reifen-schlauche-de\/"},{"@type":"ListItem","position":5,"name":"Reparaturmaterial","item":"https:\/\/bike-express.ch\/de\/categorie-produit\/fahrrad-fahrradteile-de\/fahrrad-fahrr-reifen-schlauche-de\/fahrrad-reife-reparaturmaterial-de\/"},{"@type":"ListItem","position":6,"name":"TCS Rim Tape, 40mm x 11m Roll (for 5 wheels) &#8211; i35"}]},{"@type":"WebSite","@id":"https:\/\/bike-express.ch\/de\/#website","url":"https:\/\/bike-express.ch\/de\/","name":"Bike Express","description":"Num\u00e9ro 1 des pi\u00e8ces de v\u00e9los en Suisse","potentialAction":[{"@type":"SearchAction","target":{"@type":"EntryPoint","urlTemplate":"https:\/\/bike-express.ch\/de\/?s={search_term_string}"},"query-input":{"@type":"PropertyValueSpecification","valueRequired":true,"valueName":"search_term_string"}}],"inLanguage":"de"}]}},"_links":{"self":[{"href":"https:\/\/bike-express.ch\/de\/wp-json\/wp\/v2\/product\/39785","targetHints":{"allow":["GET"]}}],"collection":[{"href":"https:\/\/bike-express.ch\/de\/wp-json\/wp\/v2\/product"}],"about":[{"href":"https:\/\/bike-express.ch\/de\/wp-json\/wp\/v2\/types\/product"}],"wp:featuredmedia":[{"embeddable":true,"href":"https:\/\/bike-express.ch\/de\/wp-json\/wp\/v2\/media\/89044"}],"wp:attachment":[{"href":"https:\/\/bike-express.ch\/de\/wp-json\/wp\/v2\/media?parent=39785"}],"wp:term":[{"taxonomy":"product_brand","embeddable":true,"href":"https:\/\/bike-express.ch\/de\/wp-json\/wp\/v2\/product_brand?post=39785"},{"taxonomy":"product_cat","embeddable":true,"href":"https:\/\/bike-express.ch\/de\/wp-json\/wp\/v2\/product_cat?post=39785"},{"taxonomy":"product_tag","embeddable":true,"href":"https:\/\/bike-express.ch\/de\/wp-json\/wp\/v2\/product_tag?post=39785"}],"curies":[{"name":"wp","href":"https:\/\/api.w.org\/{rel}","templated":true}]}}