{"id":40365,"date":"2022-01-31T15:42:05","date_gmt":"2022-01-31T14:42:05","guid":{"rendered":"https:\/\/test1.bike-express.ch\/new\/produit\/chocolate-bar-godwin-signature-h9038e\/"},"modified":"2024-08-27T22:46:58","modified_gmt":"2024-08-27T20:46:58","slug":"chocolate-bar-godwin-signature-h9038e","status":"publish","type":"product","link":"https:\/\/bike-express.ch\/de\/produit\/chocolate-bar-godwin-signature-h9038e\/","title":{"rendered":"CHOCOLATE bar-Godwin signature \u00d822.2mm 9.5&#8242; height, cr-mo, heat-treated"},"content":{"rendered":"<p>CHOCOLATE bar-Godwin signature \u00d822.2mm 9.5&#8242; height, cr-mo, heat-treated<\/p>\n","protected":false},"excerpt":{"rendered":"<p>CHOCOLATE bar-Godwin signature \u00d822.2mm 9.5&#8242; height, cr-mo, heat-treated<\/p>\n","protected":false},"featured_media":329863,"template":"","meta":[],"product_brand":[118210],"product_cat":[11847,116278],"product_tag":[],"class_list":{"0":"post-40365","1":"product","2":"type-product","3":"status-publish","4":"has-post-thumbnail","6":"product_brand-eclat","7":"product_cat-fahrrad-fahrradteile-de","8":"product_cat-guidons","10":"first","11":"instock","12":"taxable","13":"shipping-taxable","14":"purchasable","15":"product-type-simple"},"yoast_head":"<!-- This site is optimized with the Yoast SEO plugin v27.1.1 - https:\/\/yoast.com\/product\/yoast-seo-wordpress\/ -->\n<title>CHOCOLATE bar-Godwin signature \u00d822.2mm 9.5&#039; height, cr-mo, heat-treated - Bike Express<\/title>\n<meta name=\"robots\" content=\"index,follow\" \/>\n<link rel=\"canonical\" href=\"https:\/\/bike-express.ch\/de\/produit\/chocolate-bar-godwin-signature-h9038e\/\" \/>\n<meta property=\"og:locale\" content=\"de_DE\" \/>\n<meta property=\"og:type\" content=\"article\" \/>\n<meta property=\"og:title\" content=\"CHOCOLATE bar-Godwin signature \u00d822.2mm 9.5&#039; height, cr-mo, heat-treated - Bike Express\" \/>\n<meta property=\"og:description\" content=\"CHOCOLATE bar-Godwin signature \u00d822.2mm 9.5&#8242; height, cr-mo, heat-treated\" \/>\n<meta property=\"og:url\" content=\"https:\/\/bike-express.ch\/de\/produit\/chocolate-bar-godwin-signature-h9038e\/\" \/>\n<meta property=\"og:site_name\" content=\"Bike Express\" \/>\n<meta property=\"article:modified_time\" content=\"2024-08-27T20:46:58+00:00\" \/>\n<meta property=\"og:image\" content=\"https:\/\/bike-express.ch\/wp-content\/uploads\/2022\/02\/H9038E.jpg\" \/>\n\t<meta property=\"og:image:width\" content=\"800\" \/>\n\t<meta property=\"og:image:height\" content=\"431\" \/>\n\t<meta property=\"og:image:type\" content=\"image\/jpeg\" \/>\n<meta name=\"twitter:card\" content=\"summary_large_image\" \/>\n<script type=\"application\/ld+json\" class=\"yoast-schema-graph\">{\"@context\":\"https:\/\/schema.org\",\"@graph\":[{\"@type\":\"WebPage\",\"@id\":\"https:\/\/bike-express.ch\/de\/produit\/chocolate-bar-godwin-signature-h9038e\/\",\"url\":\"https:\/\/bike-express.ch\/de\/produit\/chocolate-bar-godwin-signature-h9038e\/\",\"name\":\"CHOCOLATE bar-Godwin signature \u00d822.2mm 9.5' height, cr-mo, heat-treated - Bike Express\",\"isPartOf\":{\"@id\":\"https:\/\/bike-express.ch\/de\/#website\"},\"primaryImageOfPage\":{\"@id\":\"https:\/\/bike-express.ch\/de\/produit\/chocolate-bar-godwin-signature-h9038e\/#primaryimage\"},\"image\":{\"@id\":\"https:\/\/bike-express.ch\/de\/produit\/chocolate-bar-godwin-signature-h9038e\/#primaryimage\"},\"thumbnailUrl\":\"https:\/\/bike-express.ch\/wp-content\/uploads\/2024\/08\/H9038E.jpg\",\"datePublished\":\"2022-01-31T14:42:05+00:00\",\"dateModified\":\"2024-08-27T20:46:58+00:00\",\"breadcrumb\":{\"@id\":\"https:\/\/bike-express.ch\/de\/produit\/chocolate-bar-godwin-signature-h9038e\/#breadcrumb\"},\"inLanguage\":\"de\",\"potentialAction\":[{\"@type\":\"ReadAction\",\"target\":[\"https:\/\/bike-express.ch\/de\/produit\/chocolate-bar-godwin-signature-h9038e\/\"]}]},{\"@type\":\"ImageObject\",\"inLanguage\":\"de\",\"@id\":\"https:\/\/bike-express.ch\/de\/produit\/chocolate-bar-godwin-signature-h9038e\/#primaryimage\",\"url\":\"https:\/\/bike-express.ch\/wp-content\/uploads\/2024\/08\/H9038E.jpg\",\"contentUrl\":\"https:\/\/bike-express.ch\/wp-content\/uploads\/2024\/08\/H9038E.jpg\",\"width\":800,\"height\":533},{\"@type\":\"BreadcrumbList\",\"@id\":\"https:\/\/bike-express.ch\/de\/produit\/chocolate-bar-godwin-signature-h9038e\/#breadcrumb\",\"itemListElement\":[{\"@type\":\"ListItem\",\"position\":1,\"name\":\"Accueil\",\"item\":\"https:\/\/bike-express.ch\/de\/\"},{\"@type\":\"ListItem\",\"position\":2,\"name\":\"Unsere Produkte\",\"item\":\"https:\/\/bike-express.ch\/de\/unsere-produkte\/\"},{\"@type\":\"ListItem\",\"position\":3,\"name\":\"Fahrradteile\",\"item\":\"https:\/\/bike-express.ch\/de\/categorie-produit\/fahrrad-fahrradteile-de\/\"},{\"@type\":\"ListItem\",\"position\":4,\"name\":\"Cockpit\",\"item\":\"https:\/\/bike-express.ch\/de\/categorie-produit\/fahrrad-fahrradteile-de\/fahrrad-fahrr-cockpit-de\/\"},{\"@type\":\"ListItem\",\"position\":5,\"name\":\"Lenkerb\u00e4nder\",\"item\":\"https:\/\/bike-express.ch\/de\/categorie-produit\/fahrrad-fahrradteile-de\/fahrrad-fahrr-cockpit-de\/fahrrad-cockp-lenkerbander-de\/\"},{\"@type\":\"ListItem\",\"position\":6,\"name\":\"CHOCOLATE bar-Godwin signature \u00d822.2mm 9.5&#8242; height, cr-mo, heat-treated\"}]},{\"@type\":\"WebSite\",\"@id\":\"https:\/\/bike-express.ch\/de\/#website\",\"url\":\"https:\/\/bike-express.ch\/de\/\",\"name\":\"Bike Express\",\"description\":\"Num\u00e9ro 1 des pi\u00e8ces de v\u00e9los en Suisse\",\"potentialAction\":[{\"@type\":\"SearchAction\",\"target\":{\"@type\":\"EntryPoint\",\"urlTemplate\":\"https:\/\/bike-express.ch\/de\/?s={search_term_string}\"},\"query-input\":{\"@type\":\"PropertyValueSpecification\",\"valueRequired\":true,\"valueName\":\"search_term_string\"}}],\"inLanguage\":\"de\"}]}<\/script>\n<!-- \/ Yoast SEO plugin. -->","yoast_head_json":{"title":"CHOCOLATE bar-Godwin signature \u00d822.2mm 9.5' height, cr-mo, heat-treated - Bike Express","robots":{"index,follow":"index,follow"},"canonical":"https:\/\/bike-express.ch\/de\/produit\/chocolate-bar-godwin-signature-h9038e\/","og_locale":"de_DE","og_type":"article","og_title":"CHOCOLATE bar-Godwin signature \u00d822.2mm 9.5' height, cr-mo, heat-treated - Bike Express","og_description":"CHOCOLATE bar-Godwin signature \u00d822.2mm 9.5&#8242; height, cr-mo, heat-treated","og_url":"https:\/\/bike-express.ch\/de\/produit\/chocolate-bar-godwin-signature-h9038e\/","og_site_name":"Bike Express","article_modified_time":"2024-08-27T20:46:58+00:00","og_image":[{"width":800,"height":431,"url":"https:\/\/bike-express.ch\/wp-content\/uploads\/2022\/02\/H9038E.jpg","type":"image\/jpeg"}],"twitter_card":"summary_large_image","schema":{"@context":"https:\/\/schema.org","@graph":[{"@type":"WebPage","@id":"https:\/\/bike-express.ch\/de\/produit\/chocolate-bar-godwin-signature-h9038e\/","url":"https:\/\/bike-express.ch\/de\/produit\/chocolate-bar-godwin-signature-h9038e\/","name":"CHOCOLATE bar-Godwin signature \u00d822.2mm 9.5' height, cr-mo, heat-treated - Bike Express","isPartOf":{"@id":"https:\/\/bike-express.ch\/de\/#website"},"primaryImageOfPage":{"@id":"https:\/\/bike-express.ch\/de\/produit\/chocolate-bar-godwin-signature-h9038e\/#primaryimage"},"image":{"@id":"https:\/\/bike-express.ch\/de\/produit\/chocolate-bar-godwin-signature-h9038e\/#primaryimage"},"thumbnailUrl":"https:\/\/bike-express.ch\/wp-content\/uploads\/2024\/08\/H9038E.jpg","datePublished":"2022-01-31T14:42:05+00:00","dateModified":"2024-08-27T20:46:58+00:00","breadcrumb":{"@id":"https:\/\/bike-express.ch\/de\/produit\/chocolate-bar-godwin-signature-h9038e\/#breadcrumb"},"inLanguage":"de","potentialAction":[{"@type":"ReadAction","target":["https:\/\/bike-express.ch\/de\/produit\/chocolate-bar-godwin-signature-h9038e\/"]}]},{"@type":"ImageObject","inLanguage":"de","@id":"https:\/\/bike-express.ch\/de\/produit\/chocolate-bar-godwin-signature-h9038e\/#primaryimage","url":"https:\/\/bike-express.ch\/wp-content\/uploads\/2024\/08\/H9038E.jpg","contentUrl":"https:\/\/bike-express.ch\/wp-content\/uploads\/2024\/08\/H9038E.jpg","width":800,"height":533},{"@type":"BreadcrumbList","@id":"https:\/\/bike-express.ch\/de\/produit\/chocolate-bar-godwin-signature-h9038e\/#breadcrumb","itemListElement":[{"@type":"ListItem","position":1,"name":"Accueil","item":"https:\/\/bike-express.ch\/de\/"},{"@type":"ListItem","position":2,"name":"Unsere Produkte","item":"https:\/\/bike-express.ch\/de\/unsere-produkte\/"},{"@type":"ListItem","position":3,"name":"Fahrradteile","item":"https:\/\/bike-express.ch\/de\/categorie-produit\/fahrrad-fahrradteile-de\/"},{"@type":"ListItem","position":4,"name":"Cockpit","item":"https:\/\/bike-express.ch\/de\/categorie-produit\/fahrrad-fahrradteile-de\/fahrrad-fahrr-cockpit-de\/"},{"@type":"ListItem","position":5,"name":"Lenkerb\u00e4nder","item":"https:\/\/bike-express.ch\/de\/categorie-produit\/fahrrad-fahrradteile-de\/fahrrad-fahrr-cockpit-de\/fahrrad-cockp-lenkerbander-de\/"},{"@type":"ListItem","position":6,"name":"CHOCOLATE bar-Godwin signature \u00d822.2mm 9.5&#8242; height, cr-mo, heat-treated"}]},{"@type":"WebSite","@id":"https:\/\/bike-express.ch\/de\/#website","url":"https:\/\/bike-express.ch\/de\/","name":"Bike Express","description":"Num\u00e9ro 1 des pi\u00e8ces de v\u00e9los en Suisse","potentialAction":[{"@type":"SearchAction","target":{"@type":"EntryPoint","urlTemplate":"https:\/\/bike-express.ch\/de\/?s={search_term_string}"},"query-input":{"@type":"PropertyValueSpecification","valueRequired":true,"valueName":"search_term_string"}}],"inLanguage":"de"}]}},"_links":{"self":[{"href":"https:\/\/bike-express.ch\/de\/wp-json\/wp\/v2\/product\/40365","targetHints":{"allow":["GET"]}}],"collection":[{"href":"https:\/\/bike-express.ch\/de\/wp-json\/wp\/v2\/product"}],"about":[{"href":"https:\/\/bike-express.ch\/de\/wp-json\/wp\/v2\/types\/product"}],"wp:featuredmedia":[{"embeddable":true,"href":"https:\/\/bike-express.ch\/de\/wp-json\/wp\/v2\/media\/329863"}],"wp:attachment":[{"href":"https:\/\/bike-express.ch\/de\/wp-json\/wp\/v2\/media?parent=40365"}],"wp:term":[{"taxonomy":"product_brand","embeddable":true,"href":"https:\/\/bike-express.ch\/de\/wp-json\/wp\/v2\/product_brand?post=40365"},{"taxonomy":"product_cat","embeddable":true,"href":"https:\/\/bike-express.ch\/de\/wp-json\/wp\/v2\/product_cat?post=40365"},{"taxonomy":"product_tag","embeddable":true,"href":"https:\/\/bike-express.ch\/de\/wp-json\/wp\/v2\/product_tag?post=40365"}],"curies":[{"name":"wp","href":"https:\/\/api.w.org\/{rel}","templated":true}]}}