{"id":41498,"date":"2022-01-31T15:59:16","date_gmt":"2022-01-31T14:59:16","guid":{"rendered":"https:\/\/test1.bike-express.ch\/new\/produit\/e-bike-isis-kurbelset-165mm-f-h8782u\/"},"modified":"2024-08-27T23:05:14","modified_gmt":"2024-08-27T21:05:14","slug":"e-bike-isis-kurbelset-165mm-f-h8782u","status":"publish","type":"product","link":"https:\/\/bike-express.ch\/de\/produit\/e-bike-isis-kurbelset-165mm-f-h8782u\/","title":{"rendered":"E-Bike ISIS jeu de manivelles 165mm p. Bosch Delta Double Diamond, Q:16, noir"},"content":{"rendered":"<p>E-Bike ISIS set de manivelles 165mm p. Bosch Delta Double Diamond, Q:16, noir<br \/>\n <b>Ensemble de manivelles DOUBLE DIAMOND de DELTA<\/b>.<br \/>\n La finition Double Diamond combine une surface polie avec une texture frontale travaill\u00e9e et brillante. La combinaison de ces deux textures diff\u00e9rentes donne au bras de manivelle un aspect sophistiqu\u00e9 et technique.Le processus de forgeage \u00e0 froid de Miranda et l&#8217;aluminium de haute qualit\u00e9 permettent d&#8217;\u00e9liminer les points faibles et de r\u00e9partir les charges appliqu\u00e9es de mani\u00e8re int\u00e9gr\u00e9e. Cela rend la manivelle Delta Double Diamond tr\u00e8s r\u00e9sistante aux contraintes de choc \u00e9lev\u00e9es.<\/p>\n<p> <b>Caract\u00e9ristiques techniques :<\/b><br \/>\n  pour Drive Units de 1\u00e8re, 2\u00e8me + 4\u00e8me g\u00e9n\u00e9ration compatible avec la ligne de produits : Classic+ Line &#8211; ici la vis M12 (Art. : 2100706) doit \u00eatre command\u00e9e en suppl\u00e9mentActive Line (BDU2XX)Performance Line (BDU2XX)Performance Line CX (BDU2XX)Cargo Line Cruise (BDU450 CX)Cargo Line Speed (BDU490 P)Performance Line Speed (BDU490P)Performance Line CX (BDU450 CX)<br \/>\n  ISIS Standard Longueur des manivelles : 165mm Facteur Q : Q16 Mat\u00e9riau : aluminium forg\u00e9 \u00e0 froid Poids : 569g Couleur : noir<br \/>\n Livraison : 2 manivelles,2 x vis M15<\/p>\n","protected":false},"excerpt":{"rendered":"<p>E-Bike ISIS set de manivelles 165mm p. Bosch Delta Double Diamond, Q:16, noir Ensemble de manivelles DOUBLE DIAMOND de DELTA. La finition Double Diamond combine une surface polie avec une texture frontale travaill\u00e9e et brillante. La combinaison de ces deux textures diff\u00e9rentes donne au bras de manivelle un aspect sophistiqu\u00e9 et technique.Le processus de forgeage [&#8230;]\n","protected":false},"featured_media":332169,"template":"","meta":[],"product_brand":[118223],"product_cat":[11847,12053,117464],"product_tag":[],"class_list":{"0":"post-41498","1":"product","2":"type-product","3":"status-publish","4":"has-post-thumbnail","6":"product_brand-miranda","7":"product_cat-fahrrad-fahrradteile-de","8":"product_cat-fahrrad-werkz-kurbeln-de","9":"product_cat-manivelles","11":"first","12":"instock","13":"taxable","14":"shipping-taxable","15":"purchasable","16":"product-type-simple"},"yoast_head":"<!-- This site is optimized with the Yoast SEO plugin v27.1.1 - https:\/\/yoast.com\/product\/yoast-seo-wordpress\/ -->\n<title>E-Bike ISIS jeu de manivelles 165mm p. Bosch Delta Double Diamond, Q:16, noir - Bike Express<\/title>\n<meta name=\"robots\" content=\"index,follow\" \/>\n<link rel=\"canonical\" href=\"https:\/\/bike-express.ch\/de\/produit\/e-bike-isis-kurbelset-165mm-f-h8782u\/\" \/>\n<meta property=\"og:locale\" content=\"de_DE\" \/>\n<meta property=\"og:type\" content=\"article\" \/>\n<meta property=\"og:title\" content=\"E-Bike ISIS jeu de manivelles 165mm p. Bosch Delta Double Diamond, Q:16, noir - Bike Express\" \/>\n<meta property=\"og:description\" content=\"E-Bike ISIS set de manivelles 165mm p. Bosch Delta Double Diamond, Q:16, noir Ensemble de manivelles DOUBLE DIAMOND de DELTA. La finition Double Diamond combine une surface polie avec une texture frontale travaill\u00e9e et brillante. La combinaison de ces deux textures diff\u00e9rentes donne au bras de manivelle un aspect sophistiqu\u00e9 et technique.Le processus de forgeage [...]\" \/>\n<meta property=\"og:url\" content=\"https:\/\/bike-express.ch\/de\/produit\/e-bike-isis-kurbelset-165mm-f-h8782u\/\" \/>\n<meta property=\"og:site_name\" content=\"Bike Express\" \/>\n<meta property=\"article:modified_time\" content=\"2024-08-27T21:05:14+00:00\" \/>\n<meta property=\"og:image\" content=\"https:\/\/bike-express.ch\/wp-content\/uploads\/2022\/02\/H8779M.jpg\" \/>\n\t<meta property=\"og:image:width\" content=\"591\" \/>\n\t<meta property=\"og:image:height\" content=\"161\" \/>\n\t<meta property=\"og:image:type\" content=\"image\/jpeg\" \/>\n<meta name=\"twitter:card\" content=\"summary_large_image\" \/>\n<meta name=\"twitter:label1\" content=\"Gesch\u00e4tzte Lesezeit\" \/>\n\t<meta name=\"twitter:data1\" content=\"1\u00a0Minute\" \/>\n<script type=\"application\/ld+json\" class=\"yoast-schema-graph\">{\"@context\":\"https:\/\/schema.org\",\"@graph\":[{\"@type\":\"WebPage\",\"@id\":\"https:\/\/bike-express.ch\/de\/produit\/e-bike-isis-kurbelset-165mm-f-h8782u\/\",\"url\":\"https:\/\/bike-express.ch\/de\/produit\/e-bike-isis-kurbelset-165mm-f-h8782u\/\",\"name\":\"E-Bike ISIS jeu de manivelles 165mm p. Bosch Delta Double Diamond, Q:16, noir - Bike Express\",\"isPartOf\":{\"@id\":\"https:\/\/bike-express.ch\/de\/#website\"},\"primaryImageOfPage\":{\"@id\":\"https:\/\/bike-express.ch\/de\/produit\/e-bike-isis-kurbelset-165mm-f-h8782u\/#primaryimage\"},\"image\":{\"@id\":\"https:\/\/bike-express.ch\/de\/produit\/e-bike-isis-kurbelset-165mm-f-h8782u\/#primaryimage\"},\"thumbnailUrl\":\"https:\/\/bike-express.ch\/wp-content\/uploads\/2024\/08\/H8782U.jpg\",\"datePublished\":\"2022-01-31T14:59:16+00:00\",\"dateModified\":\"2024-08-27T21:05:14+00:00\",\"breadcrumb\":{\"@id\":\"https:\/\/bike-express.ch\/de\/produit\/e-bike-isis-kurbelset-165mm-f-h8782u\/#breadcrumb\"},\"inLanguage\":\"de\",\"potentialAction\":[{\"@type\":\"ReadAction\",\"target\":[\"https:\/\/bike-express.ch\/de\/produit\/e-bike-isis-kurbelset-165mm-f-h8782u\/\"]}]},{\"@type\":\"ImageObject\",\"inLanguage\":\"de\",\"@id\":\"https:\/\/bike-express.ch\/de\/produit\/e-bike-isis-kurbelset-165mm-f-h8782u\/#primaryimage\",\"url\":\"https:\/\/bike-express.ch\/wp-content\/uploads\/2024\/08\/H8782U.jpg\",\"contentUrl\":\"https:\/\/bike-express.ch\/wp-content\/uploads\/2024\/08\/H8782U.jpg\",\"width\":800,\"height\":800},{\"@type\":\"BreadcrumbList\",\"@id\":\"https:\/\/bike-express.ch\/de\/produit\/e-bike-isis-kurbelset-165mm-f-h8782u\/#breadcrumb\",\"itemListElement\":[{\"@type\":\"ListItem\",\"position\":1,\"name\":\"Accueil\",\"item\":\"https:\/\/bike-express.ch\/de\/\"},{\"@type\":\"ListItem\",\"position\":2,\"name\":\"Unsere Produkte\",\"item\":\"https:\/\/bike-express.ch\/de\/unsere-produkte\/\"},{\"@type\":\"ListItem\",\"position\":3,\"name\":\"Werkstatt &amp; Wartung\",\"item\":\"https:\/\/bike-express.ch\/de\/categorie-produit\/fahrrad-werkstatt-wartung-de\/\"},{\"@type\":\"ListItem\",\"position\":4,\"name\":\"Werkzeug\",\"item\":\"https:\/\/bike-express.ch\/de\/categorie-produit\/fahrrad-werkstatt-wartung-de\/fahrrad-werks-werkzeug-de\/\"},{\"@type\":\"ListItem\",\"position\":5,\"name\":\"Kurbeln\",\"item\":\"https:\/\/bike-express.ch\/de\/categorie-produit\/fahrrad-werkstatt-wartung-de\/fahrrad-werks-werkzeug-de\/fahrrad-werkz-kurbeln-de\/\"},{\"@type\":\"ListItem\",\"position\":6,\"name\":\"E-Bike ISIS jeu de manivelles 165mm p. Bosch Delta Double Diamond, Q:16, noir\"}]},{\"@type\":\"WebSite\",\"@id\":\"https:\/\/bike-express.ch\/de\/#website\",\"url\":\"https:\/\/bike-express.ch\/de\/\",\"name\":\"Bike Express\",\"description\":\"Num\u00e9ro 1 des pi\u00e8ces de v\u00e9los en Suisse\",\"potentialAction\":[{\"@type\":\"SearchAction\",\"target\":{\"@type\":\"EntryPoint\",\"urlTemplate\":\"https:\/\/bike-express.ch\/de\/?s={search_term_string}\"},\"query-input\":{\"@type\":\"PropertyValueSpecification\",\"valueRequired\":true,\"valueName\":\"search_term_string\"}}],\"inLanguage\":\"de\"}]}<\/script>\n<!-- \/ Yoast SEO plugin. -->","yoast_head_json":{"title":"E-Bike ISIS jeu de manivelles 165mm p. Bosch Delta Double Diamond, Q:16, noir - Bike Express","robots":{"index,follow":"index,follow"},"canonical":"https:\/\/bike-express.ch\/de\/produit\/e-bike-isis-kurbelset-165mm-f-h8782u\/","og_locale":"de_DE","og_type":"article","og_title":"E-Bike ISIS jeu de manivelles 165mm p. Bosch Delta Double Diamond, Q:16, noir - Bike Express","og_description":"E-Bike ISIS set de manivelles 165mm p. Bosch Delta Double Diamond, Q:16, noir Ensemble de manivelles DOUBLE DIAMOND de DELTA. La finition Double Diamond combine une surface polie avec une texture frontale travaill\u00e9e et brillante. La combinaison de ces deux textures diff\u00e9rentes donne au bras de manivelle un aspect sophistiqu\u00e9 et technique.Le processus de forgeage [...]","og_url":"https:\/\/bike-express.ch\/de\/produit\/e-bike-isis-kurbelset-165mm-f-h8782u\/","og_site_name":"Bike Express","article_modified_time":"2024-08-27T21:05:14+00:00","og_image":[{"width":591,"height":161,"url":"https:\/\/bike-express.ch\/wp-content\/uploads\/2022\/02\/H8779M.jpg","type":"image\/jpeg"}],"twitter_card":"summary_large_image","twitter_misc":{"Gesch\u00e4tzte Lesezeit":"1\u00a0Minute"},"schema":{"@context":"https:\/\/schema.org","@graph":[{"@type":"WebPage","@id":"https:\/\/bike-express.ch\/de\/produit\/e-bike-isis-kurbelset-165mm-f-h8782u\/","url":"https:\/\/bike-express.ch\/de\/produit\/e-bike-isis-kurbelset-165mm-f-h8782u\/","name":"E-Bike ISIS jeu de manivelles 165mm p. Bosch Delta Double Diamond, Q:16, noir - Bike Express","isPartOf":{"@id":"https:\/\/bike-express.ch\/de\/#website"},"primaryImageOfPage":{"@id":"https:\/\/bike-express.ch\/de\/produit\/e-bike-isis-kurbelset-165mm-f-h8782u\/#primaryimage"},"image":{"@id":"https:\/\/bike-express.ch\/de\/produit\/e-bike-isis-kurbelset-165mm-f-h8782u\/#primaryimage"},"thumbnailUrl":"https:\/\/bike-express.ch\/wp-content\/uploads\/2024\/08\/H8782U.jpg","datePublished":"2022-01-31T14:59:16+00:00","dateModified":"2024-08-27T21:05:14+00:00","breadcrumb":{"@id":"https:\/\/bike-express.ch\/de\/produit\/e-bike-isis-kurbelset-165mm-f-h8782u\/#breadcrumb"},"inLanguage":"de","potentialAction":[{"@type":"ReadAction","target":["https:\/\/bike-express.ch\/de\/produit\/e-bike-isis-kurbelset-165mm-f-h8782u\/"]}]},{"@type":"ImageObject","inLanguage":"de","@id":"https:\/\/bike-express.ch\/de\/produit\/e-bike-isis-kurbelset-165mm-f-h8782u\/#primaryimage","url":"https:\/\/bike-express.ch\/wp-content\/uploads\/2024\/08\/H8782U.jpg","contentUrl":"https:\/\/bike-express.ch\/wp-content\/uploads\/2024\/08\/H8782U.jpg","width":800,"height":800},{"@type":"BreadcrumbList","@id":"https:\/\/bike-express.ch\/de\/produit\/e-bike-isis-kurbelset-165mm-f-h8782u\/#breadcrumb","itemListElement":[{"@type":"ListItem","position":1,"name":"Accueil","item":"https:\/\/bike-express.ch\/de\/"},{"@type":"ListItem","position":2,"name":"Unsere Produkte","item":"https:\/\/bike-express.ch\/de\/unsere-produkte\/"},{"@type":"ListItem","position":3,"name":"Werkstatt &amp; Wartung","item":"https:\/\/bike-express.ch\/de\/categorie-produit\/fahrrad-werkstatt-wartung-de\/"},{"@type":"ListItem","position":4,"name":"Werkzeug","item":"https:\/\/bike-express.ch\/de\/categorie-produit\/fahrrad-werkstatt-wartung-de\/fahrrad-werks-werkzeug-de\/"},{"@type":"ListItem","position":5,"name":"Kurbeln","item":"https:\/\/bike-express.ch\/de\/categorie-produit\/fahrrad-werkstatt-wartung-de\/fahrrad-werks-werkzeug-de\/fahrrad-werkz-kurbeln-de\/"},{"@type":"ListItem","position":6,"name":"E-Bike ISIS jeu de manivelles 165mm p. Bosch Delta Double Diamond, Q:16, noir"}]},{"@type":"WebSite","@id":"https:\/\/bike-express.ch\/de\/#website","url":"https:\/\/bike-express.ch\/de\/","name":"Bike Express","description":"Num\u00e9ro 1 des pi\u00e8ces de v\u00e9los en Suisse","potentialAction":[{"@type":"SearchAction","target":{"@type":"EntryPoint","urlTemplate":"https:\/\/bike-express.ch\/de\/?s={search_term_string}"},"query-input":{"@type":"PropertyValueSpecification","valueRequired":true,"valueName":"search_term_string"}}],"inLanguage":"de"}]}},"_links":{"self":[{"href":"https:\/\/bike-express.ch\/de\/wp-json\/wp\/v2\/product\/41498","targetHints":{"allow":["GET"]}}],"collection":[{"href":"https:\/\/bike-express.ch\/de\/wp-json\/wp\/v2\/product"}],"about":[{"href":"https:\/\/bike-express.ch\/de\/wp-json\/wp\/v2\/types\/product"}],"wp:featuredmedia":[{"embeddable":true,"href":"https:\/\/bike-express.ch\/de\/wp-json\/wp\/v2\/media\/332169"}],"wp:attachment":[{"href":"https:\/\/bike-express.ch\/de\/wp-json\/wp\/v2\/media?parent=41498"}],"wp:term":[{"taxonomy":"product_brand","embeddable":true,"href":"https:\/\/bike-express.ch\/de\/wp-json\/wp\/v2\/product_brand?post=41498"},{"taxonomy":"product_cat","embeddable":true,"href":"https:\/\/bike-express.ch\/de\/wp-json\/wp\/v2\/product_cat?post=41498"},{"taxonomy":"product_tag","embeddable":true,"href":"https:\/\/bike-express.ch\/de\/wp-json\/wp\/v2\/product_tag?post=41498"}],"curies":[{"name":"wp","href":"https:\/\/api.w.org\/{rel}","templated":true}]}}