{"id":41514,"date":"2022-01-31T15:59:32","date_gmt":"2022-01-31T14:59:32","guid":{"rendered":"https:\/\/test1.bike-express.ch\/new\/produit\/kettenblatt-e-bike-16-zahne-h8792f\/"},"modified":"2022-12-12T09:36:41","modified_gmt":"2022-12-12T08:36:41","slug":"plateau-de-chaine-e-bike-16-zahne-h8792f","status":"publish","type":"product","link":"https:\/\/bike-express.ch\/de\/produit\/plateau-de-chaine-e-bike-16-zahne-h8792f\/","title":{"rendered":"Plateau de p\u00e9dalier E-Bike, 16 dents, pour GEN2"},"content":{"rendered":"<p>Kettenblatt E-Bike, 16 Z\u00e4hne, f\u00fcr GEN2<br \/>\n \u0095 f\u00fcr Drive Units der 2. Generation<br \/>\n \u0095 kompatibel zur Produktlinie:<br \/>\n Active Line (BDU2XX)<br \/>\n Performance Line (BDU2XX)<br \/>\n Performance Line CX (BDU2XX)<br \/>\n \u0095 16 Z\u00e4hne<br \/>\n \u0095 Material: w\u00e4rmebehandelter Spezialstahl<br \/>\n \u0095 Gewicht: 14 g<br \/>\n \u0095 Farbe: schwarz<\/p>\n","protected":false},"excerpt":{"rendered":"<p>Kettenblatt E-Bike, 16 Z\u00e4hne, f\u00fcr GEN2 \u0095 f\u00fcr Drive Units der 2. Generation \u0095 kompatibel zur Produktlinie: Active Line (BDU2XX) Performance Line (BDU2XX) Performance Line CX (BDU2XX) \u0095 16 Z\u00e4hne \u0095 Material: w\u00e4rmebehandelter Spezialstahl \u0095 Gewicht: 14 g \u0095 Farbe: schwarz<\/p>\n","protected":false},"featured_media":84625,"template":"","meta":[],"product_brand":[118224],"product_cat":[11847,116627],"product_tag":[],"class_list":{"0":"post-41514","1":"product","2":"type-product","3":"status-publish","4":"has-post-thumbnail","6":"product_brand-miche","7":"product_cat-fahrrad-fahrradteile-de","8":"product_cat-miche","10":"first","11":"instock","12":"taxable","13":"shipping-taxable","14":"purchasable","15":"product-type-simple"},"yoast_head":"<!-- This site is optimized with the Yoast SEO plugin v27.1.1 - https:\/\/yoast.com\/product\/yoast-seo-wordpress\/ -->\n<title>Plateau de p\u00e9dalier E-Bike, 16 dents, pour GEN2 - Bike Express<\/title>\n<meta name=\"robots\" content=\"index,follow\" \/>\n<link rel=\"canonical\" href=\"https:\/\/bike-express.ch\/de\/produit\/plateau-de-chaine-e-bike-16-zahne-h8792f\/\" \/>\n<meta property=\"og:locale\" content=\"de_DE\" \/>\n<meta property=\"og:type\" content=\"article\" \/>\n<meta property=\"og:title\" content=\"Plateau de p\u00e9dalier E-Bike, 16 dents, pour GEN2 - Bike Express\" \/>\n<meta property=\"og:description\" content=\"Kettenblatt E-Bike, 16 Z\u00e4hne, f\u00fcr GEN2 \u0095 f\u00fcr Drive Units der 2. Generation \u0095 kompatibel zur Produktlinie: Active Line (BDU2XX) Performance Line (BDU2XX) Performance Line CX (BDU2XX) \u0095 16 Z\u00e4hne \u0095 Material: w\u00e4rmebehandelter Spezialstahl \u0095 Gewicht: 14 g \u0095 Farbe: schwarz\" \/>\n<meta property=\"og:url\" content=\"https:\/\/bike-express.ch\/de\/produit\/plateau-de-chaine-e-bike-16-zahne-h8792f\/\" \/>\n<meta property=\"og:site_name\" content=\"Bike Express\" \/>\n<meta property=\"article:modified_time\" content=\"2022-12-12T08:36:41+00:00\" \/>\n<meta property=\"og:image\" content=\"https:\/\/bike-express.ch\/wp-content\/uploads\/2022\/02\/H8792F.jpg\" \/>\n\t<meta property=\"og:image:width\" content=\"800\" \/>\n\t<meta property=\"og:image:height\" content=\"694\" \/>\n\t<meta property=\"og:image:type\" content=\"image\/jpeg\" \/>\n<meta name=\"twitter:card\" content=\"summary_large_image\" \/>\n<script type=\"application\/ld+json\" class=\"yoast-schema-graph\">{\"@context\":\"https:\/\/schema.org\",\"@graph\":[{\"@type\":\"WebPage\",\"@id\":\"https:\/\/bike-express.ch\/de\/produit\/plateau-de-chaine-e-bike-16-zahne-h8792f\/\",\"url\":\"https:\/\/bike-express.ch\/de\/produit\/plateau-de-chaine-e-bike-16-zahne-h8792f\/\",\"name\":\"Plateau de p\u00e9dalier E-Bike, 16 dents, pour GEN2 - Bike Express\",\"isPartOf\":{\"@id\":\"https:\/\/bike-express.ch\/de\/#website\"},\"primaryImageOfPage\":{\"@id\":\"https:\/\/bike-express.ch\/de\/produit\/plateau-de-chaine-e-bike-16-zahne-h8792f\/#primaryimage\"},\"image\":{\"@id\":\"https:\/\/bike-express.ch\/de\/produit\/plateau-de-chaine-e-bike-16-zahne-h8792f\/#primaryimage\"},\"thumbnailUrl\":\"https:\/\/bike-express.ch\/wp-content\/uploads\/2022\/02\/H8792F.jpg\",\"datePublished\":\"2022-01-31T14:59:32+00:00\",\"dateModified\":\"2022-12-12T08:36:41+00:00\",\"breadcrumb\":{\"@id\":\"https:\/\/bike-express.ch\/de\/produit\/plateau-de-chaine-e-bike-16-zahne-h8792f\/#breadcrumb\"},\"inLanguage\":\"de\",\"potentialAction\":[{\"@type\":\"ReadAction\",\"target\":[\"https:\/\/bike-express.ch\/de\/produit\/plateau-de-chaine-e-bike-16-zahne-h8792f\/\"]}]},{\"@type\":\"ImageObject\",\"inLanguage\":\"de\",\"@id\":\"https:\/\/bike-express.ch\/de\/produit\/plateau-de-chaine-e-bike-16-zahne-h8792f\/#primaryimage\",\"url\":\"https:\/\/bike-express.ch\/wp-content\/uploads\/2022\/02\/H8792F.jpg\",\"contentUrl\":\"https:\/\/bike-express.ch\/wp-content\/uploads\/2022\/02\/H8792F.jpg\",\"width\":800,\"height\":694},{\"@type\":\"BreadcrumbList\",\"@id\":\"https:\/\/bike-express.ch\/de\/produit\/plateau-de-chaine-e-bike-16-zahne-h8792f\/#breadcrumb\",\"itemListElement\":[{\"@type\":\"ListItem\",\"position\":1,\"name\":\"Accueil\",\"item\":\"https:\/\/bike-express.ch\/de\/\"},{\"@type\":\"ListItem\",\"position\":2,\"name\":\"Unsere Produkte\",\"item\":\"https:\/\/bike-express.ch\/de\/unsere-produkte\/\"},{\"@type\":\"ListItem\",\"position\":3,\"name\":\"Fahrradteile\",\"item\":\"https:\/\/bike-express.ch\/de\/categorie-produit\/fahrrad-fahrradteile-de\/\"},{\"@type\":\"ListItem\",\"position\":4,\"name\":\"Antrieb\",\"item\":\"https:\/\/bike-express.ch\/de\/categorie-produit\/fahrrad-fahrradteile-de\/fahrrad-fahrr-antrieb-de\/\"},{\"@type\":\"ListItem\",\"position\":5,\"name\":\"Kettenbl\u00e4tter\",\"item\":\"https:\/\/bike-express.ch\/de\/categorie-produit\/fahrrad-fahrradteile-de\/fahrrad-fahrr-antrieb-de\/fahrrad-antri-kettenblatter-de\/\"},{\"@type\":\"ListItem\",\"position\":6,\"name\":\"Plateau de p\u00e9dalier E-Bike, 16 dents, pour GEN2\"}]},{\"@type\":\"WebSite\",\"@id\":\"https:\/\/bike-express.ch\/de\/#website\",\"url\":\"https:\/\/bike-express.ch\/de\/\",\"name\":\"Bike Express\",\"description\":\"Num\u00e9ro 1 des pi\u00e8ces de v\u00e9los en Suisse\",\"potentialAction\":[{\"@type\":\"SearchAction\",\"target\":{\"@type\":\"EntryPoint\",\"urlTemplate\":\"https:\/\/bike-express.ch\/de\/?s={search_term_string}\"},\"query-input\":{\"@type\":\"PropertyValueSpecification\",\"valueRequired\":true,\"valueName\":\"search_term_string\"}}],\"inLanguage\":\"de\"}]}<\/script>\n<!-- \/ Yoast SEO plugin. -->","yoast_head_json":{"title":"Plateau de p\u00e9dalier E-Bike, 16 dents, pour GEN2 - Bike Express","robots":{"index,follow":"index,follow"},"canonical":"https:\/\/bike-express.ch\/de\/produit\/plateau-de-chaine-e-bike-16-zahne-h8792f\/","og_locale":"de_DE","og_type":"article","og_title":"Plateau de p\u00e9dalier E-Bike, 16 dents, pour GEN2 - Bike Express","og_description":"Kettenblatt E-Bike, 16 Z\u00e4hne, f\u00fcr GEN2 \u0095 f\u00fcr Drive Units der 2. Generation \u0095 kompatibel zur Produktlinie: Active Line (BDU2XX) Performance Line (BDU2XX) Performance Line CX (BDU2XX) \u0095 16 Z\u00e4hne \u0095 Material: w\u00e4rmebehandelter Spezialstahl \u0095 Gewicht: 14 g \u0095 Farbe: schwarz","og_url":"https:\/\/bike-express.ch\/de\/produit\/plateau-de-chaine-e-bike-16-zahne-h8792f\/","og_site_name":"Bike Express","article_modified_time":"2022-12-12T08:36:41+00:00","og_image":[{"width":800,"height":694,"url":"https:\/\/bike-express.ch\/wp-content\/uploads\/2022\/02\/H8792F.jpg","type":"image\/jpeg"}],"twitter_card":"summary_large_image","schema":{"@context":"https:\/\/schema.org","@graph":[{"@type":"WebPage","@id":"https:\/\/bike-express.ch\/de\/produit\/plateau-de-chaine-e-bike-16-zahne-h8792f\/","url":"https:\/\/bike-express.ch\/de\/produit\/plateau-de-chaine-e-bike-16-zahne-h8792f\/","name":"Plateau de p\u00e9dalier E-Bike, 16 dents, pour GEN2 - Bike Express","isPartOf":{"@id":"https:\/\/bike-express.ch\/de\/#website"},"primaryImageOfPage":{"@id":"https:\/\/bike-express.ch\/de\/produit\/plateau-de-chaine-e-bike-16-zahne-h8792f\/#primaryimage"},"image":{"@id":"https:\/\/bike-express.ch\/de\/produit\/plateau-de-chaine-e-bike-16-zahne-h8792f\/#primaryimage"},"thumbnailUrl":"https:\/\/bike-express.ch\/wp-content\/uploads\/2022\/02\/H8792F.jpg","datePublished":"2022-01-31T14:59:32+00:00","dateModified":"2022-12-12T08:36:41+00:00","breadcrumb":{"@id":"https:\/\/bike-express.ch\/de\/produit\/plateau-de-chaine-e-bike-16-zahne-h8792f\/#breadcrumb"},"inLanguage":"de","potentialAction":[{"@type":"ReadAction","target":["https:\/\/bike-express.ch\/de\/produit\/plateau-de-chaine-e-bike-16-zahne-h8792f\/"]}]},{"@type":"ImageObject","inLanguage":"de","@id":"https:\/\/bike-express.ch\/de\/produit\/plateau-de-chaine-e-bike-16-zahne-h8792f\/#primaryimage","url":"https:\/\/bike-express.ch\/wp-content\/uploads\/2022\/02\/H8792F.jpg","contentUrl":"https:\/\/bike-express.ch\/wp-content\/uploads\/2022\/02\/H8792F.jpg","width":800,"height":694},{"@type":"BreadcrumbList","@id":"https:\/\/bike-express.ch\/de\/produit\/plateau-de-chaine-e-bike-16-zahne-h8792f\/#breadcrumb","itemListElement":[{"@type":"ListItem","position":1,"name":"Accueil","item":"https:\/\/bike-express.ch\/de\/"},{"@type":"ListItem","position":2,"name":"Unsere Produkte","item":"https:\/\/bike-express.ch\/de\/unsere-produkte\/"},{"@type":"ListItem","position":3,"name":"Fahrradteile","item":"https:\/\/bike-express.ch\/de\/categorie-produit\/fahrrad-fahrradteile-de\/"},{"@type":"ListItem","position":4,"name":"Antrieb","item":"https:\/\/bike-express.ch\/de\/categorie-produit\/fahrrad-fahrradteile-de\/fahrrad-fahrr-antrieb-de\/"},{"@type":"ListItem","position":5,"name":"Kettenbl\u00e4tter","item":"https:\/\/bike-express.ch\/de\/categorie-produit\/fahrrad-fahrradteile-de\/fahrrad-fahrr-antrieb-de\/fahrrad-antri-kettenblatter-de\/"},{"@type":"ListItem","position":6,"name":"Plateau de p\u00e9dalier E-Bike, 16 dents, pour GEN2"}]},{"@type":"WebSite","@id":"https:\/\/bike-express.ch\/de\/#website","url":"https:\/\/bike-express.ch\/de\/","name":"Bike Express","description":"Num\u00e9ro 1 des pi\u00e8ces de v\u00e9los en Suisse","potentialAction":[{"@type":"SearchAction","target":{"@type":"EntryPoint","urlTemplate":"https:\/\/bike-express.ch\/de\/?s={search_term_string}"},"query-input":{"@type":"PropertyValueSpecification","valueRequired":true,"valueName":"search_term_string"}}],"inLanguage":"de"}]}},"_links":{"self":[{"href":"https:\/\/bike-express.ch\/de\/wp-json\/wp\/v2\/product\/41514","targetHints":{"allow":["GET"]}}],"collection":[{"href":"https:\/\/bike-express.ch\/de\/wp-json\/wp\/v2\/product"}],"about":[{"href":"https:\/\/bike-express.ch\/de\/wp-json\/wp\/v2\/types\/product"}],"wp:featuredmedia":[{"embeddable":true,"href":"https:\/\/bike-express.ch\/de\/wp-json\/wp\/v2\/media\/84625"}],"wp:attachment":[{"href":"https:\/\/bike-express.ch\/de\/wp-json\/wp\/v2\/media?parent=41514"}],"wp:term":[{"taxonomy":"product_brand","embeddable":true,"href":"https:\/\/bike-express.ch\/de\/wp-json\/wp\/v2\/product_brand?post=41514"},{"taxonomy":"product_cat","embeddable":true,"href":"https:\/\/bike-express.ch\/de\/wp-json\/wp\/v2\/product_cat?post=41514"},{"taxonomy":"product_tag","embeddable":true,"href":"https:\/\/bike-express.ch\/de\/wp-json\/wp\/v2\/product_tag?post=41514"}],"curies":[{"name":"wp","href":"https:\/\/api.w.org\/{rel}","templated":true}]}}