{"id":41964,"date":"2022-01-31T16:07:00","date_gmt":"2022-01-31T15:07:00","guid":{"rendered":"https:\/\/test1.bike-express.ch\/new\/produit\/pony-gtx-dunkelrot-m1516r\/"},"modified":"2025-01-31T16:43:33","modified_gmt":"2025-01-31T15:43:33","slug":"pony-gtx-dunkelrot-m1516r","status":"publish","type":"product","link":"https:\/\/bike-express.ch\/de\/produit\/pony-gtx-dunkelrot-m1516r\/","title":{"rendered":"PONY GTX DUNKELROT"},"content":{"rendered":"<p>PONY GTX DUNKELROT<br \/>\n&#8211; ohne Blinker<br \/>\n&#8211; ohne E-Starter<\/p>\n<p><b>Achtung: Neuer Preis<\/b><\/p>\n","protected":false},"excerpt":{"rendered":"<p>PONY GTX DUNKELROT &#8211; ohne Blinker &#8211; ohne E-Starter Achtung: Neuer Preis<\/p>\n","protected":false},"featured_media":302795,"template":"","meta":[],"product_brand":[],"product_cat":[117946],"product_tag":[],"class_list":{"0":"post-41964","1":"product","2":"type-product","3":"status-publish","4":"has-post-thumbnail","6":"product_cat-gtx","8":"first","9":"instock","10":"taxable","11":"shipping-taxable","12":"purchasable","13":"product-type-simple"},"yoast_head":"<!-- This site is optimized with the Yoast SEO plugin v27.1.1 - https:\/\/yoast.com\/product\/yoast-seo-wordpress\/ -->\n<title>PONY GTX DUNKELROT - Bike Express<\/title>\n<meta name=\"robots\" content=\"index,follow\" \/>\n<link rel=\"canonical\" href=\"https:\/\/bike-express.ch\/de\/produit\/pony-gtx-dunkelrot-m1516r\/\" \/>\n<meta property=\"og:locale\" content=\"de_DE\" \/>\n<meta property=\"og:type\" content=\"article\" \/>\n<meta property=\"og:title\" content=\"PONY GTX DUNKELROT - Bike Express\" \/>\n<meta property=\"og:description\" content=\"PONY GTX DUNKELROT &#8211; ohne Blinker &#8211; ohne E-Starter Achtung: Neuer Preis\" \/>\n<meta property=\"og:url\" content=\"https:\/\/bike-express.ch\/de\/produit\/pony-gtx-dunkelrot-m1516r\/\" \/>\n<meta property=\"og:site_name\" content=\"Bike Express\" \/>\n<meta property=\"article:modified_time\" content=\"2025-01-31T15:43:33+00:00\" \/>\n<meta property=\"og:image\" content=\"https:\/\/bike-express.ch\/wp-content\/uploads\/2024\/08\/M1516R.JPG\" \/>\n\t<meta property=\"og:image:width\" content=\"250\" \/>\n\t<meta property=\"og:image:height\" content=\"211\" \/>\n\t<meta property=\"og:image:type\" content=\"image\/jpeg\" \/>\n<meta name=\"twitter:card\" content=\"summary_large_image\" \/>\n<script type=\"application\/ld+json\" class=\"yoast-schema-graph\">{\"@context\":\"https:\/\/schema.org\",\"@graph\":[{\"@type\":\"WebPage\",\"@id\":\"https:\/\/bike-express.ch\/de\/produit\/pony-gtx-dunkelrot-m1516r\/\",\"url\":\"https:\/\/bike-express.ch\/de\/produit\/pony-gtx-dunkelrot-m1516r\/\",\"name\":\"PONY GTX DUNKELROT - Bike Express\",\"isPartOf\":{\"@id\":\"https:\/\/bike-express.ch\/de\/#website\"},\"primaryImageOfPage\":{\"@id\":\"https:\/\/bike-express.ch\/de\/produit\/pony-gtx-dunkelrot-m1516r\/#primaryimage\"},\"image\":{\"@id\":\"https:\/\/bike-express.ch\/de\/produit\/pony-gtx-dunkelrot-m1516r\/#primaryimage\"},\"thumbnailUrl\":\"https:\/\/bike-express.ch\/wp-content\/uploads\/2024\/08\/M1516R.JPG\",\"datePublished\":\"2022-01-31T15:07:00+00:00\",\"dateModified\":\"2025-01-31T15:43:33+00:00\",\"breadcrumb\":{\"@id\":\"https:\/\/bike-express.ch\/de\/produit\/pony-gtx-dunkelrot-m1516r\/#breadcrumb\"},\"inLanguage\":\"de\",\"potentialAction\":[{\"@type\":\"ReadAction\",\"target\":[\"https:\/\/bike-express.ch\/de\/produit\/pony-gtx-dunkelrot-m1516r\/\"]}]},{\"@type\":\"ImageObject\",\"inLanguage\":\"de\",\"@id\":\"https:\/\/bike-express.ch\/de\/produit\/pony-gtx-dunkelrot-m1516r\/#primaryimage\",\"url\":\"https:\/\/bike-express.ch\/wp-content\/uploads\/2024\/08\/M1516R.JPG\",\"contentUrl\":\"https:\/\/bike-express.ch\/wp-content\/uploads\/2024\/08\/M1516R.JPG\",\"width\":250,\"height\":211},{\"@type\":\"BreadcrumbList\",\"@id\":\"https:\/\/bike-express.ch\/de\/produit\/pony-gtx-dunkelrot-m1516r\/#breadcrumb\",\"itemListElement\":[{\"@type\":\"ListItem\",\"position\":1,\"name\":\"Accueil\",\"item\":\"https:\/\/bike-express.ch\/de\/\"},{\"@type\":\"ListItem\",\"position\":2,\"name\":\"Unsere Produkte\",\"item\":\"https:\/\/bike-express.ch\/de\/unsere-produkte\/\"},{\"@type\":\"ListItem\",\"position\":3,\"name\":\"Motorr\u00e4der\",\"item\":\"https:\/\/bike-express.ch\/de\/categorie-produit\/motorraeder\/\"},{\"@type\":\"ListItem\",\"position\":4,\"name\":\"PONY GTX DUNKELROT\"}]},{\"@type\":\"WebSite\",\"@id\":\"https:\/\/bike-express.ch\/de\/#website\",\"url\":\"https:\/\/bike-express.ch\/de\/\",\"name\":\"Bike Express\",\"description\":\"Num\u00e9ro 1 des pi\u00e8ces de v\u00e9los en Suisse\",\"potentialAction\":[{\"@type\":\"SearchAction\",\"target\":{\"@type\":\"EntryPoint\",\"urlTemplate\":\"https:\/\/bike-express.ch\/de\/?s={search_term_string}\"},\"query-input\":{\"@type\":\"PropertyValueSpecification\",\"valueRequired\":true,\"valueName\":\"search_term_string\"}}],\"inLanguage\":\"de\"}]}<\/script>\n<!-- \/ Yoast SEO plugin. -->","yoast_head_json":{"title":"PONY GTX DUNKELROT - Bike Express","robots":{"index,follow":"index,follow"},"canonical":"https:\/\/bike-express.ch\/de\/produit\/pony-gtx-dunkelrot-m1516r\/","og_locale":"de_DE","og_type":"article","og_title":"PONY GTX DUNKELROT - Bike Express","og_description":"PONY GTX DUNKELROT &#8211; ohne Blinker &#8211; ohne E-Starter Achtung: Neuer Preis","og_url":"https:\/\/bike-express.ch\/de\/produit\/pony-gtx-dunkelrot-m1516r\/","og_site_name":"Bike Express","article_modified_time":"2025-01-31T15:43:33+00:00","og_image":[{"width":250,"height":211,"url":"https:\/\/bike-express.ch\/wp-content\/uploads\/2024\/08\/M1516R.JPG","type":"image\/jpeg"}],"twitter_card":"summary_large_image","schema":{"@context":"https:\/\/schema.org","@graph":[{"@type":"WebPage","@id":"https:\/\/bike-express.ch\/de\/produit\/pony-gtx-dunkelrot-m1516r\/","url":"https:\/\/bike-express.ch\/de\/produit\/pony-gtx-dunkelrot-m1516r\/","name":"PONY GTX DUNKELROT - Bike Express","isPartOf":{"@id":"https:\/\/bike-express.ch\/de\/#website"},"primaryImageOfPage":{"@id":"https:\/\/bike-express.ch\/de\/produit\/pony-gtx-dunkelrot-m1516r\/#primaryimage"},"image":{"@id":"https:\/\/bike-express.ch\/de\/produit\/pony-gtx-dunkelrot-m1516r\/#primaryimage"},"thumbnailUrl":"https:\/\/bike-express.ch\/wp-content\/uploads\/2024\/08\/M1516R.JPG","datePublished":"2022-01-31T15:07:00+00:00","dateModified":"2025-01-31T15:43:33+00:00","breadcrumb":{"@id":"https:\/\/bike-express.ch\/de\/produit\/pony-gtx-dunkelrot-m1516r\/#breadcrumb"},"inLanguage":"de","potentialAction":[{"@type":"ReadAction","target":["https:\/\/bike-express.ch\/de\/produit\/pony-gtx-dunkelrot-m1516r\/"]}]},{"@type":"ImageObject","inLanguage":"de","@id":"https:\/\/bike-express.ch\/de\/produit\/pony-gtx-dunkelrot-m1516r\/#primaryimage","url":"https:\/\/bike-express.ch\/wp-content\/uploads\/2024\/08\/M1516R.JPG","contentUrl":"https:\/\/bike-express.ch\/wp-content\/uploads\/2024\/08\/M1516R.JPG","width":250,"height":211},{"@type":"BreadcrumbList","@id":"https:\/\/bike-express.ch\/de\/produit\/pony-gtx-dunkelrot-m1516r\/#breadcrumb","itemListElement":[{"@type":"ListItem","position":1,"name":"Accueil","item":"https:\/\/bike-express.ch\/de\/"},{"@type":"ListItem","position":2,"name":"Unsere Produkte","item":"https:\/\/bike-express.ch\/de\/unsere-produkte\/"},{"@type":"ListItem","position":3,"name":"Motorr\u00e4der","item":"https:\/\/bike-express.ch\/de\/categorie-produit\/motorraeder\/"},{"@type":"ListItem","position":4,"name":"PONY GTX DUNKELROT"}]},{"@type":"WebSite","@id":"https:\/\/bike-express.ch\/de\/#website","url":"https:\/\/bike-express.ch\/de\/","name":"Bike Express","description":"Num\u00e9ro 1 des pi\u00e8ces de v\u00e9los en Suisse","potentialAction":[{"@type":"SearchAction","target":{"@type":"EntryPoint","urlTemplate":"https:\/\/bike-express.ch\/de\/?s={search_term_string}"},"query-input":{"@type":"PropertyValueSpecification","valueRequired":true,"valueName":"search_term_string"}}],"inLanguage":"de"}]}},"_links":{"self":[{"href":"https:\/\/bike-express.ch\/de\/wp-json\/wp\/v2\/product\/41964","targetHints":{"allow":["GET"]}}],"collection":[{"href":"https:\/\/bike-express.ch\/de\/wp-json\/wp\/v2\/product"}],"about":[{"href":"https:\/\/bike-express.ch\/de\/wp-json\/wp\/v2\/types\/product"}],"wp:featuredmedia":[{"embeddable":true,"href":"https:\/\/bike-express.ch\/de\/wp-json\/wp\/v2\/media\/302795"}],"wp:attachment":[{"href":"https:\/\/bike-express.ch\/de\/wp-json\/wp\/v2\/media?parent=41964"}],"wp:term":[{"taxonomy":"product_brand","embeddable":true,"href":"https:\/\/bike-express.ch\/de\/wp-json\/wp\/v2\/product_brand?post=41964"},{"taxonomy":"product_cat","embeddable":true,"href":"https:\/\/bike-express.ch\/de\/wp-json\/wp\/v2\/product_cat?post=41964"},{"taxonomy":"product_tag","embeddable":true,"href":"https:\/\/bike-express.ch\/de\/wp-json\/wp\/v2\/product_tag?post=41964"}],"curies":[{"name":"wp","href":"https:\/\/api.w.org\/{rel}","templated":true}]}}