{"id":423178,"date":"2026-03-10T14:53:47","date_gmt":"2026-03-10T13:53:47","guid":{"rendered":"https:\/\/bike-express.ch\/?post_type=product&#038;p=423178"},"modified":"2026-03-10T14:53:47","modified_gmt":"2026-03-10T13:53:47","slug":"bremskabel-mtb-1-5mmx2-35m-tefl-50stk-mtb-ptfe-coated-50-stuck-lange-15mm-x-2-350mm","status":"publish","type":"product","link":"https:\/\/bike-express.ch\/de\/produit\/bremskabel-mtb-1-5mmx2-35m-tefl-50stk-mtb-ptfe-coated-50-stuck-lange-15mm-x-2-350mm\/","title":{"rendered":"BREMSKABEL MTB 1.5mmx2.35m, Tefl, 50STK. \n -MTB, PTFE-coated. \n -50 St\u00fcck- L\u00e4nge: 1,5mm x 2.350mm."},"content":{"rendered":"<p>BREMSKABEL MTB 1.5mmx2.35m, Tefl, 50STK.<br \/>\n -MTB, PTFE-coated.<br \/>\n -50 St\u00fcck- L\u00e4nge: 1,5mm x 2.350mm.<\/p>\n","protected":false},"excerpt":{"rendered":"<p>BREMSKABEL MTB 1.5mmx2.35m, Tefl, 50STK. -MTB, PTFE-coated. -50 St\u00fcck- L\u00e4nge: 1,5mm x 2.350mm.<\/p>\n","protected":false},"featured_media":423179,"template":"","meta":[],"product_brand":[],"product_cat":[117669,12041],"product_tag":[],"class_list":{"0":"post-423178","1":"product","2":"type-product","3":"status-publish","4":"has-post-thumbnail","6":"product_cat-cables-atelier","7":"product_cat-fahrrad-werkstatt-wartung-de","9":"first","10":"instock","11":"taxable","12":"shipping-taxable","13":"purchasable","14":"product-type-simple"},"yoast_head":"<!-- This site is optimized with the Yoast SEO plugin v27.1.1 - https:\/\/yoast.com\/product\/yoast-seo-wordpress\/ -->\n<title>BREMSKABEL MTB 1.5mmx2.35m, Tefl, 50STK.  -MTB, PTFE-coated.  -50 St\u00fcck- L\u00e4nge: 1,5mm x 2.350mm. - Bike Express<\/title>\n<meta name=\"robots\" content=\"index,follow\" \/>\n<link rel=\"canonical\" href=\"https:\/\/bike-express.ch\/de\/produit\/bremskabel-mtb-1-5mmx2-35m-tefl-50stk-mtb-ptfe-coated-50-stuck-lange-15mm-x-2-350mm\/\" \/>\n<meta property=\"og:locale\" content=\"de_DE\" \/>\n<meta property=\"og:type\" content=\"article\" \/>\n<meta property=\"og:title\" content=\"BREMSKABEL MTB 1.5mmx2.35m, Tefl, 50STK.  -MTB, PTFE-coated.  -50 St\u00fcck- L\u00e4nge: 1,5mm x 2.350mm. - Bike Express\" \/>\n<meta property=\"og:description\" content=\"BREMSKABEL MTB 1.5mmx2.35m, Tefl, 50STK. -MTB, PTFE-coated. -50 St\u00fcck- L\u00e4nge: 1,5mm x 2.350mm.\" \/>\n<meta property=\"og:url\" content=\"https:\/\/bike-express.ch\/de\/produit\/bremskabel-mtb-1-5mmx2-35m-tefl-50stk-mtb-ptfe-coated-50-stuck-lange-15mm-x-2-350mm\/\" \/>\n<meta property=\"og:site_name\" content=\"Bike Express\" \/>\n<meta property=\"og:image\" content=\"https:\/\/bike-express.ch\/wp-content\/uploads\/2026\/03\/H8211M.jpg\" \/>\n\t<meta property=\"og:image:width\" content=\"800\" \/>\n\t<meta property=\"og:image:height\" content=\"800\" \/>\n\t<meta property=\"og:image:type\" content=\"image\/jpeg\" \/>\n<meta name=\"twitter:card\" content=\"summary_large_image\" \/>\n<script type=\"application\/ld+json\" class=\"yoast-schema-graph\">{\"@context\":\"https:\/\/schema.org\",\"@graph\":[{\"@type\":\"WebPage\",\"@id\":\"https:\/\/bike-express.ch\/de\/produit\/bremskabel-mtb-1-5mmx2-35m-tefl-50stk-mtb-ptfe-coated-50-stuck-lange-15mm-x-2-350mm\/\",\"url\":\"https:\/\/bike-express.ch\/de\/produit\/bremskabel-mtb-1-5mmx2-35m-tefl-50stk-mtb-ptfe-coated-50-stuck-lange-15mm-x-2-350mm\/\",\"name\":\"BREMSKABEL MTB 1.5mmx2.35m, Tefl, 50STK. -MTB, PTFE-coated. -50 St\u00fcck- L\u00e4nge: 1,5mm x 2.350mm. - Bike Express\",\"isPartOf\":{\"@id\":\"https:\/\/bike-express.ch\/de\/#website\"},\"primaryImageOfPage\":{\"@id\":\"https:\/\/bike-express.ch\/de\/produit\/bremskabel-mtb-1-5mmx2-35m-tefl-50stk-mtb-ptfe-coated-50-stuck-lange-15mm-x-2-350mm\/#primaryimage\"},\"image\":{\"@id\":\"https:\/\/bike-express.ch\/de\/produit\/bremskabel-mtb-1-5mmx2-35m-tefl-50stk-mtb-ptfe-coated-50-stuck-lange-15mm-x-2-350mm\/#primaryimage\"},\"thumbnailUrl\":\"https:\/\/bike-express.ch\/wp-content\/uploads\/2026\/03\/H8211M.jpg\",\"datePublished\":\"2026-03-10T13:53:47+00:00\",\"breadcrumb\":{\"@id\":\"https:\/\/bike-express.ch\/de\/produit\/bremskabel-mtb-1-5mmx2-35m-tefl-50stk-mtb-ptfe-coated-50-stuck-lange-15mm-x-2-350mm\/#breadcrumb\"},\"inLanguage\":\"de\",\"potentialAction\":[{\"@type\":\"ReadAction\",\"target\":[\"https:\/\/bike-express.ch\/de\/produit\/bremskabel-mtb-1-5mmx2-35m-tefl-50stk-mtb-ptfe-coated-50-stuck-lange-15mm-x-2-350mm\/\"]}]},{\"@type\":\"ImageObject\",\"inLanguage\":\"de\",\"@id\":\"https:\/\/bike-express.ch\/de\/produit\/bremskabel-mtb-1-5mmx2-35m-tefl-50stk-mtb-ptfe-coated-50-stuck-lange-15mm-x-2-350mm\/#primaryimage\",\"url\":\"https:\/\/bike-express.ch\/wp-content\/uploads\/2026\/03\/H8211M.jpg\",\"contentUrl\":\"https:\/\/bike-express.ch\/wp-content\/uploads\/2026\/03\/H8211M.jpg\",\"width\":800,\"height\":800},{\"@type\":\"BreadcrumbList\",\"@id\":\"https:\/\/bike-express.ch\/de\/produit\/bremskabel-mtb-1-5mmx2-35m-tefl-50stk-mtb-ptfe-coated-50-stuck-lange-15mm-x-2-350mm\/#breadcrumb\",\"itemListElement\":[{\"@type\":\"ListItem\",\"position\":1,\"name\":\"Accueil\",\"item\":\"https:\/\/bike-express.ch\/de\/\"},{\"@type\":\"ListItem\",\"position\":2,\"name\":\"Unsere Produkte\",\"item\":\"https:\/\/bike-express.ch\/de\/unsere-produkte\/\"},{\"@type\":\"ListItem\",\"position\":3,\"name\":\"BREMSKABEL MTB 1.5mmx2.35m, Tefl, 50STK. -MTB, PTFE-coated. -50 St\u00fcck- L\u00e4nge: 1,5mm x 2.350mm.\"}]},{\"@type\":\"WebSite\",\"@id\":\"https:\/\/bike-express.ch\/de\/#website\",\"url\":\"https:\/\/bike-express.ch\/de\/\",\"name\":\"Bike Express\",\"description\":\"Num\u00e9ro 1 des pi\u00e8ces de v\u00e9los en Suisse\",\"potentialAction\":[{\"@type\":\"SearchAction\",\"target\":{\"@type\":\"EntryPoint\",\"urlTemplate\":\"https:\/\/bike-express.ch\/de\/?s={search_term_string}\"},\"query-input\":{\"@type\":\"PropertyValueSpecification\",\"valueRequired\":true,\"valueName\":\"search_term_string\"}}],\"inLanguage\":\"de\"}]}<\/script>\n<!-- \/ Yoast SEO plugin. -->","yoast_head_json":{"title":"BREMSKABEL MTB 1.5mmx2.35m, Tefl, 50STK.  -MTB, PTFE-coated.  -50 St\u00fcck- L\u00e4nge: 1,5mm x 2.350mm. - Bike Express","robots":{"index,follow":"index,follow"},"canonical":"https:\/\/bike-express.ch\/de\/produit\/bremskabel-mtb-1-5mmx2-35m-tefl-50stk-mtb-ptfe-coated-50-stuck-lange-15mm-x-2-350mm\/","og_locale":"de_DE","og_type":"article","og_title":"BREMSKABEL MTB 1.5mmx2.35m, Tefl, 50STK.  -MTB, PTFE-coated.  -50 St\u00fcck- L\u00e4nge: 1,5mm x 2.350mm. - Bike Express","og_description":"BREMSKABEL MTB 1.5mmx2.35m, Tefl, 50STK. -MTB, PTFE-coated. -50 St\u00fcck- L\u00e4nge: 1,5mm x 2.350mm.","og_url":"https:\/\/bike-express.ch\/de\/produit\/bremskabel-mtb-1-5mmx2-35m-tefl-50stk-mtb-ptfe-coated-50-stuck-lange-15mm-x-2-350mm\/","og_site_name":"Bike Express","og_image":[{"width":800,"height":800,"url":"https:\/\/bike-express.ch\/wp-content\/uploads\/2026\/03\/H8211M.jpg","type":"image\/jpeg"}],"twitter_card":"summary_large_image","schema":{"@context":"https:\/\/schema.org","@graph":[{"@type":"WebPage","@id":"https:\/\/bike-express.ch\/de\/produit\/bremskabel-mtb-1-5mmx2-35m-tefl-50stk-mtb-ptfe-coated-50-stuck-lange-15mm-x-2-350mm\/","url":"https:\/\/bike-express.ch\/de\/produit\/bremskabel-mtb-1-5mmx2-35m-tefl-50stk-mtb-ptfe-coated-50-stuck-lange-15mm-x-2-350mm\/","name":"BREMSKABEL MTB 1.5mmx2.35m, Tefl, 50STK. -MTB, PTFE-coated. -50 St\u00fcck- L\u00e4nge: 1,5mm x 2.350mm. - Bike Express","isPartOf":{"@id":"https:\/\/bike-express.ch\/de\/#website"},"primaryImageOfPage":{"@id":"https:\/\/bike-express.ch\/de\/produit\/bremskabel-mtb-1-5mmx2-35m-tefl-50stk-mtb-ptfe-coated-50-stuck-lange-15mm-x-2-350mm\/#primaryimage"},"image":{"@id":"https:\/\/bike-express.ch\/de\/produit\/bremskabel-mtb-1-5mmx2-35m-tefl-50stk-mtb-ptfe-coated-50-stuck-lange-15mm-x-2-350mm\/#primaryimage"},"thumbnailUrl":"https:\/\/bike-express.ch\/wp-content\/uploads\/2026\/03\/H8211M.jpg","datePublished":"2026-03-10T13:53:47+00:00","breadcrumb":{"@id":"https:\/\/bike-express.ch\/de\/produit\/bremskabel-mtb-1-5mmx2-35m-tefl-50stk-mtb-ptfe-coated-50-stuck-lange-15mm-x-2-350mm\/#breadcrumb"},"inLanguage":"de","potentialAction":[{"@type":"ReadAction","target":["https:\/\/bike-express.ch\/de\/produit\/bremskabel-mtb-1-5mmx2-35m-tefl-50stk-mtb-ptfe-coated-50-stuck-lange-15mm-x-2-350mm\/"]}]},{"@type":"ImageObject","inLanguage":"de","@id":"https:\/\/bike-express.ch\/de\/produit\/bremskabel-mtb-1-5mmx2-35m-tefl-50stk-mtb-ptfe-coated-50-stuck-lange-15mm-x-2-350mm\/#primaryimage","url":"https:\/\/bike-express.ch\/wp-content\/uploads\/2026\/03\/H8211M.jpg","contentUrl":"https:\/\/bike-express.ch\/wp-content\/uploads\/2026\/03\/H8211M.jpg","width":800,"height":800},{"@type":"BreadcrumbList","@id":"https:\/\/bike-express.ch\/de\/produit\/bremskabel-mtb-1-5mmx2-35m-tefl-50stk-mtb-ptfe-coated-50-stuck-lange-15mm-x-2-350mm\/#breadcrumb","itemListElement":[{"@type":"ListItem","position":1,"name":"Accueil","item":"https:\/\/bike-express.ch\/de\/"},{"@type":"ListItem","position":2,"name":"Unsere Produkte","item":"https:\/\/bike-express.ch\/de\/unsere-produkte\/"},{"@type":"ListItem","position":3,"name":"BREMSKABEL MTB 1.5mmx2.35m, Tefl, 50STK. -MTB, PTFE-coated. -50 St\u00fcck- L\u00e4nge: 1,5mm x 2.350mm."}]},{"@type":"WebSite","@id":"https:\/\/bike-express.ch\/de\/#website","url":"https:\/\/bike-express.ch\/de\/","name":"Bike Express","description":"Num\u00e9ro 1 des pi\u00e8ces de v\u00e9los en Suisse","potentialAction":[{"@type":"SearchAction","target":{"@type":"EntryPoint","urlTemplate":"https:\/\/bike-express.ch\/de\/?s={search_term_string}"},"query-input":{"@type":"PropertyValueSpecification","valueRequired":true,"valueName":"search_term_string"}}],"inLanguage":"de"}]}},"_links":{"self":[{"href":"https:\/\/bike-express.ch\/de\/wp-json\/wp\/v2\/product\/423178","targetHints":{"allow":["GET"]}}],"collection":[{"href":"https:\/\/bike-express.ch\/de\/wp-json\/wp\/v2\/product"}],"about":[{"href":"https:\/\/bike-express.ch\/de\/wp-json\/wp\/v2\/types\/product"}],"wp:featuredmedia":[{"embeddable":true,"href":"https:\/\/bike-express.ch\/de\/wp-json\/wp\/v2\/media\/423179"}],"wp:attachment":[{"href":"https:\/\/bike-express.ch\/de\/wp-json\/wp\/v2\/media?parent=423178"}],"wp:term":[{"taxonomy":"product_brand","embeddable":true,"href":"https:\/\/bike-express.ch\/de\/wp-json\/wp\/v2\/product_brand?post=423178"},{"taxonomy":"product_cat","embeddable":true,"href":"https:\/\/bike-express.ch\/de\/wp-json\/wp\/v2\/product_cat?post=423178"},{"taxonomy":"product_tag","embeddable":true,"href":"https:\/\/bike-express.ch\/de\/wp-json\/wp\/v2\/product_tag?post=423178"}],"curies":[{"name":"wp","href":"https:\/\/api.w.org\/{rel}","templated":true}]}}