{"id":423602,"date":"2026-03-10T14:59:45","date_gmt":"2026-03-10T13:59:45","guid":{"rendered":"https:\/\/bike-express.ch\/?post_type=product&#038;p=423602"},"modified":"2026-03-10T14:59:45","modified_gmt":"2026-03-10T13:59:45","slug":"brille-arc-warm-grey-flux-red-rahmen-matt-glas-flux-road-high-contrast-pro-qualitat-fahrradbrille-mit-zylindrischer-flux-linse-die-flux-glaser-bieten-weltklasse-kontrast-klarheit-farbverstarkun","status":"publish","type":"product","link":"https:\/\/bike-express.ch\/de\/produit\/brille-arc-warm-grey-flux-red-rahmen-matt-glas-flux-road-high-contrast-pro-qualitat-fahrradbrille-mit-zylindrischer-flux-linse-die-flux-glaser-bieten-weltklasse-kontrast-klarheit-farbverstarkun\/","title":{"rendered":"Brille  ARC warm grey, FLUX red Rahmen matt Glas FLUX Road High Contrast\n Pro-Qualit\u00e4t Fahrradbrille mit zylindrischer FLUX-Linse \n Die FLUX-Gl\u00e4ser bieten Weltklasse-Kontrast, Klarheit, Farbverst\u00e4rkung und langanhaltenden Tragekomfort \n Der leichte Rahmen besteht aus nachhaltigem bio-basiertem Material \n Die Antibeschlag-Beschichtung auf der Innenseite der Linse sorgt in allen Situationen f\u00fcr klare Sicht \n Die oleophobe Beschichtung auf der Au\u00dfenseite weist Wasser und Schlamm von der Linse ab \n Transparente Ersatzgl\u00e4ser (Kat. 0) f\u00fcr bew\u00f6lkte Tage inklusive"},"content":{"rendered":"<p>Brille  ARC warm grey, FLUX red Rahmen matt Glas FLUX Road High Contrast<br \/>\n Pro-Qualit\u00e4t Fahrradbrille mit zylindrischer FLUX-Linse<br \/>\n Die FLUX-Gl\u00e4ser bieten Weltklasse-Kontrast, Klarheit, Farbverst\u00e4rkung und langanhaltenden Tragekomfort<br \/>\n Der leichte Rahmen besteht aus nachhaltigem bio-basiertem Material<br \/>\n Die Antibeschlag-Beschichtung auf der Innenseite der Linse sorgt in allen Situationen f\u00fcr klare Sicht<br \/>\n Die oleophobe Beschichtung auf der Au\u00dfenseite weist Wasser und Schlamm von der Linse ab<br \/>\n Transparente Ersatzgl\u00e4ser (Kat. 0) f\u00fcr bew\u00f6lkte Tage inklusive<\/p>\n","protected":false},"excerpt":{"rendered":"<p>Brille ARC warm grey, FLUX red Rahmen matt Glas FLUX Road High Contrast Pro-Qualit\u00e4t Fahrradbrille mit zylindrischer FLUX-Linse Die FLUX-Gl\u00e4ser bieten Weltklasse-Kontrast, Klarheit, Farbverst\u00e4rkung und langanhaltenden Tragekomfort Der leichte Rahmen besteht aus nachhaltigem bio-basiertem Material Die Antibeschlag-Beschichtung auf der Innenseite der Linse sorgt in allen Situationen f\u00fcr klare Sicht Die oleophobe Beschichtung auf der Au\u00dfenseite [&#8230;]\n","protected":false},"featured_media":423603,"template":"","meta":[],"product_brand":[],"product_cat":[12092,12137,12130,11847,118072,117254,116169],"product_tag":[],"class_list":{"0":"post-423602","1":"product","2":"type-product","3":"status-publish","4":"has-post-thumbnail","6":"product_cat-fahrrad-bekleidung-ausrustung-de","7":"product_cat-fahrrad-brill-brillen-de","8":"product_cat-fahrrad-bekle-brillen-goggles-de","9":"product_cat-fahrrad-fahrradteile-de","10":"product_cat-lunettes-futchs","11":"product_cat-lunettes-de-sport","12":"product_cat-vetements-et-equipements","14":"first","15":"instock","16":"taxable","17":"shipping-taxable","18":"purchasable","19":"product-type-simple"},"yoast_head":"<!-- This site is optimized with the Yoast SEO plugin v27.1.1 - https:\/\/yoast.com\/product\/yoast-seo-wordpress\/ -->\n<title>Brille ARC warm grey, FLUX red Rahmen matt Glas FLUX Road High Contrast Pro-Qualit\u00e4t Fahrradbrille mit zylindrischer FLUX-Linse  Die FLUX-Gl\u00e4ser bieten Weltklasse-Kontrast, Klarheit, Farbverst\u00e4rkung und langanhaltenden Tragekomfort  Der leichte Rahmen besteht aus nachhaltigem bio-basiertem Material  Die Antibeschlag-Beschichtung auf der Innenseite der Linse sorgt in allen Situationen f\u00fcr klare Sicht  Die oleophobe Beschichtung auf der Au\u00dfenseite weist Wasser und Schlamm von der Linse ab  Transparente Ersatzgl\u00e4ser (Kat. 0) f\u00fcr bew\u00f6lkte Tage inklusive - Bike Express<\/title>\n<meta name=\"robots\" content=\"index,follow\" \/>\n<link rel=\"canonical\" href=\"https:\/\/bike-express.ch\/de\/produit\/brille-arc-warm-grey-flux-red-rahmen-matt-glas-flux-road-high-contrast-pro-qualitat-fahrradbrille-mit-zylindrischer-flux-linse-die-flux-glaser-bieten-weltklasse-kontrast-klarheit-farbverstarkun\/\" \/>\n<meta property=\"og:locale\" content=\"de_DE\" \/>\n<meta property=\"og:type\" content=\"article\" \/>\n<meta property=\"og:title\" content=\"Brille ARC warm grey, FLUX red Rahmen matt Glas FLUX Road High Contrast Pro-Qualit\u00e4t Fahrradbrille mit zylindrischer FLUX-Linse  Die FLUX-Gl\u00e4ser bieten Weltklasse-Kontrast, Klarheit, Farbverst\u00e4rkung und langanhaltenden Tragekomfort  Der leichte Rahmen besteht aus nachhaltigem bio-basiertem Material  Die Antibeschlag-Beschichtung auf der Innenseite der Linse sorgt in allen Situationen f\u00fcr klare Sicht  Die oleophobe Beschichtung auf der Au\u00dfenseite weist Wasser und Schlamm von der Linse ab  Transparente Ersatzgl\u00e4ser (Kat. 0) f\u00fcr bew\u00f6lkte Tage inklusive - Bike Express\" \/>\n<meta property=\"og:description\" content=\"Brille ARC warm grey, FLUX red Rahmen matt Glas FLUX Road High Contrast Pro-Qualit\u00e4t Fahrradbrille mit zylindrischer FLUX-Linse Die FLUX-Gl\u00e4ser bieten Weltklasse-Kontrast, Klarheit, Farbverst\u00e4rkung und langanhaltenden Tragekomfort Der leichte Rahmen besteht aus nachhaltigem bio-basiertem Material Die Antibeschlag-Beschichtung auf der Innenseite der Linse sorgt in allen Situationen f\u00fcr klare Sicht Die oleophobe Beschichtung auf der Au\u00dfenseite [...]\" \/>\n<meta property=\"og:url\" content=\"https:\/\/bike-express.ch\/de\/produit\/brille-arc-warm-grey-flux-red-rahmen-matt-glas-flux-road-high-contrast-pro-qualitat-fahrradbrille-mit-zylindrischer-flux-linse-die-flux-glaser-bieten-weltklasse-kontrast-klarheit-farbverstarkun\/\" \/>\n<meta property=\"og:site_name\" content=\"Bike Express\" \/>\n<meta property=\"og:image\" content=\"https:\/\/bike-express.ch\/wp-content\/uploads\/2026\/03\/H8293D.jpg\" \/>\n\t<meta property=\"og:image:width\" content=\"800\" \/>\n\t<meta property=\"og:image:height\" content=\"800\" \/>\n\t<meta property=\"og:image:type\" content=\"image\/jpeg\" \/>\n<meta name=\"twitter:card\" content=\"summary_large_image\" \/>\n<script type=\"application\/ld+json\" class=\"yoast-schema-graph\">{\"@context\":\"https:\/\/schema.org\",\"@graph\":[{\"@type\":\"WebPage\",\"@id\":\"https:\/\/bike-express.ch\/de\/produit\/brille-arc-warm-grey-flux-red-rahmen-matt-glas-flux-road-high-contrast-pro-qualitat-fahrradbrille-mit-zylindrischer-flux-linse-die-flux-glaser-bieten-weltklasse-kontrast-klarheit-farbverstarkun\/\",\"url\":\"https:\/\/bike-express.ch\/de\/produit\/brille-arc-warm-grey-flux-red-rahmen-matt-glas-flux-road-high-contrast-pro-qualitat-fahrradbrille-mit-zylindrischer-flux-linse-die-flux-glaser-bieten-weltklasse-kontrast-klarheit-farbverstarkun\/\",\"name\":\"Brille ARC warm grey, FLUX red Rahmen matt Glas FLUX Road High Contrast Pro-Qualit\u00e4t Fahrradbrille mit zylindrischer FLUX-Linse Die FLUX-Gl\u00e4ser bieten Weltklasse-Kontrast, Klarheit, Farbverst\u00e4rkung und langanhaltenden Tragekomfort Der leichte Rahmen besteht aus nachhaltigem bio-basiertem Material Die Antibeschlag-Beschichtung auf der Innenseite der Linse sorgt in allen Situationen f\u00fcr klare Sicht Die oleophobe Beschichtung auf der Au\u00dfenseite weist Wasser und Schlamm von der Linse ab Transparente Ersatzgl\u00e4ser (Kat. 0) f\u00fcr bew\u00f6lkte Tage inklusive - Bike Express\",\"isPartOf\":{\"@id\":\"https:\/\/bike-express.ch\/de\/#website\"},\"primaryImageOfPage\":{\"@id\":\"https:\/\/bike-express.ch\/de\/produit\/brille-arc-warm-grey-flux-red-rahmen-matt-glas-flux-road-high-contrast-pro-qualitat-fahrradbrille-mit-zylindrischer-flux-linse-die-flux-glaser-bieten-weltklasse-kontrast-klarheit-farbverstarkun\/#primaryimage\"},\"image\":{\"@id\":\"https:\/\/bike-express.ch\/de\/produit\/brille-arc-warm-grey-flux-red-rahmen-matt-glas-flux-road-high-contrast-pro-qualitat-fahrradbrille-mit-zylindrischer-flux-linse-die-flux-glaser-bieten-weltklasse-kontrast-klarheit-farbverstarkun\/#primaryimage\"},\"thumbnailUrl\":\"https:\/\/bike-express.ch\/wp-content\/uploads\/2026\/03\/H8293D.jpg\",\"datePublished\":\"2026-03-10T13:59:45+00:00\",\"breadcrumb\":{\"@id\":\"https:\/\/bike-express.ch\/de\/produit\/brille-arc-warm-grey-flux-red-rahmen-matt-glas-flux-road-high-contrast-pro-qualitat-fahrradbrille-mit-zylindrischer-flux-linse-die-flux-glaser-bieten-weltklasse-kontrast-klarheit-farbverstarkun\/#breadcrumb\"},\"inLanguage\":\"de\",\"potentialAction\":[{\"@type\":\"ReadAction\",\"target\":[\"https:\/\/bike-express.ch\/de\/produit\/brille-arc-warm-grey-flux-red-rahmen-matt-glas-flux-road-high-contrast-pro-qualitat-fahrradbrille-mit-zylindrischer-flux-linse-die-flux-glaser-bieten-weltklasse-kontrast-klarheit-farbverstarkun\/\"]}]},{\"@type\":\"ImageObject\",\"inLanguage\":\"de\",\"@id\":\"https:\/\/bike-express.ch\/de\/produit\/brille-arc-warm-grey-flux-red-rahmen-matt-glas-flux-road-high-contrast-pro-qualitat-fahrradbrille-mit-zylindrischer-flux-linse-die-flux-glaser-bieten-weltklasse-kontrast-klarheit-farbverstarkun\/#primaryimage\",\"url\":\"https:\/\/bike-express.ch\/wp-content\/uploads\/2026\/03\/H8293D.jpg\",\"contentUrl\":\"https:\/\/bike-express.ch\/wp-content\/uploads\/2026\/03\/H8293D.jpg\",\"width\":800,\"height\":800},{\"@type\":\"BreadcrumbList\",\"@id\":\"https:\/\/bike-express.ch\/de\/produit\/brille-arc-warm-grey-flux-red-rahmen-matt-glas-flux-road-high-contrast-pro-qualitat-fahrradbrille-mit-zylindrischer-flux-linse-die-flux-glaser-bieten-weltklasse-kontrast-klarheit-farbverstarkun\/#breadcrumb\",\"itemListElement\":[{\"@type\":\"ListItem\",\"position\":1,\"name\":\"Accueil\",\"item\":\"https:\/\/bike-express.ch\/de\/\"},{\"@type\":\"ListItem\",\"position\":2,\"name\":\"Unsere Produkte\",\"item\":\"https:\/\/bike-express.ch\/de\/unsere-produkte\/\"},{\"@type\":\"ListItem\",\"position\":3,\"name\":\"Brille ARC warm grey, FLUX red Rahmen matt Glas FLUX Road High Contrast Pro-Qualit\u00e4t Fahrradbrille mit zylindrischer FLUX-Linse Die FLUX-Gl\u00e4ser bieten Weltklasse-Kontrast, Klarheit, Farbverst\u00e4rkung und langanhaltenden Tragekomfort Der leichte Rahmen besteht aus nachhaltigem bio-basiertem Material Die Antibeschlag-Beschichtung auf der Innenseite der Linse sorgt in allen Situationen f\u00fcr klare Sicht Die oleophobe Beschichtung auf der Au\u00dfenseite weist Wasser und Schlamm von der Linse ab Transparente Ersatzgl\u00e4ser (Kat. 0) f\u00fcr bew\u00f6lkte Tage inklusive\"}]},{\"@type\":\"WebSite\",\"@id\":\"https:\/\/bike-express.ch\/de\/#website\",\"url\":\"https:\/\/bike-express.ch\/de\/\",\"name\":\"Bike Express\",\"description\":\"Num\u00e9ro 1 des pi\u00e8ces de v\u00e9los en Suisse\",\"potentialAction\":[{\"@type\":\"SearchAction\",\"target\":{\"@type\":\"EntryPoint\",\"urlTemplate\":\"https:\/\/bike-express.ch\/de\/?s={search_term_string}\"},\"query-input\":{\"@type\":\"PropertyValueSpecification\",\"valueRequired\":true,\"valueName\":\"search_term_string\"}}],\"inLanguage\":\"de\"}]}<\/script>\n<!-- \/ Yoast SEO plugin. -->","yoast_head_json":{"title":"Brille ARC warm grey, FLUX red Rahmen matt Glas FLUX Road High Contrast Pro-Qualit\u00e4t Fahrradbrille mit zylindrischer FLUX-Linse  Die FLUX-Gl\u00e4ser bieten Weltklasse-Kontrast, Klarheit, Farbverst\u00e4rkung und langanhaltenden Tragekomfort  Der leichte Rahmen besteht aus nachhaltigem bio-basiertem Material  Die Antibeschlag-Beschichtung auf der Innenseite der Linse sorgt in allen Situationen f\u00fcr klare Sicht  Die oleophobe Beschichtung auf der Au\u00dfenseite weist Wasser und Schlamm von der Linse ab  Transparente Ersatzgl\u00e4ser (Kat. 0) f\u00fcr bew\u00f6lkte Tage inklusive - Bike Express","robots":{"index,follow":"index,follow"},"canonical":"https:\/\/bike-express.ch\/de\/produit\/brille-arc-warm-grey-flux-red-rahmen-matt-glas-flux-road-high-contrast-pro-qualitat-fahrradbrille-mit-zylindrischer-flux-linse-die-flux-glaser-bieten-weltklasse-kontrast-klarheit-farbverstarkun\/","og_locale":"de_DE","og_type":"article","og_title":"Brille ARC warm grey, FLUX red Rahmen matt Glas FLUX Road High Contrast Pro-Qualit\u00e4t Fahrradbrille mit zylindrischer FLUX-Linse  Die FLUX-Gl\u00e4ser bieten Weltklasse-Kontrast, Klarheit, Farbverst\u00e4rkung und langanhaltenden Tragekomfort  Der leichte Rahmen besteht aus nachhaltigem bio-basiertem Material  Die Antibeschlag-Beschichtung auf der Innenseite der Linse sorgt in allen Situationen f\u00fcr klare Sicht  Die oleophobe Beschichtung auf der Au\u00dfenseite weist Wasser und Schlamm von der Linse ab  Transparente Ersatzgl\u00e4ser (Kat. 0) f\u00fcr bew\u00f6lkte Tage inklusive - Bike Express","og_description":"Brille ARC warm grey, FLUX red Rahmen matt Glas FLUX Road High Contrast Pro-Qualit\u00e4t Fahrradbrille mit zylindrischer FLUX-Linse Die FLUX-Gl\u00e4ser bieten Weltklasse-Kontrast, Klarheit, Farbverst\u00e4rkung und langanhaltenden Tragekomfort Der leichte Rahmen besteht aus nachhaltigem bio-basiertem Material Die Antibeschlag-Beschichtung auf der Innenseite der Linse sorgt in allen Situationen f\u00fcr klare Sicht Die oleophobe Beschichtung auf der Au\u00dfenseite [...]","og_url":"https:\/\/bike-express.ch\/de\/produit\/brille-arc-warm-grey-flux-red-rahmen-matt-glas-flux-road-high-contrast-pro-qualitat-fahrradbrille-mit-zylindrischer-flux-linse-die-flux-glaser-bieten-weltklasse-kontrast-klarheit-farbverstarkun\/","og_site_name":"Bike Express","og_image":[{"width":800,"height":800,"url":"https:\/\/bike-express.ch\/wp-content\/uploads\/2026\/03\/H8293D.jpg","type":"image\/jpeg"}],"twitter_card":"summary_large_image","schema":{"@context":"https:\/\/schema.org","@graph":[{"@type":"WebPage","@id":"https:\/\/bike-express.ch\/de\/produit\/brille-arc-warm-grey-flux-red-rahmen-matt-glas-flux-road-high-contrast-pro-qualitat-fahrradbrille-mit-zylindrischer-flux-linse-die-flux-glaser-bieten-weltklasse-kontrast-klarheit-farbverstarkun\/","url":"https:\/\/bike-express.ch\/de\/produit\/brille-arc-warm-grey-flux-red-rahmen-matt-glas-flux-road-high-contrast-pro-qualitat-fahrradbrille-mit-zylindrischer-flux-linse-die-flux-glaser-bieten-weltklasse-kontrast-klarheit-farbverstarkun\/","name":"Brille ARC warm grey, FLUX red Rahmen matt Glas FLUX Road High Contrast Pro-Qualit\u00e4t Fahrradbrille mit zylindrischer FLUX-Linse Die FLUX-Gl\u00e4ser bieten Weltklasse-Kontrast, Klarheit, Farbverst\u00e4rkung und langanhaltenden Tragekomfort Der leichte Rahmen besteht aus nachhaltigem bio-basiertem Material Die Antibeschlag-Beschichtung auf der Innenseite der Linse sorgt in allen Situationen f\u00fcr klare Sicht Die oleophobe Beschichtung auf der Au\u00dfenseite weist Wasser und Schlamm von der Linse ab Transparente Ersatzgl\u00e4ser (Kat. 0) f\u00fcr bew\u00f6lkte Tage inklusive - Bike Express","isPartOf":{"@id":"https:\/\/bike-express.ch\/de\/#website"},"primaryImageOfPage":{"@id":"https:\/\/bike-express.ch\/de\/produit\/brille-arc-warm-grey-flux-red-rahmen-matt-glas-flux-road-high-contrast-pro-qualitat-fahrradbrille-mit-zylindrischer-flux-linse-die-flux-glaser-bieten-weltklasse-kontrast-klarheit-farbverstarkun\/#primaryimage"},"image":{"@id":"https:\/\/bike-express.ch\/de\/produit\/brille-arc-warm-grey-flux-red-rahmen-matt-glas-flux-road-high-contrast-pro-qualitat-fahrradbrille-mit-zylindrischer-flux-linse-die-flux-glaser-bieten-weltklasse-kontrast-klarheit-farbverstarkun\/#primaryimage"},"thumbnailUrl":"https:\/\/bike-express.ch\/wp-content\/uploads\/2026\/03\/H8293D.jpg","datePublished":"2026-03-10T13:59:45+00:00","breadcrumb":{"@id":"https:\/\/bike-express.ch\/de\/produit\/brille-arc-warm-grey-flux-red-rahmen-matt-glas-flux-road-high-contrast-pro-qualitat-fahrradbrille-mit-zylindrischer-flux-linse-die-flux-glaser-bieten-weltklasse-kontrast-klarheit-farbverstarkun\/#breadcrumb"},"inLanguage":"de","potentialAction":[{"@type":"ReadAction","target":["https:\/\/bike-express.ch\/de\/produit\/brille-arc-warm-grey-flux-red-rahmen-matt-glas-flux-road-high-contrast-pro-qualitat-fahrradbrille-mit-zylindrischer-flux-linse-die-flux-glaser-bieten-weltklasse-kontrast-klarheit-farbverstarkun\/"]}]},{"@type":"ImageObject","inLanguage":"de","@id":"https:\/\/bike-express.ch\/de\/produit\/brille-arc-warm-grey-flux-red-rahmen-matt-glas-flux-road-high-contrast-pro-qualitat-fahrradbrille-mit-zylindrischer-flux-linse-die-flux-glaser-bieten-weltklasse-kontrast-klarheit-farbverstarkun\/#primaryimage","url":"https:\/\/bike-express.ch\/wp-content\/uploads\/2026\/03\/H8293D.jpg","contentUrl":"https:\/\/bike-express.ch\/wp-content\/uploads\/2026\/03\/H8293D.jpg","width":800,"height":800},{"@type":"BreadcrumbList","@id":"https:\/\/bike-express.ch\/de\/produit\/brille-arc-warm-grey-flux-red-rahmen-matt-glas-flux-road-high-contrast-pro-qualitat-fahrradbrille-mit-zylindrischer-flux-linse-die-flux-glaser-bieten-weltklasse-kontrast-klarheit-farbverstarkun\/#breadcrumb","itemListElement":[{"@type":"ListItem","position":1,"name":"Accueil","item":"https:\/\/bike-express.ch\/de\/"},{"@type":"ListItem","position":2,"name":"Unsere Produkte","item":"https:\/\/bike-express.ch\/de\/unsere-produkte\/"},{"@type":"ListItem","position":3,"name":"Brille ARC warm grey, FLUX red Rahmen matt Glas FLUX Road High Contrast Pro-Qualit\u00e4t Fahrradbrille mit zylindrischer FLUX-Linse Die FLUX-Gl\u00e4ser bieten Weltklasse-Kontrast, Klarheit, Farbverst\u00e4rkung und langanhaltenden Tragekomfort Der leichte Rahmen besteht aus nachhaltigem bio-basiertem Material Die Antibeschlag-Beschichtung auf der Innenseite der Linse sorgt in allen Situationen f\u00fcr klare Sicht Die oleophobe Beschichtung auf der Au\u00dfenseite weist Wasser und Schlamm von der Linse ab Transparente Ersatzgl\u00e4ser (Kat. 0) f\u00fcr bew\u00f6lkte Tage inklusive"}]},{"@type":"WebSite","@id":"https:\/\/bike-express.ch\/de\/#website","url":"https:\/\/bike-express.ch\/de\/","name":"Bike Express","description":"Num\u00e9ro 1 des pi\u00e8ces de v\u00e9los en Suisse","potentialAction":[{"@type":"SearchAction","target":{"@type":"EntryPoint","urlTemplate":"https:\/\/bike-express.ch\/de\/?s={search_term_string}"},"query-input":{"@type":"PropertyValueSpecification","valueRequired":true,"valueName":"search_term_string"}}],"inLanguage":"de"}]}},"_links":{"self":[{"href":"https:\/\/bike-express.ch\/de\/wp-json\/wp\/v2\/product\/423602","targetHints":{"allow":["GET"]}}],"collection":[{"href":"https:\/\/bike-express.ch\/de\/wp-json\/wp\/v2\/product"}],"about":[{"href":"https:\/\/bike-express.ch\/de\/wp-json\/wp\/v2\/types\/product"}],"wp:featuredmedia":[{"embeddable":true,"href":"https:\/\/bike-express.ch\/de\/wp-json\/wp\/v2\/media\/423603"}],"wp:attachment":[{"href":"https:\/\/bike-express.ch\/de\/wp-json\/wp\/v2\/media?parent=423602"}],"wp:term":[{"taxonomy":"product_brand","embeddable":true,"href":"https:\/\/bike-express.ch\/de\/wp-json\/wp\/v2\/product_brand?post=423602"},{"taxonomy":"product_cat","embeddable":true,"href":"https:\/\/bike-express.ch\/de\/wp-json\/wp\/v2\/product_cat?post=423602"},{"taxonomy":"product_tag","embeddable":true,"href":"https:\/\/bike-express.ch\/de\/wp-json\/wp\/v2\/product_tag?post=423602"}],"curies":[{"name":"wp","href":"https:\/\/api.w.org\/{rel}","templated":true}]}}