{"id":423742,"date":"2026-03-10T15:00:35","date_gmt":"2026-03-10T14:00:35","guid":{"rendered":"https:\/\/bike-express.ch\/?post_type=product&#038;p=423742"},"modified":"2026-03-10T15:00:35","modified_gmt":"2026-03-10T14:00:35","slug":"helm-karma-mips-air-node-schwarz-matt-l-59-62cm-high-performance-rennradhelm-mit-mips-air-node-kombiniert-fortschrittlichen-aufprallschutz-mit-kompromissloser-leichtigkeit-bei-nur-260g-offenes","status":"publish","type":"product","link":"https:\/\/bike-express.ch\/de\/produit\/helm-karma-mips-air-node-schwarz-matt-l-59-62cm-high-performance-rennradhelm-mit-mips-air-node-kombiniert-fortschrittlichen-aufprallschutz-mit-kompromissloser-leichtigkeit-bei-nur-260g-offenes\/","title":{"rendered":"Helm Karma MIPS Air Node schwarz matt L (59-62cm)\n High-Performance-Rennradhelm mit Mips Air Node \n Kombiniert fortschrittlichen Aufprallschutz mit kompromissloser Leichtigkeit bei nur 260g \n Offenes Design mit 25 Bel\u00fcftungs\u00f6ffnungen und durchgehenden Luftkan\u00e4len sorgen f\u00fcr einen konstanten Luftstrom \n Neues Retention-System f\u00fcr optimale Anpassung und Komfort \n Ob auf der K\u00f6nigsetappe oder der schnellen Sonntagsrunde: Bleib fokussiert, k\u00fchl und immer einen Tritt voraus."},"content":{"rendered":"<p>Helm Karma MIPS Air Node schwarz matt L (59-62cm)<br \/>\n High-Performance-Rennradhelm mit Mips Air Node<br \/>\n Kombiniert fortschrittlichen Aufprallschutz mit kompromissloser Leichtigkeit bei nur 260g<br \/>\n Offenes Design mit 25 Bel\u00fcftungs\u00f6ffnungen und durchgehenden Luftkan\u00e4len sorgen f\u00fcr einen konstanten Luftstrom<br \/>\n Neues Retention-System f\u00fcr optimale Anpassung und Komfort<br \/>\n Ob auf der K\u00f6nigsetappe oder der schnellen Sonntagsrunde: Bleib fokussiert, k\u00fchl und immer einen Tritt voraus.<\/p>\n","protected":false},"excerpt":{"rendered":"<p>Helm Karma MIPS Air Node schwarz matt L (59-62cm) High-Performance-Rennradhelm mit Mips Air Node Kombiniert fortschrittlichen Aufprallschutz mit kompromissloser Leichtigkeit bei nur 260g Offenes Design mit 25 Bel\u00fcftungs\u00f6ffnungen und durchgehenden Luftkan\u00e4len sorgen f\u00fcr einen konstanten Luftstrom Neues Retention-System f\u00fcr optimale Anpassung und Komfort Ob auf der K\u00f6nigsetappe oder der schnellen Sonntagsrunde: Bleib fokussiert, k\u00fchl und [&#8230;]\n","protected":false},"featured_media":423743,"template":"","meta":[],"product_brand":[],"product_cat":[12092,11847,12144,117025,116169],"product_tag":[],"class_list":{"0":"post-423742","1":"product","2":"type-product","3":"status-publish","4":"has-post-thumbnail","6":"product_cat-fahrrad-bekleidung-ausrustung-de","7":"product_cat-fahrrad-fahrradteile-de","8":"product_cat-fahrrad-bekle-helme-de","9":"product_cat-route","10":"product_cat-vetements-et-equipements","12":"first","13":"instock","14":"taxable","15":"shipping-taxable","16":"purchasable","17":"product-type-simple"},"yoast_head":"<!-- This site is optimized with the Yoast SEO plugin v27.1.1 - https:\/\/yoast.com\/product\/yoast-seo-wordpress\/ -->\n<title>Helm Karma MIPS Air Node schwarz matt L (59-62cm) High-Performance-Rennradhelm mit Mips Air Node  Kombiniert fortschrittlichen Aufprallschutz mit kompromissloser Leichtigkeit bei nur 260g  Offenes Design mit 25 Bel\u00fcftungs\u00f6ffnungen und durchgehenden Luftkan\u00e4len sorgen f\u00fcr einen konstanten Luftstrom  Neues Retention-System f\u00fcr optimale Anpassung und Komfort  Ob auf der K\u00f6nigsetappe oder der schnellen Sonntagsrunde: Bleib fokussiert, k\u00fchl und immer einen Tritt voraus. - Bike Express<\/title>\n<meta name=\"robots\" content=\"index,follow\" \/>\n<link rel=\"canonical\" href=\"https:\/\/bike-express.ch\/de\/produit\/helm-karma-mips-air-node-schwarz-matt-l-59-62cm-high-performance-rennradhelm-mit-mips-air-node-kombiniert-fortschrittlichen-aufprallschutz-mit-kompromissloser-leichtigkeit-bei-nur-260g-offenes\/\" \/>\n<meta property=\"og:locale\" content=\"de_DE\" \/>\n<meta property=\"og:type\" content=\"article\" \/>\n<meta property=\"og:title\" content=\"Helm Karma MIPS Air Node schwarz matt L (59-62cm) High-Performance-Rennradhelm mit Mips Air Node  Kombiniert fortschrittlichen Aufprallschutz mit kompromissloser Leichtigkeit bei nur 260g  Offenes Design mit 25 Bel\u00fcftungs\u00f6ffnungen und durchgehenden Luftkan\u00e4len sorgen f\u00fcr einen konstanten Luftstrom  Neues Retention-System f\u00fcr optimale Anpassung und Komfort  Ob auf der K\u00f6nigsetappe oder der schnellen Sonntagsrunde: Bleib fokussiert, k\u00fchl und immer einen Tritt voraus. - Bike Express\" \/>\n<meta property=\"og:description\" content=\"Helm Karma MIPS Air Node schwarz matt L (59-62cm) High-Performance-Rennradhelm mit Mips Air Node Kombiniert fortschrittlichen Aufprallschutz mit kompromissloser Leichtigkeit bei nur 260g Offenes Design mit 25 Bel\u00fcftungs\u00f6ffnungen und durchgehenden Luftkan\u00e4len sorgen f\u00fcr einen konstanten Luftstrom Neues Retention-System f\u00fcr optimale Anpassung und Komfort Ob auf der K\u00f6nigsetappe oder der schnellen Sonntagsrunde: Bleib fokussiert, k\u00fchl und [...]\" \/>\n<meta property=\"og:url\" content=\"https:\/\/bike-express.ch\/de\/produit\/helm-karma-mips-air-node-schwarz-matt-l-59-62cm-high-performance-rennradhelm-mit-mips-air-node-kombiniert-fortschrittlichen-aufprallschutz-mit-kompromissloser-leichtigkeit-bei-nur-260g-offenes\/\" \/>\n<meta property=\"og:site_name\" content=\"Bike Express\" \/>\n<meta property=\"og:image\" content=\"https:\/\/bike-express.ch\/wp-content\/uploads\/2026\/03\/H8294F.jpg\" \/>\n\t<meta property=\"og:image:width\" content=\"800\" \/>\n\t<meta property=\"og:image:height\" content=\"800\" \/>\n\t<meta property=\"og:image:type\" content=\"image\/jpeg\" \/>\n<meta name=\"twitter:card\" content=\"summary_large_image\" \/>\n<script type=\"application\/ld+json\" class=\"yoast-schema-graph\">{\"@context\":\"https:\/\/schema.org\",\"@graph\":[{\"@type\":\"WebPage\",\"@id\":\"https:\/\/bike-express.ch\/de\/produit\/helm-karma-mips-air-node-schwarz-matt-l-59-62cm-high-performance-rennradhelm-mit-mips-air-node-kombiniert-fortschrittlichen-aufprallschutz-mit-kompromissloser-leichtigkeit-bei-nur-260g-offenes\/\",\"url\":\"https:\/\/bike-express.ch\/de\/produit\/helm-karma-mips-air-node-schwarz-matt-l-59-62cm-high-performance-rennradhelm-mit-mips-air-node-kombiniert-fortschrittlichen-aufprallschutz-mit-kompromissloser-leichtigkeit-bei-nur-260g-offenes\/\",\"name\":\"Helm Karma MIPS Air Node schwarz matt L (59-62cm) High-Performance-Rennradhelm mit Mips Air Node Kombiniert fortschrittlichen Aufprallschutz mit kompromissloser Leichtigkeit bei nur 260g Offenes Design mit 25 Bel\u00fcftungs\u00f6ffnungen und durchgehenden Luftkan\u00e4len sorgen f\u00fcr einen konstanten Luftstrom Neues Retention-System f\u00fcr optimale Anpassung und Komfort Ob auf der K\u00f6nigsetappe oder der schnellen Sonntagsrunde: Bleib fokussiert, k\u00fchl und immer einen Tritt voraus. - Bike Express\",\"isPartOf\":{\"@id\":\"https:\/\/bike-express.ch\/de\/#website\"},\"primaryImageOfPage\":{\"@id\":\"https:\/\/bike-express.ch\/de\/produit\/helm-karma-mips-air-node-schwarz-matt-l-59-62cm-high-performance-rennradhelm-mit-mips-air-node-kombiniert-fortschrittlichen-aufprallschutz-mit-kompromissloser-leichtigkeit-bei-nur-260g-offenes\/#primaryimage\"},\"image\":{\"@id\":\"https:\/\/bike-express.ch\/de\/produit\/helm-karma-mips-air-node-schwarz-matt-l-59-62cm-high-performance-rennradhelm-mit-mips-air-node-kombiniert-fortschrittlichen-aufprallschutz-mit-kompromissloser-leichtigkeit-bei-nur-260g-offenes\/#primaryimage\"},\"thumbnailUrl\":\"https:\/\/bike-express.ch\/wp-content\/uploads\/2026\/03\/H8294F.jpg\",\"datePublished\":\"2026-03-10T14:00:35+00:00\",\"breadcrumb\":{\"@id\":\"https:\/\/bike-express.ch\/de\/produit\/helm-karma-mips-air-node-schwarz-matt-l-59-62cm-high-performance-rennradhelm-mit-mips-air-node-kombiniert-fortschrittlichen-aufprallschutz-mit-kompromissloser-leichtigkeit-bei-nur-260g-offenes\/#breadcrumb\"},\"inLanguage\":\"de\",\"potentialAction\":[{\"@type\":\"ReadAction\",\"target\":[\"https:\/\/bike-express.ch\/de\/produit\/helm-karma-mips-air-node-schwarz-matt-l-59-62cm-high-performance-rennradhelm-mit-mips-air-node-kombiniert-fortschrittlichen-aufprallschutz-mit-kompromissloser-leichtigkeit-bei-nur-260g-offenes\/\"]}]},{\"@type\":\"ImageObject\",\"inLanguage\":\"de\",\"@id\":\"https:\/\/bike-express.ch\/de\/produit\/helm-karma-mips-air-node-schwarz-matt-l-59-62cm-high-performance-rennradhelm-mit-mips-air-node-kombiniert-fortschrittlichen-aufprallschutz-mit-kompromissloser-leichtigkeit-bei-nur-260g-offenes\/#primaryimage\",\"url\":\"https:\/\/bike-express.ch\/wp-content\/uploads\/2026\/03\/H8294F.jpg\",\"contentUrl\":\"https:\/\/bike-express.ch\/wp-content\/uploads\/2026\/03\/H8294F.jpg\",\"width\":800,\"height\":800},{\"@type\":\"BreadcrumbList\",\"@id\":\"https:\/\/bike-express.ch\/de\/produit\/helm-karma-mips-air-node-schwarz-matt-l-59-62cm-high-performance-rennradhelm-mit-mips-air-node-kombiniert-fortschrittlichen-aufprallschutz-mit-kompromissloser-leichtigkeit-bei-nur-260g-offenes\/#breadcrumb\",\"itemListElement\":[{\"@type\":\"ListItem\",\"position\":1,\"name\":\"Accueil\",\"item\":\"https:\/\/bike-express.ch\/de\/\"},{\"@type\":\"ListItem\",\"position\":2,\"name\":\"Unsere Produkte\",\"item\":\"https:\/\/bike-express.ch\/de\/unsere-produkte\/\"},{\"@type\":\"ListItem\",\"position\":3,\"name\":\"Helm Karma MIPS Air Node schwarz matt L (59-62cm) High-Performance-Rennradhelm mit Mips Air Node Kombiniert fortschrittlichen Aufprallschutz mit kompromissloser Leichtigkeit bei nur 260g Offenes Design mit 25 Bel\u00fcftungs\u00f6ffnungen und durchgehenden Luftkan\u00e4len sorgen f\u00fcr einen konstanten Luftstrom Neues Retention-System f\u00fcr optimale Anpassung und Komfort Ob auf der K\u00f6nigsetappe oder der schnellen Sonntagsrunde: Bleib fokussiert, k\u00fchl und immer einen Tritt voraus.\"}]},{\"@type\":\"WebSite\",\"@id\":\"https:\/\/bike-express.ch\/de\/#website\",\"url\":\"https:\/\/bike-express.ch\/de\/\",\"name\":\"Bike Express\",\"description\":\"Num\u00e9ro 1 des pi\u00e8ces de v\u00e9los en Suisse\",\"potentialAction\":[{\"@type\":\"SearchAction\",\"target\":{\"@type\":\"EntryPoint\",\"urlTemplate\":\"https:\/\/bike-express.ch\/de\/?s={search_term_string}\"},\"query-input\":{\"@type\":\"PropertyValueSpecification\",\"valueRequired\":true,\"valueName\":\"search_term_string\"}}],\"inLanguage\":\"de\"}]}<\/script>\n<!-- \/ Yoast SEO plugin. -->","yoast_head_json":{"title":"Helm Karma MIPS Air Node schwarz matt L (59-62cm) High-Performance-Rennradhelm mit Mips Air Node  Kombiniert fortschrittlichen Aufprallschutz mit kompromissloser Leichtigkeit bei nur 260g  Offenes Design mit 25 Bel\u00fcftungs\u00f6ffnungen und durchgehenden Luftkan\u00e4len sorgen f\u00fcr einen konstanten Luftstrom  Neues Retention-System f\u00fcr optimale Anpassung und Komfort  Ob auf der K\u00f6nigsetappe oder der schnellen Sonntagsrunde: Bleib fokussiert, k\u00fchl und immer einen Tritt voraus. - Bike Express","robots":{"index,follow":"index,follow"},"canonical":"https:\/\/bike-express.ch\/de\/produit\/helm-karma-mips-air-node-schwarz-matt-l-59-62cm-high-performance-rennradhelm-mit-mips-air-node-kombiniert-fortschrittlichen-aufprallschutz-mit-kompromissloser-leichtigkeit-bei-nur-260g-offenes\/","og_locale":"de_DE","og_type":"article","og_title":"Helm Karma MIPS Air Node schwarz matt L (59-62cm) High-Performance-Rennradhelm mit Mips Air Node  Kombiniert fortschrittlichen Aufprallschutz mit kompromissloser Leichtigkeit bei nur 260g  Offenes Design mit 25 Bel\u00fcftungs\u00f6ffnungen und durchgehenden Luftkan\u00e4len sorgen f\u00fcr einen konstanten Luftstrom  Neues Retention-System f\u00fcr optimale Anpassung und Komfort  Ob auf der K\u00f6nigsetappe oder der schnellen Sonntagsrunde: Bleib fokussiert, k\u00fchl und immer einen Tritt voraus. - Bike Express","og_description":"Helm Karma MIPS Air Node schwarz matt L (59-62cm) High-Performance-Rennradhelm mit Mips Air Node Kombiniert fortschrittlichen Aufprallschutz mit kompromissloser Leichtigkeit bei nur 260g Offenes Design mit 25 Bel\u00fcftungs\u00f6ffnungen und durchgehenden Luftkan\u00e4len sorgen f\u00fcr einen konstanten Luftstrom Neues Retention-System f\u00fcr optimale Anpassung und Komfort Ob auf der K\u00f6nigsetappe oder der schnellen Sonntagsrunde: Bleib fokussiert, k\u00fchl und [...]","og_url":"https:\/\/bike-express.ch\/de\/produit\/helm-karma-mips-air-node-schwarz-matt-l-59-62cm-high-performance-rennradhelm-mit-mips-air-node-kombiniert-fortschrittlichen-aufprallschutz-mit-kompromissloser-leichtigkeit-bei-nur-260g-offenes\/","og_site_name":"Bike Express","og_image":[{"width":800,"height":800,"url":"https:\/\/bike-express.ch\/wp-content\/uploads\/2026\/03\/H8294F.jpg","type":"image\/jpeg"}],"twitter_card":"summary_large_image","schema":{"@context":"https:\/\/schema.org","@graph":[{"@type":"WebPage","@id":"https:\/\/bike-express.ch\/de\/produit\/helm-karma-mips-air-node-schwarz-matt-l-59-62cm-high-performance-rennradhelm-mit-mips-air-node-kombiniert-fortschrittlichen-aufprallschutz-mit-kompromissloser-leichtigkeit-bei-nur-260g-offenes\/","url":"https:\/\/bike-express.ch\/de\/produit\/helm-karma-mips-air-node-schwarz-matt-l-59-62cm-high-performance-rennradhelm-mit-mips-air-node-kombiniert-fortschrittlichen-aufprallschutz-mit-kompromissloser-leichtigkeit-bei-nur-260g-offenes\/","name":"Helm Karma MIPS Air Node schwarz matt L (59-62cm) High-Performance-Rennradhelm mit Mips Air Node Kombiniert fortschrittlichen Aufprallschutz mit kompromissloser Leichtigkeit bei nur 260g Offenes Design mit 25 Bel\u00fcftungs\u00f6ffnungen und durchgehenden Luftkan\u00e4len sorgen f\u00fcr einen konstanten Luftstrom Neues Retention-System f\u00fcr optimale Anpassung und Komfort Ob auf der K\u00f6nigsetappe oder der schnellen Sonntagsrunde: Bleib fokussiert, k\u00fchl und immer einen Tritt voraus. - Bike Express","isPartOf":{"@id":"https:\/\/bike-express.ch\/de\/#website"},"primaryImageOfPage":{"@id":"https:\/\/bike-express.ch\/de\/produit\/helm-karma-mips-air-node-schwarz-matt-l-59-62cm-high-performance-rennradhelm-mit-mips-air-node-kombiniert-fortschrittlichen-aufprallschutz-mit-kompromissloser-leichtigkeit-bei-nur-260g-offenes\/#primaryimage"},"image":{"@id":"https:\/\/bike-express.ch\/de\/produit\/helm-karma-mips-air-node-schwarz-matt-l-59-62cm-high-performance-rennradhelm-mit-mips-air-node-kombiniert-fortschrittlichen-aufprallschutz-mit-kompromissloser-leichtigkeit-bei-nur-260g-offenes\/#primaryimage"},"thumbnailUrl":"https:\/\/bike-express.ch\/wp-content\/uploads\/2026\/03\/H8294F.jpg","datePublished":"2026-03-10T14:00:35+00:00","breadcrumb":{"@id":"https:\/\/bike-express.ch\/de\/produit\/helm-karma-mips-air-node-schwarz-matt-l-59-62cm-high-performance-rennradhelm-mit-mips-air-node-kombiniert-fortschrittlichen-aufprallschutz-mit-kompromissloser-leichtigkeit-bei-nur-260g-offenes\/#breadcrumb"},"inLanguage":"de","potentialAction":[{"@type":"ReadAction","target":["https:\/\/bike-express.ch\/de\/produit\/helm-karma-mips-air-node-schwarz-matt-l-59-62cm-high-performance-rennradhelm-mit-mips-air-node-kombiniert-fortschrittlichen-aufprallschutz-mit-kompromissloser-leichtigkeit-bei-nur-260g-offenes\/"]}]},{"@type":"ImageObject","inLanguage":"de","@id":"https:\/\/bike-express.ch\/de\/produit\/helm-karma-mips-air-node-schwarz-matt-l-59-62cm-high-performance-rennradhelm-mit-mips-air-node-kombiniert-fortschrittlichen-aufprallschutz-mit-kompromissloser-leichtigkeit-bei-nur-260g-offenes\/#primaryimage","url":"https:\/\/bike-express.ch\/wp-content\/uploads\/2026\/03\/H8294F.jpg","contentUrl":"https:\/\/bike-express.ch\/wp-content\/uploads\/2026\/03\/H8294F.jpg","width":800,"height":800},{"@type":"BreadcrumbList","@id":"https:\/\/bike-express.ch\/de\/produit\/helm-karma-mips-air-node-schwarz-matt-l-59-62cm-high-performance-rennradhelm-mit-mips-air-node-kombiniert-fortschrittlichen-aufprallschutz-mit-kompromissloser-leichtigkeit-bei-nur-260g-offenes\/#breadcrumb","itemListElement":[{"@type":"ListItem","position":1,"name":"Accueil","item":"https:\/\/bike-express.ch\/de\/"},{"@type":"ListItem","position":2,"name":"Unsere Produkte","item":"https:\/\/bike-express.ch\/de\/unsere-produkte\/"},{"@type":"ListItem","position":3,"name":"Helm Karma MIPS Air Node schwarz matt L (59-62cm) High-Performance-Rennradhelm mit Mips Air Node Kombiniert fortschrittlichen Aufprallschutz mit kompromissloser Leichtigkeit bei nur 260g Offenes Design mit 25 Bel\u00fcftungs\u00f6ffnungen und durchgehenden Luftkan\u00e4len sorgen f\u00fcr einen konstanten Luftstrom Neues Retention-System f\u00fcr optimale Anpassung und Komfort Ob auf der K\u00f6nigsetappe oder der schnellen Sonntagsrunde: Bleib fokussiert, k\u00fchl und immer einen Tritt voraus."}]},{"@type":"WebSite","@id":"https:\/\/bike-express.ch\/de\/#website","url":"https:\/\/bike-express.ch\/de\/","name":"Bike Express","description":"Num\u00e9ro 1 des pi\u00e8ces de v\u00e9los en Suisse","potentialAction":[{"@type":"SearchAction","target":{"@type":"EntryPoint","urlTemplate":"https:\/\/bike-express.ch\/de\/?s={search_term_string}"},"query-input":{"@type":"PropertyValueSpecification","valueRequired":true,"valueName":"search_term_string"}}],"inLanguage":"de"}]}},"_links":{"self":[{"href":"https:\/\/bike-express.ch\/de\/wp-json\/wp\/v2\/product\/423742","targetHints":{"allow":["GET"]}}],"collection":[{"href":"https:\/\/bike-express.ch\/de\/wp-json\/wp\/v2\/product"}],"about":[{"href":"https:\/\/bike-express.ch\/de\/wp-json\/wp\/v2\/types\/product"}],"wp:featuredmedia":[{"embeddable":true,"href":"https:\/\/bike-express.ch\/de\/wp-json\/wp\/v2\/media\/423743"}],"wp:attachment":[{"href":"https:\/\/bike-express.ch\/de\/wp-json\/wp\/v2\/media?parent=423742"}],"wp:term":[{"taxonomy":"product_brand","embeddable":true,"href":"https:\/\/bike-express.ch\/de\/wp-json\/wp\/v2\/product_brand?post=423742"},{"taxonomy":"product_cat","embeddable":true,"href":"https:\/\/bike-express.ch\/de\/wp-json\/wp\/v2\/product_cat?post=423742"},{"taxonomy":"product_tag","embeddable":true,"href":"https:\/\/bike-express.ch\/de\/wp-json\/wp\/v2\/product_tag?post=423742"}],"curies":[{"name":"wp","href":"https:\/\/api.w.org\/{rel}","templated":true}]}}