{"id":424323,"date":"2026-03-10T15:09:38","date_gmt":"2026-03-10T14:09:38","guid":{"rendered":"https:\/\/bike-express.ch\/?post_type=product&#038;p=424323"},"modified":"2026-03-10T15:09:38","modified_gmt":"2026-03-10T14:09:38","slug":"nanoair-tpu-tube-presta-27-5-x-2-5-3-0-tan-48mm-valve-leichter-kompakter-und-haltbarer-ja-sie-bekommen-alle-drei-wtb-stellt-den-nanoair-tpu-schlauch-thermoplastisches-polyurethan-vor-er-is","status":"publish","type":"product","link":"https:\/\/bike-express.ch\/de\/produit\/nanoair-tpu-tube-presta-27-5-x-2-5-3-0-tan-48mm-valve-leichter-kompakter-und-haltbarer-ja-sie-bekommen-alle-drei-wtb-stellt-den-nanoair-tpu-schlauch-thermoplastisches-polyurethan-vor-er-is\/","title":{"rendered":"NanoAir TPU Tube, Presta 27.5 x 2.5\/3.0&#8242; Tan, 48mm valve\n Leichter, kompakter und haltbarer. Ja, Sie bekommen alle drei. WTB stellt den NanoAir TPU-Schlauch (Thermoplastisches Polyurethan) vor. Er ist kompakt und l\u00e4sst sich auf ein Drittel der Gr\u00f6\u00dfe eines herk\u00f6mmlichen Schlauchs zusammenpacken. TPU-Schl\u00e4uche sind robust und durch eine spezielle Konstruktion\/Materialschicht sind sie zudem haltbarer als herk\u00f6mmliche Butylschl\u00e4uche. Sie haben einen &bdquo;dieser Tage&ldquo; und fahren durch ein Dornengeb\u00fcsch und haben schon wieder einen Platten? Keine Sorge, wir haben ein paar zus\u00e4tzliche TPU-Flicken hinzugef\u00fcgt, damit Sie weiterrollen k\u00f6nnen."},"content":{"rendered":"<p>NanoAir TPU Tube, Presta 27.5 x 2.5\/3.0&#8242; Tan, 48mm valve<br \/>\n Leichter, kompakter und haltbarer. Ja, Sie bekommen alle drei. WTB stellt den NanoAir TPU-Schlauch (Thermoplastisches Polyurethan) vor. Er ist kompakt und l\u00e4sst sich auf ein Drittel der Gr\u00f6\u00dfe eines herk\u00f6mmlichen Schlauchs zusammenpacken. TPU-Schl\u00e4uche sind robust und durch eine spezielle Konstruktion\/Materialschicht sind sie zudem haltbarer als herk\u00f6mmliche Butylschl\u00e4uche. Sie haben einen &bdquo;dieser Tage&ldquo; und fahren durch ein Dornengeb\u00fcsch und haben schon wieder einen Platten? Keine Sorge, wir haben ein paar zus\u00e4tzliche TPU-Flicken hinzugef\u00fcgt, damit Sie weiterrollen k\u00f6nnen.<\/p>\n","protected":false},"excerpt":{"rendered":"<p>NanoAir TPU Tube, Presta 27.5 x 2.5\/3.0&#8242; Tan, 48mm valve Leichter, kompakter und haltbarer. Ja, Sie bekommen alle drei. WTB stellt den NanoAir TPU-Schlauch (Thermoplastisches Polyurethan) vor. Er ist kompakt und l\u00e4sst sich auf ein Drittel der Gr\u00f6\u00dfe eines herk\u00f6mmlichen Schlauchs zusammenpacken. TPU-Schl\u00e4uche sind robust und durch eine spezielle Konstruktion\/Materialschicht sind sie zudem haltbarer als [&#8230;]\n","protected":false},"featured_media":424324,"template":"","meta":[],"product_brand":[],"product_cat":[117456,11847],"product_tag":[],"class_list":{"0":"post-424323","1":"product","2":"type-product","3":"status-publish","4":"has-post-thumbnail","6":"product_cat-chambre-a-air-tpu","7":"product_cat-fahrrad-fahrradteile-de","9":"first","10":"instock","11":"taxable","12":"shipping-taxable","13":"purchasable","14":"product-type-simple"},"yoast_head":"<!-- This site is optimized with the Yoast SEO plugin v27.1.1 - https:\/\/yoast.com\/product\/yoast-seo-wordpress\/ -->\n<title>NanoAir TPU Tube, Presta 27.5 x 2.5\/3.0&#039; Tan, 48mm valve Leichter, kompakter und haltbarer. Ja, Sie bekommen alle drei. WTB stellt den NanoAir TPU-Schlauch (Thermoplastisches Polyurethan) vor. Er ist kompakt und l\u00e4sst sich auf ein Drittel der Gr\u00f6\u00dfe eines herk\u00f6mmlichen Schlauchs zusammenpacken. TPU-Schl\u00e4uche sind robust und durch eine spezielle Konstruktion\/Materialschicht sind sie zudem haltbarer als herk\u00f6mmliche Butylschl\u00e4uche. Sie haben einen &bdquo;dieser Tage&ldquo; und fahren durch ein Dornengeb\u00fcsch und haben schon wieder einen Platten? Keine Sorge, wir haben ein paar zus\u00e4tzliche TPU-Flicken hinzugef\u00fcgt, damit Sie weiterrollen k\u00f6nnen. - Bike Express<\/title>\n<meta name=\"robots\" content=\"index,follow\" \/>\n<link rel=\"canonical\" href=\"https:\/\/bike-express.ch\/de\/produit\/nanoair-tpu-tube-presta-27-5-x-2-5-3-0-tan-48mm-valve-leichter-kompakter-und-haltbarer-ja-sie-bekommen-alle-drei-wtb-stellt-den-nanoair-tpu-schlauch-thermoplastisches-polyurethan-vor-er-is\/\" \/>\n<meta property=\"og:locale\" content=\"de_DE\" \/>\n<meta property=\"og:type\" content=\"article\" \/>\n<meta property=\"og:title\" content=\"NanoAir TPU Tube, Presta 27.5 x 2.5\/3.0&#039; Tan, 48mm valve Leichter, kompakter und haltbarer. Ja, Sie bekommen alle drei. WTB stellt den NanoAir TPU-Schlauch (Thermoplastisches Polyurethan) vor. Er ist kompakt und l\u00e4sst sich auf ein Drittel der Gr\u00f6\u00dfe eines herk\u00f6mmlichen Schlauchs zusammenpacken. TPU-Schl\u00e4uche sind robust und durch eine spezielle Konstruktion\/Materialschicht sind sie zudem haltbarer als herk\u00f6mmliche Butylschl\u00e4uche. Sie haben einen &bdquo;dieser Tage&ldquo; und fahren durch ein Dornengeb\u00fcsch und haben schon wieder einen Platten? Keine Sorge, wir haben ein paar zus\u00e4tzliche TPU-Flicken hinzugef\u00fcgt, damit Sie weiterrollen k\u00f6nnen. - Bike Express\" \/>\n<meta property=\"og:description\" content=\"NanoAir TPU Tube, Presta 27.5 x 2.5\/3.0&#8242; Tan, 48mm valve Leichter, kompakter und haltbarer. Ja, Sie bekommen alle drei. WTB stellt den NanoAir TPU-Schlauch (Thermoplastisches Polyurethan) vor. Er ist kompakt und l\u00e4sst sich auf ein Drittel der Gr\u00f6\u00dfe eines herk\u00f6mmlichen Schlauchs zusammenpacken. TPU-Schl\u00e4uche sind robust und durch eine spezielle Konstruktion\/Materialschicht sind sie zudem haltbarer als [...]\" \/>\n<meta property=\"og:url\" content=\"https:\/\/bike-express.ch\/de\/produit\/nanoair-tpu-tube-presta-27-5-x-2-5-3-0-tan-48mm-valve-leichter-kompakter-und-haltbarer-ja-sie-bekommen-alle-drei-wtb-stellt-den-nanoair-tpu-schlauch-thermoplastisches-polyurethan-vor-er-is\/\" \/>\n<meta property=\"og:site_name\" content=\"Bike Express\" \/>\n<meta property=\"og:image\" content=\"https:\/\/bike-express.ch\/wp-content\/uploads\/2026\/03\/H9056E.jpg\" \/>\n\t<meta property=\"og:image:width\" content=\"800\" \/>\n\t<meta property=\"og:image:height\" content=\"640\" \/>\n\t<meta property=\"og:image:type\" content=\"image\/jpeg\" \/>\n<meta name=\"twitter:card\" content=\"summary_large_image\" \/>\n<script type=\"application\/ld+json\" class=\"yoast-schema-graph\">{\"@context\":\"https:\/\/schema.org\",\"@graph\":[{\"@type\":\"WebPage\",\"@id\":\"https:\/\/bike-express.ch\/de\/produit\/nanoair-tpu-tube-presta-27-5-x-2-5-3-0-tan-48mm-valve-leichter-kompakter-und-haltbarer-ja-sie-bekommen-alle-drei-wtb-stellt-den-nanoair-tpu-schlauch-thermoplastisches-polyurethan-vor-er-is\/\",\"url\":\"https:\/\/bike-express.ch\/de\/produit\/nanoair-tpu-tube-presta-27-5-x-2-5-3-0-tan-48mm-valve-leichter-kompakter-und-haltbarer-ja-sie-bekommen-alle-drei-wtb-stellt-den-nanoair-tpu-schlauch-thermoplastisches-polyurethan-vor-er-is\/\",\"name\":\"NanoAir TPU Tube, Presta 27.5 x 2.5\/3.0' Tan, 48mm valve Leichter, kompakter und haltbarer. Ja, Sie bekommen alle drei. WTB stellt den NanoAir TPU-Schlauch (Thermoplastisches Polyurethan) vor. Er ist kompakt und l\u00e4sst sich auf ein Drittel der Gr\u00f6\u00dfe eines herk\u00f6mmlichen Schlauchs zusammenpacken. TPU-Schl\u00e4uche sind robust und durch eine spezielle Konstruktion\/Materialschicht sind sie zudem haltbarer als herk\u00f6mmliche Butylschl\u00e4uche. Sie haben einen &bdquo;dieser Tage&ldquo; und fahren durch ein Dornengeb\u00fcsch und haben schon wieder einen Platten? Keine Sorge, wir haben ein paar zus\u00e4tzliche TPU-Flicken hinzugef\u00fcgt, damit Sie weiterrollen k\u00f6nnen. - Bike Express\",\"isPartOf\":{\"@id\":\"https:\/\/bike-express.ch\/de\/#website\"},\"primaryImageOfPage\":{\"@id\":\"https:\/\/bike-express.ch\/de\/produit\/nanoair-tpu-tube-presta-27-5-x-2-5-3-0-tan-48mm-valve-leichter-kompakter-und-haltbarer-ja-sie-bekommen-alle-drei-wtb-stellt-den-nanoair-tpu-schlauch-thermoplastisches-polyurethan-vor-er-is\/#primaryimage\"},\"image\":{\"@id\":\"https:\/\/bike-express.ch\/de\/produit\/nanoair-tpu-tube-presta-27-5-x-2-5-3-0-tan-48mm-valve-leichter-kompakter-und-haltbarer-ja-sie-bekommen-alle-drei-wtb-stellt-den-nanoair-tpu-schlauch-thermoplastisches-polyurethan-vor-er-is\/#primaryimage\"},\"thumbnailUrl\":\"https:\/\/bike-express.ch\/wp-content\/uploads\/2026\/03\/H9056E.jpg\",\"datePublished\":\"2026-03-10T14:09:38+00:00\",\"breadcrumb\":{\"@id\":\"https:\/\/bike-express.ch\/de\/produit\/nanoair-tpu-tube-presta-27-5-x-2-5-3-0-tan-48mm-valve-leichter-kompakter-und-haltbarer-ja-sie-bekommen-alle-drei-wtb-stellt-den-nanoair-tpu-schlauch-thermoplastisches-polyurethan-vor-er-is\/#breadcrumb\"},\"inLanguage\":\"de\",\"potentialAction\":[{\"@type\":\"ReadAction\",\"target\":[\"https:\/\/bike-express.ch\/de\/produit\/nanoair-tpu-tube-presta-27-5-x-2-5-3-0-tan-48mm-valve-leichter-kompakter-und-haltbarer-ja-sie-bekommen-alle-drei-wtb-stellt-den-nanoair-tpu-schlauch-thermoplastisches-polyurethan-vor-er-is\/\"]}]},{\"@type\":\"ImageObject\",\"inLanguage\":\"de\",\"@id\":\"https:\/\/bike-express.ch\/de\/produit\/nanoair-tpu-tube-presta-27-5-x-2-5-3-0-tan-48mm-valve-leichter-kompakter-und-haltbarer-ja-sie-bekommen-alle-drei-wtb-stellt-den-nanoair-tpu-schlauch-thermoplastisches-polyurethan-vor-er-is\/#primaryimage\",\"url\":\"https:\/\/bike-express.ch\/wp-content\/uploads\/2026\/03\/H9056E.jpg\",\"contentUrl\":\"https:\/\/bike-express.ch\/wp-content\/uploads\/2026\/03\/H9056E.jpg\",\"width\":800,\"height\":640},{\"@type\":\"BreadcrumbList\",\"@id\":\"https:\/\/bike-express.ch\/de\/produit\/nanoair-tpu-tube-presta-27-5-x-2-5-3-0-tan-48mm-valve-leichter-kompakter-und-haltbarer-ja-sie-bekommen-alle-drei-wtb-stellt-den-nanoair-tpu-schlauch-thermoplastisches-polyurethan-vor-er-is\/#breadcrumb\",\"itemListElement\":[{\"@type\":\"ListItem\",\"position\":1,\"name\":\"Accueil\",\"item\":\"https:\/\/bike-express.ch\/de\/\"},{\"@type\":\"ListItem\",\"position\":2,\"name\":\"Unsere Produkte\",\"item\":\"https:\/\/bike-express.ch\/de\/unsere-produkte\/\"},{\"@type\":\"ListItem\",\"position\":3,\"name\":\"NanoAir TPU Tube, Presta 27.5 x 2.5\/3.0&prime; Tan, 48mm valve Leichter, kompakter und haltbarer. Ja, Sie bekommen alle drei. WTB stellt den NanoAir TPU-Schlauch (Thermoplastisches Polyurethan) vor. Er ist kompakt und l\u00e4sst sich auf ein Drittel der Gr\u00f6\u00dfe eines herk\u00f6mmlichen Schlauchs zusammenpacken. TPU-Schl\u00e4uche sind robust und durch eine spezielle Konstruktion\/Materialschicht sind sie zudem haltbarer als herk\u00f6mmliche Butylschl\u00e4uche. Sie haben einen &bdquo;dieser Tage&ldquo; und fahren durch ein Dornengeb\u00fcsch und haben schon wieder einen Platten? Keine Sorge, wir haben ein paar zus\u00e4tzliche TPU-Flicken hinzugef\u00fcgt, damit Sie weiterrollen k\u00f6nnen.\"}]},{\"@type\":\"WebSite\",\"@id\":\"https:\/\/bike-express.ch\/de\/#website\",\"url\":\"https:\/\/bike-express.ch\/de\/\",\"name\":\"Bike Express\",\"description\":\"Num\u00e9ro 1 des pi\u00e8ces de v\u00e9los en Suisse\",\"potentialAction\":[{\"@type\":\"SearchAction\",\"target\":{\"@type\":\"EntryPoint\",\"urlTemplate\":\"https:\/\/bike-express.ch\/de\/?s={search_term_string}\"},\"query-input\":{\"@type\":\"PropertyValueSpecification\",\"valueRequired\":true,\"valueName\":\"search_term_string\"}}],\"inLanguage\":\"de\"}]}<\/script>\n<!-- \/ Yoast SEO plugin. -->","yoast_head_json":{"title":"NanoAir TPU Tube, Presta 27.5 x 2.5\/3.0' Tan, 48mm valve Leichter, kompakter und haltbarer. Ja, Sie bekommen alle drei. WTB stellt den NanoAir TPU-Schlauch (Thermoplastisches Polyurethan) vor. Er ist kompakt und l\u00e4sst sich auf ein Drittel der Gr\u00f6\u00dfe eines herk\u00f6mmlichen Schlauchs zusammenpacken. TPU-Schl\u00e4uche sind robust und durch eine spezielle Konstruktion\/Materialschicht sind sie zudem haltbarer als herk\u00f6mmliche Butylschl\u00e4uche. Sie haben einen &bdquo;dieser Tage&ldquo; und fahren durch ein Dornengeb\u00fcsch und haben schon wieder einen Platten? Keine Sorge, wir haben ein paar zus\u00e4tzliche TPU-Flicken hinzugef\u00fcgt, damit Sie weiterrollen k\u00f6nnen. - Bike Express","robots":{"index,follow":"index,follow"},"canonical":"https:\/\/bike-express.ch\/de\/produit\/nanoair-tpu-tube-presta-27-5-x-2-5-3-0-tan-48mm-valve-leichter-kompakter-und-haltbarer-ja-sie-bekommen-alle-drei-wtb-stellt-den-nanoair-tpu-schlauch-thermoplastisches-polyurethan-vor-er-is\/","og_locale":"de_DE","og_type":"article","og_title":"NanoAir TPU Tube, Presta 27.5 x 2.5\/3.0' Tan, 48mm valve Leichter, kompakter und haltbarer. Ja, Sie bekommen alle drei. WTB stellt den NanoAir TPU-Schlauch (Thermoplastisches Polyurethan) vor. Er ist kompakt und l\u00e4sst sich auf ein Drittel der Gr\u00f6\u00dfe eines herk\u00f6mmlichen Schlauchs zusammenpacken. TPU-Schl\u00e4uche sind robust und durch eine spezielle Konstruktion\/Materialschicht sind sie zudem haltbarer als herk\u00f6mmliche Butylschl\u00e4uche. Sie haben einen &bdquo;dieser Tage&ldquo; und fahren durch ein Dornengeb\u00fcsch und haben schon wieder einen Platten? Keine Sorge, wir haben ein paar zus\u00e4tzliche TPU-Flicken hinzugef\u00fcgt, damit Sie weiterrollen k\u00f6nnen. - Bike Express","og_description":"NanoAir TPU Tube, Presta 27.5 x 2.5\/3.0&#8242; Tan, 48mm valve Leichter, kompakter und haltbarer. Ja, Sie bekommen alle drei. WTB stellt den NanoAir TPU-Schlauch (Thermoplastisches Polyurethan) vor. Er ist kompakt und l\u00e4sst sich auf ein Drittel der Gr\u00f6\u00dfe eines herk\u00f6mmlichen Schlauchs zusammenpacken. TPU-Schl\u00e4uche sind robust und durch eine spezielle Konstruktion\/Materialschicht sind sie zudem haltbarer als [...]","og_url":"https:\/\/bike-express.ch\/de\/produit\/nanoair-tpu-tube-presta-27-5-x-2-5-3-0-tan-48mm-valve-leichter-kompakter-und-haltbarer-ja-sie-bekommen-alle-drei-wtb-stellt-den-nanoair-tpu-schlauch-thermoplastisches-polyurethan-vor-er-is\/","og_site_name":"Bike Express","og_image":[{"width":800,"height":640,"url":"https:\/\/bike-express.ch\/wp-content\/uploads\/2026\/03\/H9056E.jpg","type":"image\/jpeg"}],"twitter_card":"summary_large_image","schema":{"@context":"https:\/\/schema.org","@graph":[{"@type":"WebPage","@id":"https:\/\/bike-express.ch\/de\/produit\/nanoair-tpu-tube-presta-27-5-x-2-5-3-0-tan-48mm-valve-leichter-kompakter-und-haltbarer-ja-sie-bekommen-alle-drei-wtb-stellt-den-nanoair-tpu-schlauch-thermoplastisches-polyurethan-vor-er-is\/","url":"https:\/\/bike-express.ch\/de\/produit\/nanoair-tpu-tube-presta-27-5-x-2-5-3-0-tan-48mm-valve-leichter-kompakter-und-haltbarer-ja-sie-bekommen-alle-drei-wtb-stellt-den-nanoair-tpu-schlauch-thermoplastisches-polyurethan-vor-er-is\/","name":"NanoAir TPU Tube, Presta 27.5 x 2.5\/3.0' Tan, 48mm valve Leichter, kompakter und haltbarer. Ja, Sie bekommen alle drei. WTB stellt den NanoAir TPU-Schlauch (Thermoplastisches Polyurethan) vor. Er ist kompakt und l\u00e4sst sich auf ein Drittel der Gr\u00f6\u00dfe eines herk\u00f6mmlichen Schlauchs zusammenpacken. TPU-Schl\u00e4uche sind robust und durch eine spezielle Konstruktion\/Materialschicht sind sie zudem haltbarer als herk\u00f6mmliche Butylschl\u00e4uche. Sie haben einen &bdquo;dieser Tage&ldquo; und fahren durch ein Dornengeb\u00fcsch und haben schon wieder einen Platten? Keine Sorge, wir haben ein paar zus\u00e4tzliche TPU-Flicken hinzugef\u00fcgt, damit Sie weiterrollen k\u00f6nnen. - Bike Express","isPartOf":{"@id":"https:\/\/bike-express.ch\/de\/#website"},"primaryImageOfPage":{"@id":"https:\/\/bike-express.ch\/de\/produit\/nanoair-tpu-tube-presta-27-5-x-2-5-3-0-tan-48mm-valve-leichter-kompakter-und-haltbarer-ja-sie-bekommen-alle-drei-wtb-stellt-den-nanoair-tpu-schlauch-thermoplastisches-polyurethan-vor-er-is\/#primaryimage"},"image":{"@id":"https:\/\/bike-express.ch\/de\/produit\/nanoair-tpu-tube-presta-27-5-x-2-5-3-0-tan-48mm-valve-leichter-kompakter-und-haltbarer-ja-sie-bekommen-alle-drei-wtb-stellt-den-nanoair-tpu-schlauch-thermoplastisches-polyurethan-vor-er-is\/#primaryimage"},"thumbnailUrl":"https:\/\/bike-express.ch\/wp-content\/uploads\/2026\/03\/H9056E.jpg","datePublished":"2026-03-10T14:09:38+00:00","breadcrumb":{"@id":"https:\/\/bike-express.ch\/de\/produit\/nanoair-tpu-tube-presta-27-5-x-2-5-3-0-tan-48mm-valve-leichter-kompakter-und-haltbarer-ja-sie-bekommen-alle-drei-wtb-stellt-den-nanoair-tpu-schlauch-thermoplastisches-polyurethan-vor-er-is\/#breadcrumb"},"inLanguage":"de","potentialAction":[{"@type":"ReadAction","target":["https:\/\/bike-express.ch\/de\/produit\/nanoair-tpu-tube-presta-27-5-x-2-5-3-0-tan-48mm-valve-leichter-kompakter-und-haltbarer-ja-sie-bekommen-alle-drei-wtb-stellt-den-nanoair-tpu-schlauch-thermoplastisches-polyurethan-vor-er-is\/"]}]},{"@type":"ImageObject","inLanguage":"de","@id":"https:\/\/bike-express.ch\/de\/produit\/nanoair-tpu-tube-presta-27-5-x-2-5-3-0-tan-48mm-valve-leichter-kompakter-und-haltbarer-ja-sie-bekommen-alle-drei-wtb-stellt-den-nanoair-tpu-schlauch-thermoplastisches-polyurethan-vor-er-is\/#primaryimage","url":"https:\/\/bike-express.ch\/wp-content\/uploads\/2026\/03\/H9056E.jpg","contentUrl":"https:\/\/bike-express.ch\/wp-content\/uploads\/2026\/03\/H9056E.jpg","width":800,"height":640},{"@type":"BreadcrumbList","@id":"https:\/\/bike-express.ch\/de\/produit\/nanoair-tpu-tube-presta-27-5-x-2-5-3-0-tan-48mm-valve-leichter-kompakter-und-haltbarer-ja-sie-bekommen-alle-drei-wtb-stellt-den-nanoair-tpu-schlauch-thermoplastisches-polyurethan-vor-er-is\/#breadcrumb","itemListElement":[{"@type":"ListItem","position":1,"name":"Accueil","item":"https:\/\/bike-express.ch\/de\/"},{"@type":"ListItem","position":2,"name":"Unsere Produkte","item":"https:\/\/bike-express.ch\/de\/unsere-produkte\/"},{"@type":"ListItem","position":3,"name":"NanoAir TPU Tube, Presta 27.5 x 2.5\/3.0&prime; Tan, 48mm valve Leichter, kompakter und haltbarer. Ja, Sie bekommen alle drei. WTB stellt den NanoAir TPU-Schlauch (Thermoplastisches Polyurethan) vor. Er ist kompakt und l\u00e4sst sich auf ein Drittel der Gr\u00f6\u00dfe eines herk\u00f6mmlichen Schlauchs zusammenpacken. TPU-Schl\u00e4uche sind robust und durch eine spezielle Konstruktion\/Materialschicht sind sie zudem haltbarer als herk\u00f6mmliche Butylschl\u00e4uche. Sie haben einen &bdquo;dieser Tage&ldquo; und fahren durch ein Dornengeb\u00fcsch und haben schon wieder einen Platten? Keine Sorge, wir haben ein paar zus\u00e4tzliche TPU-Flicken hinzugef\u00fcgt, damit Sie weiterrollen k\u00f6nnen."}]},{"@type":"WebSite","@id":"https:\/\/bike-express.ch\/de\/#website","url":"https:\/\/bike-express.ch\/de\/","name":"Bike Express","description":"Num\u00e9ro 1 des pi\u00e8ces de v\u00e9los en Suisse","potentialAction":[{"@type":"SearchAction","target":{"@type":"EntryPoint","urlTemplate":"https:\/\/bike-express.ch\/de\/?s={search_term_string}"},"query-input":{"@type":"PropertyValueSpecification","valueRequired":true,"valueName":"search_term_string"}}],"inLanguage":"de"}]}},"_links":{"self":[{"href":"https:\/\/bike-express.ch\/de\/wp-json\/wp\/v2\/product\/424323","targetHints":{"allow":["GET"]}}],"collection":[{"href":"https:\/\/bike-express.ch\/de\/wp-json\/wp\/v2\/product"}],"about":[{"href":"https:\/\/bike-express.ch\/de\/wp-json\/wp\/v2\/types\/product"}],"wp:featuredmedia":[{"embeddable":true,"href":"https:\/\/bike-express.ch\/de\/wp-json\/wp\/v2\/media\/424324"}],"wp:attachment":[{"href":"https:\/\/bike-express.ch\/de\/wp-json\/wp\/v2\/media?parent=424323"}],"wp:term":[{"taxonomy":"product_brand","embeddable":true,"href":"https:\/\/bike-express.ch\/de\/wp-json\/wp\/v2\/product_brand?post=424323"},{"taxonomy":"product_cat","embeddable":true,"href":"https:\/\/bike-express.ch\/de\/wp-json\/wp\/v2\/product_cat?post=424323"},{"taxonomy":"product_tag","embeddable":true,"href":"https:\/\/bike-express.ch\/de\/wp-json\/wp\/v2\/product_tag?post=424323"}],"curies":[{"name":"wp","href":"https:\/\/api.w.org\/{rel}","templated":true}]}}