{"id":424333,"date":"2026-03-10T15:09:42","date_gmt":"2026-03-10T14:09:42","guid":{"rendered":"https:\/\/bike-express.ch\/?post_type=product&#038;p=424333"},"modified":"2026-03-10T15:09:42","modified_gmt":"2026-03-10T14:09:42","slug":"tcs-al-max-flow-black-presta-valve-55mm-2-pcs-einsatzbereich-tubeless-valves-tcs-max-flow-tubeless-ventile-verfugen-uber-eine-einsatzkompatible-basis-einen-groseren-bohrungsdurchmesser-einen-int","status":"publish","type":"product","link":"https:\/\/bike-express.ch\/de\/produit\/tcs-al-max-flow-black-presta-valve-55mm-2-pcs-einsatzbereich-tubeless-valves-tcs-max-flow-tubeless-ventile-verfugen-uber-eine-einsatzkompatible-basis-einen-groseren-bohrungsdurchmesser-einen-int\/","title":{"rendered":"TCS AL Max-Flow Black Presta Valve 55mm 2 Pcs\n Einsatzbereich: Tubeless Valves \n TCS Max-Flow Tubeless-Ventile verf\u00fcgen \u00fcber eine einsatzkompatible Basis, einen gr\u00f6\u00dferen Bohrungsdurchmesser, einen integrierten Ventilkernentferner und eine ergonomisch geformte Mutter, mit der das Ventil ohne Werkzeug festgezogen werden kann. TCS Max-Flow Tubeless-Ventile verf\u00fcgen \u00fcber eine kegelf\u00f6rmige Basis f\u00fcr multidirektionalen Luftstrom an den Seiten und verhindern so die Luftstrombeschr\u00e4nkung, die auftreten kann, wenn ein Reifeneinsatz gegen eine herk\u00f6mmliche Ventil\u00f6ffnung gedr\u00fcckt wird."},"content":{"rendered":"<p>TCS AL Max-Flow Black Presta Valve 55mm 2 Pcs<br \/>\n Einsatzbereich: Tubeless Valves<br \/>\n TCS Max-Flow Tubeless-Ventile verf\u00fcgen \u00fcber eine einsatzkompatible Basis, einen gr\u00f6\u00dferen Bohrungsdurchmesser, einen integrierten Ventilkernentferner und eine ergonomisch geformte Mutter, mit der das Ventil ohne Werkzeug festgezogen werden kann. TCS Max-Flow Tubeless-Ventile verf\u00fcgen \u00fcber eine kegelf\u00f6rmige Basis f\u00fcr multidirektionalen Luftstrom an den Seiten und verhindern so die Luftstrombeschr\u00e4nkung, die auftreten kann, wenn ein Reifeneinsatz gegen eine herk\u00f6mmliche Ventil\u00f6ffnung gedr\u00fcckt wird.<\/p>\n","protected":false},"excerpt":{"rendered":"<p>TCS AL Max-Flow Black Presta Valve 55mm 2 Pcs Einsatzbereich: Tubeless Valves TCS Max-Flow Tubeless-Ventile verf\u00fcgen \u00fcber eine einsatzkompatible Basis, einen gr\u00f6\u00dferen Bohrungsdurchmesser, einen integrierten Ventilkernentferner und eine ergonomisch geformte Mutter, mit der das Ventil ohne Werkzeug festgezogen werden kann. TCS Max-Flow Tubeless-Ventile verf\u00fcgen \u00fcber eine kegelf\u00f6rmige Basis f\u00fcr multidirektionalen Luftstrom an den Seiten und [&#8230;]\n","protected":false},"featured_media":424334,"template":"","meta":[],"product_brand":[],"product_cat":[11847,11901,117457],"product_tag":[],"class_list":{"0":"post-424333","1":"product","2":"type-product","3":"status-publish","4":"has-post-thumbnail","6":"product_cat-fahrrad-fahrradteile-de","7":"product_cat-fahrrad-fahrr-schutzbleche-de","8":"product_cat-tubeless-accessoires","10":"first","11":"instock","12":"taxable","13":"shipping-taxable","14":"purchasable","15":"product-type-simple"},"yoast_head":"<!-- This site is optimized with the Yoast SEO plugin v27.1.1 - https:\/\/yoast.com\/product\/yoast-seo-wordpress\/ -->\n<title>TCS AL Max-Flow Black Presta Valve 55mm 2 Pcs Einsatzbereich: Tubeless Valves  TCS Max-Flow Tubeless-Ventile verf\u00fcgen \u00fcber eine einsatzkompatible Basis, einen gr\u00f6\u00dferen Bohrungsdurchmesser, einen integrierten Ventilkernentferner und eine ergonomisch geformte Mutter, mit der das Ventil ohne Werkzeug festgezogen werden kann. TCS Max-Flow Tubeless-Ventile verf\u00fcgen \u00fcber eine kegelf\u00f6rmige Basis f\u00fcr multidirektionalen Luftstrom an den Seiten und verhindern so die Luftstrombeschr\u00e4nkung, die auftreten kann, wenn ein Reifeneinsatz gegen eine herk\u00f6mmliche Ventil\u00f6ffnung gedr\u00fcckt wird. - Bike Express<\/title>\n<meta name=\"robots\" content=\"index,follow\" \/>\n<link rel=\"canonical\" href=\"https:\/\/bike-express.ch\/de\/produit\/tcs-al-max-flow-black-presta-valve-55mm-2-pcs-einsatzbereich-tubeless-valves-tcs-max-flow-tubeless-ventile-verfugen-uber-eine-einsatzkompatible-basis-einen-groseren-bohrungsdurchmesser-einen-int\/\" \/>\n<meta property=\"og:locale\" content=\"de_DE\" \/>\n<meta property=\"og:type\" content=\"article\" \/>\n<meta property=\"og:title\" content=\"TCS AL Max-Flow Black Presta Valve 55mm 2 Pcs Einsatzbereich: Tubeless Valves  TCS Max-Flow Tubeless-Ventile verf\u00fcgen \u00fcber eine einsatzkompatible Basis, einen gr\u00f6\u00dferen Bohrungsdurchmesser, einen integrierten Ventilkernentferner und eine ergonomisch geformte Mutter, mit der das Ventil ohne Werkzeug festgezogen werden kann. TCS Max-Flow Tubeless-Ventile verf\u00fcgen \u00fcber eine kegelf\u00f6rmige Basis f\u00fcr multidirektionalen Luftstrom an den Seiten und verhindern so die Luftstrombeschr\u00e4nkung, die auftreten kann, wenn ein Reifeneinsatz gegen eine herk\u00f6mmliche Ventil\u00f6ffnung gedr\u00fcckt wird. - Bike Express\" \/>\n<meta property=\"og:description\" content=\"TCS AL Max-Flow Black Presta Valve 55mm 2 Pcs Einsatzbereich: Tubeless Valves TCS Max-Flow Tubeless-Ventile verf\u00fcgen \u00fcber eine einsatzkompatible Basis, einen gr\u00f6\u00dferen Bohrungsdurchmesser, einen integrierten Ventilkernentferner und eine ergonomisch geformte Mutter, mit der das Ventil ohne Werkzeug festgezogen werden kann. TCS Max-Flow Tubeless-Ventile verf\u00fcgen \u00fcber eine kegelf\u00f6rmige Basis f\u00fcr multidirektionalen Luftstrom an den Seiten und [...]\" \/>\n<meta property=\"og:url\" content=\"https:\/\/bike-express.ch\/de\/produit\/tcs-al-max-flow-black-presta-valve-55mm-2-pcs-einsatzbereich-tubeless-valves-tcs-max-flow-tubeless-ventile-verfugen-uber-eine-einsatzkompatible-basis-einen-groseren-bohrungsdurchmesser-einen-int\/\" \/>\n<meta property=\"og:site_name\" content=\"Bike Express\" \/>\n<meta property=\"og:image\" content=\"https:\/\/bike-express.ch\/wp-content\/uploads\/2026\/03\/H9056H.jpg\" \/>\n\t<meta property=\"og:image:width\" content=\"800\" \/>\n\t<meta property=\"og:image:height\" content=\"533\" \/>\n\t<meta property=\"og:image:type\" content=\"image\/jpeg\" \/>\n<meta name=\"twitter:card\" content=\"summary_large_image\" \/>\n<script type=\"application\/ld+json\" class=\"yoast-schema-graph\">{\"@context\":\"https:\/\/schema.org\",\"@graph\":[{\"@type\":\"WebPage\",\"@id\":\"https:\/\/bike-express.ch\/de\/produit\/tcs-al-max-flow-black-presta-valve-55mm-2-pcs-einsatzbereich-tubeless-valves-tcs-max-flow-tubeless-ventile-verfugen-uber-eine-einsatzkompatible-basis-einen-groseren-bohrungsdurchmesser-einen-int\/\",\"url\":\"https:\/\/bike-express.ch\/de\/produit\/tcs-al-max-flow-black-presta-valve-55mm-2-pcs-einsatzbereich-tubeless-valves-tcs-max-flow-tubeless-ventile-verfugen-uber-eine-einsatzkompatible-basis-einen-groseren-bohrungsdurchmesser-einen-int\/\",\"name\":\"TCS AL Max-Flow Black Presta Valve 55mm 2 Pcs Einsatzbereich: Tubeless Valves TCS Max-Flow Tubeless-Ventile verf\u00fcgen \u00fcber eine einsatzkompatible Basis, einen gr\u00f6\u00dferen Bohrungsdurchmesser, einen integrierten Ventilkernentferner und eine ergonomisch geformte Mutter, mit der das Ventil ohne Werkzeug festgezogen werden kann. TCS Max-Flow Tubeless-Ventile verf\u00fcgen \u00fcber eine kegelf\u00f6rmige Basis f\u00fcr multidirektionalen Luftstrom an den Seiten und verhindern so die Luftstrombeschr\u00e4nkung, die auftreten kann, wenn ein Reifeneinsatz gegen eine herk\u00f6mmliche Ventil\u00f6ffnung gedr\u00fcckt wird. - Bike Express\",\"isPartOf\":{\"@id\":\"https:\/\/bike-express.ch\/de\/#website\"},\"primaryImageOfPage\":{\"@id\":\"https:\/\/bike-express.ch\/de\/produit\/tcs-al-max-flow-black-presta-valve-55mm-2-pcs-einsatzbereich-tubeless-valves-tcs-max-flow-tubeless-ventile-verfugen-uber-eine-einsatzkompatible-basis-einen-groseren-bohrungsdurchmesser-einen-int\/#primaryimage\"},\"image\":{\"@id\":\"https:\/\/bike-express.ch\/de\/produit\/tcs-al-max-flow-black-presta-valve-55mm-2-pcs-einsatzbereich-tubeless-valves-tcs-max-flow-tubeless-ventile-verfugen-uber-eine-einsatzkompatible-basis-einen-groseren-bohrungsdurchmesser-einen-int\/#primaryimage\"},\"thumbnailUrl\":\"https:\/\/bike-express.ch\/wp-content\/uploads\/2026\/03\/H9056H.jpg\",\"datePublished\":\"2026-03-10T14:09:42+00:00\",\"breadcrumb\":{\"@id\":\"https:\/\/bike-express.ch\/de\/produit\/tcs-al-max-flow-black-presta-valve-55mm-2-pcs-einsatzbereich-tubeless-valves-tcs-max-flow-tubeless-ventile-verfugen-uber-eine-einsatzkompatible-basis-einen-groseren-bohrungsdurchmesser-einen-int\/#breadcrumb\"},\"inLanguage\":\"de\",\"potentialAction\":[{\"@type\":\"ReadAction\",\"target\":[\"https:\/\/bike-express.ch\/de\/produit\/tcs-al-max-flow-black-presta-valve-55mm-2-pcs-einsatzbereich-tubeless-valves-tcs-max-flow-tubeless-ventile-verfugen-uber-eine-einsatzkompatible-basis-einen-groseren-bohrungsdurchmesser-einen-int\/\"]}]},{\"@type\":\"ImageObject\",\"inLanguage\":\"de\",\"@id\":\"https:\/\/bike-express.ch\/de\/produit\/tcs-al-max-flow-black-presta-valve-55mm-2-pcs-einsatzbereich-tubeless-valves-tcs-max-flow-tubeless-ventile-verfugen-uber-eine-einsatzkompatible-basis-einen-groseren-bohrungsdurchmesser-einen-int\/#primaryimage\",\"url\":\"https:\/\/bike-express.ch\/wp-content\/uploads\/2026\/03\/H9056H.jpg\",\"contentUrl\":\"https:\/\/bike-express.ch\/wp-content\/uploads\/2026\/03\/H9056H.jpg\",\"width\":800,\"height\":533},{\"@type\":\"BreadcrumbList\",\"@id\":\"https:\/\/bike-express.ch\/de\/produit\/tcs-al-max-flow-black-presta-valve-55mm-2-pcs-einsatzbereich-tubeless-valves-tcs-max-flow-tubeless-ventile-verfugen-uber-eine-einsatzkompatible-basis-einen-groseren-bohrungsdurchmesser-einen-int\/#breadcrumb\",\"itemListElement\":[{\"@type\":\"ListItem\",\"position\":1,\"name\":\"Accueil\",\"item\":\"https:\/\/bike-express.ch\/de\/\"},{\"@type\":\"ListItem\",\"position\":2,\"name\":\"Unsere Produkte\",\"item\":\"https:\/\/bike-express.ch\/de\/unsere-produkte\/\"},{\"@type\":\"ListItem\",\"position\":3,\"name\":\"TCS AL Max-Flow Black Presta Valve 55mm 2 Pcs Einsatzbereich: Tubeless Valves TCS Max-Flow Tubeless-Ventile verf\u00fcgen \u00fcber eine einsatzkompatible Basis, einen gr\u00f6\u00dferen Bohrungsdurchmesser, einen integrierten Ventilkernentferner und eine ergonomisch geformte Mutter, mit der das Ventil ohne Werkzeug festgezogen werden kann. TCS Max-Flow Tubeless-Ventile verf\u00fcgen \u00fcber eine kegelf\u00f6rmige Basis f\u00fcr multidirektionalen Luftstrom an den Seiten und verhindern so die Luftstrombeschr\u00e4nkung, die auftreten kann, wenn ein Reifeneinsatz gegen eine herk\u00f6mmliche Ventil\u00f6ffnung gedr\u00fcckt wird.\"}]},{\"@type\":\"WebSite\",\"@id\":\"https:\/\/bike-express.ch\/de\/#website\",\"url\":\"https:\/\/bike-express.ch\/de\/\",\"name\":\"Bike Express\",\"description\":\"Num\u00e9ro 1 des pi\u00e8ces de v\u00e9los en Suisse\",\"potentialAction\":[{\"@type\":\"SearchAction\",\"target\":{\"@type\":\"EntryPoint\",\"urlTemplate\":\"https:\/\/bike-express.ch\/de\/?s={search_term_string}\"},\"query-input\":{\"@type\":\"PropertyValueSpecification\",\"valueRequired\":true,\"valueName\":\"search_term_string\"}}],\"inLanguage\":\"de\"}]}<\/script>\n<!-- \/ Yoast SEO plugin. -->","yoast_head_json":{"title":"TCS AL Max-Flow Black Presta Valve 55mm 2 Pcs Einsatzbereich: Tubeless Valves  TCS Max-Flow Tubeless-Ventile verf\u00fcgen \u00fcber eine einsatzkompatible Basis, einen gr\u00f6\u00dferen Bohrungsdurchmesser, einen integrierten Ventilkernentferner und eine ergonomisch geformte Mutter, mit der das Ventil ohne Werkzeug festgezogen werden kann. TCS Max-Flow Tubeless-Ventile verf\u00fcgen \u00fcber eine kegelf\u00f6rmige Basis f\u00fcr multidirektionalen Luftstrom an den Seiten und verhindern so die Luftstrombeschr\u00e4nkung, die auftreten kann, wenn ein Reifeneinsatz gegen eine herk\u00f6mmliche Ventil\u00f6ffnung gedr\u00fcckt wird. - Bike Express","robots":{"index,follow":"index,follow"},"canonical":"https:\/\/bike-express.ch\/de\/produit\/tcs-al-max-flow-black-presta-valve-55mm-2-pcs-einsatzbereich-tubeless-valves-tcs-max-flow-tubeless-ventile-verfugen-uber-eine-einsatzkompatible-basis-einen-groseren-bohrungsdurchmesser-einen-int\/","og_locale":"de_DE","og_type":"article","og_title":"TCS AL Max-Flow Black Presta Valve 55mm 2 Pcs Einsatzbereich: Tubeless Valves  TCS Max-Flow Tubeless-Ventile verf\u00fcgen \u00fcber eine einsatzkompatible Basis, einen gr\u00f6\u00dferen Bohrungsdurchmesser, einen integrierten Ventilkernentferner und eine ergonomisch geformte Mutter, mit der das Ventil ohne Werkzeug festgezogen werden kann. TCS Max-Flow Tubeless-Ventile verf\u00fcgen \u00fcber eine kegelf\u00f6rmige Basis f\u00fcr multidirektionalen Luftstrom an den Seiten und verhindern so die Luftstrombeschr\u00e4nkung, die auftreten kann, wenn ein Reifeneinsatz gegen eine herk\u00f6mmliche Ventil\u00f6ffnung gedr\u00fcckt wird. - Bike Express","og_description":"TCS AL Max-Flow Black Presta Valve 55mm 2 Pcs Einsatzbereich: Tubeless Valves TCS Max-Flow Tubeless-Ventile verf\u00fcgen \u00fcber eine einsatzkompatible Basis, einen gr\u00f6\u00dferen Bohrungsdurchmesser, einen integrierten Ventilkernentferner und eine ergonomisch geformte Mutter, mit der das Ventil ohne Werkzeug festgezogen werden kann. TCS Max-Flow Tubeless-Ventile verf\u00fcgen \u00fcber eine kegelf\u00f6rmige Basis f\u00fcr multidirektionalen Luftstrom an den Seiten und [...]","og_url":"https:\/\/bike-express.ch\/de\/produit\/tcs-al-max-flow-black-presta-valve-55mm-2-pcs-einsatzbereich-tubeless-valves-tcs-max-flow-tubeless-ventile-verfugen-uber-eine-einsatzkompatible-basis-einen-groseren-bohrungsdurchmesser-einen-int\/","og_site_name":"Bike Express","og_image":[{"width":800,"height":533,"url":"https:\/\/bike-express.ch\/wp-content\/uploads\/2026\/03\/H9056H.jpg","type":"image\/jpeg"}],"twitter_card":"summary_large_image","schema":{"@context":"https:\/\/schema.org","@graph":[{"@type":"WebPage","@id":"https:\/\/bike-express.ch\/de\/produit\/tcs-al-max-flow-black-presta-valve-55mm-2-pcs-einsatzbereich-tubeless-valves-tcs-max-flow-tubeless-ventile-verfugen-uber-eine-einsatzkompatible-basis-einen-groseren-bohrungsdurchmesser-einen-int\/","url":"https:\/\/bike-express.ch\/de\/produit\/tcs-al-max-flow-black-presta-valve-55mm-2-pcs-einsatzbereich-tubeless-valves-tcs-max-flow-tubeless-ventile-verfugen-uber-eine-einsatzkompatible-basis-einen-groseren-bohrungsdurchmesser-einen-int\/","name":"TCS AL Max-Flow Black Presta Valve 55mm 2 Pcs Einsatzbereich: Tubeless Valves TCS Max-Flow Tubeless-Ventile verf\u00fcgen \u00fcber eine einsatzkompatible Basis, einen gr\u00f6\u00dferen Bohrungsdurchmesser, einen integrierten Ventilkernentferner und eine ergonomisch geformte Mutter, mit der das Ventil ohne Werkzeug festgezogen werden kann. TCS Max-Flow Tubeless-Ventile verf\u00fcgen \u00fcber eine kegelf\u00f6rmige Basis f\u00fcr multidirektionalen Luftstrom an den Seiten und verhindern so die Luftstrombeschr\u00e4nkung, die auftreten kann, wenn ein Reifeneinsatz gegen eine herk\u00f6mmliche Ventil\u00f6ffnung gedr\u00fcckt wird. - Bike Express","isPartOf":{"@id":"https:\/\/bike-express.ch\/de\/#website"},"primaryImageOfPage":{"@id":"https:\/\/bike-express.ch\/de\/produit\/tcs-al-max-flow-black-presta-valve-55mm-2-pcs-einsatzbereich-tubeless-valves-tcs-max-flow-tubeless-ventile-verfugen-uber-eine-einsatzkompatible-basis-einen-groseren-bohrungsdurchmesser-einen-int\/#primaryimage"},"image":{"@id":"https:\/\/bike-express.ch\/de\/produit\/tcs-al-max-flow-black-presta-valve-55mm-2-pcs-einsatzbereich-tubeless-valves-tcs-max-flow-tubeless-ventile-verfugen-uber-eine-einsatzkompatible-basis-einen-groseren-bohrungsdurchmesser-einen-int\/#primaryimage"},"thumbnailUrl":"https:\/\/bike-express.ch\/wp-content\/uploads\/2026\/03\/H9056H.jpg","datePublished":"2026-03-10T14:09:42+00:00","breadcrumb":{"@id":"https:\/\/bike-express.ch\/de\/produit\/tcs-al-max-flow-black-presta-valve-55mm-2-pcs-einsatzbereich-tubeless-valves-tcs-max-flow-tubeless-ventile-verfugen-uber-eine-einsatzkompatible-basis-einen-groseren-bohrungsdurchmesser-einen-int\/#breadcrumb"},"inLanguage":"de","potentialAction":[{"@type":"ReadAction","target":["https:\/\/bike-express.ch\/de\/produit\/tcs-al-max-flow-black-presta-valve-55mm-2-pcs-einsatzbereich-tubeless-valves-tcs-max-flow-tubeless-ventile-verfugen-uber-eine-einsatzkompatible-basis-einen-groseren-bohrungsdurchmesser-einen-int\/"]}]},{"@type":"ImageObject","inLanguage":"de","@id":"https:\/\/bike-express.ch\/de\/produit\/tcs-al-max-flow-black-presta-valve-55mm-2-pcs-einsatzbereich-tubeless-valves-tcs-max-flow-tubeless-ventile-verfugen-uber-eine-einsatzkompatible-basis-einen-groseren-bohrungsdurchmesser-einen-int\/#primaryimage","url":"https:\/\/bike-express.ch\/wp-content\/uploads\/2026\/03\/H9056H.jpg","contentUrl":"https:\/\/bike-express.ch\/wp-content\/uploads\/2026\/03\/H9056H.jpg","width":800,"height":533},{"@type":"BreadcrumbList","@id":"https:\/\/bike-express.ch\/de\/produit\/tcs-al-max-flow-black-presta-valve-55mm-2-pcs-einsatzbereich-tubeless-valves-tcs-max-flow-tubeless-ventile-verfugen-uber-eine-einsatzkompatible-basis-einen-groseren-bohrungsdurchmesser-einen-int\/#breadcrumb","itemListElement":[{"@type":"ListItem","position":1,"name":"Accueil","item":"https:\/\/bike-express.ch\/de\/"},{"@type":"ListItem","position":2,"name":"Unsere Produkte","item":"https:\/\/bike-express.ch\/de\/unsere-produkte\/"},{"@type":"ListItem","position":3,"name":"TCS AL Max-Flow Black Presta Valve 55mm 2 Pcs Einsatzbereich: Tubeless Valves TCS Max-Flow Tubeless-Ventile verf\u00fcgen \u00fcber eine einsatzkompatible Basis, einen gr\u00f6\u00dferen Bohrungsdurchmesser, einen integrierten Ventilkernentferner und eine ergonomisch geformte Mutter, mit der das Ventil ohne Werkzeug festgezogen werden kann. TCS Max-Flow Tubeless-Ventile verf\u00fcgen \u00fcber eine kegelf\u00f6rmige Basis f\u00fcr multidirektionalen Luftstrom an den Seiten und verhindern so die Luftstrombeschr\u00e4nkung, die auftreten kann, wenn ein Reifeneinsatz gegen eine herk\u00f6mmliche Ventil\u00f6ffnung gedr\u00fcckt wird."}]},{"@type":"WebSite","@id":"https:\/\/bike-express.ch\/de\/#website","url":"https:\/\/bike-express.ch\/de\/","name":"Bike Express","description":"Num\u00e9ro 1 des pi\u00e8ces de v\u00e9los en Suisse","potentialAction":[{"@type":"SearchAction","target":{"@type":"EntryPoint","urlTemplate":"https:\/\/bike-express.ch\/de\/?s={search_term_string}"},"query-input":{"@type":"PropertyValueSpecification","valueRequired":true,"valueName":"search_term_string"}}],"inLanguage":"de"}]}},"_links":{"self":[{"href":"https:\/\/bike-express.ch\/de\/wp-json\/wp\/v2\/product\/424333","targetHints":{"allow":["GET"]}}],"collection":[{"href":"https:\/\/bike-express.ch\/de\/wp-json\/wp\/v2\/product"}],"about":[{"href":"https:\/\/bike-express.ch\/de\/wp-json\/wp\/v2\/types\/product"}],"wp:featuredmedia":[{"embeddable":true,"href":"https:\/\/bike-express.ch\/de\/wp-json\/wp\/v2\/media\/424334"}],"wp:attachment":[{"href":"https:\/\/bike-express.ch\/de\/wp-json\/wp\/v2\/media?parent=424333"}],"wp:term":[{"taxonomy":"product_brand","embeddable":true,"href":"https:\/\/bike-express.ch\/de\/wp-json\/wp\/v2\/product_brand?post=424333"},{"taxonomy":"product_cat","embeddable":true,"href":"https:\/\/bike-express.ch\/de\/wp-json\/wp\/v2\/product_cat?post=424333"},{"taxonomy":"product_tag","embeddable":true,"href":"https:\/\/bike-express.ch\/de\/wp-json\/wp\/v2\/product_tag?post=424333"}],"curies":[{"name":"wp","href":"https:\/\/api.w.org\/{rel}","templated":true}]}}