{"id":424606,"date":"2026-03-10T15:13:34","date_gmt":"2026-03-10T14:13:34","guid":{"rendered":"https:\/\/bike-express.ch\/?post_type=product&#038;p=424606"},"modified":"2026-03-10T15:13:34","modified_gmt":"2026-03-10T14:13:34","slug":"hook-petrol-schwarz-metallic-46-xs-empfohlene-korpergrosse-150-161cm-highlights-des-komplettrads-doppelt-konifizierter-crmo-rahmen-mit-konischem-steuerrohr-und-865-mm-breitem-t47-tretlager","status":"publish","type":"product","link":"https:\/\/bike-express.ch\/de\/produit\/hook-petrol-schwarz-metallic-46-xs-empfohlene-korpergrosse-150-161cm-highlights-des-komplettrads-doppelt-konifizierter-crmo-rahmen-mit-konischem-steuerrohr-und-865-mm-breitem-t47-tretlager\/","title":{"rendered":"Hook petrol\/schwarz metallic 46-XS empfohlene K\u00f6rpergr\u00f6sse 150-161cm\n Highlights des Komplettrads \n &#8211; Doppelt konifizierter Crmo-Rahmen mit konischem Steuerrohr und 86,5 mm breitem T47-Tretlager. \n &#8211; Die Gr\u00f6\u00dfen XS und S werden mit 27,5&#8220;-Laufr\u00e4dern geliefert, um eine korrekte Passform ohne Kompromisse bei der Geometrie zu gew\u00e4hrleisten. \n &#8211; Seido RGT Vollcarbon-Gabel mit Schutzblech- und Dreifachk\u00e4figaufnahme, FM 160 \/ 180 Bremsaufnahme und interner Nabendynamo-Zugverlegung. \n &#8211; Hydraulische Shimano GRX 400 2 x 10 Schaltgruppe. \n &#8211; KMC X10 EPT Anti-Rost-Kette. \n &#8211; Seido Tau 12 mm Steckachsnaben. \n &#8211; Direkte Taschenbefestigung am Oberrohr, dreifache Flaschenhalterbefestigung am Unterrohr und Sitzrohr f\u00fcr optimierte Flaschenposition, Flaschenhalterbefestigung unterhalb des Unterrohrs und Gep\u00e4cktr\u00e4gerbefestigung."},"content":{"rendered":"<p>Hook petrol\/schwarz metallic 46-XS empfohlene K\u00f6rpergr\u00f6sse 150-161cm<br \/>\n Highlights des Komplettrads<br \/>\n &#8211; Doppelt konifizierter Crmo-Rahmen mit konischem Steuerrohr und 86,5 mm breitem T47-Tretlager.<br \/>\n &#8211; Die Gr\u00f6\u00dfen XS und S werden mit 27,5&#8220;-Laufr\u00e4dern geliefert, um eine korrekte Passform ohne Kompromisse bei der Geometrie zu gew\u00e4hrleisten.<br \/>\n &#8211; Seido RGT Vollcarbon-Gabel mit Schutzblech- und Dreifachk\u00e4figaufnahme, FM 160 \/ 180 Bremsaufnahme und interner Nabendynamo-Zugverlegung.<br \/>\n &#8211; Hydraulische Shimano GRX 400 2 x 10 Schaltgruppe.<br \/>\n &#8211; KMC X10 EPT Anti-Rost-Kette.<br \/>\n &#8211; Seido Tau 12 mm Steckachsnaben.<br \/>\n &#8211; Direkte Taschenbefestigung am Oberrohr, dreifache Flaschenhalterbefestigung am Unterrohr und Sitzrohr f\u00fcr optimierte Flaschenposition, Flaschenhalterbefestigung unterhalb des Unterrohrs und Gep\u00e4cktr\u00e4gerbefestigung.<\/p>\n","protected":false},"excerpt":{"rendered":"<p>Hook petrol\/schwarz metallic 46-XS empfohlene K\u00f6rpergr\u00f6sse 150-161cm Highlights des Komplettrads &#8211; Doppelt konifizierter Crmo-Rahmen mit konischem Steuerrohr und 86,5 mm breitem T47-Tretlager. &#8211; Die Gr\u00f6\u00dfen XS und S werden mit 27,5&#8220;-Laufr\u00e4dern geliefert, um eine korrekte Passform ohne Kompromisse bei der Geometrie zu gew\u00e4hrleisten. &#8211; Seido RGT Vollcarbon-Gabel mit Schutzblech- und Dreifachk\u00e4figaufnahme, FM 160 \/ 180 [&#8230;]\n","protected":false},"featured_media":424607,"template":"","meta":[],"product_brand":[],"product_cat":[11831,11847,11945,116905],"product_tag":[],"class_list":{"0":"post-424606","1":"product","2":"type-product","3":"status-publish","4":"has-post-thumbnail","6":"product_cat-fahrrad-fahrrader-de","7":"product_cat-fahrrad-fahrradteile-de","8":"product_cat-fahrrad-laufr-gravel-de","9":"product_cat-gravel-allroad","11":"first","12":"instock","13":"taxable","14":"shipping-taxable","15":"purchasable","16":"product-type-simple"},"yoast_head":"<!-- This site is optimized with the Yoast SEO plugin v27.1.1 - https:\/\/yoast.com\/product\/yoast-seo-wordpress\/ -->\n<title>Hook petrol\/schwarz metallic 46-XS empfohlene K\u00f6rpergr\u00f6sse 150-161cm Highlights des Komplettrads  - Doppelt konifizierter Crmo-Rahmen mit konischem Steuerrohr und 86,5 mm breitem T47-Tretlager.  - Die Gr\u00f6\u00dfen XS und S werden mit 27,5&#039;&#039;-Laufr\u00e4dern geliefert, um eine korrekte Passform ohne Kompromisse bei der Geometrie zu gew\u00e4hrleisten.  - Seido RGT Vollcarbon-Gabel mit Schutzblech- und Dreifachk\u00e4figaufnahme, FM 160 \/ 180 Bremsaufnahme und interner Nabendynamo-Zugverlegung.  - Hydraulische Shimano GRX 400 2 x 10 Schaltgruppe.  - KMC X10 EPT Anti-Rost-Kette.  - Seido Tau 12 mm Steckachsnaben.  - Direkte Taschenbefestigung am Oberrohr, dreifache Flaschenhalterbefestigung am Unterrohr und Sitzrohr f\u00fcr optimierte Flaschenposition, Flaschenhalterbefestigung unterhalb des Unterrohrs und Gep\u00e4cktr\u00e4gerbefestigung. - Bike Express<\/title>\n<meta name=\"robots\" content=\"index,follow\" \/>\n<link rel=\"canonical\" href=\"https:\/\/bike-express.ch\/de\/produit\/hook-petrol-schwarz-metallic-46-xs-empfohlene-korpergrosse-150-161cm-highlights-des-komplettrads-doppelt-konifizierter-crmo-rahmen-mit-konischem-steuerrohr-und-865-mm-breitem-t47-tretlager\/\" \/>\n<meta property=\"og:locale\" content=\"de_DE\" \/>\n<meta property=\"og:type\" content=\"article\" \/>\n<meta property=\"og:title\" content=\"Hook petrol\/schwarz metallic 46-XS empfohlene K\u00f6rpergr\u00f6sse 150-161cm Highlights des Komplettrads  - Doppelt konifizierter Crmo-Rahmen mit konischem Steuerrohr und 86,5 mm breitem T47-Tretlager.  - Die Gr\u00f6\u00dfen XS und S werden mit 27,5&#039;&#039;-Laufr\u00e4dern geliefert, um eine korrekte Passform ohne Kompromisse bei der Geometrie zu gew\u00e4hrleisten.  - Seido RGT Vollcarbon-Gabel mit Schutzblech- und Dreifachk\u00e4figaufnahme, FM 160 \/ 180 Bremsaufnahme und interner Nabendynamo-Zugverlegung.  - Hydraulische Shimano GRX 400 2 x 10 Schaltgruppe.  - KMC X10 EPT Anti-Rost-Kette.  - Seido Tau 12 mm Steckachsnaben.  - Direkte Taschenbefestigung am Oberrohr, dreifache Flaschenhalterbefestigung am Unterrohr und Sitzrohr f\u00fcr optimierte Flaschenposition, Flaschenhalterbefestigung unterhalb des Unterrohrs und Gep\u00e4cktr\u00e4gerbefestigung. - Bike Express\" \/>\n<meta property=\"og:description\" content=\"Hook petrol\/schwarz metallic 46-XS empfohlene K\u00f6rpergr\u00f6sse 150-161cm Highlights des Komplettrads &#8211; Doppelt konifizierter Crmo-Rahmen mit konischem Steuerrohr und 86,5 mm breitem T47-Tretlager. &#8211; Die Gr\u00f6\u00dfen XS und S werden mit 27,5&#8220;-Laufr\u00e4dern geliefert, um eine korrekte Passform ohne Kompromisse bei der Geometrie zu gew\u00e4hrleisten. &#8211; Seido RGT Vollcarbon-Gabel mit Schutzblech- und Dreifachk\u00e4figaufnahme, FM 160 \/ 180 [...]\" \/>\n<meta property=\"og:url\" content=\"https:\/\/bike-express.ch\/de\/produit\/hook-petrol-schwarz-metallic-46-xs-empfohlene-korpergrosse-150-161cm-highlights-des-komplettrads-doppelt-konifizierter-crmo-rahmen-mit-konischem-steuerrohr-und-865-mm-breitem-t47-tretlager\/\" \/>\n<meta property=\"og:site_name\" content=\"Bike Express\" \/>\n<meta property=\"og:image\" content=\"https:\/\/bike-express.ch\/wp-content\/uploads\/2026\/03\/WD2600A.jpg\" \/>\n\t<meta property=\"og:image:width\" content=\"800\" \/>\n\t<meta property=\"og:image:height\" content=\"533\" \/>\n\t<meta property=\"og:image:type\" content=\"image\/jpeg\" \/>\n<meta name=\"twitter:card\" content=\"summary_large_image\" \/>\n<meta name=\"twitter:label1\" content=\"Gesch\u00e4tzte Lesezeit\" \/>\n\t<meta name=\"twitter:data1\" content=\"1\u00a0Minute\" \/>\n<script type=\"application\/ld+json\" class=\"yoast-schema-graph\">{\"@context\":\"https:\/\/schema.org\",\"@graph\":[{\"@type\":\"WebPage\",\"@id\":\"https:\/\/bike-express.ch\/de\/produit\/hook-petrol-schwarz-metallic-46-xs-empfohlene-korpergrosse-150-161cm-highlights-des-komplettrads-doppelt-konifizierter-crmo-rahmen-mit-konischem-steuerrohr-und-865-mm-breitem-t47-tretlager\/\",\"url\":\"https:\/\/bike-express.ch\/de\/produit\/hook-petrol-schwarz-metallic-46-xs-empfohlene-korpergrosse-150-161cm-highlights-des-komplettrads-doppelt-konifizierter-crmo-rahmen-mit-konischem-steuerrohr-und-865-mm-breitem-t47-tretlager\/\",\"name\":\"Hook petrol\/schwarz metallic 46-XS empfohlene K\u00f6rpergr\u00f6sse 150-161cm Highlights des Komplettrads - Doppelt konifizierter Crmo-Rahmen mit konischem Steuerrohr und 86,5 mm breitem T47-Tretlager. - Die Gr\u00f6\u00dfen XS und S werden mit 27,5''-Laufr\u00e4dern geliefert, um eine korrekte Passform ohne Kompromisse bei der Geometrie zu gew\u00e4hrleisten. - Seido RGT Vollcarbon-Gabel mit Schutzblech- und Dreifachk\u00e4figaufnahme, FM 160 \/ 180 Bremsaufnahme und interner Nabendynamo-Zugverlegung. - Hydraulische Shimano GRX 400 2 x 10 Schaltgruppe. - KMC X10 EPT Anti-Rost-Kette. - Seido Tau 12 mm Steckachsnaben. - Direkte Taschenbefestigung am Oberrohr, dreifache Flaschenhalterbefestigung am Unterrohr und Sitzrohr f\u00fcr optimierte Flaschenposition, Flaschenhalterbefestigung unterhalb des Unterrohrs und Gep\u00e4cktr\u00e4gerbefestigung. - Bike Express\",\"isPartOf\":{\"@id\":\"https:\/\/bike-express.ch\/de\/#website\"},\"primaryImageOfPage\":{\"@id\":\"https:\/\/bike-express.ch\/de\/produit\/hook-petrol-schwarz-metallic-46-xs-empfohlene-korpergrosse-150-161cm-highlights-des-komplettrads-doppelt-konifizierter-crmo-rahmen-mit-konischem-steuerrohr-und-865-mm-breitem-t47-tretlager\/#primaryimage\"},\"image\":{\"@id\":\"https:\/\/bike-express.ch\/de\/produit\/hook-petrol-schwarz-metallic-46-xs-empfohlene-korpergrosse-150-161cm-highlights-des-komplettrads-doppelt-konifizierter-crmo-rahmen-mit-konischem-steuerrohr-und-865-mm-breitem-t47-tretlager\/#primaryimage\"},\"thumbnailUrl\":\"https:\/\/bike-express.ch\/wp-content\/uploads\/2026\/03\/WD2600A.jpg\",\"datePublished\":\"2026-03-10T14:13:34+00:00\",\"breadcrumb\":{\"@id\":\"https:\/\/bike-express.ch\/de\/produit\/hook-petrol-schwarz-metallic-46-xs-empfohlene-korpergrosse-150-161cm-highlights-des-komplettrads-doppelt-konifizierter-crmo-rahmen-mit-konischem-steuerrohr-und-865-mm-breitem-t47-tretlager\/#breadcrumb\"},\"inLanguage\":\"de\",\"potentialAction\":[{\"@type\":\"ReadAction\",\"target\":[\"https:\/\/bike-express.ch\/de\/produit\/hook-petrol-schwarz-metallic-46-xs-empfohlene-korpergrosse-150-161cm-highlights-des-komplettrads-doppelt-konifizierter-crmo-rahmen-mit-konischem-steuerrohr-und-865-mm-breitem-t47-tretlager\/\"]}]},{\"@type\":\"ImageObject\",\"inLanguage\":\"de\",\"@id\":\"https:\/\/bike-express.ch\/de\/produit\/hook-petrol-schwarz-metallic-46-xs-empfohlene-korpergrosse-150-161cm-highlights-des-komplettrads-doppelt-konifizierter-crmo-rahmen-mit-konischem-steuerrohr-und-865-mm-breitem-t47-tretlager\/#primaryimage\",\"url\":\"https:\/\/bike-express.ch\/wp-content\/uploads\/2026\/03\/WD2600A.jpg\",\"contentUrl\":\"https:\/\/bike-express.ch\/wp-content\/uploads\/2026\/03\/WD2600A.jpg\",\"width\":800,\"height\":533},{\"@type\":\"BreadcrumbList\",\"@id\":\"https:\/\/bike-express.ch\/de\/produit\/hook-petrol-schwarz-metallic-46-xs-empfohlene-korpergrosse-150-161cm-highlights-des-komplettrads-doppelt-konifizierter-crmo-rahmen-mit-konischem-steuerrohr-und-865-mm-breitem-t47-tretlager\/#breadcrumb\",\"itemListElement\":[{\"@type\":\"ListItem\",\"position\":1,\"name\":\"Accueil\",\"item\":\"https:\/\/bike-express.ch\/de\/\"},{\"@type\":\"ListItem\",\"position\":2,\"name\":\"Unsere Produkte\",\"item\":\"https:\/\/bike-express.ch\/de\/unsere-produkte\/\"},{\"@type\":\"ListItem\",\"position\":3,\"name\":\"Hook petrol\/schwarz metallic 46-XS empfohlene K\u00f6rpergr\u00f6sse 150-161cm Highlights des Komplettrads &#8211; Doppelt konifizierter Crmo-Rahmen mit konischem Steuerrohr und 86,5 mm breitem T47-Tretlager. &#8211; Die Gr\u00f6\u00dfen XS und S werden mit 27,5\u00a0\u00bb-Laufr\u00e4dern geliefert, um eine korrekte Passform ohne Kompromisse bei der Geometrie zu gew\u00e4hrleisten. &#8211; Seido RGT Vollcarbon-Gabel mit Schutzblech- und Dreifachk\u00e4figaufnahme, FM 160 \/ 180 Bremsaufnahme und interner Nabendynamo-Zugverlegung. &#8211; Hydraulische Shimano GRX 400 2 x 10 Schaltgruppe. &#8211; KMC X10 EPT Anti-Rost-Kette. &#8211; Seido Tau 12 mm Steckachsnaben. &#8211; Direkte Taschenbefestigung am Oberrohr, dreifache Flaschenhalterbefestigung am Unterrohr und Sitzrohr f\u00fcr optimierte Flaschenposition, Flaschenhalterbefestigung unterhalb des Unterrohrs und Gep\u00e4cktr\u00e4gerbefestigung.\"}]},{\"@type\":\"WebSite\",\"@id\":\"https:\/\/bike-express.ch\/de\/#website\",\"url\":\"https:\/\/bike-express.ch\/de\/\",\"name\":\"Bike Express\",\"description\":\"Num\u00e9ro 1 des pi\u00e8ces de v\u00e9los en Suisse\",\"potentialAction\":[{\"@type\":\"SearchAction\",\"target\":{\"@type\":\"EntryPoint\",\"urlTemplate\":\"https:\/\/bike-express.ch\/de\/?s={search_term_string}\"},\"query-input\":{\"@type\":\"PropertyValueSpecification\",\"valueRequired\":true,\"valueName\":\"search_term_string\"}}],\"inLanguage\":\"de\"}]}<\/script>\n<!-- \/ Yoast SEO plugin. -->","yoast_head_json":{"title":"Hook petrol\/schwarz metallic 46-XS empfohlene K\u00f6rpergr\u00f6sse 150-161cm Highlights des Komplettrads  - Doppelt konifizierter Crmo-Rahmen mit konischem Steuerrohr und 86,5 mm breitem T47-Tretlager.  - Die Gr\u00f6\u00dfen XS und S werden mit 27,5''-Laufr\u00e4dern geliefert, um eine korrekte Passform ohne Kompromisse bei der Geometrie zu gew\u00e4hrleisten.  - Seido RGT Vollcarbon-Gabel mit Schutzblech- und Dreifachk\u00e4figaufnahme, FM 160 \/ 180 Bremsaufnahme und interner Nabendynamo-Zugverlegung.  - Hydraulische Shimano GRX 400 2 x 10 Schaltgruppe.  - KMC X10 EPT Anti-Rost-Kette.  - Seido Tau 12 mm Steckachsnaben.  - Direkte Taschenbefestigung am Oberrohr, dreifache Flaschenhalterbefestigung am Unterrohr und Sitzrohr f\u00fcr optimierte Flaschenposition, Flaschenhalterbefestigung unterhalb des Unterrohrs und Gep\u00e4cktr\u00e4gerbefestigung. - Bike Express","robots":{"index,follow":"index,follow"},"canonical":"https:\/\/bike-express.ch\/de\/produit\/hook-petrol-schwarz-metallic-46-xs-empfohlene-korpergrosse-150-161cm-highlights-des-komplettrads-doppelt-konifizierter-crmo-rahmen-mit-konischem-steuerrohr-und-865-mm-breitem-t47-tretlager\/","og_locale":"de_DE","og_type":"article","og_title":"Hook petrol\/schwarz metallic 46-XS empfohlene K\u00f6rpergr\u00f6sse 150-161cm Highlights des Komplettrads  - Doppelt konifizierter Crmo-Rahmen mit konischem Steuerrohr und 86,5 mm breitem T47-Tretlager.  - Die Gr\u00f6\u00dfen XS und S werden mit 27,5''-Laufr\u00e4dern geliefert, um eine korrekte Passform ohne Kompromisse bei der Geometrie zu gew\u00e4hrleisten.  - Seido RGT Vollcarbon-Gabel mit Schutzblech- und Dreifachk\u00e4figaufnahme, FM 160 \/ 180 Bremsaufnahme und interner Nabendynamo-Zugverlegung.  - Hydraulische Shimano GRX 400 2 x 10 Schaltgruppe.  - KMC X10 EPT Anti-Rost-Kette.  - Seido Tau 12 mm Steckachsnaben.  - Direkte Taschenbefestigung am Oberrohr, dreifache Flaschenhalterbefestigung am Unterrohr und Sitzrohr f\u00fcr optimierte Flaschenposition, Flaschenhalterbefestigung unterhalb des Unterrohrs und Gep\u00e4cktr\u00e4gerbefestigung. - Bike Express","og_description":"Hook petrol\/schwarz metallic 46-XS empfohlene K\u00f6rpergr\u00f6sse 150-161cm Highlights des Komplettrads &#8211; Doppelt konifizierter Crmo-Rahmen mit konischem Steuerrohr und 86,5 mm breitem T47-Tretlager. &#8211; Die Gr\u00f6\u00dfen XS und S werden mit 27,5&#8220;-Laufr\u00e4dern geliefert, um eine korrekte Passform ohne Kompromisse bei der Geometrie zu gew\u00e4hrleisten. &#8211; Seido RGT Vollcarbon-Gabel mit Schutzblech- und Dreifachk\u00e4figaufnahme, FM 160 \/ 180 [...]","og_url":"https:\/\/bike-express.ch\/de\/produit\/hook-petrol-schwarz-metallic-46-xs-empfohlene-korpergrosse-150-161cm-highlights-des-komplettrads-doppelt-konifizierter-crmo-rahmen-mit-konischem-steuerrohr-und-865-mm-breitem-t47-tretlager\/","og_site_name":"Bike Express","og_image":[{"width":800,"height":533,"url":"https:\/\/bike-express.ch\/wp-content\/uploads\/2026\/03\/WD2600A.jpg","type":"image\/jpeg"}],"twitter_card":"summary_large_image","twitter_misc":{"Gesch\u00e4tzte Lesezeit":"1\u00a0Minute"},"schema":{"@context":"https:\/\/schema.org","@graph":[{"@type":"WebPage","@id":"https:\/\/bike-express.ch\/de\/produit\/hook-petrol-schwarz-metallic-46-xs-empfohlene-korpergrosse-150-161cm-highlights-des-komplettrads-doppelt-konifizierter-crmo-rahmen-mit-konischem-steuerrohr-und-865-mm-breitem-t47-tretlager\/","url":"https:\/\/bike-express.ch\/de\/produit\/hook-petrol-schwarz-metallic-46-xs-empfohlene-korpergrosse-150-161cm-highlights-des-komplettrads-doppelt-konifizierter-crmo-rahmen-mit-konischem-steuerrohr-und-865-mm-breitem-t47-tretlager\/","name":"Hook petrol\/schwarz metallic 46-XS empfohlene K\u00f6rpergr\u00f6sse 150-161cm Highlights des Komplettrads - Doppelt konifizierter Crmo-Rahmen mit konischem Steuerrohr und 86,5 mm breitem T47-Tretlager. - Die Gr\u00f6\u00dfen XS und S werden mit 27,5''-Laufr\u00e4dern geliefert, um eine korrekte Passform ohne Kompromisse bei der Geometrie zu gew\u00e4hrleisten. - Seido RGT Vollcarbon-Gabel mit Schutzblech- und Dreifachk\u00e4figaufnahme, FM 160 \/ 180 Bremsaufnahme und interner Nabendynamo-Zugverlegung. - Hydraulische Shimano GRX 400 2 x 10 Schaltgruppe. - KMC X10 EPT Anti-Rost-Kette. - Seido Tau 12 mm Steckachsnaben. - Direkte Taschenbefestigung am Oberrohr, dreifache Flaschenhalterbefestigung am Unterrohr und Sitzrohr f\u00fcr optimierte Flaschenposition, Flaschenhalterbefestigung unterhalb des Unterrohrs und Gep\u00e4cktr\u00e4gerbefestigung. - Bike Express","isPartOf":{"@id":"https:\/\/bike-express.ch\/de\/#website"},"primaryImageOfPage":{"@id":"https:\/\/bike-express.ch\/de\/produit\/hook-petrol-schwarz-metallic-46-xs-empfohlene-korpergrosse-150-161cm-highlights-des-komplettrads-doppelt-konifizierter-crmo-rahmen-mit-konischem-steuerrohr-und-865-mm-breitem-t47-tretlager\/#primaryimage"},"image":{"@id":"https:\/\/bike-express.ch\/de\/produit\/hook-petrol-schwarz-metallic-46-xs-empfohlene-korpergrosse-150-161cm-highlights-des-komplettrads-doppelt-konifizierter-crmo-rahmen-mit-konischem-steuerrohr-und-865-mm-breitem-t47-tretlager\/#primaryimage"},"thumbnailUrl":"https:\/\/bike-express.ch\/wp-content\/uploads\/2026\/03\/WD2600A.jpg","datePublished":"2026-03-10T14:13:34+00:00","breadcrumb":{"@id":"https:\/\/bike-express.ch\/de\/produit\/hook-petrol-schwarz-metallic-46-xs-empfohlene-korpergrosse-150-161cm-highlights-des-komplettrads-doppelt-konifizierter-crmo-rahmen-mit-konischem-steuerrohr-und-865-mm-breitem-t47-tretlager\/#breadcrumb"},"inLanguage":"de","potentialAction":[{"@type":"ReadAction","target":["https:\/\/bike-express.ch\/de\/produit\/hook-petrol-schwarz-metallic-46-xs-empfohlene-korpergrosse-150-161cm-highlights-des-komplettrads-doppelt-konifizierter-crmo-rahmen-mit-konischem-steuerrohr-und-865-mm-breitem-t47-tretlager\/"]}]},{"@type":"ImageObject","inLanguage":"de","@id":"https:\/\/bike-express.ch\/de\/produit\/hook-petrol-schwarz-metallic-46-xs-empfohlene-korpergrosse-150-161cm-highlights-des-komplettrads-doppelt-konifizierter-crmo-rahmen-mit-konischem-steuerrohr-und-865-mm-breitem-t47-tretlager\/#primaryimage","url":"https:\/\/bike-express.ch\/wp-content\/uploads\/2026\/03\/WD2600A.jpg","contentUrl":"https:\/\/bike-express.ch\/wp-content\/uploads\/2026\/03\/WD2600A.jpg","width":800,"height":533},{"@type":"BreadcrumbList","@id":"https:\/\/bike-express.ch\/de\/produit\/hook-petrol-schwarz-metallic-46-xs-empfohlene-korpergrosse-150-161cm-highlights-des-komplettrads-doppelt-konifizierter-crmo-rahmen-mit-konischem-steuerrohr-und-865-mm-breitem-t47-tretlager\/#breadcrumb","itemListElement":[{"@type":"ListItem","position":1,"name":"Accueil","item":"https:\/\/bike-express.ch\/de\/"},{"@type":"ListItem","position":2,"name":"Unsere Produkte","item":"https:\/\/bike-express.ch\/de\/unsere-produkte\/"},{"@type":"ListItem","position":3,"name":"Hook petrol\/schwarz metallic 46-XS empfohlene K\u00f6rpergr\u00f6sse 150-161cm Highlights des Komplettrads &#8211; Doppelt konifizierter Crmo-Rahmen mit konischem Steuerrohr und 86,5 mm breitem T47-Tretlager. &#8211; Die Gr\u00f6\u00dfen XS und S werden mit 27,5\u00a0\u00bb-Laufr\u00e4dern geliefert, um eine korrekte Passform ohne Kompromisse bei der Geometrie zu gew\u00e4hrleisten. &#8211; Seido RGT Vollcarbon-Gabel mit Schutzblech- und Dreifachk\u00e4figaufnahme, FM 160 \/ 180 Bremsaufnahme und interner Nabendynamo-Zugverlegung. &#8211; Hydraulische Shimano GRX 400 2 x 10 Schaltgruppe. &#8211; KMC X10 EPT Anti-Rost-Kette. &#8211; Seido Tau 12 mm Steckachsnaben. &#8211; Direkte Taschenbefestigung am Oberrohr, dreifache Flaschenhalterbefestigung am Unterrohr und Sitzrohr f\u00fcr optimierte Flaschenposition, Flaschenhalterbefestigung unterhalb des Unterrohrs und Gep\u00e4cktr\u00e4gerbefestigung."}]},{"@type":"WebSite","@id":"https:\/\/bike-express.ch\/de\/#website","url":"https:\/\/bike-express.ch\/de\/","name":"Bike Express","description":"Num\u00e9ro 1 des pi\u00e8ces de v\u00e9los en Suisse","potentialAction":[{"@type":"SearchAction","target":{"@type":"EntryPoint","urlTemplate":"https:\/\/bike-express.ch\/de\/?s={search_term_string}"},"query-input":{"@type":"PropertyValueSpecification","valueRequired":true,"valueName":"search_term_string"}}],"inLanguage":"de"}]}},"_links":{"self":[{"href":"https:\/\/bike-express.ch\/de\/wp-json\/wp\/v2\/product\/424606","targetHints":{"allow":["GET"]}}],"collection":[{"href":"https:\/\/bike-express.ch\/de\/wp-json\/wp\/v2\/product"}],"about":[{"href":"https:\/\/bike-express.ch\/de\/wp-json\/wp\/v2\/types\/product"}],"wp:featuredmedia":[{"embeddable":true,"href":"https:\/\/bike-express.ch\/de\/wp-json\/wp\/v2\/media\/424607"}],"wp:attachment":[{"href":"https:\/\/bike-express.ch\/de\/wp-json\/wp\/v2\/media?parent=424606"}],"wp:term":[{"taxonomy":"product_brand","embeddable":true,"href":"https:\/\/bike-express.ch\/de\/wp-json\/wp\/v2\/product_brand?post=424606"},{"taxonomy":"product_cat","embeddable":true,"href":"https:\/\/bike-express.ch\/de\/wp-json\/wp\/v2\/product_cat?post=424606"},{"taxonomy":"product_tag","embeddable":true,"href":"https:\/\/bike-express.ch\/de\/wp-json\/wp\/v2\/product_tag?post=424606"}],"curies":[{"name":"wp","href":"https:\/\/api.w.org\/{rel}","templated":true}]}}