{"id":424636,"date":"2026-03-10T15:13:44","date_gmt":"2026-03-10T14:13:44","guid":{"rendered":"https:\/\/bike-express.ch\/?post_type=product&#038;p=424636"},"modified":"2026-03-10T15:13:44","modified_gmt":"2026-03-10T14:13:44","slug":"hook-ext-c-apex-axs-rot-swrz-met-53-m-high-lights-carbonrahmen-mit-udh-aufhangung-und-optionaler-kompletter-interner-kabelfuhrung-seido-mgv-vollcarbon-gabel-mit-lowrider-halterungen-und-int","status":"publish","type":"product","link":"https:\/\/bike-express.ch\/de\/produit\/hook-ext-c-apex-axs-rot-swrz-met-53-m-high-lights-carbonrahmen-mit-udh-aufhangung-und-optionaler-kompletter-interner-kabelfuhrung-seido-mgv-vollcarbon-gabel-mit-lowrider-halterungen-und-int\/","title":{"rendered":"Hook Ext-C Apex AXS rot\/swrz. met. 53-M \n <b>High-Lights:<\/b> \n  Carbonrahmen mit UDH-Aufh\u00e4ngung und optionaler kompletter interner Kabelf\u00fchrung.   Seido MGV Vollcarbon-Gabel mit Lowrider-Halterungen und interner Licht Kabelf\u00fchrung.   Elektronischer SRAM Apex AXS Eagle 1\u00d712-Antrieb mit hydraulischen Bremsen.   SRAM X1 Eagle AXS-Schaltwerk f\u00fcr einen breiten 1-fach Gangbereich.   700C \u00d7 40C WTB Venture Tubeless-f\u00e4hige Faltreifen.   Tubeless-f\u00e4hige Seido Geon i23-Felgen."},"content":{"rendered":"<p>Hook Ext-C Apex AXS rot\/swrz. met. 53-M<br \/>\n <b>High-Lights:<\/b><br \/>\n  Carbonrahmen mit UDH-Aufh\u00e4ngung und optionaler kompletter interner Kabelf\u00fchrung.   Seido MGV Vollcarbon-Gabel mit Lowrider-Halterungen und interner Licht Kabelf\u00fchrung.   Elektronischer SRAM Apex AXS Eagle 1\u00d712-Antrieb mit hydraulischen Bremsen.   SRAM X1 Eagle AXS-Schaltwerk f\u00fcr einen breiten 1-fach Gangbereich.   700C \u00d7 40C WTB Venture Tubeless-f\u00e4hige Faltreifen.   Tubeless-f\u00e4hige Seido Geon i23-Felgen.<\/p>\n","protected":false},"excerpt":{"rendered":"<p>Hook Ext-C Apex AXS rot\/swrz. met. 53-M High-Lights: Carbonrahmen mit UDH-Aufh\u00e4ngung und optionaler kompletter interner Kabelf\u00fchrung. Seido MGV Vollcarbon-Gabel mit Lowrider-Halterungen und interner Licht Kabelf\u00fchrung. Elektronischer SRAM Apex AXS Eagle 1\u00d712-Antrieb mit hydraulischen Bremsen. SRAM X1 Eagle AXS-Schaltwerk f\u00fcr einen breiten 1-fach Gangbereich. 700C \u00d7 40C WTB Venture Tubeless-f\u00e4hige Faltreifen. Tubeless-f\u00e4hige Seido Geon i23-Felgen.<\/p>\n","protected":false},"featured_media":424637,"template":"","meta":[],"product_brand":[],"product_cat":[11831,11847,11945,116905],"product_tag":[],"class_list":{"0":"post-424636","1":"product","2":"type-product","3":"status-publish","4":"has-post-thumbnail","6":"product_cat-fahrrad-fahrrader-de","7":"product_cat-fahrrad-fahrradteile-de","8":"product_cat-fahrrad-laufr-gravel-de","9":"product_cat-gravel-allroad","11":"first","12":"instock","13":"taxable","14":"shipping-taxable","15":"purchasable","16":"product-type-simple"},"yoast_head":"<!-- This site is optimized with the Yoast SEO plugin v27.1.1 - https:\/\/yoast.com\/product\/yoast-seo-wordpress\/ -->\n<title>Hook Ext-C Apex AXS rot\/swrz. met. 53-M  High-Lights:  Carbonrahmen mit UDH-Aufh\u00e4ngung und optionaler kompletter interner Kabelf\u00fchrung.  Seido MGV Vollcarbon-Gabel mit Lowrider-Halterungen und interner Licht Kabelf\u00fchrung.  Elektronischer SRAM Apex AXS Eagle 1\u00d712-Antrieb mit hydraulischen Bremsen.  SRAM X1 Eagle AXS-Schaltwerk f\u00fcr einen breiten 1-fach Gangbereich.  700C \u00d7 40C WTB Venture Tubeless-f\u00e4hige Faltreifen.  Tubeless-f\u00e4hige Seido Geon i23-Felgen. - Bike Express<\/title>\n<meta name=\"robots\" content=\"index,follow\" \/>\n<link rel=\"canonical\" href=\"https:\/\/bike-express.ch\/de\/produit\/hook-ext-c-apex-axs-rot-swrz-met-53-m-high-lights-carbonrahmen-mit-udh-aufhangung-und-optionaler-kompletter-interner-kabelfuhrung-seido-mgv-vollcarbon-gabel-mit-lowrider-halterungen-und-int\/\" \/>\n<meta property=\"og:locale\" content=\"de_DE\" \/>\n<meta property=\"og:type\" content=\"article\" \/>\n<meta property=\"og:title\" content=\"Hook Ext-C Apex AXS rot\/swrz. met. 53-M  High-Lights:  Carbonrahmen mit UDH-Aufh\u00e4ngung und optionaler kompletter interner Kabelf\u00fchrung.  Seido MGV Vollcarbon-Gabel mit Lowrider-Halterungen und interner Licht Kabelf\u00fchrung.  Elektronischer SRAM Apex AXS Eagle 1\u00d712-Antrieb mit hydraulischen Bremsen.  SRAM X1 Eagle AXS-Schaltwerk f\u00fcr einen breiten 1-fach Gangbereich.  700C \u00d7 40C WTB Venture Tubeless-f\u00e4hige Faltreifen.  Tubeless-f\u00e4hige Seido Geon i23-Felgen. - Bike Express\" \/>\n<meta property=\"og:description\" content=\"Hook Ext-C Apex AXS rot\/swrz. met. 53-M High-Lights: Carbonrahmen mit UDH-Aufh\u00e4ngung und optionaler kompletter interner Kabelf\u00fchrung. Seido MGV Vollcarbon-Gabel mit Lowrider-Halterungen und interner Licht Kabelf\u00fchrung. Elektronischer SRAM Apex AXS Eagle 1\u00d712-Antrieb mit hydraulischen Bremsen. SRAM X1 Eagle AXS-Schaltwerk f\u00fcr einen breiten 1-fach Gangbereich. 700C \u00d7 40C WTB Venture Tubeless-f\u00e4hige Faltreifen. Tubeless-f\u00e4hige Seido Geon i23-Felgen.\" \/>\n<meta property=\"og:url\" content=\"https:\/\/bike-express.ch\/de\/produit\/hook-ext-c-apex-axs-rot-swrz-met-53-m-high-lights-carbonrahmen-mit-udh-aufhangung-und-optionaler-kompletter-interner-kabelfuhrung-seido-mgv-vollcarbon-gabel-mit-lowrider-halterungen-und-int\/\" \/>\n<meta property=\"og:site_name\" content=\"Bike Express\" \/>\n<meta property=\"og:image\" content=\"https:\/\/bike-express.ch\/wp-content\/uploads\/2026\/03\/WD2601B.jpg\" \/>\n\t<meta property=\"og:image:width\" content=\"800\" \/>\n\t<meta property=\"og:image:height\" content=\"533\" \/>\n\t<meta property=\"og:image:type\" content=\"image\/jpeg\" \/>\n<meta name=\"twitter:card\" content=\"summary_large_image\" \/>\n<script type=\"application\/ld+json\" class=\"yoast-schema-graph\">{\"@context\":\"https:\/\/schema.org\",\"@graph\":[{\"@type\":\"WebPage\",\"@id\":\"https:\/\/bike-express.ch\/de\/produit\/hook-ext-c-apex-axs-rot-swrz-met-53-m-high-lights-carbonrahmen-mit-udh-aufhangung-und-optionaler-kompletter-interner-kabelfuhrung-seido-mgv-vollcarbon-gabel-mit-lowrider-halterungen-und-int\/\",\"url\":\"https:\/\/bike-express.ch\/de\/produit\/hook-ext-c-apex-axs-rot-swrz-met-53-m-high-lights-carbonrahmen-mit-udh-aufhangung-und-optionaler-kompletter-interner-kabelfuhrung-seido-mgv-vollcarbon-gabel-mit-lowrider-halterungen-und-int\/\",\"name\":\"Hook Ext-C Apex AXS rot\/swrz. met. 53-M High-Lights: Carbonrahmen mit UDH-Aufh\u00e4ngung und optionaler kompletter interner Kabelf\u00fchrung. Seido MGV Vollcarbon-Gabel mit Lowrider-Halterungen und interner Licht Kabelf\u00fchrung. Elektronischer SRAM Apex AXS Eagle 1\u00d712-Antrieb mit hydraulischen Bremsen. SRAM X1 Eagle AXS-Schaltwerk f\u00fcr einen breiten 1-fach Gangbereich. 700C \u00d7 40C WTB Venture Tubeless-f\u00e4hige Faltreifen. Tubeless-f\u00e4hige Seido Geon i23-Felgen. - Bike Express\",\"isPartOf\":{\"@id\":\"https:\/\/bike-express.ch\/de\/#website\"},\"primaryImageOfPage\":{\"@id\":\"https:\/\/bike-express.ch\/de\/produit\/hook-ext-c-apex-axs-rot-swrz-met-53-m-high-lights-carbonrahmen-mit-udh-aufhangung-und-optionaler-kompletter-interner-kabelfuhrung-seido-mgv-vollcarbon-gabel-mit-lowrider-halterungen-und-int\/#primaryimage\"},\"image\":{\"@id\":\"https:\/\/bike-express.ch\/de\/produit\/hook-ext-c-apex-axs-rot-swrz-met-53-m-high-lights-carbonrahmen-mit-udh-aufhangung-und-optionaler-kompletter-interner-kabelfuhrung-seido-mgv-vollcarbon-gabel-mit-lowrider-halterungen-und-int\/#primaryimage\"},\"thumbnailUrl\":\"https:\/\/bike-express.ch\/wp-content\/uploads\/2026\/03\/WD2601B.jpg\",\"datePublished\":\"2026-03-10T14:13:44+00:00\",\"breadcrumb\":{\"@id\":\"https:\/\/bike-express.ch\/de\/produit\/hook-ext-c-apex-axs-rot-swrz-met-53-m-high-lights-carbonrahmen-mit-udh-aufhangung-und-optionaler-kompletter-interner-kabelfuhrung-seido-mgv-vollcarbon-gabel-mit-lowrider-halterungen-und-int\/#breadcrumb\"},\"inLanguage\":\"de\",\"potentialAction\":[{\"@type\":\"ReadAction\",\"target\":[\"https:\/\/bike-express.ch\/de\/produit\/hook-ext-c-apex-axs-rot-swrz-met-53-m-high-lights-carbonrahmen-mit-udh-aufhangung-und-optionaler-kompletter-interner-kabelfuhrung-seido-mgv-vollcarbon-gabel-mit-lowrider-halterungen-und-int\/\"]}]},{\"@type\":\"ImageObject\",\"inLanguage\":\"de\",\"@id\":\"https:\/\/bike-express.ch\/de\/produit\/hook-ext-c-apex-axs-rot-swrz-met-53-m-high-lights-carbonrahmen-mit-udh-aufhangung-und-optionaler-kompletter-interner-kabelfuhrung-seido-mgv-vollcarbon-gabel-mit-lowrider-halterungen-und-int\/#primaryimage\",\"url\":\"https:\/\/bike-express.ch\/wp-content\/uploads\/2026\/03\/WD2601B.jpg\",\"contentUrl\":\"https:\/\/bike-express.ch\/wp-content\/uploads\/2026\/03\/WD2601B.jpg\",\"width\":800,\"height\":533},{\"@type\":\"BreadcrumbList\",\"@id\":\"https:\/\/bike-express.ch\/de\/produit\/hook-ext-c-apex-axs-rot-swrz-met-53-m-high-lights-carbonrahmen-mit-udh-aufhangung-und-optionaler-kompletter-interner-kabelfuhrung-seido-mgv-vollcarbon-gabel-mit-lowrider-halterungen-und-int\/#breadcrumb\",\"itemListElement\":[{\"@type\":\"ListItem\",\"position\":1,\"name\":\"Accueil\",\"item\":\"https:\/\/bike-express.ch\/de\/\"},{\"@type\":\"ListItem\",\"position\":2,\"name\":\"Unsere Produkte\",\"item\":\"https:\/\/bike-express.ch\/de\/unsere-produkte\/\"},{\"@type\":\"ListItem\",\"position\":3,\"name\":\"Hook Ext-C Apex AXS rot\/swrz. met. 53-M High-Lights: Carbonrahmen mit UDH-Aufh\u00e4ngung und optionaler kompletter interner Kabelf\u00fchrung. Seido MGV Vollcarbon-Gabel mit Lowrider-Halterungen und interner Licht Kabelf\u00fchrung. Elektronischer SRAM Apex AXS Eagle 1\u00d712-Antrieb mit hydraulischen Bremsen. SRAM X1 Eagle AXS-Schaltwerk f\u00fcr einen breiten 1-fach Gangbereich. 700C \u00d7 40C WTB Venture Tubeless-f\u00e4hige Faltreifen. Tubeless-f\u00e4hige Seido Geon i23-Felgen.\"}]},{\"@type\":\"WebSite\",\"@id\":\"https:\/\/bike-express.ch\/de\/#website\",\"url\":\"https:\/\/bike-express.ch\/de\/\",\"name\":\"Bike Express\",\"description\":\"Num\u00e9ro 1 des pi\u00e8ces de v\u00e9los en Suisse\",\"potentialAction\":[{\"@type\":\"SearchAction\",\"target\":{\"@type\":\"EntryPoint\",\"urlTemplate\":\"https:\/\/bike-express.ch\/de\/?s={search_term_string}\"},\"query-input\":{\"@type\":\"PropertyValueSpecification\",\"valueRequired\":true,\"valueName\":\"search_term_string\"}}],\"inLanguage\":\"de\"}]}<\/script>\n<!-- \/ Yoast SEO plugin. -->","yoast_head_json":{"title":"Hook Ext-C Apex AXS rot\/swrz. met. 53-M  High-Lights:  Carbonrahmen mit UDH-Aufh\u00e4ngung und optionaler kompletter interner Kabelf\u00fchrung.  Seido MGV Vollcarbon-Gabel mit Lowrider-Halterungen und interner Licht Kabelf\u00fchrung.  Elektronischer SRAM Apex AXS Eagle 1\u00d712-Antrieb mit hydraulischen Bremsen.  SRAM X1 Eagle AXS-Schaltwerk f\u00fcr einen breiten 1-fach Gangbereich.  700C \u00d7 40C WTB Venture Tubeless-f\u00e4hige Faltreifen.  Tubeless-f\u00e4hige Seido Geon i23-Felgen. - Bike Express","robots":{"index,follow":"index,follow"},"canonical":"https:\/\/bike-express.ch\/de\/produit\/hook-ext-c-apex-axs-rot-swrz-met-53-m-high-lights-carbonrahmen-mit-udh-aufhangung-und-optionaler-kompletter-interner-kabelfuhrung-seido-mgv-vollcarbon-gabel-mit-lowrider-halterungen-und-int\/","og_locale":"de_DE","og_type":"article","og_title":"Hook Ext-C Apex AXS rot\/swrz. met. 53-M  High-Lights:  Carbonrahmen mit UDH-Aufh\u00e4ngung und optionaler kompletter interner Kabelf\u00fchrung.  Seido MGV Vollcarbon-Gabel mit Lowrider-Halterungen und interner Licht Kabelf\u00fchrung.  Elektronischer SRAM Apex AXS Eagle 1\u00d712-Antrieb mit hydraulischen Bremsen.  SRAM X1 Eagle AXS-Schaltwerk f\u00fcr einen breiten 1-fach Gangbereich.  700C \u00d7 40C WTB Venture Tubeless-f\u00e4hige Faltreifen.  Tubeless-f\u00e4hige Seido Geon i23-Felgen. - Bike Express","og_description":"Hook Ext-C Apex AXS rot\/swrz. met. 53-M High-Lights: Carbonrahmen mit UDH-Aufh\u00e4ngung und optionaler kompletter interner Kabelf\u00fchrung. Seido MGV Vollcarbon-Gabel mit Lowrider-Halterungen und interner Licht Kabelf\u00fchrung. Elektronischer SRAM Apex AXS Eagle 1\u00d712-Antrieb mit hydraulischen Bremsen. SRAM X1 Eagle AXS-Schaltwerk f\u00fcr einen breiten 1-fach Gangbereich. 700C \u00d7 40C WTB Venture Tubeless-f\u00e4hige Faltreifen. Tubeless-f\u00e4hige Seido Geon i23-Felgen.","og_url":"https:\/\/bike-express.ch\/de\/produit\/hook-ext-c-apex-axs-rot-swrz-met-53-m-high-lights-carbonrahmen-mit-udh-aufhangung-und-optionaler-kompletter-interner-kabelfuhrung-seido-mgv-vollcarbon-gabel-mit-lowrider-halterungen-und-int\/","og_site_name":"Bike Express","og_image":[{"width":800,"height":533,"url":"https:\/\/bike-express.ch\/wp-content\/uploads\/2026\/03\/WD2601B.jpg","type":"image\/jpeg"}],"twitter_card":"summary_large_image","schema":{"@context":"https:\/\/schema.org","@graph":[{"@type":"WebPage","@id":"https:\/\/bike-express.ch\/de\/produit\/hook-ext-c-apex-axs-rot-swrz-met-53-m-high-lights-carbonrahmen-mit-udh-aufhangung-und-optionaler-kompletter-interner-kabelfuhrung-seido-mgv-vollcarbon-gabel-mit-lowrider-halterungen-und-int\/","url":"https:\/\/bike-express.ch\/de\/produit\/hook-ext-c-apex-axs-rot-swrz-met-53-m-high-lights-carbonrahmen-mit-udh-aufhangung-und-optionaler-kompletter-interner-kabelfuhrung-seido-mgv-vollcarbon-gabel-mit-lowrider-halterungen-und-int\/","name":"Hook Ext-C Apex AXS rot\/swrz. met. 53-M High-Lights: Carbonrahmen mit UDH-Aufh\u00e4ngung und optionaler kompletter interner Kabelf\u00fchrung. Seido MGV Vollcarbon-Gabel mit Lowrider-Halterungen und interner Licht Kabelf\u00fchrung. Elektronischer SRAM Apex AXS Eagle 1\u00d712-Antrieb mit hydraulischen Bremsen. SRAM X1 Eagle AXS-Schaltwerk f\u00fcr einen breiten 1-fach Gangbereich. 700C \u00d7 40C WTB Venture Tubeless-f\u00e4hige Faltreifen. Tubeless-f\u00e4hige Seido Geon i23-Felgen. - Bike Express","isPartOf":{"@id":"https:\/\/bike-express.ch\/de\/#website"},"primaryImageOfPage":{"@id":"https:\/\/bike-express.ch\/de\/produit\/hook-ext-c-apex-axs-rot-swrz-met-53-m-high-lights-carbonrahmen-mit-udh-aufhangung-und-optionaler-kompletter-interner-kabelfuhrung-seido-mgv-vollcarbon-gabel-mit-lowrider-halterungen-und-int\/#primaryimage"},"image":{"@id":"https:\/\/bike-express.ch\/de\/produit\/hook-ext-c-apex-axs-rot-swrz-met-53-m-high-lights-carbonrahmen-mit-udh-aufhangung-und-optionaler-kompletter-interner-kabelfuhrung-seido-mgv-vollcarbon-gabel-mit-lowrider-halterungen-und-int\/#primaryimage"},"thumbnailUrl":"https:\/\/bike-express.ch\/wp-content\/uploads\/2026\/03\/WD2601B.jpg","datePublished":"2026-03-10T14:13:44+00:00","breadcrumb":{"@id":"https:\/\/bike-express.ch\/de\/produit\/hook-ext-c-apex-axs-rot-swrz-met-53-m-high-lights-carbonrahmen-mit-udh-aufhangung-und-optionaler-kompletter-interner-kabelfuhrung-seido-mgv-vollcarbon-gabel-mit-lowrider-halterungen-und-int\/#breadcrumb"},"inLanguage":"de","potentialAction":[{"@type":"ReadAction","target":["https:\/\/bike-express.ch\/de\/produit\/hook-ext-c-apex-axs-rot-swrz-met-53-m-high-lights-carbonrahmen-mit-udh-aufhangung-und-optionaler-kompletter-interner-kabelfuhrung-seido-mgv-vollcarbon-gabel-mit-lowrider-halterungen-und-int\/"]}]},{"@type":"ImageObject","inLanguage":"de","@id":"https:\/\/bike-express.ch\/de\/produit\/hook-ext-c-apex-axs-rot-swrz-met-53-m-high-lights-carbonrahmen-mit-udh-aufhangung-und-optionaler-kompletter-interner-kabelfuhrung-seido-mgv-vollcarbon-gabel-mit-lowrider-halterungen-und-int\/#primaryimage","url":"https:\/\/bike-express.ch\/wp-content\/uploads\/2026\/03\/WD2601B.jpg","contentUrl":"https:\/\/bike-express.ch\/wp-content\/uploads\/2026\/03\/WD2601B.jpg","width":800,"height":533},{"@type":"BreadcrumbList","@id":"https:\/\/bike-express.ch\/de\/produit\/hook-ext-c-apex-axs-rot-swrz-met-53-m-high-lights-carbonrahmen-mit-udh-aufhangung-und-optionaler-kompletter-interner-kabelfuhrung-seido-mgv-vollcarbon-gabel-mit-lowrider-halterungen-und-int\/#breadcrumb","itemListElement":[{"@type":"ListItem","position":1,"name":"Accueil","item":"https:\/\/bike-express.ch\/de\/"},{"@type":"ListItem","position":2,"name":"Unsere Produkte","item":"https:\/\/bike-express.ch\/de\/unsere-produkte\/"},{"@type":"ListItem","position":3,"name":"Hook Ext-C Apex AXS rot\/swrz. met. 53-M High-Lights: Carbonrahmen mit UDH-Aufh\u00e4ngung und optionaler kompletter interner Kabelf\u00fchrung. Seido MGV Vollcarbon-Gabel mit Lowrider-Halterungen und interner Licht Kabelf\u00fchrung. Elektronischer SRAM Apex AXS Eagle 1\u00d712-Antrieb mit hydraulischen Bremsen. SRAM X1 Eagle AXS-Schaltwerk f\u00fcr einen breiten 1-fach Gangbereich. 700C \u00d7 40C WTB Venture Tubeless-f\u00e4hige Faltreifen. Tubeless-f\u00e4hige Seido Geon i23-Felgen."}]},{"@type":"WebSite","@id":"https:\/\/bike-express.ch\/de\/#website","url":"https:\/\/bike-express.ch\/de\/","name":"Bike Express","description":"Num\u00e9ro 1 des pi\u00e8ces de v\u00e9los en Suisse","potentialAction":[{"@type":"SearchAction","target":{"@type":"EntryPoint","urlTemplate":"https:\/\/bike-express.ch\/de\/?s={search_term_string}"},"query-input":{"@type":"PropertyValueSpecification","valueRequired":true,"valueName":"search_term_string"}}],"inLanguage":"de"}]}},"_links":{"self":[{"href":"https:\/\/bike-express.ch\/de\/wp-json\/wp\/v2\/product\/424636","targetHints":{"allow":["GET"]}}],"collection":[{"href":"https:\/\/bike-express.ch\/de\/wp-json\/wp\/v2\/product"}],"about":[{"href":"https:\/\/bike-express.ch\/de\/wp-json\/wp\/v2\/types\/product"}],"wp:featuredmedia":[{"embeddable":true,"href":"https:\/\/bike-express.ch\/de\/wp-json\/wp\/v2\/media\/424637"}],"wp:attachment":[{"href":"https:\/\/bike-express.ch\/de\/wp-json\/wp\/v2\/media?parent=424636"}],"wp:term":[{"taxonomy":"product_brand","embeddable":true,"href":"https:\/\/bike-express.ch\/de\/wp-json\/wp\/v2\/product_brand?post=424636"},{"taxonomy":"product_cat","embeddable":true,"href":"https:\/\/bike-express.ch\/de\/wp-json\/wp\/v2\/product_cat?post=424636"},{"taxonomy":"product_tag","embeddable":true,"href":"https:\/\/bike-express.ch\/de\/wp-json\/wp\/v2\/product_tag?post=424636"}],"curies":[{"name":"wp","href":"https:\/\/api.w.org\/{rel}","templated":true}]}}