{"id":424651,"date":"2026-03-10T15:13:50","date_gmt":"2026-03-10T14:13:50","guid":{"rendered":"https:\/\/bike-express.ch\/?post_type=product&#038;p=424651"},"modified":"2026-03-10T15:13:50","modified_gmt":"2026-03-10T14:13:50","slug":"rahmen-hook-ext-c-rot-schwarz-glanz-53-m-empfohlene-korpergrosse-171-181cm-carbon-rahmen-mit-udh-schaltauge-tretlagerschale-85-5mm-x-t47-gewinde-komplett-interne-kabelfuhrung-moglich-seido-m","status":"publish","type":"product","link":"https:\/\/bike-express.ch\/de\/produit\/rahmen-hook-ext-c-rot-schwarz-glanz-53-m-empfohlene-korpergrosse-171-181cm-carbon-rahmen-mit-udh-schaltauge-tretlagerschale-85-5mm-x-t47-gewinde-komplett-interne-kabelfuhrung-moglich-seido-m\/","title":{"rendered":"Rahmen Hook Ext-C rot\/schwarz glanz 53-M empfohlene K\u00f6rpergr\u00f6sse 171-181cm\n &#8211; Carbon-Rahmen mit UDH Schaltauge, Tretlagerschale 85.5mm x T47 Gewinde, komplett interne Kabelf\u00fchrung m\u00f6glich. \n &#8211; SEIDO MGV Carbon Gabel mit konischer Form, interne Kabelf\u00fchrung und Dreifachk\u00e4figaufnahmen. \n &#8211; Direkte Taschenbefestigung am Oberrohr, dreifach Flaschenhalterbefestigung am Unterrohr und am Sitzrohr f\u00fcr eine optimale Flaschenposition, Flaschenhalterbefestigung unterhalb des Unterrohrs und Gep\u00e4cktr\u00e4gerbefestigung."},"content":{"rendered":"<p>Rahmen Hook Ext-C rot\/schwarz glanz 53-M empfohlene K\u00f6rpergr\u00f6sse 171-181cm<br \/>\n &#8211; Carbon-Rahmen mit UDH Schaltauge, Tretlagerschale 85.5mm x T47 Gewinde, komplett interne Kabelf\u00fchrung m\u00f6glich.<br \/>\n &#8211; SEIDO MGV Carbon Gabel mit konischer Form, interne Kabelf\u00fchrung und Dreifachk\u00e4figaufnahmen.<br \/>\n &#8211; Direkte Taschenbefestigung am Oberrohr, dreifach Flaschenhalterbefestigung am Unterrohr und am Sitzrohr f\u00fcr eine optimale Flaschenposition, Flaschenhalterbefestigung unterhalb des Unterrohrs und Gep\u00e4cktr\u00e4gerbefestigung.<\/p>\n","protected":false},"excerpt":{"rendered":"<p>Rahmen Hook Ext-C rot\/schwarz glanz 53-M empfohlene K\u00f6rpergr\u00f6sse 171-181cm &#8211; Carbon-Rahmen mit UDH Schaltauge, Tretlagerschale 85.5mm x T47 Gewinde, komplett interne Kabelf\u00fchrung m\u00f6glich. &#8211; SEIDO MGV Carbon Gabel mit konischer Form, interne Kabelf\u00fchrung und Dreifachk\u00e4figaufnahmen. &#8211; Direkte Taschenbefestigung am Oberrohr, dreifach Flaschenhalterbefestigung am Unterrohr und am Sitzrohr f\u00fcr eine optimale Flaschenposition, Flaschenhalterbefestigung unterhalb des Unterrohrs [&#8230;]\n","protected":false},"featured_media":424652,"template":"","meta":[],"product_brand":[],"product_cat":[11847,116910],"product_tag":[],"class_list":{"0":"post-424651","1":"product","2":"type-product","3":"status-publish","4":"has-post-thumbnail","6":"product_cat-fahrrad-fahrradteile-de","7":"product_cat-kit-cadre","9":"first","10":"instock","11":"taxable","12":"shipping-taxable","13":"purchasable","14":"product-type-simple"},"yoast_head":"<!-- This site is optimized with the Yoast SEO plugin v27.1.1 - https:\/\/yoast.com\/product\/yoast-seo-wordpress\/ -->\n<title>Rahmen Hook Ext-C rot\/schwarz glanz 53-M empfohlene K\u00f6rpergr\u00f6sse 171-181cm - Carbon-Rahmen mit UDH Schaltauge, Tretlagerschale 85.5mm x T47 Gewinde, komplett interne Kabelf\u00fchrung m\u00f6glich.  - SEIDO MGV Carbon Gabel mit konischer Form, interne Kabelf\u00fchrung und Dreifachk\u00e4figaufnahmen.  - Direkte Taschenbefestigung am Oberrohr, dreifach Flaschenhalterbefestigung am Unterrohr und am Sitzrohr f\u00fcr eine optimale Flaschenposition, Flaschenhalterbefestigung unterhalb des Unterrohrs und Gep\u00e4cktr\u00e4gerbefestigung. - Bike Express<\/title>\n<meta name=\"robots\" content=\"index,follow\" \/>\n<link rel=\"canonical\" href=\"https:\/\/bike-express.ch\/de\/produit\/rahmen-hook-ext-c-rot-schwarz-glanz-53-m-empfohlene-korpergrosse-171-181cm-carbon-rahmen-mit-udh-schaltauge-tretlagerschale-85-5mm-x-t47-gewinde-komplett-interne-kabelfuhrung-moglich-seido-m\/\" \/>\n<meta property=\"og:locale\" content=\"de_DE\" \/>\n<meta property=\"og:type\" content=\"article\" \/>\n<meta property=\"og:title\" content=\"Rahmen Hook Ext-C rot\/schwarz glanz 53-M empfohlene K\u00f6rpergr\u00f6sse 171-181cm - Carbon-Rahmen mit UDH Schaltauge, Tretlagerschale 85.5mm x T47 Gewinde, komplett interne Kabelf\u00fchrung m\u00f6glich.  - SEIDO MGV Carbon Gabel mit konischer Form, interne Kabelf\u00fchrung und Dreifachk\u00e4figaufnahmen.  - Direkte Taschenbefestigung am Oberrohr, dreifach Flaschenhalterbefestigung am Unterrohr und am Sitzrohr f\u00fcr eine optimale Flaschenposition, Flaschenhalterbefestigung unterhalb des Unterrohrs und Gep\u00e4cktr\u00e4gerbefestigung. - Bike Express\" \/>\n<meta property=\"og:description\" content=\"Rahmen Hook Ext-C rot\/schwarz glanz 53-M empfohlene K\u00f6rpergr\u00f6sse 171-181cm &#8211; Carbon-Rahmen mit UDH Schaltauge, Tretlagerschale 85.5mm x T47 Gewinde, komplett interne Kabelf\u00fchrung m\u00f6glich. &#8211; SEIDO MGV Carbon Gabel mit konischer Form, interne Kabelf\u00fchrung und Dreifachk\u00e4figaufnahmen. &#8211; Direkte Taschenbefestigung am Oberrohr, dreifach Flaschenhalterbefestigung am Unterrohr und am Sitzrohr f\u00fcr eine optimale Flaschenposition, Flaschenhalterbefestigung unterhalb des Unterrohrs [...]\" \/>\n<meta property=\"og:url\" content=\"https:\/\/bike-express.ch\/de\/produit\/rahmen-hook-ext-c-rot-schwarz-glanz-53-m-empfohlene-korpergrosse-171-181cm-carbon-rahmen-mit-udh-schaltauge-tretlagerschale-85-5mm-x-t47-gewinde-komplett-interne-kabelfuhrung-moglich-seido-m\/\" \/>\n<meta property=\"og:site_name\" content=\"Bike Express\" \/>\n<meta property=\"og:image\" content=\"https:\/\/bike-express.ch\/wp-content\/uploads\/2026\/03\/WD2610B.jpg\" \/>\n\t<meta property=\"og:image:width\" content=\"800\" \/>\n\t<meta property=\"og:image:height\" content=\"533\" \/>\n\t<meta property=\"og:image:type\" content=\"image\/jpeg\" \/>\n<meta name=\"twitter:card\" content=\"summary_large_image\" \/>\n<script type=\"application\/ld+json\" class=\"yoast-schema-graph\">{\"@context\":\"https:\/\/schema.org\",\"@graph\":[{\"@type\":\"WebPage\",\"@id\":\"https:\/\/bike-express.ch\/de\/produit\/rahmen-hook-ext-c-rot-schwarz-glanz-53-m-empfohlene-korpergrosse-171-181cm-carbon-rahmen-mit-udh-schaltauge-tretlagerschale-85-5mm-x-t47-gewinde-komplett-interne-kabelfuhrung-moglich-seido-m\/\",\"url\":\"https:\/\/bike-express.ch\/de\/produit\/rahmen-hook-ext-c-rot-schwarz-glanz-53-m-empfohlene-korpergrosse-171-181cm-carbon-rahmen-mit-udh-schaltauge-tretlagerschale-85-5mm-x-t47-gewinde-komplett-interne-kabelfuhrung-moglich-seido-m\/\",\"name\":\"Rahmen Hook Ext-C rot\/schwarz glanz 53-M empfohlene K\u00f6rpergr\u00f6sse 171-181cm - Carbon-Rahmen mit UDH Schaltauge, Tretlagerschale 85.5mm x T47 Gewinde, komplett interne Kabelf\u00fchrung m\u00f6glich. - SEIDO MGV Carbon Gabel mit konischer Form, interne Kabelf\u00fchrung und Dreifachk\u00e4figaufnahmen. - Direkte Taschenbefestigung am Oberrohr, dreifach Flaschenhalterbefestigung am Unterrohr und am Sitzrohr f\u00fcr eine optimale Flaschenposition, Flaschenhalterbefestigung unterhalb des Unterrohrs und Gep\u00e4cktr\u00e4gerbefestigung. - Bike Express\",\"isPartOf\":{\"@id\":\"https:\/\/bike-express.ch\/de\/#website\"},\"primaryImageOfPage\":{\"@id\":\"https:\/\/bike-express.ch\/de\/produit\/rahmen-hook-ext-c-rot-schwarz-glanz-53-m-empfohlene-korpergrosse-171-181cm-carbon-rahmen-mit-udh-schaltauge-tretlagerschale-85-5mm-x-t47-gewinde-komplett-interne-kabelfuhrung-moglich-seido-m\/#primaryimage\"},\"image\":{\"@id\":\"https:\/\/bike-express.ch\/de\/produit\/rahmen-hook-ext-c-rot-schwarz-glanz-53-m-empfohlene-korpergrosse-171-181cm-carbon-rahmen-mit-udh-schaltauge-tretlagerschale-85-5mm-x-t47-gewinde-komplett-interne-kabelfuhrung-moglich-seido-m\/#primaryimage\"},\"thumbnailUrl\":\"https:\/\/bike-express.ch\/wp-content\/uploads\/2026\/03\/WD2610B.jpg\",\"datePublished\":\"2026-03-10T14:13:50+00:00\",\"breadcrumb\":{\"@id\":\"https:\/\/bike-express.ch\/de\/produit\/rahmen-hook-ext-c-rot-schwarz-glanz-53-m-empfohlene-korpergrosse-171-181cm-carbon-rahmen-mit-udh-schaltauge-tretlagerschale-85-5mm-x-t47-gewinde-komplett-interne-kabelfuhrung-moglich-seido-m\/#breadcrumb\"},\"inLanguage\":\"de\",\"potentialAction\":[{\"@type\":\"ReadAction\",\"target\":[\"https:\/\/bike-express.ch\/de\/produit\/rahmen-hook-ext-c-rot-schwarz-glanz-53-m-empfohlene-korpergrosse-171-181cm-carbon-rahmen-mit-udh-schaltauge-tretlagerschale-85-5mm-x-t47-gewinde-komplett-interne-kabelfuhrung-moglich-seido-m\/\"]}]},{\"@type\":\"ImageObject\",\"inLanguage\":\"de\",\"@id\":\"https:\/\/bike-express.ch\/de\/produit\/rahmen-hook-ext-c-rot-schwarz-glanz-53-m-empfohlene-korpergrosse-171-181cm-carbon-rahmen-mit-udh-schaltauge-tretlagerschale-85-5mm-x-t47-gewinde-komplett-interne-kabelfuhrung-moglich-seido-m\/#primaryimage\",\"url\":\"https:\/\/bike-express.ch\/wp-content\/uploads\/2026\/03\/WD2610B.jpg\",\"contentUrl\":\"https:\/\/bike-express.ch\/wp-content\/uploads\/2026\/03\/WD2610B.jpg\",\"width\":800,\"height\":533},{\"@type\":\"BreadcrumbList\",\"@id\":\"https:\/\/bike-express.ch\/de\/produit\/rahmen-hook-ext-c-rot-schwarz-glanz-53-m-empfohlene-korpergrosse-171-181cm-carbon-rahmen-mit-udh-schaltauge-tretlagerschale-85-5mm-x-t47-gewinde-komplett-interne-kabelfuhrung-moglich-seido-m\/#breadcrumb\",\"itemListElement\":[{\"@type\":\"ListItem\",\"position\":1,\"name\":\"Accueil\",\"item\":\"https:\/\/bike-express.ch\/de\/\"},{\"@type\":\"ListItem\",\"position\":2,\"name\":\"Unsere Produkte\",\"item\":\"https:\/\/bike-express.ch\/de\/unsere-produkte\/\"},{\"@type\":\"ListItem\",\"position\":3,\"name\":\"Rahmen Hook Ext-C rot\/schwarz glanz 53-M empfohlene K\u00f6rpergr\u00f6sse 171-181cm &#8211; Carbon-Rahmen mit UDH Schaltauge, Tretlagerschale 85.5mm x T47 Gewinde, komplett interne Kabelf\u00fchrung m\u00f6glich. &#8211; SEIDO MGV Carbon Gabel mit konischer Form, interne Kabelf\u00fchrung und Dreifachk\u00e4figaufnahmen. &#8211; Direkte Taschenbefestigung am Oberrohr, dreifach Flaschenhalterbefestigung am Unterrohr und am Sitzrohr f\u00fcr eine optimale Flaschenposition, Flaschenhalterbefestigung unterhalb des Unterrohrs und Gep\u00e4cktr\u00e4gerbefestigung.\"}]},{\"@type\":\"WebSite\",\"@id\":\"https:\/\/bike-express.ch\/de\/#website\",\"url\":\"https:\/\/bike-express.ch\/de\/\",\"name\":\"Bike Express\",\"description\":\"Num\u00e9ro 1 des pi\u00e8ces de v\u00e9los en Suisse\",\"potentialAction\":[{\"@type\":\"SearchAction\",\"target\":{\"@type\":\"EntryPoint\",\"urlTemplate\":\"https:\/\/bike-express.ch\/de\/?s={search_term_string}\"},\"query-input\":{\"@type\":\"PropertyValueSpecification\",\"valueRequired\":true,\"valueName\":\"search_term_string\"}}],\"inLanguage\":\"de\"}]}<\/script>\n<!-- \/ Yoast SEO plugin. -->","yoast_head_json":{"title":"Rahmen Hook Ext-C rot\/schwarz glanz 53-M empfohlene K\u00f6rpergr\u00f6sse 171-181cm - Carbon-Rahmen mit UDH Schaltauge, Tretlagerschale 85.5mm x T47 Gewinde, komplett interne Kabelf\u00fchrung m\u00f6glich.  - SEIDO MGV Carbon Gabel mit konischer Form, interne Kabelf\u00fchrung und Dreifachk\u00e4figaufnahmen.  - Direkte Taschenbefestigung am Oberrohr, dreifach Flaschenhalterbefestigung am Unterrohr und am Sitzrohr f\u00fcr eine optimale Flaschenposition, Flaschenhalterbefestigung unterhalb des Unterrohrs und Gep\u00e4cktr\u00e4gerbefestigung. - Bike Express","robots":{"index,follow":"index,follow"},"canonical":"https:\/\/bike-express.ch\/de\/produit\/rahmen-hook-ext-c-rot-schwarz-glanz-53-m-empfohlene-korpergrosse-171-181cm-carbon-rahmen-mit-udh-schaltauge-tretlagerschale-85-5mm-x-t47-gewinde-komplett-interne-kabelfuhrung-moglich-seido-m\/","og_locale":"de_DE","og_type":"article","og_title":"Rahmen Hook Ext-C rot\/schwarz glanz 53-M empfohlene K\u00f6rpergr\u00f6sse 171-181cm - Carbon-Rahmen mit UDH Schaltauge, Tretlagerschale 85.5mm x T47 Gewinde, komplett interne Kabelf\u00fchrung m\u00f6glich.  - SEIDO MGV Carbon Gabel mit konischer Form, interne Kabelf\u00fchrung und Dreifachk\u00e4figaufnahmen.  - Direkte Taschenbefestigung am Oberrohr, dreifach Flaschenhalterbefestigung am Unterrohr und am Sitzrohr f\u00fcr eine optimale Flaschenposition, Flaschenhalterbefestigung unterhalb des Unterrohrs und Gep\u00e4cktr\u00e4gerbefestigung. - Bike Express","og_description":"Rahmen Hook Ext-C rot\/schwarz glanz 53-M empfohlene K\u00f6rpergr\u00f6sse 171-181cm &#8211; Carbon-Rahmen mit UDH Schaltauge, Tretlagerschale 85.5mm x T47 Gewinde, komplett interne Kabelf\u00fchrung m\u00f6glich. &#8211; SEIDO MGV Carbon Gabel mit konischer Form, interne Kabelf\u00fchrung und Dreifachk\u00e4figaufnahmen. &#8211; Direkte Taschenbefestigung am Oberrohr, dreifach Flaschenhalterbefestigung am Unterrohr und am Sitzrohr f\u00fcr eine optimale Flaschenposition, Flaschenhalterbefestigung unterhalb des Unterrohrs [...]","og_url":"https:\/\/bike-express.ch\/de\/produit\/rahmen-hook-ext-c-rot-schwarz-glanz-53-m-empfohlene-korpergrosse-171-181cm-carbon-rahmen-mit-udh-schaltauge-tretlagerschale-85-5mm-x-t47-gewinde-komplett-interne-kabelfuhrung-moglich-seido-m\/","og_site_name":"Bike Express","og_image":[{"width":800,"height":533,"url":"https:\/\/bike-express.ch\/wp-content\/uploads\/2026\/03\/WD2610B.jpg","type":"image\/jpeg"}],"twitter_card":"summary_large_image","schema":{"@context":"https:\/\/schema.org","@graph":[{"@type":"WebPage","@id":"https:\/\/bike-express.ch\/de\/produit\/rahmen-hook-ext-c-rot-schwarz-glanz-53-m-empfohlene-korpergrosse-171-181cm-carbon-rahmen-mit-udh-schaltauge-tretlagerschale-85-5mm-x-t47-gewinde-komplett-interne-kabelfuhrung-moglich-seido-m\/","url":"https:\/\/bike-express.ch\/de\/produit\/rahmen-hook-ext-c-rot-schwarz-glanz-53-m-empfohlene-korpergrosse-171-181cm-carbon-rahmen-mit-udh-schaltauge-tretlagerschale-85-5mm-x-t47-gewinde-komplett-interne-kabelfuhrung-moglich-seido-m\/","name":"Rahmen Hook Ext-C rot\/schwarz glanz 53-M empfohlene K\u00f6rpergr\u00f6sse 171-181cm - Carbon-Rahmen mit UDH Schaltauge, Tretlagerschale 85.5mm x T47 Gewinde, komplett interne Kabelf\u00fchrung m\u00f6glich. - SEIDO MGV Carbon Gabel mit konischer Form, interne Kabelf\u00fchrung und Dreifachk\u00e4figaufnahmen. - Direkte Taschenbefestigung am Oberrohr, dreifach Flaschenhalterbefestigung am Unterrohr und am Sitzrohr f\u00fcr eine optimale Flaschenposition, Flaschenhalterbefestigung unterhalb des Unterrohrs und Gep\u00e4cktr\u00e4gerbefestigung. - Bike Express","isPartOf":{"@id":"https:\/\/bike-express.ch\/de\/#website"},"primaryImageOfPage":{"@id":"https:\/\/bike-express.ch\/de\/produit\/rahmen-hook-ext-c-rot-schwarz-glanz-53-m-empfohlene-korpergrosse-171-181cm-carbon-rahmen-mit-udh-schaltauge-tretlagerschale-85-5mm-x-t47-gewinde-komplett-interne-kabelfuhrung-moglich-seido-m\/#primaryimage"},"image":{"@id":"https:\/\/bike-express.ch\/de\/produit\/rahmen-hook-ext-c-rot-schwarz-glanz-53-m-empfohlene-korpergrosse-171-181cm-carbon-rahmen-mit-udh-schaltauge-tretlagerschale-85-5mm-x-t47-gewinde-komplett-interne-kabelfuhrung-moglich-seido-m\/#primaryimage"},"thumbnailUrl":"https:\/\/bike-express.ch\/wp-content\/uploads\/2026\/03\/WD2610B.jpg","datePublished":"2026-03-10T14:13:50+00:00","breadcrumb":{"@id":"https:\/\/bike-express.ch\/de\/produit\/rahmen-hook-ext-c-rot-schwarz-glanz-53-m-empfohlene-korpergrosse-171-181cm-carbon-rahmen-mit-udh-schaltauge-tretlagerschale-85-5mm-x-t47-gewinde-komplett-interne-kabelfuhrung-moglich-seido-m\/#breadcrumb"},"inLanguage":"de","potentialAction":[{"@type":"ReadAction","target":["https:\/\/bike-express.ch\/de\/produit\/rahmen-hook-ext-c-rot-schwarz-glanz-53-m-empfohlene-korpergrosse-171-181cm-carbon-rahmen-mit-udh-schaltauge-tretlagerschale-85-5mm-x-t47-gewinde-komplett-interne-kabelfuhrung-moglich-seido-m\/"]}]},{"@type":"ImageObject","inLanguage":"de","@id":"https:\/\/bike-express.ch\/de\/produit\/rahmen-hook-ext-c-rot-schwarz-glanz-53-m-empfohlene-korpergrosse-171-181cm-carbon-rahmen-mit-udh-schaltauge-tretlagerschale-85-5mm-x-t47-gewinde-komplett-interne-kabelfuhrung-moglich-seido-m\/#primaryimage","url":"https:\/\/bike-express.ch\/wp-content\/uploads\/2026\/03\/WD2610B.jpg","contentUrl":"https:\/\/bike-express.ch\/wp-content\/uploads\/2026\/03\/WD2610B.jpg","width":800,"height":533},{"@type":"BreadcrumbList","@id":"https:\/\/bike-express.ch\/de\/produit\/rahmen-hook-ext-c-rot-schwarz-glanz-53-m-empfohlene-korpergrosse-171-181cm-carbon-rahmen-mit-udh-schaltauge-tretlagerschale-85-5mm-x-t47-gewinde-komplett-interne-kabelfuhrung-moglich-seido-m\/#breadcrumb","itemListElement":[{"@type":"ListItem","position":1,"name":"Accueil","item":"https:\/\/bike-express.ch\/de\/"},{"@type":"ListItem","position":2,"name":"Unsere Produkte","item":"https:\/\/bike-express.ch\/de\/unsere-produkte\/"},{"@type":"ListItem","position":3,"name":"Rahmen Hook Ext-C rot\/schwarz glanz 53-M empfohlene K\u00f6rpergr\u00f6sse 171-181cm &#8211; Carbon-Rahmen mit UDH Schaltauge, Tretlagerschale 85.5mm x T47 Gewinde, komplett interne Kabelf\u00fchrung m\u00f6glich. &#8211; SEIDO MGV Carbon Gabel mit konischer Form, interne Kabelf\u00fchrung und Dreifachk\u00e4figaufnahmen. &#8211; Direkte Taschenbefestigung am Oberrohr, dreifach Flaschenhalterbefestigung am Unterrohr und am Sitzrohr f\u00fcr eine optimale Flaschenposition, Flaschenhalterbefestigung unterhalb des Unterrohrs und Gep\u00e4cktr\u00e4gerbefestigung."}]},{"@type":"WebSite","@id":"https:\/\/bike-express.ch\/de\/#website","url":"https:\/\/bike-express.ch\/de\/","name":"Bike Express","description":"Num\u00e9ro 1 des pi\u00e8ces de v\u00e9los en Suisse","potentialAction":[{"@type":"SearchAction","target":{"@type":"EntryPoint","urlTemplate":"https:\/\/bike-express.ch\/de\/?s={search_term_string}"},"query-input":{"@type":"PropertyValueSpecification","valueRequired":true,"valueName":"search_term_string"}}],"inLanguage":"de"}]}},"_links":{"self":[{"href":"https:\/\/bike-express.ch\/de\/wp-json\/wp\/v2\/product\/424651","targetHints":{"allow":["GET"]}}],"collection":[{"href":"https:\/\/bike-express.ch\/de\/wp-json\/wp\/v2\/product"}],"about":[{"href":"https:\/\/bike-express.ch\/de\/wp-json\/wp\/v2\/types\/product"}],"wp:featuredmedia":[{"embeddable":true,"href":"https:\/\/bike-express.ch\/de\/wp-json\/wp\/v2\/media\/424652"}],"wp:attachment":[{"href":"https:\/\/bike-express.ch\/de\/wp-json\/wp\/v2\/media?parent=424651"}],"wp:term":[{"taxonomy":"product_brand","embeddable":true,"href":"https:\/\/bike-express.ch\/de\/wp-json\/wp\/v2\/product_brand?post=424651"},{"taxonomy":"product_cat","embeddable":true,"href":"https:\/\/bike-express.ch\/de\/wp-json\/wp\/v2\/product_cat?post=424651"},{"taxonomy":"product_tag","embeddable":true,"href":"https:\/\/bike-express.ch\/de\/wp-json\/wp\/v2\/product_tag?post=424651"}],"curies":[{"name":"wp","href":"https:\/\/api.w.org\/{rel}","templated":true}]}}