{"id":424738,"date":"2026-03-10T15:14:47","date_gmt":"2026-03-10T14:14:47","guid":{"rendered":"https:\/\/bike-express.ch\/?post_type=product&#038;p=424738"},"modified":"2026-03-10T15:14:47","modified_gmt":"2026-03-10T14:14:47","slug":"exf-8069-b-suv-29x15-5s-gloss-petrol","status":"publish","type":"product","link":"https:\/\/bike-express.ch\/de\/produit\/exf-8069-b-suv-29x15-5s-gloss-petrol\/","title":{"rendered":"eXF 8069 B SUV 29&#215;15.5&#8242;(S) gloss petrol\/"},"content":{"rendered":"<p>eXF 8069 B SUV 29&#215;15.5&#8242;(S) gloss petrol\/<\/p>\n","protected":false},"excerpt":{"rendered":"<p>eXF 8069 B SUV 29&#215;15.5&#8242;(S) gloss petrol\/<\/p>\n","protected":false},"featured_media":424739,"template":"","meta":[],"product_brand":[],"product_cat":[11831,11847,116886],"product_tag":[],"class_list":{"0":"post-424738","1":"product","2":"type-product","3":"status-publish","4":"has-post-thumbnail","6":"product_cat-fahrrad-fahrrader-de","7":"product_cat-fahrrad-fahrradteile-de","8":"product_cat-liquidation","10":"first","11":"instock","12":"taxable","13":"shipping-taxable","14":"purchasable","15":"product-type-simple"},"yoast_head":"<!-- This site is optimized with the Yoast SEO plugin v27.1.1 - https:\/\/yoast.com\/product\/yoast-seo-wordpress\/ -->\n<title>eXF 8069 B SUV 29x15.5&#039;(S) gloss petrol\/ - Bike Express<\/title>\n<meta name=\"robots\" content=\"index,follow\" \/>\n<link rel=\"canonical\" href=\"https:\/\/bike-express.ch\/de\/produit\/exf-8069-b-suv-29x15-5s-gloss-petrol\/\" \/>\n<meta property=\"og:locale\" content=\"de_DE\" \/>\n<meta property=\"og:type\" content=\"article\" \/>\n<meta property=\"og:title\" content=\"eXF 8069 B SUV 29x15.5&#039;(S) gloss petrol\/ - Bike Express\" \/>\n<meta property=\"og:description\" content=\"eXF 8069 B SUV 29&#215;15.5&#8242;(S) gloss petrol\/\" \/>\n<meta property=\"og:url\" content=\"https:\/\/bike-express.ch\/de\/produit\/exf-8069-b-suv-29x15-5s-gloss-petrol\/\" \/>\n<meta property=\"og:site_name\" content=\"Bike Express\" \/>\n<meta property=\"og:image\" content=\"https:\/\/bike-express.ch\/wp-content\/uploads\/2026\/03\/WG2205A.jpg\" \/>\n\t<meta property=\"og:image:width\" content=\"1920\" \/>\n\t<meta property=\"og:image:height\" content=\"1174\" \/>\n\t<meta property=\"og:image:type\" content=\"image\/jpeg\" \/>\n<meta name=\"twitter:card\" content=\"summary_large_image\" \/>\n<script type=\"application\/ld+json\" class=\"yoast-schema-graph\">{\"@context\":\"https:\/\/schema.org\",\"@graph\":[{\"@type\":\"WebPage\",\"@id\":\"https:\/\/bike-express.ch\/de\/produit\/exf-8069-b-suv-29x15-5s-gloss-petrol\/\",\"url\":\"https:\/\/bike-express.ch\/de\/produit\/exf-8069-b-suv-29x15-5s-gloss-petrol\/\",\"name\":\"eXF 8069 B SUV 29x15.5'(S) gloss petrol\/ - Bike Express\",\"isPartOf\":{\"@id\":\"https:\/\/bike-express.ch\/de\/#website\"},\"primaryImageOfPage\":{\"@id\":\"https:\/\/bike-express.ch\/de\/produit\/exf-8069-b-suv-29x15-5s-gloss-petrol\/#primaryimage\"},\"image\":{\"@id\":\"https:\/\/bike-express.ch\/de\/produit\/exf-8069-b-suv-29x15-5s-gloss-petrol\/#primaryimage\"},\"thumbnailUrl\":\"https:\/\/bike-express.ch\/wp-content\/uploads\/2026\/03\/WG2205A.jpg\",\"datePublished\":\"2026-03-10T14:14:47+00:00\",\"breadcrumb\":{\"@id\":\"https:\/\/bike-express.ch\/de\/produit\/exf-8069-b-suv-29x15-5s-gloss-petrol\/#breadcrumb\"},\"inLanguage\":\"de\",\"potentialAction\":[{\"@type\":\"ReadAction\",\"target\":[\"https:\/\/bike-express.ch\/de\/produit\/exf-8069-b-suv-29x15-5s-gloss-petrol\/\"]}]},{\"@type\":\"ImageObject\",\"inLanguage\":\"de\",\"@id\":\"https:\/\/bike-express.ch\/de\/produit\/exf-8069-b-suv-29x15-5s-gloss-petrol\/#primaryimage\",\"url\":\"https:\/\/bike-express.ch\/wp-content\/uploads\/2026\/03\/WG2205A.jpg\",\"contentUrl\":\"https:\/\/bike-express.ch\/wp-content\/uploads\/2026\/03\/WG2205A.jpg\",\"width\":1920,\"height\":1174},{\"@type\":\"BreadcrumbList\",\"@id\":\"https:\/\/bike-express.ch\/de\/produit\/exf-8069-b-suv-29x15-5s-gloss-petrol\/#breadcrumb\",\"itemListElement\":[{\"@type\":\"ListItem\",\"position\":1,\"name\":\"Accueil\",\"item\":\"https:\/\/bike-express.ch\/de\/\"},{\"@type\":\"ListItem\",\"position\":2,\"name\":\"Unsere Produkte\",\"item\":\"https:\/\/bike-express.ch\/de\/unsere-produkte\/\"},{\"@type\":\"ListItem\",\"position\":3,\"name\":\"eXF 8069 B SUV 29&#215;15.5&prime;(S) gloss petrol\/\"}]},{\"@type\":\"WebSite\",\"@id\":\"https:\/\/bike-express.ch\/de\/#website\",\"url\":\"https:\/\/bike-express.ch\/de\/\",\"name\":\"Bike Express\",\"description\":\"Num\u00e9ro 1 des pi\u00e8ces de v\u00e9los en Suisse\",\"potentialAction\":[{\"@type\":\"SearchAction\",\"target\":{\"@type\":\"EntryPoint\",\"urlTemplate\":\"https:\/\/bike-express.ch\/de\/?s={search_term_string}\"},\"query-input\":{\"@type\":\"PropertyValueSpecification\",\"valueRequired\":true,\"valueName\":\"search_term_string\"}}],\"inLanguage\":\"de\"}]}<\/script>\n<!-- \/ Yoast SEO plugin. -->","yoast_head_json":{"title":"eXF 8069 B SUV 29x15.5'(S) gloss petrol\/ - Bike Express","robots":{"index,follow":"index,follow"},"canonical":"https:\/\/bike-express.ch\/de\/produit\/exf-8069-b-suv-29x15-5s-gloss-petrol\/","og_locale":"de_DE","og_type":"article","og_title":"eXF 8069 B SUV 29x15.5'(S) gloss petrol\/ - Bike Express","og_description":"eXF 8069 B SUV 29&#215;15.5&#8242;(S) gloss petrol\/","og_url":"https:\/\/bike-express.ch\/de\/produit\/exf-8069-b-suv-29x15-5s-gloss-petrol\/","og_site_name":"Bike Express","og_image":[{"width":1920,"height":1174,"url":"https:\/\/bike-express.ch\/wp-content\/uploads\/2026\/03\/WG2205A.jpg","type":"image\/jpeg"}],"twitter_card":"summary_large_image","schema":{"@context":"https:\/\/schema.org","@graph":[{"@type":"WebPage","@id":"https:\/\/bike-express.ch\/de\/produit\/exf-8069-b-suv-29x15-5s-gloss-petrol\/","url":"https:\/\/bike-express.ch\/de\/produit\/exf-8069-b-suv-29x15-5s-gloss-petrol\/","name":"eXF 8069 B SUV 29x15.5'(S) gloss petrol\/ - Bike Express","isPartOf":{"@id":"https:\/\/bike-express.ch\/de\/#website"},"primaryImageOfPage":{"@id":"https:\/\/bike-express.ch\/de\/produit\/exf-8069-b-suv-29x15-5s-gloss-petrol\/#primaryimage"},"image":{"@id":"https:\/\/bike-express.ch\/de\/produit\/exf-8069-b-suv-29x15-5s-gloss-petrol\/#primaryimage"},"thumbnailUrl":"https:\/\/bike-express.ch\/wp-content\/uploads\/2026\/03\/WG2205A.jpg","datePublished":"2026-03-10T14:14:47+00:00","breadcrumb":{"@id":"https:\/\/bike-express.ch\/de\/produit\/exf-8069-b-suv-29x15-5s-gloss-petrol\/#breadcrumb"},"inLanguage":"de","potentialAction":[{"@type":"ReadAction","target":["https:\/\/bike-express.ch\/de\/produit\/exf-8069-b-suv-29x15-5s-gloss-petrol\/"]}]},{"@type":"ImageObject","inLanguage":"de","@id":"https:\/\/bike-express.ch\/de\/produit\/exf-8069-b-suv-29x15-5s-gloss-petrol\/#primaryimage","url":"https:\/\/bike-express.ch\/wp-content\/uploads\/2026\/03\/WG2205A.jpg","contentUrl":"https:\/\/bike-express.ch\/wp-content\/uploads\/2026\/03\/WG2205A.jpg","width":1920,"height":1174},{"@type":"BreadcrumbList","@id":"https:\/\/bike-express.ch\/de\/produit\/exf-8069-b-suv-29x15-5s-gloss-petrol\/#breadcrumb","itemListElement":[{"@type":"ListItem","position":1,"name":"Accueil","item":"https:\/\/bike-express.ch\/de\/"},{"@type":"ListItem","position":2,"name":"Unsere Produkte","item":"https:\/\/bike-express.ch\/de\/unsere-produkte\/"},{"@type":"ListItem","position":3,"name":"eXF 8069 B SUV 29&#215;15.5&prime;(S) gloss petrol\/"}]},{"@type":"WebSite","@id":"https:\/\/bike-express.ch\/de\/#website","url":"https:\/\/bike-express.ch\/de\/","name":"Bike Express","description":"Num\u00e9ro 1 des pi\u00e8ces de v\u00e9los en Suisse","potentialAction":[{"@type":"SearchAction","target":{"@type":"EntryPoint","urlTemplate":"https:\/\/bike-express.ch\/de\/?s={search_term_string}"},"query-input":{"@type":"PropertyValueSpecification","valueRequired":true,"valueName":"search_term_string"}}],"inLanguage":"de"}]}},"_links":{"self":[{"href":"https:\/\/bike-express.ch\/de\/wp-json\/wp\/v2\/product\/424738","targetHints":{"allow":["GET"]}}],"collection":[{"href":"https:\/\/bike-express.ch\/de\/wp-json\/wp\/v2\/product"}],"about":[{"href":"https:\/\/bike-express.ch\/de\/wp-json\/wp\/v2\/types\/product"}],"wp:featuredmedia":[{"embeddable":true,"href":"https:\/\/bike-express.ch\/de\/wp-json\/wp\/v2\/media\/424739"}],"wp:attachment":[{"href":"https:\/\/bike-express.ch\/de\/wp-json\/wp\/v2\/media?parent=424738"}],"wp:term":[{"taxonomy":"product_brand","embeddable":true,"href":"https:\/\/bike-express.ch\/de\/wp-json\/wp\/v2\/product_brand?post=424738"},{"taxonomy":"product_cat","embeddable":true,"href":"https:\/\/bike-express.ch\/de\/wp-json\/wp\/v2\/product_cat?post=424738"},{"taxonomy":"product_tag","embeddable":true,"href":"https:\/\/bike-express.ch\/de\/wp-json\/wp\/v2\/product_tag?post=424738"}],"curies":[{"name":"wp","href":"https:\/\/api.w.org\/{rel}","templated":true}]}}