{"id":424872,"date":"2026-03-10T15:15:52","date_gmt":"2026-03-10T14:15:52","guid":{"rendered":"https:\/\/bike-express.ch\/?post_type=product&#038;p=424872"},"modified":"2026-03-10T15:15:52","modified_gmt":"2026-03-10T14:15:52","slug":"exp-6-5-29x19-0l-matt-dark-chrom-bla","status":"publish","type":"product","link":"https:\/\/bike-express.ch\/de\/produit\/exp-6-5-29x19-0l-matt-dark-chrom-bla\/","title":{"rendered":"eXP 6.5  29&#215;19.0&#8242;(L) matt dark chrom\/bla"},"content":{"rendered":"<p>eXP 6.5  29&#215;19.0&#8242;(L) matt dark chrom\/bla<\/p>\n","protected":false},"excerpt":{"rendered":"<p>eXP 6.5 29&#215;19.0&#8242;(L) matt dark chrom\/bla<\/p>\n","protected":false},"featured_media":424873,"template":"","meta":[],"product_brand":[],"product_cat":[117698,11831],"product_tag":[],"class_list":{"0":"post-424872","1":"product","2":"type-product","3":"status-publish","4":"has-post-thumbnail","6":"product_cat-e-hardtail-exp","7":"product_cat-fahrrad-fahrrader-de","9":"first","10":"instock","11":"taxable","12":"shipping-taxable","13":"purchasable","14":"product-type-simple"},"yoast_head":"<!-- This site is optimized with the Yoast SEO plugin v27.1.1 - https:\/\/yoast.com\/product\/yoast-seo-wordpress\/ -->\n<title>eXP 6.5 29x19.0&#039;(L) matt dark chrom\/bla - Bike Express<\/title>\n<meta name=\"robots\" content=\"index,follow\" \/>\n<link rel=\"canonical\" href=\"https:\/\/bike-express.ch\/de\/produit\/exp-6-5-29x19-0l-matt-dark-chrom-bla\/\" \/>\n<meta property=\"og:locale\" content=\"de_DE\" \/>\n<meta property=\"og:type\" content=\"article\" \/>\n<meta property=\"og:title\" content=\"eXP 6.5 29x19.0&#039;(L) matt dark chrom\/bla - Bike Express\" \/>\n<meta property=\"og:description\" content=\"eXP 6.5 29&#215;19.0&#8242;(L) matt dark chrom\/bla\" \/>\n<meta property=\"og:url\" content=\"https:\/\/bike-express.ch\/de\/produit\/exp-6-5-29x19-0l-matt-dark-chrom-bla\/\" \/>\n<meta property=\"og:site_name\" content=\"Bike Express\" \/>\n<meta property=\"og:image\" content=\"https:\/\/bike-express.ch\/wp-content\/uploads\/2026\/03\/WG2336C.jpg\" \/>\n\t<meta property=\"og:image:width\" content=\"800\" \/>\n\t<meta property=\"og:image:height\" content=\"489\" \/>\n\t<meta property=\"og:image:type\" content=\"image\/jpeg\" \/>\n<meta name=\"twitter:card\" content=\"summary_large_image\" \/>\n<script type=\"application\/ld+json\" class=\"yoast-schema-graph\">{\"@context\":\"https:\/\/schema.org\",\"@graph\":[{\"@type\":\"WebPage\",\"@id\":\"https:\/\/bike-express.ch\/de\/produit\/exp-6-5-29x19-0l-matt-dark-chrom-bla\/\",\"url\":\"https:\/\/bike-express.ch\/de\/produit\/exp-6-5-29x19-0l-matt-dark-chrom-bla\/\",\"name\":\"eXP 6.5 29x19.0'(L) matt dark chrom\/bla - Bike Express\",\"isPartOf\":{\"@id\":\"https:\/\/bike-express.ch\/de\/#website\"},\"primaryImageOfPage\":{\"@id\":\"https:\/\/bike-express.ch\/de\/produit\/exp-6-5-29x19-0l-matt-dark-chrom-bla\/#primaryimage\"},\"image\":{\"@id\":\"https:\/\/bike-express.ch\/de\/produit\/exp-6-5-29x19-0l-matt-dark-chrom-bla\/#primaryimage\"},\"thumbnailUrl\":\"https:\/\/bike-express.ch\/wp-content\/uploads\/2026\/03\/WG2336C.jpg\",\"datePublished\":\"2026-03-10T14:15:52+00:00\",\"breadcrumb\":{\"@id\":\"https:\/\/bike-express.ch\/de\/produit\/exp-6-5-29x19-0l-matt-dark-chrom-bla\/#breadcrumb\"},\"inLanguage\":\"de\",\"potentialAction\":[{\"@type\":\"ReadAction\",\"target\":[\"https:\/\/bike-express.ch\/de\/produit\/exp-6-5-29x19-0l-matt-dark-chrom-bla\/\"]}]},{\"@type\":\"ImageObject\",\"inLanguage\":\"de\",\"@id\":\"https:\/\/bike-express.ch\/de\/produit\/exp-6-5-29x19-0l-matt-dark-chrom-bla\/#primaryimage\",\"url\":\"https:\/\/bike-express.ch\/wp-content\/uploads\/2026\/03\/WG2336C.jpg\",\"contentUrl\":\"https:\/\/bike-express.ch\/wp-content\/uploads\/2026\/03\/WG2336C.jpg\",\"width\":800,\"height\":489},{\"@type\":\"BreadcrumbList\",\"@id\":\"https:\/\/bike-express.ch\/de\/produit\/exp-6-5-29x19-0l-matt-dark-chrom-bla\/#breadcrumb\",\"itemListElement\":[{\"@type\":\"ListItem\",\"position\":1,\"name\":\"Accueil\",\"item\":\"https:\/\/bike-express.ch\/de\/\"},{\"@type\":\"ListItem\",\"position\":2,\"name\":\"Unsere Produkte\",\"item\":\"https:\/\/bike-express.ch\/de\/unsere-produkte\/\"},{\"@type\":\"ListItem\",\"position\":3,\"name\":\"eXP 6.5 29&#215;19.0&prime;(L) matt dark chrom\/bla\"}]},{\"@type\":\"WebSite\",\"@id\":\"https:\/\/bike-express.ch\/de\/#website\",\"url\":\"https:\/\/bike-express.ch\/de\/\",\"name\":\"Bike Express\",\"description\":\"Num\u00e9ro 1 des pi\u00e8ces de v\u00e9los en Suisse\",\"potentialAction\":[{\"@type\":\"SearchAction\",\"target\":{\"@type\":\"EntryPoint\",\"urlTemplate\":\"https:\/\/bike-express.ch\/de\/?s={search_term_string}\"},\"query-input\":{\"@type\":\"PropertyValueSpecification\",\"valueRequired\":true,\"valueName\":\"search_term_string\"}}],\"inLanguage\":\"de\"}]}<\/script>\n<!-- \/ Yoast SEO plugin. -->","yoast_head_json":{"title":"eXP 6.5 29x19.0'(L) matt dark chrom\/bla - Bike Express","robots":{"index,follow":"index,follow"},"canonical":"https:\/\/bike-express.ch\/de\/produit\/exp-6-5-29x19-0l-matt-dark-chrom-bla\/","og_locale":"de_DE","og_type":"article","og_title":"eXP 6.5 29x19.0'(L) matt dark chrom\/bla - Bike Express","og_description":"eXP 6.5 29&#215;19.0&#8242;(L) matt dark chrom\/bla","og_url":"https:\/\/bike-express.ch\/de\/produit\/exp-6-5-29x19-0l-matt-dark-chrom-bla\/","og_site_name":"Bike Express","og_image":[{"width":800,"height":489,"url":"https:\/\/bike-express.ch\/wp-content\/uploads\/2026\/03\/WG2336C.jpg","type":"image\/jpeg"}],"twitter_card":"summary_large_image","schema":{"@context":"https:\/\/schema.org","@graph":[{"@type":"WebPage","@id":"https:\/\/bike-express.ch\/de\/produit\/exp-6-5-29x19-0l-matt-dark-chrom-bla\/","url":"https:\/\/bike-express.ch\/de\/produit\/exp-6-5-29x19-0l-matt-dark-chrom-bla\/","name":"eXP 6.5 29x19.0'(L) matt dark chrom\/bla - Bike Express","isPartOf":{"@id":"https:\/\/bike-express.ch\/de\/#website"},"primaryImageOfPage":{"@id":"https:\/\/bike-express.ch\/de\/produit\/exp-6-5-29x19-0l-matt-dark-chrom-bla\/#primaryimage"},"image":{"@id":"https:\/\/bike-express.ch\/de\/produit\/exp-6-5-29x19-0l-matt-dark-chrom-bla\/#primaryimage"},"thumbnailUrl":"https:\/\/bike-express.ch\/wp-content\/uploads\/2026\/03\/WG2336C.jpg","datePublished":"2026-03-10T14:15:52+00:00","breadcrumb":{"@id":"https:\/\/bike-express.ch\/de\/produit\/exp-6-5-29x19-0l-matt-dark-chrom-bla\/#breadcrumb"},"inLanguage":"de","potentialAction":[{"@type":"ReadAction","target":["https:\/\/bike-express.ch\/de\/produit\/exp-6-5-29x19-0l-matt-dark-chrom-bla\/"]}]},{"@type":"ImageObject","inLanguage":"de","@id":"https:\/\/bike-express.ch\/de\/produit\/exp-6-5-29x19-0l-matt-dark-chrom-bla\/#primaryimage","url":"https:\/\/bike-express.ch\/wp-content\/uploads\/2026\/03\/WG2336C.jpg","contentUrl":"https:\/\/bike-express.ch\/wp-content\/uploads\/2026\/03\/WG2336C.jpg","width":800,"height":489},{"@type":"BreadcrumbList","@id":"https:\/\/bike-express.ch\/de\/produit\/exp-6-5-29x19-0l-matt-dark-chrom-bla\/#breadcrumb","itemListElement":[{"@type":"ListItem","position":1,"name":"Accueil","item":"https:\/\/bike-express.ch\/de\/"},{"@type":"ListItem","position":2,"name":"Unsere Produkte","item":"https:\/\/bike-express.ch\/de\/unsere-produkte\/"},{"@type":"ListItem","position":3,"name":"eXP 6.5 29&#215;19.0&prime;(L) matt dark chrom\/bla"}]},{"@type":"WebSite","@id":"https:\/\/bike-express.ch\/de\/#website","url":"https:\/\/bike-express.ch\/de\/","name":"Bike Express","description":"Num\u00e9ro 1 des pi\u00e8ces de v\u00e9los en Suisse","potentialAction":[{"@type":"SearchAction","target":{"@type":"EntryPoint","urlTemplate":"https:\/\/bike-express.ch\/de\/?s={search_term_string}"},"query-input":{"@type":"PropertyValueSpecification","valueRequired":true,"valueName":"search_term_string"}}],"inLanguage":"de"}]}},"_links":{"self":[{"href":"https:\/\/bike-express.ch\/de\/wp-json\/wp\/v2\/product\/424872","targetHints":{"allow":["GET"]}}],"collection":[{"href":"https:\/\/bike-express.ch\/de\/wp-json\/wp\/v2\/product"}],"about":[{"href":"https:\/\/bike-express.ch\/de\/wp-json\/wp\/v2\/types\/product"}],"wp:featuredmedia":[{"embeddable":true,"href":"https:\/\/bike-express.ch\/de\/wp-json\/wp\/v2\/media\/424873"}],"wp:attachment":[{"href":"https:\/\/bike-express.ch\/de\/wp-json\/wp\/v2\/media?parent=424872"}],"wp:term":[{"taxonomy":"product_brand","embeddable":true,"href":"https:\/\/bike-express.ch\/de\/wp-json\/wp\/v2\/product_brand?post=424872"},{"taxonomy":"product_cat","embeddable":true,"href":"https:\/\/bike-express.ch\/de\/wp-json\/wp\/v2\/product_cat?post=424872"},{"taxonomy":"product_tag","embeddable":true,"href":"https:\/\/bike-express.ch\/de\/wp-json\/wp\/v2\/product_tag?post=424872"}],"curies":[{"name":"wp","href":"https:\/\/api.w.org\/{rel}","templated":true}]}}